{"id":152400,"date":"2026-03-02T15:54:20","date_gmt":"2026-03-02T08:54:20","guid":{"rendered":"http:\/\/tourcruiser.com\/product\/up-there-x-new-balance-991v2-miuk"},"modified":"2026-03-14T18:08:32","modified_gmt":"2026-03-14T11:08:32","slug":"up-there-x-new-balance-991v2-miuk","status":"publish","type":"product","link":"https:\/\/tourcruiser.com\/fr\/products\/up-there-x-new-balance-991v2-miuk\/","title":{"rendered":"Up There x New Balance 991v2 MiUK"},"content":{"rendered":"<p>D\u00e9couvrez un savoir-faire in\u00e9gal\u00e9 et un style intemporel avec la Up There x New Balance 991v2 MiUK U991UT2, une collaboration haut de gamme qui allie design traditionnel et innovation moderne. Fabriqu\u00e9e \u00e0 la main au Royaume-Uni, cette sneaker iconique combine un confort exceptionnel \u00e0 des mat\u00e9riaux premium comme le daim de haute qualit\u00e9 et le mesh respirant, pour une sensation de luxe et une allure sophistiqu\u00e9e. Gr\u00e2ce \u00e0 la technologie d&rsquo;amorti ABZORB exclusive de New Balance, elle offre un maintien et une absorption des chocs exceptionnels pour un confort optimal tout au long de la journ\u00e9e. Sa palette de couleurs neutres, rehauss\u00e9e de subtils d\u00e9tails ton sur ton, assure une grande polyvalence, ce qui en fait le choix id\u00e9al pour des looks aussi bien d\u00e9contract\u00e9s qu&rsquo;\u00e9l\u00e9gants. Alliant durabilit\u00e9, fonctionnalit\u00e9 et design sophistiqu\u00e9, la Up There x New Balance 991v2 MiUK U991UT2 est un incontournable pour les passionn\u00e9s de style et les fans de sneakers du monde entier. Coloris : Noir\/Gris. Code article : U991UT2. Couleur : Noir. Ann\u00e9e de sortie : 2025.<\/p>\n","protected":false},"excerpt":{"rendered":"<p>New Balance 991v2 \u201d\u201d Black\/Grey<\/p>\n","protected":false},"featured_media":152401,"comment_status":"open","ping_status":"closed","template":"","meta":[],"product_brand":[],"product_cat":[10771],"product_tag":[11029,10754,10765,10766,10768],"class_list":{"0":"post-152400","1":"product","2":"type-product","3":"status-publish","4":"has-post-thumbnail","6":"product_cat-new-balance","7":"product_tag-athleisure-casual-shoes","8":"product_tag-lifestyle-casual-shoes","9":"product_tag-lifestyle-shoes-running-inspired","10":"product_tag-new-balance","11":"product_tag-retro-running-shoes","12":"wcpa_has_options","14":"first","15":"instock","16":"taxable","17":"shipping-taxable","18":"purchasable","19":"product-type-simple"},"wcpa_form_fields":{"rules":{"pric_overide_base_price":false,"pric_overide_base_price_if_gt_zero":false,"pric_overide_base_price_fully":false,"pric_cal_option_once":false,"pric_use_as_fee":false,"bind_quantity":false,"quantity_bind_formula":false},"fields":[{"type":"color-group","required":true,"elementId":"wcpa-color-group-66c4a928225d2","label":"Taille","inline":true,"priceOptions":"different_for_all","pricingType":"fixed","className":"hassizechart product-shoes-size-eu product-shoes-size","name":"color-group-66c4a928225e2","disp_type":"square","selection_type":"tick-border","disp_size":"50","show_label_inside":true,"adjust_width":true,"cart_display_type":"text","other_text":"Other","cl_rule":"show","col":6,"values":[{"label":"35","value":"EU 35","price":"","pimage":"","pimage_id":"","pthumb":"","color":""},{"label":"36","value":"EU 36","price":"","pimage":"","pimage_id":"","pthumb":"","color":"","selected":true},{"label":"37","value":"EU 37","price":"","pimage":"","pimage_id":"","pthumb":"","color":""},{"label":"37.5","value":"EU 37.5","price":"","pimage":"","pimage_id":"","pthumb":"","color":""},{"label":"38","value":"EU 38","price":"","pimage":"","pimage_id":"","pthumb":"","color":""},{"label":"38.5","value":"EU 38.5","price":"","pimage":"","pimage_id":"","pthumb":"","color":""},{"label":"39","value":"EU 39","price":"","pimage":"","pimage_id":"","pthumb":"","color":""},{"label":"39.5","value":"EU 39.5","price":"","pimage":"","pimage_id":"","pthumb":"","color":""},{"label":"40","value":"EU 40","price":"","pimage":"","pimage_id":"","pthumb":"","color":""},{"label":"40.5","value":"EU 40.5","price":"","pimage":"","pimage_id":"","pthumb":"","color":""},{"label":" 41.5","value":"EU 41.5","price":"","pimage":"","pimage_id":"","pthumb":"","color":""},{"label":"42","value":"EU 42","price":"","pimage":"","pimage_id":"","pthumb":"","color":""},{"label":"42.5","value":"EU 42.5","price":"","pimage":"","pimage_id":"","pthumb":"","color":""},{"label":"43","value":"EU 43","price":"","pimage":"","pimage_id":"","pthumb":"","color":""},{"label":"44","value":"EU 44","price":"","pimage":"","pimage_id":"","pthumb":"","color":""},{"label":"44.5","value":"EU 44.5","price":"","pimage":"","pimage_id":"","pthumb":"","color":""},{"label":"45","value":"EU 45","price":"","pimage":"","pimage_id":"","pthumb":"","color":""},{"label":"45.5","value":"EU 45.5","price":"","pimage":"","pimage_id":"","pthumb":"","color":""},{"label":"46","value":"EU 46","price":"","pimage":"","pimage_id":"","pthumb":"","color":""}],"relations":[{"operator":false,"rules":[]}],"form_id":24803,"form_rules":{"pric_cal_option_once":false,"exclude_from_discount":false,"pric_use_as_fee":false,"fee_label":"Fee","render_after_acb":false,"disp_hide_options_price":false}}]},"yoast_head":"<!-- This site is optimized with the Yoast SEO plugin v26.5 - https:\/\/yoast.com\/wordpress\/plugins\/seo\/ -->\n<title>Up There x New Balance 991v2 MiUK - TOURCRUISER PTE. LTD<\/title>\n<meta name=\"robots\" content=\"index, follow, max-snippet:-1, max-image-preview:large, max-video-preview:-1\" \/>\n<link rel=\"canonical\" href=\"https:\/\/tourcruiser.com\/\" \/>\n<meta property=\"og:locale\" content=\"fr_FR\" \/>\n<meta property=\"og:type\" content=\"article\" \/>\n<meta property=\"og:title\" content=\"Up There x New Balance 991v2 MiUK - TOURCRUISER PTE. LTD\" \/>\n<meta property=\"og:description\" content=\"New Balance 991v2 \u201d\u201d Black\/Grey\" \/>\n<meta property=\"og:url\" content=\"\/\" \/>\n<meta property=\"og:site_name\" content=\"Tourcruiser Sneaker Store\" \/>\n<meta property=\"article:modified_time\" content=\"2026-03-14T11:08:32+00:00\" \/>\n<meta name=\"twitter:card\" content=\"summary_large_image\" \/>\n<meta name=\"twitter:image\" content=\"https:\/\/images.novelship.com\/product\/up_there_x_new_balance_991v2_miuk_u991ut2_0_73588.jpeg\" \/>\n<meta name=\"twitter:label1\" content=\"Dur\u00e9e de lecture estim\u00e9e\" \/>\n\t<meta name=\"twitter:data1\" content=\"1 minute\" \/>\n<script type=\"application\/ld+json\" class=\"yoast-schema-graph\">{\"@context\":\"https:\/\/schema.org\",\"@graph\":[{\"@type\":\"WebPage\",\"@id\":\"\/\",\"url\":\"https:\/\/tourcruiser.com\/\",\"name\":\"Up There x New Balance 991v2 MiUK - TOURCRUISER PTE. LTD\",\"isPartOf\":{\"@id\":\"https:\/\/tourcruiser.com\/fr\/#website\"},\"primaryImageOfPage\":{\"@id\":\"https:\/\/tourcruiser.com\/#primaryimage\"},\"image\":{\"@id\":\"https:\/\/tourcruiser.com\/#primaryimage\"},\"thumbnailUrl\":\"https:\/\/images.novelship.com\/product\/up_there_x_new_balance_991v2_miuk_u991ut2_0_73588.jpeg\",\"datePublished\":\"2026-03-02T08:54:20+00:00\",\"dateModified\":\"2026-03-14T11:08:32+00:00\",\"breadcrumb\":{\"@id\":\"https:\/\/tourcruiser.com\/#breadcrumb\"},\"inLanguage\":\"fr-FR\",\"potentialAction\":[{\"@type\":\"ReadAction\",\"target\":[\"https:\/\/tourcruiser.com\/\"]}]},{\"@type\":\"ImageObject\",\"inLanguage\":\"fr-FR\",\"@id\":\"https:\/\/tourcruiser.com\/#primaryimage\",\"url\":\"https:\/\/images.novelship.com\/product\/up_there_x_new_balance_991v2_miuk_u991ut2_0_73588.jpeg\",\"contentUrl\":\"https:\/\/images.novelship.com\/product\/up_there_x_new_balance_991v2_miuk_u991ut2_0_73588.jpeg\"},{\"@type\":\"BreadcrumbList\",\"@id\":\"https:\/\/tourcruiser.com\/#breadcrumb\",\"itemListElement\":[{\"@type\":\"ListItem\",\"position\":1,\"name\":\"Home\",\"item\":\"https:\/\/tourcruiser.com\/fr\/\"},{\"@type\":\"ListItem\",\"position\":2,\"name\":\"Shop\",\"item\":\"https:\/\/tourcruiser.com\/fr\/shop\/\"},{\"@type\":\"ListItem\",\"position\":3,\"name\":\"Up There x New Balance 991v2 MiUK\"}]},{\"@type\":\"WebSite\",\"@id\":\"https:\/\/tourcruiser.com\/fr\/#website\",\"url\":\"https:\/\/tourcruiser.com\/fr\/\",\"name\":\"Styloral Jewelry Shop\",\"description\":\"Tourcruiser Sneaker Store \u2014 L\u2019endroit o\u00f9 l\u2019univers rencontre votre singularit\u00e9.\",\"publisher\":{\"@id\":\"https:\/\/tourcruiser.com\/fr\/#organization\"},\"potentialAction\":[{\"@type\":\"SearchAction\",\"target\":{\"@type\":\"EntryPoint\",\"urlTemplate\":\"https:\/\/tourcruiser.com\/fr\/?s={search_term_string}\"},\"query-input\":{\"@type\":\"PropertyValueSpecification\",\"valueRequired\":true,\"valueName\":\"search_term_string\"}}],\"inLanguage\":\"fr-FR\"},{\"@type\":\"Organization\",\"@id\":\"https:\/\/tourcruiser.com\/fr\/#organization\",\"name\":\"STYLORAL PTE. LTD\",\"url\":\"https:\/\/tourcruiser.com\/fr\/\",\"logo\":{\"@type\":\"ImageObject\",\"inLanguage\":\"fr-FR\",\"@id\":\"https:\/\/tourcruiser.com\/fr\/#\/schema\/logo\/image\/\",\"url\":\"https:\/\/www.tourcruiser.com\/wp-content\/uploads\/2025\/12\/logo.png\",\"contentUrl\":\"https:\/\/www.tourcruiser.com\/wp-content\/uploads\/2025\/12\/logo.png\",\"width\":200,\"height\":65,\"caption\":\"STYLORAL PTE. LTD\"},\"image\":{\"@id\":\"https:\/\/tourcruiser.com\/fr\/#\/schema\/logo\/image\/\"}}]}<\/script>\n<!-- \/ Yoast SEO plugin. -->","yoast_head_json":{"title":"Up There x New Balance 991v2 MiUK - TOURCRUISER PTE. LTD","robots":{"index":"index","follow":"follow","max-snippet":"max-snippet:-1","max-image-preview":"max-image-preview:large","max-video-preview":"max-video-preview:-1"},"canonical":"https:\/\/tourcruiser.com\/","og_locale":"fr_FR","og_type":"article","og_title":"Up There x New Balance 991v2 MiUK - TOURCRUISER PTE. LTD","og_description":"New Balance 991v2 \u201d\u201d Black\/Grey","og_url":"\/","og_site_name":"Tourcruiser Sneaker Store","article_modified_time":"2026-03-14T11:08:32+00:00","twitter_card":"summary_large_image","twitter_image":"https:\/\/images.novelship.com\/product\/up_there_x_new_balance_991v2_miuk_u991ut2_0_73588.jpeg","twitter_misc":{"Dur\u00e9e de lecture estim\u00e9e":"1 minute"},"schema":{"@context":"https:\/\/schema.org","@graph":[{"@type":"WebPage","@id":"\/","url":"https:\/\/tourcruiser.com\/","name":"Up There x New Balance 991v2 MiUK - TOURCRUISER PTE. LTD","isPartOf":{"@id":"https:\/\/tourcruiser.com\/fr\/#website"},"primaryImageOfPage":{"@id":"https:\/\/tourcruiser.com\/#primaryimage"},"image":{"@id":"https:\/\/tourcruiser.com\/#primaryimage"},"thumbnailUrl":"https:\/\/images.novelship.com\/product\/up_there_x_new_balance_991v2_miuk_u991ut2_0_73588.jpeg","datePublished":"2026-03-02T08:54:20+00:00","dateModified":"2026-03-14T11:08:32+00:00","breadcrumb":{"@id":"https:\/\/tourcruiser.com\/#breadcrumb"},"inLanguage":"fr-FR","potentialAction":[{"@type":"ReadAction","target":["https:\/\/tourcruiser.com\/"]}]},{"@type":"ImageObject","inLanguage":"fr-FR","@id":"https:\/\/tourcruiser.com\/#primaryimage","url":"https:\/\/images.novelship.com\/product\/up_there_x_new_balance_991v2_miuk_u991ut2_0_73588.jpeg","contentUrl":"https:\/\/images.novelship.com\/product\/up_there_x_new_balance_991v2_miuk_u991ut2_0_73588.jpeg"},{"@type":"BreadcrumbList","@id":"https:\/\/tourcruiser.com\/#breadcrumb","itemListElement":[{"@type":"ListItem","position":1,"name":"Home","item":"https:\/\/tourcruiser.com\/fr\/"},{"@type":"ListItem","position":2,"name":"Shop","item":"https:\/\/tourcruiser.com\/fr\/shop\/"},{"@type":"ListItem","position":3,"name":"Up There x New Balance 991v2 MiUK"}]},{"@type":"WebSite","@id":"https:\/\/tourcruiser.com\/fr\/#website","url":"https:\/\/tourcruiser.com\/fr\/","name":"Styloral Jewelry Shop","description":"Tourcruiser Sneaker Store \u2014 L\u2019endroit o\u00f9 l\u2019univers rencontre votre singularit\u00e9.","publisher":{"@id":"https:\/\/tourcruiser.com\/fr\/#organization"},"potentialAction":[{"@type":"SearchAction","target":{"@type":"EntryPoint","urlTemplate":"https:\/\/tourcruiser.com\/fr\/?s={search_term_string}"},"query-input":{"@type":"PropertyValueSpecification","valueRequired":true,"valueName":"search_term_string"}}],"inLanguage":"fr-FR"},{"@type":"Organization","@id":"https:\/\/tourcruiser.com\/fr\/#organization","name":"STYLORAL PTE. LTD","url":"https:\/\/tourcruiser.com\/fr\/","logo":{"@type":"ImageObject","inLanguage":"fr-FR","@id":"https:\/\/tourcruiser.com\/fr\/#\/schema\/logo\/image\/","url":"https:\/\/www.tourcruiser.com\/wp-content\/uploads\/2025\/12\/logo.png","contentUrl":"https:\/\/www.tourcruiser.com\/wp-content\/uploads\/2025\/12\/logo.png","width":200,"height":65,"caption":"STYLORAL PTE. LTD"},"image":{"@id":"https:\/\/tourcruiser.com\/fr\/#\/schema\/logo\/image\/"}}]}},"_links":{"self":[{"href":"https:\/\/tourcruiser.com\/fr\/wp-json\/wp\/v2\/product\/152400","targetHints":{"allow":["GET"]}}],"collection":[{"href":"https:\/\/tourcruiser.com\/fr\/wp-json\/wp\/v2\/product"}],"about":[{"href":"https:\/\/tourcruiser.com\/fr\/wp-json\/wp\/v2\/types\/product"}],"replies":[{"embeddable":true,"href":"https:\/\/tourcruiser.com\/fr\/wp-json\/wp\/v2\/comments?post=152400"}],"wp:featuredmedia":[{"embeddable":true,"href":"https:\/\/tourcruiser.com\/fr\/wp-json\/wp\/v2\/media\/152401"}],"wp:attachment":[{"href":"https:\/\/tourcruiser.com\/fr\/wp-json\/wp\/v2\/media?parent=152400"}],"wp:term":[{"taxonomy":"product_brand","embeddable":true,"href":"https:\/\/tourcruiser.com\/fr\/wp-json\/wp\/v2\/product_brand?post=152400"},{"taxonomy":"product_cat","embeddable":true,"href":"https:\/\/tourcruiser.com\/fr\/wp-json\/wp\/v2\/product_cat?post=152400"},{"taxonomy":"product_tag","embeddable":true,"href":"https:\/\/tourcruiser.com\/fr\/wp-json\/wp\/v2\/product_tag?post=152400"}],"curies":[{"name":"wp","href":"https:\/\/api.w.org\/{rel}","templated":true}]}}