{"id":152293,"date":"2026-03-02T15:54:06","date_gmt":"2026-03-02T08:54:06","guid":{"rendered":"http:\/\/tourcruiser.com\/product\/tokyo-design-studio-x-new-balance-fresh-foam-x-trail-more-v3-phantom"},"modified":"2026-03-14T19:19:56","modified_gmt":"2026-03-14T12:19:56","slug":"tokyo-design-studio-x-new-balance-fresh-foam-x-trail-more-v3-phantom","status":"publish","type":"product","link":"https:\/\/tourcruiser.com\/fr\/products\/tokyo-design-studio-x-new-balance-fresh-foam-x-trail-more-v3-phantom\/","title":{"rendered":"Tokyo Design Studio x New Balance Fresh Foam X Trail More v3 &lsquo;Phantom&rsquo;"},"content":{"rendered":"<p>La Tokyo Design Studio x New Balance Fresh Foam X Trail More v3 Phantom est la sneaker id\u00e9ale pour celles et ceux qui privil\u00e9gient style et fonctionnalit\u00e9. Con\u00e7ue en collaboration avec Tokyo Design Studio, cette sneaker offre un confort et un maintien exceptionnels gr\u00e2ce \u00e0 la technologie Fresh Foam de New Balance. Avec son design \u00e9l\u00e9gant et moderne, le coloris Phantom apporte une touche de sophistication \u00e0 toutes vos tenues. Que ce soit sur les sentiers ou en vir\u00e9e shopping, cette sneaker est un incontournable pour tous les passionn\u00e9s. <\/p>\n<p>Couleur\u00a0: Phantom\/Noir<\/p>\n<p>Code article\u00a0: MTMORNBK<\/p>\n<p>Tige\u00a0: Mesh<\/p>\n<p>Semelle interm\u00e9diaire\u00a0: Fresh Foam X<\/p>\n<p>Couleur\u00a0: Noir<br \/>\nSaison\u00a0: Printemps<\/p>\n<p>Ann\u00e9e de sortie\u00a0: 2023<\/p>\n","protected":false},"excerpt":{"rendered":"<p>New Balance Fresh Foam X Trail More v3 \u201d\u201d Phantom\/Black<\/p>\n","protected":false},"featured_media":152294,"comment_status":"open","ping_status":"closed","template":"","meta":[],"product_brand":[],"product_cat":[10771],"product_tag":[10753,10766,10767,10839,10802,11006,10785,10786,10758],"class_list":{"0":"post-152293","1":"product","2":"type-product","3":"status-publish","4":"has-post-thumbnail","6":"product_cat-new-balance","7":"product_tag-gift-for-him","8":"product_tag-new-balance","9":"product_tag-new-balance-running-shoes","10":"product_tag-performance-running-shoes","11":"product_tag-performance-sport-shoes","12":"product_tag-trail-running-shoes","13":"product_tag-trending-deals","14":"product_tag-trending-deals-under-150","15":"product_tag-under-retail","16":"wcpa_has_options","18":"first","19":"instock","20":"sale","21":"taxable","22":"shipping-taxable","23":"purchasable","24":"product-type-simple"},"wcpa_form_fields":{"rules":{"pric_overide_base_price":false,"pric_overide_base_price_if_gt_zero":false,"pric_overide_base_price_fully":false,"pric_cal_option_once":false,"pric_use_as_fee":false,"bind_quantity":false,"quantity_bind_formula":false},"fields":[{"type":"color-group","required":true,"elementId":"wcpa-color-group-66c4a928225d2","label":"Taille","inline":true,"priceOptions":"different_for_all","pricingType":"fixed","className":"hassizechart product-shoes-size-eu product-shoes-size","name":"color-group-66c4a928225e2","disp_type":"square","selection_type":"tick-border","disp_size":"50","show_label_inside":true,"adjust_width":true,"cart_display_type":"text","other_text":"Other","cl_rule":"show","col":6,"values":[{"label":"35","value":"EU 35","price":"","pimage":"","pimage_id":"","pthumb":"","color":""},{"label":"36","value":"EU 36","price":"","pimage":"","pimage_id":"","pthumb":"","color":"","selected":true},{"label":"37","value":"EU 37","price":"","pimage":"","pimage_id":"","pthumb":"","color":""},{"label":"37.5","value":"EU 37.5","price":"","pimage":"","pimage_id":"","pthumb":"","color":""},{"label":"38","value":"EU 38","price":"","pimage":"","pimage_id":"","pthumb":"","color":""},{"label":"38.5","value":"EU 38.5","price":"","pimage":"","pimage_id":"","pthumb":"","color":""},{"label":"39","value":"EU 39","price":"","pimage":"","pimage_id":"","pthumb":"","color":""},{"label":"39.5","value":"EU 39.5","price":"","pimage":"","pimage_id":"","pthumb":"","color":""},{"label":"40","value":"EU 40","price":"","pimage":"","pimage_id":"","pthumb":"","color":""},{"label":"40.5","value":"EU 40.5","price":"","pimage":"","pimage_id":"","pthumb":"","color":""},{"label":" 41.5","value":"EU 41.5","price":"","pimage":"","pimage_id":"","pthumb":"","color":""},{"label":"42","value":"EU 42","price":"","pimage":"","pimage_id":"","pthumb":"","color":""},{"label":"42.5","value":"EU 42.5","price":"","pimage":"","pimage_id":"","pthumb":"","color":""},{"label":"43","value":"EU 43","price":"","pimage":"","pimage_id":"","pthumb":"","color":""},{"label":"44","value":"EU 44","price":"","pimage":"","pimage_id":"","pthumb":"","color":""},{"label":"44.5","value":"EU 44.5","price":"","pimage":"","pimage_id":"","pthumb":"","color":""},{"label":"45","value":"EU 45","price":"","pimage":"","pimage_id":"","pthumb":"","color":""},{"label":"45.5","value":"EU 45.5","price":"","pimage":"","pimage_id":"","pthumb":"","color":""},{"label":"46","value":"EU 46","price":"","pimage":"","pimage_id":"","pthumb":"","color":""}],"relations":[{"operator":false,"rules":[]}],"form_id":24803,"form_rules":{"pric_cal_option_once":false,"exclude_from_discount":false,"pric_use_as_fee":false,"fee_label":"Fee","render_after_acb":false,"disp_hide_options_price":false}}]},"yoast_head":"<!-- This site is optimized with the Yoast SEO plugin v26.5 - https:\/\/yoast.com\/wordpress\/plugins\/seo\/ -->\n<title>Tokyo Design Studio x New Balance Fresh Foam X Trail More v3 &#039;Phantom&#039; - TOURCRUISER PTE. LTD<\/title>\n<meta name=\"robots\" content=\"index, follow, max-snippet:-1, max-image-preview:large, max-video-preview:-1\" \/>\n<link rel=\"canonical\" href=\"https:\/\/tourcruiser.com\/fr\/products\/tokyo-design-studio-x-new-balance-fresh-foam-x-trail-more-v3-phantom\/\" \/>\n<meta property=\"og:locale\" content=\"fr_FR\" \/>\n<meta property=\"og:type\" content=\"article\" \/>\n<meta property=\"og:title\" content=\"Tokyo Design Studio x New Balance Fresh Foam X Trail More v3 &#039;Phantom&#039; - TOURCRUISER PTE. LTD\" \/>\n<meta property=\"og:description\" content=\"New Balance Fresh Foam X Trail More v3 \u201d\u201d Phantom\/Black\" \/>\n<meta property=\"og:url\" content=\"https:\/\/tourcruiser.com\/fr\/products\/tokyo-design-studio-x-new-balance-fresh-foam-x-trail-more-v3-phantom\/\" \/>\n<meta property=\"og:site_name\" content=\"Tourcruiser Sneaker Store\" \/>\n<meta property=\"article:modified_time\" content=\"2026-03-14T12:19:56+00:00\" \/>\n<meta name=\"twitter:card\" content=\"summary_large_image\" \/>\n<meta name=\"twitter:image\" content=\"https:\/\/images.novelship.com\/product\/tokyo_design_studio_x_new_balance_fresh_foam_x_tra_0_92308.jpeg\" \/>\n<meta name=\"twitter:label1\" content=\"Dur\u00e9e de lecture estim\u00e9e\" \/>\n\t<meta name=\"twitter:data1\" content=\"1 minute\" \/>\n<script type=\"application\/ld+json\" class=\"yoast-schema-graph\">{\"@context\":\"https:\/\/schema.org\",\"@graph\":[{\"@type\":\"WebPage\",\"@id\":\"https:\/\/tourcruiser.com\/fr\/products\/tokyo-design-studio-x-new-balance-fresh-foam-x-trail-more-v3-phantom\/\",\"url\":\"https:\/\/tourcruiser.com\/fr\/products\/tokyo-design-studio-x-new-balance-fresh-foam-x-trail-more-v3-phantom\/\",\"name\":\"Tokyo Design Studio x New Balance Fresh Foam X Trail More v3 'Phantom' - TOURCRUISER PTE. LTD\",\"isPartOf\":{\"@id\":\"https:\/\/tourcruiser.com\/fr\/#website\"},\"primaryImageOfPage\":{\"@id\":\"https:\/\/tourcruiser.com\/fr\/products\/tokyo-design-studio-x-new-balance-fresh-foam-x-trail-more-v3-phantom\/#primaryimage\"},\"image\":{\"@id\":\"https:\/\/tourcruiser.com\/fr\/products\/tokyo-design-studio-x-new-balance-fresh-foam-x-trail-more-v3-phantom\/#primaryimage\"},\"thumbnailUrl\":\"https:\/\/images.novelship.com\/product\/tokyo_design_studio_x_new_balance_fresh_foam_x_tra_0_92308.jpeg\",\"datePublished\":\"2026-03-02T08:54:06+00:00\",\"dateModified\":\"2026-03-14T12:19:56+00:00\",\"breadcrumb\":{\"@id\":\"https:\/\/tourcruiser.com\/fr\/products\/tokyo-design-studio-x-new-balance-fresh-foam-x-trail-more-v3-phantom\/#breadcrumb\"},\"inLanguage\":\"fr-FR\",\"potentialAction\":[{\"@type\":\"ReadAction\",\"target\":[\"https:\/\/tourcruiser.com\/fr\/products\/tokyo-design-studio-x-new-balance-fresh-foam-x-trail-more-v3-phantom\/\"]}]},{\"@type\":\"ImageObject\",\"inLanguage\":\"fr-FR\",\"@id\":\"https:\/\/tourcruiser.com\/fr\/products\/tokyo-design-studio-x-new-balance-fresh-foam-x-trail-more-v3-phantom\/#primaryimage\",\"url\":\"https:\/\/images.novelship.com\/product\/tokyo_design_studio_x_new_balance_fresh_foam_x_tra_0_92308.jpeg\",\"contentUrl\":\"https:\/\/images.novelship.com\/product\/tokyo_design_studio_x_new_balance_fresh_foam_x_tra_0_92308.jpeg\"},{\"@type\":\"BreadcrumbList\",\"@id\":\"https:\/\/tourcruiser.com\/fr\/products\/tokyo-design-studio-x-new-balance-fresh-foam-x-trail-more-v3-phantom\/#breadcrumb\",\"itemListElement\":[{\"@type\":\"ListItem\",\"position\":1,\"name\":\"Home\",\"item\":\"https:\/\/tourcruiser.com\/fr\/\"},{\"@type\":\"ListItem\",\"position\":2,\"name\":\"Shop\",\"item\":\"https:\/\/tourcruiser.com\/fr\/shop\/\"},{\"@type\":\"ListItem\",\"position\":3,\"name\":\"Tokyo Design Studio x New Balance Fresh Foam X Trail More v3 'Phantom'\"}]},{\"@type\":\"WebSite\",\"@id\":\"https:\/\/tourcruiser.com\/fr\/#website\",\"url\":\"https:\/\/tourcruiser.com\/fr\/\",\"name\":\"Styloral Jewelry Shop\",\"description\":\"Tourcruiser Sneaker Store \u2014 L\u2019endroit o\u00f9 l\u2019univers rencontre votre singularit\u00e9.\",\"publisher\":{\"@id\":\"https:\/\/tourcruiser.com\/fr\/#organization\"},\"potentialAction\":[{\"@type\":\"SearchAction\",\"target\":{\"@type\":\"EntryPoint\",\"urlTemplate\":\"https:\/\/tourcruiser.com\/fr\/?s={search_term_string}\"},\"query-input\":{\"@type\":\"PropertyValueSpecification\",\"valueRequired\":true,\"valueName\":\"search_term_string\"}}],\"inLanguage\":\"fr-FR\"},{\"@type\":\"Organization\",\"@id\":\"https:\/\/tourcruiser.com\/fr\/#organization\",\"name\":\"STYLORAL PTE. LTD\",\"url\":\"https:\/\/tourcruiser.com\/fr\/\",\"logo\":{\"@type\":\"ImageObject\",\"inLanguage\":\"fr-FR\",\"@id\":\"https:\/\/tourcruiser.com\/fr\/#\/schema\/logo\/image\/\",\"url\":\"https:\/\/www.tourcruiser.com\/wp-content\/uploads\/2025\/12\/logo.png\",\"contentUrl\":\"https:\/\/www.tourcruiser.com\/wp-content\/uploads\/2025\/12\/logo.png\",\"width\":200,\"height\":65,\"caption\":\"STYLORAL PTE. LTD\"},\"image\":{\"@id\":\"https:\/\/tourcruiser.com\/fr\/#\/schema\/logo\/image\/\"}}]}<\/script>\n<!-- \/ Yoast SEO plugin. -->","yoast_head_json":{"title":"Tokyo Design Studio x New Balance Fresh Foam X Trail More v3 'Phantom' - TOURCRUISER PTE. LTD","robots":{"index":"index","follow":"follow","max-snippet":"max-snippet:-1","max-image-preview":"max-image-preview:large","max-video-preview":"max-video-preview:-1"},"canonical":"https:\/\/tourcruiser.com\/fr\/products\/tokyo-design-studio-x-new-balance-fresh-foam-x-trail-more-v3-phantom\/","og_locale":"fr_FR","og_type":"article","og_title":"Tokyo Design Studio x New Balance Fresh Foam X Trail More v3 'Phantom' - TOURCRUISER PTE. LTD","og_description":"New Balance Fresh Foam X Trail More v3 \u201d\u201d Phantom\/Black","og_url":"https:\/\/tourcruiser.com\/fr\/products\/tokyo-design-studio-x-new-balance-fresh-foam-x-trail-more-v3-phantom\/","og_site_name":"Tourcruiser Sneaker Store","article_modified_time":"2026-03-14T12:19:56+00:00","twitter_card":"summary_large_image","twitter_image":"https:\/\/images.novelship.com\/product\/tokyo_design_studio_x_new_balance_fresh_foam_x_tra_0_92308.jpeg","twitter_misc":{"Dur\u00e9e de lecture estim\u00e9e":"1 minute"},"schema":{"@context":"https:\/\/schema.org","@graph":[{"@type":"WebPage","@id":"https:\/\/tourcruiser.com\/fr\/products\/tokyo-design-studio-x-new-balance-fresh-foam-x-trail-more-v3-phantom\/","url":"https:\/\/tourcruiser.com\/fr\/products\/tokyo-design-studio-x-new-balance-fresh-foam-x-trail-more-v3-phantom\/","name":"Tokyo Design Studio x New Balance Fresh Foam X Trail More v3 'Phantom' - TOURCRUISER PTE. LTD","isPartOf":{"@id":"https:\/\/tourcruiser.com\/fr\/#website"},"primaryImageOfPage":{"@id":"https:\/\/tourcruiser.com\/fr\/products\/tokyo-design-studio-x-new-balance-fresh-foam-x-trail-more-v3-phantom\/#primaryimage"},"image":{"@id":"https:\/\/tourcruiser.com\/fr\/products\/tokyo-design-studio-x-new-balance-fresh-foam-x-trail-more-v3-phantom\/#primaryimage"},"thumbnailUrl":"https:\/\/images.novelship.com\/product\/tokyo_design_studio_x_new_balance_fresh_foam_x_tra_0_92308.jpeg","datePublished":"2026-03-02T08:54:06+00:00","dateModified":"2026-03-14T12:19:56+00:00","breadcrumb":{"@id":"https:\/\/tourcruiser.com\/fr\/products\/tokyo-design-studio-x-new-balance-fresh-foam-x-trail-more-v3-phantom\/#breadcrumb"},"inLanguage":"fr-FR","potentialAction":[{"@type":"ReadAction","target":["https:\/\/tourcruiser.com\/fr\/products\/tokyo-design-studio-x-new-balance-fresh-foam-x-trail-more-v3-phantom\/"]}]},{"@type":"ImageObject","inLanguage":"fr-FR","@id":"https:\/\/tourcruiser.com\/fr\/products\/tokyo-design-studio-x-new-balance-fresh-foam-x-trail-more-v3-phantom\/#primaryimage","url":"https:\/\/images.novelship.com\/product\/tokyo_design_studio_x_new_balance_fresh_foam_x_tra_0_92308.jpeg","contentUrl":"https:\/\/images.novelship.com\/product\/tokyo_design_studio_x_new_balance_fresh_foam_x_tra_0_92308.jpeg"},{"@type":"BreadcrumbList","@id":"https:\/\/tourcruiser.com\/fr\/products\/tokyo-design-studio-x-new-balance-fresh-foam-x-trail-more-v3-phantom\/#breadcrumb","itemListElement":[{"@type":"ListItem","position":1,"name":"Home","item":"https:\/\/tourcruiser.com\/fr\/"},{"@type":"ListItem","position":2,"name":"Shop","item":"https:\/\/tourcruiser.com\/fr\/shop\/"},{"@type":"ListItem","position":3,"name":"Tokyo Design Studio x New Balance Fresh Foam X Trail More v3 'Phantom'"}]},{"@type":"WebSite","@id":"https:\/\/tourcruiser.com\/fr\/#website","url":"https:\/\/tourcruiser.com\/fr\/","name":"Styloral Jewelry Shop","description":"Tourcruiser Sneaker Store \u2014 L\u2019endroit o\u00f9 l\u2019univers rencontre votre singularit\u00e9.","publisher":{"@id":"https:\/\/tourcruiser.com\/fr\/#organization"},"potentialAction":[{"@type":"SearchAction","target":{"@type":"EntryPoint","urlTemplate":"https:\/\/tourcruiser.com\/fr\/?s={search_term_string}"},"query-input":{"@type":"PropertyValueSpecification","valueRequired":true,"valueName":"search_term_string"}}],"inLanguage":"fr-FR"},{"@type":"Organization","@id":"https:\/\/tourcruiser.com\/fr\/#organization","name":"STYLORAL PTE. LTD","url":"https:\/\/tourcruiser.com\/fr\/","logo":{"@type":"ImageObject","inLanguage":"fr-FR","@id":"https:\/\/tourcruiser.com\/fr\/#\/schema\/logo\/image\/","url":"https:\/\/www.tourcruiser.com\/wp-content\/uploads\/2025\/12\/logo.png","contentUrl":"https:\/\/www.tourcruiser.com\/wp-content\/uploads\/2025\/12\/logo.png","width":200,"height":65,"caption":"STYLORAL PTE. LTD"},"image":{"@id":"https:\/\/tourcruiser.com\/fr\/#\/schema\/logo\/image\/"}}]}},"_links":{"self":[{"href":"https:\/\/tourcruiser.com\/fr\/wp-json\/wp\/v2\/product\/152293","targetHints":{"allow":["GET"]}}],"collection":[{"href":"https:\/\/tourcruiser.com\/fr\/wp-json\/wp\/v2\/product"}],"about":[{"href":"https:\/\/tourcruiser.com\/fr\/wp-json\/wp\/v2\/types\/product"}],"replies":[{"embeddable":true,"href":"https:\/\/tourcruiser.com\/fr\/wp-json\/wp\/v2\/comments?post=152293"}],"wp:featuredmedia":[{"embeddable":true,"href":"https:\/\/tourcruiser.com\/fr\/wp-json\/wp\/v2\/media\/152294"}],"wp:attachment":[{"href":"https:\/\/tourcruiser.com\/fr\/wp-json\/wp\/v2\/media?parent=152293"}],"wp:term":[{"taxonomy":"product_brand","embeddable":true,"href":"https:\/\/tourcruiser.com\/fr\/wp-json\/wp\/v2\/product_brand?post=152293"},{"taxonomy":"product_cat","embeddable":true,"href":"https:\/\/tourcruiser.com\/fr\/wp-json\/wp\/v2\/product_cat?post=152293"},{"taxonomy":"product_tag","embeddable":true,"href":"https:\/\/tourcruiser.com\/fr\/wp-json\/wp\/v2\/product_tag?post=152293"}],"curies":[{"name":"wp","href":"https:\/\/api.w.org\/{rel}","templated":true}]}}