{"id":151201,"date":"2026-03-02T15:52:22","date_gmt":"2026-03-02T08:52:22","guid":{"rendered":"http:\/\/tourcruiser.com\/product\/toga-x-asics-gel-cumulus-16-tg-white-red-pure-silver"},"modified":"2026-03-14T19:19:01","modified_gmt":"2026-03-14T12:19:01","slug":"toga-x-asics-gel-cumulus-16-tg-white-red-pure-silver","status":"publish","type":"product","link":"https:\/\/tourcruiser.com\/fr\/products\/toga-x-asics-gel-cumulus-16-tg-white-red-pure-silver\/","title":{"rendered":"TOGA x ASICS Gel Cumulus 16 TG &lsquo;White Red Pure Silver&rsquo;"},"content":{"rendered":"<p>D\u00e9couvrez la fusion parfaite du style et de la performance avec la TOGA x ASICS Gel-Cumulus 16 TG \u00ab\u00a0Blanc Rouge Argent Pur\u00a0\u00bb, une sneaker en \u00e9dition limit\u00e9e con\u00e7ue pour un confort sup\u00e9rieur et un design saisissant. Son \u00e9l\u00e9gante base blanche, rehauss\u00e9e de touches de rouge vif et de d\u00e9tails argent\u00e9s, red\u00e9finit la chaussure moderne. Gr\u00e2ce \u00e0 l&rsquo;amorti de pointe et aux mat\u00e9riaux l\u00e9gers d&rsquo;ASICS, elle offre un maintien et une r\u00e9activit\u00e9 exceptionnels tout au long de la journ\u00e9e. Son design innovant allie les \u00e9l\u00e9ments avant-gardistes de TOGA \u00e0 la silhouette iconique de la Gel-Cumulus, ce qui en fait le choix id\u00e9al pour les passionn\u00e9s de loisirs et de fitness. Que ce soit pour courir, marcher ou sublimer votre look streetwear, cette sneaker combine technologie de pointe et \u00e9l\u00e9gance intemporelle. Sur piste comme en ville, la TOGA x ASICS Gel-Cumulus 16 TG allie style et performance. Coloris\u00a0: Blanc\/Rouge\/Argent. Code article\u00a0: 1203B115-100. Tige\u00a0: Mesh. Semelle interm\u00e9diaire\u00a0: Gel. Couleur\u00a0: Blanc. Saison\u00a0: Automne. Ann\u00e9e de sortie\u00a0: 2025.<\/p>\n","protected":false},"excerpt":{"rendered":"<p>ASICS Gel Cumulus 16 \u201d\u201d White\/Red\/Pure Silver<\/p>\n","protected":false},"featured_media":151202,"comment_status":"open","ping_status":"closed","template":"","meta":[],"product_brand":[],"product_cat":[10792],"product_tag":[10791,10750,10752,10754,10765,10768],"class_list":{"0":"post-151201","1":"product","2":"type-product","3":"status-publish","4":"has-post-thumbnail","6":"product_cat-asics","7":"product_tag-asics","8":"product_tag-athleisure-shoes","9":"product_tag-gallery-look","10":"product_tag-lifestyle-casual-shoes","11":"product_tag-lifestyle-shoes-running-inspired","12":"product_tag-retro-running-shoes","13":"wcpa_has_options","15":"first","16":"instock","17":"taxable","18":"shipping-taxable","19":"purchasable","20":"product-type-simple"},"wcpa_form_fields":{"rules":{"pric_overide_base_price":false,"pric_overide_base_price_if_gt_zero":false,"pric_overide_base_price_fully":false,"pric_cal_option_once":false,"pric_use_as_fee":false,"bind_quantity":false,"quantity_bind_formula":false},"fields":[{"type":"color-group","required":true,"elementId":"wcpa-color-group-69a5ab08ee12d","label":"Taille","inline":true,"priceOptions":"different_for_all","pricingType":"fixed","className":"hassizechart product-shoes-size-eu product-shoes-size","name":"color-group-69a5ab08ee136","disp_type":"square","selection_type":"tick-border","disp_size":"50","show_label_inside":true,"adjust_width":true,"cart_display_type":"text","other_text":"Other","cl_rule":"show","col":6,"values":[{"label":"36","value":"EU 36","price":"","pimage":"","pimage_id":"","pthumb":"","color":"","selected":true},{"label":"37","value":"EU 37","price":"","pimage":"","pimage_id":"","pthumb":"","color":""},{"label":"37.5","value":"EU 37.5","price":"","pimage":"","pimage_id":"","pthumb":"","color":""},{"label":"38","value":"EU 38","price":"","pimage":"","pimage_id":"","pthumb":"","color":""},{"label":"38.5","value":"EU 38.5","price":"","pimage":"","pimage_id":"","pthumb":"","color":""},{"label":"39","value":"EU 39","price":"","pimage":"","pimage_id":"","pthumb":"","color":""},{"label":"39.5","value":"EU 39.5","price":"","pimage":"","pimage_id":"","pthumb":"","color":""},{"label":"40","value":"EU 40","price":"","pimage":"","pimage_id":"","pthumb":"","color":""},{"label":"40.5","value":"EU 40.5","price":"","pimage":"","pimage_id":"","pthumb":"","color":""},{"label":" 41.5","value":"EU 41.5","price":"","pimage":"","pimage_id":"","pthumb":"","color":""},{"label":"42","value":"EU 42","price":"","pimage":"","pimage_id":"","pthumb":"","color":""},{"label":"42.5","value":"EU 42.5","price":"","pimage":"","pimage_id":"","pthumb":"","color":""},{"label":"43","value":"EU 43","price":"","pimage":"","pimage_id":"","pthumb":"","color":""},{"label":"44","value":"EU 44","price":"","pimage":"","pimage_id":"","pthumb":"","color":""},{"label":"44.5","value":"EU 44.5","price":"","pimage":"","pimage_id":"","pthumb":"","color":""},{"label":"45","value":"EU 45","price":"","pimage":"","pimage_id":"","pthumb":"","color":""},{"label":"45.5","value":"EU 45.5","price":"","pimage":"","pimage_id":"","pthumb":"","color":""},{"label":"46","value":"EU 46","price":"","pimage":"","pimage_id":"","pthumb":"","color":""},{"label":"46.5","value":"EU 46.5","price":"","pimage":"","pimage_id":"","pthumb":"","color":""},{"label":"47","value":"EU 47","price":"","pimage":"","pimage_id":"","pthumb":"","color":""}],"relations":[{"operator":false,"rules":[]}],"form_id":184311,"form_rules":{"pric_cal_option_once":false,"exclude_from_discount":false,"pric_use_as_fee":false,"fee_label":"Fee","render_after_acb":false,"disp_hide_options_price":false}}]},"yoast_head":"<!-- This site is optimized with the Yoast SEO plugin v26.5 - https:\/\/yoast.com\/wordpress\/plugins\/seo\/ -->\n<title>TOGA x ASICS Gel Cumulus 16 TG &#039;White Red Pure Silver&#039; - TOURCRUISER PTE. LTD<\/title>\n<meta name=\"robots\" content=\"index, follow, max-snippet:-1, max-image-preview:large, max-video-preview:-1\" \/>\n<link rel=\"canonical\" href=\"https:\/\/tourcruiser.com\/fr\/products\/toga-x-asics-gel-cumulus-16-tg-white-red-pure-silver\/\" \/>\n<meta property=\"og:locale\" content=\"fr_FR\" \/>\n<meta property=\"og:type\" content=\"article\" \/>\n<meta property=\"og:title\" content=\"TOGA x ASICS Gel Cumulus 16 TG &#039;White Red Pure Silver&#039; - TOURCRUISER PTE. LTD\" \/>\n<meta property=\"og:description\" content=\"ASICS Gel Cumulus 16 \u201d\u201d White\/Red\/Pure Silver\" \/>\n<meta property=\"og:url\" content=\"https:\/\/tourcruiser.com\/fr\/products\/toga-x-asics-gel-cumulus-16-tg-white-red-pure-silver\/\" \/>\n<meta property=\"og:site_name\" content=\"Tourcruiser Sneaker Store\" \/>\n<meta property=\"article:modified_time\" content=\"2026-03-14T12:19:01+00:00\" \/>\n<meta name=\"twitter:card\" content=\"summary_large_image\" \/>\n<meta name=\"twitter:image\" content=\"https:\/\/images.novelship.com\/product\/toga_x_asics_gel_cumulus_16_tg__white_red_pure_sil_0_12487.jpeg\" \/>\n<meta name=\"twitter:label1\" content=\"Dur\u00e9e de lecture estim\u00e9e\" \/>\n\t<meta name=\"twitter:data1\" content=\"1 minute\" \/>\n<script type=\"application\/ld+json\" class=\"yoast-schema-graph\">{\"@context\":\"https:\/\/schema.org\",\"@graph\":[{\"@type\":\"WebPage\",\"@id\":\"https:\/\/tourcruiser.com\/fr\/products\/toga-x-asics-gel-cumulus-16-tg-white-red-pure-silver\/\",\"url\":\"https:\/\/tourcruiser.com\/fr\/products\/toga-x-asics-gel-cumulus-16-tg-white-red-pure-silver\/\",\"name\":\"TOGA x ASICS Gel Cumulus 16 TG 'White Red Pure Silver' - TOURCRUISER PTE. LTD\",\"isPartOf\":{\"@id\":\"https:\/\/tourcruiser.com\/fr\/#website\"},\"primaryImageOfPage\":{\"@id\":\"https:\/\/tourcruiser.com\/fr\/products\/toga-x-asics-gel-cumulus-16-tg-white-red-pure-silver\/#primaryimage\"},\"image\":{\"@id\":\"https:\/\/tourcruiser.com\/fr\/products\/toga-x-asics-gel-cumulus-16-tg-white-red-pure-silver\/#primaryimage\"},\"thumbnailUrl\":\"https:\/\/images.novelship.com\/product\/toga_x_asics_gel_cumulus_16_tg__white_red_pure_sil_0_12487.jpeg\",\"datePublished\":\"2026-03-02T08:52:22+00:00\",\"dateModified\":\"2026-03-14T12:19:01+00:00\",\"breadcrumb\":{\"@id\":\"https:\/\/tourcruiser.com\/fr\/products\/toga-x-asics-gel-cumulus-16-tg-white-red-pure-silver\/#breadcrumb\"},\"inLanguage\":\"fr-FR\",\"potentialAction\":[{\"@type\":\"ReadAction\",\"target\":[\"https:\/\/tourcruiser.com\/fr\/products\/toga-x-asics-gel-cumulus-16-tg-white-red-pure-silver\/\"]}]},{\"@type\":\"ImageObject\",\"inLanguage\":\"fr-FR\",\"@id\":\"https:\/\/tourcruiser.com\/fr\/products\/toga-x-asics-gel-cumulus-16-tg-white-red-pure-silver\/#primaryimage\",\"url\":\"https:\/\/images.novelship.com\/product\/toga_x_asics_gel_cumulus_16_tg__white_red_pure_sil_0_12487.jpeg\",\"contentUrl\":\"https:\/\/images.novelship.com\/product\/toga_x_asics_gel_cumulus_16_tg__white_red_pure_sil_0_12487.jpeg\"},{\"@type\":\"BreadcrumbList\",\"@id\":\"https:\/\/tourcruiser.com\/fr\/products\/toga-x-asics-gel-cumulus-16-tg-white-red-pure-silver\/#breadcrumb\",\"itemListElement\":[{\"@type\":\"ListItem\",\"position\":1,\"name\":\"Home\",\"item\":\"https:\/\/tourcruiser.com\/fr\/\"},{\"@type\":\"ListItem\",\"position\":2,\"name\":\"Shop\",\"item\":\"https:\/\/tourcruiser.com\/fr\/shop\/\"},{\"@type\":\"ListItem\",\"position\":3,\"name\":\"TOGA x ASICS Gel Cumulus 16 TG 'White Red Pure Silver'\"}]},{\"@type\":\"WebSite\",\"@id\":\"https:\/\/tourcruiser.com\/fr\/#website\",\"url\":\"https:\/\/tourcruiser.com\/fr\/\",\"name\":\"Styloral Jewelry Shop\",\"description\":\"Tourcruiser Sneaker Store \u2014 L\u2019endroit o\u00f9 l\u2019univers rencontre votre singularit\u00e9.\",\"publisher\":{\"@id\":\"https:\/\/tourcruiser.com\/fr\/#organization\"},\"potentialAction\":[{\"@type\":\"SearchAction\",\"target\":{\"@type\":\"EntryPoint\",\"urlTemplate\":\"https:\/\/tourcruiser.com\/fr\/?s={search_term_string}\"},\"query-input\":{\"@type\":\"PropertyValueSpecification\",\"valueRequired\":true,\"valueName\":\"search_term_string\"}}],\"inLanguage\":\"fr-FR\"},{\"@type\":\"Organization\",\"@id\":\"https:\/\/tourcruiser.com\/fr\/#organization\",\"name\":\"STYLORAL PTE. LTD\",\"url\":\"https:\/\/tourcruiser.com\/fr\/\",\"logo\":{\"@type\":\"ImageObject\",\"inLanguage\":\"fr-FR\",\"@id\":\"https:\/\/tourcruiser.com\/fr\/#\/schema\/logo\/image\/\",\"url\":\"https:\/\/www.tourcruiser.com\/wp-content\/uploads\/2025\/12\/logo.png\",\"contentUrl\":\"https:\/\/www.tourcruiser.com\/wp-content\/uploads\/2025\/12\/logo.png\",\"width\":200,\"height\":65,\"caption\":\"STYLORAL PTE. LTD\"},\"image\":{\"@id\":\"https:\/\/tourcruiser.com\/fr\/#\/schema\/logo\/image\/\"}}]}<\/script>\n<!-- \/ Yoast SEO plugin. -->","yoast_head_json":{"title":"TOGA x ASICS Gel Cumulus 16 TG 'White Red Pure Silver' - TOURCRUISER PTE. LTD","robots":{"index":"index","follow":"follow","max-snippet":"max-snippet:-1","max-image-preview":"max-image-preview:large","max-video-preview":"max-video-preview:-1"},"canonical":"https:\/\/tourcruiser.com\/fr\/products\/toga-x-asics-gel-cumulus-16-tg-white-red-pure-silver\/","og_locale":"fr_FR","og_type":"article","og_title":"TOGA x ASICS Gel Cumulus 16 TG 'White Red Pure Silver' - TOURCRUISER PTE. LTD","og_description":"ASICS Gel Cumulus 16 \u201d\u201d White\/Red\/Pure Silver","og_url":"https:\/\/tourcruiser.com\/fr\/products\/toga-x-asics-gel-cumulus-16-tg-white-red-pure-silver\/","og_site_name":"Tourcruiser Sneaker Store","article_modified_time":"2026-03-14T12:19:01+00:00","twitter_card":"summary_large_image","twitter_image":"https:\/\/images.novelship.com\/product\/toga_x_asics_gel_cumulus_16_tg__white_red_pure_sil_0_12487.jpeg","twitter_misc":{"Dur\u00e9e de lecture estim\u00e9e":"1 minute"},"schema":{"@context":"https:\/\/schema.org","@graph":[{"@type":"WebPage","@id":"https:\/\/tourcruiser.com\/fr\/products\/toga-x-asics-gel-cumulus-16-tg-white-red-pure-silver\/","url":"https:\/\/tourcruiser.com\/fr\/products\/toga-x-asics-gel-cumulus-16-tg-white-red-pure-silver\/","name":"TOGA x ASICS Gel Cumulus 16 TG 'White Red Pure Silver' - TOURCRUISER PTE. LTD","isPartOf":{"@id":"https:\/\/tourcruiser.com\/fr\/#website"},"primaryImageOfPage":{"@id":"https:\/\/tourcruiser.com\/fr\/products\/toga-x-asics-gel-cumulus-16-tg-white-red-pure-silver\/#primaryimage"},"image":{"@id":"https:\/\/tourcruiser.com\/fr\/products\/toga-x-asics-gel-cumulus-16-tg-white-red-pure-silver\/#primaryimage"},"thumbnailUrl":"https:\/\/images.novelship.com\/product\/toga_x_asics_gel_cumulus_16_tg__white_red_pure_sil_0_12487.jpeg","datePublished":"2026-03-02T08:52:22+00:00","dateModified":"2026-03-14T12:19:01+00:00","breadcrumb":{"@id":"https:\/\/tourcruiser.com\/fr\/products\/toga-x-asics-gel-cumulus-16-tg-white-red-pure-silver\/#breadcrumb"},"inLanguage":"fr-FR","potentialAction":[{"@type":"ReadAction","target":["https:\/\/tourcruiser.com\/fr\/products\/toga-x-asics-gel-cumulus-16-tg-white-red-pure-silver\/"]}]},{"@type":"ImageObject","inLanguage":"fr-FR","@id":"https:\/\/tourcruiser.com\/fr\/products\/toga-x-asics-gel-cumulus-16-tg-white-red-pure-silver\/#primaryimage","url":"https:\/\/images.novelship.com\/product\/toga_x_asics_gel_cumulus_16_tg__white_red_pure_sil_0_12487.jpeg","contentUrl":"https:\/\/images.novelship.com\/product\/toga_x_asics_gel_cumulus_16_tg__white_red_pure_sil_0_12487.jpeg"},{"@type":"BreadcrumbList","@id":"https:\/\/tourcruiser.com\/fr\/products\/toga-x-asics-gel-cumulus-16-tg-white-red-pure-silver\/#breadcrumb","itemListElement":[{"@type":"ListItem","position":1,"name":"Home","item":"https:\/\/tourcruiser.com\/fr\/"},{"@type":"ListItem","position":2,"name":"Shop","item":"https:\/\/tourcruiser.com\/fr\/shop\/"},{"@type":"ListItem","position":3,"name":"TOGA x ASICS Gel Cumulus 16 TG 'White Red Pure Silver'"}]},{"@type":"WebSite","@id":"https:\/\/tourcruiser.com\/fr\/#website","url":"https:\/\/tourcruiser.com\/fr\/","name":"Styloral Jewelry Shop","description":"Tourcruiser Sneaker Store \u2014 L\u2019endroit o\u00f9 l\u2019univers rencontre votre singularit\u00e9.","publisher":{"@id":"https:\/\/tourcruiser.com\/fr\/#organization"},"potentialAction":[{"@type":"SearchAction","target":{"@type":"EntryPoint","urlTemplate":"https:\/\/tourcruiser.com\/fr\/?s={search_term_string}"},"query-input":{"@type":"PropertyValueSpecification","valueRequired":true,"valueName":"search_term_string"}}],"inLanguage":"fr-FR"},{"@type":"Organization","@id":"https:\/\/tourcruiser.com\/fr\/#organization","name":"STYLORAL PTE. LTD","url":"https:\/\/tourcruiser.com\/fr\/","logo":{"@type":"ImageObject","inLanguage":"fr-FR","@id":"https:\/\/tourcruiser.com\/fr\/#\/schema\/logo\/image\/","url":"https:\/\/www.tourcruiser.com\/wp-content\/uploads\/2025\/12\/logo.png","contentUrl":"https:\/\/www.tourcruiser.com\/wp-content\/uploads\/2025\/12\/logo.png","width":200,"height":65,"caption":"STYLORAL PTE. LTD"},"image":{"@id":"https:\/\/tourcruiser.com\/fr\/#\/schema\/logo\/image\/"}}]}},"_links":{"self":[{"href":"https:\/\/tourcruiser.com\/fr\/wp-json\/wp\/v2\/product\/151201","targetHints":{"allow":["GET"]}}],"collection":[{"href":"https:\/\/tourcruiser.com\/fr\/wp-json\/wp\/v2\/product"}],"about":[{"href":"https:\/\/tourcruiser.com\/fr\/wp-json\/wp\/v2\/types\/product"}],"replies":[{"embeddable":true,"href":"https:\/\/tourcruiser.com\/fr\/wp-json\/wp\/v2\/comments?post=151201"}],"wp:featuredmedia":[{"embeddable":true,"href":"https:\/\/tourcruiser.com\/fr\/wp-json\/wp\/v2\/media\/151202"}],"wp:attachment":[{"href":"https:\/\/tourcruiser.com\/fr\/wp-json\/wp\/v2\/media?parent=151201"}],"wp:term":[{"taxonomy":"product_brand","embeddable":true,"href":"https:\/\/tourcruiser.com\/fr\/wp-json\/wp\/v2\/product_brand?post=151201"},{"taxonomy":"product_cat","embeddable":true,"href":"https:\/\/tourcruiser.com\/fr\/wp-json\/wp\/v2\/product_cat?post=151201"},{"taxonomy":"product_tag","embeddable":true,"href":"https:\/\/tourcruiser.com\/fr\/wp-json\/wp\/v2\/product_tag?post=151201"}],"curies":[{"name":"wp","href":"https:\/\/api.w.org\/{rel}","templated":true}]}}