{"id":150507,"date":"2026-03-02T15:51:21","date_gmt":"2026-03-02T08:51:21","guid":{"rendered":"http:\/\/tourcruiser.com\/product\/off-white-x-air-jordan-air-1-retro-high-og-alaska"},"modified":"2026-03-14T19:18:26","modified_gmt":"2026-03-14T12:18:26","slug":"off-white-x-air-jordan-air-1-retro-high-og-alaska","status":"publish","type":"product","link":"https:\/\/tourcruiser.com\/fr\/products\/off-white-x-air-jordan-air-1-retro-high-og-alaska\/","title":{"rendered":"Off-White x Air Jordan Air 1 Retro High OG &lsquo;Alaska&rsquo;"},"content":{"rendered":"<p>D\u00e9couvrez la fusion parfaite entre innovation et style avec la Off-White x Air Jordan Air 1 Retro High OG \u00ab\u00a0Alaska\u00a0\u00bb \u2013 une collaboration exceptionnelle qui red\u00e9finit la culture sneaker gr\u00e2ce \u00e0 un design sophistiqu\u00e9 et des mat\u00e9riaux haut de gamme. Cette version iconique arbore l&rsquo;esth\u00e9tique d\u00e9structur\u00e9e signature de Virgil Abloh, des graphismes audacieux et une confection luxueuse, conf\u00e9rant \u00e0 la silhouette classique de l&rsquo;Air Jordan 1 une touche de modernit\u00e9. Avec sa base blanche \u00e9clatante, ses subtiles touches bleu glacier et les d\u00e9tails embl\u00e9matiques d&rsquo;Off-White, la chaussure offre un look \u00e0 la fois \u00e9pur\u00e9 et dynamique qui ne passe pas inaper\u00e7u. Sa tige montante assure un maintien optimal de la cheville, tandis que l&rsquo;amorti Nike Air garantit un confort et une durabilit\u00e9 exceptionnels tout au long de la journ\u00e9e. Id\u00e9ale pour les passionn\u00e9s de sport, les adeptes du streetwear et les collectionneurs, cette \u00e9dition limit\u00e9e est un incontournable pour toute collection de sneakers. Des coutures m\u00e9ticuleuses au fameux c\u00e2ble de serrage, chaque d\u00e9tail souligne l&rsquo;h\u00e9ritage des deux marques et c\u00e9l\u00e8bre la fusion de la haute couture et de la performance. Qu&rsquo;elle soit d\u00e9contract\u00e9e ou extravagante, l&rsquo;Alaska allie un design avant-gardiste \u00e0 une \u00e9l\u00e9gance intemporelle. Sublimez votre style sneakers avec une paire qui transcende les tendances et affirme votre individualit\u00e9. Offrez-vous un morceau d&rsquo;histoire de la sneaker, symbole d&rsquo;excellence, de cr\u00e9ativit\u00e9 et de savoir-faire. La Off-White x Air Jordan Air 1 \u00ab\u00a0Alaska\u00a0\u00bb est un chef-d&rsquo;\u0153uvre qui sublimera votre style.<\/p>\n","protected":false},"excerpt":{"rendered":"<p>Jordan Jordan 1 \u201d\u201d White\/White<\/p>\n","protected":false},"featured_media":150508,"comment_status":"open","ping_status":"closed","template":"","meta":[],"product_brand":[],"product_cat":[10780],"product_tag":[10750,10776,10754,10777,10756],"class_list":{"0":"post-150507","1":"product","2":"type-product","3":"status-publish","4":"has-post-thumbnail","6":"product_cat-air-jordan","7":"product_tag-athleisure-shoes","8":"product_tag-jordan","9":"product_tag-lifestyle-casual-shoes","10":"product_tag-lifestyle-shoes-basketball-inspired","11":"product_tag-retro-casual-shoes","12":"wcpa_has_options","14":"first","15":"instock","16":"taxable","17":"shipping-taxable","18":"purchasable","19":"product-type-simple"},"wcpa_form_fields":{"rules":{"pric_overide_base_price":false,"pric_overide_base_price_if_gt_zero":false,"pric_overide_base_price_fully":false,"pric_cal_option_once":false,"pric_use_as_fee":false,"bind_quantity":false,"quantity_bind_formula":false},"fields":[{"type":"color-group","required":true,"elementId":"wcpa-color-group-66c4a75505e74","label":"Taille","inline":true,"priceOptions":"different_for_all","pricingType":"fixed","className":"hassizechart product-shoes-size-eu product-shoes-size","name":"color-group-66c4a75505e89","disp_type":"square","selection_type":"tick-border","disp_size":"44","show_label_inside":true,"adjust_width":true,"cart_display_type":"text","other_text":"Other","cl_rule":"show","col":6,"values":[{"label":"35.5","value":"EU 35.5","price":"","pimage":"","pimage_id":"","pthumb":"","color":""},{"label":"36","value":"EU 36","price":"","pimage":"","pimage_id":"","pthumb":"","color":"","selected":true},{"label":"36.5","value":"EU 36.5","price":"","pimage":"","pimage_id":"","pthumb":"","color":""},{"label":"37.5","value":"EU 37.5","price":"","pimage":"","pimage_id":"","pthumb":"","color":""},{"label":"38","value":"EU 38","price":"","pimage":"","pimage_id":"","pthumb":"","color":""},{"label":"38.5","value":"EU 38.5","price":"","pimage":"","pimage_id":"","pthumb":"","color":""},{"label":"39","value":"EU 39","price":"","pimage":"","pimage_id":"","pthumb":"","color":""},{"label":"40","value":"EU 40","price":"","pimage":"","pimage_id":"","pthumb":"","color":""},{"label":"40.5","value":"EU 40.5","price":"","pimage":"","pimage_id":"","pthumb":"","color":""},{"label":"41","value":"EU 41","price":"","pimage":"","pimage_id":"","pthumb":"","color":""},{"label":"42","value":"EU 42","price":"","pimage":"","pimage_id":"","pthumb":"","color":""},{"label":"42.5","value":"EU 42.5","price":"","pimage":"","pimage_id":"","pthumb":"","color":""},{"label":"43","value":"EU 43","price":"","pimage":"","pimage_id":"","pthumb":"","color":""},{"label":"44","value":"EU 44","price":"","pimage":"","pimage_id":"","pthumb":"","color":""},{"label":"44.5","value":"EU 44.5","price":"","pimage":"","pimage_id":"","pthumb":"","color":""},{"label":"45","value":"EU 45","price":"","pimage":"","pimage_id":"","pthumb":"","color":""},{"label":"45.5","value":"EU 45.5","price":"","pimage":"","pimage_id":"","pthumb":"","color":""},{"label":"46","value":"EU 46","price":"","pimage":"","pimage_id":"","pthumb":"","color":""},{"label":"47","value":"EU 47","price":"","pimage":"","pimage_id":"","pthumb":"","color":""},{"label":"47.5","value":"EU 47.5","price":"","pimage":"","pimage_id":"","pthumb":"","color":""},{"label":"48","value":"EU 48","price":"","pimage":"","pimage_id":"","pthumb":"","color":""}],"relations":[{"operator":false,"rules":[]}],"form_id":18106,"form_rules":{"pric_cal_option_once":false,"exclude_from_discount":false,"pric_use_as_fee":false,"fee_label":"Fee","render_after_acb":false,"disp_hide_options_price":false}}]},"yoast_head":"<!-- This site is optimized with the Yoast SEO plugin v26.5 - https:\/\/yoast.com\/wordpress\/plugins\/seo\/ -->\n<title>Off-White x Air Jordan Air 1 Retro High OG &#039;Alaska&#039; - TOURCRUISER PTE. LTD<\/title>\n<meta name=\"robots\" content=\"index, follow, max-snippet:-1, max-image-preview:large, max-video-preview:-1\" \/>\n<link rel=\"canonical\" href=\"https:\/\/tourcruiser.com\/fr\/products\/off-white-x-air-jordan-air-1-retro-high-og-alaska\/\" \/>\n<meta property=\"og:locale\" content=\"fr_FR\" \/>\n<meta property=\"og:type\" content=\"article\" \/>\n<meta property=\"og:title\" content=\"Off-White x Air Jordan Air 1 Retro High OG &#039;Alaska&#039; - TOURCRUISER PTE. LTD\" \/>\n<meta property=\"og:description\" content=\"Jordan Jordan 1 \u201d\u201d White\/White\" \/>\n<meta property=\"og:url\" content=\"https:\/\/tourcruiser.com\/fr\/products\/off-white-x-air-jordan-air-1-retro-high-og-alaska\/\" \/>\n<meta property=\"og:site_name\" content=\"Tourcruiser Sneaker Store\" \/>\n<meta property=\"article:modified_time\" content=\"2026-03-14T12:18:26+00:00\" \/>\n<meta name=\"twitter:card\" content=\"summary_large_image\" \/>\n<meta name=\"twitter:image\" content=\"https:\/\/images.novelship.com\/product\/off-white_x_air_jordan_air_1_retro_high_og__alaska_0_54364.jpeg\" \/>\n<meta name=\"twitter:label1\" content=\"Dur\u00e9e de lecture estim\u00e9e\" \/>\n\t<meta name=\"twitter:data1\" content=\"1 minute\" \/>\n<script type=\"application\/ld+json\" class=\"yoast-schema-graph\">{\"@context\":\"https:\/\/schema.org\",\"@graph\":[{\"@type\":\"WebPage\",\"@id\":\"https:\/\/tourcruiser.com\/fr\/products\/off-white-x-air-jordan-air-1-retro-high-og-alaska\/\",\"url\":\"https:\/\/tourcruiser.com\/fr\/products\/off-white-x-air-jordan-air-1-retro-high-og-alaska\/\",\"name\":\"Off-White x Air Jordan Air 1 Retro High OG 'Alaska' - TOURCRUISER PTE. LTD\",\"isPartOf\":{\"@id\":\"https:\/\/tourcruiser.com\/fr\/#website\"},\"primaryImageOfPage\":{\"@id\":\"https:\/\/tourcruiser.com\/fr\/products\/off-white-x-air-jordan-air-1-retro-high-og-alaska\/#primaryimage\"},\"image\":{\"@id\":\"https:\/\/tourcruiser.com\/fr\/products\/off-white-x-air-jordan-air-1-retro-high-og-alaska\/#primaryimage\"},\"thumbnailUrl\":\"https:\/\/images.novelship.com\/product\/off-white_x_air_jordan_air_1_retro_high_og__alaska_0_54364.jpeg\",\"datePublished\":\"2026-03-02T08:51:21+00:00\",\"dateModified\":\"2026-03-14T12:18:26+00:00\",\"breadcrumb\":{\"@id\":\"https:\/\/tourcruiser.com\/fr\/products\/off-white-x-air-jordan-air-1-retro-high-og-alaska\/#breadcrumb\"},\"inLanguage\":\"fr-FR\",\"potentialAction\":[{\"@type\":\"ReadAction\",\"target\":[\"https:\/\/tourcruiser.com\/fr\/products\/off-white-x-air-jordan-air-1-retro-high-og-alaska\/\"]}]},{\"@type\":\"ImageObject\",\"inLanguage\":\"fr-FR\",\"@id\":\"https:\/\/tourcruiser.com\/fr\/products\/off-white-x-air-jordan-air-1-retro-high-og-alaska\/#primaryimage\",\"url\":\"https:\/\/images.novelship.com\/product\/off-white_x_air_jordan_air_1_retro_high_og__alaska_0_54364.jpeg\",\"contentUrl\":\"https:\/\/images.novelship.com\/product\/off-white_x_air_jordan_air_1_retro_high_og__alaska_0_54364.jpeg\"},{\"@type\":\"BreadcrumbList\",\"@id\":\"https:\/\/tourcruiser.com\/fr\/products\/off-white-x-air-jordan-air-1-retro-high-og-alaska\/#breadcrumb\",\"itemListElement\":[{\"@type\":\"ListItem\",\"position\":1,\"name\":\"Home\",\"item\":\"https:\/\/tourcruiser.com\/fr\/\"},{\"@type\":\"ListItem\",\"position\":2,\"name\":\"Shop\",\"item\":\"https:\/\/tourcruiser.com\/fr\/shop\/\"},{\"@type\":\"ListItem\",\"position\":3,\"name\":\"Off-White x Air Jordan Air 1 Retro High OG 'Alaska'\"}]},{\"@type\":\"WebSite\",\"@id\":\"https:\/\/tourcruiser.com\/fr\/#website\",\"url\":\"https:\/\/tourcruiser.com\/fr\/\",\"name\":\"Styloral Jewelry Shop\",\"description\":\"Tourcruiser Sneaker Store \u2014 L\u2019endroit o\u00f9 l\u2019univers rencontre votre singularit\u00e9.\",\"publisher\":{\"@id\":\"https:\/\/tourcruiser.com\/fr\/#organization\"},\"potentialAction\":[{\"@type\":\"SearchAction\",\"target\":{\"@type\":\"EntryPoint\",\"urlTemplate\":\"https:\/\/tourcruiser.com\/fr\/?s={search_term_string}\"},\"query-input\":{\"@type\":\"PropertyValueSpecification\",\"valueRequired\":true,\"valueName\":\"search_term_string\"}}],\"inLanguage\":\"fr-FR\"},{\"@type\":\"Organization\",\"@id\":\"https:\/\/tourcruiser.com\/fr\/#organization\",\"name\":\"STYLORAL PTE. LTD\",\"url\":\"https:\/\/tourcruiser.com\/fr\/\",\"logo\":{\"@type\":\"ImageObject\",\"inLanguage\":\"fr-FR\",\"@id\":\"https:\/\/tourcruiser.com\/fr\/#\/schema\/logo\/image\/\",\"url\":\"https:\/\/www.tourcruiser.com\/wp-content\/uploads\/2025\/12\/logo.png\",\"contentUrl\":\"https:\/\/www.tourcruiser.com\/wp-content\/uploads\/2025\/12\/logo.png\",\"width\":200,\"height\":65,\"caption\":\"STYLORAL PTE. LTD\"},\"image\":{\"@id\":\"https:\/\/tourcruiser.com\/fr\/#\/schema\/logo\/image\/\"}}]}<\/script>\n<!-- \/ Yoast SEO plugin. -->","yoast_head_json":{"title":"Off-White x Air Jordan Air 1 Retro High OG 'Alaska' - TOURCRUISER PTE. LTD","robots":{"index":"index","follow":"follow","max-snippet":"max-snippet:-1","max-image-preview":"max-image-preview:large","max-video-preview":"max-video-preview:-1"},"canonical":"https:\/\/tourcruiser.com\/fr\/products\/off-white-x-air-jordan-air-1-retro-high-og-alaska\/","og_locale":"fr_FR","og_type":"article","og_title":"Off-White x Air Jordan Air 1 Retro High OG 'Alaska' - TOURCRUISER PTE. LTD","og_description":"Jordan Jordan 1 \u201d\u201d White\/White","og_url":"https:\/\/tourcruiser.com\/fr\/products\/off-white-x-air-jordan-air-1-retro-high-og-alaska\/","og_site_name":"Tourcruiser Sneaker Store","article_modified_time":"2026-03-14T12:18:26+00:00","twitter_card":"summary_large_image","twitter_image":"https:\/\/images.novelship.com\/product\/off-white_x_air_jordan_air_1_retro_high_og__alaska_0_54364.jpeg","twitter_misc":{"Dur\u00e9e de lecture estim\u00e9e":"1 minute"},"schema":{"@context":"https:\/\/schema.org","@graph":[{"@type":"WebPage","@id":"https:\/\/tourcruiser.com\/fr\/products\/off-white-x-air-jordan-air-1-retro-high-og-alaska\/","url":"https:\/\/tourcruiser.com\/fr\/products\/off-white-x-air-jordan-air-1-retro-high-og-alaska\/","name":"Off-White x Air Jordan Air 1 Retro High OG 'Alaska' - TOURCRUISER PTE. LTD","isPartOf":{"@id":"https:\/\/tourcruiser.com\/fr\/#website"},"primaryImageOfPage":{"@id":"https:\/\/tourcruiser.com\/fr\/products\/off-white-x-air-jordan-air-1-retro-high-og-alaska\/#primaryimage"},"image":{"@id":"https:\/\/tourcruiser.com\/fr\/products\/off-white-x-air-jordan-air-1-retro-high-og-alaska\/#primaryimage"},"thumbnailUrl":"https:\/\/images.novelship.com\/product\/off-white_x_air_jordan_air_1_retro_high_og__alaska_0_54364.jpeg","datePublished":"2026-03-02T08:51:21+00:00","dateModified":"2026-03-14T12:18:26+00:00","breadcrumb":{"@id":"https:\/\/tourcruiser.com\/fr\/products\/off-white-x-air-jordan-air-1-retro-high-og-alaska\/#breadcrumb"},"inLanguage":"fr-FR","potentialAction":[{"@type":"ReadAction","target":["https:\/\/tourcruiser.com\/fr\/products\/off-white-x-air-jordan-air-1-retro-high-og-alaska\/"]}]},{"@type":"ImageObject","inLanguage":"fr-FR","@id":"https:\/\/tourcruiser.com\/fr\/products\/off-white-x-air-jordan-air-1-retro-high-og-alaska\/#primaryimage","url":"https:\/\/images.novelship.com\/product\/off-white_x_air_jordan_air_1_retro_high_og__alaska_0_54364.jpeg","contentUrl":"https:\/\/images.novelship.com\/product\/off-white_x_air_jordan_air_1_retro_high_og__alaska_0_54364.jpeg"},{"@type":"BreadcrumbList","@id":"https:\/\/tourcruiser.com\/fr\/products\/off-white-x-air-jordan-air-1-retro-high-og-alaska\/#breadcrumb","itemListElement":[{"@type":"ListItem","position":1,"name":"Home","item":"https:\/\/tourcruiser.com\/fr\/"},{"@type":"ListItem","position":2,"name":"Shop","item":"https:\/\/tourcruiser.com\/fr\/shop\/"},{"@type":"ListItem","position":3,"name":"Off-White x Air Jordan Air 1 Retro High OG 'Alaska'"}]},{"@type":"WebSite","@id":"https:\/\/tourcruiser.com\/fr\/#website","url":"https:\/\/tourcruiser.com\/fr\/","name":"Styloral Jewelry Shop","description":"Tourcruiser Sneaker Store \u2014 L\u2019endroit o\u00f9 l\u2019univers rencontre votre singularit\u00e9.","publisher":{"@id":"https:\/\/tourcruiser.com\/fr\/#organization"},"potentialAction":[{"@type":"SearchAction","target":{"@type":"EntryPoint","urlTemplate":"https:\/\/tourcruiser.com\/fr\/?s={search_term_string}"},"query-input":{"@type":"PropertyValueSpecification","valueRequired":true,"valueName":"search_term_string"}}],"inLanguage":"fr-FR"},{"@type":"Organization","@id":"https:\/\/tourcruiser.com\/fr\/#organization","name":"STYLORAL PTE. LTD","url":"https:\/\/tourcruiser.com\/fr\/","logo":{"@type":"ImageObject","inLanguage":"fr-FR","@id":"https:\/\/tourcruiser.com\/fr\/#\/schema\/logo\/image\/","url":"https:\/\/www.tourcruiser.com\/wp-content\/uploads\/2025\/12\/logo.png","contentUrl":"https:\/\/www.tourcruiser.com\/wp-content\/uploads\/2025\/12\/logo.png","width":200,"height":65,"caption":"STYLORAL PTE. LTD"},"image":{"@id":"https:\/\/tourcruiser.com\/fr\/#\/schema\/logo\/image\/"}}]}},"_links":{"self":[{"href":"https:\/\/tourcruiser.com\/fr\/wp-json\/wp\/v2\/product\/150507","targetHints":{"allow":["GET"]}}],"collection":[{"href":"https:\/\/tourcruiser.com\/fr\/wp-json\/wp\/v2\/product"}],"about":[{"href":"https:\/\/tourcruiser.com\/fr\/wp-json\/wp\/v2\/types\/product"}],"replies":[{"embeddable":true,"href":"https:\/\/tourcruiser.com\/fr\/wp-json\/wp\/v2\/comments?post=150507"}],"wp:featuredmedia":[{"embeddable":true,"href":"https:\/\/tourcruiser.com\/fr\/wp-json\/wp\/v2\/media\/150508"}],"wp:attachment":[{"href":"https:\/\/tourcruiser.com\/fr\/wp-json\/wp\/v2\/media?parent=150507"}],"wp:term":[{"taxonomy":"product_brand","embeddable":true,"href":"https:\/\/tourcruiser.com\/fr\/wp-json\/wp\/v2\/product_brand?post=150507"},{"taxonomy":"product_cat","embeddable":true,"href":"https:\/\/tourcruiser.com\/fr\/wp-json\/wp\/v2\/product_cat?post=150507"},{"taxonomy":"product_tag","embeddable":true,"href":"https:\/\/tourcruiser.com\/fr\/wp-json\/wp\/v2\/product_tag?post=150507"}],"curies":[{"name":"wp","href":"https:\/\/api.w.org\/{rel}","templated":true}]}}