{"id":150205,"date":"2026-03-02T15:50:56","date_gmt":"2026-03-02T08:50:56","guid":{"rendered":"http:\/\/tourcruiser.com\/product\/nike-gt-cut-3-ep-barry-bolt-bolt"},"modified":"2026-03-14T19:18:11","modified_gmt":"2026-03-14T12:18:11","slug":"nike-gt-cut-3-ep-barry-bolt-bolt","status":"publish","type":"product","link":"https:\/\/tourcruiser.com\/fr\/products\/nike-gt-cut-3-ep-barry-bolt-bolt\/","title":{"rendered":"Nike G.T. Cut 3 EP &lsquo;Barry Bolt Bolt&rsquo;"},"content":{"rendered":"<p>Am\u00e9liorez votre jeu avec la Nike G.T. Cut 3 EP \u00ab\u00a0Barry Bolt\u00a0\u00bb DV2918-700, une chaussure de basketball haute performance con\u00e7ue pour la vitesse, l&rsquo;agilit\u00e9 et les mouvements explosifs sur le terrain. Avec sa teinte jaune \u00e9clatante et \u00e9lectrisante, inspir\u00e9e par l&rsquo;\u00e9nergie dynamique, cette chaussure allie style et fonctionnalit\u00e9. L&rsquo;unit\u00e9 Air Zoom Strobel et la semelle interm\u00e9diaire en mousse React offrent un amorti et une r\u00e9activit\u00e9 exceptionnels, garantissant un confort optimal m\u00eame lors des matchs les plus intenses. La semelle ext\u00e9rieure EP r\u00e9sistante est con\u00e7ue pour durer et est id\u00e9ale pour les terrains int\u00e9rieurs et ext\u00e9rieurs accident\u00e9s. Les mat\u00e9riaux l\u00e9gers et le profil bas am\u00e9liorent la stabilit\u00e9, tandis que le motif de traction multidirectionnel offre une adh\u00e9rence optimale pour des changements de direction et des virages rapides. La silhouette profil\u00e9e, associ\u00e9e \u00e0 des d\u00e9tails haut de gamme, en fait le choix id\u00e9al pour les athl\u00e8tes qui recherchent \u00e0 la fois style et performance maximale. La Nike G.T. Cut 3 EP \u00ab\u00a0Barry Bolt\u00a0\u00bb a \u00e9t\u00e9 con\u00e7ue pour r\u00e9pondre aux exigences des joueurs de basketball professionnels et repr\u00e9sente un choix r\u00e9volutionnaire qui incarne la vitesse, la pr\u00e9cision et le contr\u00f4le. Que vous soyez en contre-attaque, encha\u00eeniez les dribbles fulgurants ou preniez un tir en suspension, cette chaussure vous offre la concentration n\u00e9cessaire pour dominer chaque instant du match. Affirmez votre pr\u00e9sence sur le terrain avec des chaussures \u00e0 la hauteur de votre intensit\u00e9. Coloris\u00a0: Vert fluo\/Feu fluo\/M\u00e9tallique. Code article\u00a0: DV2918-700. Tige\u00a0: Textile. Semelle interm\u00e9diaire\u00a0: Zoom X. Couleur\u00a0: Vert.<\/p>\n","protected":false},"excerpt":{"rendered":"<p>Nike G.T. Cut 3 EP \u201d\u201d Barely Volt\/Volt\/Metallic<\/p>\n","protected":false},"featured_media":150206,"comment_status":"open","ping_status":"closed","template":"","meta":[],"product_brand":[],"product_cat":[10803],"product_tag":[10799,10800,10801,10802,10758],"class_list":{"0":"post-150205","1":"product","2":"type-product","3":"status-publish","4":"has-post-thumbnail","6":"product_cat-nike","7":"product_tag-ankle-support-basketball-shoes","8":"product_tag-basketball-shoes","9":"product_tag-nike","10":"product_tag-performance-sport-shoes","11":"product_tag-under-retail","12":"wcpa_has_options","14":"first","15":"instock","16":"sale","17":"taxable","18":"shipping-taxable","19":"purchasable","20":"product-type-simple"},"wcpa_form_fields":{"rules":{"pric_overide_base_price":false,"pric_overide_base_price_if_gt_zero":false,"pric_overide_base_price_fully":false,"pric_cal_option_once":false,"pric_use_as_fee":false,"bind_quantity":false,"quantity_bind_formula":false},"fields":[{"type":"color-group","required":true,"elementId":"wcpa-color-group-66c4a75505e74","label":"Taille","inline":true,"priceOptions":"different_for_all","pricingType":"fixed","className":"hassizechart product-shoes-size-eu product-shoes-size","name":"color-group-66c4a75505e89","disp_type":"square","selection_type":"tick-border","disp_size":"44","show_label_inside":true,"adjust_width":true,"cart_display_type":"text","other_text":"Other","cl_rule":"show","col":6,"values":[{"label":"35.5","value":"EU 35.5","price":"","pimage":"","pimage_id":"","pthumb":"","color":""},{"label":"36","value":"EU 36","price":"","pimage":"","pimage_id":"","pthumb":"","color":"","selected":true},{"label":"36.5","value":"EU 36.5","price":"","pimage":"","pimage_id":"","pthumb":"","color":""},{"label":"37.5","value":"EU 37.5","price":"","pimage":"","pimage_id":"","pthumb":"","color":""},{"label":"38","value":"EU 38","price":"","pimage":"","pimage_id":"","pthumb":"","color":""},{"label":"38.5","value":"EU 38.5","price":"","pimage":"","pimage_id":"","pthumb":"","color":""},{"label":"39","value":"EU 39","price":"","pimage":"","pimage_id":"","pthumb":"","color":""},{"label":"40","value":"EU 40","price":"","pimage":"","pimage_id":"","pthumb":"","color":""},{"label":"40.5","value":"EU 40.5","price":"","pimage":"","pimage_id":"","pthumb":"","color":""},{"label":"41","value":"EU 41","price":"","pimage":"","pimage_id":"","pthumb":"","color":""},{"label":"42","value":"EU 42","price":"","pimage":"","pimage_id":"","pthumb":"","color":""},{"label":"42.5","value":"EU 42.5","price":"","pimage":"","pimage_id":"","pthumb":"","color":""},{"label":"43","value":"EU 43","price":"","pimage":"","pimage_id":"","pthumb":"","color":""},{"label":"44","value":"EU 44","price":"","pimage":"","pimage_id":"","pthumb":"","color":""},{"label":"44.5","value":"EU 44.5","price":"","pimage":"","pimage_id":"","pthumb":"","color":""},{"label":"45","value":"EU 45","price":"","pimage":"","pimage_id":"","pthumb":"","color":""},{"label":"45.5","value":"EU 45.5","price":"","pimage":"","pimage_id":"","pthumb":"","color":""},{"label":"46","value":"EU 46","price":"","pimage":"","pimage_id":"","pthumb":"","color":""},{"label":"47","value":"EU 47","price":"","pimage":"","pimage_id":"","pthumb":"","color":""},{"label":"47.5","value":"EU 47.5","price":"","pimage":"","pimage_id":"","pthumb":"","color":""},{"label":"48","value":"EU 48","price":"","pimage":"","pimage_id":"","pthumb":"","color":""}],"relations":[{"operator":false,"rules":[]}],"form_id":18106,"form_rules":{"pric_cal_option_once":false,"exclude_from_discount":false,"pric_use_as_fee":false,"fee_label":"Fee","render_after_acb":false,"disp_hide_options_price":false}}]},"yoast_head":"<!-- This site is optimized with the Yoast SEO plugin v26.5 - https:\/\/yoast.com\/wordpress\/plugins\/seo\/ -->\n<title>Nike G.T. Cut 3 EP &#039;Barry Bolt Bolt&#039; - TOURCRUISER PTE. LTD<\/title>\n<meta name=\"robots\" content=\"index, follow, max-snippet:-1, max-image-preview:large, max-video-preview:-1\" \/>\n<link rel=\"canonical\" href=\"https:\/\/tourcruiser.com\/fr\/products\/nike-gt-cut-3-ep-barry-bolt-bolt\/\" \/>\n<meta property=\"og:locale\" content=\"fr_FR\" \/>\n<meta property=\"og:type\" content=\"article\" \/>\n<meta property=\"og:title\" content=\"Nike G.T. Cut 3 EP &#039;Barry Bolt Bolt&#039; - TOURCRUISER PTE. LTD\" \/>\n<meta property=\"og:description\" content=\"Nike G.T. Cut 3 EP \u201d\u201d Barely Volt\/Volt\/Metallic\" \/>\n<meta property=\"og:url\" content=\"https:\/\/tourcruiser.com\/fr\/products\/nike-gt-cut-3-ep-barry-bolt-bolt\/\" \/>\n<meta property=\"og:site_name\" content=\"Tourcruiser Sneaker Store\" \/>\n<meta property=\"article:modified_time\" content=\"2026-03-14T12:18:11+00:00\" \/>\n<meta name=\"twitter:card\" content=\"summary_large_image\" \/>\n<meta name=\"twitter:image\" content=\"https:\/\/images.novelship.com\/product\/nike_g_t__cut_3_ep__barry_bolt_bolt__dv2918-700_0_69154.jpeg\" \/>\n<meta name=\"twitter:label1\" content=\"Dur\u00e9e de lecture estim\u00e9e\" \/>\n\t<meta name=\"twitter:data1\" content=\"1 minute\" \/>\n<script type=\"application\/ld+json\" class=\"yoast-schema-graph\">{\"@context\":\"https:\/\/schema.org\",\"@graph\":[{\"@type\":\"WebPage\",\"@id\":\"https:\/\/tourcruiser.com\/fr\/products\/nike-gt-cut-3-ep-barry-bolt-bolt\/\",\"url\":\"https:\/\/tourcruiser.com\/fr\/products\/nike-gt-cut-3-ep-barry-bolt-bolt\/\",\"name\":\"Nike G.T. Cut 3 EP 'Barry Bolt Bolt' - TOURCRUISER PTE. LTD\",\"isPartOf\":{\"@id\":\"https:\/\/tourcruiser.com\/fr\/#website\"},\"primaryImageOfPage\":{\"@id\":\"https:\/\/tourcruiser.com\/fr\/products\/nike-gt-cut-3-ep-barry-bolt-bolt\/#primaryimage\"},\"image\":{\"@id\":\"https:\/\/tourcruiser.com\/fr\/products\/nike-gt-cut-3-ep-barry-bolt-bolt\/#primaryimage\"},\"thumbnailUrl\":\"https:\/\/images.novelship.com\/product\/nike_g_t__cut_3_ep__barry_bolt_bolt__dv2918-700_0_69154.jpeg\",\"datePublished\":\"2026-03-02T08:50:56+00:00\",\"dateModified\":\"2026-03-14T12:18:11+00:00\",\"breadcrumb\":{\"@id\":\"https:\/\/tourcruiser.com\/fr\/products\/nike-gt-cut-3-ep-barry-bolt-bolt\/#breadcrumb\"},\"inLanguage\":\"fr-FR\",\"potentialAction\":[{\"@type\":\"ReadAction\",\"target\":[\"https:\/\/tourcruiser.com\/fr\/products\/nike-gt-cut-3-ep-barry-bolt-bolt\/\"]}]},{\"@type\":\"ImageObject\",\"inLanguage\":\"fr-FR\",\"@id\":\"https:\/\/tourcruiser.com\/fr\/products\/nike-gt-cut-3-ep-barry-bolt-bolt\/#primaryimage\",\"url\":\"https:\/\/images.novelship.com\/product\/nike_g_t__cut_3_ep__barry_bolt_bolt__dv2918-700_0_69154.jpeg\",\"contentUrl\":\"https:\/\/images.novelship.com\/product\/nike_g_t__cut_3_ep__barry_bolt_bolt__dv2918-700_0_69154.jpeg\"},{\"@type\":\"BreadcrumbList\",\"@id\":\"https:\/\/tourcruiser.com\/fr\/products\/nike-gt-cut-3-ep-barry-bolt-bolt\/#breadcrumb\",\"itemListElement\":[{\"@type\":\"ListItem\",\"position\":1,\"name\":\"Home\",\"item\":\"https:\/\/tourcruiser.com\/fr\/\"},{\"@type\":\"ListItem\",\"position\":2,\"name\":\"Shop\",\"item\":\"https:\/\/tourcruiser.com\/fr\/shop\/\"},{\"@type\":\"ListItem\",\"position\":3,\"name\":\"Nike G.T. Cut 3 EP 'Barry Bolt Bolt'\"}]},{\"@type\":\"WebSite\",\"@id\":\"https:\/\/tourcruiser.com\/fr\/#website\",\"url\":\"https:\/\/tourcruiser.com\/fr\/\",\"name\":\"Styloral Jewelry Shop\",\"description\":\"Tourcruiser Sneaker Store \u2014 L\u2019endroit o\u00f9 l\u2019univers rencontre votre singularit\u00e9.\",\"publisher\":{\"@id\":\"https:\/\/tourcruiser.com\/fr\/#organization\"},\"potentialAction\":[{\"@type\":\"SearchAction\",\"target\":{\"@type\":\"EntryPoint\",\"urlTemplate\":\"https:\/\/tourcruiser.com\/fr\/?s={search_term_string}\"},\"query-input\":{\"@type\":\"PropertyValueSpecification\",\"valueRequired\":true,\"valueName\":\"search_term_string\"}}],\"inLanguage\":\"fr-FR\"},{\"@type\":\"Organization\",\"@id\":\"https:\/\/tourcruiser.com\/fr\/#organization\",\"name\":\"STYLORAL PTE. LTD\",\"url\":\"https:\/\/tourcruiser.com\/fr\/\",\"logo\":{\"@type\":\"ImageObject\",\"inLanguage\":\"fr-FR\",\"@id\":\"https:\/\/tourcruiser.com\/fr\/#\/schema\/logo\/image\/\",\"url\":\"https:\/\/www.tourcruiser.com\/wp-content\/uploads\/2025\/12\/logo.png\",\"contentUrl\":\"https:\/\/www.tourcruiser.com\/wp-content\/uploads\/2025\/12\/logo.png\",\"width\":200,\"height\":65,\"caption\":\"STYLORAL PTE. LTD\"},\"image\":{\"@id\":\"https:\/\/tourcruiser.com\/fr\/#\/schema\/logo\/image\/\"}}]}<\/script>\n<!-- \/ Yoast SEO plugin. -->","yoast_head_json":{"title":"Nike G.T. Cut 3 EP 'Barry Bolt Bolt' - TOURCRUISER PTE. LTD","robots":{"index":"index","follow":"follow","max-snippet":"max-snippet:-1","max-image-preview":"max-image-preview:large","max-video-preview":"max-video-preview:-1"},"canonical":"https:\/\/tourcruiser.com\/fr\/products\/nike-gt-cut-3-ep-barry-bolt-bolt\/","og_locale":"fr_FR","og_type":"article","og_title":"Nike G.T. Cut 3 EP 'Barry Bolt Bolt' - TOURCRUISER PTE. LTD","og_description":"Nike G.T. Cut 3 EP \u201d\u201d Barely Volt\/Volt\/Metallic","og_url":"https:\/\/tourcruiser.com\/fr\/products\/nike-gt-cut-3-ep-barry-bolt-bolt\/","og_site_name":"Tourcruiser Sneaker Store","article_modified_time":"2026-03-14T12:18:11+00:00","twitter_card":"summary_large_image","twitter_image":"https:\/\/images.novelship.com\/product\/nike_g_t__cut_3_ep__barry_bolt_bolt__dv2918-700_0_69154.jpeg","twitter_misc":{"Dur\u00e9e de lecture estim\u00e9e":"1 minute"},"schema":{"@context":"https:\/\/schema.org","@graph":[{"@type":"WebPage","@id":"https:\/\/tourcruiser.com\/fr\/products\/nike-gt-cut-3-ep-barry-bolt-bolt\/","url":"https:\/\/tourcruiser.com\/fr\/products\/nike-gt-cut-3-ep-barry-bolt-bolt\/","name":"Nike G.T. Cut 3 EP 'Barry Bolt Bolt' - TOURCRUISER PTE. LTD","isPartOf":{"@id":"https:\/\/tourcruiser.com\/fr\/#website"},"primaryImageOfPage":{"@id":"https:\/\/tourcruiser.com\/fr\/products\/nike-gt-cut-3-ep-barry-bolt-bolt\/#primaryimage"},"image":{"@id":"https:\/\/tourcruiser.com\/fr\/products\/nike-gt-cut-3-ep-barry-bolt-bolt\/#primaryimage"},"thumbnailUrl":"https:\/\/images.novelship.com\/product\/nike_g_t__cut_3_ep__barry_bolt_bolt__dv2918-700_0_69154.jpeg","datePublished":"2026-03-02T08:50:56+00:00","dateModified":"2026-03-14T12:18:11+00:00","breadcrumb":{"@id":"https:\/\/tourcruiser.com\/fr\/products\/nike-gt-cut-3-ep-barry-bolt-bolt\/#breadcrumb"},"inLanguage":"fr-FR","potentialAction":[{"@type":"ReadAction","target":["https:\/\/tourcruiser.com\/fr\/products\/nike-gt-cut-3-ep-barry-bolt-bolt\/"]}]},{"@type":"ImageObject","inLanguage":"fr-FR","@id":"https:\/\/tourcruiser.com\/fr\/products\/nike-gt-cut-3-ep-barry-bolt-bolt\/#primaryimage","url":"https:\/\/images.novelship.com\/product\/nike_g_t__cut_3_ep__barry_bolt_bolt__dv2918-700_0_69154.jpeg","contentUrl":"https:\/\/images.novelship.com\/product\/nike_g_t__cut_3_ep__barry_bolt_bolt__dv2918-700_0_69154.jpeg"},{"@type":"BreadcrumbList","@id":"https:\/\/tourcruiser.com\/fr\/products\/nike-gt-cut-3-ep-barry-bolt-bolt\/#breadcrumb","itemListElement":[{"@type":"ListItem","position":1,"name":"Home","item":"https:\/\/tourcruiser.com\/fr\/"},{"@type":"ListItem","position":2,"name":"Shop","item":"https:\/\/tourcruiser.com\/fr\/shop\/"},{"@type":"ListItem","position":3,"name":"Nike G.T. Cut 3 EP 'Barry Bolt Bolt'"}]},{"@type":"WebSite","@id":"https:\/\/tourcruiser.com\/fr\/#website","url":"https:\/\/tourcruiser.com\/fr\/","name":"Styloral Jewelry Shop","description":"Tourcruiser Sneaker Store \u2014 L\u2019endroit o\u00f9 l\u2019univers rencontre votre singularit\u00e9.","publisher":{"@id":"https:\/\/tourcruiser.com\/fr\/#organization"},"potentialAction":[{"@type":"SearchAction","target":{"@type":"EntryPoint","urlTemplate":"https:\/\/tourcruiser.com\/fr\/?s={search_term_string}"},"query-input":{"@type":"PropertyValueSpecification","valueRequired":true,"valueName":"search_term_string"}}],"inLanguage":"fr-FR"},{"@type":"Organization","@id":"https:\/\/tourcruiser.com\/fr\/#organization","name":"STYLORAL PTE. LTD","url":"https:\/\/tourcruiser.com\/fr\/","logo":{"@type":"ImageObject","inLanguage":"fr-FR","@id":"https:\/\/tourcruiser.com\/fr\/#\/schema\/logo\/image\/","url":"https:\/\/www.tourcruiser.com\/wp-content\/uploads\/2025\/12\/logo.png","contentUrl":"https:\/\/www.tourcruiser.com\/wp-content\/uploads\/2025\/12\/logo.png","width":200,"height":65,"caption":"STYLORAL PTE. LTD"},"image":{"@id":"https:\/\/tourcruiser.com\/fr\/#\/schema\/logo\/image\/"}}]}},"_links":{"self":[{"href":"https:\/\/tourcruiser.com\/fr\/wp-json\/wp\/v2\/product\/150205","targetHints":{"allow":["GET"]}}],"collection":[{"href":"https:\/\/tourcruiser.com\/fr\/wp-json\/wp\/v2\/product"}],"about":[{"href":"https:\/\/tourcruiser.com\/fr\/wp-json\/wp\/v2\/types\/product"}],"replies":[{"embeddable":true,"href":"https:\/\/tourcruiser.com\/fr\/wp-json\/wp\/v2\/comments?post=150205"}],"wp:featuredmedia":[{"embeddable":true,"href":"https:\/\/tourcruiser.com\/fr\/wp-json\/wp\/v2\/media\/150206"}],"wp:attachment":[{"href":"https:\/\/tourcruiser.com\/fr\/wp-json\/wp\/v2\/media?parent=150205"}],"wp:term":[{"taxonomy":"product_brand","embeddable":true,"href":"https:\/\/tourcruiser.com\/fr\/wp-json\/wp\/v2\/product_brand?post=150205"},{"taxonomy":"product_cat","embeddable":true,"href":"https:\/\/tourcruiser.com\/fr\/wp-json\/wp\/v2\/product_cat?post=150205"},{"taxonomy":"product_tag","embeddable":true,"href":"https:\/\/tourcruiser.com\/fr\/wp-json\/wp\/v2\/product_tag?post=150205"}],"curies":[{"name":"wp","href":"https:\/\/api.w.org\/{rel}","templated":true}]}}