{"id":14976,"date":"2026-02-20T14:59:02","date_gmt":"2026-02-20T07:59:02","guid":{"rendered":"http:\/\/tourcruiser.com\/product\/bronx-girls-skate-x-dunk-low-sb-mel-kava-hv1664-001"},"modified":"2026-03-14T17:46:00","modified_gmt":"2026-03-14T10:46:00","slug":"bronx-girls-skate-x-dunk-low-sb-mel-kava-hv1664-001","status":"publish","type":"product","link":"https:\/\/tourcruiser.com\/fr\/products\/bronx-girls-skate-x-dunk-low-sb-mel-kava-hv1664-001\/","title":{"rendered":"Nike Bronx Girls Skate x Dunk Low SB &lsquo;Mel &#038; Kava&rsquo;"},"content":{"rendered":"<p>D\u00e9couvrez la Bronx Girls Skate x Nike Dunk Low SB \u00ab\u00a0Mel &#038; Kava\u00a0\u00bb HV1664-001\u00a0: une collaboration audacieuse c\u00e9l\u00e9brant la culture skate et l\u2019art urbain avec un style et des performances in\u00e9gal\u00e9s. Cette sneaker en \u00e9dition limit\u00e9e arbore une empeigne en cuir et daim premium et une palette de couleurs saisissante, inspir\u00e9e par l\u2019esprit cr\u00e9atif de Mel et Kava, deux ic\u00f4nes de la sc\u00e8ne skate. Son design robuste offre un maintien optimal pour le skate, tandis que sa semelle interm\u00e9diaire Zoom Air assure un confort r\u00e9actif, que vous soyez dans la rue ou au skatepark. Des d\u00e9tails de marque subtils et des coutures travaill\u00e9es refl\u00e8tent l\u2019essence m\u00eame de la culture skate du Bronx, faisant de chaque paire une v\u00e9ritable \u0153uvre d\u2019art \u00e0 porter. Avec son allure intemporelle et son souci du d\u00e9tail, cette sneaker allie fonctionnalit\u00e9 et cr\u00e9ativit\u00e9, s\u00e9duisant les skateurs, les passionn\u00e9s de sneakers et les personnes soucieuses de leur style dans le monde entier. Affirmez votre style et votre appartenance \u00e0 la dynamique communaut\u00e9 skate avec une paire de chaussures qui incarnent l\u2019individualit\u00e9 et la perfection artisanale. Coloris\u00a0: Noir\/Blanc-Rouge Challenge-Orange Total-Vert Lucky-Gris Fum\u00e9 Code article\u00a0: HV1664-001 Mati\u00e8re ext\u00e9rieure\u00a0: Cuir Semelle interm\u00e9diaire\u00a0: Zoom Air Couleur\u00a0: Noir Saison\u00a0: Hiver Ann\u00e9e de sortie\u00a0: 2025<\/p>\n","protected":false},"excerpt":{"rendered":"<p>Nike SB Dunk Low \u2014 Black\/White-Challenge Red-Total Orange-Lucky Green-Smoke Grey<\/p>\n","protected":false},"featured_media":14977,"comment_status":"open","ping_status":"closed","template":"","meta":[],"product_brand":[],"product_cat":[6654],"product_tag":[],"class_list":{"0":"post-14976","1":"product","2":"type-product","3":"status-publish","4":"has-post-thumbnail","6":"product_cat-nike-2026","7":"wcpa_has_options","9":"first","10":"instock","11":"taxable","12":"shipping-taxable","13":"purchasable","14":"product-type-simple"},"wcpa_form_fields":{"rules":{"pric_overide_base_price":false,"pric_overide_base_price_if_gt_zero":false,"pric_overide_base_price_fully":false,"pric_cal_option_once":false,"pric_use_as_fee":false,"bind_quantity":false,"quantity_bind_formula":false},"fields":[{"type":"color-group","required":true,"elementId":"wcpa-color-group-66c4a75505e74","label":"Taille","inline":true,"priceOptions":"different_for_all","pricingType":"fixed","className":"hassizechart product-shoes-size-eu product-shoes-size","name":"color-group-66c4a75505e89","disp_type":"square","selection_type":"tick-border","disp_size":"44","show_label_inside":true,"adjust_width":true,"cart_display_type":"text","other_text":"Other","cl_rule":"show","col":6,"values":[{"label":"35.5","value":"EU 35.5","price":"","pimage":"","pimage_id":"","pthumb":"","color":""},{"label":"36","value":"EU 36","price":"","pimage":"","pimage_id":"","pthumb":"","color":"","selected":true},{"label":"36.5","value":"EU 36.5","price":"","pimage":"","pimage_id":"","pthumb":"","color":""},{"label":"37.5","value":"EU 37.5","price":"","pimage":"","pimage_id":"","pthumb":"","color":""},{"label":"38","value":"EU 38","price":"","pimage":"","pimage_id":"","pthumb":"","color":""},{"label":"38.5","value":"EU 38.5","price":"","pimage":"","pimage_id":"","pthumb":"","color":""},{"label":"39","value":"EU 39","price":"","pimage":"","pimage_id":"","pthumb":"","color":""},{"label":"40","value":"EU 40","price":"","pimage":"","pimage_id":"","pthumb":"","color":""},{"label":"40.5","value":"EU 40.5","price":"","pimage":"","pimage_id":"","pthumb":"","color":""},{"label":"41","value":"EU 41","price":"","pimage":"","pimage_id":"","pthumb":"","color":""},{"label":"42","value":"EU 42","price":"","pimage":"","pimage_id":"","pthumb":"","color":""},{"label":"42.5","value":"EU 42.5","price":"","pimage":"","pimage_id":"","pthumb":"","color":""},{"label":"43","value":"EU 43","price":"","pimage":"","pimage_id":"","pthumb":"","color":""},{"label":"44","value":"EU 44","price":"","pimage":"","pimage_id":"","pthumb":"","color":""},{"label":"44.5","value":"EU 44.5","price":"","pimage":"","pimage_id":"","pthumb":"","color":""},{"label":"45","value":"EU 45","price":"","pimage":"","pimage_id":"","pthumb":"","color":""},{"label":"45.5","value":"EU 45.5","price":"","pimage":"","pimage_id":"","pthumb":"","color":""},{"label":"46","value":"EU 46","price":"","pimage":"","pimage_id":"","pthumb":"","color":""},{"label":"47","value":"EU 47","price":"","pimage":"","pimage_id":"","pthumb":"","color":""},{"label":"47.5","value":"EU 47.5","price":"","pimage":"","pimage_id":"","pthumb":"","color":""},{"label":"48","value":"EU 48","price":"","pimage":"","pimage_id":"","pthumb":"","color":""}],"relations":[{"operator":false,"rules":[]}],"form_id":18106,"form_rules":{"pric_cal_option_once":false,"exclude_from_discount":false,"pric_use_as_fee":false,"fee_label":"Fee","render_after_acb":false,"disp_hide_options_price":false}}]},"yoast_head":"<!-- This site is optimized with the Yoast SEO plugin v26.5 - https:\/\/yoast.com\/wordpress\/plugins\/seo\/ -->\n<title>Nike Bronx Girls Skate x Dunk Low SB &#039;Mel &amp; Kava&#039; - TOURCRUISER PTE. LTD<\/title>\n<meta name=\"robots\" content=\"index, follow, max-snippet:-1, max-image-preview:large, max-video-preview:-1\" \/>\n<link rel=\"canonical\" href=\"https:\/\/tourcruiser.com\/fr\/products\/bronx-girls-skate-x-dunk-low-sb-mel-kava-hv1664-001\/\" \/>\n<meta property=\"og:locale\" content=\"fr_FR\" \/>\n<meta property=\"og:type\" content=\"article\" \/>\n<meta property=\"og:title\" content=\"Nike Bronx Girls Skate x Dunk Low SB &#039;Mel &amp; Kava&#039; - TOURCRUISER PTE. LTD\" \/>\n<meta property=\"og:description\" content=\"Nike SB Dunk Low \u2014 Black\/White-Challenge Red-Total Orange-Lucky Green-Smoke Grey\" \/>\n<meta property=\"og:url\" content=\"https:\/\/tourcruiser.com\/fr\/products\/bronx-girls-skate-x-dunk-low-sb-mel-kava-hv1664-001\/\" \/>\n<meta property=\"og:site_name\" content=\"Tourcruiser Sneaker Store\" \/>\n<meta property=\"article:modified_time\" content=\"2026-03-14T10:46:00+00:00\" \/>\n<meta name=\"twitter:card\" content=\"summary_large_image\" \/>\n<meta name=\"twitter:image\" content=\"https:\/\/images.novelship.com\/product\/bronx_girls_skate_x_nike_dunk_low_sb__mel___kava___0_64007.jpeg\" \/>\n<meta name=\"twitter:label1\" content=\"Dur\u00e9e de lecture estim\u00e9e\" \/>\n\t<meta name=\"twitter:data1\" content=\"1 minute\" \/>\n<script type=\"application\/ld+json\" class=\"yoast-schema-graph\">{\"@context\":\"https:\/\/schema.org\",\"@graph\":[{\"@type\":\"WebPage\",\"@id\":\"https:\/\/tourcruiser.com\/fr\/products\/bronx-girls-skate-x-dunk-low-sb-mel-kava-hv1664-001\/\",\"url\":\"https:\/\/tourcruiser.com\/fr\/products\/bronx-girls-skate-x-dunk-low-sb-mel-kava-hv1664-001\/\",\"name\":\"Nike Bronx Girls Skate x Dunk Low SB 'Mel & Kava' - TOURCRUISER PTE. LTD\",\"isPartOf\":{\"@id\":\"https:\/\/tourcruiser.com\/fr\/#website\"},\"primaryImageOfPage\":{\"@id\":\"https:\/\/tourcruiser.com\/fr\/products\/bronx-girls-skate-x-dunk-low-sb-mel-kava-hv1664-001\/#primaryimage\"},\"image\":{\"@id\":\"https:\/\/tourcruiser.com\/fr\/products\/bronx-girls-skate-x-dunk-low-sb-mel-kava-hv1664-001\/#primaryimage\"},\"thumbnailUrl\":\"https:\/\/images.novelship.com\/product\/bronx_girls_skate_x_nike_dunk_low_sb__mel___kava___0_64007.jpeg\",\"datePublished\":\"2026-02-20T07:59:02+00:00\",\"dateModified\":\"2026-03-14T10:46:00+00:00\",\"breadcrumb\":{\"@id\":\"https:\/\/tourcruiser.com\/fr\/products\/bronx-girls-skate-x-dunk-low-sb-mel-kava-hv1664-001\/#breadcrumb\"},\"inLanguage\":\"fr-FR\",\"potentialAction\":[{\"@type\":\"ReadAction\",\"target\":[\"https:\/\/tourcruiser.com\/fr\/products\/bronx-girls-skate-x-dunk-low-sb-mel-kava-hv1664-001\/\"]}]},{\"@type\":\"ImageObject\",\"inLanguage\":\"fr-FR\",\"@id\":\"https:\/\/tourcruiser.com\/fr\/products\/bronx-girls-skate-x-dunk-low-sb-mel-kava-hv1664-001\/#primaryimage\",\"url\":\"https:\/\/images.novelship.com\/product\/bronx_girls_skate_x_nike_dunk_low_sb__mel___kava___0_64007.jpeg\",\"contentUrl\":\"https:\/\/images.novelship.com\/product\/bronx_girls_skate_x_nike_dunk_low_sb__mel___kava___0_64007.jpeg\"},{\"@type\":\"BreadcrumbList\",\"@id\":\"https:\/\/tourcruiser.com\/fr\/products\/bronx-girls-skate-x-dunk-low-sb-mel-kava-hv1664-001\/#breadcrumb\",\"itemListElement\":[{\"@type\":\"ListItem\",\"position\":1,\"name\":\"Home\",\"item\":\"https:\/\/tourcruiser.com\/fr\/\"},{\"@type\":\"ListItem\",\"position\":2,\"name\":\"Shop\",\"item\":\"https:\/\/tourcruiser.com\/fr\/shop\/\"},{\"@type\":\"ListItem\",\"position\":3,\"name\":\"Nike Bronx Girls Skate x Dunk Low SB 'Mel &#038; Kava'\"}]},{\"@type\":\"WebSite\",\"@id\":\"https:\/\/tourcruiser.com\/fr\/#website\",\"url\":\"https:\/\/tourcruiser.com\/fr\/\",\"name\":\"Styloral Jewelry Shop\",\"description\":\"Tourcruiser Sneaker Store \u2014 L\u2019endroit o\u00f9 l\u2019univers rencontre votre singularit\u00e9.\",\"publisher\":{\"@id\":\"https:\/\/tourcruiser.com\/fr\/#organization\"},\"potentialAction\":[{\"@type\":\"SearchAction\",\"target\":{\"@type\":\"EntryPoint\",\"urlTemplate\":\"https:\/\/tourcruiser.com\/fr\/?s={search_term_string}\"},\"query-input\":{\"@type\":\"PropertyValueSpecification\",\"valueRequired\":true,\"valueName\":\"search_term_string\"}}],\"inLanguage\":\"fr-FR\"},{\"@type\":\"Organization\",\"@id\":\"https:\/\/tourcruiser.com\/fr\/#organization\",\"name\":\"STYLORAL PTE. LTD\",\"url\":\"https:\/\/tourcruiser.com\/fr\/\",\"logo\":{\"@type\":\"ImageObject\",\"inLanguage\":\"fr-FR\",\"@id\":\"https:\/\/tourcruiser.com\/fr\/#\/schema\/logo\/image\/\",\"url\":\"https:\/\/www.tourcruiser.com\/wp-content\/uploads\/2025\/12\/logo.png\",\"contentUrl\":\"https:\/\/www.tourcruiser.com\/wp-content\/uploads\/2025\/12\/logo.png\",\"width\":200,\"height\":65,\"caption\":\"STYLORAL PTE. LTD\"},\"image\":{\"@id\":\"https:\/\/tourcruiser.com\/fr\/#\/schema\/logo\/image\/\"}}]}<\/script>\n<!-- \/ Yoast SEO plugin. -->","yoast_head_json":{"title":"Nike Bronx Girls Skate x Dunk Low SB 'Mel & Kava' - TOURCRUISER PTE. LTD","robots":{"index":"index","follow":"follow","max-snippet":"max-snippet:-1","max-image-preview":"max-image-preview:large","max-video-preview":"max-video-preview:-1"},"canonical":"https:\/\/tourcruiser.com\/fr\/products\/bronx-girls-skate-x-dunk-low-sb-mel-kava-hv1664-001\/","og_locale":"fr_FR","og_type":"article","og_title":"Nike Bronx Girls Skate x Dunk Low SB 'Mel & Kava' - TOURCRUISER PTE. LTD","og_description":"Nike SB Dunk Low \u2014 Black\/White-Challenge Red-Total Orange-Lucky Green-Smoke Grey","og_url":"https:\/\/tourcruiser.com\/fr\/products\/bronx-girls-skate-x-dunk-low-sb-mel-kava-hv1664-001\/","og_site_name":"Tourcruiser Sneaker Store","article_modified_time":"2026-03-14T10:46:00+00:00","twitter_card":"summary_large_image","twitter_image":"https:\/\/images.novelship.com\/product\/bronx_girls_skate_x_nike_dunk_low_sb__mel___kava___0_64007.jpeg","twitter_misc":{"Dur\u00e9e de lecture estim\u00e9e":"1 minute"},"schema":{"@context":"https:\/\/schema.org","@graph":[{"@type":"WebPage","@id":"https:\/\/tourcruiser.com\/fr\/products\/bronx-girls-skate-x-dunk-low-sb-mel-kava-hv1664-001\/","url":"https:\/\/tourcruiser.com\/fr\/products\/bronx-girls-skate-x-dunk-low-sb-mel-kava-hv1664-001\/","name":"Nike Bronx Girls Skate x Dunk Low SB 'Mel & Kava' - TOURCRUISER PTE. LTD","isPartOf":{"@id":"https:\/\/tourcruiser.com\/fr\/#website"},"primaryImageOfPage":{"@id":"https:\/\/tourcruiser.com\/fr\/products\/bronx-girls-skate-x-dunk-low-sb-mel-kava-hv1664-001\/#primaryimage"},"image":{"@id":"https:\/\/tourcruiser.com\/fr\/products\/bronx-girls-skate-x-dunk-low-sb-mel-kava-hv1664-001\/#primaryimage"},"thumbnailUrl":"https:\/\/images.novelship.com\/product\/bronx_girls_skate_x_nike_dunk_low_sb__mel___kava___0_64007.jpeg","datePublished":"2026-02-20T07:59:02+00:00","dateModified":"2026-03-14T10:46:00+00:00","breadcrumb":{"@id":"https:\/\/tourcruiser.com\/fr\/products\/bronx-girls-skate-x-dunk-low-sb-mel-kava-hv1664-001\/#breadcrumb"},"inLanguage":"fr-FR","potentialAction":[{"@type":"ReadAction","target":["https:\/\/tourcruiser.com\/fr\/products\/bronx-girls-skate-x-dunk-low-sb-mel-kava-hv1664-001\/"]}]},{"@type":"ImageObject","inLanguage":"fr-FR","@id":"https:\/\/tourcruiser.com\/fr\/products\/bronx-girls-skate-x-dunk-low-sb-mel-kava-hv1664-001\/#primaryimage","url":"https:\/\/images.novelship.com\/product\/bronx_girls_skate_x_nike_dunk_low_sb__mel___kava___0_64007.jpeg","contentUrl":"https:\/\/images.novelship.com\/product\/bronx_girls_skate_x_nike_dunk_low_sb__mel___kava___0_64007.jpeg"},{"@type":"BreadcrumbList","@id":"https:\/\/tourcruiser.com\/fr\/products\/bronx-girls-skate-x-dunk-low-sb-mel-kava-hv1664-001\/#breadcrumb","itemListElement":[{"@type":"ListItem","position":1,"name":"Home","item":"https:\/\/tourcruiser.com\/fr\/"},{"@type":"ListItem","position":2,"name":"Shop","item":"https:\/\/tourcruiser.com\/fr\/shop\/"},{"@type":"ListItem","position":3,"name":"Nike Bronx Girls Skate x Dunk Low SB 'Mel &#038; Kava'"}]},{"@type":"WebSite","@id":"https:\/\/tourcruiser.com\/fr\/#website","url":"https:\/\/tourcruiser.com\/fr\/","name":"Styloral Jewelry Shop","description":"Tourcruiser Sneaker Store \u2014 L\u2019endroit o\u00f9 l\u2019univers rencontre votre singularit\u00e9.","publisher":{"@id":"https:\/\/tourcruiser.com\/fr\/#organization"},"potentialAction":[{"@type":"SearchAction","target":{"@type":"EntryPoint","urlTemplate":"https:\/\/tourcruiser.com\/fr\/?s={search_term_string}"},"query-input":{"@type":"PropertyValueSpecification","valueRequired":true,"valueName":"search_term_string"}}],"inLanguage":"fr-FR"},{"@type":"Organization","@id":"https:\/\/tourcruiser.com\/fr\/#organization","name":"STYLORAL PTE. LTD","url":"https:\/\/tourcruiser.com\/fr\/","logo":{"@type":"ImageObject","inLanguage":"fr-FR","@id":"https:\/\/tourcruiser.com\/fr\/#\/schema\/logo\/image\/","url":"https:\/\/www.tourcruiser.com\/wp-content\/uploads\/2025\/12\/logo.png","contentUrl":"https:\/\/www.tourcruiser.com\/wp-content\/uploads\/2025\/12\/logo.png","width":200,"height":65,"caption":"STYLORAL PTE. LTD"},"image":{"@id":"https:\/\/tourcruiser.com\/fr\/#\/schema\/logo\/image\/"}}]}},"_links":{"self":[{"href":"https:\/\/tourcruiser.com\/fr\/wp-json\/wp\/v2\/product\/14976","targetHints":{"allow":["GET"]}}],"collection":[{"href":"https:\/\/tourcruiser.com\/fr\/wp-json\/wp\/v2\/product"}],"about":[{"href":"https:\/\/tourcruiser.com\/fr\/wp-json\/wp\/v2\/types\/product"}],"replies":[{"embeddable":true,"href":"https:\/\/tourcruiser.com\/fr\/wp-json\/wp\/v2\/comments?post=14976"}],"wp:featuredmedia":[{"embeddable":true,"href":"https:\/\/tourcruiser.com\/fr\/wp-json\/wp\/v2\/media\/14977"}],"wp:attachment":[{"href":"https:\/\/tourcruiser.com\/fr\/wp-json\/wp\/v2\/media?parent=14976"}],"wp:term":[{"taxonomy":"product_brand","embeddable":true,"href":"https:\/\/tourcruiser.com\/fr\/wp-json\/wp\/v2\/product_brand?post=14976"},{"taxonomy":"product_cat","embeddable":true,"href":"https:\/\/tourcruiser.com\/fr\/wp-json\/wp\/v2\/product_cat?post=14976"},{"taxonomy":"product_tag","embeddable":true,"href":"https:\/\/tourcruiser.com\/fr\/wp-json\/wp\/v2\/product_tag?post=14976"}],"curies":[{"name":"wp","href":"https:\/\/api.w.org\/{rel}","templated":true}]}}