{"id":14919,"date":"2026-02-20T14:58:44","date_gmt":"2026-02-20T07:58:44","guid":{"rendered":"http:\/\/tourcruiser.com\/product\/victor-wembanyama-x-nike-gt-cut-4-all-star-ib6729-910"},"modified":"2026-03-14T17:48:47","modified_gmt":"2026-03-14T10:48:47","slug":"victor-wembanyama-x-nike-gt-cut-4-all-star-ib6729-910","status":"publish","type":"product","link":"https:\/\/tourcruiser.com\/fr\/products\/victor-wembanyama-x-nike-gt-cut-4-all-star-ib6729-910\/","title":{"rendered":"Victor Wembanyama x Nike GT Cut 4 &lsquo;All-Star&rsquo;"},"content":{"rendered":"<p>Dominez le terrain avec les chaussures de basketball Victor Wembanyama x Nike GT Cut 4 \u00ab\u00a0All-Star\u00a0\u00bb, con\u00e7ues pour l&rsquo;agilit\u00e9, le confort et le style. Gr\u00e2ce \u00e0 un amorti de pointe et des mat\u00e9riaux l\u00e9gers, ces sneakers offrent un maintien et une r\u00e9activit\u00e9 exceptionnels pour un jeu de haut niveau. Avec son design saisissant et percutant, reflet du style inimitable de Victor Wembanyama, la GT Cut 4 \u00ab\u00a0All-Star\u00a0\u00bb allie fonctionnalit\u00e9 et esth\u00e9tique moderne. Que vous p\u00e9n\u00e9triez dans la raquette ou effectuiez des changements de direction pr\u00e9cis, la Nike GT Cut 4 garantit une adh\u00e9rence et un contr\u00f4le du pied optimaux pour des performances accrues. Ces chaussures \u00e9pousent parfaitement la forme du pied et offrent un maintien \u00e0 la fois s\u00fbr et flexible, id\u00e9al pour les athl\u00e8tes professionnels et les joueurs de basketball ambitieux qui souhaitent repousser leurs limites. Pr\u00eat \u00e0 dominer le terrain\u00a0? D\u00e9couvrez l&rsquo;innovation et le savoir-faire de cette collaboration exceptionnelle, arborant un design iconique de star. Coloris\u00a0: Multicolore\/Noir-M\u00e9tallis\u00e9-Platine-Bleu glacier-Violet d\u00e9lav\u00e9 R\u00e9f\u00e9rence\u00a0: IB6729-910 Mati\u00e8re ext\u00e9rieure\u00a0: Cuir Couleur\u00a0: Multicolore Saison\u00a0: Hiver Ann\u00e9e de sortie\u00a0: 2026<\/p>\n","protected":false},"excerpt":{"rendered":"<p>Nike GT Cut 4 \u2014 Multi-Color\/Black-Metallic Platinum-Glacier Blue-Bleached Lilac<\/p>\n","protected":false},"featured_media":14920,"comment_status":"open","ping_status":"closed","template":"","meta":[],"product_brand":[],"product_cat":[6654],"product_tag":[],"class_list":{"0":"post-14919","1":"product","2":"type-product","3":"status-publish","4":"has-post-thumbnail","6":"product_cat-nike-2026","7":"wcpa_has_options","9":"first","10":"instock","11":"taxable","12":"shipping-taxable","13":"purchasable","14":"product-type-simple"},"wcpa_form_fields":{"rules":{"pric_overide_base_price":false,"pric_overide_base_price_if_gt_zero":false,"pric_overide_base_price_fully":false,"pric_cal_option_once":false,"pric_use_as_fee":false,"bind_quantity":false,"quantity_bind_formula":false},"fields":[{"type":"color-group","required":true,"elementId":"wcpa-color-group-66c4a75505e74","label":"Taille","inline":true,"priceOptions":"different_for_all","pricingType":"fixed","className":"hassizechart product-shoes-size-eu product-shoes-size","name":"color-group-66c4a75505e89","disp_type":"square","selection_type":"tick-border","disp_size":"44","show_label_inside":true,"adjust_width":true,"cart_display_type":"text","other_text":"Other","cl_rule":"show","col":6,"values":[{"label":"35.5","value":"EU 35.5","price":"","pimage":"","pimage_id":"","pthumb":"","color":""},{"label":"36","value":"EU 36","price":"","pimage":"","pimage_id":"","pthumb":"","color":"","selected":true},{"label":"36.5","value":"EU 36.5","price":"","pimage":"","pimage_id":"","pthumb":"","color":""},{"label":"37.5","value":"EU 37.5","price":"","pimage":"","pimage_id":"","pthumb":"","color":""},{"label":"38","value":"EU 38","price":"","pimage":"","pimage_id":"","pthumb":"","color":""},{"label":"38.5","value":"EU 38.5","price":"","pimage":"","pimage_id":"","pthumb":"","color":""},{"label":"39","value":"EU 39","price":"","pimage":"","pimage_id":"","pthumb":"","color":""},{"label":"40","value":"EU 40","price":"","pimage":"","pimage_id":"","pthumb":"","color":""},{"label":"40.5","value":"EU 40.5","price":"","pimage":"","pimage_id":"","pthumb":"","color":""},{"label":"41","value":"EU 41","price":"","pimage":"","pimage_id":"","pthumb":"","color":""},{"label":"42","value":"EU 42","price":"","pimage":"","pimage_id":"","pthumb":"","color":""},{"label":"42.5","value":"EU 42.5","price":"","pimage":"","pimage_id":"","pthumb":"","color":""},{"label":"43","value":"EU 43","price":"","pimage":"","pimage_id":"","pthumb":"","color":""},{"label":"44","value":"EU 44","price":"","pimage":"","pimage_id":"","pthumb":"","color":""},{"label":"44.5","value":"EU 44.5","price":"","pimage":"","pimage_id":"","pthumb":"","color":""},{"label":"45","value":"EU 45","price":"","pimage":"","pimage_id":"","pthumb":"","color":""},{"label":"45.5","value":"EU 45.5","price":"","pimage":"","pimage_id":"","pthumb":"","color":""},{"label":"46","value":"EU 46","price":"","pimage":"","pimage_id":"","pthumb":"","color":""},{"label":"47","value":"EU 47","price":"","pimage":"","pimage_id":"","pthumb":"","color":""},{"label":"47.5","value":"EU 47.5","price":"","pimage":"","pimage_id":"","pthumb":"","color":""},{"label":"48","value":"EU 48","price":"","pimage":"","pimage_id":"","pthumb":"","color":""}],"relations":[{"operator":false,"rules":[]}],"form_id":18106,"form_rules":{"pric_cal_option_once":false,"exclude_from_discount":false,"pric_use_as_fee":false,"fee_label":"Fee","render_after_acb":false,"disp_hide_options_price":false}}]},"yoast_head":"<!-- This site is optimized with the Yoast SEO plugin v26.5 - https:\/\/yoast.com\/wordpress\/plugins\/seo\/ -->\n<title>Victor Wembanyama x Nike GT Cut 4 &#039;All-Star&#039; - TOURCRUISER PTE. LTD<\/title>\n<meta name=\"robots\" content=\"index, follow, max-snippet:-1, max-image-preview:large, max-video-preview:-1\" \/>\n<link rel=\"canonical\" href=\"https:\/\/tourcruiser.com\/fr\/products\/victor-wembanyama-x-nike-gt-cut-4-all-star-ib6729-910\/\" \/>\n<meta property=\"og:locale\" content=\"fr_FR\" \/>\n<meta property=\"og:type\" content=\"article\" \/>\n<meta property=\"og:title\" content=\"Victor Wembanyama x Nike GT Cut 4 &#039;All-Star&#039; - TOURCRUISER PTE. LTD\" \/>\n<meta property=\"og:description\" content=\"Nike GT Cut 4 \u2014 Multi-Color\/Black-Metallic Platinum-Glacier Blue-Bleached Lilac\" \/>\n<meta property=\"og:url\" content=\"https:\/\/tourcruiser.com\/fr\/products\/victor-wembanyama-x-nike-gt-cut-4-all-star-ib6729-910\/\" \/>\n<meta property=\"og:site_name\" content=\"Tourcruiser Sneaker Store\" \/>\n<meta property=\"article:modified_time\" content=\"2026-03-14T10:48:47+00:00\" \/>\n<meta name=\"twitter:card\" content=\"summary_large_image\" \/>\n<meta name=\"twitter:image\" content=\"https:\/\/images.novelship.com\/product\/victor_wembanyama_x_nike_gt_cut_4__all-star__ib672_0_22915.jpeg\" \/>\n<meta name=\"twitter:label1\" content=\"Dur\u00e9e de lecture estim\u00e9e\" \/>\n\t<meta name=\"twitter:data1\" content=\"1 minute\" \/>\n<script type=\"application\/ld+json\" class=\"yoast-schema-graph\">{\"@context\":\"https:\/\/schema.org\",\"@graph\":[{\"@type\":\"WebPage\",\"@id\":\"https:\/\/tourcruiser.com\/fr\/products\/victor-wembanyama-x-nike-gt-cut-4-all-star-ib6729-910\/\",\"url\":\"https:\/\/tourcruiser.com\/fr\/products\/victor-wembanyama-x-nike-gt-cut-4-all-star-ib6729-910\/\",\"name\":\"Victor Wembanyama x Nike GT Cut 4 'All-Star' - TOURCRUISER PTE. LTD\",\"isPartOf\":{\"@id\":\"https:\/\/tourcruiser.com\/fr\/#website\"},\"primaryImageOfPage\":{\"@id\":\"https:\/\/tourcruiser.com\/fr\/products\/victor-wembanyama-x-nike-gt-cut-4-all-star-ib6729-910\/#primaryimage\"},\"image\":{\"@id\":\"https:\/\/tourcruiser.com\/fr\/products\/victor-wembanyama-x-nike-gt-cut-4-all-star-ib6729-910\/#primaryimage\"},\"thumbnailUrl\":\"https:\/\/images.novelship.com\/product\/victor_wembanyama_x_nike_gt_cut_4__all-star__ib672_0_22915.jpeg\",\"datePublished\":\"2026-02-20T07:58:44+00:00\",\"dateModified\":\"2026-03-14T10:48:47+00:00\",\"breadcrumb\":{\"@id\":\"https:\/\/tourcruiser.com\/fr\/products\/victor-wembanyama-x-nike-gt-cut-4-all-star-ib6729-910\/#breadcrumb\"},\"inLanguage\":\"fr-FR\",\"potentialAction\":[{\"@type\":\"ReadAction\",\"target\":[\"https:\/\/tourcruiser.com\/fr\/products\/victor-wembanyama-x-nike-gt-cut-4-all-star-ib6729-910\/\"]}]},{\"@type\":\"ImageObject\",\"inLanguage\":\"fr-FR\",\"@id\":\"https:\/\/tourcruiser.com\/fr\/products\/victor-wembanyama-x-nike-gt-cut-4-all-star-ib6729-910\/#primaryimage\",\"url\":\"https:\/\/images.novelship.com\/product\/victor_wembanyama_x_nike_gt_cut_4__all-star__ib672_0_22915.jpeg\",\"contentUrl\":\"https:\/\/images.novelship.com\/product\/victor_wembanyama_x_nike_gt_cut_4__all-star__ib672_0_22915.jpeg\"},{\"@type\":\"BreadcrumbList\",\"@id\":\"https:\/\/tourcruiser.com\/fr\/products\/victor-wembanyama-x-nike-gt-cut-4-all-star-ib6729-910\/#breadcrumb\",\"itemListElement\":[{\"@type\":\"ListItem\",\"position\":1,\"name\":\"Home\",\"item\":\"https:\/\/tourcruiser.com\/fr\/\"},{\"@type\":\"ListItem\",\"position\":2,\"name\":\"Shop\",\"item\":\"https:\/\/tourcruiser.com\/fr\/shop\/\"},{\"@type\":\"ListItem\",\"position\":3,\"name\":\"Victor Wembanyama x Nike GT Cut 4 'All-Star'\"}]},{\"@type\":\"WebSite\",\"@id\":\"https:\/\/tourcruiser.com\/fr\/#website\",\"url\":\"https:\/\/tourcruiser.com\/fr\/\",\"name\":\"Styloral Jewelry Shop\",\"description\":\"Tourcruiser Sneaker Store \u2014 L\u2019endroit o\u00f9 l\u2019univers rencontre votre singularit\u00e9.\",\"publisher\":{\"@id\":\"https:\/\/tourcruiser.com\/fr\/#organization\"},\"potentialAction\":[{\"@type\":\"SearchAction\",\"target\":{\"@type\":\"EntryPoint\",\"urlTemplate\":\"https:\/\/tourcruiser.com\/fr\/?s={search_term_string}\"},\"query-input\":{\"@type\":\"PropertyValueSpecification\",\"valueRequired\":true,\"valueName\":\"search_term_string\"}}],\"inLanguage\":\"fr-FR\"},{\"@type\":\"Organization\",\"@id\":\"https:\/\/tourcruiser.com\/fr\/#organization\",\"name\":\"STYLORAL PTE. LTD\",\"url\":\"https:\/\/tourcruiser.com\/fr\/\",\"logo\":{\"@type\":\"ImageObject\",\"inLanguage\":\"fr-FR\",\"@id\":\"https:\/\/tourcruiser.com\/fr\/#\/schema\/logo\/image\/\",\"url\":\"https:\/\/www.tourcruiser.com\/wp-content\/uploads\/2025\/12\/logo.png\",\"contentUrl\":\"https:\/\/www.tourcruiser.com\/wp-content\/uploads\/2025\/12\/logo.png\",\"width\":200,\"height\":65,\"caption\":\"STYLORAL PTE. LTD\"},\"image\":{\"@id\":\"https:\/\/tourcruiser.com\/fr\/#\/schema\/logo\/image\/\"}}]}<\/script>\n<!-- \/ Yoast SEO plugin. -->","yoast_head_json":{"title":"Victor Wembanyama x Nike GT Cut 4 'All-Star' - TOURCRUISER PTE. LTD","robots":{"index":"index","follow":"follow","max-snippet":"max-snippet:-1","max-image-preview":"max-image-preview:large","max-video-preview":"max-video-preview:-1"},"canonical":"https:\/\/tourcruiser.com\/fr\/products\/victor-wembanyama-x-nike-gt-cut-4-all-star-ib6729-910\/","og_locale":"fr_FR","og_type":"article","og_title":"Victor Wembanyama x Nike GT Cut 4 'All-Star' - TOURCRUISER PTE. LTD","og_description":"Nike GT Cut 4 \u2014 Multi-Color\/Black-Metallic Platinum-Glacier Blue-Bleached Lilac","og_url":"https:\/\/tourcruiser.com\/fr\/products\/victor-wembanyama-x-nike-gt-cut-4-all-star-ib6729-910\/","og_site_name":"Tourcruiser Sneaker Store","article_modified_time":"2026-03-14T10:48:47+00:00","twitter_card":"summary_large_image","twitter_image":"https:\/\/images.novelship.com\/product\/victor_wembanyama_x_nike_gt_cut_4__all-star__ib672_0_22915.jpeg","twitter_misc":{"Dur\u00e9e de lecture estim\u00e9e":"1 minute"},"schema":{"@context":"https:\/\/schema.org","@graph":[{"@type":"WebPage","@id":"https:\/\/tourcruiser.com\/fr\/products\/victor-wembanyama-x-nike-gt-cut-4-all-star-ib6729-910\/","url":"https:\/\/tourcruiser.com\/fr\/products\/victor-wembanyama-x-nike-gt-cut-4-all-star-ib6729-910\/","name":"Victor Wembanyama x Nike GT Cut 4 'All-Star' - TOURCRUISER PTE. LTD","isPartOf":{"@id":"https:\/\/tourcruiser.com\/fr\/#website"},"primaryImageOfPage":{"@id":"https:\/\/tourcruiser.com\/fr\/products\/victor-wembanyama-x-nike-gt-cut-4-all-star-ib6729-910\/#primaryimage"},"image":{"@id":"https:\/\/tourcruiser.com\/fr\/products\/victor-wembanyama-x-nike-gt-cut-4-all-star-ib6729-910\/#primaryimage"},"thumbnailUrl":"https:\/\/images.novelship.com\/product\/victor_wembanyama_x_nike_gt_cut_4__all-star__ib672_0_22915.jpeg","datePublished":"2026-02-20T07:58:44+00:00","dateModified":"2026-03-14T10:48:47+00:00","breadcrumb":{"@id":"https:\/\/tourcruiser.com\/fr\/products\/victor-wembanyama-x-nike-gt-cut-4-all-star-ib6729-910\/#breadcrumb"},"inLanguage":"fr-FR","potentialAction":[{"@type":"ReadAction","target":["https:\/\/tourcruiser.com\/fr\/products\/victor-wembanyama-x-nike-gt-cut-4-all-star-ib6729-910\/"]}]},{"@type":"ImageObject","inLanguage":"fr-FR","@id":"https:\/\/tourcruiser.com\/fr\/products\/victor-wembanyama-x-nike-gt-cut-4-all-star-ib6729-910\/#primaryimage","url":"https:\/\/images.novelship.com\/product\/victor_wembanyama_x_nike_gt_cut_4__all-star__ib672_0_22915.jpeg","contentUrl":"https:\/\/images.novelship.com\/product\/victor_wembanyama_x_nike_gt_cut_4__all-star__ib672_0_22915.jpeg"},{"@type":"BreadcrumbList","@id":"https:\/\/tourcruiser.com\/fr\/products\/victor-wembanyama-x-nike-gt-cut-4-all-star-ib6729-910\/#breadcrumb","itemListElement":[{"@type":"ListItem","position":1,"name":"Home","item":"https:\/\/tourcruiser.com\/fr\/"},{"@type":"ListItem","position":2,"name":"Shop","item":"https:\/\/tourcruiser.com\/fr\/shop\/"},{"@type":"ListItem","position":3,"name":"Victor Wembanyama x Nike GT Cut 4 'All-Star'"}]},{"@type":"WebSite","@id":"https:\/\/tourcruiser.com\/fr\/#website","url":"https:\/\/tourcruiser.com\/fr\/","name":"Styloral Jewelry Shop","description":"Tourcruiser Sneaker Store \u2014 L\u2019endroit o\u00f9 l\u2019univers rencontre votre singularit\u00e9.","publisher":{"@id":"https:\/\/tourcruiser.com\/fr\/#organization"},"potentialAction":[{"@type":"SearchAction","target":{"@type":"EntryPoint","urlTemplate":"https:\/\/tourcruiser.com\/fr\/?s={search_term_string}"},"query-input":{"@type":"PropertyValueSpecification","valueRequired":true,"valueName":"search_term_string"}}],"inLanguage":"fr-FR"},{"@type":"Organization","@id":"https:\/\/tourcruiser.com\/fr\/#organization","name":"STYLORAL PTE. LTD","url":"https:\/\/tourcruiser.com\/fr\/","logo":{"@type":"ImageObject","inLanguage":"fr-FR","@id":"https:\/\/tourcruiser.com\/fr\/#\/schema\/logo\/image\/","url":"https:\/\/www.tourcruiser.com\/wp-content\/uploads\/2025\/12\/logo.png","contentUrl":"https:\/\/www.tourcruiser.com\/wp-content\/uploads\/2025\/12\/logo.png","width":200,"height":65,"caption":"STYLORAL PTE. LTD"},"image":{"@id":"https:\/\/tourcruiser.com\/fr\/#\/schema\/logo\/image\/"}}]}},"_links":{"self":[{"href":"https:\/\/tourcruiser.com\/fr\/wp-json\/wp\/v2\/product\/14919","targetHints":{"allow":["GET"]}}],"collection":[{"href":"https:\/\/tourcruiser.com\/fr\/wp-json\/wp\/v2\/product"}],"about":[{"href":"https:\/\/tourcruiser.com\/fr\/wp-json\/wp\/v2\/types\/product"}],"replies":[{"embeddable":true,"href":"https:\/\/tourcruiser.com\/fr\/wp-json\/wp\/v2\/comments?post=14919"}],"wp:featuredmedia":[{"embeddable":true,"href":"https:\/\/tourcruiser.com\/fr\/wp-json\/wp\/v2\/media\/14920"}],"wp:attachment":[{"href":"https:\/\/tourcruiser.com\/fr\/wp-json\/wp\/v2\/media?parent=14919"}],"wp:term":[{"taxonomy":"product_brand","embeddable":true,"href":"https:\/\/tourcruiser.com\/fr\/wp-json\/wp\/v2\/product_brand?post=14919"},{"taxonomy":"product_cat","embeddable":true,"href":"https:\/\/tourcruiser.com\/fr\/wp-json\/wp\/v2\/product_cat?post=14919"},{"taxonomy":"product_tag","embeddable":true,"href":"https:\/\/tourcruiser.com\/fr\/wp-json\/wp\/v2\/product_tag?post=14919"}],"curies":[{"name":"wp","href":"https:\/\/api.w.org\/{rel}","templated":true}]}}