{"id":14915,"date":"2026-02-20T14:58:43","date_gmt":"2026-02-20T07:58:43","guid":{"rendered":"http:\/\/tourcruiser.com\/product\/kd-6-all-star-illusion-2026-fq8356-900"},"modified":"2026-03-14T17:45:53","modified_gmt":"2026-03-14T10:45:53","slug":"kd-6-all-star-illusion-2026-fq8356-900","status":"publish","type":"product","link":"https:\/\/tourcruiser.com\/fr\/products\/kd-6-all-star-illusion-2026-fq8356-900\/","title":{"rendered":"Nike KD 6 &lsquo;All Star &#8211; Illusion&rsquo; 2026"},"content":{"rendered":"<p>D\u00e9couvrez un style et des performances in\u00e9gal\u00e9s avec la Nike KD 6 2026 \u00ab\u00a0All Star \u2013 Illusion\u00a0\u00bb FQ8356-900, une chaussure de basketball con\u00e7ue pour l&rsquo;agilit\u00e9, la durabilit\u00e9 et un design saisissant. Ce mod\u00e8le haut de gamme associe une empeigne \u00e9l\u00e9gante au design audacieux inspir\u00e9 des illusions d&rsquo;optique \u00e0 l&rsquo;amorti innovant Nike Zoom Air pour un retour d&rsquo;\u00e9nergie r\u00e9actif pendant le jeu. Sa silhouette l\u00e9g\u00e8re et basse am\u00e9liore la mobilit\u00e9 et les performances sur le terrain, ce qui en fait un choix de pr\u00e9dilection pour les athl\u00e8tes et les passionn\u00e9s de sneakers. Des d\u00e9tails pr\u00e9cis, un m\u00e9lange de couleurs vibrantes et de motifs uniques conf\u00e8rent \u00e0 cette chaussure une pr\u00e9sence remarquable, que vous soyez sur le parquet ou en dehors. Gr\u00e2ce \u00e0 un maintien durable et une adh\u00e9rence optimale de la semelle ext\u00e9rieure en caoutchouc, ces sneakers garantissent des performances sans compromis sur le confort. Avec la Nike KD 6 2026 \u00ab\u00a0All Star \u2013 Illusion\u00a0\u00bb, vous ferez sensation\u00a0: un mod\u00e8le incontournable qui allie parfaitement innovation et design captivant, et qui sublimera votre collection de sneakers. Coloris\u00a0: Multicolore\/Vert\/Noir Code article\u00a0: FQ8356-900 Mati\u00e8re ext\u00e9rieure\u00a0: Synth\u00e9tique Semelle interm\u00e9diaire\u00a0: Zoom Air Couleur\u00a0: Multicolore Cr\u00e9ateur\u00a0: Leo Chang Ann\u00e9e de sortie\u00a0: 2026<\/p>\n","protected":false},"excerpt":{"rendered":"<p>Nike KD 6 2026 All Star &#8211; Illusion \u2014 Multi-Color\/Green Glow\/Black<\/p>\n","protected":false},"featured_media":14916,"comment_status":"open","ping_status":"closed","template":"","meta":[],"product_brand":[],"product_cat":[6654],"product_tag":[],"class_list":{"0":"post-14915","1":"product","2":"type-product","3":"status-publish","4":"has-post-thumbnail","6":"product_cat-nike-2026","7":"wcpa_has_options","9":"first","10":"instock","11":"taxable","12":"shipping-taxable","13":"purchasable","14":"product-type-simple"},"wcpa_form_fields":{"rules":{"pric_overide_base_price":false,"pric_overide_base_price_if_gt_zero":false,"pric_overide_base_price_fully":false,"pric_cal_option_once":false,"pric_use_as_fee":false,"bind_quantity":false,"quantity_bind_formula":false},"fields":[{"type":"color-group","required":true,"elementId":"wcpa-color-group-66c4a75505e74","label":"Taille","inline":true,"priceOptions":"different_for_all","pricingType":"fixed","className":"hassizechart product-shoes-size-eu product-shoes-size","name":"color-group-66c4a75505e89","disp_type":"square","selection_type":"tick-border","disp_size":"44","show_label_inside":true,"adjust_width":true,"cart_display_type":"text","other_text":"Other","cl_rule":"show","col":6,"values":[{"label":"35.5","value":"EU 35.5","price":"","pimage":"","pimage_id":"","pthumb":"","color":""},{"label":"36","value":"EU 36","price":"","pimage":"","pimage_id":"","pthumb":"","color":"","selected":true},{"label":"36.5","value":"EU 36.5","price":"","pimage":"","pimage_id":"","pthumb":"","color":""},{"label":"37.5","value":"EU 37.5","price":"","pimage":"","pimage_id":"","pthumb":"","color":""},{"label":"38","value":"EU 38","price":"","pimage":"","pimage_id":"","pthumb":"","color":""},{"label":"38.5","value":"EU 38.5","price":"","pimage":"","pimage_id":"","pthumb":"","color":""},{"label":"39","value":"EU 39","price":"","pimage":"","pimage_id":"","pthumb":"","color":""},{"label":"40","value":"EU 40","price":"","pimage":"","pimage_id":"","pthumb":"","color":""},{"label":"40.5","value":"EU 40.5","price":"","pimage":"","pimage_id":"","pthumb":"","color":""},{"label":"41","value":"EU 41","price":"","pimage":"","pimage_id":"","pthumb":"","color":""},{"label":"42","value":"EU 42","price":"","pimage":"","pimage_id":"","pthumb":"","color":""},{"label":"42.5","value":"EU 42.5","price":"","pimage":"","pimage_id":"","pthumb":"","color":""},{"label":"43","value":"EU 43","price":"","pimage":"","pimage_id":"","pthumb":"","color":""},{"label":"44","value":"EU 44","price":"","pimage":"","pimage_id":"","pthumb":"","color":""},{"label":"44.5","value":"EU 44.5","price":"","pimage":"","pimage_id":"","pthumb":"","color":""},{"label":"45","value":"EU 45","price":"","pimage":"","pimage_id":"","pthumb":"","color":""},{"label":"45.5","value":"EU 45.5","price":"","pimage":"","pimage_id":"","pthumb":"","color":""},{"label":"46","value":"EU 46","price":"","pimage":"","pimage_id":"","pthumb":"","color":""},{"label":"47","value":"EU 47","price":"","pimage":"","pimage_id":"","pthumb":"","color":""},{"label":"47.5","value":"EU 47.5","price":"","pimage":"","pimage_id":"","pthumb":"","color":""},{"label":"48","value":"EU 48","price":"","pimage":"","pimage_id":"","pthumb":"","color":""}],"relations":[{"operator":false,"rules":[]}],"form_id":18106,"form_rules":{"pric_cal_option_once":false,"exclude_from_discount":false,"pric_use_as_fee":false,"fee_label":"Fee","render_after_acb":false,"disp_hide_options_price":false}}]},"yoast_head":"<!-- This site is optimized with the Yoast SEO plugin v26.5 - https:\/\/yoast.com\/wordpress\/plugins\/seo\/ -->\n<title>Nike KD 6 &#039;All Star - Illusion&#039; 2026 - TOURCRUISER PTE. LTD<\/title>\n<meta name=\"robots\" content=\"index, follow, max-snippet:-1, max-image-preview:large, max-video-preview:-1\" \/>\n<link rel=\"canonical\" href=\"https:\/\/tourcruiser.com\/fr\/products\/kd-6-all-star-illusion-2026-fq8356-900\/\" \/>\n<meta property=\"og:locale\" content=\"fr_FR\" \/>\n<meta property=\"og:type\" content=\"article\" \/>\n<meta property=\"og:title\" content=\"Nike KD 6 &#039;All Star - Illusion&#039; 2026 - TOURCRUISER PTE. LTD\" \/>\n<meta property=\"og:description\" content=\"Nike KD 6 2026 All Star - Illusion \u2014 Multi-Color\/Green Glow\/Black\" \/>\n<meta property=\"og:url\" content=\"https:\/\/tourcruiser.com\/fr\/products\/kd-6-all-star-illusion-2026-fq8356-900\/\" \/>\n<meta property=\"og:site_name\" content=\"Tourcruiser Sneaker Store\" \/>\n<meta property=\"article:modified_time\" content=\"2026-03-14T10:45:53+00:00\" \/>\n<meta name=\"twitter:card\" content=\"summary_large_image\" \/>\n<meta name=\"twitter:image\" content=\"https:\/\/images.novelship.com\/product\/nike_kd_6_2026__all_star_-_illusion__fq8356-900_0_74164.jpeg\" \/>\n<meta name=\"twitter:label1\" content=\"Dur\u00e9e de lecture estim\u00e9e\" \/>\n\t<meta name=\"twitter:data1\" content=\"1 minute\" \/>\n<script type=\"application\/ld+json\" class=\"yoast-schema-graph\">{\"@context\":\"https:\/\/schema.org\",\"@graph\":[{\"@type\":\"WebPage\",\"@id\":\"https:\/\/tourcruiser.com\/fr\/products\/kd-6-all-star-illusion-2026-fq8356-900\/\",\"url\":\"https:\/\/tourcruiser.com\/fr\/products\/kd-6-all-star-illusion-2026-fq8356-900\/\",\"name\":\"Nike KD 6 'All Star - Illusion' 2026 - TOURCRUISER PTE. LTD\",\"isPartOf\":{\"@id\":\"https:\/\/tourcruiser.com\/fr\/#website\"},\"primaryImageOfPage\":{\"@id\":\"https:\/\/tourcruiser.com\/fr\/products\/kd-6-all-star-illusion-2026-fq8356-900\/#primaryimage\"},\"image\":{\"@id\":\"https:\/\/tourcruiser.com\/fr\/products\/kd-6-all-star-illusion-2026-fq8356-900\/#primaryimage\"},\"thumbnailUrl\":\"https:\/\/images.novelship.com\/product\/nike_kd_6_2026__all_star_-_illusion__fq8356-900_0_74164.jpeg\",\"datePublished\":\"2026-02-20T07:58:43+00:00\",\"dateModified\":\"2026-03-14T10:45:53+00:00\",\"breadcrumb\":{\"@id\":\"https:\/\/tourcruiser.com\/fr\/products\/kd-6-all-star-illusion-2026-fq8356-900\/#breadcrumb\"},\"inLanguage\":\"fr-FR\",\"potentialAction\":[{\"@type\":\"ReadAction\",\"target\":[\"https:\/\/tourcruiser.com\/fr\/products\/kd-6-all-star-illusion-2026-fq8356-900\/\"]}]},{\"@type\":\"ImageObject\",\"inLanguage\":\"fr-FR\",\"@id\":\"https:\/\/tourcruiser.com\/fr\/products\/kd-6-all-star-illusion-2026-fq8356-900\/#primaryimage\",\"url\":\"https:\/\/images.novelship.com\/product\/nike_kd_6_2026__all_star_-_illusion__fq8356-900_0_74164.jpeg\",\"contentUrl\":\"https:\/\/images.novelship.com\/product\/nike_kd_6_2026__all_star_-_illusion__fq8356-900_0_74164.jpeg\"},{\"@type\":\"BreadcrumbList\",\"@id\":\"https:\/\/tourcruiser.com\/fr\/products\/kd-6-all-star-illusion-2026-fq8356-900\/#breadcrumb\",\"itemListElement\":[{\"@type\":\"ListItem\",\"position\":1,\"name\":\"Home\",\"item\":\"https:\/\/tourcruiser.com\/fr\/\"},{\"@type\":\"ListItem\",\"position\":2,\"name\":\"Shop\",\"item\":\"https:\/\/tourcruiser.com\/fr\/shop\/\"},{\"@type\":\"ListItem\",\"position\":3,\"name\":\"Nike KD 6 'All Star - Illusion' 2026\"}]},{\"@type\":\"WebSite\",\"@id\":\"https:\/\/tourcruiser.com\/fr\/#website\",\"url\":\"https:\/\/tourcruiser.com\/fr\/\",\"name\":\"Styloral Jewelry Shop\",\"description\":\"Tourcruiser Sneaker Store \u2014 L\u2019endroit o\u00f9 l\u2019univers rencontre votre singularit\u00e9.\",\"publisher\":{\"@id\":\"https:\/\/tourcruiser.com\/fr\/#organization\"},\"potentialAction\":[{\"@type\":\"SearchAction\",\"target\":{\"@type\":\"EntryPoint\",\"urlTemplate\":\"https:\/\/tourcruiser.com\/fr\/?s={search_term_string}\"},\"query-input\":{\"@type\":\"PropertyValueSpecification\",\"valueRequired\":true,\"valueName\":\"search_term_string\"}}],\"inLanguage\":\"fr-FR\"},{\"@type\":\"Organization\",\"@id\":\"https:\/\/tourcruiser.com\/fr\/#organization\",\"name\":\"STYLORAL PTE. LTD\",\"url\":\"https:\/\/tourcruiser.com\/fr\/\",\"logo\":{\"@type\":\"ImageObject\",\"inLanguage\":\"fr-FR\",\"@id\":\"https:\/\/tourcruiser.com\/fr\/#\/schema\/logo\/image\/\",\"url\":\"https:\/\/www.tourcruiser.com\/wp-content\/uploads\/2025\/12\/logo.png\",\"contentUrl\":\"https:\/\/www.tourcruiser.com\/wp-content\/uploads\/2025\/12\/logo.png\",\"width\":200,\"height\":65,\"caption\":\"STYLORAL PTE. LTD\"},\"image\":{\"@id\":\"https:\/\/tourcruiser.com\/fr\/#\/schema\/logo\/image\/\"}}]}<\/script>\n<!-- \/ Yoast SEO plugin. -->","yoast_head_json":{"title":"Nike KD 6 'All Star - Illusion' 2026 - TOURCRUISER PTE. LTD","robots":{"index":"index","follow":"follow","max-snippet":"max-snippet:-1","max-image-preview":"max-image-preview:large","max-video-preview":"max-video-preview:-1"},"canonical":"https:\/\/tourcruiser.com\/fr\/products\/kd-6-all-star-illusion-2026-fq8356-900\/","og_locale":"fr_FR","og_type":"article","og_title":"Nike KD 6 'All Star - Illusion' 2026 - TOURCRUISER PTE. LTD","og_description":"Nike KD 6 2026 All Star - Illusion \u2014 Multi-Color\/Green Glow\/Black","og_url":"https:\/\/tourcruiser.com\/fr\/products\/kd-6-all-star-illusion-2026-fq8356-900\/","og_site_name":"Tourcruiser Sneaker Store","article_modified_time":"2026-03-14T10:45:53+00:00","twitter_card":"summary_large_image","twitter_image":"https:\/\/images.novelship.com\/product\/nike_kd_6_2026__all_star_-_illusion__fq8356-900_0_74164.jpeg","twitter_misc":{"Dur\u00e9e de lecture estim\u00e9e":"1 minute"},"schema":{"@context":"https:\/\/schema.org","@graph":[{"@type":"WebPage","@id":"https:\/\/tourcruiser.com\/fr\/products\/kd-6-all-star-illusion-2026-fq8356-900\/","url":"https:\/\/tourcruiser.com\/fr\/products\/kd-6-all-star-illusion-2026-fq8356-900\/","name":"Nike KD 6 'All Star - Illusion' 2026 - TOURCRUISER PTE. LTD","isPartOf":{"@id":"https:\/\/tourcruiser.com\/fr\/#website"},"primaryImageOfPage":{"@id":"https:\/\/tourcruiser.com\/fr\/products\/kd-6-all-star-illusion-2026-fq8356-900\/#primaryimage"},"image":{"@id":"https:\/\/tourcruiser.com\/fr\/products\/kd-6-all-star-illusion-2026-fq8356-900\/#primaryimage"},"thumbnailUrl":"https:\/\/images.novelship.com\/product\/nike_kd_6_2026__all_star_-_illusion__fq8356-900_0_74164.jpeg","datePublished":"2026-02-20T07:58:43+00:00","dateModified":"2026-03-14T10:45:53+00:00","breadcrumb":{"@id":"https:\/\/tourcruiser.com\/fr\/products\/kd-6-all-star-illusion-2026-fq8356-900\/#breadcrumb"},"inLanguage":"fr-FR","potentialAction":[{"@type":"ReadAction","target":["https:\/\/tourcruiser.com\/fr\/products\/kd-6-all-star-illusion-2026-fq8356-900\/"]}]},{"@type":"ImageObject","inLanguage":"fr-FR","@id":"https:\/\/tourcruiser.com\/fr\/products\/kd-6-all-star-illusion-2026-fq8356-900\/#primaryimage","url":"https:\/\/images.novelship.com\/product\/nike_kd_6_2026__all_star_-_illusion__fq8356-900_0_74164.jpeg","contentUrl":"https:\/\/images.novelship.com\/product\/nike_kd_6_2026__all_star_-_illusion__fq8356-900_0_74164.jpeg"},{"@type":"BreadcrumbList","@id":"https:\/\/tourcruiser.com\/fr\/products\/kd-6-all-star-illusion-2026-fq8356-900\/#breadcrumb","itemListElement":[{"@type":"ListItem","position":1,"name":"Home","item":"https:\/\/tourcruiser.com\/fr\/"},{"@type":"ListItem","position":2,"name":"Shop","item":"https:\/\/tourcruiser.com\/fr\/shop\/"},{"@type":"ListItem","position":3,"name":"Nike KD 6 'All Star - Illusion' 2026"}]},{"@type":"WebSite","@id":"https:\/\/tourcruiser.com\/fr\/#website","url":"https:\/\/tourcruiser.com\/fr\/","name":"Styloral Jewelry Shop","description":"Tourcruiser Sneaker Store \u2014 L\u2019endroit o\u00f9 l\u2019univers rencontre votre singularit\u00e9.","publisher":{"@id":"https:\/\/tourcruiser.com\/fr\/#organization"},"potentialAction":[{"@type":"SearchAction","target":{"@type":"EntryPoint","urlTemplate":"https:\/\/tourcruiser.com\/fr\/?s={search_term_string}"},"query-input":{"@type":"PropertyValueSpecification","valueRequired":true,"valueName":"search_term_string"}}],"inLanguage":"fr-FR"},{"@type":"Organization","@id":"https:\/\/tourcruiser.com\/fr\/#organization","name":"STYLORAL PTE. LTD","url":"https:\/\/tourcruiser.com\/fr\/","logo":{"@type":"ImageObject","inLanguage":"fr-FR","@id":"https:\/\/tourcruiser.com\/fr\/#\/schema\/logo\/image\/","url":"https:\/\/www.tourcruiser.com\/wp-content\/uploads\/2025\/12\/logo.png","contentUrl":"https:\/\/www.tourcruiser.com\/wp-content\/uploads\/2025\/12\/logo.png","width":200,"height":65,"caption":"STYLORAL PTE. LTD"},"image":{"@id":"https:\/\/tourcruiser.com\/fr\/#\/schema\/logo\/image\/"}}]}},"_links":{"self":[{"href":"https:\/\/tourcruiser.com\/fr\/wp-json\/wp\/v2\/product\/14915","targetHints":{"allow":["GET"]}}],"collection":[{"href":"https:\/\/tourcruiser.com\/fr\/wp-json\/wp\/v2\/product"}],"about":[{"href":"https:\/\/tourcruiser.com\/fr\/wp-json\/wp\/v2\/types\/product"}],"replies":[{"embeddable":true,"href":"https:\/\/tourcruiser.com\/fr\/wp-json\/wp\/v2\/comments?post=14915"}],"wp:featuredmedia":[{"embeddable":true,"href":"https:\/\/tourcruiser.com\/fr\/wp-json\/wp\/v2\/media\/14916"}],"wp:attachment":[{"href":"https:\/\/tourcruiser.com\/fr\/wp-json\/wp\/v2\/media?parent=14915"}],"wp:term":[{"taxonomy":"product_brand","embeddable":true,"href":"https:\/\/tourcruiser.com\/fr\/wp-json\/wp\/v2\/product_brand?post=14915"},{"taxonomy":"product_cat","embeddable":true,"href":"https:\/\/tourcruiser.com\/fr\/wp-json\/wp\/v2\/product_cat?post=14915"},{"taxonomy":"product_tag","embeddable":true,"href":"https:\/\/tourcruiser.com\/fr\/wp-json\/wp\/v2\/product_tag?post=14915"}],"curies":[{"name":"wp","href":"https:\/\/api.w.org\/{rel}","templated":true}]}}