{"id":148931,"date":"2026-03-02T15:49:06","date_gmt":"2026-03-02T08:49:06","guid":{"rendered":"http:\/\/tourcruiser.com\/product\/adidas-predator-freak-fg-demonskinwhite-solar-red"},"modified":"2026-03-14T19:16:55","modified_gmt":"2026-03-14T12:16:55","slug":"adidas-predator-freak-fg-demonskinwhite-solar-red","status":"publish","type":"product","link":"https:\/\/tourcruiser.com\/fr\/products\/adidas-predator-freak-fg-demonskinwhite-solar-red\/","title":{"rendered":"adidas Predator Freak+ FG &lsquo;Demonskin &#8211; White Solar Red&rsquo;"},"content":{"rendered":"<p>D\u00e9couvrez les sneakers adidas Predator Freak+ FG Demonskin, disponibles en blanc \u00e9clatant et rouge solaire. Con\u00e7ues pour une performance optimale sur le terrain, ces sneakers int\u00e8grent la technologie innovante Demonskin pour un contr\u00f4le et une pr\u00e9cision in\u00e9gal\u00e9s. Confortables et r\u00e9sistantes, ces sneakers adidas sont un incontournable pour tous les fans de football. <\/p>\n<p>Coloris\u00a0: Blanc nuage\/Gris m\u00e9tallis\u00e9\/Rouge solaire<\/p>\n<p>Code article\u00a0: FY6239<\/p>\n<p>Mati\u00e8re ext\u00e9rieure\u00a0: Primeknit<\/p>\n<p>Couleur\u00a0: Multicolore<\/p>\n<p>Saison\u00a0: Automne<\/p>\n<p>Ann\u00e9e de sortie\u00a0: 2021<\/p>\n","protected":false},"excerpt":{"rendered":"<p>adidas Predator Freak+ \u201d\u201d Cloud White\/Iron Metallic\/Solar Red<\/p>\n","protected":false},"featured_media":148932,"comment_status":"open","ping_status":"closed","template":"","meta":[],"product_brand":[],"product_cat":[10760],"product_tag":[10759,10749,13117,11087,12269,10753,10802,10986,10987,10758],"class_list":{"0":"post-148931","1":"product","2":"type-product","3":"status-publish","4":"has-post-thumbnail","6":"product_cat-adidas","7":"product_tag-adidas","8":"product_tag-adidas-skateboarding-shoes","9":"product_tag-adidas-soccer-shoes","10":"product_tag-firm-ground-fg-football-boots","11":"product_tag-giannis-antetokounmpo","12":"product_tag-gift-for-him","13":"product_tag-performance-sport-shoes","14":"product_tag-soccer-shoes","15":"product_tag-soccer-shoes-football-cleats","16":"product_tag-under-retail","17":"wcpa_has_options","19":"first","20":"instock","21":"sale","22":"taxable","23":"shipping-taxable","24":"purchasable","25":"product-type-simple"},"wcpa_form_fields":{"rules":{"pric_overide_base_price":false,"pric_overide_base_price_if_gt_zero":false,"pric_overide_base_price_fully":false,"pric_cal_option_once":false,"pric_use_as_fee":false,"bind_quantity":false,"quantity_bind_formula":false},"fields":[{"type":"color-group","required":true,"elementId":"wcpa-color-group-66c4a7f817afe","label":"Taille","inline":true,"priceOptions":"different_for_all","pricingType":"fixed","className":"hassizechart product-shoes-size-eu product-shoes-size","name":"color-group-66c4a7f817b18","disp_type":"square","selection_type":"tick-border","disp_size":"50","show_label_inside":true,"adjust_width":true,"cart_display_type":"text","other_text":"Other","cl_rule":"show","col":6,"values":[{"label":"35","value":"EU 35","price":"","pimage":"","pimage_id":"","pthumb":"","color":""},{"label":"35.5","value":"EU 35.5","price":"","pimage":"","pimage_id":"","pthumb":"","color":""},{"label":"36","value":"EU 36","price":"","pimage":"","pimage_id":"","pthumb":"","color":"","selected":true},{"label":"36 2\/3","value":"EU 36 2\/3","price":"","pimage":"","pimage_id":"","pthumb":"","color":""},{"label":"37 1\/3","value":"EU 37 1\/3","price":"","pimage":"","pimage_id":"","pthumb":"","color":""},{"label":"38","value":"EU 38","price":"","pimage":"","pimage_id":"","pthumb":"","color":""},{"label":"38 2\/3","value":"EU 38 2\/3","price":"","pimage":"","pimage_id":"","pthumb":"","color":""},{"label":"39 1\/3","value":"EU 39 1\/3","price":"","pimage":"","pimage_id":"","pthumb":"","color":""},{"label":"40","value":"EU 40","price":"","pimage":"","pimage_id":"","pthumb":"","color":""},{"label":"40 2\/3","value":"EU 40 2\/3","price":"","pimage":"","pimage_id":"","pthumb":"","color":""},{"label":"41 1\/3","value":"EU 41 1\/3","price":"","pimage":"","pimage_id":"","pthumb":"","color":""},{"label":"42","value":"EU 42","price":"","pimage":"","pimage_id":"","pthumb":"","color":""},{"label":"42 2\/3","value":"EU 42 2\/3","price":"","pimage":"","pimage_id":"","pthumb":"","color":""},{"label":"43 1\/3","value":"EU 43 1\/3","price":"","pimage":"","pimage_id":"","pthumb":"","color":""},{"label":"44","value":"EU 44","price":"","pimage":"","pimage_id":"","pthumb":"","color":""},{"label":"44 2\/3","value":"EU 44 2\/3","price":"","pimage":"","pimage_id":"","pthumb":"","color":""},{"label":"45 1\/3","value":"EU 45 1\/3","price":"","pimage":"","pimage_id":"","pthumb":"","color":""},{"label":"46","value":"EU 46","price":"","pimage":"","pimage_id":"","pthumb":"","color":""},{"label":"46 2\/3","value":"EU 46 2\/3","price":"","pimage":"","pimage_id":"","pthumb":"","color":""},{"label":"47 1\/3","value":"EU 47 1\/3","price":"","pimage":"","pimage_id":"","pthumb":"","color":""}],"relations":[{"operator":false,"rules":[]}],"form_id":24802,"form_rules":{"pric_cal_option_once":false,"exclude_from_discount":false,"pric_use_as_fee":false,"fee_label":"Fee","render_after_acb":false,"disp_hide_options_price":false}}]},"yoast_head":"<!-- This site is optimized with the Yoast SEO plugin v26.5 - https:\/\/yoast.com\/wordpress\/plugins\/seo\/ -->\n<title>adidas Predator Freak+ FG &#039;Demonskin - White Solar Red&#039; - TOURCRUISER PTE. LTD<\/title>\n<meta name=\"robots\" content=\"index, follow, max-snippet:-1, max-image-preview:large, max-video-preview:-1\" \/>\n<link rel=\"canonical\" href=\"https:\/\/tourcruiser.com\/fr\/products\/adidas-predator-freak-fg-demonskinwhite-solar-red\/\" \/>\n<meta property=\"og:locale\" content=\"fr_FR\" \/>\n<meta property=\"og:type\" content=\"article\" \/>\n<meta property=\"og:title\" content=\"adidas Predator Freak+ FG &#039;Demonskin - White Solar Red&#039; - TOURCRUISER PTE. LTD\" \/>\n<meta property=\"og:description\" content=\"adidas Predator Freak+ \u201d\u201d Cloud White\/Iron Metallic\/Solar Red\" \/>\n<meta property=\"og:url\" content=\"https:\/\/tourcruiser.com\/fr\/products\/adidas-predator-freak-fg-demonskinwhite-solar-red\/\" \/>\n<meta property=\"og:site_name\" content=\"Tourcruiser Sneaker Store\" \/>\n<meta property=\"article:modified_time\" content=\"2026-03-14T12:16:55+00:00\" \/>\n<meta name=\"twitter:card\" content=\"summary_large_image\" \/>\n<meta name=\"twitter:image\" content=\"https:\/\/images.novelship.com\/product\/adidas_predator_freak__fg__demonskin___white_solar_0_1782.jpeg\" \/>\n<script type=\"application\/ld+json\" class=\"yoast-schema-graph\">{\"@context\":\"https:\/\/schema.org\",\"@graph\":[{\"@type\":\"WebPage\",\"@id\":\"https:\/\/tourcruiser.com\/fr\/products\/adidas-predator-freak-fg-demonskinwhite-solar-red\/\",\"url\":\"https:\/\/tourcruiser.com\/fr\/products\/adidas-predator-freak-fg-demonskinwhite-solar-red\/\",\"name\":\"adidas Predator Freak+ FG 'Demonskin - White Solar Red' - TOURCRUISER PTE. LTD\",\"isPartOf\":{\"@id\":\"https:\/\/tourcruiser.com\/fr\/#website\"},\"primaryImageOfPage\":{\"@id\":\"https:\/\/tourcruiser.com\/fr\/products\/adidas-predator-freak-fg-demonskinwhite-solar-red\/#primaryimage\"},\"image\":{\"@id\":\"https:\/\/tourcruiser.com\/fr\/products\/adidas-predator-freak-fg-demonskinwhite-solar-red\/#primaryimage\"},\"thumbnailUrl\":\"https:\/\/images.novelship.com\/product\/adidas_predator_freak__fg__demonskin___white_solar_0_1782.jpeg\",\"datePublished\":\"2026-03-02T08:49:06+00:00\",\"dateModified\":\"2026-03-14T12:16:55+00:00\",\"breadcrumb\":{\"@id\":\"https:\/\/tourcruiser.com\/fr\/products\/adidas-predator-freak-fg-demonskinwhite-solar-red\/#breadcrumb\"},\"inLanguage\":\"fr-FR\",\"potentialAction\":[{\"@type\":\"ReadAction\",\"target\":[\"https:\/\/tourcruiser.com\/fr\/products\/adidas-predator-freak-fg-demonskinwhite-solar-red\/\"]}]},{\"@type\":\"ImageObject\",\"inLanguage\":\"fr-FR\",\"@id\":\"https:\/\/tourcruiser.com\/fr\/products\/adidas-predator-freak-fg-demonskinwhite-solar-red\/#primaryimage\",\"url\":\"https:\/\/images.novelship.com\/product\/adidas_predator_freak__fg__demonskin___white_solar_0_1782.jpeg\",\"contentUrl\":\"https:\/\/images.novelship.com\/product\/adidas_predator_freak__fg__demonskin___white_solar_0_1782.jpeg\"},{\"@type\":\"BreadcrumbList\",\"@id\":\"https:\/\/tourcruiser.com\/fr\/products\/adidas-predator-freak-fg-demonskinwhite-solar-red\/#breadcrumb\",\"itemListElement\":[{\"@type\":\"ListItem\",\"position\":1,\"name\":\"Home\",\"item\":\"https:\/\/tourcruiser.com\/fr\/\"},{\"@type\":\"ListItem\",\"position\":2,\"name\":\"Shop\",\"item\":\"https:\/\/tourcruiser.com\/fr\/shop\/\"},{\"@type\":\"ListItem\",\"position\":3,\"name\":\"adidas Predator Freak+ FG 'Demonskin - White Solar Red'\"}]},{\"@type\":\"WebSite\",\"@id\":\"https:\/\/tourcruiser.com\/fr\/#website\",\"url\":\"https:\/\/tourcruiser.com\/fr\/\",\"name\":\"Styloral Jewelry Shop\",\"description\":\"Tourcruiser Sneaker Store \u2014 L\u2019endroit o\u00f9 l\u2019univers rencontre votre singularit\u00e9.\",\"publisher\":{\"@id\":\"https:\/\/tourcruiser.com\/fr\/#organization\"},\"potentialAction\":[{\"@type\":\"SearchAction\",\"target\":{\"@type\":\"EntryPoint\",\"urlTemplate\":\"https:\/\/tourcruiser.com\/fr\/?s={search_term_string}\"},\"query-input\":{\"@type\":\"PropertyValueSpecification\",\"valueRequired\":true,\"valueName\":\"search_term_string\"}}],\"inLanguage\":\"fr-FR\"},{\"@type\":\"Organization\",\"@id\":\"https:\/\/tourcruiser.com\/fr\/#organization\",\"name\":\"STYLORAL PTE. LTD\",\"url\":\"https:\/\/tourcruiser.com\/fr\/\",\"logo\":{\"@type\":\"ImageObject\",\"inLanguage\":\"fr-FR\",\"@id\":\"https:\/\/tourcruiser.com\/fr\/#\/schema\/logo\/image\/\",\"url\":\"https:\/\/www.tourcruiser.com\/wp-content\/uploads\/2025\/12\/logo.png\",\"contentUrl\":\"https:\/\/www.tourcruiser.com\/wp-content\/uploads\/2025\/12\/logo.png\",\"width\":200,\"height\":65,\"caption\":\"STYLORAL PTE. LTD\"},\"image\":{\"@id\":\"https:\/\/tourcruiser.com\/fr\/#\/schema\/logo\/image\/\"}}]}<\/script>\n<!-- \/ Yoast SEO plugin. -->","yoast_head_json":{"title":"adidas Predator Freak+ FG 'Demonskin - White Solar Red' - TOURCRUISER PTE. LTD","robots":{"index":"index","follow":"follow","max-snippet":"max-snippet:-1","max-image-preview":"max-image-preview:large","max-video-preview":"max-video-preview:-1"},"canonical":"https:\/\/tourcruiser.com\/fr\/products\/adidas-predator-freak-fg-demonskinwhite-solar-red\/","og_locale":"fr_FR","og_type":"article","og_title":"adidas Predator Freak+ FG 'Demonskin - White Solar Red' - TOURCRUISER PTE. LTD","og_description":"adidas Predator Freak+ \u201d\u201d Cloud White\/Iron Metallic\/Solar Red","og_url":"https:\/\/tourcruiser.com\/fr\/products\/adidas-predator-freak-fg-demonskinwhite-solar-red\/","og_site_name":"Tourcruiser Sneaker Store","article_modified_time":"2026-03-14T12:16:55+00:00","twitter_card":"summary_large_image","twitter_image":"https:\/\/images.novelship.com\/product\/adidas_predator_freak__fg__demonskin___white_solar_0_1782.jpeg","schema":{"@context":"https:\/\/schema.org","@graph":[{"@type":"WebPage","@id":"https:\/\/tourcruiser.com\/fr\/products\/adidas-predator-freak-fg-demonskinwhite-solar-red\/","url":"https:\/\/tourcruiser.com\/fr\/products\/adidas-predator-freak-fg-demonskinwhite-solar-red\/","name":"adidas Predator Freak+ FG 'Demonskin - White Solar Red' - TOURCRUISER PTE. LTD","isPartOf":{"@id":"https:\/\/tourcruiser.com\/fr\/#website"},"primaryImageOfPage":{"@id":"https:\/\/tourcruiser.com\/fr\/products\/adidas-predator-freak-fg-demonskinwhite-solar-red\/#primaryimage"},"image":{"@id":"https:\/\/tourcruiser.com\/fr\/products\/adidas-predator-freak-fg-demonskinwhite-solar-red\/#primaryimage"},"thumbnailUrl":"https:\/\/images.novelship.com\/product\/adidas_predator_freak__fg__demonskin___white_solar_0_1782.jpeg","datePublished":"2026-03-02T08:49:06+00:00","dateModified":"2026-03-14T12:16:55+00:00","breadcrumb":{"@id":"https:\/\/tourcruiser.com\/fr\/products\/adidas-predator-freak-fg-demonskinwhite-solar-red\/#breadcrumb"},"inLanguage":"fr-FR","potentialAction":[{"@type":"ReadAction","target":["https:\/\/tourcruiser.com\/fr\/products\/adidas-predator-freak-fg-demonskinwhite-solar-red\/"]}]},{"@type":"ImageObject","inLanguage":"fr-FR","@id":"https:\/\/tourcruiser.com\/fr\/products\/adidas-predator-freak-fg-demonskinwhite-solar-red\/#primaryimage","url":"https:\/\/images.novelship.com\/product\/adidas_predator_freak__fg__demonskin___white_solar_0_1782.jpeg","contentUrl":"https:\/\/images.novelship.com\/product\/adidas_predator_freak__fg__demonskin___white_solar_0_1782.jpeg"},{"@type":"BreadcrumbList","@id":"https:\/\/tourcruiser.com\/fr\/products\/adidas-predator-freak-fg-demonskinwhite-solar-red\/#breadcrumb","itemListElement":[{"@type":"ListItem","position":1,"name":"Home","item":"https:\/\/tourcruiser.com\/fr\/"},{"@type":"ListItem","position":2,"name":"Shop","item":"https:\/\/tourcruiser.com\/fr\/shop\/"},{"@type":"ListItem","position":3,"name":"adidas Predator Freak+ FG 'Demonskin - White Solar Red'"}]},{"@type":"WebSite","@id":"https:\/\/tourcruiser.com\/fr\/#website","url":"https:\/\/tourcruiser.com\/fr\/","name":"Styloral Jewelry Shop","description":"Tourcruiser Sneaker Store \u2014 L\u2019endroit o\u00f9 l\u2019univers rencontre votre singularit\u00e9.","publisher":{"@id":"https:\/\/tourcruiser.com\/fr\/#organization"},"potentialAction":[{"@type":"SearchAction","target":{"@type":"EntryPoint","urlTemplate":"https:\/\/tourcruiser.com\/fr\/?s={search_term_string}"},"query-input":{"@type":"PropertyValueSpecification","valueRequired":true,"valueName":"search_term_string"}}],"inLanguage":"fr-FR"},{"@type":"Organization","@id":"https:\/\/tourcruiser.com\/fr\/#organization","name":"STYLORAL PTE. LTD","url":"https:\/\/tourcruiser.com\/fr\/","logo":{"@type":"ImageObject","inLanguage":"fr-FR","@id":"https:\/\/tourcruiser.com\/fr\/#\/schema\/logo\/image\/","url":"https:\/\/www.tourcruiser.com\/wp-content\/uploads\/2025\/12\/logo.png","contentUrl":"https:\/\/www.tourcruiser.com\/wp-content\/uploads\/2025\/12\/logo.png","width":200,"height":65,"caption":"STYLORAL PTE. LTD"},"image":{"@id":"https:\/\/tourcruiser.com\/fr\/#\/schema\/logo\/image\/"}}]}},"_links":{"self":[{"href":"https:\/\/tourcruiser.com\/fr\/wp-json\/wp\/v2\/product\/148931","targetHints":{"allow":["GET"]}}],"collection":[{"href":"https:\/\/tourcruiser.com\/fr\/wp-json\/wp\/v2\/product"}],"about":[{"href":"https:\/\/tourcruiser.com\/fr\/wp-json\/wp\/v2\/types\/product"}],"replies":[{"embeddable":true,"href":"https:\/\/tourcruiser.com\/fr\/wp-json\/wp\/v2\/comments?post=148931"}],"wp:featuredmedia":[{"embeddable":true,"href":"https:\/\/tourcruiser.com\/fr\/wp-json\/wp\/v2\/media\/148932"}],"wp:attachment":[{"href":"https:\/\/tourcruiser.com\/fr\/wp-json\/wp\/v2\/media?parent=148931"}],"wp:term":[{"taxonomy":"product_brand","embeddable":true,"href":"https:\/\/tourcruiser.com\/fr\/wp-json\/wp\/v2\/product_brand?post=148931"},{"taxonomy":"product_cat","embeddable":true,"href":"https:\/\/tourcruiser.com\/fr\/wp-json\/wp\/v2\/product_cat?post=148931"},{"taxonomy":"product_tag","embeddable":true,"href":"https:\/\/tourcruiser.com\/fr\/wp-json\/wp\/v2\/product_tag?post=148931"}],"curies":[{"name":"wp","href":"https:\/\/api.w.org\/{rel}","templated":true}]}}