{"id":148620,"date":"2026-03-02T15:48:40","date_gmt":"2026-03-02T08:48:40","guid":{"rendered":"http:\/\/tourcruiser.com\/product\/teddy-santis-x-new-balance-992-made-in-usa-dusk-shower"},"modified":"2026-03-14T18:07:43","modified_gmt":"2026-03-14T11:07:43","slug":"teddy-santis-x-new-balance-992-made-in-usa-dusk-shower","status":"publish","type":"product","link":"https:\/\/tourcruiser.com\/fr\/products\/teddy-santis-x-new-balance-992-made-in-usa-dusk-shower\/","title":{"rendered":"Teddy Santis x New Balance 992 Made in USA &lsquo;Dusk Shower&rsquo;"},"content":{"rendered":"<p>D\u00e9couvrez la fusion parfaite entre savoir-faire et design moderne avec la Teddy Santis x New Balance 992 Made in USA \u00ab\u00a0Dusk Shower\u00a0\u00bb U992TO, une sneaker premium qui sublime votre style et votre confort. Con\u00e7ue pour la collection visionnaire \u00ab\u00a0Made in USA\u00a0\u00bb de Teddy Santis\u2122, cette silhouette exclusive allie innovation audacieuse et esth\u00e9tique intemporelle. Le coloris \u00ab\u00a0Dusk Shower\u00a0\u00bb se compose d&rsquo;une palette sereine de gris doux et de couleurs d\u00e9licates, \u00e9voquant la beaut\u00e9 paisible du ciel cr\u00e9pusculaire. Fabriqu\u00e9e en daim et mesh de qualit\u00e9 sup\u00e9rieure, cette sneaker garantit durabilit\u00e9, respirabilit\u00e9 et une sensation de luxe. L&rsquo;amorti ABZORB embl\u00e9matique de New Balance assure un maintien exceptionnel et un confort in\u00e9gal\u00e9 pour un style de vie actif tout au long de la journ\u00e9e. Chaque d\u00e9tail de cette sneaker, des coutures pr\u00e9cises au logo \u00ab\u00a0N\u00a0\u00bb iconique, t\u00e9moigne du savoir-faire am\u00e9ricain d&rsquo;exception et d&rsquo;une conception soign\u00e9e. Cette sneaker en \u00e9dition limit\u00e9e est id\u00e9ale pour les passionn\u00e9s de sneakers soucieux de leur style et se marie aussi bien avec une tenue d\u00e9contract\u00e9e qu&rsquo;avec un look streetwear sophistiqu\u00e9. D\u00e9couvrez l&rsquo;art de la chaussure haut de gamme avec la Teddy Santis x New Balance 992 \u00ab\u00a0Dusk Shower\u00a0\u00bb\u00a0: une pi\u00e8ce polyvalente et exclusive qui enrichira votre collection de sneakers. Ce mod\u00e8le au design m\u00e9ticuleux est un v\u00e9ritable bijou, un incontournable pour les collectionneurs et les passionn\u00e9s de style. Coloris\u00a0: Dusk Shower\/Dream State\/Gris perle. Code article\u00a0: U992TO. Tige\u00a0: Daim. Semelle interm\u00e9diaire\u00a0: ABZORB. Couleur\u00a0: Violet. Ann\u00e9e de sortie\u00a0: 2025.<\/p>\n","protected":false},"excerpt":{"rendered":"<p>New Balance 992 \u201d\u201d Dusk Shower\/Dream State\/Pearl Grey<\/p>\n","protected":false},"featured_media":148621,"comment_status":"open","ping_status":"closed","template":"","meta":[],"product_brand":[],"product_cat":[10771],"product_tag":[10750,10754,10765,10766,10768,10758],"class_list":{"0":"post-148620","1":"product","2":"type-product","3":"status-publish","4":"has-post-thumbnail","6":"product_cat-new-balance","7":"product_tag-athleisure-shoes","8":"product_tag-lifestyle-casual-shoes","9":"product_tag-lifestyle-shoes-running-inspired","10":"product_tag-new-balance","11":"product_tag-retro-running-shoes","12":"product_tag-under-retail","13":"wcpa_has_options","15":"first","16":"instock","17":"taxable","18":"shipping-taxable","19":"purchasable","20":"product-type-simple"},"wcpa_form_fields":{"rules":{"pric_overide_base_price":false,"pric_overide_base_price_if_gt_zero":false,"pric_overide_base_price_fully":false,"pric_cal_option_once":false,"pric_use_as_fee":false,"bind_quantity":false,"quantity_bind_formula":false},"fields":[{"type":"color-group","required":true,"elementId":"wcpa-color-group-66c4a928225d2","label":"Taille","inline":true,"priceOptions":"different_for_all","pricingType":"fixed","className":"hassizechart product-shoes-size-eu product-shoes-size","name":"color-group-66c4a928225e2","disp_type":"square","selection_type":"tick-border","disp_size":"50","show_label_inside":true,"adjust_width":true,"cart_display_type":"text","other_text":"Other","cl_rule":"show","col":6,"values":[{"label":"35","value":"EU 35","price":"","pimage":"","pimage_id":"","pthumb":"","color":""},{"label":"36","value":"EU 36","price":"","pimage":"","pimage_id":"","pthumb":"","color":"","selected":true},{"label":"37","value":"EU 37","price":"","pimage":"","pimage_id":"","pthumb":"","color":""},{"label":"37.5","value":"EU 37.5","price":"","pimage":"","pimage_id":"","pthumb":"","color":""},{"label":"38","value":"EU 38","price":"","pimage":"","pimage_id":"","pthumb":"","color":""},{"label":"38.5","value":"EU 38.5","price":"","pimage":"","pimage_id":"","pthumb":"","color":""},{"label":"39","value":"EU 39","price":"","pimage":"","pimage_id":"","pthumb":"","color":""},{"label":"39.5","value":"EU 39.5","price":"","pimage":"","pimage_id":"","pthumb":"","color":""},{"label":"40","value":"EU 40","price":"","pimage":"","pimage_id":"","pthumb":"","color":""},{"label":"40.5","value":"EU 40.5","price":"","pimage":"","pimage_id":"","pthumb":"","color":""},{"label":" 41.5","value":"EU 41.5","price":"","pimage":"","pimage_id":"","pthumb":"","color":""},{"label":"42","value":"EU 42","price":"","pimage":"","pimage_id":"","pthumb":"","color":""},{"label":"42.5","value":"EU 42.5","price":"","pimage":"","pimage_id":"","pthumb":"","color":""},{"label":"43","value":"EU 43","price":"","pimage":"","pimage_id":"","pthumb":"","color":""},{"label":"44","value":"EU 44","price":"","pimage":"","pimage_id":"","pthumb":"","color":""},{"label":"44.5","value":"EU 44.5","price":"","pimage":"","pimage_id":"","pthumb":"","color":""},{"label":"45","value":"EU 45","price":"","pimage":"","pimage_id":"","pthumb":"","color":""},{"label":"45.5","value":"EU 45.5","price":"","pimage":"","pimage_id":"","pthumb":"","color":""},{"label":"46","value":"EU 46","price":"","pimage":"","pimage_id":"","pthumb":"","color":""}],"relations":[{"operator":false,"rules":[]}],"form_id":24803,"form_rules":{"pric_cal_option_once":false,"exclude_from_discount":false,"pric_use_as_fee":false,"fee_label":"Fee","render_after_acb":false,"disp_hide_options_price":false}}]},"yoast_head":"<!-- This site is optimized with the Yoast SEO plugin v26.5 - https:\/\/yoast.com\/wordpress\/plugins\/seo\/ -->\n<title>Teddy Santis x New Balance 992 Made in USA &#039;Dusk Shower&#039; - TOURCRUISER PTE. LTD<\/title>\n<meta name=\"robots\" content=\"index, follow, max-snippet:-1, max-image-preview:large, max-video-preview:-1\" \/>\n<link rel=\"canonical\" href=\"https:\/\/tourcruiser.com\/fr\/products\/teddy-santis-x-new-balance-992-made-in-usa-dusk-shower\/\" \/>\n<meta property=\"og:locale\" content=\"fr_FR\" \/>\n<meta property=\"og:type\" content=\"article\" \/>\n<meta property=\"og:title\" content=\"Teddy Santis x New Balance 992 Made in USA &#039;Dusk Shower&#039; - TOURCRUISER PTE. LTD\" \/>\n<meta property=\"og:description\" content=\"New Balance 992 \u201d\u201d Dusk Shower\/Dream State\/Pearl Grey\" \/>\n<meta property=\"og:url\" content=\"https:\/\/tourcruiser.com\/fr\/products\/teddy-santis-x-new-balance-992-made-in-usa-dusk-shower\/\" \/>\n<meta property=\"og:site_name\" content=\"Tourcruiser Sneaker Store\" \/>\n<meta property=\"article:modified_time\" content=\"2026-03-14T11:07:43+00:00\" \/>\n<meta name=\"twitter:card\" content=\"summary_large_image\" \/>\n<meta name=\"twitter:image\" content=\"https:\/\/images.novelship.com\/product\/teddy_santis_x_new_balance_992_made_in_usa__dusk_s_0_74631.jpeg\" \/>\n<meta name=\"twitter:label1\" content=\"Dur\u00e9e de lecture estim\u00e9e\" \/>\n\t<meta name=\"twitter:data1\" content=\"1 minute\" \/>\n<script type=\"application\/ld+json\" class=\"yoast-schema-graph\">{\"@context\":\"https:\/\/schema.org\",\"@graph\":[{\"@type\":\"WebPage\",\"@id\":\"https:\/\/tourcruiser.com\/fr\/products\/teddy-santis-x-new-balance-992-made-in-usa-dusk-shower\/\",\"url\":\"https:\/\/tourcruiser.com\/fr\/products\/teddy-santis-x-new-balance-992-made-in-usa-dusk-shower\/\",\"name\":\"Teddy Santis x New Balance 992 Made in USA 'Dusk Shower' - TOURCRUISER PTE. LTD\",\"isPartOf\":{\"@id\":\"https:\/\/tourcruiser.com\/fr\/#website\"},\"primaryImageOfPage\":{\"@id\":\"https:\/\/tourcruiser.com\/fr\/products\/teddy-santis-x-new-balance-992-made-in-usa-dusk-shower\/#primaryimage\"},\"image\":{\"@id\":\"https:\/\/tourcruiser.com\/fr\/products\/teddy-santis-x-new-balance-992-made-in-usa-dusk-shower\/#primaryimage\"},\"thumbnailUrl\":\"https:\/\/images.novelship.com\/product\/teddy_santis_x_new_balance_992_made_in_usa__dusk_s_0_74631.jpeg\",\"datePublished\":\"2026-03-02T08:48:40+00:00\",\"dateModified\":\"2026-03-14T11:07:43+00:00\",\"breadcrumb\":{\"@id\":\"https:\/\/tourcruiser.com\/fr\/products\/teddy-santis-x-new-balance-992-made-in-usa-dusk-shower\/#breadcrumb\"},\"inLanguage\":\"fr-FR\",\"potentialAction\":[{\"@type\":\"ReadAction\",\"target\":[\"https:\/\/tourcruiser.com\/fr\/products\/teddy-santis-x-new-balance-992-made-in-usa-dusk-shower\/\"]}]},{\"@type\":\"ImageObject\",\"inLanguage\":\"fr-FR\",\"@id\":\"https:\/\/tourcruiser.com\/fr\/products\/teddy-santis-x-new-balance-992-made-in-usa-dusk-shower\/#primaryimage\",\"url\":\"https:\/\/images.novelship.com\/product\/teddy_santis_x_new_balance_992_made_in_usa__dusk_s_0_74631.jpeg\",\"contentUrl\":\"https:\/\/images.novelship.com\/product\/teddy_santis_x_new_balance_992_made_in_usa__dusk_s_0_74631.jpeg\"},{\"@type\":\"BreadcrumbList\",\"@id\":\"https:\/\/tourcruiser.com\/fr\/products\/teddy-santis-x-new-balance-992-made-in-usa-dusk-shower\/#breadcrumb\",\"itemListElement\":[{\"@type\":\"ListItem\",\"position\":1,\"name\":\"Home\",\"item\":\"https:\/\/tourcruiser.com\/fr\/\"},{\"@type\":\"ListItem\",\"position\":2,\"name\":\"Shop\",\"item\":\"https:\/\/tourcruiser.com\/fr\/shop\/\"},{\"@type\":\"ListItem\",\"position\":3,\"name\":\"Teddy Santis x New Balance 992 Made in USA 'Dusk Shower'\"}]},{\"@type\":\"WebSite\",\"@id\":\"https:\/\/tourcruiser.com\/fr\/#website\",\"url\":\"https:\/\/tourcruiser.com\/fr\/\",\"name\":\"Styloral Jewelry Shop\",\"description\":\"Tourcruiser Sneaker Store \u2014 L\u2019endroit o\u00f9 l\u2019univers rencontre votre singularit\u00e9.\",\"publisher\":{\"@id\":\"https:\/\/tourcruiser.com\/fr\/#organization\"},\"potentialAction\":[{\"@type\":\"SearchAction\",\"target\":{\"@type\":\"EntryPoint\",\"urlTemplate\":\"https:\/\/tourcruiser.com\/fr\/?s={search_term_string}\"},\"query-input\":{\"@type\":\"PropertyValueSpecification\",\"valueRequired\":true,\"valueName\":\"search_term_string\"}}],\"inLanguage\":\"fr-FR\"},{\"@type\":\"Organization\",\"@id\":\"https:\/\/tourcruiser.com\/fr\/#organization\",\"name\":\"STYLORAL PTE. LTD\",\"url\":\"https:\/\/tourcruiser.com\/fr\/\",\"logo\":{\"@type\":\"ImageObject\",\"inLanguage\":\"fr-FR\",\"@id\":\"https:\/\/tourcruiser.com\/fr\/#\/schema\/logo\/image\/\",\"url\":\"https:\/\/www.tourcruiser.com\/wp-content\/uploads\/2025\/12\/logo.png\",\"contentUrl\":\"https:\/\/www.tourcruiser.com\/wp-content\/uploads\/2025\/12\/logo.png\",\"width\":200,\"height\":65,\"caption\":\"STYLORAL PTE. LTD\"},\"image\":{\"@id\":\"https:\/\/tourcruiser.com\/fr\/#\/schema\/logo\/image\/\"}}]}<\/script>\n<!-- \/ Yoast SEO plugin. -->","yoast_head_json":{"title":"Teddy Santis x New Balance 992 Made in USA 'Dusk Shower' - TOURCRUISER PTE. LTD","robots":{"index":"index","follow":"follow","max-snippet":"max-snippet:-1","max-image-preview":"max-image-preview:large","max-video-preview":"max-video-preview:-1"},"canonical":"https:\/\/tourcruiser.com\/fr\/products\/teddy-santis-x-new-balance-992-made-in-usa-dusk-shower\/","og_locale":"fr_FR","og_type":"article","og_title":"Teddy Santis x New Balance 992 Made in USA 'Dusk Shower' - TOURCRUISER PTE. LTD","og_description":"New Balance 992 \u201d\u201d Dusk Shower\/Dream State\/Pearl Grey","og_url":"https:\/\/tourcruiser.com\/fr\/products\/teddy-santis-x-new-balance-992-made-in-usa-dusk-shower\/","og_site_name":"Tourcruiser Sneaker Store","article_modified_time":"2026-03-14T11:07:43+00:00","twitter_card":"summary_large_image","twitter_image":"https:\/\/images.novelship.com\/product\/teddy_santis_x_new_balance_992_made_in_usa__dusk_s_0_74631.jpeg","twitter_misc":{"Dur\u00e9e de lecture estim\u00e9e":"1 minute"},"schema":{"@context":"https:\/\/schema.org","@graph":[{"@type":"WebPage","@id":"https:\/\/tourcruiser.com\/fr\/products\/teddy-santis-x-new-balance-992-made-in-usa-dusk-shower\/","url":"https:\/\/tourcruiser.com\/fr\/products\/teddy-santis-x-new-balance-992-made-in-usa-dusk-shower\/","name":"Teddy Santis x New Balance 992 Made in USA 'Dusk Shower' - TOURCRUISER PTE. LTD","isPartOf":{"@id":"https:\/\/tourcruiser.com\/fr\/#website"},"primaryImageOfPage":{"@id":"https:\/\/tourcruiser.com\/fr\/products\/teddy-santis-x-new-balance-992-made-in-usa-dusk-shower\/#primaryimage"},"image":{"@id":"https:\/\/tourcruiser.com\/fr\/products\/teddy-santis-x-new-balance-992-made-in-usa-dusk-shower\/#primaryimage"},"thumbnailUrl":"https:\/\/images.novelship.com\/product\/teddy_santis_x_new_balance_992_made_in_usa__dusk_s_0_74631.jpeg","datePublished":"2026-03-02T08:48:40+00:00","dateModified":"2026-03-14T11:07:43+00:00","breadcrumb":{"@id":"https:\/\/tourcruiser.com\/fr\/products\/teddy-santis-x-new-balance-992-made-in-usa-dusk-shower\/#breadcrumb"},"inLanguage":"fr-FR","potentialAction":[{"@type":"ReadAction","target":["https:\/\/tourcruiser.com\/fr\/products\/teddy-santis-x-new-balance-992-made-in-usa-dusk-shower\/"]}]},{"@type":"ImageObject","inLanguage":"fr-FR","@id":"https:\/\/tourcruiser.com\/fr\/products\/teddy-santis-x-new-balance-992-made-in-usa-dusk-shower\/#primaryimage","url":"https:\/\/images.novelship.com\/product\/teddy_santis_x_new_balance_992_made_in_usa__dusk_s_0_74631.jpeg","contentUrl":"https:\/\/images.novelship.com\/product\/teddy_santis_x_new_balance_992_made_in_usa__dusk_s_0_74631.jpeg"},{"@type":"BreadcrumbList","@id":"https:\/\/tourcruiser.com\/fr\/products\/teddy-santis-x-new-balance-992-made-in-usa-dusk-shower\/#breadcrumb","itemListElement":[{"@type":"ListItem","position":1,"name":"Home","item":"https:\/\/tourcruiser.com\/fr\/"},{"@type":"ListItem","position":2,"name":"Shop","item":"https:\/\/tourcruiser.com\/fr\/shop\/"},{"@type":"ListItem","position":3,"name":"Teddy Santis x New Balance 992 Made in USA 'Dusk Shower'"}]},{"@type":"WebSite","@id":"https:\/\/tourcruiser.com\/fr\/#website","url":"https:\/\/tourcruiser.com\/fr\/","name":"Styloral Jewelry Shop","description":"Tourcruiser Sneaker Store \u2014 L\u2019endroit o\u00f9 l\u2019univers rencontre votre singularit\u00e9.","publisher":{"@id":"https:\/\/tourcruiser.com\/fr\/#organization"},"potentialAction":[{"@type":"SearchAction","target":{"@type":"EntryPoint","urlTemplate":"https:\/\/tourcruiser.com\/fr\/?s={search_term_string}"},"query-input":{"@type":"PropertyValueSpecification","valueRequired":true,"valueName":"search_term_string"}}],"inLanguage":"fr-FR"},{"@type":"Organization","@id":"https:\/\/tourcruiser.com\/fr\/#organization","name":"STYLORAL PTE. LTD","url":"https:\/\/tourcruiser.com\/fr\/","logo":{"@type":"ImageObject","inLanguage":"fr-FR","@id":"https:\/\/tourcruiser.com\/fr\/#\/schema\/logo\/image\/","url":"https:\/\/www.tourcruiser.com\/wp-content\/uploads\/2025\/12\/logo.png","contentUrl":"https:\/\/www.tourcruiser.com\/wp-content\/uploads\/2025\/12\/logo.png","width":200,"height":65,"caption":"STYLORAL PTE. LTD"},"image":{"@id":"https:\/\/tourcruiser.com\/fr\/#\/schema\/logo\/image\/"}}]}},"_links":{"self":[{"href":"https:\/\/tourcruiser.com\/fr\/wp-json\/wp\/v2\/product\/148620","targetHints":{"allow":["GET"]}}],"collection":[{"href":"https:\/\/tourcruiser.com\/fr\/wp-json\/wp\/v2\/product"}],"about":[{"href":"https:\/\/tourcruiser.com\/fr\/wp-json\/wp\/v2\/types\/product"}],"replies":[{"embeddable":true,"href":"https:\/\/tourcruiser.com\/fr\/wp-json\/wp\/v2\/comments?post=148620"}],"wp:featuredmedia":[{"embeddable":true,"href":"https:\/\/tourcruiser.com\/fr\/wp-json\/wp\/v2\/media\/148621"}],"wp:attachment":[{"href":"https:\/\/tourcruiser.com\/fr\/wp-json\/wp\/v2\/media?parent=148620"}],"wp:term":[{"taxonomy":"product_brand","embeddable":true,"href":"https:\/\/tourcruiser.com\/fr\/wp-json\/wp\/v2\/product_brand?post=148620"},{"taxonomy":"product_cat","embeddable":true,"href":"https:\/\/tourcruiser.com\/fr\/wp-json\/wp\/v2\/product_cat?post=148620"},{"taxonomy":"product_tag","embeddable":true,"href":"https:\/\/tourcruiser.com\/fr\/wp-json\/wp\/v2\/product_tag?post=148620"}],"curies":[{"name":"wp","href":"https:\/\/api.w.org\/{rel}","templated":true}]}}