{"id":146711,"date":"2026-03-02T15:45:38","date_gmt":"2026-03-02T08:45:38","guid":{"rendered":"http:\/\/tourcruiser.com\/product\/new-balance-noritake-x-new-balance-sports-sandals-bluepinkyellow"},"modified":"2026-03-14T18:07:20","modified_gmt":"2026-03-14T11:07:20","slug":"new-balance-noritake-x-new-balance-sports-sandals-bluepinkyellow","status":"publish","type":"product","link":"https:\/\/tourcruiser.com\/fr\/products\/new-balance-noritake-x-new-balance-sports-sandals-bluepinkyellow\/","title":{"rendered":"New Balance Noritake x New Balance Sports Sandals Blue\/Pink\/Yellow"},"content":{"rendered":"<p>D\u00e9couvrez les sandales de sport New Balance Noritake x New Balance\u00a0: une fusion dynamique de style et de fonctionnalit\u00e9. Ces sandales arborent un design color-block unique en bleu, rose et jaune, qui ne manquera pas d&rsquo;attirer les regards. Leur construction robuste et leur semelle int\u00e9rieure rembourr\u00e9e garantissent un confort optimal tout au long de la journ\u00e9e, les rendant id\u00e9ales pour les aventures en plein air ou les sorties d\u00e9contract\u00e9es. Dot\u00e9es d&rsquo;une boucle s\u00e9curis\u00e9e et d&rsquo;une semelle ext\u00e9rieure adh\u00e9rente, ces sandales offrent stabilit\u00e9 et une touche d&rsquo;\u00e9l\u00e9gance d\u00e9contract\u00e9e. Sublimez votre garde-robe d&rsquo;\u00e9t\u00e9 avec les sandales de sport New Balance Noritake x New Balance. <\/p>\n<p>Combinaison de couleurs\u00a0: Rose\/Bleu\/Jaune<br \/>\nR\u00e9f\u00e9rence\u00a0: SUFNCLAT<\/p>\n<p>Saison\u00a0: Toute l&rsquo;ann\u00e9e<\/p>\n<p>Couleur\u00a0: Rose\/Bleu\/Jaune<\/p>\n","protected":false},"excerpt":{"rendered":"<p>New Balance Noritake Sports Sandals \u201d\u201d Pink\/Blue\/Yellow<\/p>\n","protected":false},"featured_media":146712,"comment_status":"open","ping_status":"closed","template":"","meta":[],"product_brand":[],"product_cat":[10771],"product_tag":[10864,10754,10766,13289,10758],"class_list":{"0":"post-146711","1":"product","2":"type-product","3":"status-publish","4":"has-post-thumbnail","6":"product_cat-new-balance","7":"product_tag-casual-sandals","8":"product_tag-lifestyle-casual-shoes","9":"product_tag-new-balance","10":"product_tag-sports-sandals","11":"product_tag-under-retail","12":"wcpa_has_options","14":"first","15":"instock","16":"taxable","17":"shipping-taxable","18":"purchasable","19":"product-type-simple"},"wcpa_form_fields":{"rules":{"pric_overide_base_price":false,"pric_overide_base_price_if_gt_zero":false,"pric_overide_base_price_fully":false,"pric_cal_option_once":false,"pric_use_as_fee":false,"bind_quantity":false,"quantity_bind_formula":false},"fields":[{"type":"color-group","required":true,"elementId":"wcpa-color-group-66c4a928225d2","label":"Taille","inline":true,"priceOptions":"different_for_all","pricingType":"fixed","className":"hassizechart product-shoes-size-eu product-shoes-size","name":"color-group-66c4a928225e2","disp_type":"square","selection_type":"tick-border","disp_size":"50","show_label_inside":true,"adjust_width":true,"cart_display_type":"text","other_text":"Other","cl_rule":"show","col":6,"values":[{"label":"35","value":"EU 35","price":"","pimage":"","pimage_id":"","pthumb":"","color":""},{"label":"36","value":"EU 36","price":"","pimage":"","pimage_id":"","pthumb":"","color":"","selected":true},{"label":"37","value":"EU 37","price":"","pimage":"","pimage_id":"","pthumb":"","color":""},{"label":"37.5","value":"EU 37.5","price":"","pimage":"","pimage_id":"","pthumb":"","color":""},{"label":"38","value":"EU 38","price":"","pimage":"","pimage_id":"","pthumb":"","color":""},{"label":"38.5","value":"EU 38.5","price":"","pimage":"","pimage_id":"","pthumb":"","color":""},{"label":"39","value":"EU 39","price":"","pimage":"","pimage_id":"","pthumb":"","color":""},{"label":"39.5","value":"EU 39.5","price":"","pimage":"","pimage_id":"","pthumb":"","color":""},{"label":"40","value":"EU 40","price":"","pimage":"","pimage_id":"","pthumb":"","color":""},{"label":"40.5","value":"EU 40.5","price":"","pimage":"","pimage_id":"","pthumb":"","color":""},{"label":" 41.5","value":"EU 41.5","price":"","pimage":"","pimage_id":"","pthumb":"","color":""},{"label":"42","value":"EU 42","price":"","pimage":"","pimage_id":"","pthumb":"","color":""},{"label":"42.5","value":"EU 42.5","price":"","pimage":"","pimage_id":"","pthumb":"","color":""},{"label":"43","value":"EU 43","price":"","pimage":"","pimage_id":"","pthumb":"","color":""},{"label":"44","value":"EU 44","price":"","pimage":"","pimage_id":"","pthumb":"","color":""},{"label":"44.5","value":"EU 44.5","price":"","pimage":"","pimage_id":"","pthumb":"","color":""},{"label":"45","value":"EU 45","price":"","pimage":"","pimage_id":"","pthumb":"","color":""},{"label":"45.5","value":"EU 45.5","price":"","pimage":"","pimage_id":"","pthumb":"","color":""},{"label":"46","value":"EU 46","price":"","pimage":"","pimage_id":"","pthumb":"","color":""}],"relations":[{"operator":false,"rules":[]}],"form_id":24803,"form_rules":{"pric_cal_option_once":false,"exclude_from_discount":false,"pric_use_as_fee":false,"fee_label":"Fee","render_after_acb":false,"disp_hide_options_price":false}}]},"yoast_head":"<!-- This site is optimized with the Yoast SEO plugin v26.5 - https:\/\/yoast.com\/wordpress\/plugins\/seo\/ -->\n<title>New Balance Noritake x New Balance Sports Sandals Blue\/Pink\/Yellow - TOURCRUISER PTE. LTD<\/title>\n<meta name=\"robots\" content=\"index, follow, max-snippet:-1, max-image-preview:large, max-video-preview:-1\" \/>\n<link rel=\"canonical\" href=\"https:\/\/tourcruiser.com\/fr\/products\/new-balance-noritake-x-new-balance-sports-sandals-bluepinkyellow\/\" \/>\n<meta property=\"og:locale\" content=\"fr_FR\" \/>\n<meta property=\"og:type\" content=\"article\" \/>\n<meta property=\"og:title\" content=\"New Balance Noritake x New Balance Sports Sandals Blue\/Pink\/Yellow - TOURCRUISER PTE. LTD\" \/>\n<meta property=\"og:description\" content=\"New Balance Noritake Sports Sandals \u201d\u201d Pink\/Blue\/Yellow\" \/>\n<meta property=\"og:url\" content=\"https:\/\/tourcruiser.com\/fr\/products\/new-balance-noritake-x-new-balance-sports-sandals-bluepinkyellow\/\" \/>\n<meta property=\"og:site_name\" content=\"Tourcruiser Sneaker Store\" \/>\n<meta property=\"article:modified_time\" content=\"2026-03-14T11:07:20+00:00\" \/>\n<meta name=\"twitter:card\" content=\"summary_large_image\" \/>\n<meta name=\"twitter:image\" content=\"https:\/\/images.novelship.com\/product\/noritake_x_new_balance_sports_sandals_blue_pink_ye_0_95100.jpeg\" \/>\n<meta name=\"twitter:label1\" content=\"Dur\u00e9e de lecture estim\u00e9e\" \/>\n\t<meta name=\"twitter:data1\" content=\"1 minute\" \/>\n<script type=\"application\/ld+json\" class=\"yoast-schema-graph\">{\"@context\":\"https:\/\/schema.org\",\"@graph\":[{\"@type\":\"WebPage\",\"@id\":\"https:\/\/tourcruiser.com\/fr\/products\/new-balance-noritake-x-new-balance-sports-sandals-bluepinkyellow\/\",\"url\":\"https:\/\/tourcruiser.com\/fr\/products\/new-balance-noritake-x-new-balance-sports-sandals-bluepinkyellow\/\",\"name\":\"New Balance Noritake x New Balance Sports Sandals Blue\/Pink\/Yellow - TOURCRUISER PTE. LTD\",\"isPartOf\":{\"@id\":\"https:\/\/tourcruiser.com\/fr\/#website\"},\"primaryImageOfPage\":{\"@id\":\"https:\/\/tourcruiser.com\/fr\/products\/new-balance-noritake-x-new-balance-sports-sandals-bluepinkyellow\/#primaryimage\"},\"image\":{\"@id\":\"https:\/\/tourcruiser.com\/fr\/products\/new-balance-noritake-x-new-balance-sports-sandals-bluepinkyellow\/#primaryimage\"},\"thumbnailUrl\":\"https:\/\/images.novelship.com\/product\/noritake_x_new_balance_sports_sandals_blue_pink_ye_0_95100.jpeg\",\"datePublished\":\"2026-03-02T08:45:38+00:00\",\"dateModified\":\"2026-03-14T11:07:20+00:00\",\"breadcrumb\":{\"@id\":\"https:\/\/tourcruiser.com\/fr\/products\/new-balance-noritake-x-new-balance-sports-sandals-bluepinkyellow\/#breadcrumb\"},\"inLanguage\":\"fr-FR\",\"potentialAction\":[{\"@type\":\"ReadAction\",\"target\":[\"https:\/\/tourcruiser.com\/fr\/products\/new-balance-noritake-x-new-balance-sports-sandals-bluepinkyellow\/\"]}]},{\"@type\":\"ImageObject\",\"inLanguage\":\"fr-FR\",\"@id\":\"https:\/\/tourcruiser.com\/fr\/products\/new-balance-noritake-x-new-balance-sports-sandals-bluepinkyellow\/#primaryimage\",\"url\":\"https:\/\/images.novelship.com\/product\/noritake_x_new_balance_sports_sandals_blue_pink_ye_0_95100.jpeg\",\"contentUrl\":\"https:\/\/images.novelship.com\/product\/noritake_x_new_balance_sports_sandals_blue_pink_ye_0_95100.jpeg\"},{\"@type\":\"BreadcrumbList\",\"@id\":\"https:\/\/tourcruiser.com\/fr\/products\/new-balance-noritake-x-new-balance-sports-sandals-bluepinkyellow\/#breadcrumb\",\"itemListElement\":[{\"@type\":\"ListItem\",\"position\":1,\"name\":\"Home\",\"item\":\"https:\/\/tourcruiser.com\/fr\/\"},{\"@type\":\"ListItem\",\"position\":2,\"name\":\"Shop\",\"item\":\"https:\/\/tourcruiser.com\/fr\/shop\/\"},{\"@type\":\"ListItem\",\"position\":3,\"name\":\"New Balance Noritake x New Balance Sports Sandals Blue\/Pink\/Yellow\"}]},{\"@type\":\"WebSite\",\"@id\":\"https:\/\/tourcruiser.com\/fr\/#website\",\"url\":\"https:\/\/tourcruiser.com\/fr\/\",\"name\":\"Styloral Jewelry Shop\",\"description\":\"Tourcruiser Sneaker Store \u2014 L\u2019endroit o\u00f9 l\u2019univers rencontre votre singularit\u00e9.\",\"publisher\":{\"@id\":\"https:\/\/tourcruiser.com\/fr\/#organization\"},\"potentialAction\":[{\"@type\":\"SearchAction\",\"target\":{\"@type\":\"EntryPoint\",\"urlTemplate\":\"https:\/\/tourcruiser.com\/fr\/?s={search_term_string}\"},\"query-input\":{\"@type\":\"PropertyValueSpecification\",\"valueRequired\":true,\"valueName\":\"search_term_string\"}}],\"inLanguage\":\"fr-FR\"},{\"@type\":\"Organization\",\"@id\":\"https:\/\/tourcruiser.com\/fr\/#organization\",\"name\":\"STYLORAL PTE. LTD\",\"url\":\"https:\/\/tourcruiser.com\/fr\/\",\"logo\":{\"@type\":\"ImageObject\",\"inLanguage\":\"fr-FR\",\"@id\":\"https:\/\/tourcruiser.com\/fr\/#\/schema\/logo\/image\/\",\"url\":\"https:\/\/www.tourcruiser.com\/wp-content\/uploads\/2025\/12\/logo.png\",\"contentUrl\":\"https:\/\/www.tourcruiser.com\/wp-content\/uploads\/2025\/12\/logo.png\",\"width\":200,\"height\":65,\"caption\":\"STYLORAL PTE. LTD\"},\"image\":{\"@id\":\"https:\/\/tourcruiser.com\/fr\/#\/schema\/logo\/image\/\"}}]}<\/script>\n<!-- \/ Yoast SEO plugin. -->","yoast_head_json":{"title":"New Balance Noritake x New Balance Sports Sandals Blue\/Pink\/Yellow - TOURCRUISER PTE. LTD","robots":{"index":"index","follow":"follow","max-snippet":"max-snippet:-1","max-image-preview":"max-image-preview:large","max-video-preview":"max-video-preview:-1"},"canonical":"https:\/\/tourcruiser.com\/fr\/products\/new-balance-noritake-x-new-balance-sports-sandals-bluepinkyellow\/","og_locale":"fr_FR","og_type":"article","og_title":"New Balance Noritake x New Balance Sports Sandals Blue\/Pink\/Yellow - TOURCRUISER PTE. LTD","og_description":"New Balance Noritake Sports Sandals \u201d\u201d Pink\/Blue\/Yellow","og_url":"https:\/\/tourcruiser.com\/fr\/products\/new-balance-noritake-x-new-balance-sports-sandals-bluepinkyellow\/","og_site_name":"Tourcruiser Sneaker Store","article_modified_time":"2026-03-14T11:07:20+00:00","twitter_card":"summary_large_image","twitter_image":"https:\/\/images.novelship.com\/product\/noritake_x_new_balance_sports_sandals_blue_pink_ye_0_95100.jpeg","twitter_misc":{"Dur\u00e9e de lecture estim\u00e9e":"1 minute"},"schema":{"@context":"https:\/\/schema.org","@graph":[{"@type":"WebPage","@id":"https:\/\/tourcruiser.com\/fr\/products\/new-balance-noritake-x-new-balance-sports-sandals-bluepinkyellow\/","url":"https:\/\/tourcruiser.com\/fr\/products\/new-balance-noritake-x-new-balance-sports-sandals-bluepinkyellow\/","name":"New Balance Noritake x New Balance Sports Sandals Blue\/Pink\/Yellow - TOURCRUISER PTE. LTD","isPartOf":{"@id":"https:\/\/tourcruiser.com\/fr\/#website"},"primaryImageOfPage":{"@id":"https:\/\/tourcruiser.com\/fr\/products\/new-balance-noritake-x-new-balance-sports-sandals-bluepinkyellow\/#primaryimage"},"image":{"@id":"https:\/\/tourcruiser.com\/fr\/products\/new-balance-noritake-x-new-balance-sports-sandals-bluepinkyellow\/#primaryimage"},"thumbnailUrl":"https:\/\/images.novelship.com\/product\/noritake_x_new_balance_sports_sandals_blue_pink_ye_0_95100.jpeg","datePublished":"2026-03-02T08:45:38+00:00","dateModified":"2026-03-14T11:07:20+00:00","breadcrumb":{"@id":"https:\/\/tourcruiser.com\/fr\/products\/new-balance-noritake-x-new-balance-sports-sandals-bluepinkyellow\/#breadcrumb"},"inLanguage":"fr-FR","potentialAction":[{"@type":"ReadAction","target":["https:\/\/tourcruiser.com\/fr\/products\/new-balance-noritake-x-new-balance-sports-sandals-bluepinkyellow\/"]}]},{"@type":"ImageObject","inLanguage":"fr-FR","@id":"https:\/\/tourcruiser.com\/fr\/products\/new-balance-noritake-x-new-balance-sports-sandals-bluepinkyellow\/#primaryimage","url":"https:\/\/images.novelship.com\/product\/noritake_x_new_balance_sports_sandals_blue_pink_ye_0_95100.jpeg","contentUrl":"https:\/\/images.novelship.com\/product\/noritake_x_new_balance_sports_sandals_blue_pink_ye_0_95100.jpeg"},{"@type":"BreadcrumbList","@id":"https:\/\/tourcruiser.com\/fr\/products\/new-balance-noritake-x-new-balance-sports-sandals-bluepinkyellow\/#breadcrumb","itemListElement":[{"@type":"ListItem","position":1,"name":"Home","item":"https:\/\/tourcruiser.com\/fr\/"},{"@type":"ListItem","position":2,"name":"Shop","item":"https:\/\/tourcruiser.com\/fr\/shop\/"},{"@type":"ListItem","position":3,"name":"New Balance Noritake x New Balance Sports Sandals Blue\/Pink\/Yellow"}]},{"@type":"WebSite","@id":"https:\/\/tourcruiser.com\/fr\/#website","url":"https:\/\/tourcruiser.com\/fr\/","name":"Styloral Jewelry Shop","description":"Tourcruiser Sneaker Store \u2014 L\u2019endroit o\u00f9 l\u2019univers rencontre votre singularit\u00e9.","publisher":{"@id":"https:\/\/tourcruiser.com\/fr\/#organization"},"potentialAction":[{"@type":"SearchAction","target":{"@type":"EntryPoint","urlTemplate":"https:\/\/tourcruiser.com\/fr\/?s={search_term_string}"},"query-input":{"@type":"PropertyValueSpecification","valueRequired":true,"valueName":"search_term_string"}}],"inLanguage":"fr-FR"},{"@type":"Organization","@id":"https:\/\/tourcruiser.com\/fr\/#organization","name":"STYLORAL PTE. LTD","url":"https:\/\/tourcruiser.com\/fr\/","logo":{"@type":"ImageObject","inLanguage":"fr-FR","@id":"https:\/\/tourcruiser.com\/fr\/#\/schema\/logo\/image\/","url":"https:\/\/www.tourcruiser.com\/wp-content\/uploads\/2025\/12\/logo.png","contentUrl":"https:\/\/www.tourcruiser.com\/wp-content\/uploads\/2025\/12\/logo.png","width":200,"height":65,"caption":"STYLORAL PTE. LTD"},"image":{"@id":"https:\/\/tourcruiser.com\/fr\/#\/schema\/logo\/image\/"}}]}},"_links":{"self":[{"href":"https:\/\/tourcruiser.com\/fr\/wp-json\/wp\/v2\/product\/146711","targetHints":{"allow":["GET"]}}],"collection":[{"href":"https:\/\/tourcruiser.com\/fr\/wp-json\/wp\/v2\/product"}],"about":[{"href":"https:\/\/tourcruiser.com\/fr\/wp-json\/wp\/v2\/types\/product"}],"replies":[{"embeddable":true,"href":"https:\/\/tourcruiser.com\/fr\/wp-json\/wp\/v2\/comments?post=146711"}],"wp:featuredmedia":[{"embeddable":true,"href":"https:\/\/tourcruiser.com\/fr\/wp-json\/wp\/v2\/media\/146712"}],"wp:attachment":[{"href":"https:\/\/tourcruiser.com\/fr\/wp-json\/wp\/v2\/media?parent=146711"}],"wp:term":[{"taxonomy":"product_brand","embeddable":true,"href":"https:\/\/tourcruiser.com\/fr\/wp-json\/wp\/v2\/product_brand?post=146711"},{"taxonomy":"product_cat","embeddable":true,"href":"https:\/\/tourcruiser.com\/fr\/wp-json\/wp\/v2\/product_cat?post=146711"},{"taxonomy":"product_tag","embeddable":true,"href":"https:\/\/tourcruiser.com\/fr\/wp-json\/wp\/v2\/product_tag?post=146711"}],"curies":[{"name":"wp","href":"https:\/\/api.w.org\/{rel}","templated":true}]}}