{"id":146589,"date":"2026-03-02T15:45:27","date_gmt":"2026-03-02T08:45:27","guid":{"rendered":"http:\/\/tourcruiser.com\/product\/adidas-zx-8000-made-in-germanylucid-aquamarine"},"modified":"2026-03-17T00:31:00","modified_gmt":"2026-03-16T17:31:00","slug":"adidas-zx-8000-made-in-germanylucid-aquamarine","status":"publish","type":"product","link":"https:\/\/tourcruiser.com\/fr\/products\/adidas-zx-8000-made-in-germanylucid-aquamarine\/","title":{"rendered":"adidas ZX 8000 &lsquo;Made in Germany &#8211; Lucid Aquamarine&rsquo;"},"content":{"rendered":"<p>L&rsquo;adidas ZX 8000 \u00ab\u00a0Made in Germany\u00a0\u00bb JR4609 allie un savoir-faire intemporel \u00e0 un design innovant, offrant aux passionn\u00e9s de sneakers du monde entier une qualit\u00e9 exceptionnelle et un confort optimal. Fabriqu\u00e9e avec une pr\u00e9cision m\u00e9ticuleuse en Allemagne, cette chaussure incarne l&rsquo;ing\u00e9nierie de pr\u00e9cision et le luxe des mat\u00e9riaux. Son \u00e9l\u00e9gante silhouette et ses d\u00e9tails raffin\u00e9s rehaussent toutes les tenues. L&#8217;empeigne en cuir premium garantit une durabilit\u00e9 \u00e0 toute \u00e9preuve et souligne son allure sophistiqu\u00e9e. Elle est compl\u00e9t\u00e9e par un amorti r\u00e9actif et une semelle interm\u00e9diaire l\u00e9g\u00e8re en EVA pour un maintien et une flexibilit\u00e9 sans effort. Gr\u00e2ce au syst\u00e8me Torsion System embl\u00e9matique qui am\u00e9liore la stabilit\u00e9 et la fluidit\u00e9 des mouvements, cette chaussure est id\u00e9ale aussi bien pour les loisirs que pour les performances sportives de haut niveau. Le souci du d\u00e9tail est visible dans chaque couture, faisant de cette sneaker moderne, inspir\u00e9e du patrimoine de la marque, une v\u00e9ritable pi\u00e8ce ma\u00eetresse dans toute collection. Con\u00e7ue sp\u00e9cialement pour les amateurs de chaussures exigeants, la ZX 8000 \u00ab\u00a0Made in Germany\u00a0\u00bb JR4609 allie \u00e0 la perfection style, h\u00e9ritage et fonctionnalit\u00e9. Cela en fait un ajout indispensable \u00e0 toute garde-robe moderne.<\/p>\n<ul>\n<li><strong>Coloris\u00a0:<\/strong> Blanc\/Aigue-marine transparente\/Jaune poudr\u00e9<\/li>\n<li><strong>R\u00e9f\u00e9rence\u00a0:<\/strong> JR4609<\/li>\n<li><strong>Mati\u00e8re ext\u00e9rieure\u00a0:<\/strong> Textile<\/li>\n<li><strong>Couleur\u00a0:<\/strong> Gris<\/li>\n<\/ul>\n","protected":false},"excerpt":{"rendered":"<p>adidas ZX 8000 Made in Germany \u201d\u201d Footwear White\/Lucid Aquamarine\/Powder Yellow<\/p>\n","protected":false},"featured_media":146590,"comment_status":"open","ping_status":"closed","template":"","meta":[],"product_brand":[],"product_cat":[10760],"product_tag":[10759,10750,11449,10754,10765,10778,10768],"class_list":{"0":"post-146589","1":"product","2":"type-product","3":"status-publish","4":"has-post-thumbnail","6":"product_cat-adidas","7":"product_tag-adidas","8":"product_tag-athleisure-shoes","9":"product_tag-latest-release","10":"product_tag-lifestyle-casual-shoes","11":"product_tag-lifestyle-shoes-running-inspired","12":"product_tag-new-release","13":"product_tag-retro-running-shoes","14":"wcpa_has_options","16":"first","17":"outofstock","18":"taxable","19":"shipping-taxable","20":"purchasable","21":"product-type-simple"},"wcpa_form_fields":{"rules":{"pric_overide_base_price":false,"pric_overide_base_price_if_gt_zero":false,"pric_overide_base_price_fully":false,"pric_cal_option_once":false,"pric_use_as_fee":false,"bind_quantity":false,"quantity_bind_formula":false},"fields":[{"type":"color-group","required":true,"elementId":"wcpa-color-group-66c4a7f817afe","label":"Taille","inline":true,"priceOptions":"different_for_all","pricingType":"fixed","className":"hassizechart product-shoes-size-eu product-shoes-size","name":"color-group-66c4a7f817b18","disp_type":"square","selection_type":"tick-border","disp_size":"50","show_label_inside":true,"adjust_width":true,"cart_display_type":"text","other_text":"Other","cl_rule":"show","col":6,"values":[{"label":"35","value":"EU 35","price":"","pimage":"","pimage_id":"","pthumb":"","color":""},{"label":"35.5","value":"EU 35.5","price":"","pimage":"","pimage_id":"","pthumb":"","color":""},{"label":"36","value":"EU 36","price":"","pimage":"","pimage_id":"","pthumb":"","color":"","selected":true},{"label":"36 2\/3","value":"EU 36 2\/3","price":"","pimage":"","pimage_id":"","pthumb":"","color":""},{"label":"37 1\/3","value":"EU 37 1\/3","price":"","pimage":"","pimage_id":"","pthumb":"","color":""},{"label":"38","value":"EU 38","price":"","pimage":"","pimage_id":"","pthumb":"","color":""},{"label":"38 2\/3","value":"EU 38 2\/3","price":"","pimage":"","pimage_id":"","pthumb":"","color":""},{"label":"39 1\/3","value":"EU 39 1\/3","price":"","pimage":"","pimage_id":"","pthumb":"","color":""},{"label":"40","value":"EU 40","price":"","pimage":"","pimage_id":"","pthumb":"","color":""},{"label":"40 2\/3","value":"EU 40 2\/3","price":"","pimage":"","pimage_id":"","pthumb":"","color":""},{"label":"41 1\/3","value":"EU 41 1\/3","price":"","pimage":"","pimage_id":"","pthumb":"","color":""},{"label":"42","value":"EU 42","price":"","pimage":"","pimage_id":"","pthumb":"","color":""},{"label":"42 2\/3","value":"EU 42 2\/3","price":"","pimage":"","pimage_id":"","pthumb":"","color":""},{"label":"43 1\/3","value":"EU 43 1\/3","price":"","pimage":"","pimage_id":"","pthumb":"","color":""},{"label":"44","value":"EU 44","price":"","pimage":"","pimage_id":"","pthumb":"","color":""},{"label":"44 2\/3","value":"EU 44 2\/3","price":"","pimage":"","pimage_id":"","pthumb":"","color":""},{"label":"45 1\/3","value":"EU 45 1\/3","price":"","pimage":"","pimage_id":"","pthumb":"","color":""},{"label":"46","value":"EU 46","price":"","pimage":"","pimage_id":"","pthumb":"","color":""},{"label":"46 2\/3","value":"EU 46 2\/3","price":"","pimage":"","pimage_id":"","pthumb":"","color":""},{"label":"47 1\/3","value":"EU 47 1\/3","price":"","pimage":"","pimage_id":"","pthumb":"","color":""}],"relations":[{"operator":false,"rules":[]}],"form_id":24802,"form_rules":{"pric_cal_option_once":false,"exclude_from_discount":false,"pric_use_as_fee":false,"fee_label":"Fee","render_after_acb":false,"disp_hide_options_price":false}}]},"yoast_head":"<!-- This site is optimized with the Yoast SEO plugin v26.5 - https:\/\/yoast.com\/wordpress\/plugins\/seo\/ -->\n<title>adidas ZX 8000 &#039;Made in Germany - Lucid Aquamarine&#039; - TOURCRUISER PTE. LTD<\/title>\n<meta name=\"robots\" content=\"index, follow, max-snippet:-1, max-image-preview:large, max-video-preview:-1\" \/>\n<link rel=\"canonical\" href=\"https:\/\/tourcruiser.com\/fr\/products\/adidas-zx-8000-made-in-germanylucid-aquamarine\/\" \/>\n<meta property=\"og:locale\" content=\"fr_FR\" \/>\n<meta property=\"og:type\" content=\"article\" \/>\n<meta property=\"og:title\" content=\"adidas ZX 8000 &#039;Made in Germany - Lucid Aquamarine&#039; - TOURCRUISER PTE. LTD\" \/>\n<meta property=\"og:description\" content=\"adidas ZX 8000 Made in Germany \u201d\u201d Footwear White\/Lucid Aquamarine\/Powder Yellow\" \/>\n<meta property=\"og:url\" content=\"https:\/\/tourcruiser.com\/fr\/products\/adidas-zx-8000-made-in-germanylucid-aquamarine\/\" \/>\n<meta property=\"og:site_name\" content=\"Tourcruiser Sneaker Store\" \/>\n<meta property=\"article:modified_time\" content=\"2026-03-16T17:31:00+00:00\" \/>\n<meta name=\"twitter:card\" content=\"summary_large_image\" \/>\n<meta name=\"twitter:image\" content=\"https:\/\/images.novelship.com\/product\/adidas_zx_8000__made_in_germany__jr4609_0_97868.jpeg\" \/>\n<meta name=\"twitter:label1\" content=\"Dur\u00e9e de lecture estim\u00e9e\" \/>\n\t<meta name=\"twitter:data1\" content=\"1 minute\" \/>\n<script type=\"application\/ld+json\" class=\"yoast-schema-graph\">{\"@context\":\"https:\/\/schema.org\",\"@graph\":[{\"@type\":\"WebPage\",\"@id\":\"https:\/\/tourcruiser.com\/fr\/products\/adidas-zx-8000-made-in-germanylucid-aquamarine\/\",\"url\":\"https:\/\/tourcruiser.com\/fr\/products\/adidas-zx-8000-made-in-germanylucid-aquamarine\/\",\"name\":\"adidas ZX 8000 'Made in Germany - Lucid Aquamarine' - TOURCRUISER PTE. LTD\",\"isPartOf\":{\"@id\":\"https:\/\/tourcruiser.com\/fr\/#website\"},\"primaryImageOfPage\":{\"@id\":\"https:\/\/tourcruiser.com\/fr\/products\/adidas-zx-8000-made-in-germanylucid-aquamarine\/#primaryimage\"},\"image\":{\"@id\":\"https:\/\/tourcruiser.com\/fr\/products\/adidas-zx-8000-made-in-germanylucid-aquamarine\/#primaryimage\"},\"thumbnailUrl\":\"https:\/\/images.novelship.com\/product\/adidas_zx_8000__made_in_germany__jr4609_0_97868.jpeg\",\"datePublished\":\"2026-03-02T08:45:27+00:00\",\"dateModified\":\"2026-03-16T17:31:00+00:00\",\"breadcrumb\":{\"@id\":\"https:\/\/tourcruiser.com\/fr\/products\/adidas-zx-8000-made-in-germanylucid-aquamarine\/#breadcrumb\"},\"inLanguage\":\"fr-FR\",\"potentialAction\":[{\"@type\":\"ReadAction\",\"target\":[\"https:\/\/tourcruiser.com\/fr\/products\/adidas-zx-8000-made-in-germanylucid-aquamarine\/\"]}]},{\"@type\":\"ImageObject\",\"inLanguage\":\"fr-FR\",\"@id\":\"https:\/\/tourcruiser.com\/fr\/products\/adidas-zx-8000-made-in-germanylucid-aquamarine\/#primaryimage\",\"url\":\"https:\/\/images.novelship.com\/product\/adidas_zx_8000__made_in_germany__jr4609_0_97868.jpeg\",\"contentUrl\":\"https:\/\/images.novelship.com\/product\/adidas_zx_8000__made_in_germany__jr4609_0_97868.jpeg\"},{\"@type\":\"BreadcrumbList\",\"@id\":\"https:\/\/tourcruiser.com\/fr\/products\/adidas-zx-8000-made-in-germanylucid-aquamarine\/#breadcrumb\",\"itemListElement\":[{\"@type\":\"ListItem\",\"position\":1,\"name\":\"Home\",\"item\":\"https:\/\/tourcruiser.com\/fr\/\"},{\"@type\":\"ListItem\",\"position\":2,\"name\":\"Shop\",\"item\":\"https:\/\/tourcruiser.com\/fr\/shop\/\"},{\"@type\":\"ListItem\",\"position\":3,\"name\":\"adidas ZX 8000 'Made in Germany - Lucid Aquamarine'\"}]},{\"@type\":\"WebSite\",\"@id\":\"https:\/\/tourcruiser.com\/fr\/#website\",\"url\":\"https:\/\/tourcruiser.com\/fr\/\",\"name\":\"Styloral Jewelry Shop\",\"description\":\"Tourcruiser Sneaker Store \u2014 L\u2019endroit o\u00f9 l\u2019univers rencontre votre singularit\u00e9.\",\"publisher\":{\"@id\":\"https:\/\/tourcruiser.com\/fr\/#organization\"},\"potentialAction\":[{\"@type\":\"SearchAction\",\"target\":{\"@type\":\"EntryPoint\",\"urlTemplate\":\"https:\/\/tourcruiser.com\/fr\/?s={search_term_string}\"},\"query-input\":{\"@type\":\"PropertyValueSpecification\",\"valueRequired\":true,\"valueName\":\"search_term_string\"}}],\"inLanguage\":\"fr-FR\"},{\"@type\":\"Organization\",\"@id\":\"https:\/\/tourcruiser.com\/fr\/#organization\",\"name\":\"STYLORAL PTE. LTD\",\"url\":\"https:\/\/tourcruiser.com\/fr\/\",\"logo\":{\"@type\":\"ImageObject\",\"inLanguage\":\"fr-FR\",\"@id\":\"https:\/\/tourcruiser.com\/fr\/#\/schema\/logo\/image\/\",\"url\":\"https:\/\/www.tourcruiser.com\/wp-content\/uploads\/2025\/12\/logo.png\",\"contentUrl\":\"https:\/\/www.tourcruiser.com\/wp-content\/uploads\/2025\/12\/logo.png\",\"width\":200,\"height\":65,\"caption\":\"STYLORAL PTE. LTD\"},\"image\":{\"@id\":\"https:\/\/tourcruiser.com\/fr\/#\/schema\/logo\/image\/\"}}]}<\/script>\n<!-- \/ Yoast SEO plugin. -->","yoast_head_json":{"title":"adidas ZX 8000 'Made in Germany - Lucid Aquamarine' - TOURCRUISER PTE. LTD","robots":{"index":"index","follow":"follow","max-snippet":"max-snippet:-1","max-image-preview":"max-image-preview:large","max-video-preview":"max-video-preview:-1"},"canonical":"https:\/\/tourcruiser.com\/fr\/products\/adidas-zx-8000-made-in-germanylucid-aquamarine\/","og_locale":"fr_FR","og_type":"article","og_title":"adidas ZX 8000 'Made in Germany - Lucid Aquamarine' - TOURCRUISER PTE. LTD","og_description":"adidas ZX 8000 Made in Germany \u201d\u201d Footwear White\/Lucid Aquamarine\/Powder Yellow","og_url":"https:\/\/tourcruiser.com\/fr\/products\/adidas-zx-8000-made-in-germanylucid-aquamarine\/","og_site_name":"Tourcruiser Sneaker Store","article_modified_time":"2026-03-16T17:31:00+00:00","twitter_card":"summary_large_image","twitter_image":"https:\/\/images.novelship.com\/product\/adidas_zx_8000__made_in_germany__jr4609_0_97868.jpeg","twitter_misc":{"Dur\u00e9e de lecture estim\u00e9e":"1 minute"},"schema":{"@context":"https:\/\/schema.org","@graph":[{"@type":"WebPage","@id":"https:\/\/tourcruiser.com\/fr\/products\/adidas-zx-8000-made-in-germanylucid-aquamarine\/","url":"https:\/\/tourcruiser.com\/fr\/products\/adidas-zx-8000-made-in-germanylucid-aquamarine\/","name":"adidas ZX 8000 'Made in Germany - Lucid Aquamarine' - TOURCRUISER PTE. LTD","isPartOf":{"@id":"https:\/\/tourcruiser.com\/fr\/#website"},"primaryImageOfPage":{"@id":"https:\/\/tourcruiser.com\/fr\/products\/adidas-zx-8000-made-in-germanylucid-aquamarine\/#primaryimage"},"image":{"@id":"https:\/\/tourcruiser.com\/fr\/products\/adidas-zx-8000-made-in-germanylucid-aquamarine\/#primaryimage"},"thumbnailUrl":"https:\/\/images.novelship.com\/product\/adidas_zx_8000__made_in_germany__jr4609_0_97868.jpeg","datePublished":"2026-03-02T08:45:27+00:00","dateModified":"2026-03-16T17:31:00+00:00","breadcrumb":{"@id":"https:\/\/tourcruiser.com\/fr\/products\/adidas-zx-8000-made-in-germanylucid-aquamarine\/#breadcrumb"},"inLanguage":"fr-FR","potentialAction":[{"@type":"ReadAction","target":["https:\/\/tourcruiser.com\/fr\/products\/adidas-zx-8000-made-in-germanylucid-aquamarine\/"]}]},{"@type":"ImageObject","inLanguage":"fr-FR","@id":"https:\/\/tourcruiser.com\/fr\/products\/adidas-zx-8000-made-in-germanylucid-aquamarine\/#primaryimage","url":"https:\/\/images.novelship.com\/product\/adidas_zx_8000__made_in_germany__jr4609_0_97868.jpeg","contentUrl":"https:\/\/images.novelship.com\/product\/adidas_zx_8000__made_in_germany__jr4609_0_97868.jpeg"},{"@type":"BreadcrumbList","@id":"https:\/\/tourcruiser.com\/fr\/products\/adidas-zx-8000-made-in-germanylucid-aquamarine\/#breadcrumb","itemListElement":[{"@type":"ListItem","position":1,"name":"Home","item":"https:\/\/tourcruiser.com\/fr\/"},{"@type":"ListItem","position":2,"name":"Shop","item":"https:\/\/tourcruiser.com\/fr\/shop\/"},{"@type":"ListItem","position":3,"name":"adidas ZX 8000 'Made in Germany - Lucid Aquamarine'"}]},{"@type":"WebSite","@id":"https:\/\/tourcruiser.com\/fr\/#website","url":"https:\/\/tourcruiser.com\/fr\/","name":"Styloral Jewelry Shop","description":"Tourcruiser Sneaker Store \u2014 L\u2019endroit o\u00f9 l\u2019univers rencontre votre singularit\u00e9.","publisher":{"@id":"https:\/\/tourcruiser.com\/fr\/#organization"},"potentialAction":[{"@type":"SearchAction","target":{"@type":"EntryPoint","urlTemplate":"https:\/\/tourcruiser.com\/fr\/?s={search_term_string}"},"query-input":{"@type":"PropertyValueSpecification","valueRequired":true,"valueName":"search_term_string"}}],"inLanguage":"fr-FR"},{"@type":"Organization","@id":"https:\/\/tourcruiser.com\/fr\/#organization","name":"STYLORAL PTE. LTD","url":"https:\/\/tourcruiser.com\/fr\/","logo":{"@type":"ImageObject","inLanguage":"fr-FR","@id":"https:\/\/tourcruiser.com\/fr\/#\/schema\/logo\/image\/","url":"https:\/\/www.tourcruiser.com\/wp-content\/uploads\/2025\/12\/logo.png","contentUrl":"https:\/\/www.tourcruiser.com\/wp-content\/uploads\/2025\/12\/logo.png","width":200,"height":65,"caption":"STYLORAL PTE. LTD"},"image":{"@id":"https:\/\/tourcruiser.com\/fr\/#\/schema\/logo\/image\/"}}]}},"_links":{"self":[{"href":"https:\/\/tourcruiser.com\/fr\/wp-json\/wp\/v2\/product\/146589","targetHints":{"allow":["GET"]}}],"collection":[{"href":"https:\/\/tourcruiser.com\/fr\/wp-json\/wp\/v2\/product"}],"about":[{"href":"https:\/\/tourcruiser.com\/fr\/wp-json\/wp\/v2\/types\/product"}],"replies":[{"embeddable":true,"href":"https:\/\/tourcruiser.com\/fr\/wp-json\/wp\/v2\/comments?post=146589"}],"wp:featuredmedia":[{"embeddable":true,"href":"https:\/\/tourcruiser.com\/fr\/wp-json\/wp\/v2\/media\/146590"}],"wp:attachment":[{"href":"https:\/\/tourcruiser.com\/fr\/wp-json\/wp\/v2\/media?parent=146589"}],"wp:term":[{"taxonomy":"product_brand","embeddable":true,"href":"https:\/\/tourcruiser.com\/fr\/wp-json\/wp\/v2\/product_brand?post=146589"},{"taxonomy":"product_cat","embeddable":true,"href":"https:\/\/tourcruiser.com\/fr\/wp-json\/wp\/v2\/product_cat?post=146589"},{"taxonomy":"product_tag","embeddable":true,"href":"https:\/\/tourcruiser.com\/fr\/wp-json\/wp\/v2\/product_tag?post=146589"}],"curies":[{"name":"wp","href":"https:\/\/api.w.org\/{rel}","templated":true}]}}