{"id":146003,"date":"2026-03-02T15:44:34","date_gmt":"2026-03-02T08:44:34","guid":{"rendered":"http:\/\/tourcruiser.com\/product\/jude-bellingham-x-adidas-predator-elite-foldover-tongue-fg-chrome-dream"},"modified":"2026-03-14T19:13:40","modified_gmt":"2026-03-14T12:13:40","slug":"jude-bellingham-x-adidas-predator-elite-foldover-tongue-fg-chrome-dream","status":"publish","type":"product","link":"https:\/\/tourcruiser.com\/fr\/products\/jude-bellingham-x-adidas-predator-elite-foldover-tongue-fg-chrome-dream\/","title":{"rendered":"Jude Bellingham x adidas Predator Elite Foldover Tongue FG &lsquo;Chrome Dream&rsquo;"},"content":{"rendered":"<p>Am\u00e9liorez votre jeu avec les chaussures de football Jude Bellingham x adidas Predator Elite Foldover Tongue FG \u00ab\u00a0Chrome Dream\u00a0\u00bb IH0894. Con\u00e7ues pour un contr\u00f4le de balle exceptionnel, ces chaussures sont dot\u00e9es d&rsquo;une languette repliable pour un maintien optimal et une surface de frappe id\u00e9ale. La finition chrom\u00e9e leur conf\u00e8re un look moderne, tandis que leur construction l\u00e9g\u00e8re garantit agilit\u00e9 et vitesse sur le terrain. Cette collaboration est id\u00e9ale pour les joueurs ambitieux en qu\u00eate de pr\u00e9cision et de performance, alliant style et innovation pour dominer le jeu. D\u00e9finissez votre jeu avec la technologie de pr\u00e9cision adidas.<\/p>\n<ul>\n<li><strong>Coloris\u00a0:<\/strong> Argent m\u00e9tallis\u00e9\/Bordeaux\/Marron<\/li>\n<li><strong>Code article\u00a0:<\/strong> IH0894<\/li>\n<li><strong>Tige\u00a0:<\/strong> Fusionskin<\/li>\n<li><strong>Couleur\u00a0:<\/strong> Argent<\/li>\n<li><strong>Saison\u00a0:<\/strong> Printemps<\/li>\n<li><strong>Ann\u00e9e de sortie\u00a0:<\/strong> 2025<\/li>\n<\/ul>\n","protected":false},"excerpt":{"rendered":"<p>adidas Predator Elite Foldover Tongue FG \u201d\u201d Silver Metallic\/Legacy Burgundy\/Maroon<\/p>\n","protected":false},"featured_media":146004,"comment_status":"open","ping_status":"closed","template":"","meta":[],"product_brand":[],"product_cat":[10760],"product_tag":[10759,11087,10802,10986,10987,10758],"class_list":{"0":"post-146003","1":"product","2":"type-product","3":"status-publish","4":"has-post-thumbnail","6":"product_cat-adidas","7":"product_tag-adidas","8":"product_tag-firm-ground-fg-football-boots","9":"product_tag-performance-sport-shoes","10":"product_tag-soccer-shoes","11":"product_tag-soccer-shoes-football-cleats","12":"product_tag-under-retail","13":"wcpa_has_options","15":"first","16":"instock","17":"taxable","18":"shipping-taxable","19":"purchasable","20":"product-type-simple"},"wcpa_form_fields":{"rules":{"pric_overide_base_price":false,"pric_overide_base_price_if_gt_zero":false,"pric_overide_base_price_fully":false,"pric_cal_option_once":false,"pric_use_as_fee":false,"bind_quantity":false,"quantity_bind_formula":false},"fields":[{"type":"color-group","required":true,"elementId":"wcpa-color-group-66c4a7f817afe","label":"Taille","inline":true,"priceOptions":"different_for_all","pricingType":"fixed","className":"hassizechart product-shoes-size-eu product-shoes-size","name":"color-group-66c4a7f817b18","disp_type":"square","selection_type":"tick-border","disp_size":"50","show_label_inside":true,"adjust_width":true,"cart_display_type":"text","other_text":"Other","cl_rule":"show","col":6,"values":[{"label":"35","value":"EU 35","price":"","pimage":"","pimage_id":"","pthumb":"","color":""},{"label":"35.5","value":"EU 35.5","price":"","pimage":"","pimage_id":"","pthumb":"","color":""},{"label":"36","value":"EU 36","price":"","pimage":"","pimage_id":"","pthumb":"","color":"","selected":true},{"label":"36 2\/3","value":"EU 36 2\/3","price":"","pimage":"","pimage_id":"","pthumb":"","color":""},{"label":"37 1\/3","value":"EU 37 1\/3","price":"","pimage":"","pimage_id":"","pthumb":"","color":""},{"label":"38","value":"EU 38","price":"","pimage":"","pimage_id":"","pthumb":"","color":""},{"label":"38 2\/3","value":"EU 38 2\/3","price":"","pimage":"","pimage_id":"","pthumb":"","color":""},{"label":"39 1\/3","value":"EU 39 1\/3","price":"","pimage":"","pimage_id":"","pthumb":"","color":""},{"label":"40","value":"EU 40","price":"","pimage":"","pimage_id":"","pthumb":"","color":""},{"label":"40 2\/3","value":"EU 40 2\/3","price":"","pimage":"","pimage_id":"","pthumb":"","color":""},{"label":"41 1\/3","value":"EU 41 1\/3","price":"","pimage":"","pimage_id":"","pthumb":"","color":""},{"label":"42","value":"EU 42","price":"","pimage":"","pimage_id":"","pthumb":"","color":""},{"label":"42 2\/3","value":"EU 42 2\/3","price":"","pimage":"","pimage_id":"","pthumb":"","color":""},{"label":"43 1\/3","value":"EU 43 1\/3","price":"","pimage":"","pimage_id":"","pthumb":"","color":""},{"label":"44","value":"EU 44","price":"","pimage":"","pimage_id":"","pthumb":"","color":""},{"label":"44 2\/3","value":"EU 44 2\/3","price":"","pimage":"","pimage_id":"","pthumb":"","color":""},{"label":"45 1\/3","value":"EU 45 1\/3","price":"","pimage":"","pimage_id":"","pthumb":"","color":""},{"label":"46","value":"EU 46","price":"","pimage":"","pimage_id":"","pthumb":"","color":""},{"label":"46 2\/3","value":"EU 46 2\/3","price":"","pimage":"","pimage_id":"","pthumb":"","color":""},{"label":"47 1\/3","value":"EU 47 1\/3","price":"","pimage":"","pimage_id":"","pthumb":"","color":""}],"relations":[{"operator":false,"rules":[]}],"form_id":24802,"form_rules":{"pric_cal_option_once":false,"exclude_from_discount":false,"pric_use_as_fee":false,"fee_label":"Fee","render_after_acb":false,"disp_hide_options_price":false}}]},"yoast_head":"<!-- This site is optimized with the Yoast SEO plugin v26.5 - https:\/\/yoast.com\/wordpress\/plugins\/seo\/ -->\n<title>Jude Bellingham x adidas Predator Elite Foldover Tongue FG &#039;Chrome Dream&#039; - TOURCRUISER PTE. LTD<\/title>\n<meta name=\"robots\" content=\"index, follow, max-snippet:-1, max-image-preview:large, max-video-preview:-1\" \/>\n<link rel=\"canonical\" href=\"https:\/\/tourcruiser.com\/fr\/products\/jude-bellingham-x-adidas-predator-elite-foldover-tongue-fg-chrome-dream\/\" \/>\n<meta property=\"og:locale\" content=\"fr_FR\" \/>\n<meta property=\"og:type\" content=\"article\" \/>\n<meta property=\"og:title\" content=\"Jude Bellingham x adidas Predator Elite Foldover Tongue FG &#039;Chrome Dream&#039; - TOURCRUISER PTE. LTD\" \/>\n<meta property=\"og:description\" content=\"adidas Predator Elite Foldover Tongue FG \u201d\u201d Silver Metallic\/Legacy Burgundy\/Maroon\" \/>\n<meta property=\"og:url\" content=\"https:\/\/tourcruiser.com\/fr\/products\/jude-bellingham-x-adidas-predator-elite-foldover-tongue-fg-chrome-dream\/\" \/>\n<meta property=\"og:site_name\" content=\"Tourcruiser Sneaker Store\" \/>\n<meta property=\"article:modified_time\" content=\"2026-03-14T12:13:40+00:00\" \/>\n<meta name=\"twitter:card\" content=\"summary_large_image\" \/>\n<meta name=\"twitter:image\" content=\"https:\/\/images.novelship.com\/product\/jude_bellingham_x_adidas_predator_elite_foldover_t_0_83656.jpeg\" \/>\n<meta name=\"twitter:label1\" content=\"Dur\u00e9e de lecture estim\u00e9e\" \/>\n\t<meta name=\"twitter:data1\" content=\"1 minute\" \/>\n<script type=\"application\/ld+json\" class=\"yoast-schema-graph\">{\"@context\":\"https:\/\/schema.org\",\"@graph\":[{\"@type\":\"WebPage\",\"@id\":\"https:\/\/tourcruiser.com\/fr\/products\/jude-bellingham-x-adidas-predator-elite-foldover-tongue-fg-chrome-dream\/\",\"url\":\"https:\/\/tourcruiser.com\/fr\/products\/jude-bellingham-x-adidas-predator-elite-foldover-tongue-fg-chrome-dream\/\",\"name\":\"Jude Bellingham x adidas Predator Elite Foldover Tongue FG 'Chrome Dream' - TOURCRUISER PTE. LTD\",\"isPartOf\":{\"@id\":\"https:\/\/tourcruiser.com\/fr\/#website\"},\"primaryImageOfPage\":{\"@id\":\"https:\/\/tourcruiser.com\/fr\/products\/jude-bellingham-x-adidas-predator-elite-foldover-tongue-fg-chrome-dream\/#primaryimage\"},\"image\":{\"@id\":\"https:\/\/tourcruiser.com\/fr\/products\/jude-bellingham-x-adidas-predator-elite-foldover-tongue-fg-chrome-dream\/#primaryimage\"},\"thumbnailUrl\":\"https:\/\/images.novelship.com\/product\/jude_bellingham_x_adidas_predator_elite_foldover_t_0_83656.jpeg\",\"datePublished\":\"2026-03-02T08:44:34+00:00\",\"dateModified\":\"2026-03-14T12:13:40+00:00\",\"breadcrumb\":{\"@id\":\"https:\/\/tourcruiser.com\/fr\/products\/jude-bellingham-x-adidas-predator-elite-foldover-tongue-fg-chrome-dream\/#breadcrumb\"},\"inLanguage\":\"fr-FR\",\"potentialAction\":[{\"@type\":\"ReadAction\",\"target\":[\"https:\/\/tourcruiser.com\/fr\/products\/jude-bellingham-x-adidas-predator-elite-foldover-tongue-fg-chrome-dream\/\"]}]},{\"@type\":\"ImageObject\",\"inLanguage\":\"fr-FR\",\"@id\":\"https:\/\/tourcruiser.com\/fr\/products\/jude-bellingham-x-adidas-predator-elite-foldover-tongue-fg-chrome-dream\/#primaryimage\",\"url\":\"https:\/\/images.novelship.com\/product\/jude_bellingham_x_adidas_predator_elite_foldover_t_0_83656.jpeg\",\"contentUrl\":\"https:\/\/images.novelship.com\/product\/jude_bellingham_x_adidas_predator_elite_foldover_t_0_83656.jpeg\"},{\"@type\":\"BreadcrumbList\",\"@id\":\"https:\/\/tourcruiser.com\/fr\/products\/jude-bellingham-x-adidas-predator-elite-foldover-tongue-fg-chrome-dream\/#breadcrumb\",\"itemListElement\":[{\"@type\":\"ListItem\",\"position\":1,\"name\":\"Home\",\"item\":\"https:\/\/tourcruiser.com\/fr\/\"},{\"@type\":\"ListItem\",\"position\":2,\"name\":\"Shop\",\"item\":\"https:\/\/tourcruiser.com\/fr\/shop\/\"},{\"@type\":\"ListItem\",\"position\":3,\"name\":\"Jude Bellingham x adidas Predator Elite Foldover Tongue FG 'Chrome Dream'\"}]},{\"@type\":\"WebSite\",\"@id\":\"https:\/\/tourcruiser.com\/fr\/#website\",\"url\":\"https:\/\/tourcruiser.com\/fr\/\",\"name\":\"Styloral Jewelry Shop\",\"description\":\"Tourcruiser Sneaker Store \u2014 L\u2019endroit o\u00f9 l\u2019univers rencontre votre singularit\u00e9.\",\"publisher\":{\"@id\":\"https:\/\/tourcruiser.com\/fr\/#organization\"},\"potentialAction\":[{\"@type\":\"SearchAction\",\"target\":{\"@type\":\"EntryPoint\",\"urlTemplate\":\"https:\/\/tourcruiser.com\/fr\/?s={search_term_string}\"},\"query-input\":{\"@type\":\"PropertyValueSpecification\",\"valueRequired\":true,\"valueName\":\"search_term_string\"}}],\"inLanguage\":\"fr-FR\"},{\"@type\":\"Organization\",\"@id\":\"https:\/\/tourcruiser.com\/fr\/#organization\",\"name\":\"STYLORAL PTE. LTD\",\"url\":\"https:\/\/tourcruiser.com\/fr\/\",\"logo\":{\"@type\":\"ImageObject\",\"inLanguage\":\"fr-FR\",\"@id\":\"https:\/\/tourcruiser.com\/fr\/#\/schema\/logo\/image\/\",\"url\":\"https:\/\/www.tourcruiser.com\/wp-content\/uploads\/2025\/12\/logo.png\",\"contentUrl\":\"https:\/\/www.tourcruiser.com\/wp-content\/uploads\/2025\/12\/logo.png\",\"width\":200,\"height\":65,\"caption\":\"STYLORAL PTE. LTD\"},\"image\":{\"@id\":\"https:\/\/tourcruiser.com\/fr\/#\/schema\/logo\/image\/\"}}]}<\/script>\n<!-- \/ Yoast SEO plugin. -->","yoast_head_json":{"title":"Jude Bellingham x adidas Predator Elite Foldover Tongue FG 'Chrome Dream' - TOURCRUISER PTE. LTD","robots":{"index":"index","follow":"follow","max-snippet":"max-snippet:-1","max-image-preview":"max-image-preview:large","max-video-preview":"max-video-preview:-1"},"canonical":"https:\/\/tourcruiser.com\/fr\/products\/jude-bellingham-x-adidas-predator-elite-foldover-tongue-fg-chrome-dream\/","og_locale":"fr_FR","og_type":"article","og_title":"Jude Bellingham x adidas Predator Elite Foldover Tongue FG 'Chrome Dream' - TOURCRUISER PTE. LTD","og_description":"adidas Predator Elite Foldover Tongue FG \u201d\u201d Silver Metallic\/Legacy Burgundy\/Maroon","og_url":"https:\/\/tourcruiser.com\/fr\/products\/jude-bellingham-x-adidas-predator-elite-foldover-tongue-fg-chrome-dream\/","og_site_name":"Tourcruiser Sneaker Store","article_modified_time":"2026-03-14T12:13:40+00:00","twitter_card":"summary_large_image","twitter_image":"https:\/\/images.novelship.com\/product\/jude_bellingham_x_adidas_predator_elite_foldover_t_0_83656.jpeg","twitter_misc":{"Dur\u00e9e de lecture estim\u00e9e":"1 minute"},"schema":{"@context":"https:\/\/schema.org","@graph":[{"@type":"WebPage","@id":"https:\/\/tourcruiser.com\/fr\/products\/jude-bellingham-x-adidas-predator-elite-foldover-tongue-fg-chrome-dream\/","url":"https:\/\/tourcruiser.com\/fr\/products\/jude-bellingham-x-adidas-predator-elite-foldover-tongue-fg-chrome-dream\/","name":"Jude Bellingham x adidas Predator Elite Foldover Tongue FG 'Chrome Dream' - TOURCRUISER PTE. LTD","isPartOf":{"@id":"https:\/\/tourcruiser.com\/fr\/#website"},"primaryImageOfPage":{"@id":"https:\/\/tourcruiser.com\/fr\/products\/jude-bellingham-x-adidas-predator-elite-foldover-tongue-fg-chrome-dream\/#primaryimage"},"image":{"@id":"https:\/\/tourcruiser.com\/fr\/products\/jude-bellingham-x-adidas-predator-elite-foldover-tongue-fg-chrome-dream\/#primaryimage"},"thumbnailUrl":"https:\/\/images.novelship.com\/product\/jude_bellingham_x_adidas_predator_elite_foldover_t_0_83656.jpeg","datePublished":"2026-03-02T08:44:34+00:00","dateModified":"2026-03-14T12:13:40+00:00","breadcrumb":{"@id":"https:\/\/tourcruiser.com\/fr\/products\/jude-bellingham-x-adidas-predator-elite-foldover-tongue-fg-chrome-dream\/#breadcrumb"},"inLanguage":"fr-FR","potentialAction":[{"@type":"ReadAction","target":["https:\/\/tourcruiser.com\/fr\/products\/jude-bellingham-x-adidas-predator-elite-foldover-tongue-fg-chrome-dream\/"]}]},{"@type":"ImageObject","inLanguage":"fr-FR","@id":"https:\/\/tourcruiser.com\/fr\/products\/jude-bellingham-x-adidas-predator-elite-foldover-tongue-fg-chrome-dream\/#primaryimage","url":"https:\/\/images.novelship.com\/product\/jude_bellingham_x_adidas_predator_elite_foldover_t_0_83656.jpeg","contentUrl":"https:\/\/images.novelship.com\/product\/jude_bellingham_x_adidas_predator_elite_foldover_t_0_83656.jpeg"},{"@type":"BreadcrumbList","@id":"https:\/\/tourcruiser.com\/fr\/products\/jude-bellingham-x-adidas-predator-elite-foldover-tongue-fg-chrome-dream\/#breadcrumb","itemListElement":[{"@type":"ListItem","position":1,"name":"Home","item":"https:\/\/tourcruiser.com\/fr\/"},{"@type":"ListItem","position":2,"name":"Shop","item":"https:\/\/tourcruiser.com\/fr\/shop\/"},{"@type":"ListItem","position":3,"name":"Jude Bellingham x adidas Predator Elite Foldover Tongue FG 'Chrome Dream'"}]},{"@type":"WebSite","@id":"https:\/\/tourcruiser.com\/fr\/#website","url":"https:\/\/tourcruiser.com\/fr\/","name":"Styloral Jewelry Shop","description":"Tourcruiser Sneaker Store \u2014 L\u2019endroit o\u00f9 l\u2019univers rencontre votre singularit\u00e9.","publisher":{"@id":"https:\/\/tourcruiser.com\/fr\/#organization"},"potentialAction":[{"@type":"SearchAction","target":{"@type":"EntryPoint","urlTemplate":"https:\/\/tourcruiser.com\/fr\/?s={search_term_string}"},"query-input":{"@type":"PropertyValueSpecification","valueRequired":true,"valueName":"search_term_string"}}],"inLanguage":"fr-FR"},{"@type":"Organization","@id":"https:\/\/tourcruiser.com\/fr\/#organization","name":"STYLORAL PTE. LTD","url":"https:\/\/tourcruiser.com\/fr\/","logo":{"@type":"ImageObject","inLanguage":"fr-FR","@id":"https:\/\/tourcruiser.com\/fr\/#\/schema\/logo\/image\/","url":"https:\/\/www.tourcruiser.com\/wp-content\/uploads\/2025\/12\/logo.png","contentUrl":"https:\/\/www.tourcruiser.com\/wp-content\/uploads\/2025\/12\/logo.png","width":200,"height":65,"caption":"STYLORAL PTE. LTD"},"image":{"@id":"https:\/\/tourcruiser.com\/fr\/#\/schema\/logo\/image\/"}}]}},"_links":{"self":[{"href":"https:\/\/tourcruiser.com\/fr\/wp-json\/wp\/v2\/product\/146003","targetHints":{"allow":["GET"]}}],"collection":[{"href":"https:\/\/tourcruiser.com\/fr\/wp-json\/wp\/v2\/product"}],"about":[{"href":"https:\/\/tourcruiser.com\/fr\/wp-json\/wp\/v2\/types\/product"}],"replies":[{"embeddable":true,"href":"https:\/\/tourcruiser.com\/fr\/wp-json\/wp\/v2\/comments?post=146003"}],"wp:featuredmedia":[{"embeddable":true,"href":"https:\/\/tourcruiser.com\/fr\/wp-json\/wp\/v2\/media\/146004"}],"wp:attachment":[{"href":"https:\/\/tourcruiser.com\/fr\/wp-json\/wp\/v2\/media?parent=146003"}],"wp:term":[{"taxonomy":"product_brand","embeddable":true,"href":"https:\/\/tourcruiser.com\/fr\/wp-json\/wp\/v2\/product_brand?post=146003"},{"taxonomy":"product_cat","embeddable":true,"href":"https:\/\/tourcruiser.com\/fr\/wp-json\/wp\/v2\/product_cat?post=146003"},{"taxonomy":"product_tag","embeddable":true,"href":"https:\/\/tourcruiser.com\/fr\/wp-json\/wp\/v2\/product_tag?post=146003"}],"curies":[{"name":"wp","href":"https:\/\/api.w.org\/{rel}","templated":true}]}}