{"id":145965,"date":"2026-03-02T15:44:31","date_gmt":"2026-03-02T08:44:31","guid":{"rendered":"http:\/\/tourcruiser.com\/product\/asics-court-ff-3-novak-night-energy-tennis-shoes-blackprism-gold"},"modified":"2026-03-14T19:13:39","modified_gmt":"2026-03-14T12:13:39","slug":"asics-court-ff-3-novak-night-energy-tennis-shoes-blackprism-gold","status":"publish","type":"product","link":"https:\/\/tourcruiser.com\/fr\/products\/asics-court-ff-3-novak-night-energy-tennis-shoes-blackprism-gold\/","title":{"rendered":"ASICS COURT FF 3 NOVAK Night Energy Tennis Shoes Black\/Prism Gold"},"content":{"rendered":"<p>Dominez le court avec les chaussures de tennis ASICS COURT FF 3 NOVAK Night Energy noires et or prismatique. Con\u00e7ues pour une performance optimale, elles offrent une stabilit\u00e9, un confort et une agilit\u00e9 in\u00e9gal\u00e9s, r\u00e9pondant ainsi aux exigences du sport de haut niveau. Leur design embl\u00e9matique, dot\u00e9 de la technologie GEL\u2122 avanc\u00e9e, assure un amorti sup\u00e9rieur, tandis que le syst\u00e8me TWISTRUSS\u2122 favorise des mouvements rapides et dynamiques. Am\u00e9liorez votre jeu avec les chaussures choisies par Novak Djokovic, qui offrent une adh\u00e9rence optimale sur toutes les surfaces. Choisissez l&rsquo;excellence et le style avec ASICS, votre partenaire id\u00e9al pour la victoire.<\/p>\n<ul>\n<li><strong>Coloris\u00a0:<\/strong> Noir\/Or prismatique<\/li>\n<li><strong>Code article\u00a0:<\/strong> 1041A527-960<\/li>\n<li><strong>Tige\u00a0:<\/strong> Mesh<\/li>\n<li><strong>Semelle interm\u00e9diaire\u00a0:<\/strong> FlyteFoam<\/li>\n<li><strong>Couleur\u00a0:<\/strong> Noir<\/li>\n<\/ul>\n","protected":false},"excerpt":{"rendered":"<p>ASICS Court FF 3 Novak \u201d\u201d Black\/Prism Gold<\/p>\n","protected":false},"featured_media":145966,"comment_status":"open","ping_status":"closed","template":"","meta":[],"product_brand":[],"product_cat":[10792],"product_tag":[10791,10802,11082],"class_list":{"0":"post-145965","1":"product","2":"type-product","3":"status-publish","4":"has-post-thumbnail","6":"product_cat-asics","7":"product_tag-asics","8":"product_tag-performance-sport-shoes","9":"product_tag-tennis-shoes","10":"wcpa_has_options","12":"first","13":"instock","14":"taxable","15":"shipping-taxable","16":"purchasable","17":"product-type-simple"},"wcpa_form_fields":{"rules":{"pric_overide_base_price":false,"pric_overide_base_price_if_gt_zero":false,"pric_overide_base_price_fully":false,"pric_cal_option_once":false,"pric_use_as_fee":false,"bind_quantity":false,"quantity_bind_formula":false},"fields":[{"type":"color-group","required":true,"elementId":"wcpa-color-group-69a5ab08ee12d","label":"Taille","inline":true,"priceOptions":"different_for_all","pricingType":"fixed","className":"hassizechart product-shoes-size-eu product-shoes-size","name":"color-group-69a5ab08ee136","disp_type":"square","selection_type":"tick-border","disp_size":"50","show_label_inside":true,"adjust_width":true,"cart_display_type":"text","other_text":"Other","cl_rule":"show","col":6,"values":[{"label":"36","value":"EU 36","price":"","pimage":"","pimage_id":"","pthumb":"","color":"","selected":true},{"label":"37","value":"EU 37","price":"","pimage":"","pimage_id":"","pthumb":"","color":""},{"label":"37.5","value":"EU 37.5","price":"","pimage":"","pimage_id":"","pthumb":"","color":""},{"label":"38","value":"EU 38","price":"","pimage":"","pimage_id":"","pthumb":"","color":""},{"label":"38.5","value":"EU 38.5","price":"","pimage":"","pimage_id":"","pthumb":"","color":""},{"label":"39","value":"EU 39","price":"","pimage":"","pimage_id":"","pthumb":"","color":""},{"label":"39.5","value":"EU 39.5","price":"","pimage":"","pimage_id":"","pthumb":"","color":""},{"label":"40","value":"EU 40","price":"","pimage":"","pimage_id":"","pthumb":"","color":""},{"label":"40.5","value":"EU 40.5","price":"","pimage":"","pimage_id":"","pthumb":"","color":""},{"label":" 41.5","value":"EU 41.5","price":"","pimage":"","pimage_id":"","pthumb":"","color":""},{"label":"42","value":"EU 42","price":"","pimage":"","pimage_id":"","pthumb":"","color":""},{"label":"42.5","value":"EU 42.5","price":"","pimage":"","pimage_id":"","pthumb":"","color":""},{"label":"43","value":"EU 43","price":"","pimage":"","pimage_id":"","pthumb":"","color":""},{"label":"44","value":"EU 44","price":"","pimage":"","pimage_id":"","pthumb":"","color":""},{"label":"44.5","value":"EU 44.5","price":"","pimage":"","pimage_id":"","pthumb":"","color":""},{"label":"45","value":"EU 45","price":"","pimage":"","pimage_id":"","pthumb":"","color":""},{"label":"45.5","value":"EU 45.5","price":"","pimage":"","pimage_id":"","pthumb":"","color":""},{"label":"46","value":"EU 46","price":"","pimage":"","pimage_id":"","pthumb":"","color":""},{"label":"46.5","value":"EU 46.5","price":"","pimage":"","pimage_id":"","pthumb":"","color":""},{"label":"47","value":"EU 47","price":"","pimage":"","pimage_id":"","pthumb":"","color":""}],"relations":[{"operator":false,"rules":[]}],"form_id":184311,"form_rules":{"pric_cal_option_once":false,"exclude_from_discount":false,"pric_use_as_fee":false,"fee_label":"Fee","render_after_acb":false,"disp_hide_options_price":false}}]},"yoast_head":"<!-- This site is optimized with the Yoast SEO plugin v26.5 - https:\/\/yoast.com\/wordpress\/plugins\/seo\/ -->\n<title>ASICS COURT FF 3 NOVAK Night Energy Tennis Shoes Black\/Prism Gold - TOURCRUISER PTE. LTD<\/title>\n<meta name=\"robots\" content=\"index, follow, max-snippet:-1, max-image-preview:large, max-video-preview:-1\" \/>\n<link rel=\"canonical\" href=\"https:\/\/tourcruiser.com\/fr\/products\/asics-court-ff-3-novak-night-energy-tennis-shoes-blackprism-gold\/\" \/>\n<meta property=\"og:locale\" content=\"fr_FR\" \/>\n<meta property=\"og:type\" content=\"article\" \/>\n<meta property=\"og:title\" content=\"ASICS COURT FF 3 NOVAK Night Energy Tennis Shoes Black\/Prism Gold - TOURCRUISER PTE. LTD\" \/>\n<meta property=\"og:description\" content=\"ASICS Court FF 3 Novak \u201d\u201d Black\/Prism Gold\" \/>\n<meta property=\"og:url\" content=\"https:\/\/tourcruiser.com\/fr\/products\/asics-court-ff-3-novak-night-energy-tennis-shoes-blackprism-gold\/\" \/>\n<meta property=\"og:site_name\" content=\"Tourcruiser Sneaker Store\" \/>\n<meta property=\"article:modified_time\" content=\"2026-03-14T12:13:39+00:00\" \/>\n<meta name=\"twitter:card\" content=\"summary_large_image\" \/>\n<meta name=\"twitter:image\" content=\"https:\/\/images.novelship.com\/product\/asics_court_ff_3_novak_night_energy_tennis_shoes_b_0_1945.jpeg\" \/>\n<meta name=\"twitter:label1\" content=\"Dur\u00e9e de lecture estim\u00e9e\" \/>\n\t<meta name=\"twitter:data1\" content=\"1 minute\" \/>\n<script type=\"application\/ld+json\" class=\"yoast-schema-graph\">{\"@context\":\"https:\/\/schema.org\",\"@graph\":[{\"@type\":\"WebPage\",\"@id\":\"https:\/\/tourcruiser.com\/fr\/products\/asics-court-ff-3-novak-night-energy-tennis-shoes-blackprism-gold\/\",\"url\":\"https:\/\/tourcruiser.com\/fr\/products\/asics-court-ff-3-novak-night-energy-tennis-shoes-blackprism-gold\/\",\"name\":\"ASICS COURT FF 3 NOVAK Night Energy Tennis Shoes Black\/Prism Gold - TOURCRUISER PTE. LTD\",\"isPartOf\":{\"@id\":\"https:\/\/tourcruiser.com\/fr\/#website\"},\"primaryImageOfPage\":{\"@id\":\"https:\/\/tourcruiser.com\/fr\/products\/asics-court-ff-3-novak-night-energy-tennis-shoes-blackprism-gold\/#primaryimage\"},\"image\":{\"@id\":\"https:\/\/tourcruiser.com\/fr\/products\/asics-court-ff-3-novak-night-energy-tennis-shoes-blackprism-gold\/#primaryimage\"},\"thumbnailUrl\":\"https:\/\/images.novelship.com\/product\/asics_court_ff_3_novak_night_energy_tennis_shoes_b_0_1945.jpeg\",\"datePublished\":\"2026-03-02T08:44:31+00:00\",\"dateModified\":\"2026-03-14T12:13:39+00:00\",\"breadcrumb\":{\"@id\":\"https:\/\/tourcruiser.com\/fr\/products\/asics-court-ff-3-novak-night-energy-tennis-shoes-blackprism-gold\/#breadcrumb\"},\"inLanguage\":\"fr-FR\",\"potentialAction\":[{\"@type\":\"ReadAction\",\"target\":[\"https:\/\/tourcruiser.com\/fr\/products\/asics-court-ff-3-novak-night-energy-tennis-shoes-blackprism-gold\/\"]}]},{\"@type\":\"ImageObject\",\"inLanguage\":\"fr-FR\",\"@id\":\"https:\/\/tourcruiser.com\/fr\/products\/asics-court-ff-3-novak-night-energy-tennis-shoes-blackprism-gold\/#primaryimage\",\"url\":\"https:\/\/images.novelship.com\/product\/asics_court_ff_3_novak_night_energy_tennis_shoes_b_0_1945.jpeg\",\"contentUrl\":\"https:\/\/images.novelship.com\/product\/asics_court_ff_3_novak_night_energy_tennis_shoes_b_0_1945.jpeg\"},{\"@type\":\"BreadcrumbList\",\"@id\":\"https:\/\/tourcruiser.com\/fr\/products\/asics-court-ff-3-novak-night-energy-tennis-shoes-blackprism-gold\/#breadcrumb\",\"itemListElement\":[{\"@type\":\"ListItem\",\"position\":1,\"name\":\"Home\",\"item\":\"https:\/\/tourcruiser.com\/fr\/\"},{\"@type\":\"ListItem\",\"position\":2,\"name\":\"Shop\",\"item\":\"https:\/\/tourcruiser.com\/fr\/shop\/\"},{\"@type\":\"ListItem\",\"position\":3,\"name\":\"ASICS COURT FF 3 NOVAK Night Energy Tennis Shoes Black\/Prism Gold\"}]},{\"@type\":\"WebSite\",\"@id\":\"https:\/\/tourcruiser.com\/fr\/#website\",\"url\":\"https:\/\/tourcruiser.com\/fr\/\",\"name\":\"Styloral Jewelry Shop\",\"description\":\"Tourcruiser Sneaker Store \u2014 L\u2019endroit o\u00f9 l\u2019univers rencontre votre singularit\u00e9.\",\"publisher\":{\"@id\":\"https:\/\/tourcruiser.com\/fr\/#organization\"},\"potentialAction\":[{\"@type\":\"SearchAction\",\"target\":{\"@type\":\"EntryPoint\",\"urlTemplate\":\"https:\/\/tourcruiser.com\/fr\/?s={search_term_string}\"},\"query-input\":{\"@type\":\"PropertyValueSpecification\",\"valueRequired\":true,\"valueName\":\"search_term_string\"}}],\"inLanguage\":\"fr-FR\"},{\"@type\":\"Organization\",\"@id\":\"https:\/\/tourcruiser.com\/fr\/#organization\",\"name\":\"STYLORAL PTE. LTD\",\"url\":\"https:\/\/tourcruiser.com\/fr\/\",\"logo\":{\"@type\":\"ImageObject\",\"inLanguage\":\"fr-FR\",\"@id\":\"https:\/\/tourcruiser.com\/fr\/#\/schema\/logo\/image\/\",\"url\":\"https:\/\/www.tourcruiser.com\/wp-content\/uploads\/2025\/12\/logo.png\",\"contentUrl\":\"https:\/\/www.tourcruiser.com\/wp-content\/uploads\/2025\/12\/logo.png\",\"width\":200,\"height\":65,\"caption\":\"STYLORAL PTE. LTD\"},\"image\":{\"@id\":\"https:\/\/tourcruiser.com\/fr\/#\/schema\/logo\/image\/\"}}]}<\/script>\n<!-- \/ Yoast SEO plugin. -->","yoast_head_json":{"title":"ASICS COURT FF 3 NOVAK Night Energy Tennis Shoes Black\/Prism Gold - TOURCRUISER PTE. LTD","robots":{"index":"index","follow":"follow","max-snippet":"max-snippet:-1","max-image-preview":"max-image-preview:large","max-video-preview":"max-video-preview:-1"},"canonical":"https:\/\/tourcruiser.com\/fr\/products\/asics-court-ff-3-novak-night-energy-tennis-shoes-blackprism-gold\/","og_locale":"fr_FR","og_type":"article","og_title":"ASICS COURT FF 3 NOVAK Night Energy Tennis Shoes Black\/Prism Gold - TOURCRUISER PTE. LTD","og_description":"ASICS Court FF 3 Novak \u201d\u201d Black\/Prism Gold","og_url":"https:\/\/tourcruiser.com\/fr\/products\/asics-court-ff-3-novak-night-energy-tennis-shoes-blackprism-gold\/","og_site_name":"Tourcruiser Sneaker Store","article_modified_time":"2026-03-14T12:13:39+00:00","twitter_card":"summary_large_image","twitter_image":"https:\/\/images.novelship.com\/product\/asics_court_ff_3_novak_night_energy_tennis_shoes_b_0_1945.jpeg","twitter_misc":{"Dur\u00e9e de lecture estim\u00e9e":"1 minute"},"schema":{"@context":"https:\/\/schema.org","@graph":[{"@type":"WebPage","@id":"https:\/\/tourcruiser.com\/fr\/products\/asics-court-ff-3-novak-night-energy-tennis-shoes-blackprism-gold\/","url":"https:\/\/tourcruiser.com\/fr\/products\/asics-court-ff-3-novak-night-energy-tennis-shoes-blackprism-gold\/","name":"ASICS COURT FF 3 NOVAK Night Energy Tennis Shoes Black\/Prism Gold - TOURCRUISER PTE. LTD","isPartOf":{"@id":"https:\/\/tourcruiser.com\/fr\/#website"},"primaryImageOfPage":{"@id":"https:\/\/tourcruiser.com\/fr\/products\/asics-court-ff-3-novak-night-energy-tennis-shoes-blackprism-gold\/#primaryimage"},"image":{"@id":"https:\/\/tourcruiser.com\/fr\/products\/asics-court-ff-3-novak-night-energy-tennis-shoes-blackprism-gold\/#primaryimage"},"thumbnailUrl":"https:\/\/images.novelship.com\/product\/asics_court_ff_3_novak_night_energy_tennis_shoes_b_0_1945.jpeg","datePublished":"2026-03-02T08:44:31+00:00","dateModified":"2026-03-14T12:13:39+00:00","breadcrumb":{"@id":"https:\/\/tourcruiser.com\/fr\/products\/asics-court-ff-3-novak-night-energy-tennis-shoes-blackprism-gold\/#breadcrumb"},"inLanguage":"fr-FR","potentialAction":[{"@type":"ReadAction","target":["https:\/\/tourcruiser.com\/fr\/products\/asics-court-ff-3-novak-night-energy-tennis-shoes-blackprism-gold\/"]}]},{"@type":"ImageObject","inLanguage":"fr-FR","@id":"https:\/\/tourcruiser.com\/fr\/products\/asics-court-ff-3-novak-night-energy-tennis-shoes-blackprism-gold\/#primaryimage","url":"https:\/\/images.novelship.com\/product\/asics_court_ff_3_novak_night_energy_tennis_shoes_b_0_1945.jpeg","contentUrl":"https:\/\/images.novelship.com\/product\/asics_court_ff_3_novak_night_energy_tennis_shoes_b_0_1945.jpeg"},{"@type":"BreadcrumbList","@id":"https:\/\/tourcruiser.com\/fr\/products\/asics-court-ff-3-novak-night-energy-tennis-shoes-blackprism-gold\/#breadcrumb","itemListElement":[{"@type":"ListItem","position":1,"name":"Home","item":"https:\/\/tourcruiser.com\/fr\/"},{"@type":"ListItem","position":2,"name":"Shop","item":"https:\/\/tourcruiser.com\/fr\/shop\/"},{"@type":"ListItem","position":3,"name":"ASICS COURT FF 3 NOVAK Night Energy Tennis Shoes Black\/Prism Gold"}]},{"@type":"WebSite","@id":"https:\/\/tourcruiser.com\/fr\/#website","url":"https:\/\/tourcruiser.com\/fr\/","name":"Styloral Jewelry Shop","description":"Tourcruiser Sneaker Store \u2014 L\u2019endroit o\u00f9 l\u2019univers rencontre votre singularit\u00e9.","publisher":{"@id":"https:\/\/tourcruiser.com\/fr\/#organization"},"potentialAction":[{"@type":"SearchAction","target":{"@type":"EntryPoint","urlTemplate":"https:\/\/tourcruiser.com\/fr\/?s={search_term_string}"},"query-input":{"@type":"PropertyValueSpecification","valueRequired":true,"valueName":"search_term_string"}}],"inLanguage":"fr-FR"},{"@type":"Organization","@id":"https:\/\/tourcruiser.com\/fr\/#organization","name":"STYLORAL PTE. LTD","url":"https:\/\/tourcruiser.com\/fr\/","logo":{"@type":"ImageObject","inLanguage":"fr-FR","@id":"https:\/\/tourcruiser.com\/fr\/#\/schema\/logo\/image\/","url":"https:\/\/www.tourcruiser.com\/wp-content\/uploads\/2025\/12\/logo.png","contentUrl":"https:\/\/www.tourcruiser.com\/wp-content\/uploads\/2025\/12\/logo.png","width":200,"height":65,"caption":"STYLORAL PTE. LTD"},"image":{"@id":"https:\/\/tourcruiser.com\/fr\/#\/schema\/logo\/image\/"}}]}},"_links":{"self":[{"href":"https:\/\/tourcruiser.com\/fr\/wp-json\/wp\/v2\/product\/145965","targetHints":{"allow":["GET"]}}],"collection":[{"href":"https:\/\/tourcruiser.com\/fr\/wp-json\/wp\/v2\/product"}],"about":[{"href":"https:\/\/tourcruiser.com\/fr\/wp-json\/wp\/v2\/types\/product"}],"replies":[{"embeddable":true,"href":"https:\/\/tourcruiser.com\/fr\/wp-json\/wp\/v2\/comments?post=145965"}],"wp:featuredmedia":[{"embeddable":true,"href":"https:\/\/tourcruiser.com\/fr\/wp-json\/wp\/v2\/media\/145966"}],"wp:attachment":[{"href":"https:\/\/tourcruiser.com\/fr\/wp-json\/wp\/v2\/media?parent=145965"}],"wp:term":[{"taxonomy":"product_brand","embeddable":true,"href":"https:\/\/tourcruiser.com\/fr\/wp-json\/wp\/v2\/product_brand?post=145965"},{"taxonomy":"product_cat","embeddable":true,"href":"https:\/\/tourcruiser.com\/fr\/wp-json\/wp\/v2\/product_cat?post=145965"},{"taxonomy":"product_tag","embeddable":true,"href":"https:\/\/tourcruiser.com\/fr\/wp-json\/wp\/v2\/product_tag?post=145965"}],"curies":[{"name":"wp","href":"https:\/\/api.w.org\/{rel}","templated":true}]}}