{"id":145089,"date":"2026-03-02T15:43:12","date_gmt":"2026-03-02T08:43:12","guid":{"rendered":"http:\/\/tourcruiser.com\/product\/rui-hachimura-x-air-jordan-air-1-retro-low-og-cranes"},"modified":"2026-03-14T19:12:38","modified_gmt":"2026-03-14T12:12:38","slug":"rui-hachimura-x-air-jordan-air-1-retro-low-og-cranes","status":"publish","type":"product","link":"https:\/\/tourcruiser.com\/fr\/products\/rui-hachimura-x-air-jordan-air-1-retro-low-og-cranes\/","title":{"rendered":"Rui Hachimura x Air Jordan Air 1 Retro Low OG &lsquo;Cranes&rsquo;"},"content":{"rendered":"<p>Rehaussez votre style sneakers avec la Rui Hachimura x Air Jordan 1 Retro Low OG \u00ab\u00a0Cranes\u00a0\u00bb HV8293-100. Cette collaboration exclusive allie le design classique d&rsquo;Air Jordan au style inimitable de Hachimura. Ces sneakers arborent un motif de grue captivant, des mat\u00e9riaux haut de gamme et une confection exceptionnelle. Leur palette de couleurs \u00e9l\u00e9gante leur conf\u00e8re un look distinctif, tandis que leur confort et leur durabilit\u00e9 sup\u00e9rieurs en font le compagnon id\u00e9al en toute occasion. Parfaites pour les passionn\u00e9s de sneakers et les personnes soucieuses de leur style, cette \u00e9dition unique est un incontournable\u00a0!<\/p>\n<p>Couleur\u00a0: Avoine\/Jade Smoke-Noir<\/p>\n<p>Code article\u00a0: HV8293-100<\/p>\n<p>Tige\u00a0: Textile<\/p>\n<p>Semelle interm\u00e9diaire\u00a0: Air<\/p>\n<p>Couleur\u00a0: Beige<\/p>\n<p>Designer\u00a0: Peter Moore<\/p>\n<p>Couleur\u00a0: Beige<\/p>\n","protected":false},"excerpt":{"rendered":"<p>Jordan Jordan 1 Retro Low OG \u201d\u201d Oatmeal\/Jade Smoke-Black<\/p>\n","protected":false},"featured_media":145090,"comment_status":"open","ping_status":"closed","template":"","meta":[],"product_brand":[],"product_cat":[10780],"product_tag":[10750,10776,10754,10777,10756],"class_list":{"0":"post-145089","1":"product","2":"type-product","3":"status-publish","4":"has-post-thumbnail","6":"product_cat-air-jordan","7":"product_tag-athleisure-shoes","8":"product_tag-jordan","9":"product_tag-lifestyle-casual-shoes","10":"product_tag-lifestyle-shoes-basketball-inspired","11":"product_tag-retro-casual-shoes","12":"wcpa_has_options","14":"first","15":"instock","16":"taxable","17":"shipping-taxable","18":"purchasable","19":"product-type-simple"},"wcpa_form_fields":{"rules":{"pric_overide_base_price":false,"pric_overide_base_price_if_gt_zero":false,"pric_overide_base_price_fully":false,"pric_cal_option_once":false,"pric_use_as_fee":false,"bind_quantity":false,"quantity_bind_formula":false},"fields":[{"type":"color-group","required":true,"elementId":"wcpa-color-group-66c4a75505e74","label":"Taille","inline":true,"priceOptions":"different_for_all","pricingType":"fixed","className":"hassizechart product-shoes-size-eu product-shoes-size","name":"color-group-66c4a75505e89","disp_type":"square","selection_type":"tick-border","disp_size":"44","show_label_inside":true,"adjust_width":true,"cart_display_type":"text","other_text":"Other","cl_rule":"show","col":6,"values":[{"label":"35.5","value":"EU 35.5","price":"","pimage":"","pimage_id":"","pthumb":"","color":""},{"label":"36","value":"EU 36","price":"","pimage":"","pimage_id":"","pthumb":"","color":"","selected":true},{"label":"36.5","value":"EU 36.5","price":"","pimage":"","pimage_id":"","pthumb":"","color":""},{"label":"37.5","value":"EU 37.5","price":"","pimage":"","pimage_id":"","pthumb":"","color":""},{"label":"38","value":"EU 38","price":"","pimage":"","pimage_id":"","pthumb":"","color":""},{"label":"38.5","value":"EU 38.5","price":"","pimage":"","pimage_id":"","pthumb":"","color":""},{"label":"39","value":"EU 39","price":"","pimage":"","pimage_id":"","pthumb":"","color":""},{"label":"40","value":"EU 40","price":"","pimage":"","pimage_id":"","pthumb":"","color":""},{"label":"40.5","value":"EU 40.5","price":"","pimage":"","pimage_id":"","pthumb":"","color":""},{"label":"41","value":"EU 41","price":"","pimage":"","pimage_id":"","pthumb":"","color":""},{"label":"42","value":"EU 42","price":"","pimage":"","pimage_id":"","pthumb":"","color":""},{"label":"42.5","value":"EU 42.5","price":"","pimage":"","pimage_id":"","pthumb":"","color":""},{"label":"43","value":"EU 43","price":"","pimage":"","pimage_id":"","pthumb":"","color":""},{"label":"44","value":"EU 44","price":"","pimage":"","pimage_id":"","pthumb":"","color":""},{"label":"44.5","value":"EU 44.5","price":"","pimage":"","pimage_id":"","pthumb":"","color":""},{"label":"45","value":"EU 45","price":"","pimage":"","pimage_id":"","pthumb":"","color":""},{"label":"45.5","value":"EU 45.5","price":"","pimage":"","pimage_id":"","pthumb":"","color":""},{"label":"46","value":"EU 46","price":"","pimage":"","pimage_id":"","pthumb":"","color":""},{"label":"47","value":"EU 47","price":"","pimage":"","pimage_id":"","pthumb":"","color":""},{"label":"47.5","value":"EU 47.5","price":"","pimage":"","pimage_id":"","pthumb":"","color":""},{"label":"48","value":"EU 48","price":"","pimage":"","pimage_id":"","pthumb":"","color":""}],"relations":[{"operator":false,"rules":[]}],"form_id":18106,"form_rules":{"pric_cal_option_once":false,"exclude_from_discount":false,"pric_use_as_fee":false,"fee_label":"Fee","render_after_acb":false,"disp_hide_options_price":false}}]},"yoast_head":"<!-- This site is optimized with the Yoast SEO plugin v26.5 - https:\/\/yoast.com\/wordpress\/plugins\/seo\/ -->\n<title>Rui Hachimura x Air Jordan Air 1 Retro Low OG &#039;Cranes&#039; - TOURCRUISER PTE. LTD<\/title>\n<meta name=\"robots\" content=\"index, follow, max-snippet:-1, max-image-preview:large, max-video-preview:-1\" \/>\n<link rel=\"canonical\" href=\"https:\/\/tourcruiser.com\/fr\/products\/rui-hachimura-x-air-jordan-air-1-retro-low-og-cranes\/\" \/>\n<meta property=\"og:locale\" content=\"fr_FR\" \/>\n<meta property=\"og:type\" content=\"article\" \/>\n<meta property=\"og:title\" content=\"Rui Hachimura x Air Jordan Air 1 Retro Low OG &#039;Cranes&#039; - TOURCRUISER PTE. LTD\" \/>\n<meta property=\"og:description\" content=\"Jordan Jordan 1 Retro Low OG \u201d\u201d Oatmeal\/Jade Smoke-Black\" \/>\n<meta property=\"og:url\" content=\"https:\/\/tourcruiser.com\/fr\/products\/rui-hachimura-x-air-jordan-air-1-retro-low-og-cranes\/\" \/>\n<meta property=\"og:site_name\" content=\"Tourcruiser Sneaker Store\" \/>\n<meta property=\"article:modified_time\" content=\"2026-03-14T12:12:38+00:00\" \/>\n<meta name=\"twitter:card\" content=\"summary_large_image\" \/>\n<meta name=\"twitter:image\" content=\"https:\/\/images.novelship.com\/product\/rui_hachimura_x_air_jordan_air_1_retro_low_og__cra_0_8481.jpeg\" \/>\n<meta name=\"twitter:label1\" content=\"Dur\u00e9e de lecture estim\u00e9e\" \/>\n\t<meta name=\"twitter:data1\" content=\"1 minute\" \/>\n<script type=\"application\/ld+json\" class=\"yoast-schema-graph\">{\"@context\":\"https:\/\/schema.org\",\"@graph\":[{\"@type\":\"WebPage\",\"@id\":\"https:\/\/tourcruiser.com\/fr\/products\/rui-hachimura-x-air-jordan-air-1-retro-low-og-cranes\/\",\"url\":\"https:\/\/tourcruiser.com\/fr\/products\/rui-hachimura-x-air-jordan-air-1-retro-low-og-cranes\/\",\"name\":\"Rui Hachimura x Air Jordan Air 1 Retro Low OG 'Cranes' - TOURCRUISER PTE. LTD\",\"isPartOf\":{\"@id\":\"https:\/\/tourcruiser.com\/fr\/#website\"},\"primaryImageOfPage\":{\"@id\":\"https:\/\/tourcruiser.com\/fr\/products\/rui-hachimura-x-air-jordan-air-1-retro-low-og-cranes\/#primaryimage\"},\"image\":{\"@id\":\"https:\/\/tourcruiser.com\/fr\/products\/rui-hachimura-x-air-jordan-air-1-retro-low-og-cranes\/#primaryimage\"},\"thumbnailUrl\":\"https:\/\/images.novelship.com\/product\/rui_hachimura_x_air_jordan_air_1_retro_low_og__cra_0_8481.jpeg\",\"datePublished\":\"2026-03-02T08:43:12+00:00\",\"dateModified\":\"2026-03-14T12:12:38+00:00\",\"breadcrumb\":{\"@id\":\"https:\/\/tourcruiser.com\/fr\/products\/rui-hachimura-x-air-jordan-air-1-retro-low-og-cranes\/#breadcrumb\"},\"inLanguage\":\"fr-FR\",\"potentialAction\":[{\"@type\":\"ReadAction\",\"target\":[\"https:\/\/tourcruiser.com\/fr\/products\/rui-hachimura-x-air-jordan-air-1-retro-low-og-cranes\/\"]}]},{\"@type\":\"ImageObject\",\"inLanguage\":\"fr-FR\",\"@id\":\"https:\/\/tourcruiser.com\/fr\/products\/rui-hachimura-x-air-jordan-air-1-retro-low-og-cranes\/#primaryimage\",\"url\":\"https:\/\/images.novelship.com\/product\/rui_hachimura_x_air_jordan_air_1_retro_low_og__cra_0_8481.jpeg\",\"contentUrl\":\"https:\/\/images.novelship.com\/product\/rui_hachimura_x_air_jordan_air_1_retro_low_og__cra_0_8481.jpeg\"},{\"@type\":\"BreadcrumbList\",\"@id\":\"https:\/\/tourcruiser.com\/fr\/products\/rui-hachimura-x-air-jordan-air-1-retro-low-og-cranes\/#breadcrumb\",\"itemListElement\":[{\"@type\":\"ListItem\",\"position\":1,\"name\":\"Home\",\"item\":\"https:\/\/tourcruiser.com\/fr\/\"},{\"@type\":\"ListItem\",\"position\":2,\"name\":\"Shop\",\"item\":\"https:\/\/tourcruiser.com\/fr\/shop\/\"},{\"@type\":\"ListItem\",\"position\":3,\"name\":\"Rui Hachimura x Air Jordan Air 1 Retro Low OG 'Cranes'\"}]},{\"@type\":\"WebSite\",\"@id\":\"https:\/\/tourcruiser.com\/fr\/#website\",\"url\":\"https:\/\/tourcruiser.com\/fr\/\",\"name\":\"Styloral Jewelry Shop\",\"description\":\"Tourcruiser Sneaker Store \u2014 L\u2019endroit o\u00f9 l\u2019univers rencontre votre singularit\u00e9.\",\"publisher\":{\"@id\":\"https:\/\/tourcruiser.com\/fr\/#organization\"},\"potentialAction\":[{\"@type\":\"SearchAction\",\"target\":{\"@type\":\"EntryPoint\",\"urlTemplate\":\"https:\/\/tourcruiser.com\/fr\/?s={search_term_string}\"},\"query-input\":{\"@type\":\"PropertyValueSpecification\",\"valueRequired\":true,\"valueName\":\"search_term_string\"}}],\"inLanguage\":\"fr-FR\"},{\"@type\":\"Organization\",\"@id\":\"https:\/\/tourcruiser.com\/fr\/#organization\",\"name\":\"STYLORAL PTE. LTD\",\"url\":\"https:\/\/tourcruiser.com\/fr\/\",\"logo\":{\"@type\":\"ImageObject\",\"inLanguage\":\"fr-FR\",\"@id\":\"https:\/\/tourcruiser.com\/fr\/#\/schema\/logo\/image\/\",\"url\":\"https:\/\/www.tourcruiser.com\/wp-content\/uploads\/2025\/12\/logo.png\",\"contentUrl\":\"https:\/\/www.tourcruiser.com\/wp-content\/uploads\/2025\/12\/logo.png\",\"width\":200,\"height\":65,\"caption\":\"STYLORAL PTE. LTD\"},\"image\":{\"@id\":\"https:\/\/tourcruiser.com\/fr\/#\/schema\/logo\/image\/\"}}]}<\/script>\n<!-- \/ Yoast SEO plugin. -->","yoast_head_json":{"title":"Rui Hachimura x Air Jordan Air 1 Retro Low OG 'Cranes' - TOURCRUISER PTE. LTD","robots":{"index":"index","follow":"follow","max-snippet":"max-snippet:-1","max-image-preview":"max-image-preview:large","max-video-preview":"max-video-preview:-1"},"canonical":"https:\/\/tourcruiser.com\/fr\/products\/rui-hachimura-x-air-jordan-air-1-retro-low-og-cranes\/","og_locale":"fr_FR","og_type":"article","og_title":"Rui Hachimura x Air Jordan Air 1 Retro Low OG 'Cranes' - TOURCRUISER PTE. LTD","og_description":"Jordan Jordan 1 Retro Low OG \u201d\u201d Oatmeal\/Jade Smoke-Black","og_url":"https:\/\/tourcruiser.com\/fr\/products\/rui-hachimura-x-air-jordan-air-1-retro-low-og-cranes\/","og_site_name":"Tourcruiser Sneaker Store","article_modified_time":"2026-03-14T12:12:38+00:00","twitter_card":"summary_large_image","twitter_image":"https:\/\/images.novelship.com\/product\/rui_hachimura_x_air_jordan_air_1_retro_low_og__cra_0_8481.jpeg","twitter_misc":{"Dur\u00e9e de lecture estim\u00e9e":"1 minute"},"schema":{"@context":"https:\/\/schema.org","@graph":[{"@type":"WebPage","@id":"https:\/\/tourcruiser.com\/fr\/products\/rui-hachimura-x-air-jordan-air-1-retro-low-og-cranes\/","url":"https:\/\/tourcruiser.com\/fr\/products\/rui-hachimura-x-air-jordan-air-1-retro-low-og-cranes\/","name":"Rui Hachimura x Air Jordan Air 1 Retro Low OG 'Cranes' - TOURCRUISER PTE. LTD","isPartOf":{"@id":"https:\/\/tourcruiser.com\/fr\/#website"},"primaryImageOfPage":{"@id":"https:\/\/tourcruiser.com\/fr\/products\/rui-hachimura-x-air-jordan-air-1-retro-low-og-cranes\/#primaryimage"},"image":{"@id":"https:\/\/tourcruiser.com\/fr\/products\/rui-hachimura-x-air-jordan-air-1-retro-low-og-cranes\/#primaryimage"},"thumbnailUrl":"https:\/\/images.novelship.com\/product\/rui_hachimura_x_air_jordan_air_1_retro_low_og__cra_0_8481.jpeg","datePublished":"2026-03-02T08:43:12+00:00","dateModified":"2026-03-14T12:12:38+00:00","breadcrumb":{"@id":"https:\/\/tourcruiser.com\/fr\/products\/rui-hachimura-x-air-jordan-air-1-retro-low-og-cranes\/#breadcrumb"},"inLanguage":"fr-FR","potentialAction":[{"@type":"ReadAction","target":["https:\/\/tourcruiser.com\/fr\/products\/rui-hachimura-x-air-jordan-air-1-retro-low-og-cranes\/"]}]},{"@type":"ImageObject","inLanguage":"fr-FR","@id":"https:\/\/tourcruiser.com\/fr\/products\/rui-hachimura-x-air-jordan-air-1-retro-low-og-cranes\/#primaryimage","url":"https:\/\/images.novelship.com\/product\/rui_hachimura_x_air_jordan_air_1_retro_low_og__cra_0_8481.jpeg","contentUrl":"https:\/\/images.novelship.com\/product\/rui_hachimura_x_air_jordan_air_1_retro_low_og__cra_0_8481.jpeg"},{"@type":"BreadcrumbList","@id":"https:\/\/tourcruiser.com\/fr\/products\/rui-hachimura-x-air-jordan-air-1-retro-low-og-cranes\/#breadcrumb","itemListElement":[{"@type":"ListItem","position":1,"name":"Home","item":"https:\/\/tourcruiser.com\/fr\/"},{"@type":"ListItem","position":2,"name":"Shop","item":"https:\/\/tourcruiser.com\/fr\/shop\/"},{"@type":"ListItem","position":3,"name":"Rui Hachimura x Air Jordan Air 1 Retro Low OG 'Cranes'"}]},{"@type":"WebSite","@id":"https:\/\/tourcruiser.com\/fr\/#website","url":"https:\/\/tourcruiser.com\/fr\/","name":"Styloral Jewelry Shop","description":"Tourcruiser Sneaker Store \u2014 L\u2019endroit o\u00f9 l\u2019univers rencontre votre singularit\u00e9.","publisher":{"@id":"https:\/\/tourcruiser.com\/fr\/#organization"},"potentialAction":[{"@type":"SearchAction","target":{"@type":"EntryPoint","urlTemplate":"https:\/\/tourcruiser.com\/fr\/?s={search_term_string}"},"query-input":{"@type":"PropertyValueSpecification","valueRequired":true,"valueName":"search_term_string"}}],"inLanguage":"fr-FR"},{"@type":"Organization","@id":"https:\/\/tourcruiser.com\/fr\/#organization","name":"STYLORAL PTE. LTD","url":"https:\/\/tourcruiser.com\/fr\/","logo":{"@type":"ImageObject","inLanguage":"fr-FR","@id":"https:\/\/tourcruiser.com\/fr\/#\/schema\/logo\/image\/","url":"https:\/\/www.tourcruiser.com\/wp-content\/uploads\/2025\/12\/logo.png","contentUrl":"https:\/\/www.tourcruiser.com\/wp-content\/uploads\/2025\/12\/logo.png","width":200,"height":65,"caption":"STYLORAL PTE. LTD"},"image":{"@id":"https:\/\/tourcruiser.com\/fr\/#\/schema\/logo\/image\/"}}]}},"_links":{"self":[{"href":"https:\/\/tourcruiser.com\/fr\/wp-json\/wp\/v2\/product\/145089","targetHints":{"allow":["GET"]}}],"collection":[{"href":"https:\/\/tourcruiser.com\/fr\/wp-json\/wp\/v2\/product"}],"about":[{"href":"https:\/\/tourcruiser.com\/fr\/wp-json\/wp\/v2\/types\/product"}],"replies":[{"embeddable":true,"href":"https:\/\/tourcruiser.com\/fr\/wp-json\/wp\/v2\/comments?post=145089"}],"wp:featuredmedia":[{"embeddable":true,"href":"https:\/\/tourcruiser.com\/fr\/wp-json\/wp\/v2\/media\/145090"}],"wp:attachment":[{"href":"https:\/\/tourcruiser.com\/fr\/wp-json\/wp\/v2\/media?parent=145089"}],"wp:term":[{"taxonomy":"product_brand","embeddable":true,"href":"https:\/\/tourcruiser.com\/fr\/wp-json\/wp\/v2\/product_brand?post=145089"},{"taxonomy":"product_cat","embeddable":true,"href":"https:\/\/tourcruiser.com\/fr\/wp-json\/wp\/v2\/product_cat?post=145089"},{"taxonomy":"product_tag","embeddable":true,"href":"https:\/\/tourcruiser.com\/fr\/wp-json\/wp\/v2\/product_tag?post=145089"}],"curies":[{"name":"wp","href":"https:\/\/api.w.org\/{rel}","templated":true}]}}