{"id":144785,"date":"2026-03-02T15:42:46","date_gmt":"2026-03-02T08:42:46","guid":{"rendered":"http:\/\/tourcruiser.com\/product\/adidas-coursecup-spikeless-golf-usa"},"modified":"2026-03-14T18:06:44","modified_gmt":"2026-03-14T11:06:44","slug":"adidas-coursecup-spikeless-golf-usa","status":"publish","type":"product","link":"https:\/\/tourcruiser.com\/fr\/products\/adidas-coursecup-spikeless-golf-usa\/","title":{"rendered":"adidas Coursecup Spikeless Golf &lsquo;USA&rsquo;"},"content":{"rendered":"<p>Affirmez votre style et votre confiance sur le green avec les chaussures de golf adidas Coursecup Spikeless \u00ab\u00a0USA\u00a0\u00bb IH2266\u00a0: performance exceptionnelle et esprit patriotique se conjuguent \u00e0 merveille. L\u00e9g\u00e8res et confortables, ces chaussures de golf offrent une adh\u00e9rence optimale sur et en dehors du parcours gr\u00e2ce \u00e0 leur design \u00e9l\u00e9gant sans crampons. Leur base blanche classique est rehauss\u00e9e de d\u00e9tails rouges et bleus \u00e9clatants, un hommage moderne et dynamique aux \u00c9tats-Unis. L&#8217;empeigne d\u00e9perlante garde vos pieds au sec en cas de ros\u00e9e matinale ou de changement de m\u00e9t\u00e9o soudain, tandis que la semelle interm\u00e9diaire amortissante assure un maintien parfait tout au long de la journ\u00e9e, quel que soit le nombre de trous jou\u00e9s. La semelle ext\u00e9rieure Adiwear, r\u00e9sistante et durable, offre une excellente stabilit\u00e9 sur tous les terrains, pour une performance fiable \u00e0 chaque partie. Les chaussures de golf adidas Coursecup Spikeless \u00ab\u00a0USA\u00a0\u00bb IH2266 sont con\u00e7ues pour les golfeurs exigeants qui privil\u00e9gient le confort, le style et la performance. C&rsquo;est parfait pour tous ceux qui veulent am\u00e9liorer leur jeu tout en affichant leur fiert\u00e9 nationale.<\/p>\n<ul>\n<li><strong>Coloris\u00a0:<\/strong> Blanc nuage\/Indigo nuit\/\u00c9carlate<\/li>\n<li><strong>R\u00e9f\u00e9rence\u00a0:<\/strong> IH2266<\/li>\n<li><strong>Mati\u00e8re ext\u00e9rieure\u00a0:<\/strong> Cuir<\/li>\n<li><strong>Couleur\u00a0:<\/strong> Blanc<\/li>\n<li><strong>Saison\u00a0:<\/strong> Printemps<\/li>\n<li><strong>Ann\u00e9e de sortie\u00a0:<\/strong> 2025<\/li>\n<\/ul>\n","protected":false},"excerpt":{"rendered":"<p>adidas Coursecup Spikeless Golf \u201d\u201d Cloud White\/Night Indigo\/Better Scarlet<\/p>\n","protected":false},"featured_media":144786,"comment_status":"open","ping_status":"closed","template":"","meta":[],"product_brand":[],"product_cat":[10760],"product_tag":[10759,11042,10802,11895,10758],"class_list":{"0":"post-144785","1":"product","2":"type-product","3":"status-publish","4":"has-post-thumbnail","6":"product_cat-adidas","7":"product_tag-adidas","8":"product_tag-golf-shoes","9":"product_tag-performance-sport-shoes","10":"product_tag-spikeless-golf-shoes","11":"product_tag-under-retail","12":"wcpa_has_options","14":"first","15":"instock","16":"taxable","17":"shipping-taxable","18":"purchasable","19":"product-type-simple"},"wcpa_form_fields":{"rules":{"pric_overide_base_price":false,"pric_overide_base_price_if_gt_zero":false,"pric_overide_base_price_fully":false,"pric_cal_option_once":false,"pric_use_as_fee":false,"bind_quantity":false,"quantity_bind_formula":false},"fields":[{"type":"color-group","required":true,"elementId":"wcpa-color-group-66c4a7f817afe","label":"Taille","inline":true,"priceOptions":"different_for_all","pricingType":"fixed","className":"hassizechart product-shoes-size-eu product-shoes-size","name":"color-group-66c4a7f817b18","disp_type":"square","selection_type":"tick-border","disp_size":"50","show_label_inside":true,"adjust_width":true,"cart_display_type":"text","other_text":"Other","cl_rule":"show","col":6,"values":[{"label":"35","value":"EU 35","price":"","pimage":"","pimage_id":"","pthumb":"","color":""},{"label":"35.5","value":"EU 35.5","price":"","pimage":"","pimage_id":"","pthumb":"","color":""},{"label":"36","value":"EU 36","price":"","pimage":"","pimage_id":"","pthumb":"","color":"","selected":true},{"label":"36 2\/3","value":"EU 36 2\/3","price":"","pimage":"","pimage_id":"","pthumb":"","color":""},{"label":"37 1\/3","value":"EU 37 1\/3","price":"","pimage":"","pimage_id":"","pthumb":"","color":""},{"label":"38","value":"EU 38","price":"","pimage":"","pimage_id":"","pthumb":"","color":""},{"label":"38 2\/3","value":"EU 38 2\/3","price":"","pimage":"","pimage_id":"","pthumb":"","color":""},{"label":"39 1\/3","value":"EU 39 1\/3","price":"","pimage":"","pimage_id":"","pthumb":"","color":""},{"label":"40","value":"EU 40","price":"","pimage":"","pimage_id":"","pthumb":"","color":""},{"label":"40 2\/3","value":"EU 40 2\/3","price":"","pimage":"","pimage_id":"","pthumb":"","color":""},{"label":"41 1\/3","value":"EU 41 1\/3","price":"","pimage":"","pimage_id":"","pthumb":"","color":""},{"label":"42","value":"EU 42","price":"","pimage":"","pimage_id":"","pthumb":"","color":""},{"label":"42 2\/3","value":"EU 42 2\/3","price":"","pimage":"","pimage_id":"","pthumb":"","color":""},{"label":"43 1\/3","value":"EU 43 1\/3","price":"","pimage":"","pimage_id":"","pthumb":"","color":""},{"label":"44","value":"EU 44","price":"","pimage":"","pimage_id":"","pthumb":"","color":""},{"label":"44 2\/3","value":"EU 44 2\/3","price":"","pimage":"","pimage_id":"","pthumb":"","color":""},{"label":"45 1\/3","value":"EU 45 1\/3","price":"","pimage":"","pimage_id":"","pthumb":"","color":""},{"label":"46","value":"EU 46","price":"","pimage":"","pimage_id":"","pthumb":"","color":""},{"label":"46 2\/3","value":"EU 46 2\/3","price":"","pimage":"","pimage_id":"","pthumb":"","color":""},{"label":"47 1\/3","value":"EU 47 1\/3","price":"","pimage":"","pimage_id":"","pthumb":"","color":""}],"relations":[{"operator":false,"rules":[]}],"form_id":24802,"form_rules":{"pric_cal_option_once":false,"exclude_from_discount":false,"pric_use_as_fee":false,"fee_label":"Fee","render_after_acb":false,"disp_hide_options_price":false}}]},"yoast_head":"<!-- This site is optimized with the Yoast SEO plugin v26.5 - https:\/\/yoast.com\/wordpress\/plugins\/seo\/ -->\n<title>adidas Coursecup Spikeless Golf &#039;USA&#039; - TOURCRUISER PTE. LTD<\/title>\n<meta name=\"robots\" content=\"index, follow, max-snippet:-1, max-image-preview:large, max-video-preview:-1\" \/>\n<link rel=\"canonical\" href=\"https:\/\/tourcruiser.com\/\" \/>\n<meta property=\"og:locale\" content=\"fr_FR\" \/>\n<meta property=\"og:type\" content=\"article\" \/>\n<meta property=\"og:title\" content=\"adidas Coursecup Spikeless Golf &#039;USA&#039; - TOURCRUISER PTE. LTD\" \/>\n<meta property=\"og:description\" content=\"adidas Coursecup Spikeless Golf \u201d\u201d Cloud White\/Night Indigo\/Better Scarlet\" \/>\n<meta property=\"og:url\" content=\"\/\" \/>\n<meta property=\"og:site_name\" content=\"Tourcruiser Sneaker Store\" \/>\n<meta property=\"article:modified_time\" content=\"2026-03-14T11:06:44+00:00\" \/>\n<meta name=\"twitter:card\" content=\"summary_large_image\" \/>\n<meta name=\"twitter:image\" content=\"https:\/\/images.novelship.com\/product\/adidas_coursecup_spikeless_golf__usa__ih2266_0_6053.jpeg\" \/>\n<meta name=\"twitter:label1\" content=\"Dur\u00e9e de lecture estim\u00e9e\" \/>\n\t<meta name=\"twitter:data1\" content=\"1 minute\" \/>\n<script type=\"application\/ld+json\" class=\"yoast-schema-graph\">{\"@context\":\"https:\/\/schema.org\",\"@graph\":[{\"@type\":\"WebPage\",\"@id\":\"\/\",\"url\":\"https:\/\/tourcruiser.com\/\",\"name\":\"adidas Coursecup Spikeless Golf 'USA' - TOURCRUISER PTE. LTD\",\"isPartOf\":{\"@id\":\"https:\/\/tourcruiser.com\/fr\/#website\"},\"primaryImageOfPage\":{\"@id\":\"https:\/\/tourcruiser.com\/#primaryimage\"},\"image\":{\"@id\":\"https:\/\/tourcruiser.com\/#primaryimage\"},\"thumbnailUrl\":\"https:\/\/images.novelship.com\/product\/adidas_coursecup_spikeless_golf__usa__ih2266_0_6053.jpeg\",\"datePublished\":\"2026-03-02T08:42:46+00:00\",\"dateModified\":\"2026-03-14T11:06:44+00:00\",\"breadcrumb\":{\"@id\":\"https:\/\/tourcruiser.com\/#breadcrumb\"},\"inLanguage\":\"fr-FR\",\"potentialAction\":[{\"@type\":\"ReadAction\",\"target\":[\"https:\/\/tourcruiser.com\/\"]}]},{\"@type\":\"ImageObject\",\"inLanguage\":\"fr-FR\",\"@id\":\"https:\/\/tourcruiser.com\/#primaryimage\",\"url\":\"https:\/\/images.novelship.com\/product\/adidas_coursecup_spikeless_golf__usa__ih2266_0_6053.jpeg\",\"contentUrl\":\"https:\/\/images.novelship.com\/product\/adidas_coursecup_spikeless_golf__usa__ih2266_0_6053.jpeg\"},{\"@type\":\"BreadcrumbList\",\"@id\":\"https:\/\/tourcruiser.com\/#breadcrumb\",\"itemListElement\":[{\"@type\":\"ListItem\",\"position\":1,\"name\":\"Home\",\"item\":\"https:\/\/tourcruiser.com\/fr\/\"},{\"@type\":\"ListItem\",\"position\":2,\"name\":\"Shop\",\"item\":\"https:\/\/tourcruiser.com\/fr\/shop\/\"},{\"@type\":\"ListItem\",\"position\":3,\"name\":\"adidas Coursecup Spikeless Golf &lsquo;USA&rsquo;\"}]},{\"@type\":\"WebSite\",\"@id\":\"https:\/\/tourcruiser.com\/fr\/#website\",\"url\":\"https:\/\/tourcruiser.com\/fr\/\",\"name\":\"Styloral Jewelry Shop\",\"description\":\"Tourcruiser Sneaker Store \u2014 L\u2019endroit o\u00f9 l\u2019univers rencontre votre singularit\u00e9.\",\"publisher\":{\"@id\":\"https:\/\/tourcruiser.com\/fr\/#organization\"},\"potentialAction\":[{\"@type\":\"SearchAction\",\"target\":{\"@type\":\"EntryPoint\",\"urlTemplate\":\"https:\/\/tourcruiser.com\/fr\/?s={search_term_string}\"},\"query-input\":{\"@type\":\"PropertyValueSpecification\",\"valueRequired\":true,\"valueName\":\"search_term_string\"}}],\"inLanguage\":\"fr-FR\"},{\"@type\":\"Organization\",\"@id\":\"https:\/\/tourcruiser.com\/fr\/#organization\",\"name\":\"STYLORAL PTE. LTD\",\"url\":\"https:\/\/tourcruiser.com\/fr\/\",\"logo\":{\"@type\":\"ImageObject\",\"inLanguage\":\"fr-FR\",\"@id\":\"https:\/\/tourcruiser.com\/fr\/#\/schema\/logo\/image\/\",\"url\":\"https:\/\/www.tourcruiser.com\/wp-content\/uploads\/2025\/12\/logo.png\",\"contentUrl\":\"https:\/\/www.tourcruiser.com\/wp-content\/uploads\/2025\/12\/logo.png\",\"width\":200,\"height\":65,\"caption\":\"STYLORAL PTE. LTD\"},\"image\":{\"@id\":\"https:\/\/tourcruiser.com\/fr\/#\/schema\/logo\/image\/\"}}]}<\/script>\n<!-- \/ Yoast SEO plugin. -->","yoast_head_json":{"title":"adidas Coursecup Spikeless Golf 'USA' - TOURCRUISER PTE. LTD","robots":{"index":"index","follow":"follow","max-snippet":"max-snippet:-1","max-image-preview":"max-image-preview:large","max-video-preview":"max-video-preview:-1"},"canonical":"https:\/\/tourcruiser.com\/","og_locale":"fr_FR","og_type":"article","og_title":"adidas Coursecup Spikeless Golf 'USA' - TOURCRUISER PTE. LTD","og_description":"adidas Coursecup Spikeless Golf \u201d\u201d Cloud White\/Night Indigo\/Better Scarlet","og_url":"\/","og_site_name":"Tourcruiser Sneaker Store","article_modified_time":"2026-03-14T11:06:44+00:00","twitter_card":"summary_large_image","twitter_image":"https:\/\/images.novelship.com\/product\/adidas_coursecup_spikeless_golf__usa__ih2266_0_6053.jpeg","twitter_misc":{"Dur\u00e9e de lecture estim\u00e9e":"1 minute"},"schema":{"@context":"https:\/\/schema.org","@graph":[{"@type":"WebPage","@id":"\/","url":"https:\/\/tourcruiser.com\/","name":"adidas Coursecup Spikeless Golf 'USA' - TOURCRUISER PTE. LTD","isPartOf":{"@id":"https:\/\/tourcruiser.com\/fr\/#website"},"primaryImageOfPage":{"@id":"https:\/\/tourcruiser.com\/#primaryimage"},"image":{"@id":"https:\/\/tourcruiser.com\/#primaryimage"},"thumbnailUrl":"https:\/\/images.novelship.com\/product\/adidas_coursecup_spikeless_golf__usa__ih2266_0_6053.jpeg","datePublished":"2026-03-02T08:42:46+00:00","dateModified":"2026-03-14T11:06:44+00:00","breadcrumb":{"@id":"https:\/\/tourcruiser.com\/#breadcrumb"},"inLanguage":"fr-FR","potentialAction":[{"@type":"ReadAction","target":["https:\/\/tourcruiser.com\/"]}]},{"@type":"ImageObject","inLanguage":"fr-FR","@id":"https:\/\/tourcruiser.com\/#primaryimage","url":"https:\/\/images.novelship.com\/product\/adidas_coursecup_spikeless_golf__usa__ih2266_0_6053.jpeg","contentUrl":"https:\/\/images.novelship.com\/product\/adidas_coursecup_spikeless_golf__usa__ih2266_0_6053.jpeg"},{"@type":"BreadcrumbList","@id":"https:\/\/tourcruiser.com\/#breadcrumb","itemListElement":[{"@type":"ListItem","position":1,"name":"Home","item":"https:\/\/tourcruiser.com\/fr\/"},{"@type":"ListItem","position":2,"name":"Shop","item":"https:\/\/tourcruiser.com\/fr\/shop\/"},{"@type":"ListItem","position":3,"name":"adidas Coursecup Spikeless Golf &lsquo;USA&rsquo;"}]},{"@type":"WebSite","@id":"https:\/\/tourcruiser.com\/fr\/#website","url":"https:\/\/tourcruiser.com\/fr\/","name":"Styloral Jewelry Shop","description":"Tourcruiser Sneaker Store \u2014 L\u2019endroit o\u00f9 l\u2019univers rencontre votre singularit\u00e9.","publisher":{"@id":"https:\/\/tourcruiser.com\/fr\/#organization"},"potentialAction":[{"@type":"SearchAction","target":{"@type":"EntryPoint","urlTemplate":"https:\/\/tourcruiser.com\/fr\/?s={search_term_string}"},"query-input":{"@type":"PropertyValueSpecification","valueRequired":true,"valueName":"search_term_string"}}],"inLanguage":"fr-FR"},{"@type":"Organization","@id":"https:\/\/tourcruiser.com\/fr\/#organization","name":"STYLORAL PTE. LTD","url":"https:\/\/tourcruiser.com\/fr\/","logo":{"@type":"ImageObject","inLanguage":"fr-FR","@id":"https:\/\/tourcruiser.com\/fr\/#\/schema\/logo\/image\/","url":"https:\/\/www.tourcruiser.com\/wp-content\/uploads\/2025\/12\/logo.png","contentUrl":"https:\/\/www.tourcruiser.com\/wp-content\/uploads\/2025\/12\/logo.png","width":200,"height":65,"caption":"STYLORAL PTE. LTD"},"image":{"@id":"https:\/\/tourcruiser.com\/fr\/#\/schema\/logo\/image\/"}}]}},"_links":{"self":[{"href":"https:\/\/tourcruiser.com\/fr\/wp-json\/wp\/v2\/product\/144785","targetHints":{"allow":["GET"]}}],"collection":[{"href":"https:\/\/tourcruiser.com\/fr\/wp-json\/wp\/v2\/product"}],"about":[{"href":"https:\/\/tourcruiser.com\/fr\/wp-json\/wp\/v2\/types\/product"}],"replies":[{"embeddable":true,"href":"https:\/\/tourcruiser.com\/fr\/wp-json\/wp\/v2\/comments?post=144785"}],"wp:featuredmedia":[{"embeddable":true,"href":"https:\/\/tourcruiser.com\/fr\/wp-json\/wp\/v2\/media\/144786"}],"wp:attachment":[{"href":"https:\/\/tourcruiser.com\/fr\/wp-json\/wp\/v2\/media?parent=144785"}],"wp:term":[{"taxonomy":"product_brand","embeddable":true,"href":"https:\/\/tourcruiser.com\/fr\/wp-json\/wp\/v2\/product_brand?post=144785"},{"taxonomy":"product_cat","embeddable":true,"href":"https:\/\/tourcruiser.com\/fr\/wp-json\/wp\/v2\/product_cat?post=144785"},{"taxonomy":"product_tag","embeddable":true,"href":"https:\/\/tourcruiser.com\/fr\/wp-json\/wp\/v2\/product_tag?post=144785"}],"curies":[{"name":"wp","href":"https:\/\/api.w.org\/{rel}","templated":true}]}}