{"id":144401,"date":"2026-03-02T15:42:11","date_gmt":"2026-03-02T08:42:11","guid":{"rendered":"http:\/\/tourcruiser.com\/product\/women-nike-sabrina-2-ep-coconut-milk-light"},"modified":"2026-03-14T19:11:58","modified_gmt":"2026-03-14T12:11:58","slug":"women-nike-sabrina-2-ep-coconut-milk-light","status":"publish","type":"product","link":"https:\/\/tourcruiser.com\/fr\/products\/women-nike-sabrina-2-ep-coconut-milk-light\/","title":{"rendered":"(Women) Nike Sabrina 2 EP &lsquo;Coconut Milk Light&rsquo;"},"content":{"rendered":"<p>Am\u00e9liorez votre jeu avec la Nike Sabrina 2 EP \u00ab\u00a0Coconut Milk Light\u00a0\u00bb, une chaussure de basketball pour femme qui allie performance, style et confort. Con\u00e7ue en collaboration avec la star du basketball Sabrina Ionescu, cette chaussure \u00e9l\u00e9gante est id\u00e9ale pour les athl\u00e8tes et toutes celles qui m\u00e8nent une vie active. La palette de couleurs subtile \u00ab\u00a0Coconut Milk\u00a0\u00bb et \u00ab\u00a0Light Bone\u00a0\u00bb d\u00e9gage une \u00e9l\u00e9gance certaine, tandis que les mat\u00e9riaux r\u00e9sistants et respirants offrent un maintien optimal sur et en dehors du terrain. Dot\u00e9e de la technologie d&rsquo;amorti innovante de Nike, la Sabrina 2 EP offre un retour d&rsquo;\u00e9nergie exceptionnel pour une vitesse maximale. Une bride renforc\u00e9e au milieu du pied assure un maintien s\u00fbr et une stabilit\u00e9 accrue lors des mouvements dynamiques\u00a0: le choix id\u00e9al pour les matchs intenses et au quotidien. La semelle ext\u00e9rieure en caoutchouc avec son motif de traction multidirectionnel offre une adh\u00e9rence optimale pour chaque virage, changement de direction et sprint. De sa silhouette \u00e9pur\u00e9e \u00e0 ses caract\u00e9ristiques de performance avant-gardistes, la Nike Sabrina 2 EP \u00ab\u00a0Coconut Milk Light\u00a0\u00bb red\u00e9finit la polyvalence. Que vous soyez en pleine action ou que vous affichiez simplement un style impeccable avec votre tenue pr\u00e9f\u00e9r\u00e9e, ces chaussures ne passeront pas inaper\u00e7ues et vous garantissent des r\u00e9sultats. Compl\u00e9tez votre collection de chaussures avec ces chaussures de basketball \u00e9l\u00e9gantes et confectionn\u00e9es avec un savoir-faire exceptionnel, alliant \u00e0 la perfection esth\u00e9tique et performance. Coloris\u00a0: Lait de coco\/Marron baroque\/Beige clair\/Voile. R\u00e9f\u00e9rence\u00a0: FZ1517-102. Tige\u00a0: Mesh. Semelle interm\u00e9diaire\u00a0: Zoom Air. Couleur\u00a0: Beige. Cr\u00e9ateur\u00a0: Benjamin Nethongkome.<\/p>\n","protected":false},"excerpt":{"rendered":"<p>Nike Sabrina 2 EP \u201d\u201d Coconut Milk\/Baroque Brown\/Light Bone\/Sail<\/p>\n","protected":false},"featured_media":144402,"comment_status":"open","ping_status":"closed","template":"","meta":[],"product_brand":[],"product_cat":[10809],"product_tag":[10800,10939,11129,10940,10801,10802,10758],"class_list":{"0":"post-144401","1":"product","2":"type-product","3":"status-publish","4":"has-post-thumbnail","6":"product_cat-nike-women","7":"product_tag-basketball-shoes","8":"product_tag-international-women-day-coll","9":"product_tag-lightweight-basketball-shoes","10":"product_tag-mother-day-coll","11":"product_tag-nike","12":"product_tag-performance-sport-shoes","13":"product_tag-under-retail","14":"wcpa_has_options","16":"first","17":"instock","18":"taxable","19":"shipping-taxable","20":"purchasable","21":"product-type-simple"},"wcpa_form_fields":{"rules":{"pric_overide_base_price":false,"pric_overide_base_price_if_gt_zero":false,"pric_overide_base_price_fully":false,"pric_cal_option_once":false,"pric_use_as_fee":false,"bind_quantity":false,"quantity_bind_formula":false},"fields":[{"type":"color-group","required":true,"elementId":"wcpa-color-group-66c4a75505e74","label":"Taille","inline":true,"priceOptions":"different_for_all","pricingType":"fixed","className":"hassizechart product-shoes-size-eu product-shoes-size","name":"color-group-66c4a75505e89","disp_type":"square","selection_type":"tick-border","disp_size":"44","show_label_inside":true,"adjust_width":true,"cart_display_type":"text","other_text":"Other","cl_rule":"show","col":6,"values":[{"label":"35.5","value":"EU 35.5","price":"","pimage":"","pimage_id":"","pthumb":"","color":""},{"label":"36","value":"EU 36","price":"","pimage":"","pimage_id":"","pthumb":"","color":"","selected":true},{"label":"36.5","value":"EU 36.5","price":"","pimage":"","pimage_id":"","pthumb":"","color":""},{"label":"37.5","value":"EU 37.5","price":"","pimage":"","pimage_id":"","pthumb":"","color":""},{"label":"38","value":"EU 38","price":"","pimage":"","pimage_id":"","pthumb":"","color":""},{"label":"38.5","value":"EU 38.5","price":"","pimage":"","pimage_id":"","pthumb":"","color":""},{"label":"39","value":"EU 39","price":"","pimage":"","pimage_id":"","pthumb":"","color":""},{"label":"40","value":"EU 40","price":"","pimage":"","pimage_id":"","pthumb":"","color":""},{"label":"40.5","value":"EU 40.5","price":"","pimage":"","pimage_id":"","pthumb":"","color":""},{"label":"41","value":"EU 41","price":"","pimage":"","pimage_id":"","pthumb":"","color":""},{"label":"42","value":"EU 42","price":"","pimage":"","pimage_id":"","pthumb":"","color":""},{"label":"42.5","value":"EU 42.5","price":"","pimage":"","pimage_id":"","pthumb":"","color":""},{"label":"43","value":"EU 43","price":"","pimage":"","pimage_id":"","pthumb":"","color":""},{"label":"44","value":"EU 44","price":"","pimage":"","pimage_id":"","pthumb":"","color":""},{"label":"44.5","value":"EU 44.5","price":"","pimage":"","pimage_id":"","pthumb":"","color":""},{"label":"45","value":"EU 45","price":"","pimage":"","pimage_id":"","pthumb":"","color":""},{"label":"45.5","value":"EU 45.5","price":"","pimage":"","pimage_id":"","pthumb":"","color":""},{"label":"46","value":"EU 46","price":"","pimage":"","pimage_id":"","pthumb":"","color":""},{"label":"47","value":"EU 47","price":"","pimage":"","pimage_id":"","pthumb":"","color":""},{"label":"47.5","value":"EU 47.5","price":"","pimage":"","pimage_id":"","pthumb":"","color":""},{"label":"48","value":"EU 48","price":"","pimage":"","pimage_id":"","pthumb":"","color":""}],"relations":[{"operator":false,"rules":[]}],"form_id":18106,"form_rules":{"pric_cal_option_once":false,"exclude_from_discount":false,"pric_use_as_fee":false,"fee_label":"Fee","render_after_acb":false,"disp_hide_options_price":false}}]},"yoast_head":"<!-- This site is optimized with the Yoast SEO plugin v26.5 - https:\/\/yoast.com\/wordpress\/plugins\/seo\/ -->\n<title>(Women) Nike Sabrina 2 EP &#039;Coconut Milk Light&#039; - TOURCRUISER PTE. LTD<\/title>\n<meta name=\"robots\" content=\"index, follow, max-snippet:-1, max-image-preview:large, max-video-preview:-1\" \/>\n<link rel=\"canonical\" href=\"https:\/\/tourcruiser.com\/fr\/products\/women-nike-sabrina-2-ep-coconut-milk-light\/\" \/>\n<meta property=\"og:locale\" content=\"fr_FR\" \/>\n<meta property=\"og:type\" content=\"article\" \/>\n<meta property=\"og:title\" content=\"(Women) Nike Sabrina 2 EP &#039;Coconut Milk Light&#039; - TOURCRUISER PTE. LTD\" \/>\n<meta property=\"og:description\" content=\"Nike Sabrina 2 EP \u201d\u201d Coconut Milk\/Baroque Brown\/Light Bone\/Sail\" \/>\n<meta property=\"og:url\" content=\"https:\/\/tourcruiser.com\/fr\/products\/women-nike-sabrina-2-ep-coconut-milk-light\/\" \/>\n<meta property=\"og:site_name\" content=\"Tourcruiser Sneaker Store\" \/>\n<meta property=\"article:modified_time\" content=\"2026-03-14T12:11:58+00:00\" \/>\n<meta name=\"twitter:card\" content=\"summary_large_image\" \/>\n<meta name=\"twitter:image\" content=\"https:\/\/images.novelship.com\/product\/nike_sabrina_2_ep__coconut_milk_light__fz1517-102_0_60499.jpeg\" \/>\n<meta name=\"twitter:label1\" content=\"Dur\u00e9e de lecture estim\u00e9e\" \/>\n\t<meta name=\"twitter:data1\" content=\"1 minute\" \/>\n<script type=\"application\/ld+json\" class=\"yoast-schema-graph\">{\"@context\":\"https:\/\/schema.org\",\"@graph\":[{\"@type\":\"WebPage\",\"@id\":\"https:\/\/tourcruiser.com\/fr\/products\/women-nike-sabrina-2-ep-coconut-milk-light\/\",\"url\":\"https:\/\/tourcruiser.com\/fr\/products\/women-nike-sabrina-2-ep-coconut-milk-light\/\",\"name\":\"(Women) Nike Sabrina 2 EP 'Coconut Milk Light' - TOURCRUISER PTE. LTD\",\"isPartOf\":{\"@id\":\"https:\/\/tourcruiser.com\/fr\/#website\"},\"primaryImageOfPage\":{\"@id\":\"https:\/\/tourcruiser.com\/fr\/products\/women-nike-sabrina-2-ep-coconut-milk-light\/#primaryimage\"},\"image\":{\"@id\":\"https:\/\/tourcruiser.com\/fr\/products\/women-nike-sabrina-2-ep-coconut-milk-light\/#primaryimage\"},\"thumbnailUrl\":\"https:\/\/images.novelship.com\/product\/nike_sabrina_2_ep__coconut_milk_light__fz1517-102_0_60499.jpeg\",\"datePublished\":\"2026-03-02T08:42:11+00:00\",\"dateModified\":\"2026-03-14T12:11:58+00:00\",\"breadcrumb\":{\"@id\":\"https:\/\/tourcruiser.com\/fr\/products\/women-nike-sabrina-2-ep-coconut-milk-light\/#breadcrumb\"},\"inLanguage\":\"fr-FR\",\"potentialAction\":[{\"@type\":\"ReadAction\",\"target\":[\"https:\/\/tourcruiser.com\/fr\/products\/women-nike-sabrina-2-ep-coconut-milk-light\/\"]}]},{\"@type\":\"ImageObject\",\"inLanguage\":\"fr-FR\",\"@id\":\"https:\/\/tourcruiser.com\/fr\/products\/women-nike-sabrina-2-ep-coconut-milk-light\/#primaryimage\",\"url\":\"https:\/\/images.novelship.com\/product\/nike_sabrina_2_ep__coconut_milk_light__fz1517-102_0_60499.jpeg\",\"contentUrl\":\"https:\/\/images.novelship.com\/product\/nike_sabrina_2_ep__coconut_milk_light__fz1517-102_0_60499.jpeg\"},{\"@type\":\"BreadcrumbList\",\"@id\":\"https:\/\/tourcruiser.com\/fr\/products\/women-nike-sabrina-2-ep-coconut-milk-light\/#breadcrumb\",\"itemListElement\":[{\"@type\":\"ListItem\",\"position\":1,\"name\":\"Home\",\"item\":\"https:\/\/tourcruiser.com\/fr\/\"},{\"@type\":\"ListItem\",\"position\":2,\"name\":\"Shop\",\"item\":\"https:\/\/tourcruiser.com\/fr\/shop\/\"},{\"@type\":\"ListItem\",\"position\":3,\"name\":\"(Women) Nike Sabrina 2 EP 'Coconut Milk Light'\"}]},{\"@type\":\"WebSite\",\"@id\":\"https:\/\/tourcruiser.com\/fr\/#website\",\"url\":\"https:\/\/tourcruiser.com\/fr\/\",\"name\":\"Styloral Jewelry Shop\",\"description\":\"Tourcruiser Sneaker Store \u2014 L\u2019endroit o\u00f9 l\u2019univers rencontre votre singularit\u00e9.\",\"publisher\":{\"@id\":\"https:\/\/tourcruiser.com\/fr\/#organization\"},\"potentialAction\":[{\"@type\":\"SearchAction\",\"target\":{\"@type\":\"EntryPoint\",\"urlTemplate\":\"https:\/\/tourcruiser.com\/fr\/?s={search_term_string}\"},\"query-input\":{\"@type\":\"PropertyValueSpecification\",\"valueRequired\":true,\"valueName\":\"search_term_string\"}}],\"inLanguage\":\"fr-FR\"},{\"@type\":\"Organization\",\"@id\":\"https:\/\/tourcruiser.com\/fr\/#organization\",\"name\":\"STYLORAL PTE. LTD\",\"url\":\"https:\/\/tourcruiser.com\/fr\/\",\"logo\":{\"@type\":\"ImageObject\",\"inLanguage\":\"fr-FR\",\"@id\":\"https:\/\/tourcruiser.com\/fr\/#\/schema\/logo\/image\/\",\"url\":\"https:\/\/www.tourcruiser.com\/wp-content\/uploads\/2025\/12\/logo.png\",\"contentUrl\":\"https:\/\/www.tourcruiser.com\/wp-content\/uploads\/2025\/12\/logo.png\",\"width\":200,\"height\":65,\"caption\":\"STYLORAL PTE. LTD\"},\"image\":{\"@id\":\"https:\/\/tourcruiser.com\/fr\/#\/schema\/logo\/image\/\"}}]}<\/script>\n<!-- \/ Yoast SEO plugin. -->","yoast_head_json":{"title":"(Women) Nike Sabrina 2 EP 'Coconut Milk Light' - TOURCRUISER PTE. LTD","robots":{"index":"index","follow":"follow","max-snippet":"max-snippet:-1","max-image-preview":"max-image-preview:large","max-video-preview":"max-video-preview:-1"},"canonical":"https:\/\/tourcruiser.com\/fr\/products\/women-nike-sabrina-2-ep-coconut-milk-light\/","og_locale":"fr_FR","og_type":"article","og_title":"(Women) Nike Sabrina 2 EP 'Coconut Milk Light' - TOURCRUISER PTE. LTD","og_description":"Nike Sabrina 2 EP \u201d\u201d Coconut Milk\/Baroque Brown\/Light Bone\/Sail","og_url":"https:\/\/tourcruiser.com\/fr\/products\/women-nike-sabrina-2-ep-coconut-milk-light\/","og_site_name":"Tourcruiser Sneaker Store","article_modified_time":"2026-03-14T12:11:58+00:00","twitter_card":"summary_large_image","twitter_image":"https:\/\/images.novelship.com\/product\/nike_sabrina_2_ep__coconut_milk_light__fz1517-102_0_60499.jpeg","twitter_misc":{"Dur\u00e9e de lecture estim\u00e9e":"1 minute"},"schema":{"@context":"https:\/\/schema.org","@graph":[{"@type":"WebPage","@id":"https:\/\/tourcruiser.com\/fr\/products\/women-nike-sabrina-2-ep-coconut-milk-light\/","url":"https:\/\/tourcruiser.com\/fr\/products\/women-nike-sabrina-2-ep-coconut-milk-light\/","name":"(Women) Nike Sabrina 2 EP 'Coconut Milk Light' - TOURCRUISER PTE. LTD","isPartOf":{"@id":"https:\/\/tourcruiser.com\/fr\/#website"},"primaryImageOfPage":{"@id":"https:\/\/tourcruiser.com\/fr\/products\/women-nike-sabrina-2-ep-coconut-milk-light\/#primaryimage"},"image":{"@id":"https:\/\/tourcruiser.com\/fr\/products\/women-nike-sabrina-2-ep-coconut-milk-light\/#primaryimage"},"thumbnailUrl":"https:\/\/images.novelship.com\/product\/nike_sabrina_2_ep__coconut_milk_light__fz1517-102_0_60499.jpeg","datePublished":"2026-03-02T08:42:11+00:00","dateModified":"2026-03-14T12:11:58+00:00","breadcrumb":{"@id":"https:\/\/tourcruiser.com\/fr\/products\/women-nike-sabrina-2-ep-coconut-milk-light\/#breadcrumb"},"inLanguage":"fr-FR","potentialAction":[{"@type":"ReadAction","target":["https:\/\/tourcruiser.com\/fr\/products\/women-nike-sabrina-2-ep-coconut-milk-light\/"]}]},{"@type":"ImageObject","inLanguage":"fr-FR","@id":"https:\/\/tourcruiser.com\/fr\/products\/women-nike-sabrina-2-ep-coconut-milk-light\/#primaryimage","url":"https:\/\/images.novelship.com\/product\/nike_sabrina_2_ep__coconut_milk_light__fz1517-102_0_60499.jpeg","contentUrl":"https:\/\/images.novelship.com\/product\/nike_sabrina_2_ep__coconut_milk_light__fz1517-102_0_60499.jpeg"},{"@type":"BreadcrumbList","@id":"https:\/\/tourcruiser.com\/fr\/products\/women-nike-sabrina-2-ep-coconut-milk-light\/#breadcrumb","itemListElement":[{"@type":"ListItem","position":1,"name":"Home","item":"https:\/\/tourcruiser.com\/fr\/"},{"@type":"ListItem","position":2,"name":"Shop","item":"https:\/\/tourcruiser.com\/fr\/shop\/"},{"@type":"ListItem","position":3,"name":"(Women) Nike Sabrina 2 EP 'Coconut Milk Light'"}]},{"@type":"WebSite","@id":"https:\/\/tourcruiser.com\/fr\/#website","url":"https:\/\/tourcruiser.com\/fr\/","name":"Styloral Jewelry Shop","description":"Tourcruiser Sneaker Store \u2014 L\u2019endroit o\u00f9 l\u2019univers rencontre votre singularit\u00e9.","publisher":{"@id":"https:\/\/tourcruiser.com\/fr\/#organization"},"potentialAction":[{"@type":"SearchAction","target":{"@type":"EntryPoint","urlTemplate":"https:\/\/tourcruiser.com\/fr\/?s={search_term_string}"},"query-input":{"@type":"PropertyValueSpecification","valueRequired":true,"valueName":"search_term_string"}}],"inLanguage":"fr-FR"},{"@type":"Organization","@id":"https:\/\/tourcruiser.com\/fr\/#organization","name":"STYLORAL PTE. LTD","url":"https:\/\/tourcruiser.com\/fr\/","logo":{"@type":"ImageObject","inLanguage":"fr-FR","@id":"https:\/\/tourcruiser.com\/fr\/#\/schema\/logo\/image\/","url":"https:\/\/www.tourcruiser.com\/wp-content\/uploads\/2025\/12\/logo.png","contentUrl":"https:\/\/www.tourcruiser.com\/wp-content\/uploads\/2025\/12\/logo.png","width":200,"height":65,"caption":"STYLORAL PTE. LTD"},"image":{"@id":"https:\/\/tourcruiser.com\/fr\/#\/schema\/logo\/image\/"}}]}},"_links":{"self":[{"href":"https:\/\/tourcruiser.com\/fr\/wp-json\/wp\/v2\/product\/144401","targetHints":{"allow":["GET"]}}],"collection":[{"href":"https:\/\/tourcruiser.com\/fr\/wp-json\/wp\/v2\/product"}],"about":[{"href":"https:\/\/tourcruiser.com\/fr\/wp-json\/wp\/v2\/types\/product"}],"replies":[{"embeddable":true,"href":"https:\/\/tourcruiser.com\/fr\/wp-json\/wp\/v2\/comments?post=144401"}],"wp:featuredmedia":[{"embeddable":true,"href":"https:\/\/tourcruiser.com\/fr\/wp-json\/wp\/v2\/media\/144402"}],"wp:attachment":[{"href":"https:\/\/tourcruiser.com\/fr\/wp-json\/wp\/v2\/media?parent=144401"}],"wp:term":[{"taxonomy":"product_brand","embeddable":true,"href":"https:\/\/tourcruiser.com\/fr\/wp-json\/wp\/v2\/product_brand?post=144401"},{"taxonomy":"product_cat","embeddable":true,"href":"https:\/\/tourcruiser.com\/fr\/wp-json\/wp\/v2\/product_cat?post=144401"},{"taxonomy":"product_tag","embeddable":true,"href":"https:\/\/tourcruiser.com\/fr\/wp-json\/wp\/v2\/product_tag?post=144401"}],"curies":[{"name":"wp","href":"https:\/\/api.w.org\/{rel}","templated":true}]}}