{"id":144273,"date":"2026-03-02T15:41:58","date_gmt":"2026-03-02T08:41:58","guid":{"rendered":"http:\/\/tourcruiser.com\/product\/off-white-x-nike-dunk-low-dear-summer50-of-50"},"modified":"2026-03-14T19:11:53","modified_gmt":"2026-03-14T12:11:53","slug":"off-white-x-nike-dunk-low-dear-summer50-of-50","status":"publish","type":"product","link":"https:\/\/tourcruiser.com\/fr\/products\/off-white-x-nike-dunk-low-dear-summer50-of-50\/","title":{"rendered":"Off-White x Nike Dunk Low &lsquo;Dear Summer &#8211; 50 of 50&rsquo;"},"content":{"rendered":"<p>D\u00e9couvrez l&rsquo;innovation streetwear \u00e0 l&rsquo;\u00e9tat pur avec la Off-White x Nike Dunk Low \u00ab\u00a0Dear Summer\u00a0\u00bb 50 sur 50 (DM1602-001). Issue de la collection tr\u00e8s pris\u00e9e \u00ab\u00a0Dear Summer\u00a0\u00bb de Virgil Abloh, cette sneaker arbore une \u00e9l\u00e9gante palette de couleurs noir et argent m\u00e9tallis\u00e9, rehauss\u00e9e des d\u00e9tails embl\u00e9matiques d&rsquo;Off-White et d&rsquo;un zip tie. Confectionn\u00e9e \u00e0 partir de mat\u00e9riaux haut de gamme, elle offre un style et un confort in\u00e9gal\u00e9s. Id\u00e9ale pour les collectionneurs et les passionn\u00e9s de mode, cette \u00e9dition limit\u00e9e est un incontournable\u00a0! Coloris\u00a0: Noir\/Argent m\u00e9tallis\u00e9-Noir. Num\u00e9ro d&rsquo;article\u00a0: DM1602-001. Mati\u00e8re ext\u00e9rieure\u00a0: Cuir. Couleur\u00a0: Noir. Cr\u00e9ateur\u00a0: Peter Moore. Saison\u00a0: \u00c9t\u00e9. Ann\u00e9e de sortie\u00a0: 2021.<\/p>\n","protected":false},"excerpt":{"rendered":"<p>Nike Dunk Low &lsquo;Dear Summer &#8211; 50 of 50&rsquo; \u201d\u201d Black\/Metallic Silver-Black<\/p>\n","protected":false},"featured_media":144274,"comment_status":"open","ping_status":"closed","template":"","meta":[],"product_brand":[],"product_cat":[10803],"product_tag":[10753,10754,10777,11036,10801,10900],"class_list":{"0":"post-144273","1":"product","2":"type-product","3":"status-publish","4":"has-post-thumbnail","6":"product_cat-nike","7":"product_tag-gift-for-him","8":"product_tag-lifestyle-casual-shoes","9":"product_tag-lifestyle-shoes-basketball-inspired","10":"product_tag-lifestyle-shoes-skateboarding-inspired","11":"product_tag-nike","12":"product_tag-nike-skateboarding-shoes","13":"wcpa_has_options","15":"first","16":"instock","17":"taxable","18":"shipping-taxable","19":"purchasable","20":"product-type-simple"},"wcpa_form_fields":{"rules":{"pric_overide_base_price":false,"pric_overide_base_price_if_gt_zero":false,"pric_overide_base_price_fully":false,"pric_cal_option_once":false,"pric_use_as_fee":false,"bind_quantity":false,"quantity_bind_formula":false},"fields":[{"type":"color-group","required":true,"elementId":"wcpa-color-group-66c4a75505e74","label":"Taille","inline":true,"priceOptions":"different_for_all","pricingType":"fixed","className":"hassizechart product-shoes-size-eu product-shoes-size","name":"color-group-66c4a75505e89","disp_type":"square","selection_type":"tick-border","disp_size":"44","show_label_inside":true,"adjust_width":true,"cart_display_type":"text","other_text":"Other","cl_rule":"show","col":6,"values":[{"label":"35.5","value":"EU 35.5","price":"","pimage":"","pimage_id":"","pthumb":"","color":""},{"label":"36","value":"EU 36","price":"","pimage":"","pimage_id":"","pthumb":"","color":"","selected":true},{"label":"36.5","value":"EU 36.5","price":"","pimage":"","pimage_id":"","pthumb":"","color":""},{"label":"37.5","value":"EU 37.5","price":"","pimage":"","pimage_id":"","pthumb":"","color":""},{"label":"38","value":"EU 38","price":"","pimage":"","pimage_id":"","pthumb":"","color":""},{"label":"38.5","value":"EU 38.5","price":"","pimage":"","pimage_id":"","pthumb":"","color":""},{"label":"39","value":"EU 39","price":"","pimage":"","pimage_id":"","pthumb":"","color":""},{"label":"40","value":"EU 40","price":"","pimage":"","pimage_id":"","pthumb":"","color":""},{"label":"40.5","value":"EU 40.5","price":"","pimage":"","pimage_id":"","pthumb":"","color":""},{"label":"41","value":"EU 41","price":"","pimage":"","pimage_id":"","pthumb":"","color":""},{"label":"42","value":"EU 42","price":"","pimage":"","pimage_id":"","pthumb":"","color":""},{"label":"42.5","value":"EU 42.5","price":"","pimage":"","pimage_id":"","pthumb":"","color":""},{"label":"43","value":"EU 43","price":"","pimage":"","pimage_id":"","pthumb":"","color":""},{"label":"44","value":"EU 44","price":"","pimage":"","pimage_id":"","pthumb":"","color":""},{"label":"44.5","value":"EU 44.5","price":"","pimage":"","pimage_id":"","pthumb":"","color":""},{"label":"45","value":"EU 45","price":"","pimage":"","pimage_id":"","pthumb":"","color":""},{"label":"45.5","value":"EU 45.5","price":"","pimage":"","pimage_id":"","pthumb":"","color":""},{"label":"46","value":"EU 46","price":"","pimage":"","pimage_id":"","pthumb":"","color":""},{"label":"47","value":"EU 47","price":"","pimage":"","pimage_id":"","pthumb":"","color":""},{"label":"47.5","value":"EU 47.5","price":"","pimage":"","pimage_id":"","pthumb":"","color":""},{"label":"48","value":"EU 48","price":"","pimage":"","pimage_id":"","pthumb":"","color":""}],"relations":[{"operator":false,"rules":[]}],"form_id":18106,"form_rules":{"pric_cal_option_once":false,"exclude_from_discount":false,"pric_use_as_fee":false,"fee_label":"Fee","render_after_acb":false,"disp_hide_options_price":false}}]},"yoast_head":"<!-- This site is optimized with the Yoast SEO plugin v26.5 - https:\/\/yoast.com\/wordpress\/plugins\/seo\/ -->\n<title>Off-White x Nike Dunk Low &#039;Dear Summer - 50 of 50&#039; - TOURCRUISER PTE. LTD<\/title>\n<meta name=\"robots\" content=\"index, follow, max-snippet:-1, max-image-preview:large, max-video-preview:-1\" \/>\n<link rel=\"canonical\" href=\"https:\/\/tourcruiser.com\/fr\/products\/off-white-x-nike-dunk-low-dear-summer50-of-50\/\" \/>\n<meta property=\"og:locale\" content=\"fr_FR\" \/>\n<meta property=\"og:type\" content=\"article\" \/>\n<meta property=\"og:title\" content=\"Off-White x Nike Dunk Low &#039;Dear Summer - 50 of 50&#039; - TOURCRUISER PTE. LTD\" \/>\n<meta property=\"og:description\" content=\"Nike Dunk Low &#039;Dear Summer - 50 of 50&#039; \u201d\u201d Black\/Metallic Silver-Black\" \/>\n<meta property=\"og:url\" content=\"https:\/\/tourcruiser.com\/fr\/products\/off-white-x-nike-dunk-low-dear-summer50-of-50\/\" \/>\n<meta property=\"og:site_name\" content=\"Tourcruiser Sneaker Store\" \/>\n<meta property=\"article:modified_time\" content=\"2026-03-14T12:11:53+00:00\" \/>\n<meta name=\"twitter:card\" content=\"summary_large_image\" \/>\n<meta name=\"twitter:image\" content=\"https:\/\/images.novelship.com\/product\/off_white_x_nike_dunk_low__dear_summer___50_of_50__0_63119.jpeg\" \/>\n<meta name=\"twitter:label1\" content=\"Dur\u00e9e de lecture estim\u00e9e\" \/>\n\t<meta name=\"twitter:data1\" content=\"1 minute\" \/>\n<script type=\"application\/ld+json\" class=\"yoast-schema-graph\">{\"@context\":\"https:\/\/schema.org\",\"@graph\":[{\"@type\":\"WebPage\",\"@id\":\"https:\/\/tourcruiser.com\/fr\/products\/off-white-x-nike-dunk-low-dear-summer50-of-50\/\",\"url\":\"https:\/\/tourcruiser.com\/fr\/products\/off-white-x-nike-dunk-low-dear-summer50-of-50\/\",\"name\":\"Off-White x Nike Dunk Low 'Dear Summer - 50 of 50' - TOURCRUISER PTE. LTD\",\"isPartOf\":{\"@id\":\"https:\/\/tourcruiser.com\/fr\/#website\"},\"primaryImageOfPage\":{\"@id\":\"https:\/\/tourcruiser.com\/fr\/products\/off-white-x-nike-dunk-low-dear-summer50-of-50\/#primaryimage\"},\"image\":{\"@id\":\"https:\/\/tourcruiser.com\/fr\/products\/off-white-x-nike-dunk-low-dear-summer50-of-50\/#primaryimage\"},\"thumbnailUrl\":\"https:\/\/images.novelship.com\/product\/off_white_x_nike_dunk_low__dear_summer___50_of_50__0_63119.jpeg\",\"datePublished\":\"2026-03-02T08:41:58+00:00\",\"dateModified\":\"2026-03-14T12:11:53+00:00\",\"breadcrumb\":{\"@id\":\"https:\/\/tourcruiser.com\/fr\/products\/off-white-x-nike-dunk-low-dear-summer50-of-50\/#breadcrumb\"},\"inLanguage\":\"fr-FR\",\"potentialAction\":[{\"@type\":\"ReadAction\",\"target\":[\"https:\/\/tourcruiser.com\/fr\/products\/off-white-x-nike-dunk-low-dear-summer50-of-50\/\"]}]},{\"@type\":\"ImageObject\",\"inLanguage\":\"fr-FR\",\"@id\":\"https:\/\/tourcruiser.com\/fr\/products\/off-white-x-nike-dunk-low-dear-summer50-of-50\/#primaryimage\",\"url\":\"https:\/\/images.novelship.com\/product\/off_white_x_nike_dunk_low__dear_summer___50_of_50__0_63119.jpeg\",\"contentUrl\":\"https:\/\/images.novelship.com\/product\/off_white_x_nike_dunk_low__dear_summer___50_of_50__0_63119.jpeg\"},{\"@type\":\"BreadcrumbList\",\"@id\":\"https:\/\/tourcruiser.com\/fr\/products\/off-white-x-nike-dunk-low-dear-summer50-of-50\/#breadcrumb\",\"itemListElement\":[{\"@type\":\"ListItem\",\"position\":1,\"name\":\"Home\",\"item\":\"https:\/\/tourcruiser.com\/fr\/\"},{\"@type\":\"ListItem\",\"position\":2,\"name\":\"Shop\",\"item\":\"https:\/\/tourcruiser.com\/fr\/shop\/\"},{\"@type\":\"ListItem\",\"position\":3,\"name\":\"Off-White x Nike Dunk Low 'Dear Summer - 50 of 50'\"}]},{\"@type\":\"WebSite\",\"@id\":\"https:\/\/tourcruiser.com\/fr\/#website\",\"url\":\"https:\/\/tourcruiser.com\/fr\/\",\"name\":\"Styloral Jewelry Shop\",\"description\":\"Tourcruiser Sneaker Store \u2014 L\u2019endroit o\u00f9 l\u2019univers rencontre votre singularit\u00e9.\",\"publisher\":{\"@id\":\"https:\/\/tourcruiser.com\/fr\/#organization\"},\"potentialAction\":[{\"@type\":\"SearchAction\",\"target\":{\"@type\":\"EntryPoint\",\"urlTemplate\":\"https:\/\/tourcruiser.com\/fr\/?s={search_term_string}\"},\"query-input\":{\"@type\":\"PropertyValueSpecification\",\"valueRequired\":true,\"valueName\":\"search_term_string\"}}],\"inLanguage\":\"fr-FR\"},{\"@type\":\"Organization\",\"@id\":\"https:\/\/tourcruiser.com\/fr\/#organization\",\"name\":\"STYLORAL PTE. LTD\",\"url\":\"https:\/\/tourcruiser.com\/fr\/\",\"logo\":{\"@type\":\"ImageObject\",\"inLanguage\":\"fr-FR\",\"@id\":\"https:\/\/tourcruiser.com\/fr\/#\/schema\/logo\/image\/\",\"url\":\"https:\/\/www.tourcruiser.com\/wp-content\/uploads\/2025\/12\/logo.png\",\"contentUrl\":\"https:\/\/www.tourcruiser.com\/wp-content\/uploads\/2025\/12\/logo.png\",\"width\":200,\"height\":65,\"caption\":\"STYLORAL PTE. LTD\"},\"image\":{\"@id\":\"https:\/\/tourcruiser.com\/fr\/#\/schema\/logo\/image\/\"}}]}<\/script>\n<!-- \/ Yoast SEO plugin. -->","yoast_head_json":{"title":"Off-White x Nike Dunk Low 'Dear Summer - 50 of 50' - TOURCRUISER PTE. LTD","robots":{"index":"index","follow":"follow","max-snippet":"max-snippet:-1","max-image-preview":"max-image-preview:large","max-video-preview":"max-video-preview:-1"},"canonical":"https:\/\/tourcruiser.com\/fr\/products\/off-white-x-nike-dunk-low-dear-summer50-of-50\/","og_locale":"fr_FR","og_type":"article","og_title":"Off-White x Nike Dunk Low 'Dear Summer - 50 of 50' - TOURCRUISER PTE. LTD","og_description":"Nike Dunk Low 'Dear Summer - 50 of 50' \u201d\u201d Black\/Metallic Silver-Black","og_url":"https:\/\/tourcruiser.com\/fr\/products\/off-white-x-nike-dunk-low-dear-summer50-of-50\/","og_site_name":"Tourcruiser Sneaker Store","article_modified_time":"2026-03-14T12:11:53+00:00","twitter_card":"summary_large_image","twitter_image":"https:\/\/images.novelship.com\/product\/off_white_x_nike_dunk_low__dear_summer___50_of_50__0_63119.jpeg","twitter_misc":{"Dur\u00e9e de lecture estim\u00e9e":"1 minute"},"schema":{"@context":"https:\/\/schema.org","@graph":[{"@type":"WebPage","@id":"https:\/\/tourcruiser.com\/fr\/products\/off-white-x-nike-dunk-low-dear-summer50-of-50\/","url":"https:\/\/tourcruiser.com\/fr\/products\/off-white-x-nike-dunk-low-dear-summer50-of-50\/","name":"Off-White x Nike Dunk Low 'Dear Summer - 50 of 50' - TOURCRUISER PTE. LTD","isPartOf":{"@id":"https:\/\/tourcruiser.com\/fr\/#website"},"primaryImageOfPage":{"@id":"https:\/\/tourcruiser.com\/fr\/products\/off-white-x-nike-dunk-low-dear-summer50-of-50\/#primaryimage"},"image":{"@id":"https:\/\/tourcruiser.com\/fr\/products\/off-white-x-nike-dunk-low-dear-summer50-of-50\/#primaryimage"},"thumbnailUrl":"https:\/\/images.novelship.com\/product\/off_white_x_nike_dunk_low__dear_summer___50_of_50__0_63119.jpeg","datePublished":"2026-03-02T08:41:58+00:00","dateModified":"2026-03-14T12:11:53+00:00","breadcrumb":{"@id":"https:\/\/tourcruiser.com\/fr\/products\/off-white-x-nike-dunk-low-dear-summer50-of-50\/#breadcrumb"},"inLanguage":"fr-FR","potentialAction":[{"@type":"ReadAction","target":["https:\/\/tourcruiser.com\/fr\/products\/off-white-x-nike-dunk-low-dear-summer50-of-50\/"]}]},{"@type":"ImageObject","inLanguage":"fr-FR","@id":"https:\/\/tourcruiser.com\/fr\/products\/off-white-x-nike-dunk-low-dear-summer50-of-50\/#primaryimage","url":"https:\/\/images.novelship.com\/product\/off_white_x_nike_dunk_low__dear_summer___50_of_50__0_63119.jpeg","contentUrl":"https:\/\/images.novelship.com\/product\/off_white_x_nike_dunk_low__dear_summer___50_of_50__0_63119.jpeg"},{"@type":"BreadcrumbList","@id":"https:\/\/tourcruiser.com\/fr\/products\/off-white-x-nike-dunk-low-dear-summer50-of-50\/#breadcrumb","itemListElement":[{"@type":"ListItem","position":1,"name":"Home","item":"https:\/\/tourcruiser.com\/fr\/"},{"@type":"ListItem","position":2,"name":"Shop","item":"https:\/\/tourcruiser.com\/fr\/shop\/"},{"@type":"ListItem","position":3,"name":"Off-White x Nike Dunk Low 'Dear Summer - 50 of 50'"}]},{"@type":"WebSite","@id":"https:\/\/tourcruiser.com\/fr\/#website","url":"https:\/\/tourcruiser.com\/fr\/","name":"Styloral Jewelry Shop","description":"Tourcruiser Sneaker Store \u2014 L\u2019endroit o\u00f9 l\u2019univers rencontre votre singularit\u00e9.","publisher":{"@id":"https:\/\/tourcruiser.com\/fr\/#organization"},"potentialAction":[{"@type":"SearchAction","target":{"@type":"EntryPoint","urlTemplate":"https:\/\/tourcruiser.com\/fr\/?s={search_term_string}"},"query-input":{"@type":"PropertyValueSpecification","valueRequired":true,"valueName":"search_term_string"}}],"inLanguage":"fr-FR"},{"@type":"Organization","@id":"https:\/\/tourcruiser.com\/fr\/#organization","name":"STYLORAL PTE. LTD","url":"https:\/\/tourcruiser.com\/fr\/","logo":{"@type":"ImageObject","inLanguage":"fr-FR","@id":"https:\/\/tourcruiser.com\/fr\/#\/schema\/logo\/image\/","url":"https:\/\/www.tourcruiser.com\/wp-content\/uploads\/2025\/12\/logo.png","contentUrl":"https:\/\/www.tourcruiser.com\/wp-content\/uploads\/2025\/12\/logo.png","width":200,"height":65,"caption":"STYLORAL PTE. LTD"},"image":{"@id":"https:\/\/tourcruiser.com\/fr\/#\/schema\/logo\/image\/"}}]}},"_links":{"self":[{"href":"https:\/\/tourcruiser.com\/fr\/wp-json\/wp\/v2\/product\/144273","targetHints":{"allow":["GET"]}}],"collection":[{"href":"https:\/\/tourcruiser.com\/fr\/wp-json\/wp\/v2\/product"}],"about":[{"href":"https:\/\/tourcruiser.com\/fr\/wp-json\/wp\/v2\/types\/product"}],"replies":[{"embeddable":true,"href":"https:\/\/tourcruiser.com\/fr\/wp-json\/wp\/v2\/comments?post=144273"}],"wp:featuredmedia":[{"embeddable":true,"href":"https:\/\/tourcruiser.com\/fr\/wp-json\/wp\/v2\/media\/144274"}],"wp:attachment":[{"href":"https:\/\/tourcruiser.com\/fr\/wp-json\/wp\/v2\/media?parent=144273"}],"wp:term":[{"taxonomy":"product_brand","embeddable":true,"href":"https:\/\/tourcruiser.com\/fr\/wp-json\/wp\/v2\/product_brand?post=144273"},{"taxonomy":"product_cat","embeddable":true,"href":"https:\/\/tourcruiser.com\/fr\/wp-json\/wp\/v2\/product_cat?post=144273"},{"taxonomy":"product_tag","embeddable":true,"href":"https:\/\/tourcruiser.com\/fr\/wp-json\/wp\/v2\/product_tag?post=144273"}],"curies":[{"name":"wp","href":"https:\/\/api.w.org\/{rel}","templated":true}]}}