{"id":144028,"date":"2026-03-02T15:41:35","date_gmt":"2026-03-02T08:41:35","guid":{"rendered":"http:\/\/tourcruiser.com\/product\/issey-miyake-x-asics-hyper-taping-black"},"modified":"2026-03-14T19:11:40","modified_gmt":"2026-03-14T12:11:40","slug":"issey-miyake-x-asics-hyper-taping-black","status":"publish","type":"product","link":"https:\/\/tourcruiser.com\/fr\/products\/issey-miyake-x-asics-hyper-taping-black\/","title":{"rendered":"Issey Miyake x ASICS Hyper Taping &lsquo;Black&rsquo;"},"content":{"rendered":"<p>La Issey Miyake x ASICS Hyper Taping \u00ab\u00a0Noir\u00a0\u00bb 1203A819-001 allie design avant-gardiste et technologie sportive innovante, offrant une esth\u00e9tique \u00e9l\u00e9gante et des performances exceptionnelles. Con\u00e7ue en collaboration avec le fabricant japonais de v\u00eatements de sport Issey Miyake et ASICS, cette sneaker arbore une silhouette futuriste saisissante, rehauss\u00e9e d&#8217;empi\u00e8cements Hyper-Tape qui assurent un maintien accru et une libert\u00e9 de mouvement optimale. L&#8217;empeigne noire de haute qualit\u00e9 est confectionn\u00e9e avec soin, alliant durabilit\u00e9 et style. Cette polyvalence la rend id\u00e9ale pour un mode de vie actif et pour affirmer son style. Gr\u00e2ce \u00e0 sa technologie d&rsquo;amorti avanc\u00e9e, elle offre un confort optimal au quotidien comme lors d&rsquo;activit\u00e9s intenses. Sa conception l\u00e9g\u00e8re, associ\u00e9e \u00e0 une adh\u00e9rence robuste, garantit une foul\u00e9e fluide et stable, en ville comme \u00e0 la salle de sport. \u00c9l\u00e9gante et fonctionnelle, cette sneaker unit mode avant-gardiste et excellence sportive, s\u00e9duisant les influenceurs et les passionn\u00e9s de fitness. La Hyper Taping \u00ab\u00a0Black\u00a0\u00bb d&rsquo;Issey Miyake x ASICS impressionne par sa qualit\u00e9 de fabrication et son souci du d\u00e9tail, ce qui en fait un incontournable pour quiconque recherche un parfait \u00e9quilibre entre performance et design. Cette collaboration exclusive refl\u00e8te l&rsquo;\u00e9volution de la chaussure moderne, alliant fonctionnalit\u00e9 et \u00e9l\u00e9gance pour sublimer toutes les tenues. Coloris\u00a0: Noir\/Noir. Code article\u00a0: 1203A819-001. Mati\u00e8re ext\u00e9rieure\u00a0: Mesh. Couleur\u00a0: Noir. Saison\u00a0: Hiver. Date de sortie\u00a0: 2026.<\/p>\n","protected":false},"excerpt":{"rendered":"<p>ASICS Hyper Taping \u201d\u201d Black\/Black<\/p>\n","protected":false},"featured_media":144029,"comment_status":"open","ping_status":"closed","template":"","meta":[],"product_brand":[],"product_cat":[10792],"product_tag":[10791,10750,10754,10765,10768],"class_list":{"0":"post-144028","1":"product","2":"type-product","3":"status-publish","4":"has-post-thumbnail","6":"product_cat-asics","7":"product_tag-asics","8":"product_tag-athleisure-shoes","9":"product_tag-lifestyle-casual-shoes","10":"product_tag-lifestyle-shoes-running-inspired","11":"product_tag-retro-running-shoes","12":"wcpa_has_options","14":"first","15":"instock","16":"taxable","17":"shipping-taxable","18":"purchasable","19":"product-type-simple"},"wcpa_form_fields":{"rules":{"pric_overide_base_price":false,"pric_overide_base_price_if_gt_zero":false,"pric_overide_base_price_fully":false,"pric_cal_option_once":false,"pric_use_as_fee":false,"bind_quantity":false,"quantity_bind_formula":false},"fields":[{"type":"color-group","required":true,"elementId":"wcpa-color-group-69a5ab08ee12d","label":"Taille","inline":true,"priceOptions":"different_for_all","pricingType":"fixed","className":"hassizechart product-shoes-size-eu product-shoes-size","name":"color-group-69a5ab08ee136","disp_type":"square","selection_type":"tick-border","disp_size":"50","show_label_inside":true,"adjust_width":true,"cart_display_type":"text","other_text":"Other","cl_rule":"show","col":6,"values":[{"label":"36","value":"EU 36","price":"","pimage":"","pimage_id":"","pthumb":"","color":"","selected":true},{"label":"37","value":"EU 37","price":"","pimage":"","pimage_id":"","pthumb":"","color":""},{"label":"37.5","value":"EU 37.5","price":"","pimage":"","pimage_id":"","pthumb":"","color":""},{"label":"38","value":"EU 38","price":"","pimage":"","pimage_id":"","pthumb":"","color":""},{"label":"38.5","value":"EU 38.5","price":"","pimage":"","pimage_id":"","pthumb":"","color":""},{"label":"39","value":"EU 39","price":"","pimage":"","pimage_id":"","pthumb":"","color":""},{"label":"39.5","value":"EU 39.5","price":"","pimage":"","pimage_id":"","pthumb":"","color":""},{"label":"40","value":"EU 40","price":"","pimage":"","pimage_id":"","pthumb":"","color":""},{"label":"40.5","value":"EU 40.5","price":"","pimage":"","pimage_id":"","pthumb":"","color":""},{"label":" 41.5","value":"EU 41.5","price":"","pimage":"","pimage_id":"","pthumb":"","color":""},{"label":"42","value":"EU 42","price":"","pimage":"","pimage_id":"","pthumb":"","color":""},{"label":"42.5","value":"EU 42.5","price":"","pimage":"","pimage_id":"","pthumb":"","color":""},{"label":"43","value":"EU 43","price":"","pimage":"","pimage_id":"","pthumb":"","color":""},{"label":"44","value":"EU 44","price":"","pimage":"","pimage_id":"","pthumb":"","color":""},{"label":"44.5","value":"EU 44.5","price":"","pimage":"","pimage_id":"","pthumb":"","color":""},{"label":"45","value":"EU 45","price":"","pimage":"","pimage_id":"","pthumb":"","color":""},{"label":"45.5","value":"EU 45.5","price":"","pimage":"","pimage_id":"","pthumb":"","color":""},{"label":"46","value":"EU 46","price":"","pimage":"","pimage_id":"","pthumb":"","color":""},{"label":"46.5","value":"EU 46.5","price":"","pimage":"","pimage_id":"","pthumb":"","color":""},{"label":"47","value":"EU 47","price":"","pimage":"","pimage_id":"","pthumb":"","color":""}],"relations":[{"operator":false,"rules":[]}],"form_id":184311,"form_rules":{"pric_cal_option_once":false,"exclude_from_discount":false,"pric_use_as_fee":false,"fee_label":"Fee","render_after_acb":false,"disp_hide_options_price":false}}]},"yoast_head":"<!-- This site is optimized with the Yoast SEO plugin v26.5 - https:\/\/yoast.com\/wordpress\/plugins\/seo\/ -->\n<title>Issey Miyake x ASICS Hyper Taping &#039;Black&#039; - TOURCRUISER PTE. LTD<\/title>\n<meta name=\"robots\" content=\"index, follow, max-snippet:-1, max-image-preview:large, max-video-preview:-1\" \/>\n<link rel=\"canonical\" href=\"https:\/\/tourcruiser.com\/fr\/products\/issey-miyake-x-asics-hyper-taping-black\/\" \/>\n<meta property=\"og:locale\" content=\"fr_FR\" \/>\n<meta property=\"og:type\" content=\"article\" \/>\n<meta property=\"og:title\" content=\"Issey Miyake x ASICS Hyper Taping &#039;Black&#039; - TOURCRUISER PTE. LTD\" \/>\n<meta property=\"og:description\" content=\"ASICS Hyper Taping \u201d\u201d Black\/Black\" \/>\n<meta property=\"og:url\" content=\"https:\/\/tourcruiser.com\/fr\/products\/issey-miyake-x-asics-hyper-taping-black\/\" \/>\n<meta property=\"og:site_name\" content=\"Tourcruiser Sneaker Store\" \/>\n<meta property=\"article:modified_time\" content=\"2026-03-14T12:11:40+00:00\" \/>\n<meta name=\"twitter:card\" content=\"summary_large_image\" \/>\n<meta name=\"twitter:image\" content=\"https:\/\/images.novelship.com\/product\/issey_miyake_x_asics_hyper_taping__black__1203a819_0_46857.jpeg\" \/>\n<meta name=\"twitter:label1\" content=\"Dur\u00e9e de lecture estim\u00e9e\" \/>\n\t<meta name=\"twitter:data1\" content=\"1 minute\" \/>\n<script type=\"application\/ld+json\" class=\"yoast-schema-graph\">{\"@context\":\"https:\/\/schema.org\",\"@graph\":[{\"@type\":\"WebPage\",\"@id\":\"https:\/\/tourcruiser.com\/fr\/products\/issey-miyake-x-asics-hyper-taping-black\/\",\"url\":\"https:\/\/tourcruiser.com\/fr\/products\/issey-miyake-x-asics-hyper-taping-black\/\",\"name\":\"Issey Miyake x ASICS Hyper Taping 'Black' - TOURCRUISER PTE. LTD\",\"isPartOf\":{\"@id\":\"https:\/\/tourcruiser.com\/fr\/#website\"},\"primaryImageOfPage\":{\"@id\":\"https:\/\/tourcruiser.com\/fr\/products\/issey-miyake-x-asics-hyper-taping-black\/#primaryimage\"},\"image\":{\"@id\":\"https:\/\/tourcruiser.com\/fr\/products\/issey-miyake-x-asics-hyper-taping-black\/#primaryimage\"},\"thumbnailUrl\":\"https:\/\/images.novelship.com\/product\/issey_miyake_x_asics_hyper_taping__black__1203a819_0_46857.jpeg\",\"datePublished\":\"2026-03-02T08:41:35+00:00\",\"dateModified\":\"2026-03-14T12:11:40+00:00\",\"breadcrumb\":{\"@id\":\"https:\/\/tourcruiser.com\/fr\/products\/issey-miyake-x-asics-hyper-taping-black\/#breadcrumb\"},\"inLanguage\":\"fr-FR\",\"potentialAction\":[{\"@type\":\"ReadAction\",\"target\":[\"https:\/\/tourcruiser.com\/fr\/products\/issey-miyake-x-asics-hyper-taping-black\/\"]}]},{\"@type\":\"ImageObject\",\"inLanguage\":\"fr-FR\",\"@id\":\"https:\/\/tourcruiser.com\/fr\/products\/issey-miyake-x-asics-hyper-taping-black\/#primaryimage\",\"url\":\"https:\/\/images.novelship.com\/product\/issey_miyake_x_asics_hyper_taping__black__1203a819_0_46857.jpeg\",\"contentUrl\":\"https:\/\/images.novelship.com\/product\/issey_miyake_x_asics_hyper_taping__black__1203a819_0_46857.jpeg\"},{\"@type\":\"BreadcrumbList\",\"@id\":\"https:\/\/tourcruiser.com\/fr\/products\/issey-miyake-x-asics-hyper-taping-black\/#breadcrumb\",\"itemListElement\":[{\"@type\":\"ListItem\",\"position\":1,\"name\":\"Home\",\"item\":\"https:\/\/tourcruiser.com\/fr\/\"},{\"@type\":\"ListItem\",\"position\":2,\"name\":\"Shop\",\"item\":\"https:\/\/tourcruiser.com\/fr\/shop\/\"},{\"@type\":\"ListItem\",\"position\":3,\"name\":\"Issey Miyake x ASICS Hyper Taping 'Black'\"}]},{\"@type\":\"WebSite\",\"@id\":\"https:\/\/tourcruiser.com\/fr\/#website\",\"url\":\"https:\/\/tourcruiser.com\/fr\/\",\"name\":\"Styloral Jewelry Shop\",\"description\":\"Tourcruiser Sneaker Store \u2014 L\u2019endroit o\u00f9 l\u2019univers rencontre votre singularit\u00e9.\",\"publisher\":{\"@id\":\"https:\/\/tourcruiser.com\/fr\/#organization\"},\"potentialAction\":[{\"@type\":\"SearchAction\",\"target\":{\"@type\":\"EntryPoint\",\"urlTemplate\":\"https:\/\/tourcruiser.com\/fr\/?s={search_term_string}\"},\"query-input\":{\"@type\":\"PropertyValueSpecification\",\"valueRequired\":true,\"valueName\":\"search_term_string\"}}],\"inLanguage\":\"fr-FR\"},{\"@type\":\"Organization\",\"@id\":\"https:\/\/tourcruiser.com\/fr\/#organization\",\"name\":\"STYLORAL PTE. LTD\",\"url\":\"https:\/\/tourcruiser.com\/fr\/\",\"logo\":{\"@type\":\"ImageObject\",\"inLanguage\":\"fr-FR\",\"@id\":\"https:\/\/tourcruiser.com\/fr\/#\/schema\/logo\/image\/\",\"url\":\"https:\/\/www.tourcruiser.com\/wp-content\/uploads\/2025\/12\/logo.png\",\"contentUrl\":\"https:\/\/www.tourcruiser.com\/wp-content\/uploads\/2025\/12\/logo.png\",\"width\":200,\"height\":65,\"caption\":\"STYLORAL PTE. LTD\"},\"image\":{\"@id\":\"https:\/\/tourcruiser.com\/fr\/#\/schema\/logo\/image\/\"}}]}<\/script>\n<!-- \/ Yoast SEO plugin. -->","yoast_head_json":{"title":"Issey Miyake x ASICS Hyper Taping 'Black' - TOURCRUISER PTE. LTD","robots":{"index":"index","follow":"follow","max-snippet":"max-snippet:-1","max-image-preview":"max-image-preview:large","max-video-preview":"max-video-preview:-1"},"canonical":"https:\/\/tourcruiser.com\/fr\/products\/issey-miyake-x-asics-hyper-taping-black\/","og_locale":"fr_FR","og_type":"article","og_title":"Issey Miyake x ASICS Hyper Taping 'Black' - TOURCRUISER PTE. LTD","og_description":"ASICS Hyper Taping \u201d\u201d Black\/Black","og_url":"https:\/\/tourcruiser.com\/fr\/products\/issey-miyake-x-asics-hyper-taping-black\/","og_site_name":"Tourcruiser Sneaker Store","article_modified_time":"2026-03-14T12:11:40+00:00","twitter_card":"summary_large_image","twitter_image":"https:\/\/images.novelship.com\/product\/issey_miyake_x_asics_hyper_taping__black__1203a819_0_46857.jpeg","twitter_misc":{"Dur\u00e9e de lecture estim\u00e9e":"1 minute"},"schema":{"@context":"https:\/\/schema.org","@graph":[{"@type":"WebPage","@id":"https:\/\/tourcruiser.com\/fr\/products\/issey-miyake-x-asics-hyper-taping-black\/","url":"https:\/\/tourcruiser.com\/fr\/products\/issey-miyake-x-asics-hyper-taping-black\/","name":"Issey Miyake x ASICS Hyper Taping 'Black' - TOURCRUISER PTE. LTD","isPartOf":{"@id":"https:\/\/tourcruiser.com\/fr\/#website"},"primaryImageOfPage":{"@id":"https:\/\/tourcruiser.com\/fr\/products\/issey-miyake-x-asics-hyper-taping-black\/#primaryimage"},"image":{"@id":"https:\/\/tourcruiser.com\/fr\/products\/issey-miyake-x-asics-hyper-taping-black\/#primaryimage"},"thumbnailUrl":"https:\/\/images.novelship.com\/product\/issey_miyake_x_asics_hyper_taping__black__1203a819_0_46857.jpeg","datePublished":"2026-03-02T08:41:35+00:00","dateModified":"2026-03-14T12:11:40+00:00","breadcrumb":{"@id":"https:\/\/tourcruiser.com\/fr\/products\/issey-miyake-x-asics-hyper-taping-black\/#breadcrumb"},"inLanguage":"fr-FR","potentialAction":[{"@type":"ReadAction","target":["https:\/\/tourcruiser.com\/fr\/products\/issey-miyake-x-asics-hyper-taping-black\/"]}]},{"@type":"ImageObject","inLanguage":"fr-FR","@id":"https:\/\/tourcruiser.com\/fr\/products\/issey-miyake-x-asics-hyper-taping-black\/#primaryimage","url":"https:\/\/images.novelship.com\/product\/issey_miyake_x_asics_hyper_taping__black__1203a819_0_46857.jpeg","contentUrl":"https:\/\/images.novelship.com\/product\/issey_miyake_x_asics_hyper_taping__black__1203a819_0_46857.jpeg"},{"@type":"BreadcrumbList","@id":"https:\/\/tourcruiser.com\/fr\/products\/issey-miyake-x-asics-hyper-taping-black\/#breadcrumb","itemListElement":[{"@type":"ListItem","position":1,"name":"Home","item":"https:\/\/tourcruiser.com\/fr\/"},{"@type":"ListItem","position":2,"name":"Shop","item":"https:\/\/tourcruiser.com\/fr\/shop\/"},{"@type":"ListItem","position":3,"name":"Issey Miyake x ASICS Hyper Taping 'Black'"}]},{"@type":"WebSite","@id":"https:\/\/tourcruiser.com\/fr\/#website","url":"https:\/\/tourcruiser.com\/fr\/","name":"Styloral Jewelry Shop","description":"Tourcruiser Sneaker Store \u2014 L\u2019endroit o\u00f9 l\u2019univers rencontre votre singularit\u00e9.","publisher":{"@id":"https:\/\/tourcruiser.com\/fr\/#organization"},"potentialAction":[{"@type":"SearchAction","target":{"@type":"EntryPoint","urlTemplate":"https:\/\/tourcruiser.com\/fr\/?s={search_term_string}"},"query-input":{"@type":"PropertyValueSpecification","valueRequired":true,"valueName":"search_term_string"}}],"inLanguage":"fr-FR"},{"@type":"Organization","@id":"https:\/\/tourcruiser.com\/fr\/#organization","name":"STYLORAL PTE. LTD","url":"https:\/\/tourcruiser.com\/fr\/","logo":{"@type":"ImageObject","inLanguage":"fr-FR","@id":"https:\/\/tourcruiser.com\/fr\/#\/schema\/logo\/image\/","url":"https:\/\/www.tourcruiser.com\/wp-content\/uploads\/2025\/12\/logo.png","contentUrl":"https:\/\/www.tourcruiser.com\/wp-content\/uploads\/2025\/12\/logo.png","width":200,"height":65,"caption":"STYLORAL PTE. LTD"},"image":{"@id":"https:\/\/tourcruiser.com\/fr\/#\/schema\/logo\/image\/"}}]}},"_links":{"self":[{"href":"https:\/\/tourcruiser.com\/fr\/wp-json\/wp\/v2\/product\/144028","targetHints":{"allow":["GET"]}}],"collection":[{"href":"https:\/\/tourcruiser.com\/fr\/wp-json\/wp\/v2\/product"}],"about":[{"href":"https:\/\/tourcruiser.com\/fr\/wp-json\/wp\/v2\/types\/product"}],"replies":[{"embeddable":true,"href":"https:\/\/tourcruiser.com\/fr\/wp-json\/wp\/v2\/comments?post=144028"}],"wp:featuredmedia":[{"embeddable":true,"href":"https:\/\/tourcruiser.com\/fr\/wp-json\/wp\/v2\/media\/144029"}],"wp:attachment":[{"href":"https:\/\/tourcruiser.com\/fr\/wp-json\/wp\/v2\/media?parent=144028"}],"wp:term":[{"taxonomy":"product_brand","embeddable":true,"href":"https:\/\/tourcruiser.com\/fr\/wp-json\/wp\/v2\/product_brand?post=144028"},{"taxonomy":"product_cat","embeddable":true,"href":"https:\/\/tourcruiser.com\/fr\/wp-json\/wp\/v2\/product_cat?post=144028"},{"taxonomy":"product_tag","embeddable":true,"href":"https:\/\/tourcruiser.com\/fr\/wp-json\/wp\/v2\/product_tag?post=144028"}],"curies":[{"name":"wp","href":"https:\/\/api.w.org\/{rel}","templated":true}]}}