{"id":142948,"date":"2026-03-02T15:39:59","date_gmt":"2026-03-02T08:39:59","guid":{"rendered":"http:\/\/tourcruiser.com\/product\/hoka-ora-primo-forest-floor"},"modified":"2026-03-14T19:10:42","modified_gmt":"2026-03-14T12:10:42","slug":"hoka-ora-primo-forest-floor","status":"publish","type":"product","link":"https:\/\/tourcruiser.com\/fr\/products\/hoka-ora-primo-forest-floor\/","title":{"rendered":"HOKA Ora Primo &lsquo;Forest Floor&rsquo;"},"content":{"rendered":"<p>D\u00e9couvrez la puissance sauvage de la nature avec la HOKA Ora Primo \u00ab\u00a0Forest Floor\u00a0\u00bb\u00a0! Cette chaussure de trail running exceptionnelle arbore un design saisissant inspir\u00e9 de la for\u00eat, alliant style et fonctionnalit\u00e9. Gr\u00e2ce \u00e0 sa semelle interm\u00e9diaire amortissante et sa semelle ext\u00e9rieure r\u00e9sistante, vous profiterez d&rsquo;un confort in\u00e9gal\u00e9 et d&rsquo;une foul\u00e9e fluide sur tous les terrains. Que vous vous lanciez \u00e0 la conqu\u00eate de sentiers exigeants ou que vous exploriez les paysages urbains, l&rsquo;Ora Primo \u00ab\u00a0Forest Floor\u00a0\u00bb vous permettra de repousser vos limites gr\u00e2ce \u00e0 son alliance unique de performance et d&rsquo;esth\u00e9tique \u00e0 chaque pas. Coloris\u00a0: Forest Floor\/Forest Floor. R\u00e9f\u00e9rence\u00a0: 1141570-FFR. Mati\u00e8re ext\u00e9rieure\u00a0: Synth\u00e9tique. Saison\u00a0: Hiver. Ann\u00e9e de sortie\u00a0: 2023.<\/p>\n","protected":false},"excerpt":{"rendered":"<p>HOKA Ora Primo \u201d\u201d Forest Floor\/Forest Floor<\/p>\n","protected":false},"featured_media":142949,"comment_status":"open","ping_status":"closed","template":"","meta":[],"product_brand":[],"product_cat":[11495],"product_tag":[10753,11494,10754,10765,10768,10785,10786,10758],"class_list":{"0":"post-142948","1":"product","2":"type-product","3":"status-publish","4":"has-post-thumbnail","6":"product_cat-hoka","7":"product_tag-gift-for-him","8":"product_tag-hoka","9":"product_tag-lifestyle-casual-shoes","10":"product_tag-lifestyle-shoes-running-inspired","11":"product_tag-retro-running-shoes","12":"product_tag-trending-deals","13":"product_tag-trending-deals-under-150","14":"product_tag-under-retail","15":"wcpa_has_options","17":"first","18":"instock","19":"taxable","20":"shipping-taxable","21":"purchasable","22":"product-type-simple"},"wcpa_form_fields":{"rules":{"pric_overide_base_price":false,"pric_overide_base_price_if_gt_zero":false,"pric_overide_base_price_fully":false,"pric_cal_option_once":false,"pric_use_as_fee":false,"bind_quantity":false,"quantity_bind_formula":false},"fields":[{"type":"color-group","required":true,"elementId":"wcpa-color-group-69a5afd8a7cca","label":"Taille","inline":true,"priceOptions":"different_for_all","pricingType":"fixed","className":"hassizechart product-shoes-size-eu product-shoes-size","name":"color-group-69a5afd8a7cd3","disp_type":"square","selection_type":"tick-border","disp_size":"50","show_label_inside":true,"adjust_width":true,"cart_display_type":"text","other_text":"Other","cl_rule":"show","col":6,"values":[{"label":"35 1\/3","value":"EU 35 1\/3","price":"","pimage":"","pimage_id":"","pthumb":"","color":""},{"label":"36","value":"EU 36","price":"","pimage":"","pimage_id":"","pthumb":"","color":""},{"label":"36 2\/3","value":"EU 36 2\/3","price":"","pimage":"","pimage_id":"","pthumb":"","color":""},{"label":"37 1\/3","value":"EU 37 1\/3","price":"","pimage":"","pimage_id":"","pthumb":"","color":"","selected":true},{"label":"38","value":"EU 38","price":"","pimage":"","pimage_id":"","pthumb":"","color":""},{"label":"38 2\/3","value":"EU 38 2\/3","price":"","pimage":"","pimage_id":"","pthumb":"","color":""},{"label":"39 1\/3","value":"EU 39 1\/3","price":"","pimage":"","pimage_id":"","pthumb":"","color":""},{"label":"39.5","value":"EU 39.5","price":"","pimage":"","pimage_id":"","pthumb":"","color":""},{"label":"40","value":"EU 40","price":"","pimage":"","pimage_id":"","pthumb":"","color":""},{"label":"40 2\/3","value":"EU 40  2\/3","price":"","pimage":"","pimage_id":"","pthumb":"","color":""},{"label":" 41 1\/3","value":"EU 41.5","price":"","pimage":"","pimage_id":"","pthumb":"","color":""},{"label":"42","value":"EU 42","price":"","pimage":"","pimage_id":"","pthumb":"","color":""},{"label":"42 2\/3","value":"EU 42 2\/3","price":"","pimage":"","pimage_id":"","pthumb":"","color":""},{"label":"43 1\/3","value":"EU 43 1\/3","price":"","pimage":"","pimage_id":"","pthumb":"","color":""},{"label":"44","value":"EU 44","price":"","pimage":"","pimage_id":"","pthumb":"","color":""},{"label":"44 2\/3","value":"EU 44 2\/3","price":"","pimage":"","pimage_id":"","pthumb":"","color":""},{"label":"45 1\/3","value":"EU 45 1\/3","price":"","pimage":"","pimage_id":"","pthumb":"","color":""},{"label":"46","value":"EU 46","price":"","pimage":"","pimage_id":"","pthumb":"","color":""},{"label":"46 2\/3","value":"EU 46 2\/3","price":"","pimage":"","pimage_id":"","pthumb":"","color":""},{"label":"47 1\/3","value":"EU 47 1\/3","price":"","pimage":"","pimage_id":"","pthumb":"","color":""},{"label":"48","value":"EU 48","price":"","pimage":"","pimage_id":"","pthumb":"","color":""}],"relations":[{"operator":false,"rules":[]}],"form_id":184317,"form_rules":{"pric_cal_option_once":false,"exclude_from_discount":false,"pric_use_as_fee":false,"fee_label":"Fee","render_after_acb":false,"disp_hide_options_price":false}}]},"yoast_head":"<!-- This site is optimized with the Yoast SEO plugin v26.5 - https:\/\/yoast.com\/wordpress\/plugins\/seo\/ -->\n<title>HOKA Ora Primo &#039;Forest Floor&#039; - TOURCRUISER PTE. LTD<\/title>\n<meta name=\"robots\" content=\"index, follow, max-snippet:-1, max-image-preview:large, max-video-preview:-1\" \/>\n<link rel=\"canonical\" href=\"https:\/\/tourcruiser.com\/fr\/products\/hoka-ora-primo-forest-floor\/\" \/>\n<meta property=\"og:locale\" content=\"fr_FR\" \/>\n<meta property=\"og:type\" content=\"article\" \/>\n<meta property=\"og:title\" content=\"HOKA Ora Primo &#039;Forest Floor&#039; - TOURCRUISER PTE. LTD\" \/>\n<meta property=\"og:description\" content=\"HOKA Ora Primo \u201d\u201d Forest Floor\/Forest Floor\" \/>\n<meta property=\"og:url\" content=\"https:\/\/tourcruiser.com\/fr\/products\/hoka-ora-primo-forest-floor\/\" \/>\n<meta property=\"og:site_name\" content=\"Tourcruiser Sneaker Store\" \/>\n<meta property=\"article:modified_time\" content=\"2026-03-14T12:10:42+00:00\" \/>\n<meta name=\"twitter:card\" content=\"summary_large_image\" \/>\n<meta name=\"twitter:image\" content=\"https:\/\/images.novelship.com\/product\/hoka_ora_primo__forest_floor__1141570-ffr_0_88548.jpeg\" \/>\n<meta name=\"twitter:label1\" content=\"Dur\u00e9e de lecture estim\u00e9e\" \/>\n\t<meta name=\"twitter:data1\" content=\"1 minute\" \/>\n<script type=\"application\/ld+json\" class=\"yoast-schema-graph\">{\"@context\":\"https:\/\/schema.org\",\"@graph\":[{\"@type\":\"WebPage\",\"@id\":\"https:\/\/tourcruiser.com\/fr\/products\/hoka-ora-primo-forest-floor\/\",\"url\":\"https:\/\/tourcruiser.com\/fr\/products\/hoka-ora-primo-forest-floor\/\",\"name\":\"HOKA Ora Primo 'Forest Floor' - TOURCRUISER PTE. LTD\",\"isPartOf\":{\"@id\":\"https:\/\/tourcruiser.com\/fr\/#website\"},\"primaryImageOfPage\":{\"@id\":\"https:\/\/tourcruiser.com\/fr\/products\/hoka-ora-primo-forest-floor\/#primaryimage\"},\"image\":{\"@id\":\"https:\/\/tourcruiser.com\/fr\/products\/hoka-ora-primo-forest-floor\/#primaryimage\"},\"thumbnailUrl\":\"https:\/\/images.novelship.com\/product\/hoka_ora_primo__forest_floor__1141570-ffr_0_88548.jpeg\",\"datePublished\":\"2026-03-02T08:39:59+00:00\",\"dateModified\":\"2026-03-14T12:10:42+00:00\",\"breadcrumb\":{\"@id\":\"https:\/\/tourcruiser.com\/fr\/products\/hoka-ora-primo-forest-floor\/#breadcrumb\"},\"inLanguage\":\"fr-FR\",\"potentialAction\":[{\"@type\":\"ReadAction\",\"target\":[\"https:\/\/tourcruiser.com\/fr\/products\/hoka-ora-primo-forest-floor\/\"]}]},{\"@type\":\"ImageObject\",\"inLanguage\":\"fr-FR\",\"@id\":\"https:\/\/tourcruiser.com\/fr\/products\/hoka-ora-primo-forest-floor\/#primaryimage\",\"url\":\"https:\/\/images.novelship.com\/product\/hoka_ora_primo__forest_floor__1141570-ffr_0_88548.jpeg\",\"contentUrl\":\"https:\/\/images.novelship.com\/product\/hoka_ora_primo__forest_floor__1141570-ffr_0_88548.jpeg\"},{\"@type\":\"BreadcrumbList\",\"@id\":\"https:\/\/tourcruiser.com\/fr\/products\/hoka-ora-primo-forest-floor\/#breadcrumb\",\"itemListElement\":[{\"@type\":\"ListItem\",\"position\":1,\"name\":\"Home\",\"item\":\"https:\/\/tourcruiser.com\/fr\/\"},{\"@type\":\"ListItem\",\"position\":2,\"name\":\"Shop\",\"item\":\"https:\/\/tourcruiser.com\/fr\/shop\/\"},{\"@type\":\"ListItem\",\"position\":3,\"name\":\"HOKA Ora Primo 'Forest Floor'\"}]},{\"@type\":\"WebSite\",\"@id\":\"https:\/\/tourcruiser.com\/fr\/#website\",\"url\":\"https:\/\/tourcruiser.com\/fr\/\",\"name\":\"Styloral Jewelry Shop\",\"description\":\"Tourcruiser Sneaker Store \u2014 L\u2019endroit o\u00f9 l\u2019univers rencontre votre singularit\u00e9.\",\"publisher\":{\"@id\":\"https:\/\/tourcruiser.com\/fr\/#organization\"},\"potentialAction\":[{\"@type\":\"SearchAction\",\"target\":{\"@type\":\"EntryPoint\",\"urlTemplate\":\"https:\/\/tourcruiser.com\/fr\/?s={search_term_string}\"},\"query-input\":{\"@type\":\"PropertyValueSpecification\",\"valueRequired\":true,\"valueName\":\"search_term_string\"}}],\"inLanguage\":\"fr-FR\"},{\"@type\":\"Organization\",\"@id\":\"https:\/\/tourcruiser.com\/fr\/#organization\",\"name\":\"STYLORAL PTE. LTD\",\"url\":\"https:\/\/tourcruiser.com\/fr\/\",\"logo\":{\"@type\":\"ImageObject\",\"inLanguage\":\"fr-FR\",\"@id\":\"https:\/\/tourcruiser.com\/fr\/#\/schema\/logo\/image\/\",\"url\":\"https:\/\/www.tourcruiser.com\/wp-content\/uploads\/2025\/12\/logo.png\",\"contentUrl\":\"https:\/\/www.tourcruiser.com\/wp-content\/uploads\/2025\/12\/logo.png\",\"width\":200,\"height\":65,\"caption\":\"STYLORAL PTE. LTD\"},\"image\":{\"@id\":\"https:\/\/tourcruiser.com\/fr\/#\/schema\/logo\/image\/\"}}]}<\/script>\n<!-- \/ Yoast SEO plugin. -->","yoast_head_json":{"title":"HOKA Ora Primo 'Forest Floor' - TOURCRUISER PTE. LTD","robots":{"index":"index","follow":"follow","max-snippet":"max-snippet:-1","max-image-preview":"max-image-preview:large","max-video-preview":"max-video-preview:-1"},"canonical":"https:\/\/tourcruiser.com\/fr\/products\/hoka-ora-primo-forest-floor\/","og_locale":"fr_FR","og_type":"article","og_title":"HOKA Ora Primo 'Forest Floor' - TOURCRUISER PTE. LTD","og_description":"HOKA Ora Primo \u201d\u201d Forest Floor\/Forest Floor","og_url":"https:\/\/tourcruiser.com\/fr\/products\/hoka-ora-primo-forest-floor\/","og_site_name":"Tourcruiser Sneaker Store","article_modified_time":"2026-03-14T12:10:42+00:00","twitter_card":"summary_large_image","twitter_image":"https:\/\/images.novelship.com\/product\/hoka_ora_primo__forest_floor__1141570-ffr_0_88548.jpeg","twitter_misc":{"Dur\u00e9e de lecture estim\u00e9e":"1 minute"},"schema":{"@context":"https:\/\/schema.org","@graph":[{"@type":"WebPage","@id":"https:\/\/tourcruiser.com\/fr\/products\/hoka-ora-primo-forest-floor\/","url":"https:\/\/tourcruiser.com\/fr\/products\/hoka-ora-primo-forest-floor\/","name":"HOKA Ora Primo 'Forest Floor' - TOURCRUISER PTE. LTD","isPartOf":{"@id":"https:\/\/tourcruiser.com\/fr\/#website"},"primaryImageOfPage":{"@id":"https:\/\/tourcruiser.com\/fr\/products\/hoka-ora-primo-forest-floor\/#primaryimage"},"image":{"@id":"https:\/\/tourcruiser.com\/fr\/products\/hoka-ora-primo-forest-floor\/#primaryimage"},"thumbnailUrl":"https:\/\/images.novelship.com\/product\/hoka_ora_primo__forest_floor__1141570-ffr_0_88548.jpeg","datePublished":"2026-03-02T08:39:59+00:00","dateModified":"2026-03-14T12:10:42+00:00","breadcrumb":{"@id":"https:\/\/tourcruiser.com\/fr\/products\/hoka-ora-primo-forest-floor\/#breadcrumb"},"inLanguage":"fr-FR","potentialAction":[{"@type":"ReadAction","target":["https:\/\/tourcruiser.com\/fr\/products\/hoka-ora-primo-forest-floor\/"]}]},{"@type":"ImageObject","inLanguage":"fr-FR","@id":"https:\/\/tourcruiser.com\/fr\/products\/hoka-ora-primo-forest-floor\/#primaryimage","url":"https:\/\/images.novelship.com\/product\/hoka_ora_primo__forest_floor__1141570-ffr_0_88548.jpeg","contentUrl":"https:\/\/images.novelship.com\/product\/hoka_ora_primo__forest_floor__1141570-ffr_0_88548.jpeg"},{"@type":"BreadcrumbList","@id":"https:\/\/tourcruiser.com\/fr\/products\/hoka-ora-primo-forest-floor\/#breadcrumb","itemListElement":[{"@type":"ListItem","position":1,"name":"Home","item":"https:\/\/tourcruiser.com\/fr\/"},{"@type":"ListItem","position":2,"name":"Shop","item":"https:\/\/tourcruiser.com\/fr\/shop\/"},{"@type":"ListItem","position":3,"name":"HOKA Ora Primo 'Forest Floor'"}]},{"@type":"WebSite","@id":"https:\/\/tourcruiser.com\/fr\/#website","url":"https:\/\/tourcruiser.com\/fr\/","name":"Styloral Jewelry Shop","description":"Tourcruiser Sneaker Store \u2014 L\u2019endroit o\u00f9 l\u2019univers rencontre votre singularit\u00e9.","publisher":{"@id":"https:\/\/tourcruiser.com\/fr\/#organization"},"potentialAction":[{"@type":"SearchAction","target":{"@type":"EntryPoint","urlTemplate":"https:\/\/tourcruiser.com\/fr\/?s={search_term_string}"},"query-input":{"@type":"PropertyValueSpecification","valueRequired":true,"valueName":"search_term_string"}}],"inLanguage":"fr-FR"},{"@type":"Organization","@id":"https:\/\/tourcruiser.com\/fr\/#organization","name":"STYLORAL PTE. LTD","url":"https:\/\/tourcruiser.com\/fr\/","logo":{"@type":"ImageObject","inLanguage":"fr-FR","@id":"https:\/\/tourcruiser.com\/fr\/#\/schema\/logo\/image\/","url":"https:\/\/www.tourcruiser.com\/wp-content\/uploads\/2025\/12\/logo.png","contentUrl":"https:\/\/www.tourcruiser.com\/wp-content\/uploads\/2025\/12\/logo.png","width":200,"height":65,"caption":"STYLORAL PTE. LTD"},"image":{"@id":"https:\/\/tourcruiser.com\/fr\/#\/schema\/logo\/image\/"}}]}},"_links":{"self":[{"href":"https:\/\/tourcruiser.com\/fr\/wp-json\/wp\/v2\/product\/142948","targetHints":{"allow":["GET"]}}],"collection":[{"href":"https:\/\/tourcruiser.com\/fr\/wp-json\/wp\/v2\/product"}],"about":[{"href":"https:\/\/tourcruiser.com\/fr\/wp-json\/wp\/v2\/types\/product"}],"replies":[{"embeddable":true,"href":"https:\/\/tourcruiser.com\/fr\/wp-json\/wp\/v2\/comments?post=142948"}],"wp:featuredmedia":[{"embeddable":true,"href":"https:\/\/tourcruiser.com\/fr\/wp-json\/wp\/v2\/media\/142949"}],"wp:attachment":[{"href":"https:\/\/tourcruiser.com\/fr\/wp-json\/wp\/v2\/media?parent=142948"}],"wp:term":[{"taxonomy":"product_brand","embeddable":true,"href":"https:\/\/tourcruiser.com\/fr\/wp-json\/wp\/v2\/product_brand?post=142948"},{"taxonomy":"product_cat","embeddable":true,"href":"https:\/\/tourcruiser.com\/fr\/wp-json\/wp\/v2\/product_cat?post=142948"},{"taxonomy":"product_tag","embeddable":true,"href":"https:\/\/tourcruiser.com\/fr\/wp-json\/wp\/v2\/product_tag?post=142948"}],"curies":[{"name":"wp","href":"https:\/\/api.w.org\/{rel}","templated":true}]}}