{"id":142796,"date":"2026-03-02T15:39:47","date_gmt":"2026-03-02T08:39:47","guid":{"rendered":"http:\/\/tourcruiser.com\/product\/kith-x-madison-square-garden-x-new-balance-993-made-in-usa-new-york-knicksaway"},"modified":"2026-03-14T19:10:35","modified_gmt":"2026-03-14T12:10:35","slug":"kith-x-madison-square-garden-x-new-balance-993-made-in-usa-new-york-knicksaway","status":"publish","type":"product","link":"https:\/\/tourcruiser.com\/fr\/products\/kith-x-madison-square-garden-x-new-balance-993-made-in-usa-new-york-knicksaway\/","title":{"rendered":"Kith x Madison Square Garden x New Balance 993 Made in USA &lsquo;New York Knicks &#8211; Away&rsquo;"},"content":{"rendered":"<p>Rehaussez votre style avec la Kith x Madison Square Garden x New Balance 993 Made in USA \u00ab\u00a0New York Knicks &#8211; Away\u00a0\u00bb U993MG, une alliance parfaite de style, de performance et d&rsquo;h\u00e9ritage. Le savoir-faire l\u00e9gendaire de New Balance rencontre les couleurs dynamiques des New York Knicks, et cette sneaker c\u00e9l\u00e8bre l&rsquo;esprit du basketball et du streetwear. Fabriqu\u00e9e aux \u00c9tats-Unis \u00e0 partir de mat\u00e9riaux haut de gamme, la 993 offre un confort et une durabilit\u00e9 exceptionnels. Elle est dot\u00e9e d&rsquo;une semelle interm\u00e9diaire ABZORB r\u00e9active et d&rsquo;une \u00e9l\u00e9gante empeigne en daim et mesh. Cette \u00e9dition exclusive, cr\u00e9\u00e9e en collaboration avec Kith et le Madison Square Garden, rend hommage aux fans des Knicks et aux passionn\u00e9s de sneakers. Son coloris saisissant, inspir\u00e9 des maillots ext\u00e9rieurs des Knicks, est associ\u00e9 \u00e0 des d\u00e9tails subtils, faisant de cette chaussure un mod\u00e8le qui ne passe pas inaper\u00e7u et qui honore l&rsquo;h\u00e9ritage sportif de New York. Parfaite au quotidien ou pour afficher votre soutien \u00e0 votre \u00e9quipe\u00a0: ce mod\u00e8le intemporel allie technologie performante et esth\u00e9tique sophistiqu\u00e9e. Que ce soit dans la rue ou sur le terrain, la Kith x Madison Square Garden x New Balance 993 \u00ab\u00a0New York Knicks\u00a0\u00bb \u00ab\u00a0Away\u00a0\u00bb est un incontournable de toute collection de sneakers. Coloris\u00a0: Bleu marine\/Bleu princesse. Code article\u00a0: U993MG. Tige\u00a0: Mesh. Semelle interm\u00e9diaire\u00a0: ABZORB. Couleur\u00a0: Bleu marine. Saison\u00a0: Automne. Ann\u00e9e de sortie\u00a0: 2025.<\/p>\n","protected":false},"excerpt":{"rendered":"<p>New Balance 993 \u201d\u201d Navy\/Princess Blue<\/p>\n","protected":false},"featured_media":142797,"comment_status":"open","ping_status":"closed","template":"","meta":[],"product_brand":[],"product_cat":[10771],"product_tag":[10750,10754,10765,10766,10768],"class_list":{"0":"post-142796","1":"product","2":"type-product","3":"status-publish","4":"has-post-thumbnail","6":"product_cat-new-balance","7":"product_tag-athleisure-shoes","8":"product_tag-lifestyle-casual-shoes","9":"product_tag-lifestyle-shoes-running-inspired","10":"product_tag-new-balance","11":"product_tag-retro-running-shoes","12":"wcpa_has_options","14":"first","15":"instock","16":"taxable","17":"shipping-taxable","18":"purchasable","19":"product-type-simple"},"wcpa_form_fields":{"rules":{"pric_overide_base_price":false,"pric_overide_base_price_if_gt_zero":false,"pric_overide_base_price_fully":false,"pric_cal_option_once":false,"pric_use_as_fee":false,"bind_quantity":false,"quantity_bind_formula":false},"fields":[{"type":"color-group","required":true,"elementId":"wcpa-color-group-66c4a928225d2","label":"Taille","inline":true,"priceOptions":"different_for_all","pricingType":"fixed","className":"hassizechart product-shoes-size-eu product-shoes-size","name":"color-group-66c4a928225e2","disp_type":"square","selection_type":"tick-border","disp_size":"50","show_label_inside":true,"adjust_width":true,"cart_display_type":"text","other_text":"Other","cl_rule":"show","col":6,"values":[{"label":"35","value":"EU 35","price":"","pimage":"","pimage_id":"","pthumb":"","color":""},{"label":"36","value":"EU 36","price":"","pimage":"","pimage_id":"","pthumb":"","color":"","selected":true},{"label":"37","value":"EU 37","price":"","pimage":"","pimage_id":"","pthumb":"","color":""},{"label":"37.5","value":"EU 37.5","price":"","pimage":"","pimage_id":"","pthumb":"","color":""},{"label":"38","value":"EU 38","price":"","pimage":"","pimage_id":"","pthumb":"","color":""},{"label":"38.5","value":"EU 38.5","price":"","pimage":"","pimage_id":"","pthumb":"","color":""},{"label":"39","value":"EU 39","price":"","pimage":"","pimage_id":"","pthumb":"","color":""},{"label":"39.5","value":"EU 39.5","price":"","pimage":"","pimage_id":"","pthumb":"","color":""},{"label":"40","value":"EU 40","price":"","pimage":"","pimage_id":"","pthumb":"","color":""},{"label":"40.5","value":"EU 40.5","price":"","pimage":"","pimage_id":"","pthumb":"","color":""},{"label":" 41.5","value":"EU 41.5","price":"","pimage":"","pimage_id":"","pthumb":"","color":""},{"label":"42","value":"EU 42","price":"","pimage":"","pimage_id":"","pthumb":"","color":""},{"label":"42.5","value":"EU 42.5","price":"","pimage":"","pimage_id":"","pthumb":"","color":""},{"label":"43","value":"EU 43","price":"","pimage":"","pimage_id":"","pthumb":"","color":""},{"label":"44","value":"EU 44","price":"","pimage":"","pimage_id":"","pthumb":"","color":""},{"label":"44.5","value":"EU 44.5","price":"","pimage":"","pimage_id":"","pthumb":"","color":""},{"label":"45","value":"EU 45","price":"","pimage":"","pimage_id":"","pthumb":"","color":""},{"label":"45.5","value":"EU 45.5","price":"","pimage":"","pimage_id":"","pthumb":"","color":""},{"label":"46","value":"EU 46","price":"","pimage":"","pimage_id":"","pthumb":"","color":""}],"relations":[{"operator":false,"rules":[]}],"form_id":24803,"form_rules":{"pric_cal_option_once":false,"exclude_from_discount":false,"pric_use_as_fee":false,"fee_label":"Fee","render_after_acb":false,"disp_hide_options_price":false}}]},"yoast_head":"<!-- This site is optimized with the Yoast SEO plugin v26.5 - https:\/\/yoast.com\/wordpress\/plugins\/seo\/ -->\n<title>Kith x Madison Square Garden x New Balance 993 Made in USA &#039;New York Knicks - Away&#039; - TOURCRUISER PTE. LTD<\/title>\n<meta name=\"robots\" content=\"index, follow, max-snippet:-1, max-image-preview:large, max-video-preview:-1\" \/>\n<link rel=\"canonical\" href=\"https:\/\/tourcruiser.com\/fr\/products\/kith-x-madison-square-garden-x-new-balance-993-made-in-usa-new-york-knicksaway\/\" \/>\n<meta property=\"og:locale\" content=\"fr_FR\" \/>\n<meta property=\"og:type\" content=\"article\" \/>\n<meta property=\"og:title\" content=\"Kith x Madison Square Garden x New Balance 993 Made in USA &#039;New York Knicks - Away&#039; - TOURCRUISER PTE. LTD\" \/>\n<meta property=\"og:description\" content=\"New Balance 993 \u201d\u201d Navy\/Princess Blue\" \/>\n<meta property=\"og:url\" content=\"https:\/\/tourcruiser.com\/fr\/products\/kith-x-madison-square-garden-x-new-balance-993-made-in-usa-new-york-knicksaway\/\" \/>\n<meta property=\"og:site_name\" content=\"Tourcruiser Sneaker Store\" \/>\n<meta property=\"article:modified_time\" content=\"2026-03-14T12:10:35+00:00\" \/>\n<meta name=\"twitter:card\" content=\"summary_large_image\" \/>\n<meta name=\"twitter:image\" content=\"https:\/\/images.novelship.com\/product\/kith_x_madison_square_garden_x_new_balance_993_mad_0_42016.png\" \/>\n<meta name=\"twitter:label1\" content=\"Dur\u00e9e de lecture estim\u00e9e\" \/>\n\t<meta name=\"twitter:data1\" content=\"1 minute\" \/>\n<script type=\"application\/ld+json\" class=\"yoast-schema-graph\">{\"@context\":\"https:\/\/schema.org\",\"@graph\":[{\"@type\":\"WebPage\",\"@id\":\"https:\/\/tourcruiser.com\/fr\/products\/kith-x-madison-square-garden-x-new-balance-993-made-in-usa-new-york-knicksaway\/\",\"url\":\"https:\/\/tourcruiser.com\/fr\/products\/kith-x-madison-square-garden-x-new-balance-993-made-in-usa-new-york-knicksaway\/\",\"name\":\"Kith x Madison Square Garden x New Balance 993 Made in USA 'New York Knicks - Away' - TOURCRUISER PTE. LTD\",\"isPartOf\":{\"@id\":\"https:\/\/tourcruiser.com\/fr\/#website\"},\"primaryImageOfPage\":{\"@id\":\"https:\/\/tourcruiser.com\/fr\/products\/kith-x-madison-square-garden-x-new-balance-993-made-in-usa-new-york-knicksaway\/#primaryimage\"},\"image\":{\"@id\":\"https:\/\/tourcruiser.com\/fr\/products\/kith-x-madison-square-garden-x-new-balance-993-made-in-usa-new-york-knicksaway\/#primaryimage\"},\"thumbnailUrl\":\"https:\/\/images.novelship.com\/product\/kith_x_madison_square_garden_x_new_balance_993_mad_0_42016.png\",\"datePublished\":\"2026-03-02T08:39:47+00:00\",\"dateModified\":\"2026-03-14T12:10:35+00:00\",\"breadcrumb\":{\"@id\":\"https:\/\/tourcruiser.com\/fr\/products\/kith-x-madison-square-garden-x-new-balance-993-made-in-usa-new-york-knicksaway\/#breadcrumb\"},\"inLanguage\":\"fr-FR\",\"potentialAction\":[{\"@type\":\"ReadAction\",\"target\":[\"https:\/\/tourcruiser.com\/fr\/products\/kith-x-madison-square-garden-x-new-balance-993-made-in-usa-new-york-knicksaway\/\"]}]},{\"@type\":\"ImageObject\",\"inLanguage\":\"fr-FR\",\"@id\":\"https:\/\/tourcruiser.com\/fr\/products\/kith-x-madison-square-garden-x-new-balance-993-made-in-usa-new-york-knicksaway\/#primaryimage\",\"url\":\"https:\/\/images.novelship.com\/product\/kith_x_madison_square_garden_x_new_balance_993_mad_0_42016.png\",\"contentUrl\":\"https:\/\/images.novelship.com\/product\/kith_x_madison_square_garden_x_new_balance_993_mad_0_42016.png\"},{\"@type\":\"BreadcrumbList\",\"@id\":\"https:\/\/tourcruiser.com\/fr\/products\/kith-x-madison-square-garden-x-new-balance-993-made-in-usa-new-york-knicksaway\/#breadcrumb\",\"itemListElement\":[{\"@type\":\"ListItem\",\"position\":1,\"name\":\"Home\",\"item\":\"https:\/\/tourcruiser.com\/fr\/\"},{\"@type\":\"ListItem\",\"position\":2,\"name\":\"Shop\",\"item\":\"https:\/\/tourcruiser.com\/fr\/shop\/\"},{\"@type\":\"ListItem\",\"position\":3,\"name\":\"Kith x Madison Square Garden x New Balance 993 Made in USA 'New York Knicks - Away'\"}]},{\"@type\":\"WebSite\",\"@id\":\"https:\/\/tourcruiser.com\/fr\/#website\",\"url\":\"https:\/\/tourcruiser.com\/fr\/\",\"name\":\"Styloral Jewelry Shop\",\"description\":\"Tourcruiser Sneaker Store \u2014 L\u2019endroit o\u00f9 l\u2019univers rencontre votre singularit\u00e9.\",\"publisher\":{\"@id\":\"https:\/\/tourcruiser.com\/fr\/#organization\"},\"potentialAction\":[{\"@type\":\"SearchAction\",\"target\":{\"@type\":\"EntryPoint\",\"urlTemplate\":\"https:\/\/tourcruiser.com\/fr\/?s={search_term_string}\"},\"query-input\":{\"@type\":\"PropertyValueSpecification\",\"valueRequired\":true,\"valueName\":\"search_term_string\"}}],\"inLanguage\":\"fr-FR\"},{\"@type\":\"Organization\",\"@id\":\"https:\/\/tourcruiser.com\/fr\/#organization\",\"name\":\"STYLORAL PTE. LTD\",\"url\":\"https:\/\/tourcruiser.com\/fr\/\",\"logo\":{\"@type\":\"ImageObject\",\"inLanguage\":\"fr-FR\",\"@id\":\"https:\/\/tourcruiser.com\/fr\/#\/schema\/logo\/image\/\",\"url\":\"https:\/\/www.tourcruiser.com\/wp-content\/uploads\/2025\/12\/logo.png\",\"contentUrl\":\"https:\/\/www.tourcruiser.com\/wp-content\/uploads\/2025\/12\/logo.png\",\"width\":200,\"height\":65,\"caption\":\"STYLORAL PTE. LTD\"},\"image\":{\"@id\":\"https:\/\/tourcruiser.com\/fr\/#\/schema\/logo\/image\/\"}}]}<\/script>\n<!-- \/ Yoast SEO plugin. -->","yoast_head_json":{"title":"Kith x Madison Square Garden x New Balance 993 Made in USA 'New York Knicks - Away' - TOURCRUISER PTE. LTD","robots":{"index":"index","follow":"follow","max-snippet":"max-snippet:-1","max-image-preview":"max-image-preview:large","max-video-preview":"max-video-preview:-1"},"canonical":"https:\/\/tourcruiser.com\/fr\/products\/kith-x-madison-square-garden-x-new-balance-993-made-in-usa-new-york-knicksaway\/","og_locale":"fr_FR","og_type":"article","og_title":"Kith x Madison Square Garden x New Balance 993 Made in USA 'New York Knicks - Away' - TOURCRUISER PTE. LTD","og_description":"New Balance 993 \u201d\u201d Navy\/Princess Blue","og_url":"https:\/\/tourcruiser.com\/fr\/products\/kith-x-madison-square-garden-x-new-balance-993-made-in-usa-new-york-knicksaway\/","og_site_name":"Tourcruiser Sneaker Store","article_modified_time":"2026-03-14T12:10:35+00:00","twitter_card":"summary_large_image","twitter_image":"https:\/\/images.novelship.com\/product\/kith_x_madison_square_garden_x_new_balance_993_mad_0_42016.png","twitter_misc":{"Dur\u00e9e de lecture estim\u00e9e":"1 minute"},"schema":{"@context":"https:\/\/schema.org","@graph":[{"@type":"WebPage","@id":"https:\/\/tourcruiser.com\/fr\/products\/kith-x-madison-square-garden-x-new-balance-993-made-in-usa-new-york-knicksaway\/","url":"https:\/\/tourcruiser.com\/fr\/products\/kith-x-madison-square-garden-x-new-balance-993-made-in-usa-new-york-knicksaway\/","name":"Kith x Madison Square Garden x New Balance 993 Made in USA 'New York Knicks - Away' - TOURCRUISER PTE. LTD","isPartOf":{"@id":"https:\/\/tourcruiser.com\/fr\/#website"},"primaryImageOfPage":{"@id":"https:\/\/tourcruiser.com\/fr\/products\/kith-x-madison-square-garden-x-new-balance-993-made-in-usa-new-york-knicksaway\/#primaryimage"},"image":{"@id":"https:\/\/tourcruiser.com\/fr\/products\/kith-x-madison-square-garden-x-new-balance-993-made-in-usa-new-york-knicksaway\/#primaryimage"},"thumbnailUrl":"https:\/\/images.novelship.com\/product\/kith_x_madison_square_garden_x_new_balance_993_mad_0_42016.png","datePublished":"2026-03-02T08:39:47+00:00","dateModified":"2026-03-14T12:10:35+00:00","breadcrumb":{"@id":"https:\/\/tourcruiser.com\/fr\/products\/kith-x-madison-square-garden-x-new-balance-993-made-in-usa-new-york-knicksaway\/#breadcrumb"},"inLanguage":"fr-FR","potentialAction":[{"@type":"ReadAction","target":["https:\/\/tourcruiser.com\/fr\/products\/kith-x-madison-square-garden-x-new-balance-993-made-in-usa-new-york-knicksaway\/"]}]},{"@type":"ImageObject","inLanguage":"fr-FR","@id":"https:\/\/tourcruiser.com\/fr\/products\/kith-x-madison-square-garden-x-new-balance-993-made-in-usa-new-york-knicksaway\/#primaryimage","url":"https:\/\/images.novelship.com\/product\/kith_x_madison_square_garden_x_new_balance_993_mad_0_42016.png","contentUrl":"https:\/\/images.novelship.com\/product\/kith_x_madison_square_garden_x_new_balance_993_mad_0_42016.png"},{"@type":"BreadcrumbList","@id":"https:\/\/tourcruiser.com\/fr\/products\/kith-x-madison-square-garden-x-new-balance-993-made-in-usa-new-york-knicksaway\/#breadcrumb","itemListElement":[{"@type":"ListItem","position":1,"name":"Home","item":"https:\/\/tourcruiser.com\/fr\/"},{"@type":"ListItem","position":2,"name":"Shop","item":"https:\/\/tourcruiser.com\/fr\/shop\/"},{"@type":"ListItem","position":3,"name":"Kith x Madison Square Garden x New Balance 993 Made in USA 'New York Knicks - Away'"}]},{"@type":"WebSite","@id":"https:\/\/tourcruiser.com\/fr\/#website","url":"https:\/\/tourcruiser.com\/fr\/","name":"Styloral Jewelry Shop","description":"Tourcruiser Sneaker Store \u2014 L\u2019endroit o\u00f9 l\u2019univers rencontre votre singularit\u00e9.","publisher":{"@id":"https:\/\/tourcruiser.com\/fr\/#organization"},"potentialAction":[{"@type":"SearchAction","target":{"@type":"EntryPoint","urlTemplate":"https:\/\/tourcruiser.com\/fr\/?s={search_term_string}"},"query-input":{"@type":"PropertyValueSpecification","valueRequired":true,"valueName":"search_term_string"}}],"inLanguage":"fr-FR"},{"@type":"Organization","@id":"https:\/\/tourcruiser.com\/fr\/#organization","name":"STYLORAL PTE. LTD","url":"https:\/\/tourcruiser.com\/fr\/","logo":{"@type":"ImageObject","inLanguage":"fr-FR","@id":"https:\/\/tourcruiser.com\/fr\/#\/schema\/logo\/image\/","url":"https:\/\/www.tourcruiser.com\/wp-content\/uploads\/2025\/12\/logo.png","contentUrl":"https:\/\/www.tourcruiser.com\/wp-content\/uploads\/2025\/12\/logo.png","width":200,"height":65,"caption":"STYLORAL PTE. LTD"},"image":{"@id":"https:\/\/tourcruiser.com\/fr\/#\/schema\/logo\/image\/"}}]}},"_links":{"self":[{"href":"https:\/\/tourcruiser.com\/fr\/wp-json\/wp\/v2\/product\/142796","targetHints":{"allow":["GET"]}}],"collection":[{"href":"https:\/\/tourcruiser.com\/fr\/wp-json\/wp\/v2\/product"}],"about":[{"href":"https:\/\/tourcruiser.com\/fr\/wp-json\/wp\/v2\/types\/product"}],"replies":[{"embeddable":true,"href":"https:\/\/tourcruiser.com\/fr\/wp-json\/wp\/v2\/comments?post=142796"}],"wp:featuredmedia":[{"embeddable":true,"href":"https:\/\/tourcruiser.com\/fr\/wp-json\/wp\/v2\/media\/142797"}],"wp:attachment":[{"href":"https:\/\/tourcruiser.com\/fr\/wp-json\/wp\/v2\/media?parent=142796"}],"wp:term":[{"taxonomy":"product_brand","embeddable":true,"href":"https:\/\/tourcruiser.com\/fr\/wp-json\/wp\/v2\/product_brand?post=142796"},{"taxonomy":"product_cat","embeddable":true,"href":"https:\/\/tourcruiser.com\/fr\/wp-json\/wp\/v2\/product_cat?post=142796"},{"taxonomy":"product_tag","embeddable":true,"href":"https:\/\/tourcruiser.com\/fr\/wp-json\/wp\/v2\/product_tag?post=142796"}],"curies":[{"name":"wp","href":"https:\/\/api.w.org\/{rel}","templated":true}]}}