{"id":142345,"date":"2026-03-02T15:38:55","date_gmt":"2026-03-02T08:38:55","guid":{"rendered":"http:\/\/tourcruiser.com\/product\/a-ma-manire-x-nike-air-max-95-while-you-were-sleeping"},"modified":"2026-03-14T19:10:06","modified_gmt":"2026-03-14T12:10:06","slug":"a-ma-manire-x-nike-air-max-95-while-you-were-sleeping","status":"publish","type":"product","link":"https:\/\/tourcruiser.com\/fr\/products\/a-ma-manire-x-nike-air-max-95-while-you-were-sleeping\/","title":{"rendered":"A Ma Mani\u00e9re x Nike Air Max 95 &lsquo;While You Were Sleeping&rsquo;"},"content":{"rendered":"<p>Plongez dans un univers onirique avec la tr\u00e8s convoit\u00e9e A Ma Mani\u00e8re x Nike Air Max 95 \u00ab While You Were Sleeping \u00bb. Son empeigne blanche immacul\u00e9e, orn\u00e9e de surpiq\u00fbres d\u00e9licates, \u00e9voque les douces nuances du sommeil. Des empi\u00e8cements en daim souple enveloppent confortablement vos pieds, tandis que des panneaux lat\u00e9raux en TPU transparent laissent appara\u00eetre des touches de couleur. Chaque paire est un chef-d&rsquo;\u0153uvre, confectionn\u00e9 avec soin \u00e0 partir de mat\u00e9riaux haut de gamme, pour une exp\u00e9rience de course hors du commun \u00e0 chaque foul\u00e9e. Que vous poursuiviez vos r\u00eaves ou que vous les concr\u00e9tisiez, ces baskets vous accompagneront dans votre parcours.<\/p>\n","protected":false},"excerpt":{"rendered":"<p>Nike Air Max 95 \u201d\u201d Dark Violet Ore\/Burgundy Ash<\/p>\n","protected":false},"featured_media":142346,"comment_status":"open","ping_status":"closed","template":"","meta":[],"product_brand":[],"product_cat":[10803],"product_tag":[10750,10753,10754,10765,10801,10768,10758],"class_list":{"0":"post-142345","1":"product","2":"type-product","3":"status-publish","4":"has-post-thumbnail","6":"product_cat-nike","7":"product_tag-athleisure-shoes","8":"product_tag-gift-for-him","9":"product_tag-lifestyle-casual-shoes","10":"product_tag-lifestyle-shoes-running-inspired","11":"product_tag-nike","12":"product_tag-retro-running-shoes","13":"product_tag-under-retail","14":"wcpa_has_options","16":"first","17":"instock","18":"taxable","19":"shipping-taxable","20":"purchasable","21":"product-type-simple"},"wcpa_form_fields":{"rules":{"pric_overide_base_price":false,"pric_overide_base_price_if_gt_zero":false,"pric_overide_base_price_fully":false,"pric_cal_option_once":false,"pric_use_as_fee":false,"bind_quantity":false,"quantity_bind_formula":false},"fields":[{"type":"color-group","required":true,"elementId":"wcpa-color-group-66c4a75505e74","label":"Taille","inline":true,"priceOptions":"different_for_all","pricingType":"fixed","className":"hassizechart product-shoes-size-eu product-shoes-size","name":"color-group-66c4a75505e89","disp_type":"square","selection_type":"tick-border","disp_size":"44","show_label_inside":true,"adjust_width":true,"cart_display_type":"text","other_text":"Other","cl_rule":"show","col":6,"values":[{"label":"35.5","value":"EU 35.5","price":"","pimage":"","pimage_id":"","pthumb":"","color":""},{"label":"36","value":"EU 36","price":"","pimage":"","pimage_id":"","pthumb":"","color":"","selected":true},{"label":"36.5","value":"EU 36.5","price":"","pimage":"","pimage_id":"","pthumb":"","color":""},{"label":"37.5","value":"EU 37.5","price":"","pimage":"","pimage_id":"","pthumb":"","color":""},{"label":"38","value":"EU 38","price":"","pimage":"","pimage_id":"","pthumb":"","color":""},{"label":"38.5","value":"EU 38.5","price":"","pimage":"","pimage_id":"","pthumb":"","color":""},{"label":"39","value":"EU 39","price":"","pimage":"","pimage_id":"","pthumb":"","color":""},{"label":"40","value":"EU 40","price":"","pimage":"","pimage_id":"","pthumb":"","color":""},{"label":"40.5","value":"EU 40.5","price":"","pimage":"","pimage_id":"","pthumb":"","color":""},{"label":"41","value":"EU 41","price":"","pimage":"","pimage_id":"","pthumb":"","color":""},{"label":"42","value":"EU 42","price":"","pimage":"","pimage_id":"","pthumb":"","color":""},{"label":"42.5","value":"EU 42.5","price":"","pimage":"","pimage_id":"","pthumb":"","color":""},{"label":"43","value":"EU 43","price":"","pimage":"","pimage_id":"","pthumb":"","color":""},{"label":"44","value":"EU 44","price":"","pimage":"","pimage_id":"","pthumb":"","color":""},{"label":"44.5","value":"EU 44.5","price":"","pimage":"","pimage_id":"","pthumb":"","color":""},{"label":"45","value":"EU 45","price":"","pimage":"","pimage_id":"","pthumb":"","color":""},{"label":"45.5","value":"EU 45.5","price":"","pimage":"","pimage_id":"","pthumb":"","color":""},{"label":"46","value":"EU 46","price":"","pimage":"","pimage_id":"","pthumb":"","color":""},{"label":"47","value":"EU 47","price":"","pimage":"","pimage_id":"","pthumb":"","color":""},{"label":"47.5","value":"EU 47.5","price":"","pimage":"","pimage_id":"","pthumb":"","color":""},{"label":"48","value":"EU 48","price":"","pimage":"","pimage_id":"","pthumb":"","color":""}],"relations":[{"operator":false,"rules":[]}],"form_id":18106,"form_rules":{"pric_cal_option_once":false,"exclude_from_discount":false,"pric_use_as_fee":false,"fee_label":"Fee","render_after_acb":false,"disp_hide_options_price":false}}]},"yoast_head":"<!-- This site is optimized with the Yoast SEO plugin v26.5 - https:\/\/yoast.com\/wordpress\/plugins\/seo\/ -->\n<title>A Ma Mani\u00e9re x Nike Air Max 95 &#039;While You Were Sleeping&#039; - TOURCRUISER PTE. LTD<\/title>\n<meta name=\"robots\" content=\"index, follow, max-snippet:-1, max-image-preview:large, max-video-preview:-1\" \/>\n<link rel=\"canonical\" href=\"https:\/\/tourcruiser.com\/fr\/products\/a-ma-manire-x-nike-air-max-95-while-you-were-sleeping\/\" \/>\n<meta property=\"og:locale\" content=\"fr_FR\" \/>\n<meta property=\"og:type\" content=\"article\" \/>\n<meta property=\"og:title\" content=\"A Ma Mani\u00e9re x Nike Air Max 95 &#039;While You Were Sleeping&#039; - TOURCRUISER PTE. LTD\" \/>\n<meta property=\"og:description\" content=\"Nike Air Max 95 \u201d\u201d Dark Violet Ore\/Burgundy Ash\" \/>\n<meta property=\"og:url\" content=\"https:\/\/tourcruiser.com\/fr\/products\/a-ma-manire-x-nike-air-max-95-while-you-were-sleeping\/\" \/>\n<meta property=\"og:site_name\" content=\"Tourcruiser Sneaker Store\" \/>\n<meta property=\"article:modified_time\" content=\"2026-03-14T12:10:06+00:00\" \/>\n<meta name=\"twitter:card\" content=\"summary_large_image\" \/>\n<meta name=\"twitter:image\" content=\"https:\/\/images.novelship.com\/product\/a_ma_mani_re_x_nike_air_max_95__while_you_were_sle_0_55723.jpeg\" \/>\n<meta name=\"twitter:label1\" content=\"Dur\u00e9e de lecture estim\u00e9e\" \/>\n\t<meta name=\"twitter:data1\" content=\"1 minute\" \/>\n<script type=\"application\/ld+json\" class=\"yoast-schema-graph\">{\"@context\":\"https:\/\/schema.org\",\"@graph\":[{\"@type\":\"WebPage\",\"@id\":\"https:\/\/tourcruiser.com\/fr\/products\/a-ma-manire-x-nike-air-max-95-while-you-were-sleeping\/\",\"url\":\"https:\/\/tourcruiser.com\/fr\/products\/a-ma-manire-x-nike-air-max-95-while-you-were-sleeping\/\",\"name\":\"A Ma Mani\u00e9re x Nike Air Max 95 'While You Were Sleeping' - TOURCRUISER PTE. LTD\",\"isPartOf\":{\"@id\":\"https:\/\/tourcruiser.com\/fr\/#website\"},\"primaryImageOfPage\":{\"@id\":\"https:\/\/tourcruiser.com\/fr\/products\/a-ma-manire-x-nike-air-max-95-while-you-were-sleeping\/#primaryimage\"},\"image\":{\"@id\":\"https:\/\/tourcruiser.com\/fr\/products\/a-ma-manire-x-nike-air-max-95-while-you-were-sleeping\/#primaryimage\"},\"thumbnailUrl\":\"https:\/\/images.novelship.com\/product\/a_ma_mani_re_x_nike_air_max_95__while_you_were_sle_0_55723.jpeg\",\"datePublished\":\"2026-03-02T08:38:55+00:00\",\"dateModified\":\"2026-03-14T12:10:06+00:00\",\"breadcrumb\":{\"@id\":\"https:\/\/tourcruiser.com\/fr\/products\/a-ma-manire-x-nike-air-max-95-while-you-were-sleeping\/#breadcrumb\"},\"inLanguage\":\"fr-FR\",\"potentialAction\":[{\"@type\":\"ReadAction\",\"target\":[\"https:\/\/tourcruiser.com\/fr\/products\/a-ma-manire-x-nike-air-max-95-while-you-were-sleeping\/\"]}]},{\"@type\":\"ImageObject\",\"inLanguage\":\"fr-FR\",\"@id\":\"https:\/\/tourcruiser.com\/fr\/products\/a-ma-manire-x-nike-air-max-95-while-you-were-sleeping\/#primaryimage\",\"url\":\"https:\/\/images.novelship.com\/product\/a_ma_mani_re_x_nike_air_max_95__while_you_were_sle_0_55723.jpeg\",\"contentUrl\":\"https:\/\/images.novelship.com\/product\/a_ma_mani_re_x_nike_air_max_95__while_you_were_sle_0_55723.jpeg\"},{\"@type\":\"BreadcrumbList\",\"@id\":\"https:\/\/tourcruiser.com\/fr\/products\/a-ma-manire-x-nike-air-max-95-while-you-were-sleeping\/#breadcrumb\",\"itemListElement\":[{\"@type\":\"ListItem\",\"position\":1,\"name\":\"Home\",\"item\":\"https:\/\/tourcruiser.com\/fr\/\"},{\"@type\":\"ListItem\",\"position\":2,\"name\":\"Shop\",\"item\":\"https:\/\/tourcruiser.com\/fr\/shop\/\"},{\"@type\":\"ListItem\",\"position\":3,\"name\":\"A Ma Mani\u00e9re x Nike Air Max 95 'While You Were Sleeping'\"}]},{\"@type\":\"WebSite\",\"@id\":\"https:\/\/tourcruiser.com\/fr\/#website\",\"url\":\"https:\/\/tourcruiser.com\/fr\/\",\"name\":\"Styloral Jewelry Shop\",\"description\":\"Tourcruiser Sneaker Store \u2014 L\u2019endroit o\u00f9 l\u2019univers rencontre votre singularit\u00e9.\",\"publisher\":{\"@id\":\"https:\/\/tourcruiser.com\/fr\/#organization\"},\"potentialAction\":[{\"@type\":\"SearchAction\",\"target\":{\"@type\":\"EntryPoint\",\"urlTemplate\":\"https:\/\/tourcruiser.com\/fr\/?s={search_term_string}\"},\"query-input\":{\"@type\":\"PropertyValueSpecification\",\"valueRequired\":true,\"valueName\":\"search_term_string\"}}],\"inLanguage\":\"fr-FR\"},{\"@type\":\"Organization\",\"@id\":\"https:\/\/tourcruiser.com\/fr\/#organization\",\"name\":\"STYLORAL PTE. LTD\",\"url\":\"https:\/\/tourcruiser.com\/fr\/\",\"logo\":{\"@type\":\"ImageObject\",\"inLanguage\":\"fr-FR\",\"@id\":\"https:\/\/tourcruiser.com\/fr\/#\/schema\/logo\/image\/\",\"url\":\"https:\/\/www.tourcruiser.com\/wp-content\/uploads\/2025\/12\/logo.png\",\"contentUrl\":\"https:\/\/www.tourcruiser.com\/wp-content\/uploads\/2025\/12\/logo.png\",\"width\":200,\"height\":65,\"caption\":\"STYLORAL PTE. LTD\"},\"image\":{\"@id\":\"https:\/\/tourcruiser.com\/fr\/#\/schema\/logo\/image\/\"}}]}<\/script>\n<!-- \/ Yoast SEO plugin. -->","yoast_head_json":{"title":"A Ma Mani\u00e9re x Nike Air Max 95 'While You Were Sleeping' - TOURCRUISER PTE. LTD","robots":{"index":"index","follow":"follow","max-snippet":"max-snippet:-1","max-image-preview":"max-image-preview:large","max-video-preview":"max-video-preview:-1"},"canonical":"https:\/\/tourcruiser.com\/fr\/products\/a-ma-manire-x-nike-air-max-95-while-you-were-sleeping\/","og_locale":"fr_FR","og_type":"article","og_title":"A Ma Mani\u00e9re x Nike Air Max 95 'While You Were Sleeping' - TOURCRUISER PTE. LTD","og_description":"Nike Air Max 95 \u201d\u201d Dark Violet Ore\/Burgundy Ash","og_url":"https:\/\/tourcruiser.com\/fr\/products\/a-ma-manire-x-nike-air-max-95-while-you-were-sleeping\/","og_site_name":"Tourcruiser Sneaker Store","article_modified_time":"2026-03-14T12:10:06+00:00","twitter_card":"summary_large_image","twitter_image":"https:\/\/images.novelship.com\/product\/a_ma_mani_re_x_nike_air_max_95__while_you_were_sle_0_55723.jpeg","twitter_misc":{"Dur\u00e9e de lecture estim\u00e9e":"1 minute"},"schema":{"@context":"https:\/\/schema.org","@graph":[{"@type":"WebPage","@id":"https:\/\/tourcruiser.com\/fr\/products\/a-ma-manire-x-nike-air-max-95-while-you-were-sleeping\/","url":"https:\/\/tourcruiser.com\/fr\/products\/a-ma-manire-x-nike-air-max-95-while-you-were-sleeping\/","name":"A Ma Mani\u00e9re x Nike Air Max 95 'While You Were Sleeping' - TOURCRUISER PTE. LTD","isPartOf":{"@id":"https:\/\/tourcruiser.com\/fr\/#website"},"primaryImageOfPage":{"@id":"https:\/\/tourcruiser.com\/fr\/products\/a-ma-manire-x-nike-air-max-95-while-you-were-sleeping\/#primaryimage"},"image":{"@id":"https:\/\/tourcruiser.com\/fr\/products\/a-ma-manire-x-nike-air-max-95-while-you-were-sleeping\/#primaryimage"},"thumbnailUrl":"https:\/\/images.novelship.com\/product\/a_ma_mani_re_x_nike_air_max_95__while_you_were_sle_0_55723.jpeg","datePublished":"2026-03-02T08:38:55+00:00","dateModified":"2026-03-14T12:10:06+00:00","breadcrumb":{"@id":"https:\/\/tourcruiser.com\/fr\/products\/a-ma-manire-x-nike-air-max-95-while-you-were-sleeping\/#breadcrumb"},"inLanguage":"fr-FR","potentialAction":[{"@type":"ReadAction","target":["https:\/\/tourcruiser.com\/fr\/products\/a-ma-manire-x-nike-air-max-95-while-you-were-sleeping\/"]}]},{"@type":"ImageObject","inLanguage":"fr-FR","@id":"https:\/\/tourcruiser.com\/fr\/products\/a-ma-manire-x-nike-air-max-95-while-you-were-sleeping\/#primaryimage","url":"https:\/\/images.novelship.com\/product\/a_ma_mani_re_x_nike_air_max_95__while_you_were_sle_0_55723.jpeg","contentUrl":"https:\/\/images.novelship.com\/product\/a_ma_mani_re_x_nike_air_max_95__while_you_were_sle_0_55723.jpeg"},{"@type":"BreadcrumbList","@id":"https:\/\/tourcruiser.com\/fr\/products\/a-ma-manire-x-nike-air-max-95-while-you-were-sleeping\/#breadcrumb","itemListElement":[{"@type":"ListItem","position":1,"name":"Home","item":"https:\/\/tourcruiser.com\/fr\/"},{"@type":"ListItem","position":2,"name":"Shop","item":"https:\/\/tourcruiser.com\/fr\/shop\/"},{"@type":"ListItem","position":3,"name":"A Ma Mani\u00e9re x Nike Air Max 95 'While You Were Sleeping'"}]},{"@type":"WebSite","@id":"https:\/\/tourcruiser.com\/fr\/#website","url":"https:\/\/tourcruiser.com\/fr\/","name":"Styloral Jewelry Shop","description":"Tourcruiser Sneaker Store \u2014 L\u2019endroit o\u00f9 l\u2019univers rencontre votre singularit\u00e9.","publisher":{"@id":"https:\/\/tourcruiser.com\/fr\/#organization"},"potentialAction":[{"@type":"SearchAction","target":{"@type":"EntryPoint","urlTemplate":"https:\/\/tourcruiser.com\/fr\/?s={search_term_string}"},"query-input":{"@type":"PropertyValueSpecification","valueRequired":true,"valueName":"search_term_string"}}],"inLanguage":"fr-FR"},{"@type":"Organization","@id":"https:\/\/tourcruiser.com\/fr\/#organization","name":"STYLORAL PTE. LTD","url":"https:\/\/tourcruiser.com\/fr\/","logo":{"@type":"ImageObject","inLanguage":"fr-FR","@id":"https:\/\/tourcruiser.com\/fr\/#\/schema\/logo\/image\/","url":"https:\/\/www.tourcruiser.com\/wp-content\/uploads\/2025\/12\/logo.png","contentUrl":"https:\/\/www.tourcruiser.com\/wp-content\/uploads\/2025\/12\/logo.png","width":200,"height":65,"caption":"STYLORAL PTE. LTD"},"image":{"@id":"https:\/\/tourcruiser.com\/fr\/#\/schema\/logo\/image\/"}}]}},"_links":{"self":[{"href":"https:\/\/tourcruiser.com\/fr\/wp-json\/wp\/v2\/product\/142345","targetHints":{"allow":["GET"]}}],"collection":[{"href":"https:\/\/tourcruiser.com\/fr\/wp-json\/wp\/v2\/product"}],"about":[{"href":"https:\/\/tourcruiser.com\/fr\/wp-json\/wp\/v2\/types\/product"}],"replies":[{"embeddable":true,"href":"https:\/\/tourcruiser.com\/fr\/wp-json\/wp\/v2\/comments?post=142345"}],"wp:featuredmedia":[{"embeddable":true,"href":"https:\/\/tourcruiser.com\/fr\/wp-json\/wp\/v2\/media\/142346"}],"wp:attachment":[{"href":"https:\/\/tourcruiser.com\/fr\/wp-json\/wp\/v2\/media?parent=142345"}],"wp:term":[{"taxonomy":"product_brand","embeddable":true,"href":"https:\/\/tourcruiser.com\/fr\/wp-json\/wp\/v2\/product_brand?post=142345"},{"taxonomy":"product_cat","embeddable":true,"href":"https:\/\/tourcruiser.com\/fr\/wp-json\/wp\/v2\/product_cat?post=142345"},{"taxonomy":"product_tag","embeddable":true,"href":"https:\/\/tourcruiser.com\/fr\/wp-json\/wp\/v2\/product_tag?post=142345"}],"curies":[{"name":"wp","href":"https:\/\/api.w.org\/{rel}","templated":true}]}}