{"id":141235,"date":"2026-03-02T15:37:08","date_gmt":"2026-03-02T08:37:08","guid":{"rendered":"http:\/\/tourcruiser.com\/product\/nike-book-1-ep-halloween-black-white-clay"},"modified":"2026-03-14T19:09:08","modified_gmt":"2026-03-14T12:09:08","slug":"nike-book-1-ep-halloween-black-white-clay","status":"publish","type":"product","link":"https:\/\/tourcruiser.com\/fr\/products\/nike-book-1-ep-halloween-black-white-clay\/","title":{"rendered":"Nike Book 1 EP \u201d\u02dcHalloween\u201d\u2122 &lsquo;Black White Clay&rsquo;"},"content":{"rendered":"<p>D\u00e9couvrez l&rsquo;alliance exceptionnelle de style et de performance de la Nike Book 1 EP \u00ab Halloween \u00bb en noir, blanc et tons naturels \u2013 une chaussure qui ravira les passionn\u00e9s de sneakers et les athl\u00e8tes. V\u00e9ritable pi\u00e8ce forte, cette \u00e9dition limit\u00e9e combine des mat\u00e9riaux haut de gamme \u00e0 une esth\u00e9tique saisissante, capturant \u00e0 la perfection l&rsquo;esprit \u00e0 la fois ludique et audacieux d&rsquo;Halloween. L&#8217;empeigne noire est rehauss\u00e9e de d\u00e9tails blancs contrastants et de tons naturels, cr\u00e9ant un coloris polyvalent qui s&rsquo;accorde aussi bien avec un look streetwear qu&rsquo;avec une tenue d\u00e9contract\u00e9e du quotidien. Offrant un amorti de pointe et une adh\u00e9rence sup\u00e9rieure, la chaussure assure un confort optimal pour toutes vos activit\u00e9s \u2013 sur le terrain, au quotidien ou pour compl\u00e9ter votre collection de sneakers. Sa silhouette \u00e9l\u00e9gante souligne l&rsquo;engagement de Nike \u00e0 allier fonctionnalit\u00e9 et mode, conf\u00e9rant \u00e0 la chaussure une touche unique et moderne sans renier la culture sneaker classique. La Nike Book 1 EP \u00ab Halloween \u00bb est la compagne id\u00e9ale pour Halloween et bien plus encore. Elle s\u00e9duit par son charme intemporel et son exceptionnelle polyvalence, sublimant n&rsquo;importe quelle garde-robe. Id\u00e9ale pour les collectionneurs ou toute personne en qu\u00eate d&rsquo;une chaussure performante au style saisonnier, cette cr\u00e9ation exclusive incarne la passion de Nike pour repousser les limites et lancer des tendances. Offrez-vous ce mod\u00e8le et red\u00e9finissez votre style sneaker avec un look alliant charme d\u00e9contract\u00e9 et \u00e9nergie dynamique. Coloris\u00a0: Noir\/Blanc\/Orange ton sur ton. Code article\u00a0: FJ4250-003. Tige\u00a0: Daim. Semelle interm\u00e9diaire\u00a0: Zoom Air. Couleur\u00a0: Noir. Designer\u00a0: Benjamin Nethongkome.<\/p>\n","protected":false},"excerpt":{"rendered":"<p>Nike Book 1 EP \u201d\u201d Black\/White\/Clay Orange<\/p>\n","protected":false},"featured_media":141236,"comment_status":"open","ping_status":"closed","template":"","meta":[],"product_brand":[],"product_cat":[10803],"product_tag":[10800,10801,10802,10758],"class_list":{"0":"post-141235","1":"product","2":"type-product","3":"status-publish","4":"has-post-thumbnail","6":"product_cat-nike","7":"product_tag-basketball-shoes","8":"product_tag-nike","9":"product_tag-performance-sport-shoes","10":"product_tag-under-retail","11":"wcpa_has_options","13":"first","14":"instock","15":"taxable","16":"shipping-taxable","17":"purchasable","18":"product-type-simple"},"wcpa_form_fields":{"rules":{"pric_overide_base_price":false,"pric_overide_base_price_if_gt_zero":false,"pric_overide_base_price_fully":false,"pric_cal_option_once":false,"pric_use_as_fee":false,"bind_quantity":false,"quantity_bind_formula":false},"fields":[{"type":"color-group","required":true,"elementId":"wcpa-color-group-66c4a75505e74","label":"Taille","inline":true,"priceOptions":"different_for_all","pricingType":"fixed","className":"hassizechart product-shoes-size-eu product-shoes-size","name":"color-group-66c4a75505e89","disp_type":"square","selection_type":"tick-border","disp_size":"44","show_label_inside":true,"adjust_width":true,"cart_display_type":"text","other_text":"Other","cl_rule":"show","col":6,"values":[{"label":"35.5","value":"EU 35.5","price":"","pimage":"","pimage_id":"","pthumb":"","color":""},{"label":"36","value":"EU 36","price":"","pimage":"","pimage_id":"","pthumb":"","color":"","selected":true},{"label":"36.5","value":"EU 36.5","price":"","pimage":"","pimage_id":"","pthumb":"","color":""},{"label":"37.5","value":"EU 37.5","price":"","pimage":"","pimage_id":"","pthumb":"","color":""},{"label":"38","value":"EU 38","price":"","pimage":"","pimage_id":"","pthumb":"","color":""},{"label":"38.5","value":"EU 38.5","price":"","pimage":"","pimage_id":"","pthumb":"","color":""},{"label":"39","value":"EU 39","price":"","pimage":"","pimage_id":"","pthumb":"","color":""},{"label":"40","value":"EU 40","price":"","pimage":"","pimage_id":"","pthumb":"","color":""},{"label":"40.5","value":"EU 40.5","price":"","pimage":"","pimage_id":"","pthumb":"","color":""},{"label":"41","value":"EU 41","price":"","pimage":"","pimage_id":"","pthumb":"","color":""},{"label":"42","value":"EU 42","price":"","pimage":"","pimage_id":"","pthumb":"","color":""},{"label":"42.5","value":"EU 42.5","price":"","pimage":"","pimage_id":"","pthumb":"","color":""},{"label":"43","value":"EU 43","price":"","pimage":"","pimage_id":"","pthumb":"","color":""},{"label":"44","value":"EU 44","price":"","pimage":"","pimage_id":"","pthumb":"","color":""},{"label":"44.5","value":"EU 44.5","price":"","pimage":"","pimage_id":"","pthumb":"","color":""},{"label":"45","value":"EU 45","price":"","pimage":"","pimage_id":"","pthumb":"","color":""},{"label":"45.5","value":"EU 45.5","price":"","pimage":"","pimage_id":"","pthumb":"","color":""},{"label":"46","value":"EU 46","price":"","pimage":"","pimage_id":"","pthumb":"","color":""},{"label":"47","value":"EU 47","price":"","pimage":"","pimage_id":"","pthumb":"","color":""},{"label":"47.5","value":"EU 47.5","price":"","pimage":"","pimage_id":"","pthumb":"","color":""},{"label":"48","value":"EU 48","price":"","pimage":"","pimage_id":"","pthumb":"","color":""}],"relations":[{"operator":false,"rules":[]}],"form_id":18106,"form_rules":{"pric_cal_option_once":false,"exclude_from_discount":false,"pric_use_as_fee":false,"fee_label":"Fee","render_after_acb":false,"disp_hide_options_price":false}}]},"yoast_head":"<!-- This site is optimized with the Yoast SEO plugin v26.5 - https:\/\/yoast.com\/wordpress\/plugins\/seo\/ -->\n<title>Nike Book 1 EP \u201d\u02dcHalloween\u201d\u2122 &#039;Black White Clay&#039; - TOURCRUISER PTE. LTD<\/title>\n<meta name=\"robots\" content=\"index, follow, max-snippet:-1, max-image-preview:large, max-video-preview:-1\" \/>\n<link rel=\"canonical\" href=\"https:\/\/tourcruiser.com\/fr\/products\/nike-book-1-ep-halloween-black-white-clay\/\" \/>\n<meta property=\"og:locale\" content=\"fr_FR\" \/>\n<meta property=\"og:type\" content=\"article\" \/>\n<meta property=\"og:title\" content=\"Nike Book 1 EP \u201d\u02dcHalloween\u201d\u2122 &#039;Black White Clay&#039; - TOURCRUISER PTE. LTD\" \/>\n<meta property=\"og:description\" content=\"Nike Book 1 EP \u201d\u201d Black\/White\/Clay Orange\" \/>\n<meta property=\"og:url\" content=\"https:\/\/tourcruiser.com\/fr\/products\/nike-book-1-ep-halloween-black-white-clay\/\" \/>\n<meta property=\"og:site_name\" content=\"Tourcruiser Sneaker Store\" \/>\n<meta property=\"article:modified_time\" content=\"2026-03-14T12:09:08+00:00\" \/>\n<meta name=\"twitter:card\" content=\"summary_large_image\" \/>\n<meta name=\"twitter:image\" content=\"https:\/\/images.novelship.com\/product\/nike_book_1_ep__halloween___black_white_clay__fj42_0_91401.jpeg\" \/>\n<meta name=\"twitter:label1\" content=\"Dur\u00e9e de lecture estim\u00e9e\" \/>\n\t<meta name=\"twitter:data1\" content=\"1 minute\" \/>\n<script type=\"application\/ld+json\" class=\"yoast-schema-graph\">{\"@context\":\"https:\/\/schema.org\",\"@graph\":[{\"@type\":\"WebPage\",\"@id\":\"https:\/\/tourcruiser.com\/fr\/products\/nike-book-1-ep-halloween-black-white-clay\/\",\"url\":\"https:\/\/tourcruiser.com\/fr\/products\/nike-book-1-ep-halloween-black-white-clay\/\",\"name\":\"Nike Book 1 EP \u201d\u02dcHalloween\u201d\u2122 'Black White Clay' - TOURCRUISER PTE. LTD\",\"isPartOf\":{\"@id\":\"https:\/\/tourcruiser.com\/fr\/#website\"},\"primaryImageOfPage\":{\"@id\":\"https:\/\/tourcruiser.com\/fr\/products\/nike-book-1-ep-halloween-black-white-clay\/#primaryimage\"},\"image\":{\"@id\":\"https:\/\/tourcruiser.com\/fr\/products\/nike-book-1-ep-halloween-black-white-clay\/#primaryimage\"},\"thumbnailUrl\":\"https:\/\/images.novelship.com\/product\/nike_book_1_ep__halloween___black_white_clay__fj42_0_91401.jpeg\",\"datePublished\":\"2026-03-02T08:37:08+00:00\",\"dateModified\":\"2026-03-14T12:09:08+00:00\",\"breadcrumb\":{\"@id\":\"https:\/\/tourcruiser.com\/fr\/products\/nike-book-1-ep-halloween-black-white-clay\/#breadcrumb\"},\"inLanguage\":\"fr-FR\",\"potentialAction\":[{\"@type\":\"ReadAction\",\"target\":[\"https:\/\/tourcruiser.com\/fr\/products\/nike-book-1-ep-halloween-black-white-clay\/\"]}]},{\"@type\":\"ImageObject\",\"inLanguage\":\"fr-FR\",\"@id\":\"https:\/\/tourcruiser.com\/fr\/products\/nike-book-1-ep-halloween-black-white-clay\/#primaryimage\",\"url\":\"https:\/\/images.novelship.com\/product\/nike_book_1_ep__halloween___black_white_clay__fj42_0_91401.jpeg\",\"contentUrl\":\"https:\/\/images.novelship.com\/product\/nike_book_1_ep__halloween___black_white_clay__fj42_0_91401.jpeg\"},{\"@type\":\"BreadcrumbList\",\"@id\":\"https:\/\/tourcruiser.com\/fr\/products\/nike-book-1-ep-halloween-black-white-clay\/#breadcrumb\",\"itemListElement\":[{\"@type\":\"ListItem\",\"position\":1,\"name\":\"Home\",\"item\":\"https:\/\/tourcruiser.com\/fr\/\"},{\"@type\":\"ListItem\",\"position\":2,\"name\":\"Shop\",\"item\":\"https:\/\/tourcruiser.com\/fr\/shop\/\"},{\"@type\":\"ListItem\",\"position\":3,\"name\":\"Nike Book 1 EP \u201d\u02dcHalloween\u201d\u2122 'Black White Clay'\"}]},{\"@type\":\"WebSite\",\"@id\":\"https:\/\/tourcruiser.com\/fr\/#website\",\"url\":\"https:\/\/tourcruiser.com\/fr\/\",\"name\":\"Styloral Jewelry Shop\",\"description\":\"Tourcruiser Sneaker Store \u2014 L\u2019endroit o\u00f9 l\u2019univers rencontre votre singularit\u00e9.\",\"publisher\":{\"@id\":\"https:\/\/tourcruiser.com\/fr\/#organization\"},\"potentialAction\":[{\"@type\":\"SearchAction\",\"target\":{\"@type\":\"EntryPoint\",\"urlTemplate\":\"https:\/\/tourcruiser.com\/fr\/?s={search_term_string}\"},\"query-input\":{\"@type\":\"PropertyValueSpecification\",\"valueRequired\":true,\"valueName\":\"search_term_string\"}}],\"inLanguage\":\"fr-FR\"},{\"@type\":\"Organization\",\"@id\":\"https:\/\/tourcruiser.com\/fr\/#organization\",\"name\":\"STYLORAL PTE. LTD\",\"url\":\"https:\/\/tourcruiser.com\/fr\/\",\"logo\":{\"@type\":\"ImageObject\",\"inLanguage\":\"fr-FR\",\"@id\":\"https:\/\/tourcruiser.com\/fr\/#\/schema\/logo\/image\/\",\"url\":\"https:\/\/www.tourcruiser.com\/wp-content\/uploads\/2025\/12\/logo.png\",\"contentUrl\":\"https:\/\/www.tourcruiser.com\/wp-content\/uploads\/2025\/12\/logo.png\",\"width\":200,\"height\":65,\"caption\":\"STYLORAL PTE. LTD\"},\"image\":{\"@id\":\"https:\/\/tourcruiser.com\/fr\/#\/schema\/logo\/image\/\"}}]}<\/script>\n<!-- \/ Yoast SEO plugin. -->","yoast_head_json":{"title":"Nike Book 1 EP \u201d\u02dcHalloween\u201d\u2122 'Black White Clay' - TOURCRUISER PTE. LTD","robots":{"index":"index","follow":"follow","max-snippet":"max-snippet:-1","max-image-preview":"max-image-preview:large","max-video-preview":"max-video-preview:-1"},"canonical":"https:\/\/tourcruiser.com\/fr\/products\/nike-book-1-ep-halloween-black-white-clay\/","og_locale":"fr_FR","og_type":"article","og_title":"Nike Book 1 EP \u201d\u02dcHalloween\u201d\u2122 'Black White Clay' - TOURCRUISER PTE. LTD","og_description":"Nike Book 1 EP \u201d\u201d Black\/White\/Clay Orange","og_url":"https:\/\/tourcruiser.com\/fr\/products\/nike-book-1-ep-halloween-black-white-clay\/","og_site_name":"Tourcruiser Sneaker Store","article_modified_time":"2026-03-14T12:09:08+00:00","twitter_card":"summary_large_image","twitter_image":"https:\/\/images.novelship.com\/product\/nike_book_1_ep__halloween___black_white_clay__fj42_0_91401.jpeg","twitter_misc":{"Dur\u00e9e de lecture estim\u00e9e":"1 minute"},"schema":{"@context":"https:\/\/schema.org","@graph":[{"@type":"WebPage","@id":"https:\/\/tourcruiser.com\/fr\/products\/nike-book-1-ep-halloween-black-white-clay\/","url":"https:\/\/tourcruiser.com\/fr\/products\/nike-book-1-ep-halloween-black-white-clay\/","name":"Nike Book 1 EP \u201d\u02dcHalloween\u201d\u2122 'Black White Clay' - TOURCRUISER PTE. LTD","isPartOf":{"@id":"https:\/\/tourcruiser.com\/fr\/#website"},"primaryImageOfPage":{"@id":"https:\/\/tourcruiser.com\/fr\/products\/nike-book-1-ep-halloween-black-white-clay\/#primaryimage"},"image":{"@id":"https:\/\/tourcruiser.com\/fr\/products\/nike-book-1-ep-halloween-black-white-clay\/#primaryimage"},"thumbnailUrl":"https:\/\/images.novelship.com\/product\/nike_book_1_ep__halloween___black_white_clay__fj42_0_91401.jpeg","datePublished":"2026-03-02T08:37:08+00:00","dateModified":"2026-03-14T12:09:08+00:00","breadcrumb":{"@id":"https:\/\/tourcruiser.com\/fr\/products\/nike-book-1-ep-halloween-black-white-clay\/#breadcrumb"},"inLanguage":"fr-FR","potentialAction":[{"@type":"ReadAction","target":["https:\/\/tourcruiser.com\/fr\/products\/nike-book-1-ep-halloween-black-white-clay\/"]}]},{"@type":"ImageObject","inLanguage":"fr-FR","@id":"https:\/\/tourcruiser.com\/fr\/products\/nike-book-1-ep-halloween-black-white-clay\/#primaryimage","url":"https:\/\/images.novelship.com\/product\/nike_book_1_ep__halloween___black_white_clay__fj42_0_91401.jpeg","contentUrl":"https:\/\/images.novelship.com\/product\/nike_book_1_ep__halloween___black_white_clay__fj42_0_91401.jpeg"},{"@type":"BreadcrumbList","@id":"https:\/\/tourcruiser.com\/fr\/products\/nike-book-1-ep-halloween-black-white-clay\/#breadcrumb","itemListElement":[{"@type":"ListItem","position":1,"name":"Home","item":"https:\/\/tourcruiser.com\/fr\/"},{"@type":"ListItem","position":2,"name":"Shop","item":"https:\/\/tourcruiser.com\/fr\/shop\/"},{"@type":"ListItem","position":3,"name":"Nike Book 1 EP \u201d\u02dcHalloween\u201d\u2122 'Black White Clay'"}]},{"@type":"WebSite","@id":"https:\/\/tourcruiser.com\/fr\/#website","url":"https:\/\/tourcruiser.com\/fr\/","name":"Styloral Jewelry Shop","description":"Tourcruiser Sneaker Store \u2014 L\u2019endroit o\u00f9 l\u2019univers rencontre votre singularit\u00e9.","publisher":{"@id":"https:\/\/tourcruiser.com\/fr\/#organization"},"potentialAction":[{"@type":"SearchAction","target":{"@type":"EntryPoint","urlTemplate":"https:\/\/tourcruiser.com\/fr\/?s={search_term_string}"},"query-input":{"@type":"PropertyValueSpecification","valueRequired":true,"valueName":"search_term_string"}}],"inLanguage":"fr-FR"},{"@type":"Organization","@id":"https:\/\/tourcruiser.com\/fr\/#organization","name":"STYLORAL PTE. LTD","url":"https:\/\/tourcruiser.com\/fr\/","logo":{"@type":"ImageObject","inLanguage":"fr-FR","@id":"https:\/\/tourcruiser.com\/fr\/#\/schema\/logo\/image\/","url":"https:\/\/www.tourcruiser.com\/wp-content\/uploads\/2025\/12\/logo.png","contentUrl":"https:\/\/www.tourcruiser.com\/wp-content\/uploads\/2025\/12\/logo.png","width":200,"height":65,"caption":"STYLORAL PTE. LTD"},"image":{"@id":"https:\/\/tourcruiser.com\/fr\/#\/schema\/logo\/image\/"}}]}},"_links":{"self":[{"href":"https:\/\/tourcruiser.com\/fr\/wp-json\/wp\/v2\/product\/141235","targetHints":{"allow":["GET"]}}],"collection":[{"href":"https:\/\/tourcruiser.com\/fr\/wp-json\/wp\/v2\/product"}],"about":[{"href":"https:\/\/tourcruiser.com\/fr\/wp-json\/wp\/v2\/types\/product"}],"replies":[{"embeddable":true,"href":"https:\/\/tourcruiser.com\/fr\/wp-json\/wp\/v2\/comments?post=141235"}],"wp:featuredmedia":[{"embeddable":true,"href":"https:\/\/tourcruiser.com\/fr\/wp-json\/wp\/v2\/media\/141236"}],"wp:attachment":[{"href":"https:\/\/tourcruiser.com\/fr\/wp-json\/wp\/v2\/media?parent=141235"}],"wp:term":[{"taxonomy":"product_brand","embeddable":true,"href":"https:\/\/tourcruiser.com\/fr\/wp-json\/wp\/v2\/product_brand?post=141235"},{"taxonomy":"product_cat","embeddable":true,"href":"https:\/\/tourcruiser.com\/fr\/wp-json\/wp\/v2\/product_cat?post=141235"},{"taxonomy":"product_tag","embeddable":true,"href":"https:\/\/tourcruiser.com\/fr\/wp-json\/wp\/v2\/product_tag?post=141235"}],"curies":[{"name":"wp","href":"https:\/\/api.w.org\/{rel}","templated":true}]}}