{"id":141079,"date":"2026-03-02T15:36:53","date_gmt":"2026-03-02T08:36:53","guid":{"rendered":"http:\/\/tourcruiser.com\/product\/nike-paul-rodriguez-zoom-air-low-bred"},"modified":"2026-03-14T19:08:55","modified_gmt":"2026-03-14T12:08:55","slug":"nike-paul-rodriguez-zoom-air-low-bred","status":"publish","type":"product","link":"https:\/\/tourcruiser.com\/fr\/products\/nike-paul-rodriguez-zoom-air-low-bred\/","title":{"rendered":"Nike Paul Rodriguez Zoom Air Low &lsquo;Bred&rsquo;"},"content":{"rendered":"<p>Rehaussez votre style en skate avec la Nike Paul Rodriguez Zoom Air Low \u00ab\u00a0Bred\u00a0\u00bb IM7147-001. Performance et style intemporel r\u00e9unis.<\/p>\n<p>Cette sneaker iconique associe les coloris noir et rouge \u00e9l\u00e9gants du design \u00ab\u00a0Bred\u00a0\u00bb \u00e0 du daim et du cuir r\u00e9sistants pour un look premium. Son profil bas offre un confort exceptionnel et une grande libert\u00e9 de mouvement, ce qui en fait le choix id\u00e9al pour le skate et au quotidien. L&rsquo;amorti Nike Zoom Air dans la semelle assure un maintien r\u00e9actif, une protection contre les impacts, des r\u00e9ceptions en douceur et un confort optimal toute la journ\u00e9e. La semelle ext\u00e9rieure \u00e0 chevrons offre une adh\u00e9rence et une traction in\u00e9gal\u00e9es pour un contr\u00f4le et une stabilit\u00e9 maximum sur la planche.<\/p>\n<p>Hommage \u00e0 la l\u00e9gende du skate Paul Rodriguez, ce mod\u00e8le en \u00e9dition limit\u00e9e allie \u00e9l\u00e9gance sportive et confort au quotidien. Son design saisissant et ses fonctionnalit\u00e9s haut de gamme s\u00e9duisent les pros comme les passionn\u00e9s de skate. Au skatepark ou dans la rue, la Nike Paul Rodriguez Zoom Air Low \u00ab\u00a0Bred\u00a0\u00bb combine \u00e0 la perfection innovation, confort et style. Procurez-vous la v\u00f4tre d\u00e8s maintenant\u00a0: des chaussures qui unissent performance et h\u00e9ritage dans un design \u00e9l\u00e9gant. Coloris\u00a0: Noir\/Gris moyen\/Noir\/Rouge universitaire\/Blanc Code article\u00a0: IM7147-001 Mati\u00e8re ext\u00e9rieure\u00a0: Daim Semelle interm\u00e9diaire\u00a0: Zoom Air Couleur\u00a0: Noir Saison\u00a0: Automne Ann\u00e9e de sortie\u00a0: 2025<\/p>\n","protected":false},"excerpt":{"rendered":"<p>Nike Paul Rodriguez Zoom Air Low \u201d\u201d Black\/Medium Grey\/Black\/University Red\/White<\/p>\n","protected":false},"featured_media":141080,"comment_status":"open","ping_status":"closed","template":"","meta":[],"product_brand":[],"product_cat":[10803],"product_tag":[10917],"class_list":{"0":"post-141079","1":"product","2":"type-product","3":"status-publish","4":"has-post-thumbnail","6":"product_cat-nike","7":"product_tag-small-130-usd","8":"wcpa_has_options","10":"first","11":"instock","12":"taxable","13":"shipping-taxable","14":"purchasable","15":"product-type-simple"},"wcpa_form_fields":{"rules":{"pric_overide_base_price":false,"pric_overide_base_price_if_gt_zero":false,"pric_overide_base_price_fully":false,"pric_cal_option_once":false,"pric_use_as_fee":false,"bind_quantity":false,"quantity_bind_formula":false},"fields":[{"type":"color-group","required":true,"elementId":"wcpa-color-group-66c4a75505e74","label":"Taille","inline":true,"priceOptions":"different_for_all","pricingType":"fixed","className":"hassizechart product-shoes-size-eu product-shoes-size","name":"color-group-66c4a75505e89","disp_type":"square","selection_type":"tick-border","disp_size":"44","show_label_inside":true,"adjust_width":true,"cart_display_type":"text","other_text":"Other","cl_rule":"show","col":6,"values":[{"label":"35.5","value":"EU 35.5","price":"","pimage":"","pimage_id":"","pthumb":"","color":""},{"label":"36","value":"EU 36","price":"","pimage":"","pimage_id":"","pthumb":"","color":"","selected":true},{"label":"36.5","value":"EU 36.5","price":"","pimage":"","pimage_id":"","pthumb":"","color":""},{"label":"37.5","value":"EU 37.5","price":"","pimage":"","pimage_id":"","pthumb":"","color":""},{"label":"38","value":"EU 38","price":"","pimage":"","pimage_id":"","pthumb":"","color":""},{"label":"38.5","value":"EU 38.5","price":"","pimage":"","pimage_id":"","pthumb":"","color":""},{"label":"39","value":"EU 39","price":"","pimage":"","pimage_id":"","pthumb":"","color":""},{"label":"40","value":"EU 40","price":"","pimage":"","pimage_id":"","pthumb":"","color":""},{"label":"40.5","value":"EU 40.5","price":"","pimage":"","pimage_id":"","pthumb":"","color":""},{"label":"41","value":"EU 41","price":"","pimage":"","pimage_id":"","pthumb":"","color":""},{"label":"42","value":"EU 42","price":"","pimage":"","pimage_id":"","pthumb":"","color":""},{"label":"42.5","value":"EU 42.5","price":"","pimage":"","pimage_id":"","pthumb":"","color":""},{"label":"43","value":"EU 43","price":"","pimage":"","pimage_id":"","pthumb":"","color":""},{"label":"44","value":"EU 44","price":"","pimage":"","pimage_id":"","pthumb":"","color":""},{"label":"44.5","value":"EU 44.5","price":"","pimage":"","pimage_id":"","pthumb":"","color":""},{"label":"45","value":"EU 45","price":"","pimage":"","pimage_id":"","pthumb":"","color":""},{"label":"45.5","value":"EU 45.5","price":"","pimage":"","pimage_id":"","pthumb":"","color":""},{"label":"46","value":"EU 46","price":"","pimage":"","pimage_id":"","pthumb":"","color":""},{"label":"47","value":"EU 47","price":"","pimage":"","pimage_id":"","pthumb":"","color":""},{"label":"47.5","value":"EU 47.5","price":"","pimage":"","pimage_id":"","pthumb":"","color":""},{"label":"48","value":"EU 48","price":"","pimage":"","pimage_id":"","pthumb":"","color":""}],"relations":[{"operator":false,"rules":[]}],"form_id":18106,"form_rules":{"pric_cal_option_once":false,"exclude_from_discount":false,"pric_use_as_fee":false,"fee_label":"Fee","render_after_acb":false,"disp_hide_options_price":false}}]},"yoast_head":"<!-- This site is optimized with the Yoast SEO plugin v26.5 - https:\/\/yoast.com\/wordpress\/plugins\/seo\/ -->\n<title>Nike Paul Rodriguez Zoom Air Low &#039;Bred&#039; - TOURCRUISER PTE. LTD<\/title>\n<meta name=\"robots\" content=\"index, follow, max-snippet:-1, max-image-preview:large, max-video-preview:-1\" \/>\n<link rel=\"canonical\" href=\"https:\/\/tourcruiser.com\/fr\/products\/nike-paul-rodriguez-zoom-air-low-bred\/\" \/>\n<meta property=\"og:locale\" content=\"fr_FR\" \/>\n<meta property=\"og:type\" content=\"article\" \/>\n<meta property=\"og:title\" content=\"Nike Paul Rodriguez Zoom Air Low &#039;Bred&#039; - TOURCRUISER PTE. LTD\" \/>\n<meta property=\"og:description\" content=\"Nike Paul Rodriguez Zoom Air Low \u201d\u201d Black\/Medium Grey\/Black\/University Red\/White\" \/>\n<meta property=\"og:url\" content=\"https:\/\/tourcruiser.com\/fr\/products\/nike-paul-rodriguez-zoom-air-low-bred\/\" \/>\n<meta property=\"og:site_name\" content=\"Tourcruiser Sneaker Store\" \/>\n<meta property=\"article:modified_time\" content=\"2026-03-14T12:08:55+00:00\" \/>\n<meta name=\"twitter:card\" content=\"summary_large_image\" \/>\n<meta name=\"twitter:image\" content=\"https:\/\/images.novelship.com\/product\/nike_paul_rodriguez_zoom_air_low__bred__im7147-001_0_1467.jpeg\" \/>\n<meta name=\"twitter:label1\" content=\"Dur\u00e9e de lecture estim\u00e9e\" \/>\n\t<meta name=\"twitter:data1\" content=\"1 minute\" \/>\n<script type=\"application\/ld+json\" class=\"yoast-schema-graph\">{\"@context\":\"https:\/\/schema.org\",\"@graph\":[{\"@type\":\"WebPage\",\"@id\":\"https:\/\/tourcruiser.com\/fr\/products\/nike-paul-rodriguez-zoom-air-low-bred\/\",\"url\":\"https:\/\/tourcruiser.com\/fr\/products\/nike-paul-rodriguez-zoom-air-low-bred\/\",\"name\":\"Nike Paul Rodriguez Zoom Air Low 'Bred' - TOURCRUISER PTE. LTD\",\"isPartOf\":{\"@id\":\"https:\/\/tourcruiser.com\/fr\/#website\"},\"primaryImageOfPage\":{\"@id\":\"https:\/\/tourcruiser.com\/fr\/products\/nike-paul-rodriguez-zoom-air-low-bred\/#primaryimage\"},\"image\":{\"@id\":\"https:\/\/tourcruiser.com\/fr\/products\/nike-paul-rodriguez-zoom-air-low-bred\/#primaryimage\"},\"thumbnailUrl\":\"https:\/\/images.novelship.com\/product\/nike_paul_rodriguez_zoom_air_low__bred__im7147-001_0_1467.jpeg\",\"datePublished\":\"2026-03-02T08:36:53+00:00\",\"dateModified\":\"2026-03-14T12:08:55+00:00\",\"breadcrumb\":{\"@id\":\"https:\/\/tourcruiser.com\/fr\/products\/nike-paul-rodriguez-zoom-air-low-bred\/#breadcrumb\"},\"inLanguage\":\"fr-FR\",\"potentialAction\":[{\"@type\":\"ReadAction\",\"target\":[\"https:\/\/tourcruiser.com\/fr\/products\/nike-paul-rodriguez-zoom-air-low-bred\/\"]}]},{\"@type\":\"ImageObject\",\"inLanguage\":\"fr-FR\",\"@id\":\"https:\/\/tourcruiser.com\/fr\/products\/nike-paul-rodriguez-zoom-air-low-bred\/#primaryimage\",\"url\":\"https:\/\/images.novelship.com\/product\/nike_paul_rodriguez_zoom_air_low__bred__im7147-001_0_1467.jpeg\",\"contentUrl\":\"https:\/\/images.novelship.com\/product\/nike_paul_rodriguez_zoom_air_low__bred__im7147-001_0_1467.jpeg\"},{\"@type\":\"BreadcrumbList\",\"@id\":\"https:\/\/tourcruiser.com\/fr\/products\/nike-paul-rodriguez-zoom-air-low-bred\/#breadcrumb\",\"itemListElement\":[{\"@type\":\"ListItem\",\"position\":1,\"name\":\"Home\",\"item\":\"https:\/\/tourcruiser.com\/fr\/\"},{\"@type\":\"ListItem\",\"position\":2,\"name\":\"Shop\",\"item\":\"https:\/\/tourcruiser.com\/fr\/shop\/\"},{\"@type\":\"ListItem\",\"position\":3,\"name\":\"Nike Paul Rodriguez Zoom Air Low 'Bred'\"}]},{\"@type\":\"WebSite\",\"@id\":\"https:\/\/tourcruiser.com\/fr\/#website\",\"url\":\"https:\/\/tourcruiser.com\/fr\/\",\"name\":\"Styloral Jewelry Shop\",\"description\":\"Tourcruiser Sneaker Store \u2014 L\u2019endroit o\u00f9 l\u2019univers rencontre votre singularit\u00e9.\",\"publisher\":{\"@id\":\"https:\/\/tourcruiser.com\/fr\/#organization\"},\"potentialAction\":[{\"@type\":\"SearchAction\",\"target\":{\"@type\":\"EntryPoint\",\"urlTemplate\":\"https:\/\/tourcruiser.com\/fr\/?s={search_term_string}\"},\"query-input\":{\"@type\":\"PropertyValueSpecification\",\"valueRequired\":true,\"valueName\":\"search_term_string\"}}],\"inLanguage\":\"fr-FR\"},{\"@type\":\"Organization\",\"@id\":\"https:\/\/tourcruiser.com\/fr\/#organization\",\"name\":\"STYLORAL PTE. LTD\",\"url\":\"https:\/\/tourcruiser.com\/fr\/\",\"logo\":{\"@type\":\"ImageObject\",\"inLanguage\":\"fr-FR\",\"@id\":\"https:\/\/tourcruiser.com\/fr\/#\/schema\/logo\/image\/\",\"url\":\"https:\/\/www.tourcruiser.com\/wp-content\/uploads\/2025\/12\/logo.png\",\"contentUrl\":\"https:\/\/www.tourcruiser.com\/wp-content\/uploads\/2025\/12\/logo.png\",\"width\":200,\"height\":65,\"caption\":\"STYLORAL PTE. LTD\"},\"image\":{\"@id\":\"https:\/\/tourcruiser.com\/fr\/#\/schema\/logo\/image\/\"}}]}<\/script>\n<!-- \/ Yoast SEO plugin. -->","yoast_head_json":{"title":"Nike Paul Rodriguez Zoom Air Low 'Bred' - TOURCRUISER PTE. LTD","robots":{"index":"index","follow":"follow","max-snippet":"max-snippet:-1","max-image-preview":"max-image-preview:large","max-video-preview":"max-video-preview:-1"},"canonical":"https:\/\/tourcruiser.com\/fr\/products\/nike-paul-rodriguez-zoom-air-low-bred\/","og_locale":"fr_FR","og_type":"article","og_title":"Nike Paul Rodriguez Zoom Air Low 'Bred' - TOURCRUISER PTE. LTD","og_description":"Nike Paul Rodriguez Zoom Air Low \u201d\u201d Black\/Medium Grey\/Black\/University Red\/White","og_url":"https:\/\/tourcruiser.com\/fr\/products\/nike-paul-rodriguez-zoom-air-low-bred\/","og_site_name":"Tourcruiser Sneaker Store","article_modified_time":"2026-03-14T12:08:55+00:00","twitter_card":"summary_large_image","twitter_image":"https:\/\/images.novelship.com\/product\/nike_paul_rodriguez_zoom_air_low__bred__im7147-001_0_1467.jpeg","twitter_misc":{"Dur\u00e9e de lecture estim\u00e9e":"1 minute"},"schema":{"@context":"https:\/\/schema.org","@graph":[{"@type":"WebPage","@id":"https:\/\/tourcruiser.com\/fr\/products\/nike-paul-rodriguez-zoom-air-low-bred\/","url":"https:\/\/tourcruiser.com\/fr\/products\/nike-paul-rodriguez-zoom-air-low-bred\/","name":"Nike Paul Rodriguez Zoom Air Low 'Bred' - TOURCRUISER PTE. LTD","isPartOf":{"@id":"https:\/\/tourcruiser.com\/fr\/#website"},"primaryImageOfPage":{"@id":"https:\/\/tourcruiser.com\/fr\/products\/nike-paul-rodriguez-zoom-air-low-bred\/#primaryimage"},"image":{"@id":"https:\/\/tourcruiser.com\/fr\/products\/nike-paul-rodriguez-zoom-air-low-bred\/#primaryimage"},"thumbnailUrl":"https:\/\/images.novelship.com\/product\/nike_paul_rodriguez_zoom_air_low__bred__im7147-001_0_1467.jpeg","datePublished":"2026-03-02T08:36:53+00:00","dateModified":"2026-03-14T12:08:55+00:00","breadcrumb":{"@id":"https:\/\/tourcruiser.com\/fr\/products\/nike-paul-rodriguez-zoom-air-low-bred\/#breadcrumb"},"inLanguage":"fr-FR","potentialAction":[{"@type":"ReadAction","target":["https:\/\/tourcruiser.com\/fr\/products\/nike-paul-rodriguez-zoom-air-low-bred\/"]}]},{"@type":"ImageObject","inLanguage":"fr-FR","@id":"https:\/\/tourcruiser.com\/fr\/products\/nike-paul-rodriguez-zoom-air-low-bred\/#primaryimage","url":"https:\/\/images.novelship.com\/product\/nike_paul_rodriguez_zoom_air_low__bred__im7147-001_0_1467.jpeg","contentUrl":"https:\/\/images.novelship.com\/product\/nike_paul_rodriguez_zoom_air_low__bred__im7147-001_0_1467.jpeg"},{"@type":"BreadcrumbList","@id":"https:\/\/tourcruiser.com\/fr\/products\/nike-paul-rodriguez-zoom-air-low-bred\/#breadcrumb","itemListElement":[{"@type":"ListItem","position":1,"name":"Home","item":"https:\/\/tourcruiser.com\/fr\/"},{"@type":"ListItem","position":2,"name":"Shop","item":"https:\/\/tourcruiser.com\/fr\/shop\/"},{"@type":"ListItem","position":3,"name":"Nike Paul Rodriguez Zoom Air Low 'Bred'"}]},{"@type":"WebSite","@id":"https:\/\/tourcruiser.com\/fr\/#website","url":"https:\/\/tourcruiser.com\/fr\/","name":"Styloral Jewelry Shop","description":"Tourcruiser Sneaker Store \u2014 L\u2019endroit o\u00f9 l\u2019univers rencontre votre singularit\u00e9.","publisher":{"@id":"https:\/\/tourcruiser.com\/fr\/#organization"},"potentialAction":[{"@type":"SearchAction","target":{"@type":"EntryPoint","urlTemplate":"https:\/\/tourcruiser.com\/fr\/?s={search_term_string}"},"query-input":{"@type":"PropertyValueSpecification","valueRequired":true,"valueName":"search_term_string"}}],"inLanguage":"fr-FR"},{"@type":"Organization","@id":"https:\/\/tourcruiser.com\/fr\/#organization","name":"STYLORAL PTE. LTD","url":"https:\/\/tourcruiser.com\/fr\/","logo":{"@type":"ImageObject","inLanguage":"fr-FR","@id":"https:\/\/tourcruiser.com\/fr\/#\/schema\/logo\/image\/","url":"https:\/\/www.tourcruiser.com\/wp-content\/uploads\/2025\/12\/logo.png","contentUrl":"https:\/\/www.tourcruiser.com\/wp-content\/uploads\/2025\/12\/logo.png","width":200,"height":65,"caption":"STYLORAL PTE. LTD"},"image":{"@id":"https:\/\/tourcruiser.com\/fr\/#\/schema\/logo\/image\/"}}]}},"_links":{"self":[{"href":"https:\/\/tourcruiser.com\/fr\/wp-json\/wp\/v2\/product\/141079","targetHints":{"allow":["GET"]}}],"collection":[{"href":"https:\/\/tourcruiser.com\/fr\/wp-json\/wp\/v2\/product"}],"about":[{"href":"https:\/\/tourcruiser.com\/fr\/wp-json\/wp\/v2\/types\/product"}],"replies":[{"embeddable":true,"href":"https:\/\/tourcruiser.com\/fr\/wp-json\/wp\/v2\/comments?post=141079"}],"wp:featuredmedia":[{"embeddable":true,"href":"https:\/\/tourcruiser.com\/fr\/wp-json\/wp\/v2\/media\/141080"}],"wp:attachment":[{"href":"https:\/\/tourcruiser.com\/fr\/wp-json\/wp\/v2\/media?parent=141079"}],"wp:term":[{"taxonomy":"product_brand","embeddable":true,"href":"https:\/\/tourcruiser.com\/fr\/wp-json\/wp\/v2\/product_brand?post=141079"},{"taxonomy":"product_cat","embeddable":true,"href":"https:\/\/tourcruiser.com\/fr\/wp-json\/wp\/v2\/product_cat?post=141079"},{"taxonomy":"product_tag","embeddable":true,"href":"https:\/\/tourcruiser.com\/fr\/wp-json\/wp\/v2\/product_tag?post=141079"}],"curies":[{"name":"wp","href":"https:\/\/api.w.org\/{rel}","templated":true}]}}