{"id":141015,"date":"2026-03-02T15:36:46","date_gmt":"2026-03-02T08:36:46","guid":{"rendered":"http:\/\/tourcruiser.com\/product\/lamine-yamal-x-adidas-f50-elite-laceless-fg-lyt304"},"modified":"2026-03-14T19:08:46","modified_gmt":"2026-03-14T12:08:46","slug":"lamine-yamal-x-adidas-f50-elite-laceless-fg-lyt304","status":"publish","type":"product","link":"https:\/\/tourcruiser.com\/fr\/products\/lamine-yamal-x-adidas-f50-elite-laceless-fg-lyt304\/","title":{"rendered":"Lamine Yamal x adidas F50 Elite Laceless FG &lsquo;LYT304&rsquo;"},"content":{"rendered":"<p>D\u00e9couvrez des performances exceptionnelles avec la Lamine Yamal x adidas F50 Elite Laceless FG \u00ab\u00a0LYT304\u00a0\u00bb JQ0339. Con\u00e7ue pour les athl\u00e8tes de haut niveau, cette chaussure de football b\u00e9n\u00e9ficie d&rsquo;une construction sans lacets r\u00e9volutionnaire pour un ajustement optimal. La tige l\u00e9g\u00e8re offre une vitesse explosive, tandis que la semelle ext\u00e9rieure adh\u00e9rente assure une excellente traction sur gazon naturel. Gr\u00e2ce \u00e0 la technologie innovante d&rsquo;adidas, la F50 Elite offre un contr\u00f4le du ballon et une stabilit\u00e9 sup\u00e9rieurs. Passez au niveau sup\u00e9rieur et rendez chaque match inoubliable avec cette chaussure remarquable. <\/p>\n<p>Coloris\u00a0: Rose clair\/Violet fluo\/Rose p\u00e2le<\/p>\n<p>R\u00e9f\u00e9rence\u00a0: JQ0339<\/p>\n<p>Mati\u00e8re de la tige\u00a0: Fibertouch<\/p>\n<p>Couleur\u00a0: Rose<\/p>\n<p>Ann\u00e9e de sortie\u00a0: 2024<\/p>\n","protected":false},"excerpt":{"rendered":"<p>adidas None \u201d\u201d Clear Pink\/Purple Glow\/Light Pink<\/p>\n","protected":false},"featured_media":141016,"comment_status":"open","ping_status":"closed","template":"","meta":[],"product_brand":[],"product_cat":[10760],"product_tag":[10759,11087,17099,10802,10986,10987,10785],"class_list":{"0":"post-141015","1":"product","2":"type-product","3":"status-publish","4":"has-post-thumbnail","6":"product_cat-adidas","7":"product_tag-adidas","8":"product_tag-firm-ground-fg-football-boots","9":"product_tag-laceless-football-boots","10":"product_tag-performance-sport-shoes","11":"product_tag-soccer-shoes","12":"product_tag-soccer-shoes-football-cleats","13":"product_tag-trending-deals","14":"wcpa_has_options","16":"first","17":"instock","18":"taxable","19":"shipping-taxable","20":"purchasable","21":"product-type-simple"},"wcpa_form_fields":{"rules":{"pric_overide_base_price":false,"pric_overide_base_price_if_gt_zero":false,"pric_overide_base_price_fully":false,"pric_cal_option_once":false,"pric_use_as_fee":false,"bind_quantity":false,"quantity_bind_formula":false},"fields":[{"type":"color-group","required":true,"elementId":"wcpa-color-group-66c4a7f817afe","label":"Taille","inline":true,"priceOptions":"different_for_all","pricingType":"fixed","className":"hassizechart product-shoes-size-eu product-shoes-size","name":"color-group-66c4a7f817b18","disp_type":"square","selection_type":"tick-border","disp_size":"50","show_label_inside":true,"adjust_width":true,"cart_display_type":"text","other_text":"Other","cl_rule":"show","col":6,"values":[{"label":"35","value":"EU 35","price":"","pimage":"","pimage_id":"","pthumb":"","color":""},{"label":"35.5","value":"EU 35.5","price":"","pimage":"","pimage_id":"","pthumb":"","color":""},{"label":"36","value":"EU 36","price":"","pimage":"","pimage_id":"","pthumb":"","color":"","selected":true},{"label":"36 2\/3","value":"EU 36 2\/3","price":"","pimage":"","pimage_id":"","pthumb":"","color":""},{"label":"37 1\/3","value":"EU 37 1\/3","price":"","pimage":"","pimage_id":"","pthumb":"","color":""},{"label":"38","value":"EU 38","price":"","pimage":"","pimage_id":"","pthumb":"","color":""},{"label":"38 2\/3","value":"EU 38 2\/3","price":"","pimage":"","pimage_id":"","pthumb":"","color":""},{"label":"39 1\/3","value":"EU 39 1\/3","price":"","pimage":"","pimage_id":"","pthumb":"","color":""},{"label":"40","value":"EU 40","price":"","pimage":"","pimage_id":"","pthumb":"","color":""},{"label":"40 2\/3","value":"EU 40 2\/3","price":"","pimage":"","pimage_id":"","pthumb":"","color":""},{"label":"41 1\/3","value":"EU 41 1\/3","price":"","pimage":"","pimage_id":"","pthumb":"","color":""},{"label":"42","value":"EU 42","price":"","pimage":"","pimage_id":"","pthumb":"","color":""},{"label":"42 2\/3","value":"EU 42 2\/3","price":"","pimage":"","pimage_id":"","pthumb":"","color":""},{"label":"43 1\/3","value":"EU 43 1\/3","price":"","pimage":"","pimage_id":"","pthumb":"","color":""},{"label":"44","value":"EU 44","price":"","pimage":"","pimage_id":"","pthumb":"","color":""},{"label":"44 2\/3","value":"EU 44 2\/3","price":"","pimage":"","pimage_id":"","pthumb":"","color":""},{"label":"45 1\/3","value":"EU 45 1\/3","price":"","pimage":"","pimage_id":"","pthumb":"","color":""},{"label":"46","value":"EU 46","price":"","pimage":"","pimage_id":"","pthumb":"","color":""},{"label":"46 2\/3","value":"EU 46 2\/3","price":"","pimage":"","pimage_id":"","pthumb":"","color":""},{"label":"47 1\/3","value":"EU 47 1\/3","price":"","pimage":"","pimage_id":"","pthumb":"","color":""}],"relations":[{"operator":false,"rules":[]}],"form_id":24802,"form_rules":{"pric_cal_option_once":false,"exclude_from_discount":false,"pric_use_as_fee":false,"fee_label":"Fee","render_after_acb":false,"disp_hide_options_price":false}}]},"yoast_head":"<!-- This site is optimized with the Yoast SEO plugin v26.5 - https:\/\/yoast.com\/wordpress\/plugins\/seo\/ -->\n<title>Lamine Yamal x adidas F50 Elite Laceless FG &#039;LYT304&#039; - TOURCRUISER PTE. LTD<\/title>\n<meta name=\"robots\" content=\"index, follow, max-snippet:-1, max-image-preview:large, max-video-preview:-1\" \/>\n<link rel=\"canonical\" href=\"https:\/\/tourcruiser.com\/fr\/products\/lamine-yamal-x-adidas-f50-elite-laceless-fg-lyt304\/\" \/>\n<meta property=\"og:locale\" content=\"fr_FR\" \/>\n<meta property=\"og:type\" content=\"article\" \/>\n<meta property=\"og:title\" content=\"Lamine Yamal x adidas F50 Elite Laceless FG &#039;LYT304&#039; - TOURCRUISER PTE. LTD\" \/>\n<meta property=\"og:description\" content=\"adidas None \u201d\u201d Clear Pink\/Purple Glow\/Light Pink\" \/>\n<meta property=\"og:url\" content=\"https:\/\/tourcruiser.com\/fr\/products\/lamine-yamal-x-adidas-f50-elite-laceless-fg-lyt304\/\" \/>\n<meta property=\"og:site_name\" content=\"Tourcruiser Sneaker Store\" \/>\n<meta property=\"article:modified_time\" content=\"2026-03-14T12:08:46+00:00\" \/>\n<meta name=\"twitter:card\" content=\"summary_large_image\" \/>\n<meta name=\"twitter:image\" content=\"https:\/\/images.novelship.com\/product\/lamine_yamal_x_adidas_f50_elite_laceless_fg__lyt30_0_14552.jpeg\" \/>\n<meta name=\"twitter:label1\" content=\"Dur\u00e9e de lecture estim\u00e9e\" \/>\n\t<meta name=\"twitter:data1\" content=\"1 minute\" \/>\n<script type=\"application\/ld+json\" class=\"yoast-schema-graph\">{\"@context\":\"https:\/\/schema.org\",\"@graph\":[{\"@type\":\"WebPage\",\"@id\":\"https:\/\/tourcruiser.com\/fr\/products\/lamine-yamal-x-adidas-f50-elite-laceless-fg-lyt304\/\",\"url\":\"https:\/\/tourcruiser.com\/fr\/products\/lamine-yamal-x-adidas-f50-elite-laceless-fg-lyt304\/\",\"name\":\"Lamine Yamal x adidas F50 Elite Laceless FG 'LYT304' - TOURCRUISER PTE. LTD\",\"isPartOf\":{\"@id\":\"https:\/\/tourcruiser.com\/fr\/#website\"},\"primaryImageOfPage\":{\"@id\":\"https:\/\/tourcruiser.com\/fr\/products\/lamine-yamal-x-adidas-f50-elite-laceless-fg-lyt304\/#primaryimage\"},\"image\":{\"@id\":\"https:\/\/tourcruiser.com\/fr\/products\/lamine-yamal-x-adidas-f50-elite-laceless-fg-lyt304\/#primaryimage\"},\"thumbnailUrl\":\"https:\/\/images.novelship.com\/product\/lamine_yamal_x_adidas_f50_elite_laceless_fg__lyt30_0_14552.jpeg\",\"datePublished\":\"2026-03-02T08:36:46+00:00\",\"dateModified\":\"2026-03-14T12:08:46+00:00\",\"breadcrumb\":{\"@id\":\"https:\/\/tourcruiser.com\/fr\/products\/lamine-yamal-x-adidas-f50-elite-laceless-fg-lyt304\/#breadcrumb\"},\"inLanguage\":\"fr-FR\",\"potentialAction\":[{\"@type\":\"ReadAction\",\"target\":[\"https:\/\/tourcruiser.com\/fr\/products\/lamine-yamal-x-adidas-f50-elite-laceless-fg-lyt304\/\"]}]},{\"@type\":\"ImageObject\",\"inLanguage\":\"fr-FR\",\"@id\":\"https:\/\/tourcruiser.com\/fr\/products\/lamine-yamal-x-adidas-f50-elite-laceless-fg-lyt304\/#primaryimage\",\"url\":\"https:\/\/images.novelship.com\/product\/lamine_yamal_x_adidas_f50_elite_laceless_fg__lyt30_0_14552.jpeg\",\"contentUrl\":\"https:\/\/images.novelship.com\/product\/lamine_yamal_x_adidas_f50_elite_laceless_fg__lyt30_0_14552.jpeg\"},{\"@type\":\"BreadcrumbList\",\"@id\":\"https:\/\/tourcruiser.com\/fr\/products\/lamine-yamal-x-adidas-f50-elite-laceless-fg-lyt304\/#breadcrumb\",\"itemListElement\":[{\"@type\":\"ListItem\",\"position\":1,\"name\":\"Home\",\"item\":\"https:\/\/tourcruiser.com\/fr\/\"},{\"@type\":\"ListItem\",\"position\":2,\"name\":\"Shop\",\"item\":\"https:\/\/tourcruiser.com\/fr\/shop\/\"},{\"@type\":\"ListItem\",\"position\":3,\"name\":\"Lamine Yamal x adidas F50 Elite Laceless FG 'LYT304'\"}]},{\"@type\":\"WebSite\",\"@id\":\"https:\/\/tourcruiser.com\/fr\/#website\",\"url\":\"https:\/\/tourcruiser.com\/fr\/\",\"name\":\"Styloral Jewelry Shop\",\"description\":\"Tourcruiser Sneaker Store \u2014 L\u2019endroit o\u00f9 l\u2019univers rencontre votre singularit\u00e9.\",\"publisher\":{\"@id\":\"https:\/\/tourcruiser.com\/fr\/#organization\"},\"potentialAction\":[{\"@type\":\"SearchAction\",\"target\":{\"@type\":\"EntryPoint\",\"urlTemplate\":\"https:\/\/tourcruiser.com\/fr\/?s={search_term_string}\"},\"query-input\":{\"@type\":\"PropertyValueSpecification\",\"valueRequired\":true,\"valueName\":\"search_term_string\"}}],\"inLanguage\":\"fr-FR\"},{\"@type\":\"Organization\",\"@id\":\"https:\/\/tourcruiser.com\/fr\/#organization\",\"name\":\"STYLORAL PTE. LTD\",\"url\":\"https:\/\/tourcruiser.com\/fr\/\",\"logo\":{\"@type\":\"ImageObject\",\"inLanguage\":\"fr-FR\",\"@id\":\"https:\/\/tourcruiser.com\/fr\/#\/schema\/logo\/image\/\",\"url\":\"https:\/\/www.tourcruiser.com\/wp-content\/uploads\/2025\/12\/logo.png\",\"contentUrl\":\"https:\/\/www.tourcruiser.com\/wp-content\/uploads\/2025\/12\/logo.png\",\"width\":200,\"height\":65,\"caption\":\"STYLORAL PTE. LTD\"},\"image\":{\"@id\":\"https:\/\/tourcruiser.com\/fr\/#\/schema\/logo\/image\/\"}}]}<\/script>\n<!-- \/ Yoast SEO plugin. -->","yoast_head_json":{"title":"Lamine Yamal x adidas F50 Elite Laceless FG 'LYT304' - TOURCRUISER PTE. LTD","robots":{"index":"index","follow":"follow","max-snippet":"max-snippet:-1","max-image-preview":"max-image-preview:large","max-video-preview":"max-video-preview:-1"},"canonical":"https:\/\/tourcruiser.com\/fr\/products\/lamine-yamal-x-adidas-f50-elite-laceless-fg-lyt304\/","og_locale":"fr_FR","og_type":"article","og_title":"Lamine Yamal x adidas F50 Elite Laceless FG 'LYT304' - TOURCRUISER PTE. LTD","og_description":"adidas None \u201d\u201d Clear Pink\/Purple Glow\/Light Pink","og_url":"https:\/\/tourcruiser.com\/fr\/products\/lamine-yamal-x-adidas-f50-elite-laceless-fg-lyt304\/","og_site_name":"Tourcruiser Sneaker Store","article_modified_time":"2026-03-14T12:08:46+00:00","twitter_card":"summary_large_image","twitter_image":"https:\/\/images.novelship.com\/product\/lamine_yamal_x_adidas_f50_elite_laceless_fg__lyt30_0_14552.jpeg","twitter_misc":{"Dur\u00e9e de lecture estim\u00e9e":"1 minute"},"schema":{"@context":"https:\/\/schema.org","@graph":[{"@type":"WebPage","@id":"https:\/\/tourcruiser.com\/fr\/products\/lamine-yamal-x-adidas-f50-elite-laceless-fg-lyt304\/","url":"https:\/\/tourcruiser.com\/fr\/products\/lamine-yamal-x-adidas-f50-elite-laceless-fg-lyt304\/","name":"Lamine Yamal x adidas F50 Elite Laceless FG 'LYT304' - TOURCRUISER PTE. LTD","isPartOf":{"@id":"https:\/\/tourcruiser.com\/fr\/#website"},"primaryImageOfPage":{"@id":"https:\/\/tourcruiser.com\/fr\/products\/lamine-yamal-x-adidas-f50-elite-laceless-fg-lyt304\/#primaryimage"},"image":{"@id":"https:\/\/tourcruiser.com\/fr\/products\/lamine-yamal-x-adidas-f50-elite-laceless-fg-lyt304\/#primaryimage"},"thumbnailUrl":"https:\/\/images.novelship.com\/product\/lamine_yamal_x_adidas_f50_elite_laceless_fg__lyt30_0_14552.jpeg","datePublished":"2026-03-02T08:36:46+00:00","dateModified":"2026-03-14T12:08:46+00:00","breadcrumb":{"@id":"https:\/\/tourcruiser.com\/fr\/products\/lamine-yamal-x-adidas-f50-elite-laceless-fg-lyt304\/#breadcrumb"},"inLanguage":"fr-FR","potentialAction":[{"@type":"ReadAction","target":["https:\/\/tourcruiser.com\/fr\/products\/lamine-yamal-x-adidas-f50-elite-laceless-fg-lyt304\/"]}]},{"@type":"ImageObject","inLanguage":"fr-FR","@id":"https:\/\/tourcruiser.com\/fr\/products\/lamine-yamal-x-adidas-f50-elite-laceless-fg-lyt304\/#primaryimage","url":"https:\/\/images.novelship.com\/product\/lamine_yamal_x_adidas_f50_elite_laceless_fg__lyt30_0_14552.jpeg","contentUrl":"https:\/\/images.novelship.com\/product\/lamine_yamal_x_adidas_f50_elite_laceless_fg__lyt30_0_14552.jpeg"},{"@type":"BreadcrumbList","@id":"https:\/\/tourcruiser.com\/fr\/products\/lamine-yamal-x-adidas-f50-elite-laceless-fg-lyt304\/#breadcrumb","itemListElement":[{"@type":"ListItem","position":1,"name":"Home","item":"https:\/\/tourcruiser.com\/fr\/"},{"@type":"ListItem","position":2,"name":"Shop","item":"https:\/\/tourcruiser.com\/fr\/shop\/"},{"@type":"ListItem","position":3,"name":"Lamine Yamal x adidas F50 Elite Laceless FG 'LYT304'"}]},{"@type":"WebSite","@id":"https:\/\/tourcruiser.com\/fr\/#website","url":"https:\/\/tourcruiser.com\/fr\/","name":"Styloral Jewelry Shop","description":"Tourcruiser Sneaker Store \u2014 L\u2019endroit o\u00f9 l\u2019univers rencontre votre singularit\u00e9.","publisher":{"@id":"https:\/\/tourcruiser.com\/fr\/#organization"},"potentialAction":[{"@type":"SearchAction","target":{"@type":"EntryPoint","urlTemplate":"https:\/\/tourcruiser.com\/fr\/?s={search_term_string}"},"query-input":{"@type":"PropertyValueSpecification","valueRequired":true,"valueName":"search_term_string"}}],"inLanguage":"fr-FR"},{"@type":"Organization","@id":"https:\/\/tourcruiser.com\/fr\/#organization","name":"STYLORAL PTE. LTD","url":"https:\/\/tourcruiser.com\/fr\/","logo":{"@type":"ImageObject","inLanguage":"fr-FR","@id":"https:\/\/tourcruiser.com\/fr\/#\/schema\/logo\/image\/","url":"https:\/\/www.tourcruiser.com\/wp-content\/uploads\/2025\/12\/logo.png","contentUrl":"https:\/\/www.tourcruiser.com\/wp-content\/uploads\/2025\/12\/logo.png","width":200,"height":65,"caption":"STYLORAL PTE. LTD"},"image":{"@id":"https:\/\/tourcruiser.com\/fr\/#\/schema\/logo\/image\/"}}]}},"_links":{"self":[{"href":"https:\/\/tourcruiser.com\/fr\/wp-json\/wp\/v2\/product\/141015","targetHints":{"allow":["GET"]}}],"collection":[{"href":"https:\/\/tourcruiser.com\/fr\/wp-json\/wp\/v2\/product"}],"about":[{"href":"https:\/\/tourcruiser.com\/fr\/wp-json\/wp\/v2\/types\/product"}],"replies":[{"embeddable":true,"href":"https:\/\/tourcruiser.com\/fr\/wp-json\/wp\/v2\/comments?post=141015"}],"wp:featuredmedia":[{"embeddable":true,"href":"https:\/\/tourcruiser.com\/fr\/wp-json\/wp\/v2\/media\/141016"}],"wp:attachment":[{"href":"https:\/\/tourcruiser.com\/fr\/wp-json\/wp\/v2\/media?parent=141015"}],"wp:term":[{"taxonomy":"product_brand","embeddable":true,"href":"https:\/\/tourcruiser.com\/fr\/wp-json\/wp\/v2\/product_brand?post=141015"},{"taxonomy":"product_cat","embeddable":true,"href":"https:\/\/tourcruiser.com\/fr\/wp-json\/wp\/v2\/product_cat?post=141015"},{"taxonomy":"product_tag","embeddable":true,"href":"https:\/\/tourcruiser.com\/fr\/wp-json\/wp\/v2\/product_tag?post=141015"}],"curies":[{"name":"wp","href":"https:\/\/api.w.org\/{rel}","templated":true}]}}