{"id":140558,"date":"2026-03-02T15:36:09","date_gmt":"2026-03-02T08:36:09","guid":{"rendered":"http:\/\/tourcruiser.com\/product\/kylian-mbapp-x-nike-zoom-mercurial-superfly-10-elite-fg-grand-purple"},"modified":"2026-03-14T19:08:24","modified_gmt":"2026-03-14T12:08:24","slug":"kylian-mbapp-x-nike-zoom-mercurial-superfly-10-elite-fg-grand-purple","status":"publish","type":"product","link":"https:\/\/tourcruiser.com\/fr\/products\/kylian-mbapp-x-nike-zoom-mercurial-superfly-10-elite-fg-grand-purple\/","title":{"rendered":"Kylian Mbapp\u00e9 x Nike Zoom Mercurial Superfly 10 Elite FG &lsquo;Grand Purple&rsquo;"},"content":{"rendered":"<p>Am\u00e9liorez votre jeu avec les chaussures de football Kylian Mbapp\u00e9 x Nike Zoom Mercurial Superfly 10 Elite FG en coloris Grand Purple. Con\u00e7ues pour la vitesse et la pr\u00e9cision, ces superbes chaussures int\u00e8grent la technologie Zoom Air pour une acc\u00e9l\u00e9ration explosive et un confort in\u00e9gal\u00e9 sur terrain ferme. Leur coloris Grand Purple saisissant allie style et performance \u00e0 la perfection. Cette collaboration est id\u00e9ale pour les footballeurs ambitieux du monde entier, offrant le design innovant exig\u00e9 par les athl\u00e8tes d&rsquo;\u00e9lite d&rsquo;aujourd&rsquo;hui. Lib\u00e9rez votre potentiel avec<\/p>\n<ul>\n<li><strong>Coloris\u00a0:<\/strong> Grand Purple\/Pale Ivory<\/li>\n<li><strong>Code article\u00a0:<\/strong> FQ8692-500<\/li>\n<li><strong>Tige\u00a0:<\/strong> Flyknit<\/li>\n<li><strong>Semelle interm\u00e9diaire\u00a0:<\/strong> Zoom Air<\/li>\n<li><strong>Couleur\u00a0:<\/strong> Violet<\/li>\n<li><strong>Saison\u00a0:<\/strong> Printemps<\/li>\n<li><strong>Ann\u00e9e de sortie\u00a0:<\/strong> 2025<\/li>\n<\/ul>\n","protected":false},"excerpt":{"rendered":"<p>Nike Zoom Mercurial Superfly 10 Elite FG \u201d\u201d Grand Purple\/Pale Ivory<\/p>\n","protected":false},"featured_media":140559,"comment_status":"open","ping_status":"closed","template":"","meta":[],"product_brand":[],"product_cat":[10803],"product_tag":[10799,10800,12080,10801,10802,10986,10987,10785,10758],"class_list":{"0":"post-140558","1":"product","2":"type-product","3":"status-publish","4":"has-post-thumbnail","6":"product_cat-nike","7":"product_tag-ankle-support-basketball-shoes","8":"product_tag-basketball-shoes","9":"product_tag-kylian-mbappe","10":"product_tag-nike","11":"product_tag-performance-sport-shoes","12":"product_tag-soccer-shoes","13":"product_tag-soccer-shoes-football-cleats","14":"product_tag-trending-deals","15":"product_tag-under-retail","16":"wcpa_has_options","18":"first","19":"instock","20":"sale","21":"taxable","22":"shipping-taxable","23":"purchasable","24":"product-type-simple"},"wcpa_form_fields":{"rules":{"pric_overide_base_price":false,"pric_overide_base_price_if_gt_zero":false,"pric_overide_base_price_fully":false,"pric_cal_option_once":false,"pric_use_as_fee":false,"bind_quantity":false,"quantity_bind_formula":false},"fields":[{"type":"color-group","required":true,"elementId":"wcpa-color-group-66c4a75505e74","label":"Taille","inline":true,"priceOptions":"different_for_all","pricingType":"fixed","className":"hassizechart product-shoes-size-eu product-shoes-size","name":"color-group-66c4a75505e89","disp_type":"square","selection_type":"tick-border","disp_size":"44","show_label_inside":true,"adjust_width":true,"cart_display_type":"text","other_text":"Other","cl_rule":"show","col":6,"values":[{"label":"35.5","value":"EU 35.5","price":"","pimage":"","pimage_id":"","pthumb":"","color":""},{"label":"36","value":"EU 36","price":"","pimage":"","pimage_id":"","pthumb":"","color":"","selected":true},{"label":"36.5","value":"EU 36.5","price":"","pimage":"","pimage_id":"","pthumb":"","color":""},{"label":"37.5","value":"EU 37.5","price":"","pimage":"","pimage_id":"","pthumb":"","color":""},{"label":"38","value":"EU 38","price":"","pimage":"","pimage_id":"","pthumb":"","color":""},{"label":"38.5","value":"EU 38.5","price":"","pimage":"","pimage_id":"","pthumb":"","color":""},{"label":"39","value":"EU 39","price":"","pimage":"","pimage_id":"","pthumb":"","color":""},{"label":"40","value":"EU 40","price":"","pimage":"","pimage_id":"","pthumb":"","color":""},{"label":"40.5","value":"EU 40.5","price":"","pimage":"","pimage_id":"","pthumb":"","color":""},{"label":"41","value":"EU 41","price":"","pimage":"","pimage_id":"","pthumb":"","color":""},{"label":"42","value":"EU 42","price":"","pimage":"","pimage_id":"","pthumb":"","color":""},{"label":"42.5","value":"EU 42.5","price":"","pimage":"","pimage_id":"","pthumb":"","color":""},{"label":"43","value":"EU 43","price":"","pimage":"","pimage_id":"","pthumb":"","color":""},{"label":"44","value":"EU 44","price":"","pimage":"","pimage_id":"","pthumb":"","color":""},{"label":"44.5","value":"EU 44.5","price":"","pimage":"","pimage_id":"","pthumb":"","color":""},{"label":"45","value":"EU 45","price":"","pimage":"","pimage_id":"","pthumb":"","color":""},{"label":"45.5","value":"EU 45.5","price":"","pimage":"","pimage_id":"","pthumb":"","color":""},{"label":"46","value":"EU 46","price":"","pimage":"","pimage_id":"","pthumb":"","color":""},{"label":"47","value":"EU 47","price":"","pimage":"","pimage_id":"","pthumb":"","color":""},{"label":"47.5","value":"EU 47.5","price":"","pimage":"","pimage_id":"","pthumb":"","color":""},{"label":"48","value":"EU 48","price":"","pimage":"","pimage_id":"","pthumb":"","color":""}],"relations":[{"operator":false,"rules":[]}],"form_id":18106,"form_rules":{"pric_cal_option_once":false,"exclude_from_discount":false,"pric_use_as_fee":false,"fee_label":"Fee","render_after_acb":false,"disp_hide_options_price":false}}]},"yoast_head":"<!-- This site is optimized with the Yoast SEO plugin v26.5 - https:\/\/yoast.com\/wordpress\/plugins\/seo\/ -->\n<title>Kylian Mbapp\u00e9 x Nike Zoom Mercurial Superfly 10 Elite FG &#039;Grand Purple&#039; - TOURCRUISER PTE. LTD<\/title>\n<meta name=\"robots\" content=\"index, follow, max-snippet:-1, max-image-preview:large, max-video-preview:-1\" \/>\n<link rel=\"canonical\" href=\"https:\/\/tourcruiser.com\/fr\/products\/kylian-mbapp-x-nike-zoom-mercurial-superfly-10-elite-fg-grand-purple\/\" \/>\n<meta property=\"og:locale\" content=\"fr_FR\" \/>\n<meta property=\"og:type\" content=\"article\" \/>\n<meta property=\"og:title\" content=\"Kylian Mbapp\u00e9 x Nike Zoom Mercurial Superfly 10 Elite FG &#039;Grand Purple&#039; - TOURCRUISER PTE. LTD\" \/>\n<meta property=\"og:description\" content=\"Nike Zoom Mercurial Superfly 10 Elite FG \u201d\u201d Grand Purple\/Pale Ivory\" \/>\n<meta property=\"og:url\" content=\"https:\/\/tourcruiser.com\/fr\/products\/kylian-mbapp-x-nike-zoom-mercurial-superfly-10-elite-fg-grand-purple\/\" \/>\n<meta property=\"og:site_name\" content=\"Tourcruiser Sneaker Store\" \/>\n<meta property=\"article:modified_time\" content=\"2026-03-14T12:08:24+00:00\" \/>\n<meta name=\"twitter:card\" content=\"summary_large_image\" \/>\n<meta name=\"twitter:image\" content=\"https:\/\/images.novelship.com\/product\/kylian_mbapp__x_nike_zoom_mercurial_superfly_10_el_0_97272.jpeg\" \/>\n<meta name=\"twitter:label1\" content=\"Dur\u00e9e de lecture estim\u00e9e\" \/>\n\t<meta name=\"twitter:data1\" content=\"1 minute\" \/>\n<script type=\"application\/ld+json\" class=\"yoast-schema-graph\">{\"@context\":\"https:\/\/schema.org\",\"@graph\":[{\"@type\":\"WebPage\",\"@id\":\"https:\/\/tourcruiser.com\/fr\/products\/kylian-mbapp-x-nike-zoom-mercurial-superfly-10-elite-fg-grand-purple\/\",\"url\":\"https:\/\/tourcruiser.com\/fr\/products\/kylian-mbapp-x-nike-zoom-mercurial-superfly-10-elite-fg-grand-purple\/\",\"name\":\"Kylian Mbapp\u00e9 x Nike Zoom Mercurial Superfly 10 Elite FG 'Grand Purple' - TOURCRUISER PTE. LTD\",\"isPartOf\":{\"@id\":\"https:\/\/tourcruiser.com\/fr\/#website\"},\"primaryImageOfPage\":{\"@id\":\"https:\/\/tourcruiser.com\/fr\/products\/kylian-mbapp-x-nike-zoom-mercurial-superfly-10-elite-fg-grand-purple\/#primaryimage\"},\"image\":{\"@id\":\"https:\/\/tourcruiser.com\/fr\/products\/kylian-mbapp-x-nike-zoom-mercurial-superfly-10-elite-fg-grand-purple\/#primaryimage\"},\"thumbnailUrl\":\"https:\/\/images.novelship.com\/product\/kylian_mbapp__x_nike_zoom_mercurial_superfly_10_el_0_97272.jpeg\",\"datePublished\":\"2026-03-02T08:36:09+00:00\",\"dateModified\":\"2026-03-14T12:08:24+00:00\",\"breadcrumb\":{\"@id\":\"https:\/\/tourcruiser.com\/fr\/products\/kylian-mbapp-x-nike-zoom-mercurial-superfly-10-elite-fg-grand-purple\/#breadcrumb\"},\"inLanguage\":\"fr-FR\",\"potentialAction\":[{\"@type\":\"ReadAction\",\"target\":[\"https:\/\/tourcruiser.com\/fr\/products\/kylian-mbapp-x-nike-zoom-mercurial-superfly-10-elite-fg-grand-purple\/\"]}]},{\"@type\":\"ImageObject\",\"inLanguage\":\"fr-FR\",\"@id\":\"https:\/\/tourcruiser.com\/fr\/products\/kylian-mbapp-x-nike-zoom-mercurial-superfly-10-elite-fg-grand-purple\/#primaryimage\",\"url\":\"https:\/\/images.novelship.com\/product\/kylian_mbapp__x_nike_zoom_mercurial_superfly_10_el_0_97272.jpeg\",\"contentUrl\":\"https:\/\/images.novelship.com\/product\/kylian_mbapp__x_nike_zoom_mercurial_superfly_10_el_0_97272.jpeg\"},{\"@type\":\"BreadcrumbList\",\"@id\":\"https:\/\/tourcruiser.com\/fr\/products\/kylian-mbapp-x-nike-zoom-mercurial-superfly-10-elite-fg-grand-purple\/#breadcrumb\",\"itemListElement\":[{\"@type\":\"ListItem\",\"position\":1,\"name\":\"Home\",\"item\":\"https:\/\/tourcruiser.com\/fr\/\"},{\"@type\":\"ListItem\",\"position\":2,\"name\":\"Shop\",\"item\":\"https:\/\/tourcruiser.com\/fr\/shop\/\"},{\"@type\":\"ListItem\",\"position\":3,\"name\":\"Kylian Mbapp\u00e9 x Nike Zoom Mercurial Superfly 10 Elite FG 'Grand Purple'\"}]},{\"@type\":\"WebSite\",\"@id\":\"https:\/\/tourcruiser.com\/fr\/#website\",\"url\":\"https:\/\/tourcruiser.com\/fr\/\",\"name\":\"Styloral Jewelry Shop\",\"description\":\"Tourcruiser Sneaker Store \u2014 L\u2019endroit o\u00f9 l\u2019univers rencontre votre singularit\u00e9.\",\"publisher\":{\"@id\":\"https:\/\/tourcruiser.com\/fr\/#organization\"},\"potentialAction\":[{\"@type\":\"SearchAction\",\"target\":{\"@type\":\"EntryPoint\",\"urlTemplate\":\"https:\/\/tourcruiser.com\/fr\/?s={search_term_string}\"},\"query-input\":{\"@type\":\"PropertyValueSpecification\",\"valueRequired\":true,\"valueName\":\"search_term_string\"}}],\"inLanguage\":\"fr-FR\"},{\"@type\":\"Organization\",\"@id\":\"https:\/\/tourcruiser.com\/fr\/#organization\",\"name\":\"STYLORAL PTE. LTD\",\"url\":\"https:\/\/tourcruiser.com\/fr\/\",\"logo\":{\"@type\":\"ImageObject\",\"inLanguage\":\"fr-FR\",\"@id\":\"https:\/\/tourcruiser.com\/fr\/#\/schema\/logo\/image\/\",\"url\":\"https:\/\/www.tourcruiser.com\/wp-content\/uploads\/2025\/12\/logo.png\",\"contentUrl\":\"https:\/\/www.tourcruiser.com\/wp-content\/uploads\/2025\/12\/logo.png\",\"width\":200,\"height\":65,\"caption\":\"STYLORAL PTE. LTD\"},\"image\":{\"@id\":\"https:\/\/tourcruiser.com\/fr\/#\/schema\/logo\/image\/\"}}]}<\/script>\n<!-- \/ Yoast SEO plugin. -->","yoast_head_json":{"title":"Kylian Mbapp\u00e9 x Nike Zoom Mercurial Superfly 10 Elite FG 'Grand Purple' - TOURCRUISER PTE. LTD","robots":{"index":"index","follow":"follow","max-snippet":"max-snippet:-1","max-image-preview":"max-image-preview:large","max-video-preview":"max-video-preview:-1"},"canonical":"https:\/\/tourcruiser.com\/fr\/products\/kylian-mbapp-x-nike-zoom-mercurial-superfly-10-elite-fg-grand-purple\/","og_locale":"fr_FR","og_type":"article","og_title":"Kylian Mbapp\u00e9 x Nike Zoom Mercurial Superfly 10 Elite FG 'Grand Purple' - TOURCRUISER PTE. LTD","og_description":"Nike Zoom Mercurial Superfly 10 Elite FG \u201d\u201d Grand Purple\/Pale Ivory","og_url":"https:\/\/tourcruiser.com\/fr\/products\/kylian-mbapp-x-nike-zoom-mercurial-superfly-10-elite-fg-grand-purple\/","og_site_name":"Tourcruiser Sneaker Store","article_modified_time":"2026-03-14T12:08:24+00:00","twitter_card":"summary_large_image","twitter_image":"https:\/\/images.novelship.com\/product\/kylian_mbapp__x_nike_zoom_mercurial_superfly_10_el_0_97272.jpeg","twitter_misc":{"Dur\u00e9e de lecture estim\u00e9e":"1 minute"},"schema":{"@context":"https:\/\/schema.org","@graph":[{"@type":"WebPage","@id":"https:\/\/tourcruiser.com\/fr\/products\/kylian-mbapp-x-nike-zoom-mercurial-superfly-10-elite-fg-grand-purple\/","url":"https:\/\/tourcruiser.com\/fr\/products\/kylian-mbapp-x-nike-zoom-mercurial-superfly-10-elite-fg-grand-purple\/","name":"Kylian Mbapp\u00e9 x Nike Zoom Mercurial Superfly 10 Elite FG 'Grand Purple' - TOURCRUISER PTE. LTD","isPartOf":{"@id":"https:\/\/tourcruiser.com\/fr\/#website"},"primaryImageOfPage":{"@id":"https:\/\/tourcruiser.com\/fr\/products\/kylian-mbapp-x-nike-zoom-mercurial-superfly-10-elite-fg-grand-purple\/#primaryimage"},"image":{"@id":"https:\/\/tourcruiser.com\/fr\/products\/kylian-mbapp-x-nike-zoom-mercurial-superfly-10-elite-fg-grand-purple\/#primaryimage"},"thumbnailUrl":"https:\/\/images.novelship.com\/product\/kylian_mbapp__x_nike_zoom_mercurial_superfly_10_el_0_97272.jpeg","datePublished":"2026-03-02T08:36:09+00:00","dateModified":"2026-03-14T12:08:24+00:00","breadcrumb":{"@id":"https:\/\/tourcruiser.com\/fr\/products\/kylian-mbapp-x-nike-zoom-mercurial-superfly-10-elite-fg-grand-purple\/#breadcrumb"},"inLanguage":"fr-FR","potentialAction":[{"@type":"ReadAction","target":["https:\/\/tourcruiser.com\/fr\/products\/kylian-mbapp-x-nike-zoom-mercurial-superfly-10-elite-fg-grand-purple\/"]}]},{"@type":"ImageObject","inLanguage":"fr-FR","@id":"https:\/\/tourcruiser.com\/fr\/products\/kylian-mbapp-x-nike-zoom-mercurial-superfly-10-elite-fg-grand-purple\/#primaryimage","url":"https:\/\/images.novelship.com\/product\/kylian_mbapp__x_nike_zoom_mercurial_superfly_10_el_0_97272.jpeg","contentUrl":"https:\/\/images.novelship.com\/product\/kylian_mbapp__x_nike_zoom_mercurial_superfly_10_el_0_97272.jpeg"},{"@type":"BreadcrumbList","@id":"https:\/\/tourcruiser.com\/fr\/products\/kylian-mbapp-x-nike-zoom-mercurial-superfly-10-elite-fg-grand-purple\/#breadcrumb","itemListElement":[{"@type":"ListItem","position":1,"name":"Home","item":"https:\/\/tourcruiser.com\/fr\/"},{"@type":"ListItem","position":2,"name":"Shop","item":"https:\/\/tourcruiser.com\/fr\/shop\/"},{"@type":"ListItem","position":3,"name":"Kylian Mbapp\u00e9 x Nike Zoom Mercurial Superfly 10 Elite FG 'Grand Purple'"}]},{"@type":"WebSite","@id":"https:\/\/tourcruiser.com\/fr\/#website","url":"https:\/\/tourcruiser.com\/fr\/","name":"Styloral Jewelry Shop","description":"Tourcruiser Sneaker Store \u2014 L\u2019endroit o\u00f9 l\u2019univers rencontre votre singularit\u00e9.","publisher":{"@id":"https:\/\/tourcruiser.com\/fr\/#organization"},"potentialAction":[{"@type":"SearchAction","target":{"@type":"EntryPoint","urlTemplate":"https:\/\/tourcruiser.com\/fr\/?s={search_term_string}"},"query-input":{"@type":"PropertyValueSpecification","valueRequired":true,"valueName":"search_term_string"}}],"inLanguage":"fr-FR"},{"@type":"Organization","@id":"https:\/\/tourcruiser.com\/fr\/#organization","name":"STYLORAL PTE. LTD","url":"https:\/\/tourcruiser.com\/fr\/","logo":{"@type":"ImageObject","inLanguage":"fr-FR","@id":"https:\/\/tourcruiser.com\/fr\/#\/schema\/logo\/image\/","url":"https:\/\/www.tourcruiser.com\/wp-content\/uploads\/2025\/12\/logo.png","contentUrl":"https:\/\/www.tourcruiser.com\/wp-content\/uploads\/2025\/12\/logo.png","width":200,"height":65,"caption":"STYLORAL PTE. LTD"},"image":{"@id":"https:\/\/tourcruiser.com\/fr\/#\/schema\/logo\/image\/"}}]}},"_links":{"self":[{"href":"https:\/\/tourcruiser.com\/fr\/wp-json\/wp\/v2\/product\/140558","targetHints":{"allow":["GET"]}}],"collection":[{"href":"https:\/\/tourcruiser.com\/fr\/wp-json\/wp\/v2\/product"}],"about":[{"href":"https:\/\/tourcruiser.com\/fr\/wp-json\/wp\/v2\/types\/product"}],"replies":[{"embeddable":true,"href":"https:\/\/tourcruiser.com\/fr\/wp-json\/wp\/v2\/comments?post=140558"}],"wp:featuredmedia":[{"embeddable":true,"href":"https:\/\/tourcruiser.com\/fr\/wp-json\/wp\/v2\/media\/140559"}],"wp:attachment":[{"href":"https:\/\/tourcruiser.com\/fr\/wp-json\/wp\/v2\/media?parent=140558"}],"wp:term":[{"taxonomy":"product_brand","embeddable":true,"href":"https:\/\/tourcruiser.com\/fr\/wp-json\/wp\/v2\/product_brand?post=140558"},{"taxonomy":"product_cat","embeddable":true,"href":"https:\/\/tourcruiser.com\/fr\/wp-json\/wp\/v2\/product_cat?post=140558"},{"taxonomy":"product_tag","embeddable":true,"href":"https:\/\/tourcruiser.com\/fr\/wp-json\/wp\/v2\/product_tag?post=140558"}],"curies":[{"name":"wp","href":"https:\/\/api.w.org\/{rel}","templated":true}]}}