{"id":140459,"date":"2026-03-02T15:36:02","date_gmt":"2026-03-02T08:36:02","guid":{"rendered":"http:\/\/tourcruiser.com\/product\/asics-kiko-kostadinov-x-ub9-s-gel-ds-trainer-14-midnight-purple-oxide"},"modified":"2026-03-14T19:08:18","modified_gmt":"2026-03-14T12:08:18","slug":"asics-kiko-kostadinov-x-ub9-s-gel-ds-trainer-14-midnight-purple-oxide","status":"publish","type":"product","link":"https:\/\/tourcruiser.com\/fr\/products\/asics-kiko-kostadinov-x-ub9-s-gel-ds-trainer-14-midnight-purple-oxide\/","title":{"rendered":"ASICS Kiko Kostadinov x UB9-S Gel DS Trainer 14 &lsquo;Midnight Purple Oxide&rsquo;"},"content":{"rendered":"<p>Optimisez vos performances avec la ASICS Kiko Kostadinov x UB9-S Gel DS Trainer 14 \u00ab\u00a0Midnight Purple Oxide\u00a0\u00bb. Cette collaboration exclusive allie design innovant et fonctionnalit\u00e9 sup\u00e9rieure, offrant un confort et une stabilit\u00e9 in\u00e9gal\u00e9s gr\u00e2ce \u00e0 l&rsquo;amorti GEL de pointe. Le coloris saisissant \u00ab\u00a0Midnight Purple Oxide\u00a0\u00bb cr\u00e9e un look audacieux et sophistiqu\u00e9 qui vous permettra de vous d\u00e9marquer sur la piste comme en ville. Con\u00e7ues pour les athl\u00e8tes et les passionn\u00e9s de style, ces sneakers combinent le maintien ASICS \u00e9prouv\u00e9 et une mode avant-gardiste. <\/p>\n<p>Couleur\u00a0: Midnight\/Purple Oxide<br \/>\nCode article\u00a0: 1203A606-400<br \/>\nTige\u00a0: Mesh<br \/>\nSemelle interm\u00e9diaire\u00a0: Gel<br \/>\nCouleur\u00a0: Bleu<\/p>\n<p>Couleur\u00a0: Bleu<\/p>\n","protected":false},"excerpt":{"rendered":"<p>ASICS Gel DS Trainer 14 Kiko Kostadinov x UB9-S \u201d\u201d Midnight\/Purple Oxide<\/p>\n","protected":false},"featured_media":140460,"comment_status":"open","ping_status":"closed","template":"","meta":[],"product_brand":[],"product_cat":[10792],"product_tag":[10791,10750,10754,10765,10768,10758],"class_list":{"0":"post-140459","1":"product","2":"type-product","3":"status-publish","4":"has-post-thumbnail","6":"product_cat-asics","7":"product_tag-asics","8":"product_tag-athleisure-shoes","9":"product_tag-lifestyle-casual-shoes","10":"product_tag-lifestyle-shoes-running-inspired","11":"product_tag-retro-running-shoes","12":"product_tag-under-retail","13":"wcpa_has_options","15":"first","16":"instock","17":"taxable","18":"shipping-taxable","19":"purchasable","20":"product-type-simple"},"wcpa_form_fields":{"rules":{"pric_overide_base_price":false,"pric_overide_base_price_if_gt_zero":false,"pric_overide_base_price_fully":false,"pric_cal_option_once":false,"pric_use_as_fee":false,"bind_quantity":false,"quantity_bind_formula":false},"fields":[{"type":"color-group","required":true,"elementId":"wcpa-color-group-69a5ab08ee12d","label":"Taille","inline":true,"priceOptions":"different_for_all","pricingType":"fixed","className":"hassizechart product-shoes-size-eu product-shoes-size","name":"color-group-69a5ab08ee136","disp_type":"square","selection_type":"tick-border","disp_size":"50","show_label_inside":true,"adjust_width":true,"cart_display_type":"text","other_text":"Other","cl_rule":"show","col":6,"values":[{"label":"36","value":"EU 36","price":"","pimage":"","pimage_id":"","pthumb":"","color":"","selected":true},{"label":"37","value":"EU 37","price":"","pimage":"","pimage_id":"","pthumb":"","color":""},{"label":"37.5","value":"EU 37.5","price":"","pimage":"","pimage_id":"","pthumb":"","color":""},{"label":"38","value":"EU 38","price":"","pimage":"","pimage_id":"","pthumb":"","color":""},{"label":"38.5","value":"EU 38.5","price":"","pimage":"","pimage_id":"","pthumb":"","color":""},{"label":"39","value":"EU 39","price":"","pimage":"","pimage_id":"","pthumb":"","color":""},{"label":"39.5","value":"EU 39.5","price":"","pimage":"","pimage_id":"","pthumb":"","color":""},{"label":"40","value":"EU 40","price":"","pimage":"","pimage_id":"","pthumb":"","color":""},{"label":"40.5","value":"EU 40.5","price":"","pimage":"","pimage_id":"","pthumb":"","color":""},{"label":" 41.5","value":"EU 41.5","price":"","pimage":"","pimage_id":"","pthumb":"","color":""},{"label":"42","value":"EU 42","price":"","pimage":"","pimage_id":"","pthumb":"","color":""},{"label":"42.5","value":"EU 42.5","price":"","pimage":"","pimage_id":"","pthumb":"","color":""},{"label":"43","value":"EU 43","price":"","pimage":"","pimage_id":"","pthumb":"","color":""},{"label":"44","value":"EU 44","price":"","pimage":"","pimage_id":"","pthumb":"","color":""},{"label":"44.5","value":"EU 44.5","price":"","pimage":"","pimage_id":"","pthumb":"","color":""},{"label":"45","value":"EU 45","price":"","pimage":"","pimage_id":"","pthumb":"","color":""},{"label":"45.5","value":"EU 45.5","price":"","pimage":"","pimage_id":"","pthumb":"","color":""},{"label":"46","value":"EU 46","price":"","pimage":"","pimage_id":"","pthumb":"","color":""},{"label":"46.5","value":"EU 46.5","price":"","pimage":"","pimage_id":"","pthumb":"","color":""},{"label":"47","value":"EU 47","price":"","pimage":"","pimage_id":"","pthumb":"","color":""}],"relations":[{"operator":false,"rules":[]}],"form_id":184311,"form_rules":{"pric_cal_option_once":false,"exclude_from_discount":false,"pric_use_as_fee":false,"fee_label":"Fee","render_after_acb":false,"disp_hide_options_price":false}}]},"yoast_head":"<!-- This site is optimized with the Yoast SEO plugin v26.5 - https:\/\/yoast.com\/wordpress\/plugins\/seo\/ -->\n<title>ASICS Kiko Kostadinov x UB9-S Gel DS Trainer 14 &#039;Midnight Purple Oxide&#039; - TOURCRUISER PTE. LTD<\/title>\n<meta name=\"robots\" content=\"index, follow, max-snippet:-1, max-image-preview:large, max-video-preview:-1\" \/>\n<link rel=\"canonical\" href=\"https:\/\/tourcruiser.com\/fr\/products\/asics-kiko-kostadinov-x-ub9-s-gel-ds-trainer-14-midnight-purple-oxide\/\" \/>\n<meta property=\"og:locale\" content=\"fr_FR\" \/>\n<meta property=\"og:type\" content=\"article\" \/>\n<meta property=\"og:title\" content=\"ASICS Kiko Kostadinov x UB9-S Gel DS Trainer 14 &#039;Midnight Purple Oxide&#039; - TOURCRUISER PTE. LTD\" \/>\n<meta property=\"og:description\" content=\"ASICS Gel DS Trainer 14 Kiko Kostadinov x UB9-S \u201d\u201d Midnight\/Purple Oxide\" \/>\n<meta property=\"og:url\" content=\"https:\/\/tourcruiser.com\/fr\/products\/asics-kiko-kostadinov-x-ub9-s-gel-ds-trainer-14-midnight-purple-oxide\/\" \/>\n<meta property=\"og:site_name\" content=\"Tourcruiser Sneaker Store\" \/>\n<meta property=\"article:modified_time\" content=\"2026-03-14T12:08:18+00:00\" \/>\n<meta name=\"twitter:card\" content=\"summary_large_image\" \/>\n<meta name=\"twitter:image\" content=\"https:\/\/images.novelship.com\/product\/asics_kiko_kostadinov_x_ub9-s_gel_ds_trainer_14__m_0_93347.jpeg\" \/>\n<meta name=\"twitter:label1\" content=\"Dur\u00e9e de lecture estim\u00e9e\" \/>\n\t<meta name=\"twitter:data1\" content=\"1 minute\" \/>\n<script type=\"application\/ld+json\" class=\"yoast-schema-graph\">{\"@context\":\"https:\/\/schema.org\",\"@graph\":[{\"@type\":\"WebPage\",\"@id\":\"https:\/\/tourcruiser.com\/fr\/products\/asics-kiko-kostadinov-x-ub9-s-gel-ds-trainer-14-midnight-purple-oxide\/\",\"url\":\"https:\/\/tourcruiser.com\/fr\/products\/asics-kiko-kostadinov-x-ub9-s-gel-ds-trainer-14-midnight-purple-oxide\/\",\"name\":\"ASICS Kiko Kostadinov x UB9-S Gel DS Trainer 14 'Midnight Purple Oxide' - TOURCRUISER PTE. LTD\",\"isPartOf\":{\"@id\":\"https:\/\/tourcruiser.com\/fr\/#website\"},\"primaryImageOfPage\":{\"@id\":\"https:\/\/tourcruiser.com\/fr\/products\/asics-kiko-kostadinov-x-ub9-s-gel-ds-trainer-14-midnight-purple-oxide\/#primaryimage\"},\"image\":{\"@id\":\"https:\/\/tourcruiser.com\/fr\/products\/asics-kiko-kostadinov-x-ub9-s-gel-ds-trainer-14-midnight-purple-oxide\/#primaryimage\"},\"thumbnailUrl\":\"https:\/\/images.novelship.com\/product\/asics_kiko_kostadinov_x_ub9-s_gel_ds_trainer_14__m_0_93347.jpeg\",\"datePublished\":\"2026-03-02T08:36:02+00:00\",\"dateModified\":\"2026-03-14T12:08:18+00:00\",\"breadcrumb\":{\"@id\":\"https:\/\/tourcruiser.com\/fr\/products\/asics-kiko-kostadinov-x-ub9-s-gel-ds-trainer-14-midnight-purple-oxide\/#breadcrumb\"},\"inLanguage\":\"fr-FR\",\"potentialAction\":[{\"@type\":\"ReadAction\",\"target\":[\"https:\/\/tourcruiser.com\/fr\/products\/asics-kiko-kostadinov-x-ub9-s-gel-ds-trainer-14-midnight-purple-oxide\/\"]}]},{\"@type\":\"ImageObject\",\"inLanguage\":\"fr-FR\",\"@id\":\"https:\/\/tourcruiser.com\/fr\/products\/asics-kiko-kostadinov-x-ub9-s-gel-ds-trainer-14-midnight-purple-oxide\/#primaryimage\",\"url\":\"https:\/\/images.novelship.com\/product\/asics_kiko_kostadinov_x_ub9-s_gel_ds_trainer_14__m_0_93347.jpeg\",\"contentUrl\":\"https:\/\/images.novelship.com\/product\/asics_kiko_kostadinov_x_ub9-s_gel_ds_trainer_14__m_0_93347.jpeg\"},{\"@type\":\"BreadcrumbList\",\"@id\":\"https:\/\/tourcruiser.com\/fr\/products\/asics-kiko-kostadinov-x-ub9-s-gel-ds-trainer-14-midnight-purple-oxide\/#breadcrumb\",\"itemListElement\":[{\"@type\":\"ListItem\",\"position\":1,\"name\":\"Home\",\"item\":\"https:\/\/tourcruiser.com\/fr\/\"},{\"@type\":\"ListItem\",\"position\":2,\"name\":\"Shop\",\"item\":\"https:\/\/tourcruiser.com\/fr\/shop\/\"},{\"@type\":\"ListItem\",\"position\":3,\"name\":\"ASICS Kiko Kostadinov x UB9-S Gel DS Trainer 14 'Midnight Purple Oxide'\"}]},{\"@type\":\"WebSite\",\"@id\":\"https:\/\/tourcruiser.com\/fr\/#website\",\"url\":\"https:\/\/tourcruiser.com\/fr\/\",\"name\":\"Styloral Jewelry Shop\",\"description\":\"Tourcruiser Sneaker Store \u2014 L\u2019endroit o\u00f9 l\u2019univers rencontre votre singularit\u00e9.\",\"publisher\":{\"@id\":\"https:\/\/tourcruiser.com\/fr\/#organization\"},\"potentialAction\":[{\"@type\":\"SearchAction\",\"target\":{\"@type\":\"EntryPoint\",\"urlTemplate\":\"https:\/\/tourcruiser.com\/fr\/?s={search_term_string}\"},\"query-input\":{\"@type\":\"PropertyValueSpecification\",\"valueRequired\":true,\"valueName\":\"search_term_string\"}}],\"inLanguage\":\"fr-FR\"},{\"@type\":\"Organization\",\"@id\":\"https:\/\/tourcruiser.com\/fr\/#organization\",\"name\":\"STYLORAL PTE. LTD\",\"url\":\"https:\/\/tourcruiser.com\/fr\/\",\"logo\":{\"@type\":\"ImageObject\",\"inLanguage\":\"fr-FR\",\"@id\":\"https:\/\/tourcruiser.com\/fr\/#\/schema\/logo\/image\/\",\"url\":\"https:\/\/www.tourcruiser.com\/wp-content\/uploads\/2025\/12\/logo.png\",\"contentUrl\":\"https:\/\/www.tourcruiser.com\/wp-content\/uploads\/2025\/12\/logo.png\",\"width\":200,\"height\":65,\"caption\":\"STYLORAL PTE. LTD\"},\"image\":{\"@id\":\"https:\/\/tourcruiser.com\/fr\/#\/schema\/logo\/image\/\"}}]}<\/script>\n<!-- \/ Yoast SEO plugin. -->","yoast_head_json":{"title":"ASICS Kiko Kostadinov x UB9-S Gel DS Trainer 14 'Midnight Purple Oxide' - TOURCRUISER PTE. LTD","robots":{"index":"index","follow":"follow","max-snippet":"max-snippet:-1","max-image-preview":"max-image-preview:large","max-video-preview":"max-video-preview:-1"},"canonical":"https:\/\/tourcruiser.com\/fr\/products\/asics-kiko-kostadinov-x-ub9-s-gel-ds-trainer-14-midnight-purple-oxide\/","og_locale":"fr_FR","og_type":"article","og_title":"ASICS Kiko Kostadinov x UB9-S Gel DS Trainer 14 'Midnight Purple Oxide' - TOURCRUISER PTE. LTD","og_description":"ASICS Gel DS Trainer 14 Kiko Kostadinov x UB9-S \u201d\u201d Midnight\/Purple Oxide","og_url":"https:\/\/tourcruiser.com\/fr\/products\/asics-kiko-kostadinov-x-ub9-s-gel-ds-trainer-14-midnight-purple-oxide\/","og_site_name":"Tourcruiser Sneaker Store","article_modified_time":"2026-03-14T12:08:18+00:00","twitter_card":"summary_large_image","twitter_image":"https:\/\/images.novelship.com\/product\/asics_kiko_kostadinov_x_ub9-s_gel_ds_trainer_14__m_0_93347.jpeg","twitter_misc":{"Dur\u00e9e de lecture estim\u00e9e":"1 minute"},"schema":{"@context":"https:\/\/schema.org","@graph":[{"@type":"WebPage","@id":"https:\/\/tourcruiser.com\/fr\/products\/asics-kiko-kostadinov-x-ub9-s-gel-ds-trainer-14-midnight-purple-oxide\/","url":"https:\/\/tourcruiser.com\/fr\/products\/asics-kiko-kostadinov-x-ub9-s-gel-ds-trainer-14-midnight-purple-oxide\/","name":"ASICS Kiko Kostadinov x UB9-S Gel DS Trainer 14 'Midnight Purple Oxide' - TOURCRUISER PTE. LTD","isPartOf":{"@id":"https:\/\/tourcruiser.com\/fr\/#website"},"primaryImageOfPage":{"@id":"https:\/\/tourcruiser.com\/fr\/products\/asics-kiko-kostadinov-x-ub9-s-gel-ds-trainer-14-midnight-purple-oxide\/#primaryimage"},"image":{"@id":"https:\/\/tourcruiser.com\/fr\/products\/asics-kiko-kostadinov-x-ub9-s-gel-ds-trainer-14-midnight-purple-oxide\/#primaryimage"},"thumbnailUrl":"https:\/\/images.novelship.com\/product\/asics_kiko_kostadinov_x_ub9-s_gel_ds_trainer_14__m_0_93347.jpeg","datePublished":"2026-03-02T08:36:02+00:00","dateModified":"2026-03-14T12:08:18+00:00","breadcrumb":{"@id":"https:\/\/tourcruiser.com\/fr\/products\/asics-kiko-kostadinov-x-ub9-s-gel-ds-trainer-14-midnight-purple-oxide\/#breadcrumb"},"inLanguage":"fr-FR","potentialAction":[{"@type":"ReadAction","target":["https:\/\/tourcruiser.com\/fr\/products\/asics-kiko-kostadinov-x-ub9-s-gel-ds-trainer-14-midnight-purple-oxide\/"]}]},{"@type":"ImageObject","inLanguage":"fr-FR","@id":"https:\/\/tourcruiser.com\/fr\/products\/asics-kiko-kostadinov-x-ub9-s-gel-ds-trainer-14-midnight-purple-oxide\/#primaryimage","url":"https:\/\/images.novelship.com\/product\/asics_kiko_kostadinov_x_ub9-s_gel_ds_trainer_14__m_0_93347.jpeg","contentUrl":"https:\/\/images.novelship.com\/product\/asics_kiko_kostadinov_x_ub9-s_gel_ds_trainer_14__m_0_93347.jpeg"},{"@type":"BreadcrumbList","@id":"https:\/\/tourcruiser.com\/fr\/products\/asics-kiko-kostadinov-x-ub9-s-gel-ds-trainer-14-midnight-purple-oxide\/#breadcrumb","itemListElement":[{"@type":"ListItem","position":1,"name":"Home","item":"https:\/\/tourcruiser.com\/fr\/"},{"@type":"ListItem","position":2,"name":"Shop","item":"https:\/\/tourcruiser.com\/fr\/shop\/"},{"@type":"ListItem","position":3,"name":"ASICS Kiko Kostadinov x UB9-S Gel DS Trainer 14 'Midnight Purple Oxide'"}]},{"@type":"WebSite","@id":"https:\/\/tourcruiser.com\/fr\/#website","url":"https:\/\/tourcruiser.com\/fr\/","name":"Styloral Jewelry Shop","description":"Tourcruiser Sneaker Store \u2014 L\u2019endroit o\u00f9 l\u2019univers rencontre votre singularit\u00e9.","publisher":{"@id":"https:\/\/tourcruiser.com\/fr\/#organization"},"potentialAction":[{"@type":"SearchAction","target":{"@type":"EntryPoint","urlTemplate":"https:\/\/tourcruiser.com\/fr\/?s={search_term_string}"},"query-input":{"@type":"PropertyValueSpecification","valueRequired":true,"valueName":"search_term_string"}}],"inLanguage":"fr-FR"},{"@type":"Organization","@id":"https:\/\/tourcruiser.com\/fr\/#organization","name":"STYLORAL PTE. LTD","url":"https:\/\/tourcruiser.com\/fr\/","logo":{"@type":"ImageObject","inLanguage":"fr-FR","@id":"https:\/\/tourcruiser.com\/fr\/#\/schema\/logo\/image\/","url":"https:\/\/www.tourcruiser.com\/wp-content\/uploads\/2025\/12\/logo.png","contentUrl":"https:\/\/www.tourcruiser.com\/wp-content\/uploads\/2025\/12\/logo.png","width":200,"height":65,"caption":"STYLORAL PTE. LTD"},"image":{"@id":"https:\/\/tourcruiser.com\/fr\/#\/schema\/logo\/image\/"}}]}},"_links":{"self":[{"href":"https:\/\/tourcruiser.com\/fr\/wp-json\/wp\/v2\/product\/140459","targetHints":{"allow":["GET"]}}],"collection":[{"href":"https:\/\/tourcruiser.com\/fr\/wp-json\/wp\/v2\/product"}],"about":[{"href":"https:\/\/tourcruiser.com\/fr\/wp-json\/wp\/v2\/types\/product"}],"replies":[{"embeddable":true,"href":"https:\/\/tourcruiser.com\/fr\/wp-json\/wp\/v2\/comments?post=140459"}],"wp:featuredmedia":[{"embeddable":true,"href":"https:\/\/tourcruiser.com\/fr\/wp-json\/wp\/v2\/media\/140460"}],"wp:attachment":[{"href":"https:\/\/tourcruiser.com\/fr\/wp-json\/wp\/v2\/media?parent=140459"}],"wp:term":[{"taxonomy":"product_brand","embeddable":true,"href":"https:\/\/tourcruiser.com\/fr\/wp-json\/wp\/v2\/product_brand?post=140459"},{"taxonomy":"product_cat","embeddable":true,"href":"https:\/\/tourcruiser.com\/fr\/wp-json\/wp\/v2\/product_cat?post=140459"},{"taxonomy":"product_tag","embeddable":true,"href":"https:\/\/tourcruiser.com\/fr\/wp-json\/wp\/v2\/product_tag?post=140459"}],"curies":[{"name":"wp","href":"https:\/\/api.w.org\/{rel}","templated":true}]}}