{"id":137376,"date":"2026-03-02T15:35:25","date_gmt":"2026-03-02T08:35:25","guid":{"rendered":"http:\/\/tourcruiser.com\/product\/loro-piana-x-new-balance-990v6-made-in-usa-raw-cashew"},"modified":"2026-03-14T19:07:59","modified_gmt":"2026-03-14T12:07:59","slug":"loro-piana-x-new-balance-990v6-made-in-usa-raw-cashew","status":"publish","type":"product","link":"https:\/\/tourcruiser.com\/fr\/products\/loro-piana-x-new-balance-990v6-made-in-usa-raw-cashew\/","title":{"rendered":"Loro Piana x New Balance 990v6 Made in USA &lsquo;Raw Cashew&rsquo;"},"content":{"rendered":"<p>D\u00e9couvrez la Loro Piana x New Balance 990v6 Made in USA \u00ab Raw Cashew \u00bb, une exclusivit\u00e9. Confectionn\u00e9e en cachemire Loro Piana haut de gamme, cette sneaker apporte une touche de luxe \u00e0 la silhouette iconique de la 990. Sa teinte sophistiqu\u00e9e \u00ab Raw Cashew \u00bb respire le raffinement, tandis que la semelle interm\u00e9diaire ENCAP et l&rsquo;amorti ABZORB garantissent un confort exceptionnel. Vivez l&rsquo;exp\u00e9rience ultime de l&rsquo;\u00e9l\u00e9gance avec cette collaboration exclusive, con\u00e7ue pour celles et ceux qui exigent le meilleur. Coloris : Raw Cashew\/Raw Cashew. R\u00e9f\u00e9rence : U990LP6. Tige : Cuir nubuck. Semelle interm\u00e9diaire : FuelCell. Couleur : Beige. Ann\u00e9e de sortie : 2024.<\/p>\n","protected":false},"excerpt":{"rendered":"<p>New Balance 990v6 \u201d\u201d Raw Cashew\/Raw Cashew<\/p>\n","protected":false},"featured_media":137377,"comment_status":"open","ping_status":"closed","template":"","meta":[],"product_brand":[],"product_cat":[10771],"product_tag":[10750,10753,10754,10765,10766,10768,10785],"class_list":{"0":"post-137376","1":"product","2":"type-product","3":"status-publish","4":"has-post-thumbnail","6":"product_cat-new-balance","7":"product_tag-athleisure-shoes","8":"product_tag-gift-for-him","9":"product_tag-lifestyle-casual-shoes","10":"product_tag-lifestyle-shoes-running-inspired","11":"product_tag-new-balance","12":"product_tag-retro-running-shoes","13":"product_tag-trending-deals","14":"wcpa_has_options","16":"first","17":"instock","18":"taxable","19":"shipping-taxable","20":"purchasable","21":"product-type-simple"},"wcpa_form_fields":{"rules":{"pric_overide_base_price":false,"pric_overide_base_price_if_gt_zero":false,"pric_overide_base_price_fully":false,"pric_cal_option_once":false,"pric_use_as_fee":false,"bind_quantity":false,"quantity_bind_formula":false},"fields":[{"type":"color-group","required":true,"elementId":"wcpa-color-group-66c4a928225d2","label":"Taille","inline":true,"priceOptions":"different_for_all","pricingType":"fixed","className":"hassizechart product-shoes-size-eu product-shoes-size","name":"color-group-66c4a928225e2","disp_type":"square","selection_type":"tick-border","disp_size":"50","show_label_inside":true,"adjust_width":true,"cart_display_type":"text","other_text":"Other","cl_rule":"show","col":6,"values":[{"label":"35","value":"EU 35","price":"","pimage":"","pimage_id":"","pthumb":"","color":""},{"label":"36","value":"EU 36","price":"","pimage":"","pimage_id":"","pthumb":"","color":"","selected":true},{"label":"37","value":"EU 37","price":"","pimage":"","pimage_id":"","pthumb":"","color":""},{"label":"37.5","value":"EU 37.5","price":"","pimage":"","pimage_id":"","pthumb":"","color":""},{"label":"38","value":"EU 38","price":"","pimage":"","pimage_id":"","pthumb":"","color":""},{"label":"38.5","value":"EU 38.5","price":"","pimage":"","pimage_id":"","pthumb":"","color":""},{"label":"39","value":"EU 39","price":"","pimage":"","pimage_id":"","pthumb":"","color":""},{"label":"39.5","value":"EU 39.5","price":"","pimage":"","pimage_id":"","pthumb":"","color":""},{"label":"40","value":"EU 40","price":"","pimage":"","pimage_id":"","pthumb":"","color":""},{"label":"40.5","value":"EU 40.5","price":"","pimage":"","pimage_id":"","pthumb":"","color":""},{"label":" 41.5","value":"EU 41.5","price":"","pimage":"","pimage_id":"","pthumb":"","color":""},{"label":"42","value":"EU 42","price":"","pimage":"","pimage_id":"","pthumb":"","color":""},{"label":"42.5","value":"EU 42.5","price":"","pimage":"","pimage_id":"","pthumb":"","color":""},{"label":"43","value":"EU 43","price":"","pimage":"","pimage_id":"","pthumb":"","color":""},{"label":"44","value":"EU 44","price":"","pimage":"","pimage_id":"","pthumb":"","color":""},{"label":"44.5","value":"EU 44.5","price":"","pimage":"","pimage_id":"","pthumb":"","color":""},{"label":"45","value":"EU 45","price":"","pimage":"","pimage_id":"","pthumb":"","color":""},{"label":"45.5","value":"EU 45.5","price":"","pimage":"","pimage_id":"","pthumb":"","color":""},{"label":"46","value":"EU 46","price":"","pimage":"","pimage_id":"","pthumb":"","color":""}],"relations":[{"operator":false,"rules":[]}],"form_id":24803,"form_rules":{"pric_cal_option_once":false,"exclude_from_discount":false,"pric_use_as_fee":false,"fee_label":"Fee","render_after_acb":false,"disp_hide_options_price":false}}]},"yoast_head":"<!-- This site is optimized with the Yoast SEO plugin v26.5 - https:\/\/yoast.com\/wordpress\/plugins\/seo\/ -->\n<title>Loro Piana x New Balance 990v6 Made in USA &#039;Raw Cashew&#039; - TOURCRUISER PTE. LTD<\/title>\n<meta name=\"robots\" content=\"index, follow, max-snippet:-1, max-image-preview:large, max-video-preview:-1\" \/>\n<link rel=\"canonical\" href=\"https:\/\/tourcruiser.com\/fr\/products\/loro-piana-x-new-balance-990v6-made-in-usa-raw-cashew\/\" \/>\n<meta property=\"og:locale\" content=\"fr_FR\" \/>\n<meta property=\"og:type\" content=\"article\" \/>\n<meta property=\"og:title\" content=\"Loro Piana x New Balance 990v6 Made in USA &#039;Raw Cashew&#039; - TOURCRUISER PTE. LTD\" \/>\n<meta property=\"og:description\" content=\"New Balance 990v6 \u201d\u201d Raw Cashew\/Raw Cashew\" \/>\n<meta property=\"og:url\" content=\"https:\/\/tourcruiser.com\/fr\/products\/loro-piana-x-new-balance-990v6-made-in-usa-raw-cashew\/\" \/>\n<meta property=\"og:site_name\" content=\"Tourcruiser Sneaker Store\" \/>\n<meta property=\"article:modified_time\" content=\"2026-03-14T12:07:59+00:00\" \/>\n<meta name=\"twitter:card\" content=\"summary_large_image\" \/>\n<meta name=\"twitter:image\" content=\"https:\/\/images.novelship.com\/product\/loro_piana_x_new_balance_990v6_made_in_usa__raw_ca_0_60845.jpeg\" \/>\n<meta name=\"twitter:label1\" content=\"Dur\u00e9e de lecture estim\u00e9e\" \/>\n\t<meta name=\"twitter:data1\" content=\"1 minute\" \/>\n<script type=\"application\/ld+json\" class=\"yoast-schema-graph\">{\"@context\":\"https:\/\/schema.org\",\"@graph\":[{\"@type\":\"WebPage\",\"@id\":\"https:\/\/tourcruiser.com\/fr\/products\/loro-piana-x-new-balance-990v6-made-in-usa-raw-cashew\/\",\"url\":\"https:\/\/tourcruiser.com\/fr\/products\/loro-piana-x-new-balance-990v6-made-in-usa-raw-cashew\/\",\"name\":\"Loro Piana x New Balance 990v6 Made in USA 'Raw Cashew' - TOURCRUISER PTE. LTD\",\"isPartOf\":{\"@id\":\"https:\/\/tourcruiser.com\/fr\/#website\"},\"primaryImageOfPage\":{\"@id\":\"https:\/\/tourcruiser.com\/fr\/products\/loro-piana-x-new-balance-990v6-made-in-usa-raw-cashew\/#primaryimage\"},\"image\":{\"@id\":\"https:\/\/tourcruiser.com\/fr\/products\/loro-piana-x-new-balance-990v6-made-in-usa-raw-cashew\/#primaryimage\"},\"thumbnailUrl\":\"https:\/\/images.novelship.com\/product\/loro_piana_x_new_balance_990v6_made_in_usa__raw_ca_0_60845.jpeg\",\"datePublished\":\"2026-03-02T08:35:25+00:00\",\"dateModified\":\"2026-03-14T12:07:59+00:00\",\"breadcrumb\":{\"@id\":\"https:\/\/tourcruiser.com\/fr\/products\/loro-piana-x-new-balance-990v6-made-in-usa-raw-cashew\/#breadcrumb\"},\"inLanguage\":\"fr-FR\",\"potentialAction\":[{\"@type\":\"ReadAction\",\"target\":[\"https:\/\/tourcruiser.com\/fr\/products\/loro-piana-x-new-balance-990v6-made-in-usa-raw-cashew\/\"]}]},{\"@type\":\"ImageObject\",\"inLanguage\":\"fr-FR\",\"@id\":\"https:\/\/tourcruiser.com\/fr\/products\/loro-piana-x-new-balance-990v6-made-in-usa-raw-cashew\/#primaryimage\",\"url\":\"https:\/\/images.novelship.com\/product\/loro_piana_x_new_balance_990v6_made_in_usa__raw_ca_0_60845.jpeg\",\"contentUrl\":\"https:\/\/images.novelship.com\/product\/loro_piana_x_new_balance_990v6_made_in_usa__raw_ca_0_60845.jpeg\"},{\"@type\":\"BreadcrumbList\",\"@id\":\"https:\/\/tourcruiser.com\/fr\/products\/loro-piana-x-new-balance-990v6-made-in-usa-raw-cashew\/#breadcrumb\",\"itemListElement\":[{\"@type\":\"ListItem\",\"position\":1,\"name\":\"Home\",\"item\":\"https:\/\/tourcruiser.com\/fr\/\"},{\"@type\":\"ListItem\",\"position\":2,\"name\":\"Shop\",\"item\":\"https:\/\/tourcruiser.com\/fr\/shop\/\"},{\"@type\":\"ListItem\",\"position\":3,\"name\":\"Loro Piana x New Balance 990v6 Made in USA 'Raw Cashew'\"}]},{\"@type\":\"WebSite\",\"@id\":\"https:\/\/tourcruiser.com\/fr\/#website\",\"url\":\"https:\/\/tourcruiser.com\/fr\/\",\"name\":\"Styloral Jewelry Shop\",\"description\":\"Tourcruiser Sneaker Store \u2014 L\u2019endroit o\u00f9 l\u2019univers rencontre votre singularit\u00e9.\",\"publisher\":{\"@id\":\"https:\/\/tourcruiser.com\/fr\/#organization\"},\"potentialAction\":[{\"@type\":\"SearchAction\",\"target\":{\"@type\":\"EntryPoint\",\"urlTemplate\":\"https:\/\/tourcruiser.com\/fr\/?s={search_term_string}\"},\"query-input\":{\"@type\":\"PropertyValueSpecification\",\"valueRequired\":true,\"valueName\":\"search_term_string\"}}],\"inLanguage\":\"fr-FR\"},{\"@type\":\"Organization\",\"@id\":\"https:\/\/tourcruiser.com\/fr\/#organization\",\"name\":\"STYLORAL PTE. LTD\",\"url\":\"https:\/\/tourcruiser.com\/fr\/\",\"logo\":{\"@type\":\"ImageObject\",\"inLanguage\":\"fr-FR\",\"@id\":\"https:\/\/tourcruiser.com\/fr\/#\/schema\/logo\/image\/\",\"url\":\"https:\/\/www.tourcruiser.com\/wp-content\/uploads\/2025\/12\/logo.png\",\"contentUrl\":\"https:\/\/www.tourcruiser.com\/wp-content\/uploads\/2025\/12\/logo.png\",\"width\":200,\"height\":65,\"caption\":\"STYLORAL PTE. LTD\"},\"image\":{\"@id\":\"https:\/\/tourcruiser.com\/fr\/#\/schema\/logo\/image\/\"}}]}<\/script>\n<!-- \/ Yoast SEO plugin. -->","yoast_head_json":{"title":"Loro Piana x New Balance 990v6 Made in USA 'Raw Cashew' - TOURCRUISER PTE. LTD","robots":{"index":"index","follow":"follow","max-snippet":"max-snippet:-1","max-image-preview":"max-image-preview:large","max-video-preview":"max-video-preview:-1"},"canonical":"https:\/\/tourcruiser.com\/fr\/products\/loro-piana-x-new-balance-990v6-made-in-usa-raw-cashew\/","og_locale":"fr_FR","og_type":"article","og_title":"Loro Piana x New Balance 990v6 Made in USA 'Raw Cashew' - TOURCRUISER PTE. LTD","og_description":"New Balance 990v6 \u201d\u201d Raw Cashew\/Raw Cashew","og_url":"https:\/\/tourcruiser.com\/fr\/products\/loro-piana-x-new-balance-990v6-made-in-usa-raw-cashew\/","og_site_name":"Tourcruiser Sneaker Store","article_modified_time":"2026-03-14T12:07:59+00:00","twitter_card":"summary_large_image","twitter_image":"https:\/\/images.novelship.com\/product\/loro_piana_x_new_balance_990v6_made_in_usa__raw_ca_0_60845.jpeg","twitter_misc":{"Dur\u00e9e de lecture estim\u00e9e":"1 minute"},"schema":{"@context":"https:\/\/schema.org","@graph":[{"@type":"WebPage","@id":"https:\/\/tourcruiser.com\/fr\/products\/loro-piana-x-new-balance-990v6-made-in-usa-raw-cashew\/","url":"https:\/\/tourcruiser.com\/fr\/products\/loro-piana-x-new-balance-990v6-made-in-usa-raw-cashew\/","name":"Loro Piana x New Balance 990v6 Made in USA 'Raw Cashew' - TOURCRUISER PTE. LTD","isPartOf":{"@id":"https:\/\/tourcruiser.com\/fr\/#website"},"primaryImageOfPage":{"@id":"https:\/\/tourcruiser.com\/fr\/products\/loro-piana-x-new-balance-990v6-made-in-usa-raw-cashew\/#primaryimage"},"image":{"@id":"https:\/\/tourcruiser.com\/fr\/products\/loro-piana-x-new-balance-990v6-made-in-usa-raw-cashew\/#primaryimage"},"thumbnailUrl":"https:\/\/images.novelship.com\/product\/loro_piana_x_new_balance_990v6_made_in_usa__raw_ca_0_60845.jpeg","datePublished":"2026-03-02T08:35:25+00:00","dateModified":"2026-03-14T12:07:59+00:00","breadcrumb":{"@id":"https:\/\/tourcruiser.com\/fr\/products\/loro-piana-x-new-balance-990v6-made-in-usa-raw-cashew\/#breadcrumb"},"inLanguage":"fr-FR","potentialAction":[{"@type":"ReadAction","target":["https:\/\/tourcruiser.com\/fr\/products\/loro-piana-x-new-balance-990v6-made-in-usa-raw-cashew\/"]}]},{"@type":"ImageObject","inLanguage":"fr-FR","@id":"https:\/\/tourcruiser.com\/fr\/products\/loro-piana-x-new-balance-990v6-made-in-usa-raw-cashew\/#primaryimage","url":"https:\/\/images.novelship.com\/product\/loro_piana_x_new_balance_990v6_made_in_usa__raw_ca_0_60845.jpeg","contentUrl":"https:\/\/images.novelship.com\/product\/loro_piana_x_new_balance_990v6_made_in_usa__raw_ca_0_60845.jpeg"},{"@type":"BreadcrumbList","@id":"https:\/\/tourcruiser.com\/fr\/products\/loro-piana-x-new-balance-990v6-made-in-usa-raw-cashew\/#breadcrumb","itemListElement":[{"@type":"ListItem","position":1,"name":"Home","item":"https:\/\/tourcruiser.com\/fr\/"},{"@type":"ListItem","position":2,"name":"Shop","item":"https:\/\/tourcruiser.com\/fr\/shop\/"},{"@type":"ListItem","position":3,"name":"Loro Piana x New Balance 990v6 Made in USA 'Raw Cashew'"}]},{"@type":"WebSite","@id":"https:\/\/tourcruiser.com\/fr\/#website","url":"https:\/\/tourcruiser.com\/fr\/","name":"Styloral Jewelry Shop","description":"Tourcruiser Sneaker Store \u2014 L\u2019endroit o\u00f9 l\u2019univers rencontre votre singularit\u00e9.","publisher":{"@id":"https:\/\/tourcruiser.com\/fr\/#organization"},"potentialAction":[{"@type":"SearchAction","target":{"@type":"EntryPoint","urlTemplate":"https:\/\/tourcruiser.com\/fr\/?s={search_term_string}"},"query-input":{"@type":"PropertyValueSpecification","valueRequired":true,"valueName":"search_term_string"}}],"inLanguage":"fr-FR"},{"@type":"Organization","@id":"https:\/\/tourcruiser.com\/fr\/#organization","name":"STYLORAL PTE. LTD","url":"https:\/\/tourcruiser.com\/fr\/","logo":{"@type":"ImageObject","inLanguage":"fr-FR","@id":"https:\/\/tourcruiser.com\/fr\/#\/schema\/logo\/image\/","url":"https:\/\/www.tourcruiser.com\/wp-content\/uploads\/2025\/12\/logo.png","contentUrl":"https:\/\/www.tourcruiser.com\/wp-content\/uploads\/2025\/12\/logo.png","width":200,"height":65,"caption":"STYLORAL PTE. LTD"},"image":{"@id":"https:\/\/tourcruiser.com\/fr\/#\/schema\/logo\/image\/"}}]}},"_links":{"self":[{"href":"https:\/\/tourcruiser.com\/fr\/wp-json\/wp\/v2\/product\/137376","targetHints":{"allow":["GET"]}}],"collection":[{"href":"https:\/\/tourcruiser.com\/fr\/wp-json\/wp\/v2\/product"}],"about":[{"href":"https:\/\/tourcruiser.com\/fr\/wp-json\/wp\/v2\/types\/product"}],"replies":[{"embeddable":true,"href":"https:\/\/tourcruiser.com\/fr\/wp-json\/wp\/v2\/comments?post=137376"}],"wp:featuredmedia":[{"embeddable":true,"href":"https:\/\/tourcruiser.com\/fr\/wp-json\/wp\/v2\/media\/137377"}],"wp:attachment":[{"href":"https:\/\/tourcruiser.com\/fr\/wp-json\/wp\/v2\/media?parent=137376"}],"wp:term":[{"taxonomy":"product_brand","embeddable":true,"href":"https:\/\/tourcruiser.com\/fr\/wp-json\/wp\/v2\/product_brand?post=137376"},{"taxonomy":"product_cat","embeddable":true,"href":"https:\/\/tourcruiser.com\/fr\/wp-json\/wp\/v2\/product_cat?post=137376"},{"taxonomy":"product_tag","embeddable":true,"href":"https:\/\/tourcruiser.com\/fr\/wp-json\/wp\/v2\/product_tag?post=137376"}],"curies":[{"name":"wp","href":"https:\/\/api.w.org\/{rel}","templated":true}]}}