{"id":117728,"date":"2026-03-02T15:31:54","date_gmt":"2026-03-02T08:31:54","guid":{"rendered":"http:\/\/tourcruiser.com\/product\/women-kiko-kostadinov-x-heaven-by-marc-jacobs-x-asics-gel-lokros-vapor-cosmos"},"modified":"2026-03-14T19:05:47","modified_gmt":"2026-03-14T12:05:47","slug":"women-kiko-kostadinov-x-heaven-by-marc-jacobs-x-asics-gel-lokros-vapor-cosmos","status":"publish","type":"product","link":"https:\/\/tourcruiser.com\/fr\/products\/women-kiko-kostadinov-x-heaven-by-marc-jacobs-x-asics-gel-lokros-vapor-cosmos\/","title":{"rendered":"(Women) Kiko Kostadinov x Heaven by Marc Jacobs x ASICS Gel Lokros &lsquo;Vapor Cosmos&rsquo;"},"content":{"rendered":"<p>D\u00e9couvrez le futur de la mode avec les sneakers Kiko Kostadinov x Heaven by Marc Jacobs x ASICS Gel Lokros \u00ab\u00a0Vapor Cosmos\u00a0\u00bb. Ces sneakers en \u00e9dition limit\u00e9e allient avec brio haute couture et performance, arborant une silhouette \u00e9l\u00e9gante et des contrastes de couleurs saisissants. L\u2019empeigne en mesh respirant assure un confort optimal tout au long de la journ\u00e9e, tandis que le syst\u00e8me d\u2019amorti ASICS GEL offre un maintien et une absorption des chocs exceptionnels. Affirmez votre style urbain avec ces sneakers exclusives, fruit de la fusion entre l\u2019esth\u00e9tique visionnaire de Kostadinov et les designs embl\u00e9matiques de Marc Jacobs et ASICS. Coloris\u00a0: Vapor\/Cosmos. Code article\u00a0: 1202A489-500. Mati\u00e8re de l\u2019empeigne\u00a0: Synth\u00e9tique. Semelle interm\u00e9diaire\u00a0: Gel. Saison\u00a0: Printemps. Ann\u00e9e de sortie\u00a0: 2024.<\/p>\n","protected":false},"excerpt":{"rendered":"<p>ASICS Gel Lokros \u201d\u201d Vapor\/Cosmos<\/p>\n","protected":false},"featured_media":117729,"comment_status":"open","ping_status":"closed","template":"","meta":[],"product_brand":[],"product_cat":[11020],"product_tag":[10791,10926,10754,10765,10768,10785],"class_list":{"0":"post-117728","1":"product","2":"type-product","3":"status-publish","4":"has-post-thumbnail","6":"product_cat-asics-women","7":"product_tag-asics","8":"product_tag-gift-for-her","9":"product_tag-lifestyle-casual-shoes","10":"product_tag-lifestyle-shoes-running-inspired","11":"product_tag-retro-running-shoes","12":"product_tag-trending-deals","13":"wcpa_has_options","15":"first","16":"instock","17":"taxable","18":"shipping-taxable","19":"purchasable","20":"product-type-simple"},"wcpa_form_fields":{"rules":{"pric_overide_base_price":false,"pric_overide_base_price_if_gt_zero":false,"pric_overide_base_price_fully":false,"pric_cal_option_once":false,"pric_use_as_fee":false,"bind_quantity":false,"quantity_bind_formula":false},"fields":[{"type":"color-group","required":true,"elementId":"wcpa-color-group-69a5ac3f3e644","label":"Taille","inline":true,"priceOptions":"different_for_all","pricingType":"fixed","className":"hassizechart product-shoes-size-eu product-shoes-size","name":"color-group-69a5ac3f3e64e","disp_type":"square","selection_type":"tick-border","disp_size":"50","show_label_inside":true,"adjust_width":true,"cart_display_type":"text","other_text":"Other","cl_rule":"show","col":6,"values":[{"label":"34.5","value":"EU 34.5","price":"","pimage":"","pimage_id":"","pthumb":"","color":""},{"label":"35","value":"EU 35","price":"","pimage":"","pimage_id":"","pthumb":"","color":""},{"label":"35.5","value":"EU 35.5","price":"","pimage":"","pimage_id":"","pthumb":"","color":""},{"label":"36","value":"EU 36","price":"","pimage":"","pimage_id":"","pthumb":"","color":"","selected":true},{"label":"37","value":"EU 37","price":"","pimage":"","pimage_id":"","pthumb":"","color":""},{"label":"37.5","value":"EU 37.5","price":"","pimage":"","pimage_id":"","pthumb":"","color":""},{"label":"38","value":"EU 38","price":"","pimage":"","pimage_id":"","pthumb":"","color":""},{"label":"38.5","value":"EU 38.5","price":"","pimage":"","pimage_id":"","pthumb":"","color":""},{"label":"39","value":"EU 39","price":"","pimage":"","pimage_id":"","pthumb":"","color":""},{"label":"39.5","value":"EU 39.5","price":"","pimage":"","pimage_id":"","pthumb":"","color":""},{"label":"40","value":"EU 40","price":"","pimage":"","pimage_id":"","pthumb":"","color":""},{"label":"40.5","value":"EU 40.5","price":"","pimage":"","pimage_id":"","pthumb":"","color":""},{"label":" 41.5","value":"EU 41.5","price":"","pimage":"","pimage_id":"","pthumb":"","color":""},{"label":"42","value":"EU 42","price":"","pimage":"","pimage_id":"","pthumb":"","color":""},{"label":"42.5","value":"EU 42.5","price":"","pimage":"","pimage_id":"","pthumb":"","color":""},{"label":"43","value":"EU 43","price":"","pimage":"","pimage_id":"","pthumb":"","color":""},{"label":"44","value":"EU 44","price":"","pimage":"","pimage_id":"","pthumb":"","color":""},{"label":"44.5","value":"EU 44.5","price":"","pimage":"","pimage_id":"","pthumb":"","color":""},{"label":"45","value":"EU 45","price":"","pimage":"","pimage_id":"","pthumb":"","color":""},{"label":"45.5","value":"EU 45.5","price":"","pimage":"","pimage_id":"","pthumb":"","color":""},{"label":"46","value":"EU 46","price":"","pimage":"","pimage_id":"","pthumb":"","color":""}],"relations":[{"operator":false,"rules":[]}],"form_id":184312,"form_rules":{"pric_cal_option_once":false,"exclude_from_discount":false,"pric_use_as_fee":false,"fee_label":"Fee","render_after_acb":false,"disp_hide_options_price":false}}]},"yoast_head":"<!-- This site is optimized with the Yoast SEO plugin v26.5 - https:\/\/yoast.com\/wordpress\/plugins\/seo\/ -->\n<title>(Women) Kiko Kostadinov x Heaven by Marc Jacobs x ASICS Gel Lokros &#039;Vapor Cosmos&#039; - TOURCRUISER PTE. LTD<\/title>\n<meta name=\"robots\" content=\"index, follow, max-snippet:-1, max-image-preview:large, max-video-preview:-1\" \/>\n<link rel=\"canonical\" href=\"https:\/\/tourcruiser.com\/fr\/products\/women-kiko-kostadinov-x-heaven-by-marc-jacobs-x-asics-gel-lokros-vapor-cosmos\/\" \/>\n<meta property=\"og:locale\" content=\"fr_FR\" \/>\n<meta property=\"og:type\" content=\"article\" \/>\n<meta property=\"og:title\" content=\"(Women) Kiko Kostadinov x Heaven by Marc Jacobs x ASICS Gel Lokros &#039;Vapor Cosmos&#039; - TOURCRUISER PTE. LTD\" \/>\n<meta property=\"og:description\" content=\"ASICS Gel Lokros \u201d\u201d Vapor\/Cosmos\" \/>\n<meta property=\"og:url\" content=\"https:\/\/tourcruiser.com\/fr\/products\/women-kiko-kostadinov-x-heaven-by-marc-jacobs-x-asics-gel-lokros-vapor-cosmos\/\" \/>\n<meta property=\"og:site_name\" content=\"Tourcruiser Sneaker Store\" \/>\n<meta property=\"article:modified_time\" content=\"2026-03-14T12:05:47+00:00\" \/>\n<meta name=\"twitter:card\" content=\"summary_large_image\" \/>\n<meta name=\"twitter:image\" content=\"https:\/\/images.novelship.com\/product\/_women__kiko_kostadinov_x_heaven_by_marc_jacobs_x__0_61332.jpeg\" \/>\n<meta name=\"twitter:label1\" content=\"Dur\u00e9e de lecture estim\u00e9e\" \/>\n\t<meta name=\"twitter:data1\" content=\"1 minute\" \/>\n<script type=\"application\/ld+json\" class=\"yoast-schema-graph\">{\"@context\":\"https:\/\/schema.org\",\"@graph\":[{\"@type\":\"WebPage\",\"@id\":\"https:\/\/tourcruiser.com\/fr\/products\/women-kiko-kostadinov-x-heaven-by-marc-jacobs-x-asics-gel-lokros-vapor-cosmos\/\",\"url\":\"https:\/\/tourcruiser.com\/fr\/products\/women-kiko-kostadinov-x-heaven-by-marc-jacobs-x-asics-gel-lokros-vapor-cosmos\/\",\"name\":\"(Women) Kiko Kostadinov x Heaven by Marc Jacobs x ASICS Gel Lokros 'Vapor Cosmos' - TOURCRUISER PTE. LTD\",\"isPartOf\":{\"@id\":\"https:\/\/tourcruiser.com\/fr\/#website\"},\"primaryImageOfPage\":{\"@id\":\"https:\/\/tourcruiser.com\/fr\/products\/women-kiko-kostadinov-x-heaven-by-marc-jacobs-x-asics-gel-lokros-vapor-cosmos\/#primaryimage\"},\"image\":{\"@id\":\"https:\/\/tourcruiser.com\/fr\/products\/women-kiko-kostadinov-x-heaven-by-marc-jacobs-x-asics-gel-lokros-vapor-cosmos\/#primaryimage\"},\"thumbnailUrl\":\"https:\/\/images.novelship.com\/product\/_women__kiko_kostadinov_x_heaven_by_marc_jacobs_x__0_61332.jpeg\",\"datePublished\":\"2026-03-02T08:31:54+00:00\",\"dateModified\":\"2026-03-14T12:05:47+00:00\",\"breadcrumb\":{\"@id\":\"https:\/\/tourcruiser.com\/fr\/products\/women-kiko-kostadinov-x-heaven-by-marc-jacobs-x-asics-gel-lokros-vapor-cosmos\/#breadcrumb\"},\"inLanguage\":\"fr-FR\",\"potentialAction\":[{\"@type\":\"ReadAction\",\"target\":[\"https:\/\/tourcruiser.com\/fr\/products\/women-kiko-kostadinov-x-heaven-by-marc-jacobs-x-asics-gel-lokros-vapor-cosmos\/\"]}]},{\"@type\":\"ImageObject\",\"inLanguage\":\"fr-FR\",\"@id\":\"https:\/\/tourcruiser.com\/fr\/products\/women-kiko-kostadinov-x-heaven-by-marc-jacobs-x-asics-gel-lokros-vapor-cosmos\/#primaryimage\",\"url\":\"https:\/\/images.novelship.com\/product\/_women__kiko_kostadinov_x_heaven_by_marc_jacobs_x__0_61332.jpeg\",\"contentUrl\":\"https:\/\/images.novelship.com\/product\/_women__kiko_kostadinov_x_heaven_by_marc_jacobs_x__0_61332.jpeg\"},{\"@type\":\"BreadcrumbList\",\"@id\":\"https:\/\/tourcruiser.com\/fr\/products\/women-kiko-kostadinov-x-heaven-by-marc-jacobs-x-asics-gel-lokros-vapor-cosmos\/#breadcrumb\",\"itemListElement\":[{\"@type\":\"ListItem\",\"position\":1,\"name\":\"Home\",\"item\":\"https:\/\/tourcruiser.com\/fr\/\"},{\"@type\":\"ListItem\",\"position\":2,\"name\":\"Shop\",\"item\":\"https:\/\/tourcruiser.com\/fr\/shop\/\"},{\"@type\":\"ListItem\",\"position\":3,\"name\":\"(Women) Kiko Kostadinov x Heaven by Marc Jacobs x ASICS Gel Lokros 'Vapor Cosmos'\"}]},{\"@type\":\"WebSite\",\"@id\":\"https:\/\/tourcruiser.com\/fr\/#website\",\"url\":\"https:\/\/tourcruiser.com\/fr\/\",\"name\":\"Styloral Jewelry Shop\",\"description\":\"Tourcruiser Sneaker Store \u2014 L\u2019endroit o\u00f9 l\u2019univers rencontre votre singularit\u00e9.\",\"publisher\":{\"@id\":\"https:\/\/tourcruiser.com\/fr\/#organization\"},\"potentialAction\":[{\"@type\":\"SearchAction\",\"target\":{\"@type\":\"EntryPoint\",\"urlTemplate\":\"https:\/\/tourcruiser.com\/fr\/?s={search_term_string}\"},\"query-input\":{\"@type\":\"PropertyValueSpecification\",\"valueRequired\":true,\"valueName\":\"search_term_string\"}}],\"inLanguage\":\"fr-FR\"},{\"@type\":\"Organization\",\"@id\":\"https:\/\/tourcruiser.com\/fr\/#organization\",\"name\":\"STYLORAL PTE. LTD\",\"url\":\"https:\/\/tourcruiser.com\/fr\/\",\"logo\":{\"@type\":\"ImageObject\",\"inLanguage\":\"fr-FR\",\"@id\":\"https:\/\/tourcruiser.com\/fr\/#\/schema\/logo\/image\/\",\"url\":\"https:\/\/www.tourcruiser.com\/wp-content\/uploads\/2025\/12\/logo.png\",\"contentUrl\":\"https:\/\/www.tourcruiser.com\/wp-content\/uploads\/2025\/12\/logo.png\",\"width\":200,\"height\":65,\"caption\":\"STYLORAL PTE. LTD\"},\"image\":{\"@id\":\"https:\/\/tourcruiser.com\/fr\/#\/schema\/logo\/image\/\"}}]}<\/script>\n<!-- \/ Yoast SEO plugin. -->","yoast_head_json":{"title":"(Women) Kiko Kostadinov x Heaven by Marc Jacobs x ASICS Gel Lokros 'Vapor Cosmos' - TOURCRUISER PTE. LTD","robots":{"index":"index","follow":"follow","max-snippet":"max-snippet:-1","max-image-preview":"max-image-preview:large","max-video-preview":"max-video-preview:-1"},"canonical":"https:\/\/tourcruiser.com\/fr\/products\/women-kiko-kostadinov-x-heaven-by-marc-jacobs-x-asics-gel-lokros-vapor-cosmos\/","og_locale":"fr_FR","og_type":"article","og_title":"(Women) Kiko Kostadinov x Heaven by Marc Jacobs x ASICS Gel Lokros 'Vapor Cosmos' - TOURCRUISER PTE. LTD","og_description":"ASICS Gel Lokros \u201d\u201d Vapor\/Cosmos","og_url":"https:\/\/tourcruiser.com\/fr\/products\/women-kiko-kostadinov-x-heaven-by-marc-jacobs-x-asics-gel-lokros-vapor-cosmos\/","og_site_name":"Tourcruiser Sneaker Store","article_modified_time":"2026-03-14T12:05:47+00:00","twitter_card":"summary_large_image","twitter_image":"https:\/\/images.novelship.com\/product\/_women__kiko_kostadinov_x_heaven_by_marc_jacobs_x__0_61332.jpeg","twitter_misc":{"Dur\u00e9e de lecture estim\u00e9e":"1 minute"},"schema":{"@context":"https:\/\/schema.org","@graph":[{"@type":"WebPage","@id":"https:\/\/tourcruiser.com\/fr\/products\/women-kiko-kostadinov-x-heaven-by-marc-jacobs-x-asics-gel-lokros-vapor-cosmos\/","url":"https:\/\/tourcruiser.com\/fr\/products\/women-kiko-kostadinov-x-heaven-by-marc-jacobs-x-asics-gel-lokros-vapor-cosmos\/","name":"(Women) Kiko Kostadinov x Heaven by Marc Jacobs x ASICS Gel Lokros 'Vapor Cosmos' - TOURCRUISER PTE. LTD","isPartOf":{"@id":"https:\/\/tourcruiser.com\/fr\/#website"},"primaryImageOfPage":{"@id":"https:\/\/tourcruiser.com\/fr\/products\/women-kiko-kostadinov-x-heaven-by-marc-jacobs-x-asics-gel-lokros-vapor-cosmos\/#primaryimage"},"image":{"@id":"https:\/\/tourcruiser.com\/fr\/products\/women-kiko-kostadinov-x-heaven-by-marc-jacobs-x-asics-gel-lokros-vapor-cosmos\/#primaryimage"},"thumbnailUrl":"https:\/\/images.novelship.com\/product\/_women__kiko_kostadinov_x_heaven_by_marc_jacobs_x__0_61332.jpeg","datePublished":"2026-03-02T08:31:54+00:00","dateModified":"2026-03-14T12:05:47+00:00","breadcrumb":{"@id":"https:\/\/tourcruiser.com\/fr\/products\/women-kiko-kostadinov-x-heaven-by-marc-jacobs-x-asics-gel-lokros-vapor-cosmos\/#breadcrumb"},"inLanguage":"fr-FR","potentialAction":[{"@type":"ReadAction","target":["https:\/\/tourcruiser.com\/fr\/products\/women-kiko-kostadinov-x-heaven-by-marc-jacobs-x-asics-gel-lokros-vapor-cosmos\/"]}]},{"@type":"ImageObject","inLanguage":"fr-FR","@id":"https:\/\/tourcruiser.com\/fr\/products\/women-kiko-kostadinov-x-heaven-by-marc-jacobs-x-asics-gel-lokros-vapor-cosmos\/#primaryimage","url":"https:\/\/images.novelship.com\/product\/_women__kiko_kostadinov_x_heaven_by_marc_jacobs_x__0_61332.jpeg","contentUrl":"https:\/\/images.novelship.com\/product\/_women__kiko_kostadinov_x_heaven_by_marc_jacobs_x__0_61332.jpeg"},{"@type":"BreadcrumbList","@id":"https:\/\/tourcruiser.com\/fr\/products\/women-kiko-kostadinov-x-heaven-by-marc-jacobs-x-asics-gel-lokros-vapor-cosmos\/#breadcrumb","itemListElement":[{"@type":"ListItem","position":1,"name":"Home","item":"https:\/\/tourcruiser.com\/fr\/"},{"@type":"ListItem","position":2,"name":"Shop","item":"https:\/\/tourcruiser.com\/fr\/shop\/"},{"@type":"ListItem","position":3,"name":"(Women) Kiko Kostadinov x Heaven by Marc Jacobs x ASICS Gel Lokros 'Vapor Cosmos'"}]},{"@type":"WebSite","@id":"https:\/\/tourcruiser.com\/fr\/#website","url":"https:\/\/tourcruiser.com\/fr\/","name":"Styloral Jewelry Shop","description":"Tourcruiser Sneaker Store \u2014 L\u2019endroit o\u00f9 l\u2019univers rencontre votre singularit\u00e9.","publisher":{"@id":"https:\/\/tourcruiser.com\/fr\/#organization"},"potentialAction":[{"@type":"SearchAction","target":{"@type":"EntryPoint","urlTemplate":"https:\/\/tourcruiser.com\/fr\/?s={search_term_string}"},"query-input":{"@type":"PropertyValueSpecification","valueRequired":true,"valueName":"search_term_string"}}],"inLanguage":"fr-FR"},{"@type":"Organization","@id":"https:\/\/tourcruiser.com\/fr\/#organization","name":"STYLORAL PTE. LTD","url":"https:\/\/tourcruiser.com\/fr\/","logo":{"@type":"ImageObject","inLanguage":"fr-FR","@id":"https:\/\/tourcruiser.com\/fr\/#\/schema\/logo\/image\/","url":"https:\/\/www.tourcruiser.com\/wp-content\/uploads\/2025\/12\/logo.png","contentUrl":"https:\/\/www.tourcruiser.com\/wp-content\/uploads\/2025\/12\/logo.png","width":200,"height":65,"caption":"STYLORAL PTE. LTD"},"image":{"@id":"https:\/\/tourcruiser.com\/fr\/#\/schema\/logo\/image\/"}}]}},"_links":{"self":[{"href":"https:\/\/tourcruiser.com\/fr\/wp-json\/wp\/v2\/product\/117728","targetHints":{"allow":["GET"]}}],"collection":[{"href":"https:\/\/tourcruiser.com\/fr\/wp-json\/wp\/v2\/product"}],"about":[{"href":"https:\/\/tourcruiser.com\/fr\/wp-json\/wp\/v2\/types\/product"}],"replies":[{"embeddable":true,"href":"https:\/\/tourcruiser.com\/fr\/wp-json\/wp\/v2\/comments?post=117728"}],"wp:featuredmedia":[{"embeddable":true,"href":"https:\/\/tourcruiser.com\/fr\/wp-json\/wp\/v2\/media\/117729"}],"wp:attachment":[{"href":"https:\/\/tourcruiser.com\/fr\/wp-json\/wp\/v2\/media?parent=117728"}],"wp:term":[{"taxonomy":"product_brand","embeddable":true,"href":"https:\/\/tourcruiser.com\/fr\/wp-json\/wp\/v2\/product_brand?post=117728"},{"taxonomy":"product_cat","embeddable":true,"href":"https:\/\/tourcruiser.com\/fr\/wp-json\/wp\/v2\/product_cat?post=117728"},{"taxonomy":"product_tag","embeddable":true,"href":"https:\/\/tourcruiser.com\/fr\/wp-json\/wp\/v2\/product_tag?post=117728"}],"curies":[{"name":"wp","href":"https:\/\/api.w.org\/{rel}","templated":true}]}}