{"id":113275,"date":"2026-03-02T15:30:58","date_gmt":"2026-03-02T08:30:58","guid":{"rendered":"http:\/\/tourcruiser.com\/product\/unaffected-x-asics-gel-nimbus-101-black"},"modified":"2026-03-14T19:05:04","modified_gmt":"2026-03-14T12:05:04","slug":"unaffected-x-asics-gel-nimbus-101-black","status":"publish","type":"product","link":"https:\/\/tourcruiser.com\/fr\/products\/unaffected-x-asics-gel-nimbus-101-black\/","title":{"rendered":"UNAFFECTED x ASICS Gel-Nimbus 10.1 Black"},"content":{"rendered":"<p>D\u00e9couvrez la UNAFFECTED x ASICS Gel-Nimbus 10.1 Black \u2013 l&rsquo;alliance parfaite de la performance et du style, con\u00e7ue pour un confort optimal et une esth\u00e9tique r\u00e9solument moderne. Cette collaboration r\u00e9invente la silhouette classique de la Gel-Nimbus\u00a0: gr\u00e2ce \u00e0 sa technologie d&rsquo;amorti avanc\u00e9e et son design noir \u00e9l\u00e9gant, elle est id\u00e9ale pour des performances sportives de haut niveau comme pour un usage quotidien. Son empeigne l\u00e9g\u00e8re et travaill\u00e9e avec pr\u00e9cision assure une respirabilit\u00e9 optimale, tandis que sa semelle ext\u00e9rieure r\u00e9sistante offre une excellente adh\u00e9rence sur tous les terrains. En combinant les innovations ASICS au design unique d&rsquo;UNAFFECTED, cette chaussure offre un maintien in\u00e9gal\u00e9 et un confort durable pour celles et ceux qui appr\u00e9cient \u00e0 la fois style et fonctionnalit\u00e9. Sur piste comme au quotidien, la Gel-Nimbus 10.1 Black allie qualit\u00e9 exceptionnelle et \u00e9l\u00e9gance intemporelle. Investissez dans une chaussure qui repousse les limites, d\u00e9passe les attentes et vous accompagne avec fluidit\u00e9 \u00e0 chaque pas. <\/p>\n<p>Coloris\u00a0: Noir\/Noir<\/p>\n<p>R\u00e9f\u00e9rence\u00a0: 1203A836-001<br \/>\nMati\u00e8re ext\u00e9rieure\u00a0: Mesh<br \/>\nSemelle interm\u00e9diaire\u00a0: Gel<\/p>\n<p>Couleur\u00a0: Noir<br \/>\nAnn\u00e9e de sortie\u00a0: 2025<\/p>\n","protected":false},"excerpt":{"rendered":"<p>ASICS Gel-Nimbus 10.1 \u201d\u201d Black\/Black<\/p>\n","protected":false},"featured_media":113276,"comment_status":"open","ping_status":"closed","template":"","meta":[],"product_brand":[],"product_cat":[10792],"product_tag":[10791,10750,10754,10765,10768],"class_list":{"0":"post-113275","1":"product","2":"type-product","3":"status-publish","4":"has-post-thumbnail","6":"product_cat-asics","7":"product_tag-asics","8":"product_tag-athleisure-shoes","9":"product_tag-lifestyle-casual-shoes","10":"product_tag-lifestyle-shoes-running-inspired","11":"product_tag-retro-running-shoes","12":"wcpa_has_options","14":"first","15":"instock","16":"taxable","17":"shipping-taxable","18":"purchasable","19":"product-type-simple"},"wcpa_form_fields":{"rules":{"pric_overide_base_price":false,"pric_overide_base_price_if_gt_zero":false,"pric_overide_base_price_fully":false,"pric_cal_option_once":false,"pric_use_as_fee":false,"bind_quantity":false,"quantity_bind_formula":false},"fields":[{"type":"color-group","required":true,"elementId":"wcpa-color-group-69a5ab08ee12d","label":"Taille","inline":true,"priceOptions":"different_for_all","pricingType":"fixed","className":"hassizechart product-shoes-size-eu product-shoes-size","name":"color-group-69a5ab08ee136","disp_type":"square","selection_type":"tick-border","disp_size":"50","show_label_inside":true,"adjust_width":true,"cart_display_type":"text","other_text":"Other","cl_rule":"show","col":6,"values":[{"label":"36","value":"EU 36","price":"","pimage":"","pimage_id":"","pthumb":"","color":"","selected":true},{"label":"37","value":"EU 37","price":"","pimage":"","pimage_id":"","pthumb":"","color":""},{"label":"37.5","value":"EU 37.5","price":"","pimage":"","pimage_id":"","pthumb":"","color":""},{"label":"38","value":"EU 38","price":"","pimage":"","pimage_id":"","pthumb":"","color":""},{"label":"38.5","value":"EU 38.5","price":"","pimage":"","pimage_id":"","pthumb":"","color":""},{"label":"39","value":"EU 39","price":"","pimage":"","pimage_id":"","pthumb":"","color":""},{"label":"39.5","value":"EU 39.5","price":"","pimage":"","pimage_id":"","pthumb":"","color":""},{"label":"40","value":"EU 40","price":"","pimage":"","pimage_id":"","pthumb":"","color":""},{"label":"40.5","value":"EU 40.5","price":"","pimage":"","pimage_id":"","pthumb":"","color":""},{"label":" 41.5","value":"EU 41.5","price":"","pimage":"","pimage_id":"","pthumb":"","color":""},{"label":"42","value":"EU 42","price":"","pimage":"","pimage_id":"","pthumb":"","color":""},{"label":"42.5","value":"EU 42.5","price":"","pimage":"","pimage_id":"","pthumb":"","color":""},{"label":"43","value":"EU 43","price":"","pimage":"","pimage_id":"","pthumb":"","color":""},{"label":"44","value":"EU 44","price":"","pimage":"","pimage_id":"","pthumb":"","color":""},{"label":"44.5","value":"EU 44.5","price":"","pimage":"","pimage_id":"","pthumb":"","color":""},{"label":"45","value":"EU 45","price":"","pimage":"","pimage_id":"","pthumb":"","color":""},{"label":"45.5","value":"EU 45.5","price":"","pimage":"","pimage_id":"","pthumb":"","color":""},{"label":"46","value":"EU 46","price":"","pimage":"","pimage_id":"","pthumb":"","color":""},{"label":"46.5","value":"EU 46.5","price":"","pimage":"","pimage_id":"","pthumb":"","color":""},{"label":"47","value":"EU 47","price":"","pimage":"","pimage_id":"","pthumb":"","color":""}],"relations":[{"operator":false,"rules":[]}],"form_id":184311,"form_rules":{"pric_cal_option_once":false,"exclude_from_discount":false,"pric_use_as_fee":false,"fee_label":"Fee","render_after_acb":false,"disp_hide_options_price":false}}]},"yoast_head":"<!-- This site is optimized with the Yoast SEO plugin v26.5 - https:\/\/yoast.com\/wordpress\/plugins\/seo\/ -->\n<title>UNAFFECTED x ASICS Gel-Nimbus 10.1 Black - TOURCRUISER PTE. LTD<\/title>\n<meta name=\"robots\" content=\"index, follow, max-snippet:-1, max-image-preview:large, max-video-preview:-1\" \/>\n<link rel=\"canonical\" href=\"https:\/\/tourcruiser.com\/fr\/products\/unaffected-x-asics-gel-nimbus-101-black\/\" \/>\n<meta property=\"og:locale\" content=\"fr_FR\" \/>\n<meta property=\"og:type\" content=\"article\" \/>\n<meta property=\"og:title\" content=\"UNAFFECTED x ASICS Gel-Nimbus 10.1 Black - TOURCRUISER PTE. LTD\" \/>\n<meta property=\"og:description\" content=\"ASICS Gel-Nimbus 10.1 \u201d\u201d Black\/Black\" \/>\n<meta property=\"og:url\" content=\"https:\/\/tourcruiser.com\/fr\/products\/unaffected-x-asics-gel-nimbus-101-black\/\" \/>\n<meta property=\"og:site_name\" content=\"Tourcruiser Sneaker Store\" \/>\n<meta property=\"article:modified_time\" content=\"2026-03-14T12:05:04+00:00\" \/>\n<meta name=\"twitter:card\" content=\"summary_large_image\" \/>\n<meta name=\"twitter:image\" content=\"https:\/\/images.novelship.com\/product\/unaffected_x_asics_gel-nimbus_10_1_black_1203a836-_0_63845.jpeg\" \/>\n<meta name=\"twitter:label1\" content=\"Dur\u00e9e de lecture estim\u00e9e\" \/>\n\t<meta name=\"twitter:data1\" content=\"1 minute\" \/>\n<script type=\"application\/ld+json\" class=\"yoast-schema-graph\">{\"@context\":\"https:\/\/schema.org\",\"@graph\":[{\"@type\":\"WebPage\",\"@id\":\"https:\/\/tourcruiser.com\/fr\/products\/unaffected-x-asics-gel-nimbus-101-black\/\",\"url\":\"https:\/\/tourcruiser.com\/fr\/products\/unaffected-x-asics-gel-nimbus-101-black\/\",\"name\":\"UNAFFECTED x ASICS Gel-Nimbus 10.1 Black - TOURCRUISER PTE. LTD\",\"isPartOf\":{\"@id\":\"https:\/\/tourcruiser.com\/fr\/#website\"},\"primaryImageOfPage\":{\"@id\":\"https:\/\/tourcruiser.com\/fr\/products\/unaffected-x-asics-gel-nimbus-101-black\/#primaryimage\"},\"image\":{\"@id\":\"https:\/\/tourcruiser.com\/fr\/products\/unaffected-x-asics-gel-nimbus-101-black\/#primaryimage\"},\"thumbnailUrl\":\"https:\/\/images.novelship.com\/product\/unaffected_x_asics_gel-nimbus_10_1_black_1203a836-_0_63845.jpeg\",\"datePublished\":\"2026-03-02T08:30:58+00:00\",\"dateModified\":\"2026-03-14T12:05:04+00:00\",\"breadcrumb\":{\"@id\":\"https:\/\/tourcruiser.com\/fr\/products\/unaffected-x-asics-gel-nimbus-101-black\/#breadcrumb\"},\"inLanguage\":\"fr-FR\",\"potentialAction\":[{\"@type\":\"ReadAction\",\"target\":[\"https:\/\/tourcruiser.com\/fr\/products\/unaffected-x-asics-gel-nimbus-101-black\/\"]}]},{\"@type\":\"ImageObject\",\"inLanguage\":\"fr-FR\",\"@id\":\"https:\/\/tourcruiser.com\/fr\/products\/unaffected-x-asics-gel-nimbus-101-black\/#primaryimage\",\"url\":\"https:\/\/images.novelship.com\/product\/unaffected_x_asics_gel-nimbus_10_1_black_1203a836-_0_63845.jpeg\",\"contentUrl\":\"https:\/\/images.novelship.com\/product\/unaffected_x_asics_gel-nimbus_10_1_black_1203a836-_0_63845.jpeg\"},{\"@type\":\"BreadcrumbList\",\"@id\":\"https:\/\/tourcruiser.com\/fr\/products\/unaffected-x-asics-gel-nimbus-101-black\/#breadcrumb\",\"itemListElement\":[{\"@type\":\"ListItem\",\"position\":1,\"name\":\"Home\",\"item\":\"https:\/\/tourcruiser.com\/fr\/\"},{\"@type\":\"ListItem\",\"position\":2,\"name\":\"Shop\",\"item\":\"https:\/\/tourcruiser.com\/fr\/shop\/\"},{\"@type\":\"ListItem\",\"position\":3,\"name\":\"UNAFFECTED x ASICS Gel-Nimbus 10.1 Black\"}]},{\"@type\":\"WebSite\",\"@id\":\"https:\/\/tourcruiser.com\/fr\/#website\",\"url\":\"https:\/\/tourcruiser.com\/fr\/\",\"name\":\"Styloral Jewelry Shop\",\"description\":\"Tourcruiser Sneaker Store \u2014 L\u2019endroit o\u00f9 l\u2019univers rencontre votre singularit\u00e9.\",\"publisher\":{\"@id\":\"https:\/\/tourcruiser.com\/fr\/#organization\"},\"potentialAction\":[{\"@type\":\"SearchAction\",\"target\":{\"@type\":\"EntryPoint\",\"urlTemplate\":\"https:\/\/tourcruiser.com\/fr\/?s={search_term_string}\"},\"query-input\":{\"@type\":\"PropertyValueSpecification\",\"valueRequired\":true,\"valueName\":\"search_term_string\"}}],\"inLanguage\":\"fr-FR\"},{\"@type\":\"Organization\",\"@id\":\"https:\/\/tourcruiser.com\/fr\/#organization\",\"name\":\"STYLORAL PTE. LTD\",\"url\":\"https:\/\/tourcruiser.com\/fr\/\",\"logo\":{\"@type\":\"ImageObject\",\"inLanguage\":\"fr-FR\",\"@id\":\"https:\/\/tourcruiser.com\/fr\/#\/schema\/logo\/image\/\",\"url\":\"https:\/\/www.tourcruiser.com\/wp-content\/uploads\/2025\/12\/logo.png\",\"contentUrl\":\"https:\/\/www.tourcruiser.com\/wp-content\/uploads\/2025\/12\/logo.png\",\"width\":200,\"height\":65,\"caption\":\"STYLORAL PTE. LTD\"},\"image\":{\"@id\":\"https:\/\/tourcruiser.com\/fr\/#\/schema\/logo\/image\/\"}}]}<\/script>\n<!-- \/ Yoast SEO plugin. -->","yoast_head_json":{"title":"UNAFFECTED x ASICS Gel-Nimbus 10.1 Black - TOURCRUISER PTE. LTD","robots":{"index":"index","follow":"follow","max-snippet":"max-snippet:-1","max-image-preview":"max-image-preview:large","max-video-preview":"max-video-preview:-1"},"canonical":"https:\/\/tourcruiser.com\/fr\/products\/unaffected-x-asics-gel-nimbus-101-black\/","og_locale":"fr_FR","og_type":"article","og_title":"UNAFFECTED x ASICS Gel-Nimbus 10.1 Black - TOURCRUISER PTE. LTD","og_description":"ASICS Gel-Nimbus 10.1 \u201d\u201d Black\/Black","og_url":"https:\/\/tourcruiser.com\/fr\/products\/unaffected-x-asics-gel-nimbus-101-black\/","og_site_name":"Tourcruiser Sneaker Store","article_modified_time":"2026-03-14T12:05:04+00:00","twitter_card":"summary_large_image","twitter_image":"https:\/\/images.novelship.com\/product\/unaffected_x_asics_gel-nimbus_10_1_black_1203a836-_0_63845.jpeg","twitter_misc":{"Dur\u00e9e de lecture estim\u00e9e":"1 minute"},"schema":{"@context":"https:\/\/schema.org","@graph":[{"@type":"WebPage","@id":"https:\/\/tourcruiser.com\/fr\/products\/unaffected-x-asics-gel-nimbus-101-black\/","url":"https:\/\/tourcruiser.com\/fr\/products\/unaffected-x-asics-gel-nimbus-101-black\/","name":"UNAFFECTED x ASICS Gel-Nimbus 10.1 Black - TOURCRUISER PTE. LTD","isPartOf":{"@id":"https:\/\/tourcruiser.com\/fr\/#website"},"primaryImageOfPage":{"@id":"https:\/\/tourcruiser.com\/fr\/products\/unaffected-x-asics-gel-nimbus-101-black\/#primaryimage"},"image":{"@id":"https:\/\/tourcruiser.com\/fr\/products\/unaffected-x-asics-gel-nimbus-101-black\/#primaryimage"},"thumbnailUrl":"https:\/\/images.novelship.com\/product\/unaffected_x_asics_gel-nimbus_10_1_black_1203a836-_0_63845.jpeg","datePublished":"2026-03-02T08:30:58+00:00","dateModified":"2026-03-14T12:05:04+00:00","breadcrumb":{"@id":"https:\/\/tourcruiser.com\/fr\/products\/unaffected-x-asics-gel-nimbus-101-black\/#breadcrumb"},"inLanguage":"fr-FR","potentialAction":[{"@type":"ReadAction","target":["https:\/\/tourcruiser.com\/fr\/products\/unaffected-x-asics-gel-nimbus-101-black\/"]}]},{"@type":"ImageObject","inLanguage":"fr-FR","@id":"https:\/\/tourcruiser.com\/fr\/products\/unaffected-x-asics-gel-nimbus-101-black\/#primaryimage","url":"https:\/\/images.novelship.com\/product\/unaffected_x_asics_gel-nimbus_10_1_black_1203a836-_0_63845.jpeg","contentUrl":"https:\/\/images.novelship.com\/product\/unaffected_x_asics_gel-nimbus_10_1_black_1203a836-_0_63845.jpeg"},{"@type":"BreadcrumbList","@id":"https:\/\/tourcruiser.com\/fr\/products\/unaffected-x-asics-gel-nimbus-101-black\/#breadcrumb","itemListElement":[{"@type":"ListItem","position":1,"name":"Home","item":"https:\/\/tourcruiser.com\/fr\/"},{"@type":"ListItem","position":2,"name":"Shop","item":"https:\/\/tourcruiser.com\/fr\/shop\/"},{"@type":"ListItem","position":3,"name":"UNAFFECTED x ASICS Gel-Nimbus 10.1 Black"}]},{"@type":"WebSite","@id":"https:\/\/tourcruiser.com\/fr\/#website","url":"https:\/\/tourcruiser.com\/fr\/","name":"Styloral Jewelry Shop","description":"Tourcruiser Sneaker Store \u2014 L\u2019endroit o\u00f9 l\u2019univers rencontre votre singularit\u00e9.","publisher":{"@id":"https:\/\/tourcruiser.com\/fr\/#organization"},"potentialAction":[{"@type":"SearchAction","target":{"@type":"EntryPoint","urlTemplate":"https:\/\/tourcruiser.com\/fr\/?s={search_term_string}"},"query-input":{"@type":"PropertyValueSpecification","valueRequired":true,"valueName":"search_term_string"}}],"inLanguage":"fr-FR"},{"@type":"Organization","@id":"https:\/\/tourcruiser.com\/fr\/#organization","name":"STYLORAL PTE. LTD","url":"https:\/\/tourcruiser.com\/fr\/","logo":{"@type":"ImageObject","inLanguage":"fr-FR","@id":"https:\/\/tourcruiser.com\/fr\/#\/schema\/logo\/image\/","url":"https:\/\/www.tourcruiser.com\/wp-content\/uploads\/2025\/12\/logo.png","contentUrl":"https:\/\/www.tourcruiser.com\/wp-content\/uploads\/2025\/12\/logo.png","width":200,"height":65,"caption":"STYLORAL PTE. LTD"},"image":{"@id":"https:\/\/tourcruiser.com\/fr\/#\/schema\/logo\/image\/"}}]}},"_links":{"self":[{"href":"https:\/\/tourcruiser.com\/fr\/wp-json\/wp\/v2\/product\/113275","targetHints":{"allow":["GET"]}}],"collection":[{"href":"https:\/\/tourcruiser.com\/fr\/wp-json\/wp\/v2\/product"}],"about":[{"href":"https:\/\/tourcruiser.com\/fr\/wp-json\/wp\/v2\/types\/product"}],"replies":[{"embeddable":true,"href":"https:\/\/tourcruiser.com\/fr\/wp-json\/wp\/v2\/comments?post=113275"}],"wp:featuredmedia":[{"embeddable":true,"href":"https:\/\/tourcruiser.com\/fr\/wp-json\/wp\/v2\/media\/113276"}],"wp:attachment":[{"href":"https:\/\/tourcruiser.com\/fr\/wp-json\/wp\/v2\/media?parent=113275"}],"wp:term":[{"taxonomy":"product_brand","embeddable":true,"href":"https:\/\/tourcruiser.com\/fr\/wp-json\/wp\/v2\/product_brand?post=113275"},{"taxonomy":"product_cat","embeddable":true,"href":"https:\/\/tourcruiser.com\/fr\/wp-json\/wp\/v2\/product_cat?post=113275"},{"taxonomy":"product_tag","embeddable":true,"href":"https:\/\/tourcruiser.com\/fr\/wp-json\/wp\/v2\/product_tag?post=113275"}],"curies":[{"name":"wp","href":"https:\/\/api.w.org\/{rel}","templated":true}]}}