{"id":112830,"date":"2026-03-02T15:30:53","date_gmt":"2026-03-02T08:30:53","guid":{"rendered":"http:\/\/tourcruiser.com\/product\/nike-manoa-leather-boots-burgundy-crushblackdark-brownburgundy-crush"},"modified":"2026-03-14T19:04:51","modified_gmt":"2026-03-14T12:04:51","slug":"nike-manoa-leather-boots-burgundy-crushblackdark-brownburgundy-crush","status":"publish","type":"product","link":"https:\/\/tourcruiser.com\/fr\/products\/nike-manoa-leather-boots-burgundy-crushblackdark-brownburgundy-crush\/","title":{"rendered":"Nike Manoa Leather Boots Burgundy Crush\/Black\/Dark Brown\/Burgundy Crush"},"content":{"rendered":"<p>D\u00e9couvrez un style incomparable et une fiabilit\u00e9 \u00e0 toute \u00e9preuve avec les bottines en cuir Nike Manoa. Dans leur coloris Burgundy Crush saisissant, ces bottines allient mode et fonctionnalit\u00e9 \u00e0 la perfection. Con\u00e7ues pour les aventures urbaines comme pour les d\u00e9fis en plein air, elles sont fabriqu\u00e9es en cuir de premi\u00e8re qualit\u00e9 et dot\u00e9es d&rsquo;une semelle en caoutchouc durable pour une adh\u00e9rence optimale. Des d\u00e9tails noirs et marron fonc\u00e9 ajoutent une touche d&rsquo;\u00e9l\u00e9gance. Profitez d&rsquo;un confort et d&rsquo;une protection in\u00e9gal\u00e9s sur tous les terrains avec la Nike Manoa, la chaussure id\u00e9ale en toute saison. Coloris\u00a0: Burgundy Crush\/Noir\/Marron fonc\u00e9\/Burgundy Crush. R\u00e9f\u00e9rence\u00a0: HF7095-600. Mati\u00e8re ext\u00e9rieure\u00a0: Cuir. Couleur\u00a0: Burgundy.<\/p>\n","protected":false},"excerpt":{"rendered":"<p>Nike Manoa Leather Boots \u201d\u201d Burgundy Crush\/Black\/Dark Brown\/Burgundy Crush<\/p>\n","protected":false},"featured_media":112831,"comment_status":"open","ping_status":"closed","template":"","meta":[],"product_brand":[],"product_cat":[10803],"product_tag":[10917],"class_list":{"0":"post-112830","1":"product","2":"type-product","3":"status-publish","4":"has-post-thumbnail","6":"product_cat-nike","7":"product_tag-small-130-usd","8":"wcpa_has_options","10":"first","11":"instock","12":"taxable","13":"shipping-taxable","14":"purchasable","15":"product-type-simple"},"wcpa_form_fields":{"rules":{"pric_overide_base_price":false,"pric_overide_base_price_if_gt_zero":false,"pric_overide_base_price_fully":false,"pric_cal_option_once":false,"pric_use_as_fee":false,"bind_quantity":false,"quantity_bind_formula":false},"fields":[{"type":"color-group","required":true,"elementId":"wcpa-color-group-66c4a75505e74","label":"Taille","inline":true,"priceOptions":"different_for_all","pricingType":"fixed","className":"hassizechart product-shoes-size-eu product-shoes-size","name":"color-group-66c4a75505e89","disp_type":"square","selection_type":"tick-border","disp_size":"44","show_label_inside":true,"adjust_width":true,"cart_display_type":"text","other_text":"Other","cl_rule":"show","col":6,"values":[{"label":"35.5","value":"EU 35.5","price":"","pimage":"","pimage_id":"","pthumb":"","color":""},{"label":"36","value":"EU 36","price":"","pimage":"","pimage_id":"","pthumb":"","color":"","selected":true},{"label":"36.5","value":"EU 36.5","price":"","pimage":"","pimage_id":"","pthumb":"","color":""},{"label":"37.5","value":"EU 37.5","price":"","pimage":"","pimage_id":"","pthumb":"","color":""},{"label":"38","value":"EU 38","price":"","pimage":"","pimage_id":"","pthumb":"","color":""},{"label":"38.5","value":"EU 38.5","price":"","pimage":"","pimage_id":"","pthumb":"","color":""},{"label":"39","value":"EU 39","price":"","pimage":"","pimage_id":"","pthumb":"","color":""},{"label":"40","value":"EU 40","price":"","pimage":"","pimage_id":"","pthumb":"","color":""},{"label":"40.5","value":"EU 40.5","price":"","pimage":"","pimage_id":"","pthumb":"","color":""},{"label":"41","value":"EU 41","price":"","pimage":"","pimage_id":"","pthumb":"","color":""},{"label":"42","value":"EU 42","price":"","pimage":"","pimage_id":"","pthumb":"","color":""},{"label":"42.5","value":"EU 42.5","price":"","pimage":"","pimage_id":"","pthumb":"","color":""},{"label":"43","value":"EU 43","price":"","pimage":"","pimage_id":"","pthumb":"","color":""},{"label":"44","value":"EU 44","price":"","pimage":"","pimage_id":"","pthumb":"","color":""},{"label":"44.5","value":"EU 44.5","price":"","pimage":"","pimage_id":"","pthumb":"","color":""},{"label":"45","value":"EU 45","price":"","pimage":"","pimage_id":"","pthumb":"","color":""},{"label":"45.5","value":"EU 45.5","price":"","pimage":"","pimage_id":"","pthumb":"","color":""},{"label":"46","value":"EU 46","price":"","pimage":"","pimage_id":"","pthumb":"","color":""},{"label":"47","value":"EU 47","price":"","pimage":"","pimage_id":"","pthumb":"","color":""},{"label":"47.5","value":"EU 47.5","price":"","pimage":"","pimage_id":"","pthumb":"","color":""},{"label":"48","value":"EU 48","price":"","pimage":"","pimage_id":"","pthumb":"","color":""}],"relations":[{"operator":false,"rules":[]}],"form_id":18106,"form_rules":{"pric_cal_option_once":false,"exclude_from_discount":false,"pric_use_as_fee":false,"fee_label":"Fee","render_after_acb":false,"disp_hide_options_price":false}}]},"yoast_head":"<!-- This site is optimized with the Yoast SEO plugin v26.5 - https:\/\/yoast.com\/wordpress\/plugins\/seo\/ -->\n<title>Nike Manoa Leather Boots Burgundy Crush\/Black\/Dark Brown\/Burgundy Crush - TOURCRUISER PTE. LTD<\/title>\n<meta name=\"robots\" content=\"index, follow, max-snippet:-1, max-image-preview:large, max-video-preview:-1\" \/>\n<link rel=\"canonical\" href=\"https:\/\/tourcruiser.com\/fr\/products\/nike-manoa-leather-boots-burgundy-crushblackdark-brownburgundy-crush\/\" \/>\n<meta property=\"og:locale\" content=\"fr_FR\" \/>\n<meta property=\"og:type\" content=\"article\" \/>\n<meta property=\"og:title\" content=\"Nike Manoa Leather Boots Burgundy Crush\/Black\/Dark Brown\/Burgundy Crush - TOURCRUISER PTE. LTD\" \/>\n<meta property=\"og:description\" content=\"Nike Manoa Leather Boots \u201d\u201d Burgundy Crush\/Black\/Dark Brown\/Burgundy Crush\" \/>\n<meta property=\"og:url\" content=\"https:\/\/tourcruiser.com\/fr\/products\/nike-manoa-leather-boots-burgundy-crushblackdark-brownburgundy-crush\/\" \/>\n<meta property=\"og:site_name\" content=\"Tourcruiser Sneaker Store\" \/>\n<meta property=\"article:modified_time\" content=\"2026-03-14T12:04:51+00:00\" \/>\n<meta name=\"twitter:card\" content=\"summary_large_image\" \/>\n<meta name=\"twitter:image\" content=\"https:\/\/images.novelship.com\/product\/nike_manoa_leather_boots_burgundy_crush_black_dark_0_68903.png\" \/>\n<meta name=\"twitter:label1\" content=\"Dur\u00e9e de lecture estim\u00e9e\" \/>\n\t<meta name=\"twitter:data1\" content=\"1 minute\" \/>\n<script type=\"application\/ld+json\" class=\"yoast-schema-graph\">{\"@context\":\"https:\/\/schema.org\",\"@graph\":[{\"@type\":\"WebPage\",\"@id\":\"https:\/\/tourcruiser.com\/fr\/products\/nike-manoa-leather-boots-burgundy-crushblackdark-brownburgundy-crush\/\",\"url\":\"https:\/\/tourcruiser.com\/fr\/products\/nike-manoa-leather-boots-burgundy-crushblackdark-brownburgundy-crush\/\",\"name\":\"Nike Manoa Leather Boots Burgundy Crush\/Black\/Dark Brown\/Burgundy Crush - TOURCRUISER PTE. LTD\",\"isPartOf\":{\"@id\":\"https:\/\/tourcruiser.com\/fr\/#website\"},\"primaryImageOfPage\":{\"@id\":\"https:\/\/tourcruiser.com\/fr\/products\/nike-manoa-leather-boots-burgundy-crushblackdark-brownburgundy-crush\/#primaryimage\"},\"image\":{\"@id\":\"https:\/\/tourcruiser.com\/fr\/products\/nike-manoa-leather-boots-burgundy-crushblackdark-brownburgundy-crush\/#primaryimage\"},\"thumbnailUrl\":\"https:\/\/images.novelship.com\/product\/nike_manoa_leather_boots_burgundy_crush_black_dark_0_68903.png\",\"datePublished\":\"2026-03-02T08:30:53+00:00\",\"dateModified\":\"2026-03-14T12:04:51+00:00\",\"breadcrumb\":{\"@id\":\"https:\/\/tourcruiser.com\/fr\/products\/nike-manoa-leather-boots-burgundy-crushblackdark-brownburgundy-crush\/#breadcrumb\"},\"inLanguage\":\"fr-FR\",\"potentialAction\":[{\"@type\":\"ReadAction\",\"target\":[\"https:\/\/tourcruiser.com\/fr\/products\/nike-manoa-leather-boots-burgundy-crushblackdark-brownburgundy-crush\/\"]}]},{\"@type\":\"ImageObject\",\"inLanguage\":\"fr-FR\",\"@id\":\"https:\/\/tourcruiser.com\/fr\/products\/nike-manoa-leather-boots-burgundy-crushblackdark-brownburgundy-crush\/#primaryimage\",\"url\":\"https:\/\/images.novelship.com\/product\/nike_manoa_leather_boots_burgundy_crush_black_dark_0_68903.png\",\"contentUrl\":\"https:\/\/images.novelship.com\/product\/nike_manoa_leather_boots_burgundy_crush_black_dark_0_68903.png\"},{\"@type\":\"BreadcrumbList\",\"@id\":\"https:\/\/tourcruiser.com\/fr\/products\/nike-manoa-leather-boots-burgundy-crushblackdark-brownburgundy-crush\/#breadcrumb\",\"itemListElement\":[{\"@type\":\"ListItem\",\"position\":1,\"name\":\"Home\",\"item\":\"https:\/\/tourcruiser.com\/fr\/\"},{\"@type\":\"ListItem\",\"position\":2,\"name\":\"Shop\",\"item\":\"https:\/\/tourcruiser.com\/fr\/shop\/\"},{\"@type\":\"ListItem\",\"position\":3,\"name\":\"Nike Manoa Leather Boots Burgundy Crush\/Black\/Dark Brown\/Burgundy Crush\"}]},{\"@type\":\"WebSite\",\"@id\":\"https:\/\/tourcruiser.com\/fr\/#website\",\"url\":\"https:\/\/tourcruiser.com\/fr\/\",\"name\":\"Styloral Jewelry Shop\",\"description\":\"Tourcruiser Sneaker Store \u2014 L\u2019endroit o\u00f9 l\u2019univers rencontre votre singularit\u00e9.\",\"publisher\":{\"@id\":\"https:\/\/tourcruiser.com\/fr\/#organization\"},\"potentialAction\":[{\"@type\":\"SearchAction\",\"target\":{\"@type\":\"EntryPoint\",\"urlTemplate\":\"https:\/\/tourcruiser.com\/fr\/?s={search_term_string}\"},\"query-input\":{\"@type\":\"PropertyValueSpecification\",\"valueRequired\":true,\"valueName\":\"search_term_string\"}}],\"inLanguage\":\"fr-FR\"},{\"@type\":\"Organization\",\"@id\":\"https:\/\/tourcruiser.com\/fr\/#organization\",\"name\":\"STYLORAL PTE. LTD\",\"url\":\"https:\/\/tourcruiser.com\/fr\/\",\"logo\":{\"@type\":\"ImageObject\",\"inLanguage\":\"fr-FR\",\"@id\":\"https:\/\/tourcruiser.com\/fr\/#\/schema\/logo\/image\/\",\"url\":\"https:\/\/www.tourcruiser.com\/wp-content\/uploads\/2025\/12\/logo.png\",\"contentUrl\":\"https:\/\/www.tourcruiser.com\/wp-content\/uploads\/2025\/12\/logo.png\",\"width\":200,\"height\":65,\"caption\":\"STYLORAL PTE. LTD\"},\"image\":{\"@id\":\"https:\/\/tourcruiser.com\/fr\/#\/schema\/logo\/image\/\"}}]}<\/script>\n<!-- \/ Yoast SEO plugin. -->","yoast_head_json":{"title":"Nike Manoa Leather Boots Burgundy Crush\/Black\/Dark Brown\/Burgundy Crush - TOURCRUISER PTE. LTD","robots":{"index":"index","follow":"follow","max-snippet":"max-snippet:-1","max-image-preview":"max-image-preview:large","max-video-preview":"max-video-preview:-1"},"canonical":"https:\/\/tourcruiser.com\/fr\/products\/nike-manoa-leather-boots-burgundy-crushblackdark-brownburgundy-crush\/","og_locale":"fr_FR","og_type":"article","og_title":"Nike Manoa Leather Boots Burgundy Crush\/Black\/Dark Brown\/Burgundy Crush - TOURCRUISER PTE. LTD","og_description":"Nike Manoa Leather Boots \u201d\u201d Burgundy Crush\/Black\/Dark Brown\/Burgundy Crush","og_url":"https:\/\/tourcruiser.com\/fr\/products\/nike-manoa-leather-boots-burgundy-crushblackdark-brownburgundy-crush\/","og_site_name":"Tourcruiser Sneaker Store","article_modified_time":"2026-03-14T12:04:51+00:00","twitter_card":"summary_large_image","twitter_image":"https:\/\/images.novelship.com\/product\/nike_manoa_leather_boots_burgundy_crush_black_dark_0_68903.png","twitter_misc":{"Dur\u00e9e de lecture estim\u00e9e":"1 minute"},"schema":{"@context":"https:\/\/schema.org","@graph":[{"@type":"WebPage","@id":"https:\/\/tourcruiser.com\/fr\/products\/nike-manoa-leather-boots-burgundy-crushblackdark-brownburgundy-crush\/","url":"https:\/\/tourcruiser.com\/fr\/products\/nike-manoa-leather-boots-burgundy-crushblackdark-brownburgundy-crush\/","name":"Nike Manoa Leather Boots Burgundy Crush\/Black\/Dark Brown\/Burgundy Crush - TOURCRUISER PTE. LTD","isPartOf":{"@id":"https:\/\/tourcruiser.com\/fr\/#website"},"primaryImageOfPage":{"@id":"https:\/\/tourcruiser.com\/fr\/products\/nike-manoa-leather-boots-burgundy-crushblackdark-brownburgundy-crush\/#primaryimage"},"image":{"@id":"https:\/\/tourcruiser.com\/fr\/products\/nike-manoa-leather-boots-burgundy-crushblackdark-brownburgundy-crush\/#primaryimage"},"thumbnailUrl":"https:\/\/images.novelship.com\/product\/nike_manoa_leather_boots_burgundy_crush_black_dark_0_68903.png","datePublished":"2026-03-02T08:30:53+00:00","dateModified":"2026-03-14T12:04:51+00:00","breadcrumb":{"@id":"https:\/\/tourcruiser.com\/fr\/products\/nike-manoa-leather-boots-burgundy-crushblackdark-brownburgundy-crush\/#breadcrumb"},"inLanguage":"fr-FR","potentialAction":[{"@type":"ReadAction","target":["https:\/\/tourcruiser.com\/fr\/products\/nike-manoa-leather-boots-burgundy-crushblackdark-brownburgundy-crush\/"]}]},{"@type":"ImageObject","inLanguage":"fr-FR","@id":"https:\/\/tourcruiser.com\/fr\/products\/nike-manoa-leather-boots-burgundy-crushblackdark-brownburgundy-crush\/#primaryimage","url":"https:\/\/images.novelship.com\/product\/nike_manoa_leather_boots_burgundy_crush_black_dark_0_68903.png","contentUrl":"https:\/\/images.novelship.com\/product\/nike_manoa_leather_boots_burgundy_crush_black_dark_0_68903.png"},{"@type":"BreadcrumbList","@id":"https:\/\/tourcruiser.com\/fr\/products\/nike-manoa-leather-boots-burgundy-crushblackdark-brownburgundy-crush\/#breadcrumb","itemListElement":[{"@type":"ListItem","position":1,"name":"Home","item":"https:\/\/tourcruiser.com\/fr\/"},{"@type":"ListItem","position":2,"name":"Shop","item":"https:\/\/tourcruiser.com\/fr\/shop\/"},{"@type":"ListItem","position":3,"name":"Nike Manoa Leather Boots Burgundy Crush\/Black\/Dark Brown\/Burgundy Crush"}]},{"@type":"WebSite","@id":"https:\/\/tourcruiser.com\/fr\/#website","url":"https:\/\/tourcruiser.com\/fr\/","name":"Styloral Jewelry Shop","description":"Tourcruiser Sneaker Store \u2014 L\u2019endroit o\u00f9 l\u2019univers rencontre votre singularit\u00e9.","publisher":{"@id":"https:\/\/tourcruiser.com\/fr\/#organization"},"potentialAction":[{"@type":"SearchAction","target":{"@type":"EntryPoint","urlTemplate":"https:\/\/tourcruiser.com\/fr\/?s={search_term_string}"},"query-input":{"@type":"PropertyValueSpecification","valueRequired":true,"valueName":"search_term_string"}}],"inLanguage":"fr-FR"},{"@type":"Organization","@id":"https:\/\/tourcruiser.com\/fr\/#organization","name":"STYLORAL PTE. LTD","url":"https:\/\/tourcruiser.com\/fr\/","logo":{"@type":"ImageObject","inLanguage":"fr-FR","@id":"https:\/\/tourcruiser.com\/fr\/#\/schema\/logo\/image\/","url":"https:\/\/www.tourcruiser.com\/wp-content\/uploads\/2025\/12\/logo.png","contentUrl":"https:\/\/www.tourcruiser.com\/wp-content\/uploads\/2025\/12\/logo.png","width":200,"height":65,"caption":"STYLORAL PTE. LTD"},"image":{"@id":"https:\/\/tourcruiser.com\/fr\/#\/schema\/logo\/image\/"}}]}},"_links":{"self":[{"href":"https:\/\/tourcruiser.com\/fr\/wp-json\/wp\/v2\/product\/112830","targetHints":{"allow":["GET"]}}],"collection":[{"href":"https:\/\/tourcruiser.com\/fr\/wp-json\/wp\/v2\/product"}],"about":[{"href":"https:\/\/tourcruiser.com\/fr\/wp-json\/wp\/v2\/types\/product"}],"replies":[{"embeddable":true,"href":"https:\/\/tourcruiser.com\/fr\/wp-json\/wp\/v2\/comments?post=112830"}],"wp:featuredmedia":[{"embeddable":true,"href":"https:\/\/tourcruiser.com\/fr\/wp-json\/wp\/v2\/media\/112831"}],"wp:attachment":[{"href":"https:\/\/tourcruiser.com\/fr\/wp-json\/wp\/v2\/media?parent=112830"}],"wp:term":[{"taxonomy":"product_brand","embeddable":true,"href":"https:\/\/tourcruiser.com\/fr\/wp-json\/wp\/v2\/product_brand?post=112830"},{"taxonomy":"product_cat","embeddable":true,"href":"https:\/\/tourcruiser.com\/fr\/wp-json\/wp\/v2\/product_cat?post=112830"},{"taxonomy":"product_tag","embeddable":true,"href":"https:\/\/tourcruiser.com\/fr\/wp-json\/wp\/v2\/product_tag?post=112830"}],"curies":[{"name":"wp","href":"https:\/\/api.w.org\/{rel}","templated":true}]}}