{"id":112546,"date":"2026-03-02T15:30:48","date_gmt":"2026-03-02T08:30:48","guid":{"rendered":"http:\/\/tourcruiser.com\/product\/hoka-speedgoat-6-gore-tex-2e-wide-black-outer-orbit"},"modified":"2026-03-14T19:04:46","modified_gmt":"2026-03-14T12:04:46","slug":"hoka-speedgoat-6-gore-tex-2e-wide-black-outer-orbit","status":"publish","type":"product","link":"https:\/\/tourcruiser.com\/fr\/products\/hoka-speedgoat-6-gore-tex-2e-wide-black-outer-orbit\/","title":{"rendered":"HOKA Speedgoat 6 GORE-TEX 2E Wide &lsquo;Black Outer Orbit&rsquo;"},"content":{"rendered":"<p>Dominez tous les terrains et sentiers avec la HOKA Speedgoat 6 GORE-TEX 2E Wide \u00ab\u00a0Black Outer Orbit\u00a0\u00bb. Cette chaussure allie robustesse, confort optimal et protection contre les intemp\u00e9ries pour des performances maximales. Gr\u00e2ce \u00e0 sa membrane GORE-TEX respirante, vos pieds sont prot\u00e9g\u00e9s des caprices de la m\u00e9t\u00e9o tout en b\u00e9n\u00e9ficiant d&rsquo;une ventilation optimale. La largeur 2E offre un confort accru et un maintien s\u00fbr, notamment pour les pieds larges. La semelle interm\u00e9diaire r\u00e9active et la semelle ext\u00e9rieure Vibram\u00ae Megagrip assurent une adh\u00e9rence et une stabilit\u00e9 exceptionnelles sur les surfaces mouill\u00e9es, s\u00e8ches et rocailleuses, pour une confiance totale \u00e0 chaque pas. La Speedgoat 6 en \u00e9l\u00e9gant coloris \u00ab\u00a0Black Outer Orbit\u00a0\u00bb allie un design saisissant \u00e0 une grande fonctionnalit\u00e9. Id\u00e9ale pour les coureurs de fond et les passionn\u00e9s de plein air qui recherchent performance, durabilit\u00e9 et protection fiable contre les intemp\u00e9ries. Num\u00e9ro d&rsquo;article\u00a0: 1155770-BCKT. Tige\u00a0: Tiss\u00e9. Semelle interm\u00e9diaire\u00a0: CMEVA. Couleur\u00a0: Noir.<\/p>\n","protected":false},"excerpt":{"rendered":"<p>HOKA Speedgoat 6 GORE-TEX 2E Wide &lsquo;Black Outer Orbit&rsquo;<\/p>\n","protected":false},"featured_media":112547,"comment_status":"open","ping_status":"closed","template":"","meta":[],"product_brand":[],"product_cat":[11495],"product_tag":[11494,10802,10840,11006,10758,11116,11692],"class_list":{"0":"post-112546","1":"product","2":"type-product","3":"status-publish","4":"has-post-thumbnail","6":"product_cat-hoka","7":"product_tag-hoka","8":"product_tag-performance-sport-shoes","9":"product_tag-running-shoes","10":"product_tag-trail-running-shoes","11":"product_tag-under-retail","12":"product_tag-waterproof-hiking-shoes","13":"product_tag-wide-running-shoes","14":"wcpa_has_options","16":"first","17":"instock","18":"sale","19":"taxable","20":"shipping-taxable","21":"purchasable","22":"product-type-simple"},"wcpa_form_fields":{"rules":{"pric_overide_base_price":false,"pric_overide_base_price_if_gt_zero":false,"pric_overide_base_price_fully":false,"pric_cal_option_once":false,"pric_use_as_fee":false,"bind_quantity":false,"quantity_bind_formula":false},"fields":[{"type":"color-group","required":true,"elementId":"wcpa-color-group-69a5afd8a7cca","label":"Taille","inline":true,"priceOptions":"different_for_all","pricingType":"fixed","className":"hassizechart product-shoes-size-eu product-shoes-size","name":"color-group-69a5afd8a7cd3","disp_type":"square","selection_type":"tick-border","disp_size":"50","show_label_inside":true,"adjust_width":true,"cart_display_type":"text","other_text":"Other","cl_rule":"show","col":6,"values":[{"label":"35 1\/3","value":"EU 35 1\/3","price":"","pimage":"","pimage_id":"","pthumb":"","color":""},{"label":"36","value":"EU 36","price":"","pimage":"","pimage_id":"","pthumb":"","color":""},{"label":"36 2\/3","value":"EU 36 2\/3","price":"","pimage":"","pimage_id":"","pthumb":"","color":""},{"label":"37 1\/3","value":"EU 37 1\/3","price":"","pimage":"","pimage_id":"","pthumb":"","color":"","selected":true},{"label":"38","value":"EU 38","price":"","pimage":"","pimage_id":"","pthumb":"","color":""},{"label":"38 2\/3","value":"EU 38 2\/3","price":"","pimage":"","pimage_id":"","pthumb":"","color":""},{"label":"39 1\/3","value":"EU 39 1\/3","price":"","pimage":"","pimage_id":"","pthumb":"","color":""},{"label":"39.5","value":"EU 39.5","price":"","pimage":"","pimage_id":"","pthumb":"","color":""},{"label":"40","value":"EU 40","price":"","pimage":"","pimage_id":"","pthumb":"","color":""},{"label":"40 2\/3","value":"EU 40  2\/3","price":"","pimage":"","pimage_id":"","pthumb":"","color":""},{"label":" 41 1\/3","value":"EU 41.5","price":"","pimage":"","pimage_id":"","pthumb":"","color":""},{"label":"42","value":"EU 42","price":"","pimage":"","pimage_id":"","pthumb":"","color":""},{"label":"42 2\/3","value":"EU 42 2\/3","price":"","pimage":"","pimage_id":"","pthumb":"","color":""},{"label":"43 1\/3","value":"EU 43 1\/3","price":"","pimage":"","pimage_id":"","pthumb":"","color":""},{"label":"44","value":"EU 44","price":"","pimage":"","pimage_id":"","pthumb":"","color":""},{"label":"44 2\/3","value":"EU 44 2\/3","price":"","pimage":"","pimage_id":"","pthumb":"","color":""},{"label":"45 1\/3","value":"EU 45 1\/3","price":"","pimage":"","pimage_id":"","pthumb":"","color":""},{"label":"46","value":"EU 46","price":"","pimage":"","pimage_id":"","pthumb":"","color":""},{"label":"46 2\/3","value":"EU 46 2\/3","price":"","pimage":"","pimage_id":"","pthumb":"","color":""},{"label":"47 1\/3","value":"EU 47 1\/3","price":"","pimage":"","pimage_id":"","pthumb":"","color":""},{"label":"48","value":"EU 48","price":"","pimage":"","pimage_id":"","pthumb":"","color":""}],"relations":[{"operator":false,"rules":[]}],"form_id":184317,"form_rules":{"pric_cal_option_once":false,"exclude_from_discount":false,"pric_use_as_fee":false,"fee_label":"Fee","render_after_acb":false,"disp_hide_options_price":false}}]},"yoast_head":"<!-- This site is optimized with the Yoast SEO plugin v26.5 - https:\/\/yoast.com\/wordpress\/plugins\/seo\/ -->\n<title>HOKA Speedgoat 6 GORE-TEX 2E Wide &#039;Black Outer Orbit&#039; - TOURCRUISER PTE. LTD<\/title>\n<meta name=\"robots\" content=\"index, follow, max-snippet:-1, max-image-preview:large, max-video-preview:-1\" \/>\n<link rel=\"canonical\" href=\"https:\/\/tourcruiser.com\/fr\/products\/hoka-speedgoat-6-gore-tex-2e-wide-black-outer-orbit\/\" \/>\n<meta property=\"og:locale\" content=\"fr_FR\" \/>\n<meta property=\"og:type\" content=\"article\" \/>\n<meta property=\"og:title\" content=\"HOKA Speedgoat 6 GORE-TEX 2E Wide &#039;Black Outer Orbit&#039; - TOURCRUISER PTE. LTD\" \/>\n<meta property=\"og:description\" content=\"HOKA Speedgoat 6 GORE-TEX 2E Wide &#039;Black Outer Orbit&#039;\" \/>\n<meta property=\"og:url\" content=\"https:\/\/tourcruiser.com\/fr\/products\/hoka-speedgoat-6-gore-tex-2e-wide-black-outer-orbit\/\" \/>\n<meta property=\"og:site_name\" content=\"Tourcruiser Sneaker Store\" \/>\n<meta property=\"article:modified_time\" content=\"2026-03-14T12:04:46+00:00\" \/>\n<meta name=\"twitter:card\" content=\"summary_large_image\" \/>\n<meta name=\"twitter:image\" content=\"https:\/\/images.novelship.com\/product\/hoka_speedgoat_6_gore-tex_2e_wide__black_outer_orb_0_1584.png\" \/>\n<meta name=\"twitter:label1\" content=\"Dur\u00e9e de lecture estim\u00e9e\" \/>\n\t<meta name=\"twitter:data1\" content=\"1 minute\" \/>\n<script type=\"application\/ld+json\" class=\"yoast-schema-graph\">{\"@context\":\"https:\/\/schema.org\",\"@graph\":[{\"@type\":\"WebPage\",\"@id\":\"https:\/\/tourcruiser.com\/fr\/products\/hoka-speedgoat-6-gore-tex-2e-wide-black-outer-orbit\/\",\"url\":\"https:\/\/tourcruiser.com\/fr\/products\/hoka-speedgoat-6-gore-tex-2e-wide-black-outer-orbit\/\",\"name\":\"HOKA Speedgoat 6 GORE-TEX 2E Wide 'Black Outer Orbit' - TOURCRUISER PTE. LTD\",\"isPartOf\":{\"@id\":\"https:\/\/tourcruiser.com\/fr\/#website\"},\"primaryImageOfPage\":{\"@id\":\"https:\/\/tourcruiser.com\/fr\/products\/hoka-speedgoat-6-gore-tex-2e-wide-black-outer-orbit\/#primaryimage\"},\"image\":{\"@id\":\"https:\/\/tourcruiser.com\/fr\/products\/hoka-speedgoat-6-gore-tex-2e-wide-black-outer-orbit\/#primaryimage\"},\"thumbnailUrl\":\"https:\/\/images.novelship.com\/product\/hoka_speedgoat_6_gore-tex_2e_wide__black_outer_orb_0_1584.png\",\"datePublished\":\"2026-03-02T08:30:48+00:00\",\"dateModified\":\"2026-03-14T12:04:46+00:00\",\"breadcrumb\":{\"@id\":\"https:\/\/tourcruiser.com\/fr\/products\/hoka-speedgoat-6-gore-tex-2e-wide-black-outer-orbit\/#breadcrumb\"},\"inLanguage\":\"fr-FR\",\"potentialAction\":[{\"@type\":\"ReadAction\",\"target\":[\"https:\/\/tourcruiser.com\/fr\/products\/hoka-speedgoat-6-gore-tex-2e-wide-black-outer-orbit\/\"]}]},{\"@type\":\"ImageObject\",\"inLanguage\":\"fr-FR\",\"@id\":\"https:\/\/tourcruiser.com\/fr\/products\/hoka-speedgoat-6-gore-tex-2e-wide-black-outer-orbit\/#primaryimage\",\"url\":\"https:\/\/images.novelship.com\/product\/hoka_speedgoat_6_gore-tex_2e_wide__black_outer_orb_0_1584.png\",\"contentUrl\":\"https:\/\/images.novelship.com\/product\/hoka_speedgoat_6_gore-tex_2e_wide__black_outer_orb_0_1584.png\"},{\"@type\":\"BreadcrumbList\",\"@id\":\"https:\/\/tourcruiser.com\/fr\/products\/hoka-speedgoat-6-gore-tex-2e-wide-black-outer-orbit\/#breadcrumb\",\"itemListElement\":[{\"@type\":\"ListItem\",\"position\":1,\"name\":\"Home\",\"item\":\"https:\/\/tourcruiser.com\/fr\/\"},{\"@type\":\"ListItem\",\"position\":2,\"name\":\"Shop\",\"item\":\"https:\/\/tourcruiser.com\/fr\/shop\/\"},{\"@type\":\"ListItem\",\"position\":3,\"name\":\"HOKA Speedgoat 6 GORE-TEX 2E Wide 'Black Outer Orbit'\"}]},{\"@type\":\"WebSite\",\"@id\":\"https:\/\/tourcruiser.com\/fr\/#website\",\"url\":\"https:\/\/tourcruiser.com\/fr\/\",\"name\":\"Styloral Jewelry Shop\",\"description\":\"Tourcruiser Sneaker Store \u2014 L\u2019endroit o\u00f9 l\u2019univers rencontre votre singularit\u00e9.\",\"publisher\":{\"@id\":\"https:\/\/tourcruiser.com\/fr\/#organization\"},\"potentialAction\":[{\"@type\":\"SearchAction\",\"target\":{\"@type\":\"EntryPoint\",\"urlTemplate\":\"https:\/\/tourcruiser.com\/fr\/?s={search_term_string}\"},\"query-input\":{\"@type\":\"PropertyValueSpecification\",\"valueRequired\":true,\"valueName\":\"search_term_string\"}}],\"inLanguage\":\"fr-FR\"},{\"@type\":\"Organization\",\"@id\":\"https:\/\/tourcruiser.com\/fr\/#organization\",\"name\":\"STYLORAL PTE. LTD\",\"url\":\"https:\/\/tourcruiser.com\/fr\/\",\"logo\":{\"@type\":\"ImageObject\",\"inLanguage\":\"fr-FR\",\"@id\":\"https:\/\/tourcruiser.com\/fr\/#\/schema\/logo\/image\/\",\"url\":\"https:\/\/www.tourcruiser.com\/wp-content\/uploads\/2025\/12\/logo.png\",\"contentUrl\":\"https:\/\/www.tourcruiser.com\/wp-content\/uploads\/2025\/12\/logo.png\",\"width\":200,\"height\":65,\"caption\":\"STYLORAL PTE. LTD\"},\"image\":{\"@id\":\"https:\/\/tourcruiser.com\/fr\/#\/schema\/logo\/image\/\"}}]}<\/script>\n<!-- \/ Yoast SEO plugin. -->","yoast_head_json":{"title":"HOKA Speedgoat 6 GORE-TEX 2E Wide 'Black Outer Orbit' - TOURCRUISER PTE. LTD","robots":{"index":"index","follow":"follow","max-snippet":"max-snippet:-1","max-image-preview":"max-image-preview:large","max-video-preview":"max-video-preview:-1"},"canonical":"https:\/\/tourcruiser.com\/fr\/products\/hoka-speedgoat-6-gore-tex-2e-wide-black-outer-orbit\/","og_locale":"fr_FR","og_type":"article","og_title":"HOKA Speedgoat 6 GORE-TEX 2E Wide 'Black Outer Orbit' - TOURCRUISER PTE. LTD","og_description":"HOKA Speedgoat 6 GORE-TEX 2E Wide 'Black Outer Orbit'","og_url":"https:\/\/tourcruiser.com\/fr\/products\/hoka-speedgoat-6-gore-tex-2e-wide-black-outer-orbit\/","og_site_name":"Tourcruiser Sneaker Store","article_modified_time":"2026-03-14T12:04:46+00:00","twitter_card":"summary_large_image","twitter_image":"https:\/\/images.novelship.com\/product\/hoka_speedgoat_6_gore-tex_2e_wide__black_outer_orb_0_1584.png","twitter_misc":{"Dur\u00e9e de lecture estim\u00e9e":"1 minute"},"schema":{"@context":"https:\/\/schema.org","@graph":[{"@type":"WebPage","@id":"https:\/\/tourcruiser.com\/fr\/products\/hoka-speedgoat-6-gore-tex-2e-wide-black-outer-orbit\/","url":"https:\/\/tourcruiser.com\/fr\/products\/hoka-speedgoat-6-gore-tex-2e-wide-black-outer-orbit\/","name":"HOKA Speedgoat 6 GORE-TEX 2E Wide 'Black Outer Orbit' - TOURCRUISER PTE. LTD","isPartOf":{"@id":"https:\/\/tourcruiser.com\/fr\/#website"},"primaryImageOfPage":{"@id":"https:\/\/tourcruiser.com\/fr\/products\/hoka-speedgoat-6-gore-tex-2e-wide-black-outer-orbit\/#primaryimage"},"image":{"@id":"https:\/\/tourcruiser.com\/fr\/products\/hoka-speedgoat-6-gore-tex-2e-wide-black-outer-orbit\/#primaryimage"},"thumbnailUrl":"https:\/\/images.novelship.com\/product\/hoka_speedgoat_6_gore-tex_2e_wide__black_outer_orb_0_1584.png","datePublished":"2026-03-02T08:30:48+00:00","dateModified":"2026-03-14T12:04:46+00:00","breadcrumb":{"@id":"https:\/\/tourcruiser.com\/fr\/products\/hoka-speedgoat-6-gore-tex-2e-wide-black-outer-orbit\/#breadcrumb"},"inLanguage":"fr-FR","potentialAction":[{"@type":"ReadAction","target":["https:\/\/tourcruiser.com\/fr\/products\/hoka-speedgoat-6-gore-tex-2e-wide-black-outer-orbit\/"]}]},{"@type":"ImageObject","inLanguage":"fr-FR","@id":"https:\/\/tourcruiser.com\/fr\/products\/hoka-speedgoat-6-gore-tex-2e-wide-black-outer-orbit\/#primaryimage","url":"https:\/\/images.novelship.com\/product\/hoka_speedgoat_6_gore-tex_2e_wide__black_outer_orb_0_1584.png","contentUrl":"https:\/\/images.novelship.com\/product\/hoka_speedgoat_6_gore-tex_2e_wide__black_outer_orb_0_1584.png"},{"@type":"BreadcrumbList","@id":"https:\/\/tourcruiser.com\/fr\/products\/hoka-speedgoat-6-gore-tex-2e-wide-black-outer-orbit\/#breadcrumb","itemListElement":[{"@type":"ListItem","position":1,"name":"Home","item":"https:\/\/tourcruiser.com\/fr\/"},{"@type":"ListItem","position":2,"name":"Shop","item":"https:\/\/tourcruiser.com\/fr\/shop\/"},{"@type":"ListItem","position":3,"name":"HOKA Speedgoat 6 GORE-TEX 2E Wide 'Black Outer Orbit'"}]},{"@type":"WebSite","@id":"https:\/\/tourcruiser.com\/fr\/#website","url":"https:\/\/tourcruiser.com\/fr\/","name":"Styloral Jewelry Shop","description":"Tourcruiser Sneaker Store \u2014 L\u2019endroit o\u00f9 l\u2019univers rencontre votre singularit\u00e9.","publisher":{"@id":"https:\/\/tourcruiser.com\/fr\/#organization"},"potentialAction":[{"@type":"SearchAction","target":{"@type":"EntryPoint","urlTemplate":"https:\/\/tourcruiser.com\/fr\/?s={search_term_string}"},"query-input":{"@type":"PropertyValueSpecification","valueRequired":true,"valueName":"search_term_string"}}],"inLanguage":"fr-FR"},{"@type":"Organization","@id":"https:\/\/tourcruiser.com\/fr\/#organization","name":"STYLORAL PTE. LTD","url":"https:\/\/tourcruiser.com\/fr\/","logo":{"@type":"ImageObject","inLanguage":"fr-FR","@id":"https:\/\/tourcruiser.com\/fr\/#\/schema\/logo\/image\/","url":"https:\/\/www.tourcruiser.com\/wp-content\/uploads\/2025\/12\/logo.png","contentUrl":"https:\/\/www.tourcruiser.com\/wp-content\/uploads\/2025\/12\/logo.png","width":200,"height":65,"caption":"STYLORAL PTE. LTD"},"image":{"@id":"https:\/\/tourcruiser.com\/fr\/#\/schema\/logo\/image\/"}}]}},"_links":{"self":[{"href":"https:\/\/tourcruiser.com\/fr\/wp-json\/wp\/v2\/product\/112546","targetHints":{"allow":["GET"]}}],"collection":[{"href":"https:\/\/tourcruiser.com\/fr\/wp-json\/wp\/v2\/product"}],"about":[{"href":"https:\/\/tourcruiser.com\/fr\/wp-json\/wp\/v2\/types\/product"}],"replies":[{"embeddable":true,"href":"https:\/\/tourcruiser.com\/fr\/wp-json\/wp\/v2\/comments?post=112546"}],"wp:featuredmedia":[{"embeddable":true,"href":"https:\/\/tourcruiser.com\/fr\/wp-json\/wp\/v2\/media\/112547"}],"wp:attachment":[{"href":"https:\/\/tourcruiser.com\/fr\/wp-json\/wp\/v2\/media?parent=112546"}],"wp:term":[{"taxonomy":"product_brand","embeddable":true,"href":"https:\/\/tourcruiser.com\/fr\/wp-json\/wp\/v2\/product_brand?post=112546"},{"taxonomy":"product_cat","embeddable":true,"href":"https:\/\/tourcruiser.com\/fr\/wp-json\/wp\/v2\/product_cat?post=112546"},{"taxonomy":"product_tag","embeddable":true,"href":"https:\/\/tourcruiser.com\/fr\/wp-json\/wp\/v2\/product_tag?post=112546"}],"curies":[{"name":"wp","href":"https:\/\/api.w.org\/{rel}","templated":true}]}}