{"id":105609,"date":"2026-03-02T15:29:17","date_gmt":"2026-03-02T08:29:17","guid":{"rendered":"http:\/\/tourcruiser.com\/product\/w-nike-air-force-1-shadow-direct-sale-exclusive"},"modified":"2026-03-14T19:02:56","modified_gmt":"2026-03-14T12:02:56","slug":"w-nike-air-force-1-shadow-direct-sale-exclusive","status":"publish","type":"product","link":"https:\/\/tourcruiser.com\/fr\/products\/w-nike-air-force-1-shadow-direct-sale-exclusive\/","title":{"rendered":"(W) Nike Air Force 1 Shadow Direct Sale Exclusive"},"content":{"rendered":"<p>Rehaussez votre style sneakers avec la Nike Air Force 1 Shadow DZ1847-113, une version revisit\u00e9e de la classique Air Force 1. Con\u00e7ue exclusivement pour les femmes qui privil\u00e9gient un style expressif et un confort optimal, la Shadow arbore un look superpos\u00e9 avec des \u00e9l\u00e9ments de design doubl\u00e9s, comme les Swoosh, les \u0153illets et le logo sur la semelle interm\u00e9diaire, pour une esth\u00e9tique dynamique et ludique. La palette de couleurs \u00e9pur\u00e9e de cette \u00e9dition exclusive la rend polyvalente et parfaite pour les tenues d\u00e9contract\u00e9es, les looks athleisure et m\u00eame le streetwear audacieux. La semelle interm\u00e9diaire sur\u00e9lev\u00e9e ajoute de la hauteur et du style sans compromettre l&rsquo;amorti l\u00e9gendaire de l&rsquo;Air Force 1. Sa durabilit\u00e9 garantit une qualit\u00e9 durable sans sacrifier le confort. Gr\u00e2ce \u00e0 sa construction l\u00e9g\u00e8re et respirante, elle est id\u00e9ale \u00e0 porter toute la journ\u00e9e. Que vous soyez une passionn\u00e9e de sneakers ou que vous cherchiez \u00e0 agrandir votre garde-robe, la Nike Air Force 1 Shadow, disponible exclusivement en vente directe, est un incontournable. Son \u00e9quilibre parfait entre h\u00e9ritage iconique et modernit\u00e9 en fait un ajout exceptionnel \u00e0 toute collection. Offrez-vous d\u00e8s maintenant un classique intemporel et avant-gardiste qui allie performance et style avec brio. Coloris\u00a0: Voile\/Alb\u00e2tre\/Blanc\/Raisin clair R\u00e9f\u00e9rence\u00a0: DZ1847-113 Mati\u00e8re ext\u00e9rieure\u00a0: Cuir Semelle interm\u00e9diaire\u00a0: Air Couleur\u00a0: Blanc Cr\u00e9ateur\u00a0: Bruce Kilgore<\/p>\n","protected":false},"excerpt":{"rendered":"<p>Nike Air Force 1 Shadow \u201d\u201d Sail\/Alabaster\/White\/Barely Grape<\/p>\n","protected":false},"featured_media":105610,"comment_status":"open","ping_status":"closed","template":"","meta":[],"product_brand":[],"product_cat":[10809],"product_tag":[10750,10754,10777,10801,10756,10758],"class_list":{"0":"post-105609","1":"product","2":"type-product","3":"status-publish","4":"has-post-thumbnail","6":"product_cat-nike-women","7":"product_tag-athleisure-shoes","8":"product_tag-lifestyle-casual-shoes","9":"product_tag-lifestyle-shoes-basketball-inspired","10":"product_tag-nike","11":"product_tag-retro-casual-shoes","12":"product_tag-under-retail","13":"wcpa_has_options","15":"first","16":"instock","17":"taxable","18":"shipping-taxable","19":"purchasable","20":"product-type-simple"},"wcpa_form_fields":{"rules":{"pric_overide_base_price":false,"pric_overide_base_price_if_gt_zero":false,"pric_overide_base_price_fully":false,"pric_cal_option_once":false,"pric_use_as_fee":false,"bind_quantity":false,"quantity_bind_formula":false},"fields":[{"type":"color-group","required":true,"elementId":"wcpa-color-group-66c4a75505e74","label":"Taille","inline":true,"priceOptions":"different_for_all","pricingType":"fixed","className":"hassizechart product-shoes-size-eu product-shoes-size","name":"color-group-66c4a75505e89","disp_type":"square","selection_type":"tick-border","disp_size":"44","show_label_inside":true,"adjust_width":true,"cart_display_type":"text","other_text":"Other","cl_rule":"show","col":6,"values":[{"label":"35.5","value":"EU 35.5","price":"","pimage":"","pimage_id":"","pthumb":"","color":""},{"label":"36","value":"EU 36","price":"","pimage":"","pimage_id":"","pthumb":"","color":"","selected":true},{"label":"36.5","value":"EU 36.5","price":"","pimage":"","pimage_id":"","pthumb":"","color":""},{"label":"37.5","value":"EU 37.5","price":"","pimage":"","pimage_id":"","pthumb":"","color":""},{"label":"38","value":"EU 38","price":"","pimage":"","pimage_id":"","pthumb":"","color":""},{"label":"38.5","value":"EU 38.5","price":"","pimage":"","pimage_id":"","pthumb":"","color":""},{"label":"39","value":"EU 39","price":"","pimage":"","pimage_id":"","pthumb":"","color":""},{"label":"40","value":"EU 40","price":"","pimage":"","pimage_id":"","pthumb":"","color":""},{"label":"40.5","value":"EU 40.5","price":"","pimage":"","pimage_id":"","pthumb":"","color":""},{"label":"41","value":"EU 41","price":"","pimage":"","pimage_id":"","pthumb":"","color":""},{"label":"42","value":"EU 42","price":"","pimage":"","pimage_id":"","pthumb":"","color":""},{"label":"42.5","value":"EU 42.5","price":"","pimage":"","pimage_id":"","pthumb":"","color":""},{"label":"43","value":"EU 43","price":"","pimage":"","pimage_id":"","pthumb":"","color":""},{"label":"44","value":"EU 44","price":"","pimage":"","pimage_id":"","pthumb":"","color":""},{"label":"44.5","value":"EU 44.5","price":"","pimage":"","pimage_id":"","pthumb":"","color":""},{"label":"45","value":"EU 45","price":"","pimage":"","pimage_id":"","pthumb":"","color":""},{"label":"45.5","value":"EU 45.5","price":"","pimage":"","pimage_id":"","pthumb":"","color":""},{"label":"46","value":"EU 46","price":"","pimage":"","pimage_id":"","pthumb":"","color":""},{"label":"47","value":"EU 47","price":"","pimage":"","pimage_id":"","pthumb":"","color":""},{"label":"47.5","value":"EU 47.5","price":"","pimage":"","pimage_id":"","pthumb":"","color":""},{"label":"48","value":"EU 48","price":"","pimage":"","pimage_id":"","pthumb":"","color":""}],"relations":[{"operator":false,"rules":[]}],"form_id":18106,"form_rules":{"pric_cal_option_once":false,"exclude_from_discount":false,"pric_use_as_fee":false,"fee_label":"Fee","render_after_acb":false,"disp_hide_options_price":false}}]},"yoast_head":"<!-- This site is optimized with the Yoast SEO plugin v26.5 - https:\/\/yoast.com\/wordpress\/plugins\/seo\/ -->\n<title>(W) Nike Air Force 1 Shadow Direct Sale Exclusive - TOURCRUISER PTE. LTD<\/title>\n<meta name=\"robots\" content=\"index, follow, max-snippet:-1, max-image-preview:large, max-video-preview:-1\" \/>\n<link rel=\"canonical\" href=\"https:\/\/tourcruiser.com\/fr\/products\/w-nike-air-force-1-shadow-direct-sale-exclusive\/\" \/>\n<meta property=\"og:locale\" content=\"fr_FR\" \/>\n<meta property=\"og:type\" content=\"article\" \/>\n<meta property=\"og:title\" content=\"(W) Nike Air Force 1 Shadow Direct Sale Exclusive - TOURCRUISER PTE. LTD\" \/>\n<meta property=\"og:description\" content=\"Nike Air Force 1 Shadow \u201d\u201d Sail\/Alabaster\/White\/Barely Grape\" \/>\n<meta property=\"og:url\" content=\"https:\/\/tourcruiser.com\/fr\/products\/w-nike-air-force-1-shadow-direct-sale-exclusive\/\" \/>\n<meta property=\"og:site_name\" content=\"Tourcruiser Sneaker Store\" \/>\n<meta property=\"article:modified_time\" content=\"2026-03-14T12:02:56+00:00\" \/>\n<meta name=\"twitter:card\" content=\"summary_large_image\" \/>\n<meta name=\"twitter:image\" content=\"https:\/\/images.novelship.com\/product\/_w__nike_air_force_1_shadow_direct_sale_exclusive__0_73328.png\" \/>\n<meta name=\"twitter:label1\" content=\"Dur\u00e9e de lecture estim\u00e9e\" \/>\n\t<meta name=\"twitter:data1\" content=\"1 minute\" \/>\n<script type=\"application\/ld+json\" class=\"yoast-schema-graph\">{\"@context\":\"https:\/\/schema.org\",\"@graph\":[{\"@type\":\"WebPage\",\"@id\":\"https:\/\/tourcruiser.com\/fr\/products\/w-nike-air-force-1-shadow-direct-sale-exclusive\/\",\"url\":\"https:\/\/tourcruiser.com\/fr\/products\/w-nike-air-force-1-shadow-direct-sale-exclusive\/\",\"name\":\"(W) Nike Air Force 1 Shadow Direct Sale Exclusive - TOURCRUISER PTE. LTD\",\"isPartOf\":{\"@id\":\"https:\/\/tourcruiser.com\/fr\/#website\"},\"primaryImageOfPage\":{\"@id\":\"https:\/\/tourcruiser.com\/fr\/products\/w-nike-air-force-1-shadow-direct-sale-exclusive\/#primaryimage\"},\"image\":{\"@id\":\"https:\/\/tourcruiser.com\/fr\/products\/w-nike-air-force-1-shadow-direct-sale-exclusive\/#primaryimage\"},\"thumbnailUrl\":\"https:\/\/images.novelship.com\/product\/_w__nike_air_force_1_shadow_direct_sale_exclusive__0_73328.png\",\"datePublished\":\"2026-03-02T08:29:17+00:00\",\"dateModified\":\"2026-03-14T12:02:56+00:00\",\"breadcrumb\":{\"@id\":\"https:\/\/tourcruiser.com\/fr\/products\/w-nike-air-force-1-shadow-direct-sale-exclusive\/#breadcrumb\"},\"inLanguage\":\"fr-FR\",\"potentialAction\":[{\"@type\":\"ReadAction\",\"target\":[\"https:\/\/tourcruiser.com\/fr\/products\/w-nike-air-force-1-shadow-direct-sale-exclusive\/\"]}]},{\"@type\":\"ImageObject\",\"inLanguage\":\"fr-FR\",\"@id\":\"https:\/\/tourcruiser.com\/fr\/products\/w-nike-air-force-1-shadow-direct-sale-exclusive\/#primaryimage\",\"url\":\"https:\/\/images.novelship.com\/product\/_w__nike_air_force_1_shadow_direct_sale_exclusive__0_73328.png\",\"contentUrl\":\"https:\/\/images.novelship.com\/product\/_w__nike_air_force_1_shadow_direct_sale_exclusive__0_73328.png\"},{\"@type\":\"BreadcrumbList\",\"@id\":\"https:\/\/tourcruiser.com\/fr\/products\/w-nike-air-force-1-shadow-direct-sale-exclusive\/#breadcrumb\",\"itemListElement\":[{\"@type\":\"ListItem\",\"position\":1,\"name\":\"Home\",\"item\":\"https:\/\/tourcruiser.com\/fr\/\"},{\"@type\":\"ListItem\",\"position\":2,\"name\":\"Shop\",\"item\":\"https:\/\/tourcruiser.com\/fr\/shop\/\"},{\"@type\":\"ListItem\",\"position\":3,\"name\":\"(W) Nike Air Force 1 Shadow Direct Sale Exclusive\"}]},{\"@type\":\"WebSite\",\"@id\":\"https:\/\/tourcruiser.com\/fr\/#website\",\"url\":\"https:\/\/tourcruiser.com\/fr\/\",\"name\":\"Styloral Jewelry Shop\",\"description\":\"Tourcruiser Sneaker Store \u2014 L\u2019endroit o\u00f9 l\u2019univers rencontre votre singularit\u00e9.\",\"publisher\":{\"@id\":\"https:\/\/tourcruiser.com\/fr\/#organization\"},\"potentialAction\":[{\"@type\":\"SearchAction\",\"target\":{\"@type\":\"EntryPoint\",\"urlTemplate\":\"https:\/\/tourcruiser.com\/fr\/?s={search_term_string}\"},\"query-input\":{\"@type\":\"PropertyValueSpecification\",\"valueRequired\":true,\"valueName\":\"search_term_string\"}}],\"inLanguage\":\"fr-FR\"},{\"@type\":\"Organization\",\"@id\":\"https:\/\/tourcruiser.com\/fr\/#organization\",\"name\":\"STYLORAL PTE. LTD\",\"url\":\"https:\/\/tourcruiser.com\/fr\/\",\"logo\":{\"@type\":\"ImageObject\",\"inLanguage\":\"fr-FR\",\"@id\":\"https:\/\/tourcruiser.com\/fr\/#\/schema\/logo\/image\/\",\"url\":\"https:\/\/www.tourcruiser.com\/wp-content\/uploads\/2025\/12\/logo.png\",\"contentUrl\":\"https:\/\/www.tourcruiser.com\/wp-content\/uploads\/2025\/12\/logo.png\",\"width\":200,\"height\":65,\"caption\":\"STYLORAL PTE. LTD\"},\"image\":{\"@id\":\"https:\/\/tourcruiser.com\/fr\/#\/schema\/logo\/image\/\"}}]}<\/script>\n<!-- \/ Yoast SEO plugin. -->","yoast_head_json":{"title":"(W) Nike Air Force 1 Shadow Direct Sale Exclusive - TOURCRUISER PTE. LTD","robots":{"index":"index","follow":"follow","max-snippet":"max-snippet:-1","max-image-preview":"max-image-preview:large","max-video-preview":"max-video-preview:-1"},"canonical":"https:\/\/tourcruiser.com\/fr\/products\/w-nike-air-force-1-shadow-direct-sale-exclusive\/","og_locale":"fr_FR","og_type":"article","og_title":"(W) Nike Air Force 1 Shadow Direct Sale Exclusive - TOURCRUISER PTE. LTD","og_description":"Nike Air Force 1 Shadow \u201d\u201d Sail\/Alabaster\/White\/Barely Grape","og_url":"https:\/\/tourcruiser.com\/fr\/products\/w-nike-air-force-1-shadow-direct-sale-exclusive\/","og_site_name":"Tourcruiser Sneaker Store","article_modified_time":"2026-03-14T12:02:56+00:00","twitter_card":"summary_large_image","twitter_image":"https:\/\/images.novelship.com\/product\/_w__nike_air_force_1_shadow_direct_sale_exclusive__0_73328.png","twitter_misc":{"Dur\u00e9e de lecture estim\u00e9e":"1 minute"},"schema":{"@context":"https:\/\/schema.org","@graph":[{"@type":"WebPage","@id":"https:\/\/tourcruiser.com\/fr\/products\/w-nike-air-force-1-shadow-direct-sale-exclusive\/","url":"https:\/\/tourcruiser.com\/fr\/products\/w-nike-air-force-1-shadow-direct-sale-exclusive\/","name":"(W) Nike Air Force 1 Shadow Direct Sale Exclusive - TOURCRUISER PTE. LTD","isPartOf":{"@id":"https:\/\/tourcruiser.com\/fr\/#website"},"primaryImageOfPage":{"@id":"https:\/\/tourcruiser.com\/fr\/products\/w-nike-air-force-1-shadow-direct-sale-exclusive\/#primaryimage"},"image":{"@id":"https:\/\/tourcruiser.com\/fr\/products\/w-nike-air-force-1-shadow-direct-sale-exclusive\/#primaryimage"},"thumbnailUrl":"https:\/\/images.novelship.com\/product\/_w__nike_air_force_1_shadow_direct_sale_exclusive__0_73328.png","datePublished":"2026-03-02T08:29:17+00:00","dateModified":"2026-03-14T12:02:56+00:00","breadcrumb":{"@id":"https:\/\/tourcruiser.com\/fr\/products\/w-nike-air-force-1-shadow-direct-sale-exclusive\/#breadcrumb"},"inLanguage":"fr-FR","potentialAction":[{"@type":"ReadAction","target":["https:\/\/tourcruiser.com\/fr\/products\/w-nike-air-force-1-shadow-direct-sale-exclusive\/"]}]},{"@type":"ImageObject","inLanguage":"fr-FR","@id":"https:\/\/tourcruiser.com\/fr\/products\/w-nike-air-force-1-shadow-direct-sale-exclusive\/#primaryimage","url":"https:\/\/images.novelship.com\/product\/_w__nike_air_force_1_shadow_direct_sale_exclusive__0_73328.png","contentUrl":"https:\/\/images.novelship.com\/product\/_w__nike_air_force_1_shadow_direct_sale_exclusive__0_73328.png"},{"@type":"BreadcrumbList","@id":"https:\/\/tourcruiser.com\/fr\/products\/w-nike-air-force-1-shadow-direct-sale-exclusive\/#breadcrumb","itemListElement":[{"@type":"ListItem","position":1,"name":"Home","item":"https:\/\/tourcruiser.com\/fr\/"},{"@type":"ListItem","position":2,"name":"Shop","item":"https:\/\/tourcruiser.com\/fr\/shop\/"},{"@type":"ListItem","position":3,"name":"(W) Nike Air Force 1 Shadow Direct Sale Exclusive"}]},{"@type":"WebSite","@id":"https:\/\/tourcruiser.com\/fr\/#website","url":"https:\/\/tourcruiser.com\/fr\/","name":"Styloral Jewelry Shop","description":"Tourcruiser Sneaker Store \u2014 L\u2019endroit o\u00f9 l\u2019univers rencontre votre singularit\u00e9.","publisher":{"@id":"https:\/\/tourcruiser.com\/fr\/#organization"},"potentialAction":[{"@type":"SearchAction","target":{"@type":"EntryPoint","urlTemplate":"https:\/\/tourcruiser.com\/fr\/?s={search_term_string}"},"query-input":{"@type":"PropertyValueSpecification","valueRequired":true,"valueName":"search_term_string"}}],"inLanguage":"fr-FR"},{"@type":"Organization","@id":"https:\/\/tourcruiser.com\/fr\/#organization","name":"STYLORAL PTE. LTD","url":"https:\/\/tourcruiser.com\/fr\/","logo":{"@type":"ImageObject","inLanguage":"fr-FR","@id":"https:\/\/tourcruiser.com\/fr\/#\/schema\/logo\/image\/","url":"https:\/\/www.tourcruiser.com\/wp-content\/uploads\/2025\/12\/logo.png","contentUrl":"https:\/\/www.tourcruiser.com\/wp-content\/uploads\/2025\/12\/logo.png","width":200,"height":65,"caption":"STYLORAL PTE. LTD"},"image":{"@id":"https:\/\/tourcruiser.com\/fr\/#\/schema\/logo\/image\/"}}]}},"_links":{"self":[{"href":"https:\/\/tourcruiser.com\/fr\/wp-json\/wp\/v2\/product\/105609","targetHints":{"allow":["GET"]}}],"collection":[{"href":"https:\/\/tourcruiser.com\/fr\/wp-json\/wp\/v2\/product"}],"about":[{"href":"https:\/\/tourcruiser.com\/fr\/wp-json\/wp\/v2\/types\/product"}],"replies":[{"embeddable":true,"href":"https:\/\/tourcruiser.com\/fr\/wp-json\/wp\/v2\/comments?post=105609"}],"wp:featuredmedia":[{"embeddable":true,"href":"https:\/\/tourcruiser.com\/fr\/wp-json\/wp\/v2\/media\/105610"}],"wp:attachment":[{"href":"https:\/\/tourcruiser.com\/fr\/wp-json\/wp\/v2\/media?parent=105609"}],"wp:term":[{"taxonomy":"product_brand","embeddable":true,"href":"https:\/\/tourcruiser.com\/fr\/wp-json\/wp\/v2\/product_brand?post=105609"},{"taxonomy":"product_cat","embeddable":true,"href":"https:\/\/tourcruiser.com\/fr\/wp-json\/wp\/v2\/product_cat?post=105609"},{"taxonomy":"product_tag","embeddable":true,"href":"https:\/\/tourcruiser.com\/fr\/wp-json\/wp\/v2\/product_tag?post=105609"}],"curies":[{"name":"wp","href":"https:\/\/api.w.org\/{rel}","templated":true}]}}