{"id":105034,"date":"2026-03-02T15:29:10","date_gmt":"2026-03-02T08:29:10","guid":{"rendered":"http:\/\/tourcruiser.com\/product\/nike-gt-cut-3-ep-electric-multicolor-multicolor-multicolor"},"modified":"2026-03-14T19:02:43","modified_gmt":"2026-03-14T12:02:43","slug":"nike-gt-cut-3-ep-electric-multicolor-multicolor-multicolor","status":"publish","type":"product","link":"https:\/\/tourcruiser.com\/fr\/products\/nike-gt-cut-3-ep-electric-multicolor-multicolor-multicolor\/","title":{"rendered":"Nike G.T. Cut 3 EP Electric &lsquo;Multicolor Multicolor Multicolor&rsquo;"},"content":{"rendered":"<p>D\u00e9couvrez une agilit\u00e9 in\u00e9gal\u00e9e sur le terrain avec la Nike G.T. Cut 3 EP Electric \u00ab Multicolore Multicolore \u00bb FV3627-900, con\u00e7ue pour les athl\u00e8tes exigeant vitesse, pr\u00e9cision et polyvalence \u00e0 chaque mouvement. Son design dynamique associe des couleurs vibrantes \u00e0 des technologies de pointe, pour un style aussi performant que styl\u00e9. Gr\u00e2ce \u00e0 sa semelle interm\u00e9diaire l\u00e9g\u00e8re et r\u00e9active et \u00e0 son amorti avanc\u00e9, cette chaussure de basketball offre un retour d&rsquo;\u00e9nergie et une absorption des chocs optimaux, vous permettant de dominer chaque match. La semelle ext\u00e9rieure EP r\u00e9sistante assure une excellente adh\u00e9rence sur toutes les surfaces, pour une stabilit\u00e9 et un contr\u00f4le accrus dans les moments cruciaux. L&#8217;empeigne respirante favorise la circulation de l&rsquo;air, gardant vos pieds au frais et confortables m\u00eame lors des matchs les plus longs. La Nike G.T. Cut 3 EP Electric est id\u00e9ale pour les professionnels et les basketteurs en herbe. Alliant innovation, durabilit\u00e9 et design percutant, elle deviendra un atout majeur pour votre \u00e9quipement. Coloris : Multicolore\/Multicolore\/Multicolore. R\u00e9f\u00e9rence : FV3627-900. Mati\u00e8re de l&#8217;empeigne : Textile. Semelle interm\u00e9diaire : Zoom X. Couleur : Blanc.<\/p>\n","protected":false},"excerpt":{"rendered":"<p>Nike G.T. Cut 3 \u201d\u201d Multi Color\/Multi Color\/Multi Color<\/p>\n","protected":false},"featured_media":105035,"comment_status":"open","ping_status":"closed","template":"","meta":[],"product_brand":[],"product_cat":[10803],"product_tag":[10799,10800,10801,10802,10758],"class_list":{"0":"post-105034","1":"product","2":"type-product","3":"status-publish","4":"has-post-thumbnail","6":"product_cat-nike","7":"product_tag-ankle-support-basketball-shoes","8":"product_tag-basketball-shoes","9":"product_tag-nike","10":"product_tag-performance-sport-shoes","11":"product_tag-under-retail","12":"wcpa_has_options","14":"first","15":"instock","16":"sale","17":"taxable","18":"shipping-taxable","19":"purchasable","20":"product-type-simple"},"wcpa_form_fields":{"rules":{"pric_overide_base_price":false,"pric_overide_base_price_if_gt_zero":false,"pric_overide_base_price_fully":false,"pric_cal_option_once":false,"pric_use_as_fee":false,"bind_quantity":false,"quantity_bind_formula":false},"fields":[{"type":"color-group","required":true,"elementId":"wcpa-color-group-66c4a75505e74","label":"Taille","inline":true,"priceOptions":"different_for_all","pricingType":"fixed","className":"hassizechart product-shoes-size-eu product-shoes-size","name":"color-group-66c4a75505e89","disp_type":"square","selection_type":"tick-border","disp_size":"44","show_label_inside":true,"adjust_width":true,"cart_display_type":"text","other_text":"Other","cl_rule":"show","col":6,"values":[{"label":"35.5","value":"EU 35.5","price":"","pimage":"","pimage_id":"","pthumb":"","color":""},{"label":"36","value":"EU 36","price":"","pimage":"","pimage_id":"","pthumb":"","color":"","selected":true},{"label":"36.5","value":"EU 36.5","price":"","pimage":"","pimage_id":"","pthumb":"","color":""},{"label":"37.5","value":"EU 37.5","price":"","pimage":"","pimage_id":"","pthumb":"","color":""},{"label":"38","value":"EU 38","price":"","pimage":"","pimage_id":"","pthumb":"","color":""},{"label":"38.5","value":"EU 38.5","price":"","pimage":"","pimage_id":"","pthumb":"","color":""},{"label":"39","value":"EU 39","price":"","pimage":"","pimage_id":"","pthumb":"","color":""},{"label":"40","value":"EU 40","price":"","pimage":"","pimage_id":"","pthumb":"","color":""},{"label":"40.5","value":"EU 40.5","price":"","pimage":"","pimage_id":"","pthumb":"","color":""},{"label":"41","value":"EU 41","price":"","pimage":"","pimage_id":"","pthumb":"","color":""},{"label":"42","value":"EU 42","price":"","pimage":"","pimage_id":"","pthumb":"","color":""},{"label":"42.5","value":"EU 42.5","price":"","pimage":"","pimage_id":"","pthumb":"","color":""},{"label":"43","value":"EU 43","price":"","pimage":"","pimage_id":"","pthumb":"","color":""},{"label":"44","value":"EU 44","price":"","pimage":"","pimage_id":"","pthumb":"","color":""},{"label":"44.5","value":"EU 44.5","price":"","pimage":"","pimage_id":"","pthumb":"","color":""},{"label":"45","value":"EU 45","price":"","pimage":"","pimage_id":"","pthumb":"","color":""},{"label":"45.5","value":"EU 45.5","price":"","pimage":"","pimage_id":"","pthumb":"","color":""},{"label":"46","value":"EU 46","price":"","pimage":"","pimage_id":"","pthumb":"","color":""},{"label":"47","value":"EU 47","price":"","pimage":"","pimage_id":"","pthumb":"","color":""},{"label":"47.5","value":"EU 47.5","price":"","pimage":"","pimage_id":"","pthumb":"","color":""},{"label":"48","value":"EU 48","price":"","pimage":"","pimage_id":"","pthumb":"","color":""}],"relations":[{"operator":false,"rules":[]}],"form_id":18106,"form_rules":{"pric_cal_option_once":false,"exclude_from_discount":false,"pric_use_as_fee":false,"fee_label":"Fee","render_after_acb":false,"disp_hide_options_price":false}}]},"yoast_head":"<!-- This site is optimized with the Yoast SEO plugin v26.5 - https:\/\/yoast.com\/wordpress\/plugins\/seo\/ -->\n<title>Nike G.T. Cut 3 EP Electric &#039;Multicolor Multicolor Multicolor&#039; - TOURCRUISER PTE. LTD<\/title>\n<meta name=\"robots\" content=\"index, follow, max-snippet:-1, max-image-preview:large, max-video-preview:-1\" \/>\n<link rel=\"canonical\" href=\"https:\/\/tourcruiser.com\/fr\/products\/nike-gt-cut-3-ep-electric-multicolor-multicolor-multicolor\/\" \/>\n<meta property=\"og:locale\" content=\"fr_FR\" \/>\n<meta property=\"og:type\" content=\"article\" \/>\n<meta property=\"og:title\" content=\"Nike G.T. Cut 3 EP Electric &#039;Multicolor Multicolor Multicolor&#039; - TOURCRUISER PTE. LTD\" \/>\n<meta property=\"og:description\" content=\"Nike G.T. Cut 3 \u201d\u201d Multi Color\/Multi Color\/Multi Color\" \/>\n<meta property=\"og:url\" content=\"https:\/\/tourcruiser.com\/fr\/products\/nike-gt-cut-3-ep-electric-multicolor-multicolor-multicolor\/\" \/>\n<meta property=\"og:site_name\" content=\"Tourcruiser Sneaker Store\" \/>\n<meta property=\"article:modified_time\" content=\"2026-03-14T12:02:43+00:00\" \/>\n<meta name=\"twitter:card\" content=\"summary_large_image\" \/>\n<meta name=\"twitter:image\" content=\"https:\/\/images.novelship.com\/product\/nike_g_t__cut_3_ep_electric__multicolor_multicolor_0_85258.jpeg\" \/>\n<meta name=\"twitter:label1\" content=\"Dur\u00e9e de lecture estim\u00e9e\" \/>\n\t<meta name=\"twitter:data1\" content=\"1 minute\" \/>\n<script type=\"application\/ld+json\" class=\"yoast-schema-graph\">{\"@context\":\"https:\/\/schema.org\",\"@graph\":[{\"@type\":\"WebPage\",\"@id\":\"https:\/\/tourcruiser.com\/fr\/products\/nike-gt-cut-3-ep-electric-multicolor-multicolor-multicolor\/\",\"url\":\"https:\/\/tourcruiser.com\/fr\/products\/nike-gt-cut-3-ep-electric-multicolor-multicolor-multicolor\/\",\"name\":\"Nike G.T. Cut 3 EP Electric 'Multicolor Multicolor Multicolor' - TOURCRUISER PTE. LTD\",\"isPartOf\":{\"@id\":\"https:\/\/tourcruiser.com\/fr\/#website\"},\"primaryImageOfPage\":{\"@id\":\"https:\/\/tourcruiser.com\/fr\/products\/nike-gt-cut-3-ep-electric-multicolor-multicolor-multicolor\/#primaryimage\"},\"image\":{\"@id\":\"https:\/\/tourcruiser.com\/fr\/products\/nike-gt-cut-3-ep-electric-multicolor-multicolor-multicolor\/#primaryimage\"},\"thumbnailUrl\":\"https:\/\/images.novelship.com\/product\/nike_g_t__cut_3_ep_electric__multicolor_multicolor_0_85258.jpeg\",\"datePublished\":\"2026-03-02T08:29:10+00:00\",\"dateModified\":\"2026-03-14T12:02:43+00:00\",\"breadcrumb\":{\"@id\":\"https:\/\/tourcruiser.com\/fr\/products\/nike-gt-cut-3-ep-electric-multicolor-multicolor-multicolor\/#breadcrumb\"},\"inLanguage\":\"fr-FR\",\"potentialAction\":[{\"@type\":\"ReadAction\",\"target\":[\"https:\/\/tourcruiser.com\/fr\/products\/nike-gt-cut-3-ep-electric-multicolor-multicolor-multicolor\/\"]}]},{\"@type\":\"ImageObject\",\"inLanguage\":\"fr-FR\",\"@id\":\"https:\/\/tourcruiser.com\/fr\/products\/nike-gt-cut-3-ep-electric-multicolor-multicolor-multicolor\/#primaryimage\",\"url\":\"https:\/\/images.novelship.com\/product\/nike_g_t__cut_3_ep_electric__multicolor_multicolor_0_85258.jpeg\",\"contentUrl\":\"https:\/\/images.novelship.com\/product\/nike_g_t__cut_3_ep_electric__multicolor_multicolor_0_85258.jpeg\"},{\"@type\":\"BreadcrumbList\",\"@id\":\"https:\/\/tourcruiser.com\/fr\/products\/nike-gt-cut-3-ep-electric-multicolor-multicolor-multicolor\/#breadcrumb\",\"itemListElement\":[{\"@type\":\"ListItem\",\"position\":1,\"name\":\"Home\",\"item\":\"https:\/\/tourcruiser.com\/fr\/\"},{\"@type\":\"ListItem\",\"position\":2,\"name\":\"Shop\",\"item\":\"https:\/\/tourcruiser.com\/fr\/shop\/\"},{\"@type\":\"ListItem\",\"position\":3,\"name\":\"Nike G.T. Cut 3 EP Electric 'Multicolor Multicolor Multicolor'\"}]},{\"@type\":\"WebSite\",\"@id\":\"https:\/\/tourcruiser.com\/fr\/#website\",\"url\":\"https:\/\/tourcruiser.com\/fr\/\",\"name\":\"Styloral Jewelry Shop\",\"description\":\"Tourcruiser Sneaker Store \u2014 L\u2019endroit o\u00f9 l\u2019univers rencontre votre singularit\u00e9.\",\"publisher\":{\"@id\":\"https:\/\/tourcruiser.com\/fr\/#organization\"},\"potentialAction\":[{\"@type\":\"SearchAction\",\"target\":{\"@type\":\"EntryPoint\",\"urlTemplate\":\"https:\/\/tourcruiser.com\/fr\/?s={search_term_string}\"},\"query-input\":{\"@type\":\"PropertyValueSpecification\",\"valueRequired\":true,\"valueName\":\"search_term_string\"}}],\"inLanguage\":\"fr-FR\"},{\"@type\":\"Organization\",\"@id\":\"https:\/\/tourcruiser.com\/fr\/#organization\",\"name\":\"STYLORAL PTE. LTD\",\"url\":\"https:\/\/tourcruiser.com\/fr\/\",\"logo\":{\"@type\":\"ImageObject\",\"inLanguage\":\"fr-FR\",\"@id\":\"https:\/\/tourcruiser.com\/fr\/#\/schema\/logo\/image\/\",\"url\":\"https:\/\/www.tourcruiser.com\/wp-content\/uploads\/2025\/12\/logo.png\",\"contentUrl\":\"https:\/\/www.tourcruiser.com\/wp-content\/uploads\/2025\/12\/logo.png\",\"width\":200,\"height\":65,\"caption\":\"STYLORAL PTE. LTD\"},\"image\":{\"@id\":\"https:\/\/tourcruiser.com\/fr\/#\/schema\/logo\/image\/\"}}]}<\/script>\n<!-- \/ Yoast SEO plugin. -->","yoast_head_json":{"title":"Nike G.T. Cut 3 EP Electric 'Multicolor Multicolor Multicolor' - TOURCRUISER PTE. LTD","robots":{"index":"index","follow":"follow","max-snippet":"max-snippet:-1","max-image-preview":"max-image-preview:large","max-video-preview":"max-video-preview:-1"},"canonical":"https:\/\/tourcruiser.com\/fr\/products\/nike-gt-cut-3-ep-electric-multicolor-multicolor-multicolor\/","og_locale":"fr_FR","og_type":"article","og_title":"Nike G.T. Cut 3 EP Electric 'Multicolor Multicolor Multicolor' - TOURCRUISER PTE. LTD","og_description":"Nike G.T. Cut 3 \u201d\u201d Multi Color\/Multi Color\/Multi Color","og_url":"https:\/\/tourcruiser.com\/fr\/products\/nike-gt-cut-3-ep-electric-multicolor-multicolor-multicolor\/","og_site_name":"Tourcruiser Sneaker Store","article_modified_time":"2026-03-14T12:02:43+00:00","twitter_card":"summary_large_image","twitter_image":"https:\/\/images.novelship.com\/product\/nike_g_t__cut_3_ep_electric__multicolor_multicolor_0_85258.jpeg","twitter_misc":{"Dur\u00e9e de lecture estim\u00e9e":"1 minute"},"schema":{"@context":"https:\/\/schema.org","@graph":[{"@type":"WebPage","@id":"https:\/\/tourcruiser.com\/fr\/products\/nike-gt-cut-3-ep-electric-multicolor-multicolor-multicolor\/","url":"https:\/\/tourcruiser.com\/fr\/products\/nike-gt-cut-3-ep-electric-multicolor-multicolor-multicolor\/","name":"Nike G.T. Cut 3 EP Electric 'Multicolor Multicolor Multicolor' - TOURCRUISER PTE. LTD","isPartOf":{"@id":"https:\/\/tourcruiser.com\/fr\/#website"},"primaryImageOfPage":{"@id":"https:\/\/tourcruiser.com\/fr\/products\/nike-gt-cut-3-ep-electric-multicolor-multicolor-multicolor\/#primaryimage"},"image":{"@id":"https:\/\/tourcruiser.com\/fr\/products\/nike-gt-cut-3-ep-electric-multicolor-multicolor-multicolor\/#primaryimage"},"thumbnailUrl":"https:\/\/images.novelship.com\/product\/nike_g_t__cut_3_ep_electric__multicolor_multicolor_0_85258.jpeg","datePublished":"2026-03-02T08:29:10+00:00","dateModified":"2026-03-14T12:02:43+00:00","breadcrumb":{"@id":"https:\/\/tourcruiser.com\/fr\/products\/nike-gt-cut-3-ep-electric-multicolor-multicolor-multicolor\/#breadcrumb"},"inLanguage":"fr-FR","potentialAction":[{"@type":"ReadAction","target":["https:\/\/tourcruiser.com\/fr\/products\/nike-gt-cut-3-ep-electric-multicolor-multicolor-multicolor\/"]}]},{"@type":"ImageObject","inLanguage":"fr-FR","@id":"https:\/\/tourcruiser.com\/fr\/products\/nike-gt-cut-3-ep-electric-multicolor-multicolor-multicolor\/#primaryimage","url":"https:\/\/images.novelship.com\/product\/nike_g_t__cut_3_ep_electric__multicolor_multicolor_0_85258.jpeg","contentUrl":"https:\/\/images.novelship.com\/product\/nike_g_t__cut_3_ep_electric__multicolor_multicolor_0_85258.jpeg"},{"@type":"BreadcrumbList","@id":"https:\/\/tourcruiser.com\/fr\/products\/nike-gt-cut-3-ep-electric-multicolor-multicolor-multicolor\/#breadcrumb","itemListElement":[{"@type":"ListItem","position":1,"name":"Home","item":"https:\/\/tourcruiser.com\/fr\/"},{"@type":"ListItem","position":2,"name":"Shop","item":"https:\/\/tourcruiser.com\/fr\/shop\/"},{"@type":"ListItem","position":3,"name":"Nike G.T. Cut 3 EP Electric 'Multicolor Multicolor Multicolor'"}]},{"@type":"WebSite","@id":"https:\/\/tourcruiser.com\/fr\/#website","url":"https:\/\/tourcruiser.com\/fr\/","name":"Styloral Jewelry Shop","description":"Tourcruiser Sneaker Store \u2014 L\u2019endroit o\u00f9 l\u2019univers rencontre votre singularit\u00e9.","publisher":{"@id":"https:\/\/tourcruiser.com\/fr\/#organization"},"potentialAction":[{"@type":"SearchAction","target":{"@type":"EntryPoint","urlTemplate":"https:\/\/tourcruiser.com\/fr\/?s={search_term_string}"},"query-input":{"@type":"PropertyValueSpecification","valueRequired":true,"valueName":"search_term_string"}}],"inLanguage":"fr-FR"},{"@type":"Organization","@id":"https:\/\/tourcruiser.com\/fr\/#organization","name":"STYLORAL PTE. LTD","url":"https:\/\/tourcruiser.com\/fr\/","logo":{"@type":"ImageObject","inLanguage":"fr-FR","@id":"https:\/\/tourcruiser.com\/fr\/#\/schema\/logo\/image\/","url":"https:\/\/www.tourcruiser.com\/wp-content\/uploads\/2025\/12\/logo.png","contentUrl":"https:\/\/www.tourcruiser.com\/wp-content\/uploads\/2025\/12\/logo.png","width":200,"height":65,"caption":"STYLORAL PTE. LTD"},"image":{"@id":"https:\/\/tourcruiser.com\/fr\/#\/schema\/logo\/image\/"}}]}},"_links":{"self":[{"href":"https:\/\/tourcruiser.com\/fr\/wp-json\/wp\/v2\/product\/105034","targetHints":{"allow":["GET"]}}],"collection":[{"href":"https:\/\/tourcruiser.com\/fr\/wp-json\/wp\/v2\/product"}],"about":[{"href":"https:\/\/tourcruiser.com\/fr\/wp-json\/wp\/v2\/types\/product"}],"replies":[{"embeddable":true,"href":"https:\/\/tourcruiser.com\/fr\/wp-json\/wp\/v2\/comments?post=105034"}],"wp:featuredmedia":[{"embeddable":true,"href":"https:\/\/tourcruiser.com\/fr\/wp-json\/wp\/v2\/media\/105035"}],"wp:attachment":[{"href":"https:\/\/tourcruiser.com\/fr\/wp-json\/wp\/v2\/media?parent=105034"}],"wp:term":[{"taxonomy":"product_brand","embeddable":true,"href":"https:\/\/tourcruiser.com\/fr\/wp-json\/wp\/v2\/product_brand?post=105034"},{"taxonomy":"product_cat","embeddable":true,"href":"https:\/\/tourcruiser.com\/fr\/wp-json\/wp\/v2\/product_cat?post=105034"},{"taxonomy":"product_tag","embeddable":true,"href":"https:\/\/tourcruiser.com\/fr\/wp-json\/wp\/v2\/product_tag?post=105034"}],"curies":[{"name":"wp","href":"https:\/\/api.w.org\/{rel}","templated":true}]}}