{"id":1013838,"date":"2026-04-25T22:04:25","date_gmt":"2026-04-25T15:04:25","guid":{"rendered":"http:\/\/tourcruiser.com\/product\/custom-shoes-nike-dunk-low-denim-washed-panda"},"modified":"2026-04-25T22:04:25","modified_gmt":"2026-04-25T15:04:25","slug":"custom-shoes-nike-dunk-low-denim-washed-panda","status":"publish","type":"product","link":"https:\/\/tourcruiser.com\/fr\/products\/custom-shoes-nike-dunk-low-denim-washed-panda\/","title":{"rendered":"[Custom Shoes] Nike Dunk Low &lsquo;Denim Washed Panda&rsquo;"},"content":{"rendered":"<p>Rehaussez votre style avec les Nike Dunk Low \u00c2\u00ab\u00c2\u00a0Denim Washed Panda\u00c2\u00a0\u00c2\u00bb personnalis\u00c3\u00a9es. Ce mod\u00c3\u00a8le unique allie le savoir-faire classique de Nike \u00c3\u00a0 une touche de modernit\u00c3\u00a9. Arborant un motif denim d\u00c3\u00a9lav\u00c3\u00a9 saisissant sur le coloris noir et blanc embl\u00c3\u00a9matique, ces chaussures offrent style et confort \u00c3\u00a0 chaque pas. Les semelles amortissantes assurent un maintien optimal, tandis que leur construction robuste garantit une longue dur\u00c3\u00a9e de vie. Parfaites pour les personnes \u00c3\u00a0 la pointe de la mode qui souhaitent se d\u00c3\u00a9marquer, ces sneakers incontournables red\u00c3\u00a9finissent le chic d\u00c3\u00a9contract\u00c3\u00a9. Affirmez votre style d\u00c3\u00a8s aujourd&rsquo;hui\u00c2\u00a0!<\/p>\n<ul>\n<li><strong>Code article\u00c2\u00a0:<\/strong> DD1391-100 (Teamp-\u00e4\u00b8\u00b9\u00e5\u00ae\u0081\u00e7\u2020\u0160\u00e7\u0152\u00ab\u00e5\u02c6\u00ae\u00e5\u02c6\u00ae\u00e4\u00b9\u0090)<\/li>\n<li><strong>Couleur\u00c2\u00a0:<\/strong> Noir<\/li>\n<\/ul>\n","protected":false},"excerpt":{"rendered":"<p>Rehaussez votre style avec les Nike Dunk Low \u00c2\u00ab\u00c2\u00a0Denim Washed Panda\u00c2\u00a0\u00c2\u00bb personnalis\u00c3\u00a9es. Ce mod\u00c3\u00a8le unique allie le savoir-faire classique de Nike \u00c3\u00a0 une touche de modernit\u00c3\u00a9. Arborant un motif denim d\u00c3\u00a9lav\u00c3\u00a9 saisissant sur le coloris noir et blanc embl\u00c3\u00a9matique, ces chaussures offrent style et confort \u00c3\u00a0 chaque pas. Les semelles amortissantes assurent un maintien optimal, [&hellip;]<\/p>\n","protected":false},"featured_media":1013839,"comment_status":"open","ping_status":"closed","template":"","meta":[],"product_brand":[],"product_cat":[49129,44972,44780,48981],"product_tag":[44765,44766,51241,44768,44770,44970,44772,44773],"class_list":{"0":"post-1013838","1":"product","2":"type-product","3":"status-publish","4":"has-post-thumbnail","6":"product_cat-sneakers-nike-dunk-low","7":"product_cat-lifestyle-shoes-skateboarding-inspired","8":"product_cat-gender-men","9":"product_cat-sneakers-nike","10":"product_tag-ankle-support-basketball-shoes","11":"product_tag-basketball-shoes","12":"product_tag-custom-shoes","13":"product_tag-gift-for-him","14":"product_tag-lifestyle-casual-shoes","15":"product_tag-lifestyle-shoes-skateboarding-inspired","16":"product_tag-nike","17":"product_tag-performance-sport-shoes","19":"first","20":"instock","21":"taxable","22":"shipping-taxable","23":"purchasable","24":"product-type-simple"},"wcpa_form_fields":null,"yoast_head":"<!-- This site is optimized with the Yoast SEO plugin v26.5 - https:\/\/yoast.com\/wordpress\/plugins\/seo\/ -->\n<title>[Custom Shoes] Nike Dunk Low &#039;Denim Washed Panda&#039; - TOURCRUISER PTE. LTD<\/title>\n<meta name=\"robots\" content=\"index, follow, max-snippet:-1, max-image-preview:large, max-video-preview:-1\" \/>\n<link rel=\"canonical\" href=\"https:\/\/tourcruiser.com\/fr\/products\/custom-shoes-nike-dunk-low-denim-washed-panda\/\" \/>\n<meta property=\"og:locale\" content=\"fr_FR\" \/>\n<meta property=\"og:type\" content=\"article\" \/>\n<meta property=\"og:title\" content=\"[Custom Shoes] Nike Dunk Low &#039;Denim Washed Panda&#039; - TOURCRUISER PTE. LTD\" \/>\n<meta property=\"og:description\" content=\"Rehaussez votre style avec les Nike Dunk Low \u00c2\u00ab\u00c2\u00a0Denim Washed Panda\u00c2\u00a0\u00c2\u00bb personnalis\u00c3\u00a9es. Ce mod\u00c3\u00a8le unique allie le savoir-faire classique de Nike \u00c3\u00a0 une touche de modernit\u00c3\u00a9. Arborant un motif denim d\u00c3\u00a9lav\u00c3\u00a9 saisissant sur le coloris noir et blanc embl\u00c3\u00a9matique, ces chaussures offrent style et confort \u00c3\u00a0 chaque pas. Les semelles amortissantes assurent un maintien optimal, [&hellip;]\" \/>\n<meta property=\"og:url\" content=\"https:\/\/tourcruiser.com\/fr\/products\/custom-shoes-nike-dunk-low-denim-washed-panda\/\" \/>\n<meta property=\"og:site_name\" content=\"Tourcruiser Sneaker Store\" \/>\n<meta name=\"twitter:card\" content=\"summary_large_image\" \/>\n<meta name=\"twitter:image\" content=\"https:\/\/images.novelship.com\/product\/_custom_shoes__nike_dunk_low__denim_washed_panda__0_47601.jpeg\" \/>\n<meta name=\"twitter:label1\" content=\"Dur\u00e9e de lecture estim\u00e9e\" \/>\n\t<meta name=\"twitter:data1\" content=\"1 minute\" \/>\n<script type=\"application\/ld+json\" class=\"yoast-schema-graph\">{\"@context\":\"https:\/\/schema.org\",\"@graph\":[{\"@type\":\"WebPage\",\"@id\":\"https:\/\/tourcruiser.com\/fr\/products\/custom-shoes-nike-dunk-low-denim-washed-panda\/\",\"url\":\"https:\/\/tourcruiser.com\/fr\/products\/custom-shoes-nike-dunk-low-denim-washed-panda\/\",\"name\":\"[Custom Shoes] Nike Dunk Low 'Denim Washed Panda' - TOURCRUISER PTE. LTD\",\"isPartOf\":{\"@id\":\"\/#website\"},\"primaryImageOfPage\":{\"@id\":\"https:\/\/tourcruiser.com\/fr\/products\/custom-shoes-nike-dunk-low-denim-washed-panda\/#primaryimage\"},\"image\":{\"@id\":\"https:\/\/tourcruiser.com\/fr\/products\/custom-shoes-nike-dunk-low-denim-washed-panda\/#primaryimage\"},\"thumbnailUrl\":\"https:\/\/images.novelship.com\/product\/_custom_shoes__nike_dunk_low__denim_washed_panda__0_47601.jpeg\",\"datePublished\":\"2026-04-25T15:04:25+00:00\",\"breadcrumb\":{\"@id\":\"https:\/\/tourcruiser.com\/fr\/products\/custom-shoes-nike-dunk-low-denim-washed-panda\/#breadcrumb\"},\"inLanguage\":\"fr-FR\",\"potentialAction\":[{\"@type\":\"ReadAction\",\"target\":[\"https:\/\/tourcruiser.com\/fr\/products\/custom-shoes-nike-dunk-low-denim-washed-panda\/\"]}]},{\"@type\":\"ImageObject\",\"inLanguage\":\"fr-FR\",\"@id\":\"https:\/\/tourcruiser.com\/fr\/products\/custom-shoes-nike-dunk-low-denim-washed-panda\/#primaryimage\",\"url\":\"https:\/\/images.novelship.com\/product\/_custom_shoes__nike_dunk_low__denim_washed_panda__0_47601.jpeg\",\"contentUrl\":\"https:\/\/images.novelship.com\/product\/_custom_shoes__nike_dunk_low__denim_washed_panda__0_47601.jpeg\"},{\"@type\":\"BreadcrumbList\",\"@id\":\"https:\/\/tourcruiser.com\/fr\/products\/custom-shoes-nike-dunk-low-denim-washed-panda\/#breadcrumb\",\"itemListElement\":[{\"@type\":\"ListItem\",\"position\":1,\"name\":\"Home\",\"item\":\"https:\/\/tourcruiser.com\/fr\/\"},{\"@type\":\"ListItem\",\"position\":2,\"name\":\"Shop\",\"item\":\"https:\/\/tourcruiser.com\/fr\/shop\/\"},{\"@type\":\"ListItem\",\"position\":3,\"name\":\"[Custom Shoes] Nike Dunk Low 'Denim Washed Panda'\"}]},{\"@type\":\"WebSite\",\"@id\":\"\/#website\",\"url\":\"\/\",\"name\":\"Styloral Jewelry Shop\",\"description\":\"Tourcruiser Sneaker Store \u2014 L\u2019endroit o\u00f9 l\u2019univers rencontre votre singularit\u00e9.\",\"publisher\":{\"@id\":\"\/#organization\"},\"potentialAction\":[{\"@type\":\"SearchAction\",\"target\":{\"@type\":\"EntryPoint\",\"urlTemplate\":\"\/?s={search_term_string}\"},\"query-input\":{\"@type\":\"PropertyValueSpecification\",\"valueRequired\":true,\"valueName\":\"search_term_string\"}}],\"inLanguage\":\"fr-FR\"},{\"@type\":\"Organization\",\"@id\":\"\/#organization\",\"name\":\"STYLORAL PTE. LTD\",\"url\":\"\/\",\"logo\":{\"@type\":\"ImageObject\",\"inLanguage\":\"fr-FR\",\"@id\":\"\/#\/schema\/logo\/image\/\",\"url\":\"https:\/\/www.tourcruiser.com\/wp-content\/uploads\/2025\/12\/logo.png\",\"contentUrl\":\"https:\/\/www.tourcruiser.com\/wp-content\/uploads\/2025\/12\/logo.png\",\"width\":200,\"height\":65,\"caption\":\"STYLORAL PTE. LTD\"},\"image\":{\"@id\":\"\/#\/schema\/logo\/image\/\"}}]}<\/script>\n<!-- \/ Yoast SEO plugin. -->","yoast_head_json":{"title":"[Custom Shoes] Nike Dunk Low 'Denim Washed Panda' - TOURCRUISER PTE. LTD","robots":{"index":"index","follow":"follow","max-snippet":"max-snippet:-1","max-image-preview":"max-image-preview:large","max-video-preview":"max-video-preview:-1"},"canonical":"https:\/\/tourcruiser.com\/fr\/products\/custom-shoes-nike-dunk-low-denim-washed-panda\/","og_locale":"fr_FR","og_type":"article","og_title":"[Custom Shoes] Nike Dunk Low 'Denim Washed Panda' - TOURCRUISER PTE. LTD","og_description":"Rehaussez votre style avec les Nike Dunk Low \u00c2\u00ab\u00c2\u00a0Denim Washed Panda\u00c2\u00a0\u00c2\u00bb personnalis\u00c3\u00a9es. Ce mod\u00c3\u00a8le unique allie le savoir-faire classique de Nike \u00c3\u00a0 une touche de modernit\u00c3\u00a9. Arborant un motif denim d\u00c3\u00a9lav\u00c3\u00a9 saisissant sur le coloris noir et blanc embl\u00c3\u00a9matique, ces chaussures offrent style et confort \u00c3\u00a0 chaque pas. Les semelles amortissantes assurent un maintien optimal, [&hellip;]","og_url":"https:\/\/tourcruiser.com\/fr\/products\/custom-shoes-nike-dunk-low-denim-washed-panda\/","og_site_name":"Tourcruiser Sneaker Store","twitter_card":"summary_large_image","twitter_image":"https:\/\/images.novelship.com\/product\/_custom_shoes__nike_dunk_low__denim_washed_panda__0_47601.jpeg","twitter_misc":{"Dur\u00e9e de lecture estim\u00e9e":"1 minute"},"schema":{"@context":"https:\/\/schema.org","@graph":[{"@type":"WebPage","@id":"https:\/\/tourcruiser.com\/fr\/products\/custom-shoes-nike-dunk-low-denim-washed-panda\/","url":"https:\/\/tourcruiser.com\/fr\/products\/custom-shoes-nike-dunk-low-denim-washed-panda\/","name":"[Custom Shoes] Nike Dunk Low 'Denim Washed Panda' - TOURCRUISER PTE. LTD","isPartOf":{"@id":"\/#website"},"primaryImageOfPage":{"@id":"https:\/\/tourcruiser.com\/fr\/products\/custom-shoes-nike-dunk-low-denim-washed-panda\/#primaryimage"},"image":{"@id":"https:\/\/tourcruiser.com\/fr\/products\/custom-shoes-nike-dunk-low-denim-washed-panda\/#primaryimage"},"thumbnailUrl":"https:\/\/images.novelship.com\/product\/_custom_shoes__nike_dunk_low__denim_washed_panda__0_47601.jpeg","datePublished":"2026-04-25T15:04:25+00:00","breadcrumb":{"@id":"https:\/\/tourcruiser.com\/fr\/products\/custom-shoes-nike-dunk-low-denim-washed-panda\/#breadcrumb"},"inLanguage":"fr-FR","potentialAction":[{"@type":"ReadAction","target":["https:\/\/tourcruiser.com\/fr\/products\/custom-shoes-nike-dunk-low-denim-washed-panda\/"]}]},{"@type":"ImageObject","inLanguage":"fr-FR","@id":"https:\/\/tourcruiser.com\/fr\/products\/custom-shoes-nike-dunk-low-denim-washed-panda\/#primaryimage","url":"https:\/\/images.novelship.com\/product\/_custom_shoes__nike_dunk_low__denim_washed_panda__0_47601.jpeg","contentUrl":"https:\/\/images.novelship.com\/product\/_custom_shoes__nike_dunk_low__denim_washed_panda__0_47601.jpeg"},{"@type":"BreadcrumbList","@id":"https:\/\/tourcruiser.com\/fr\/products\/custom-shoes-nike-dunk-low-denim-washed-panda\/#breadcrumb","itemListElement":[{"@type":"ListItem","position":1,"name":"Home","item":"https:\/\/tourcruiser.com\/fr\/"},{"@type":"ListItem","position":2,"name":"Shop","item":"https:\/\/tourcruiser.com\/fr\/shop\/"},{"@type":"ListItem","position":3,"name":"[Custom Shoes] Nike Dunk Low 'Denim Washed Panda'"}]},{"@type":"WebSite","@id":"\/#website","url":"\/","name":"Styloral Jewelry Shop","description":"Tourcruiser Sneaker Store \u2014 L\u2019endroit o\u00f9 l\u2019univers rencontre votre singularit\u00e9.","publisher":{"@id":"\/#organization"},"potentialAction":[{"@type":"SearchAction","target":{"@type":"EntryPoint","urlTemplate":"\/?s={search_term_string}"},"query-input":{"@type":"PropertyValueSpecification","valueRequired":true,"valueName":"search_term_string"}}],"inLanguage":"fr-FR"},{"@type":"Organization","@id":"\/#organization","name":"STYLORAL PTE. LTD","url":"\/","logo":{"@type":"ImageObject","inLanguage":"fr-FR","@id":"\/#\/schema\/logo\/image\/","url":"https:\/\/www.tourcruiser.com\/wp-content\/uploads\/2025\/12\/logo.png","contentUrl":"https:\/\/www.tourcruiser.com\/wp-content\/uploads\/2025\/12\/logo.png","width":200,"height":65,"caption":"STYLORAL PTE. LTD"},"image":{"@id":"\/#\/schema\/logo\/image\/"}}]}},"_links":{"self":[{"href":"https:\/\/tourcruiser.com\/fr\/wp-json\/wp\/v2\/product\/1013838","targetHints":{"allow":["GET"]}}],"collection":[{"href":"https:\/\/tourcruiser.com\/fr\/wp-json\/wp\/v2\/product"}],"about":[{"href":"https:\/\/tourcruiser.com\/fr\/wp-json\/wp\/v2\/types\/product"}],"replies":[{"embeddable":true,"href":"https:\/\/tourcruiser.com\/fr\/wp-json\/wp\/v2\/comments?post=1013838"}],"wp:featuredmedia":[{"embeddable":true,"href":"https:\/\/tourcruiser.com\/fr\/wp-json\/wp\/v2\/media\/1013839"}],"wp:attachment":[{"href":"https:\/\/tourcruiser.com\/fr\/wp-json\/wp\/v2\/media?parent=1013838"}],"wp:term":[{"taxonomy":"product_brand","embeddable":true,"href":"https:\/\/tourcruiser.com\/fr\/wp-json\/wp\/v2\/product_brand?post=1013838"},{"taxonomy":"product_cat","embeddable":true,"href":"https:\/\/tourcruiser.com\/fr\/wp-json\/wp\/v2\/product_cat?post=1013838"},{"taxonomy":"product_tag","embeddable":true,"href":"https:\/\/tourcruiser.com\/fr\/wp-json\/wp\/v2\/product_tag?post=1013838"}],"curies":[{"name":"wp","href":"https:\/\/api.w.org\/{rel}","templated":true}]}}