{"id":10114,"date":"2026-02-20T14:42:12","date_gmt":"2026-02-20T07:42:12","guid":{"rendered":"http:\/\/tourcruiser.com\/product\/wmns-jordan-hex-mule-university-red-fj0603-600"},"modified":"2026-03-14T17:40:11","modified_gmt":"2026-03-14T10:40:11","slug":"wmns-jordan-hex-mule-university-red-fj0603-600","status":"publish","type":"product","link":"https:\/\/tourcruiser.com\/fr\/products\/wmns-jordan-hex-mule-university-red-fj0603-600\/","title":{"rendered":"Wmns Jordan Hex Mule &lsquo;University Red&rsquo;"},"content":{"rendered":"<p>Donnez une touche d&rsquo;originalit\u00e9 \u00e0 votre style urbain avec les sneakers Air Jordan Hex Mule SP University Red pour femme de Jordan. Avec leur design \u00e9l\u00e9gant et leur rouge \u00e9clatant, ces chaussures sont parfaites pour toutes les passionn\u00e9es de sneakers. Gr\u00e2ce \u00e0 leurs mat\u00e9riaux de haute qualit\u00e9 et \u00e0 leur confort optimal, ces sneakers ne manqueront pas de faire sensation. Ajoutez une touche d&rsquo;\u00e9l\u00e9gance sportive \u00e0 votre garde-robe avec ces baskets styl\u00e9es.<\/p>\n<ul>\n<li><strong>Couleur :<\/strong> Rouge universitaire<\/li>\n<li><strong>Code article :<\/strong> FJ0603-600<\/li>\n<li><strong>Mati\u00e8re ext\u00e9rieure :<\/strong> EVA<\/li>\n<li><strong>Semelle interm\u00e9diaire :<\/strong> EVA<\/li>\n<li><strong>Couleur :<\/strong> Rouge<\/li>\n<li><strong>Saison :<\/strong> Printemps<\/li>\n<li><strong>Ann\u00e9e de sortie :<\/strong> 2023<\/li>\n<\/ul>\n","protected":false},"excerpt":{"rendered":"<p>Jordan Jordan Hex Mule SP \u2014 University Red\/University Red<\/p>\n","protected":false},"featured_media":10115,"comment_status":"open","ping_status":"closed","template":"","meta":[],"product_brand":[],"product_cat":[218],"product_tag":[],"class_list":{"0":"post-10114","1":"product","2":"type-product","3":"status-publish","4":"has-post-thumbnail","6":"product_cat-air-jordan-2026","7":"wcpa_has_options","9":"first","10":"instock","11":"taxable","12":"shipping-taxable","13":"purchasable","14":"product-type-simple"},"wcpa_form_fields":{"rules":{"pric_overide_base_price":false,"pric_overide_base_price_if_gt_zero":false,"pric_overide_base_price_fully":false,"pric_cal_option_once":false,"pric_use_as_fee":false,"bind_quantity":false,"quantity_bind_formula":false},"fields":[{"type":"color-group","required":true,"elementId":"wcpa-color-group-66c4a75505e74","label":"Taille","inline":true,"priceOptions":"different_for_all","pricingType":"fixed","className":"hassizechart product-shoes-size-eu product-shoes-size","name":"color-group-66c4a75505e89","disp_type":"square","selection_type":"tick-border","disp_size":"44","show_label_inside":true,"adjust_width":true,"cart_display_type":"text","other_text":"Other","cl_rule":"show","col":6,"values":[{"label":"35.5","value":"EU 35.5","price":"","pimage":"","pimage_id":"","pthumb":"","color":""},{"label":"36","value":"EU 36","price":"","pimage":"","pimage_id":"","pthumb":"","color":"","selected":true},{"label":"36.5","value":"EU 36.5","price":"","pimage":"","pimage_id":"","pthumb":"","color":""},{"label":"37.5","value":"EU 37.5","price":"","pimage":"","pimage_id":"","pthumb":"","color":""},{"label":"38","value":"EU 38","price":"","pimage":"","pimage_id":"","pthumb":"","color":""},{"label":"38.5","value":"EU 38.5","price":"","pimage":"","pimage_id":"","pthumb":"","color":""},{"label":"39","value":"EU 39","price":"","pimage":"","pimage_id":"","pthumb":"","color":""},{"label":"40","value":"EU 40","price":"","pimage":"","pimage_id":"","pthumb":"","color":""},{"label":"40.5","value":"EU 40.5","price":"","pimage":"","pimage_id":"","pthumb":"","color":""},{"label":"41","value":"EU 41","price":"","pimage":"","pimage_id":"","pthumb":"","color":""},{"label":"42","value":"EU 42","price":"","pimage":"","pimage_id":"","pthumb":"","color":""},{"label":"42.5","value":"EU 42.5","price":"","pimage":"","pimage_id":"","pthumb":"","color":""},{"label":"43","value":"EU 43","price":"","pimage":"","pimage_id":"","pthumb":"","color":""},{"label":"44","value":"EU 44","price":"","pimage":"","pimage_id":"","pthumb":"","color":""},{"label":"44.5","value":"EU 44.5","price":"","pimage":"","pimage_id":"","pthumb":"","color":""},{"label":"45","value":"EU 45","price":"","pimage":"","pimage_id":"","pthumb":"","color":""},{"label":"45.5","value":"EU 45.5","price":"","pimage":"","pimage_id":"","pthumb":"","color":""},{"label":"46","value":"EU 46","price":"","pimage":"","pimage_id":"","pthumb":"","color":""},{"label":"47","value":"EU 47","price":"","pimage":"","pimage_id":"","pthumb":"","color":""},{"label":"47.5","value":"EU 47.5","price":"","pimage":"","pimage_id":"","pthumb":"","color":""},{"label":"48","value":"EU 48","price":"","pimage":"","pimage_id":"","pthumb":"","color":""}],"relations":[{"operator":false,"rules":[]}],"form_id":18106,"form_rules":{"pric_cal_option_once":false,"exclude_from_discount":false,"pric_use_as_fee":false,"fee_label":"Fee","render_after_acb":false,"disp_hide_options_price":false}}]},"yoast_head":"<!-- This site is optimized with the Yoast SEO plugin v26.5 - https:\/\/yoast.com\/wordpress\/plugins\/seo\/ -->\n<title>Wmns Jordan Hex Mule &#039;University Red&#039; - TOURCRUISER PTE. LTD<\/title>\n<meta name=\"robots\" content=\"index, follow, max-snippet:-1, max-image-preview:large, max-video-preview:-1\" \/>\n<link rel=\"canonical\" href=\"https:\/\/tourcruiser.com\/\" \/>\n<meta property=\"og:locale\" content=\"fr_FR\" \/>\n<meta property=\"og:type\" content=\"article\" \/>\n<meta property=\"og:title\" content=\"Wmns Jordan Hex Mule &#039;University Red&#039; - TOURCRUISER PTE. LTD\" \/>\n<meta property=\"og:description\" content=\"Jordan Jordan Hex Mule SP \u2014 University Red\/University Red\" \/>\n<meta property=\"og:url\" content=\"\/\" \/>\n<meta property=\"og:site_name\" content=\"Tourcruiser Sneaker Store\" \/>\n<meta property=\"article:modified_time\" content=\"2026-03-14T10:40:11+00:00\" \/>\n<meta name=\"twitter:card\" content=\"summary_large_image\" \/>\n<meta name=\"twitter:image\" content=\"https:\/\/images.novelship.com\/product\/_women__air_jordan_hex_mule_sp__university_red__fj_0_43479.jpeg\" \/>\n<script type=\"application\/ld+json\" class=\"yoast-schema-graph\">{\"@context\":\"https:\/\/schema.org\",\"@graph\":[{\"@type\":\"WebPage\",\"@id\":\"\/\",\"url\":\"https:\/\/tourcruiser.com\/\",\"name\":\"Wmns Jordan Hex Mule 'University Red' - TOURCRUISER PTE. LTD\",\"isPartOf\":{\"@id\":\"https:\/\/tourcruiser.com\/fr\/#website\"},\"primaryImageOfPage\":{\"@id\":\"https:\/\/tourcruiser.com\/#primaryimage\"},\"image\":{\"@id\":\"https:\/\/tourcruiser.com\/#primaryimage\"},\"thumbnailUrl\":\"https:\/\/images.novelship.com\/product\/_women__air_jordan_hex_mule_sp__university_red__fj_0_43479.jpeg\",\"datePublished\":\"2026-02-20T07:42:12+00:00\",\"dateModified\":\"2026-03-14T10:40:11+00:00\",\"breadcrumb\":{\"@id\":\"https:\/\/tourcruiser.com\/#breadcrumb\"},\"inLanguage\":\"fr-FR\",\"potentialAction\":[{\"@type\":\"ReadAction\",\"target\":[\"https:\/\/tourcruiser.com\/\"]}]},{\"@type\":\"ImageObject\",\"inLanguage\":\"fr-FR\",\"@id\":\"https:\/\/tourcruiser.com\/#primaryimage\",\"url\":\"https:\/\/images.novelship.com\/product\/_women__air_jordan_hex_mule_sp__university_red__fj_0_43479.jpeg\",\"contentUrl\":\"https:\/\/images.novelship.com\/product\/_women__air_jordan_hex_mule_sp__university_red__fj_0_43479.jpeg\"},{\"@type\":\"BreadcrumbList\",\"@id\":\"https:\/\/tourcruiser.com\/#breadcrumb\",\"itemListElement\":[{\"@type\":\"ListItem\",\"position\":1,\"name\":\"Home\",\"item\":\"https:\/\/tourcruiser.com\/fr\/\"},{\"@type\":\"ListItem\",\"position\":2,\"name\":\"Shop\",\"item\":\"https:\/\/tourcruiser.com\/fr\/shop\/\"},{\"@type\":\"ListItem\",\"position\":3,\"name\":\"Wmns Jordan Hex Mule &lsquo;University Red&rsquo;\"}]},{\"@type\":\"WebSite\",\"@id\":\"https:\/\/tourcruiser.com\/fr\/#website\",\"url\":\"https:\/\/tourcruiser.com\/fr\/\",\"name\":\"Styloral Jewelry Shop\",\"description\":\"Tourcruiser Sneaker Store \u2014 L\u2019endroit o\u00f9 l\u2019univers rencontre votre singularit\u00e9.\",\"publisher\":{\"@id\":\"https:\/\/tourcruiser.com\/fr\/#organization\"},\"potentialAction\":[{\"@type\":\"SearchAction\",\"target\":{\"@type\":\"EntryPoint\",\"urlTemplate\":\"https:\/\/tourcruiser.com\/fr\/?s={search_term_string}\"},\"query-input\":{\"@type\":\"PropertyValueSpecification\",\"valueRequired\":true,\"valueName\":\"search_term_string\"}}],\"inLanguage\":\"fr-FR\"},{\"@type\":\"Organization\",\"@id\":\"https:\/\/tourcruiser.com\/fr\/#organization\",\"name\":\"STYLORAL PTE. LTD\",\"url\":\"https:\/\/tourcruiser.com\/fr\/\",\"logo\":{\"@type\":\"ImageObject\",\"inLanguage\":\"fr-FR\",\"@id\":\"https:\/\/tourcruiser.com\/fr\/#\/schema\/logo\/image\/\",\"url\":\"https:\/\/www.tourcruiser.com\/wp-content\/uploads\/2025\/12\/logo.png\",\"contentUrl\":\"https:\/\/www.tourcruiser.com\/wp-content\/uploads\/2025\/12\/logo.png\",\"width\":200,\"height\":65,\"caption\":\"STYLORAL PTE. LTD\"},\"image\":{\"@id\":\"https:\/\/tourcruiser.com\/fr\/#\/schema\/logo\/image\/\"}}]}<\/script>\n<!-- \/ Yoast SEO plugin. -->","yoast_head_json":{"title":"Wmns Jordan Hex Mule 'University Red' - TOURCRUISER PTE. LTD","robots":{"index":"index","follow":"follow","max-snippet":"max-snippet:-1","max-image-preview":"max-image-preview:large","max-video-preview":"max-video-preview:-1"},"canonical":"https:\/\/tourcruiser.com\/","og_locale":"fr_FR","og_type":"article","og_title":"Wmns Jordan Hex Mule 'University Red' - TOURCRUISER PTE. LTD","og_description":"Jordan Jordan Hex Mule SP \u2014 University Red\/University Red","og_url":"\/","og_site_name":"Tourcruiser Sneaker Store","article_modified_time":"2026-03-14T10:40:11+00:00","twitter_card":"summary_large_image","twitter_image":"https:\/\/images.novelship.com\/product\/_women__air_jordan_hex_mule_sp__university_red__fj_0_43479.jpeg","schema":{"@context":"https:\/\/schema.org","@graph":[{"@type":"WebPage","@id":"\/","url":"https:\/\/tourcruiser.com\/","name":"Wmns Jordan Hex Mule 'University Red' - TOURCRUISER PTE. LTD","isPartOf":{"@id":"https:\/\/tourcruiser.com\/fr\/#website"},"primaryImageOfPage":{"@id":"https:\/\/tourcruiser.com\/#primaryimage"},"image":{"@id":"https:\/\/tourcruiser.com\/#primaryimage"},"thumbnailUrl":"https:\/\/images.novelship.com\/product\/_women__air_jordan_hex_mule_sp__university_red__fj_0_43479.jpeg","datePublished":"2026-02-20T07:42:12+00:00","dateModified":"2026-03-14T10:40:11+00:00","breadcrumb":{"@id":"https:\/\/tourcruiser.com\/#breadcrumb"},"inLanguage":"fr-FR","potentialAction":[{"@type":"ReadAction","target":["https:\/\/tourcruiser.com\/"]}]},{"@type":"ImageObject","inLanguage":"fr-FR","@id":"https:\/\/tourcruiser.com\/#primaryimage","url":"https:\/\/images.novelship.com\/product\/_women__air_jordan_hex_mule_sp__university_red__fj_0_43479.jpeg","contentUrl":"https:\/\/images.novelship.com\/product\/_women__air_jordan_hex_mule_sp__university_red__fj_0_43479.jpeg"},{"@type":"BreadcrumbList","@id":"https:\/\/tourcruiser.com\/#breadcrumb","itemListElement":[{"@type":"ListItem","position":1,"name":"Home","item":"https:\/\/tourcruiser.com\/fr\/"},{"@type":"ListItem","position":2,"name":"Shop","item":"https:\/\/tourcruiser.com\/fr\/shop\/"},{"@type":"ListItem","position":3,"name":"Wmns Jordan Hex Mule &lsquo;University Red&rsquo;"}]},{"@type":"WebSite","@id":"https:\/\/tourcruiser.com\/fr\/#website","url":"https:\/\/tourcruiser.com\/fr\/","name":"Styloral Jewelry Shop","description":"Tourcruiser Sneaker Store \u2014 L\u2019endroit o\u00f9 l\u2019univers rencontre votre singularit\u00e9.","publisher":{"@id":"https:\/\/tourcruiser.com\/fr\/#organization"},"potentialAction":[{"@type":"SearchAction","target":{"@type":"EntryPoint","urlTemplate":"https:\/\/tourcruiser.com\/fr\/?s={search_term_string}"},"query-input":{"@type":"PropertyValueSpecification","valueRequired":true,"valueName":"search_term_string"}}],"inLanguage":"fr-FR"},{"@type":"Organization","@id":"https:\/\/tourcruiser.com\/fr\/#organization","name":"STYLORAL PTE. LTD","url":"https:\/\/tourcruiser.com\/fr\/","logo":{"@type":"ImageObject","inLanguage":"fr-FR","@id":"https:\/\/tourcruiser.com\/fr\/#\/schema\/logo\/image\/","url":"https:\/\/www.tourcruiser.com\/wp-content\/uploads\/2025\/12\/logo.png","contentUrl":"https:\/\/www.tourcruiser.com\/wp-content\/uploads\/2025\/12\/logo.png","width":200,"height":65,"caption":"STYLORAL PTE. LTD"},"image":{"@id":"https:\/\/tourcruiser.com\/fr\/#\/schema\/logo\/image\/"}}]}},"_links":{"self":[{"href":"https:\/\/tourcruiser.com\/fr\/wp-json\/wp\/v2\/product\/10114","targetHints":{"allow":["GET"]}}],"collection":[{"href":"https:\/\/tourcruiser.com\/fr\/wp-json\/wp\/v2\/product"}],"about":[{"href":"https:\/\/tourcruiser.com\/fr\/wp-json\/wp\/v2\/types\/product"}],"replies":[{"embeddable":true,"href":"https:\/\/tourcruiser.com\/fr\/wp-json\/wp\/v2\/comments?post=10114"}],"wp:featuredmedia":[{"embeddable":true,"href":"https:\/\/tourcruiser.com\/fr\/wp-json\/wp\/v2\/media\/10115"}],"wp:attachment":[{"href":"https:\/\/tourcruiser.com\/fr\/wp-json\/wp\/v2\/media?parent=10114"}],"wp:term":[{"taxonomy":"product_brand","embeddable":true,"href":"https:\/\/tourcruiser.com\/fr\/wp-json\/wp\/v2\/product_brand?post=10114"},{"taxonomy":"product_cat","embeddable":true,"href":"https:\/\/tourcruiser.com\/fr\/wp-json\/wp\/v2\/product_cat?post=10114"},{"taxonomy":"product_tag","embeddable":true,"href":"https:\/\/tourcruiser.com\/fr\/wp-json\/wp\/v2\/product_tag?post=10114"}],"curies":[{"name":"wp","href":"https:\/\/api.w.org\/{rel}","templated":true}]}}