{"id":1009591,"date":"2026-04-25T22:01:49","date_gmt":"2026-04-25T15:01:49","guid":{"rendered":"http:\/\/tourcruiser.com\/product\/nike-free-rn-next-nature-mixing-and-matching"},"modified":"2026-04-25T22:01:49","modified_gmt":"2026-04-25T15:01:49","slug":"nike-free-rn-next-nature-mixing-and-matching","status":"publish","type":"product","link":"https:\/\/tourcruiser.com\/fr\/products\/nike-free-rn-next-nature-mixing-and-matching\/","title":{"rendered":"Nike Free RN Next Nature &lsquo;Mixing and Matching&rsquo;"},"content":{"rendered":"<p>Entrez dans le futur avec la Nike Free RN Next Nature \u00c2\u00ab\u00c2\u00a0Mixing and Matching\u00c2\u00a0\u00c2\u00bb\u00c2\u00a0! Cette sneaker \u00c3\u00a9co-responsable allie une durabilit\u00c3\u00a9 de pointe au confort l\u00c3\u00a9gendaire de Nike Free. Confectionn\u00c3\u00a9e avec au moins 20\u00c2\u00a0% de mat\u00c3\u00a9riaux recycl\u00c3\u00a9s, elle est dot\u00c3\u00a9e d\u00e2\u20ac\u2122une empeigne Flyknit respirante et d\u00e2\u20ac\u2122une semelle interm\u00c3\u00a9diaire en mousse souple qui s\u00e2\u20ac\u2122adapte \u00c3\u00a0 chaque pas. Son motif de semelle innovant offre une adh\u00c3\u00a9rence exceptionnelle, tandis que ses coloris audacieux vous permettent d\u00e2\u20ac\u2122exprimer votre style unique. Sublimez votre style et engagez-vous pour la plan\u00c3\u00a8te avec la Nike Free RN Next Nature \u00c2\u00ab\u00c2\u00a0Mixing and Matching\u00c2\u00a0\u00c2\u00bb.<\/p>\n<ul>\n<li><strong>Coloris\u00c2\u00a0:<\/strong> BLANC\/NOIR &#8211; ROUGE PIQUE &#8211; FUCHSIA R\u00c3\u0160VE &#8211; BLEU \u00c3\u2030CLAIR &#8211; VERT CITRON<\/li>\n<li><strong>Code article\u00c2\u00a0:<\/strong> FJ1056-100<\/li>\n<li><strong>Tige\u00c2\u00a0:<\/strong> Textile<\/li>\n<li><strong>Semelle interm\u00c3\u00a9diaire\u00c2\u00a0:<\/strong> Free<\/li>\n<li><strong>Ann\u00c3\u00a9e de sortie\u00c2\u00a0:<\/strong> 2023<\/li>\n<\/ul>\n","protected":false},"excerpt":{"rendered":"<p>Entrez dans le futur avec la Nike Free RN Next Nature \u00c2\u00ab\u00c2\u00a0Mixing and Matching\u00c2\u00a0\u00c2\u00bb\u00c2\u00a0! Cette sneaker \u00c3\u00a9co-responsable allie une durabilit\u00c3\u00a9 de pointe au confort l\u00c3\u00a9gendaire de Nike Free. Confectionn\u00c3\u00a9e avec au moins 20\u00c2\u00a0% de mat\u00c3\u00a9riaux recycl\u00c3\u00a9s, elle est dot\u00c3\u00a9e d\u00e2\u20ac\u2122une empeigne Flyknit respirante et d\u00e2\u20ac\u2122une semelle interm\u00c3\u00a9diaire en mousse souple qui s\u00e2\u20ac\u2122adapte \u00c3\u00a0 chaque pas. [&hellip;]<\/p>\n","protected":false},"featured_media":1009592,"comment_status":"open","ping_status":"closed","template":"","meta":[],"product_brand":[],"product_cat":[52270,44778,44780,48981],"product_tag":[44768,44771,44840,44772,44795,44773,44776],"class_list":{"0":"post-1009591","1":"product","2":"type-product","3":"status-publish","4":"has-post-thumbnail","6":"product_cat-sneakers-nike-free-rn-next-nature","7":"product_cat-lifestyle-shoes-running-inspired","8":"product_cat-gender-men","9":"product_cat-sneakers-nike","10":"product_tag-gift-for-him","11":"product_tag-lifestyle-shoes-running-inspired","12":"product_tag-lightweight-running-shoes","13":"product_tag-nike","14":"product_tag-performance-running-shoes","15":"product_tag-performance-sport-shoes","16":"product_tag-under-retail","17":"wcpa_has_options","19":"first","20":"instock","21":"sale","22":"taxable","23":"shipping-taxable","24":"purchasable","25":"product-type-simple"},"wcpa_form_fields":{"rules":{"pric_overide_base_price":false,"pric_overide_base_price_if_gt_zero":false,"pric_overide_base_price_fully":false,"pric_cal_option_once":false,"pric_use_as_fee":false,"bind_quantity":false,"quantity_bind_formula":false},"fields":[{"type":"color-group","required":true,"elementId":"wcpa-color-group-66c4a75505e74","label":"Taille","inline":true,"priceOptions":"different_for_all","pricingType":"fixed","className":"hassizechart product-shoes-size-eu product-shoes-size","name":"color-group-66c4a75505e89","disp_type":"square","selection_type":"tick-border","disp_size":"44","show_label_inside":true,"adjust_width":true,"cart_display_type":"text","other_text":"Other","cl_rule":"show","col":6,"values":[{"label":"35.5","value":"EU 35.5","price":"","pimage":"","pimage_id":"","pthumb":"","color":""},{"label":"36","value":"EU 36","price":"","pimage":"","pimage_id":"","pthumb":"","color":"","selected":true},{"label":"36.5","value":"EU 36.5","price":"","pimage":"","pimage_id":"","pthumb":"","color":""},{"label":"37.5","value":"EU 37.5","price":"","pimage":"","pimage_id":"","pthumb":"","color":""},{"label":"38","value":"EU 38","price":"","pimage":"","pimage_id":"","pthumb":"","color":""},{"label":"38.5","value":"EU 38.5","price":"","pimage":"","pimage_id":"","pthumb":"","color":""},{"label":"39","value":"EU 39","price":"","pimage":"","pimage_id":"","pthumb":"","color":""},{"label":"40","value":"EU 40","price":"","pimage":"","pimage_id":"","pthumb":"","color":""},{"label":"40.5","value":"EU 40.5","price":"","pimage":"","pimage_id":"","pthumb":"","color":""},{"label":"41","value":"EU 41","price":"","pimage":"","pimage_id":"","pthumb":"","color":""},{"label":"42","value":"EU 42","price":"","pimage":"","pimage_id":"","pthumb":"","color":""},{"label":"42.5","value":"EU 42.5","price":"","pimage":"","pimage_id":"","pthumb":"","color":""},{"label":"43","value":"EU 43","price":"","pimage":"","pimage_id":"","pthumb":"","color":""},{"label":"44","value":"EU 44","price":"","pimage":"","pimage_id":"","pthumb":"","color":""},{"label":"44.5","value":"EU 44.5","price":"","pimage":"","pimage_id":"","pthumb":"","color":""},{"label":"45","value":"EU 45","price":"","pimage":"","pimage_id":"","pthumb":"","color":""},{"label":"45.5","value":"EU 45.5","price":"","pimage":"","pimage_id":"","pthumb":"","color":""},{"label":"46","value":"EU 46","price":"","pimage":"","pimage_id":"","pthumb":"","color":""},{"label":"47","value":"EU 47","price":"","pimage":"","pimage_id":"","pthumb":"","color":""},{"label":"47.5","value":"EU 47.5","price":"","pimage":"","pimage_id":"","pthumb":"","color":""},{"label":"48","value":"EU 48","price":"","pimage":"","pimage_id":"","pthumb":"","color":""}],"relations":[{"operator":false,"rules":[]}],"form_id":18106,"form_rules":{"pric_cal_option_once":false,"exclude_from_discount":false,"pric_use_as_fee":false,"fee_label":"Fee","render_after_acb":false,"disp_hide_options_price":false}}]},"yoast_head":"<!-- This site is optimized with the Yoast SEO plugin v26.5 - https:\/\/yoast.com\/wordpress\/plugins\/seo\/ -->\n<title>Nike Free RN Next Nature &#039;Mixing and Matching&#039; - TOURCRUISER PTE. LTD<\/title>\n<meta name=\"robots\" content=\"index, follow, max-snippet:-1, max-image-preview:large, max-video-preview:-1\" \/>\n<link rel=\"canonical\" href=\"https:\/\/tourcruiser.com\/fr\/products\/nike-free-rn-next-nature-mixing-and-matching\/\" \/>\n<meta property=\"og:locale\" content=\"fr_FR\" \/>\n<meta property=\"og:type\" content=\"article\" \/>\n<meta property=\"og:title\" content=\"Nike Free RN Next Nature &#039;Mixing and Matching&#039; - TOURCRUISER PTE. LTD\" \/>\n<meta property=\"og:description\" content=\"Entrez dans le futur avec la Nike Free RN Next Nature \u00c2\u00ab\u00c2\u00a0Mixing and Matching\u00c2\u00a0\u00c2\u00bb\u00c2\u00a0! Cette sneaker \u00c3\u00a9co-responsable allie une durabilit\u00c3\u00a9 de pointe au confort l\u00c3\u00a9gendaire de Nike Free. Confectionn\u00c3\u00a9e avec au moins 20\u00c2\u00a0% de mat\u00c3\u00a9riaux recycl\u00c3\u00a9s, elle est dot\u00c3\u00a9e d\u00e2\u20ac\u2122une empeigne Flyknit respirante et d\u00e2\u20ac\u2122une semelle interm\u00c3\u00a9diaire en mousse souple qui s\u00e2\u20ac\u2122adapte \u00c3\u00a0 chaque pas. [&hellip;]\" \/>\n<meta property=\"og:url\" content=\"https:\/\/tourcruiser.com\/fr\/products\/nike-free-rn-next-nature-mixing-and-matching\/\" \/>\n<meta property=\"og:site_name\" content=\"Tourcruiser Sneaker Store\" \/>\n<meta name=\"twitter:card\" content=\"summary_large_image\" \/>\n<meta name=\"twitter:image\" content=\"https:\/\/images.novelship.com\/product\/nike_free_rn_next_nature__mixing_and_matching__fj1_0_35544.png\" \/>\n<meta name=\"twitter:label1\" content=\"Dur\u00e9e de lecture estim\u00e9e\" \/>\n\t<meta name=\"twitter:data1\" content=\"1 minute\" \/>\n<script type=\"application\/ld+json\" class=\"yoast-schema-graph\">{\"@context\":\"https:\/\/schema.org\",\"@graph\":[{\"@type\":\"WebPage\",\"@id\":\"https:\/\/tourcruiser.com\/fr\/products\/nike-free-rn-next-nature-mixing-and-matching\/\",\"url\":\"https:\/\/tourcruiser.com\/fr\/products\/nike-free-rn-next-nature-mixing-and-matching\/\",\"name\":\"Nike Free RN Next Nature 'Mixing and Matching' - TOURCRUISER PTE. LTD\",\"isPartOf\":{\"@id\":\"\/#website\"},\"primaryImageOfPage\":{\"@id\":\"https:\/\/tourcruiser.com\/fr\/products\/nike-free-rn-next-nature-mixing-and-matching\/#primaryimage\"},\"image\":{\"@id\":\"https:\/\/tourcruiser.com\/fr\/products\/nike-free-rn-next-nature-mixing-and-matching\/#primaryimage\"},\"thumbnailUrl\":\"https:\/\/images.novelship.com\/product\/nike_free_rn_next_nature__mixing_and_matching__fj1_0_35544.png\",\"datePublished\":\"2026-04-25T15:01:49+00:00\",\"breadcrumb\":{\"@id\":\"https:\/\/tourcruiser.com\/fr\/products\/nike-free-rn-next-nature-mixing-and-matching\/#breadcrumb\"},\"inLanguage\":\"fr-FR\",\"potentialAction\":[{\"@type\":\"ReadAction\",\"target\":[\"https:\/\/tourcruiser.com\/fr\/products\/nike-free-rn-next-nature-mixing-and-matching\/\"]}]},{\"@type\":\"ImageObject\",\"inLanguage\":\"fr-FR\",\"@id\":\"https:\/\/tourcruiser.com\/fr\/products\/nike-free-rn-next-nature-mixing-and-matching\/#primaryimage\",\"url\":\"https:\/\/images.novelship.com\/product\/nike_free_rn_next_nature__mixing_and_matching__fj1_0_35544.png\",\"contentUrl\":\"https:\/\/images.novelship.com\/product\/nike_free_rn_next_nature__mixing_and_matching__fj1_0_35544.png\"},{\"@type\":\"BreadcrumbList\",\"@id\":\"https:\/\/tourcruiser.com\/fr\/products\/nike-free-rn-next-nature-mixing-and-matching\/#breadcrumb\",\"itemListElement\":[{\"@type\":\"ListItem\",\"position\":1,\"name\":\"Home\",\"item\":\"https:\/\/tourcruiser.com\/fr\/\"},{\"@type\":\"ListItem\",\"position\":2,\"name\":\"Shop\",\"item\":\"https:\/\/tourcruiser.com\/fr\/shop\/\"},{\"@type\":\"ListItem\",\"position\":3,\"name\":\"Nike Free RN Next Nature 'Mixing and Matching'\"}]},{\"@type\":\"WebSite\",\"@id\":\"\/#website\",\"url\":\"\/\",\"name\":\"Styloral Jewelry Shop\",\"description\":\"Tourcruiser Sneaker Store \u2014 L\u2019endroit o\u00f9 l\u2019univers rencontre votre singularit\u00e9.\",\"publisher\":{\"@id\":\"\/#organization\"},\"potentialAction\":[{\"@type\":\"SearchAction\",\"target\":{\"@type\":\"EntryPoint\",\"urlTemplate\":\"\/?s={search_term_string}\"},\"query-input\":{\"@type\":\"PropertyValueSpecification\",\"valueRequired\":true,\"valueName\":\"search_term_string\"}}],\"inLanguage\":\"fr-FR\"},{\"@type\":\"Organization\",\"@id\":\"\/#organization\",\"name\":\"STYLORAL PTE. LTD\",\"url\":\"\/\",\"logo\":{\"@type\":\"ImageObject\",\"inLanguage\":\"fr-FR\",\"@id\":\"\/#\/schema\/logo\/image\/\",\"url\":\"https:\/\/www.tourcruiser.com\/wp-content\/uploads\/2025\/12\/logo.png\",\"contentUrl\":\"https:\/\/www.tourcruiser.com\/wp-content\/uploads\/2025\/12\/logo.png\",\"width\":200,\"height\":65,\"caption\":\"STYLORAL PTE. LTD\"},\"image\":{\"@id\":\"\/#\/schema\/logo\/image\/\"}}]}<\/script>\n<!-- \/ Yoast SEO plugin. -->","yoast_head_json":{"title":"Nike Free RN Next Nature 'Mixing and Matching' - TOURCRUISER PTE. LTD","robots":{"index":"index","follow":"follow","max-snippet":"max-snippet:-1","max-image-preview":"max-image-preview:large","max-video-preview":"max-video-preview:-1"},"canonical":"https:\/\/tourcruiser.com\/fr\/products\/nike-free-rn-next-nature-mixing-and-matching\/","og_locale":"fr_FR","og_type":"article","og_title":"Nike Free RN Next Nature 'Mixing and Matching' - TOURCRUISER PTE. LTD","og_description":"Entrez dans le futur avec la Nike Free RN Next Nature \u00c2\u00ab\u00c2\u00a0Mixing and Matching\u00c2\u00a0\u00c2\u00bb\u00c2\u00a0! Cette sneaker \u00c3\u00a9co-responsable allie une durabilit\u00c3\u00a9 de pointe au confort l\u00c3\u00a9gendaire de Nike Free. Confectionn\u00c3\u00a9e avec au moins 20\u00c2\u00a0% de mat\u00c3\u00a9riaux recycl\u00c3\u00a9s, elle est dot\u00c3\u00a9e d\u00e2\u20ac\u2122une empeigne Flyknit respirante et d\u00e2\u20ac\u2122une semelle interm\u00c3\u00a9diaire en mousse souple qui s\u00e2\u20ac\u2122adapte \u00c3\u00a0 chaque pas. [&hellip;]","og_url":"https:\/\/tourcruiser.com\/fr\/products\/nike-free-rn-next-nature-mixing-and-matching\/","og_site_name":"Tourcruiser Sneaker Store","twitter_card":"summary_large_image","twitter_image":"https:\/\/images.novelship.com\/product\/nike_free_rn_next_nature__mixing_and_matching__fj1_0_35544.png","twitter_misc":{"Dur\u00e9e de lecture estim\u00e9e":"1 minute"},"schema":{"@context":"https:\/\/schema.org","@graph":[{"@type":"WebPage","@id":"https:\/\/tourcruiser.com\/fr\/products\/nike-free-rn-next-nature-mixing-and-matching\/","url":"https:\/\/tourcruiser.com\/fr\/products\/nike-free-rn-next-nature-mixing-and-matching\/","name":"Nike Free RN Next Nature 'Mixing and Matching' - TOURCRUISER PTE. LTD","isPartOf":{"@id":"\/#website"},"primaryImageOfPage":{"@id":"https:\/\/tourcruiser.com\/fr\/products\/nike-free-rn-next-nature-mixing-and-matching\/#primaryimage"},"image":{"@id":"https:\/\/tourcruiser.com\/fr\/products\/nike-free-rn-next-nature-mixing-and-matching\/#primaryimage"},"thumbnailUrl":"https:\/\/images.novelship.com\/product\/nike_free_rn_next_nature__mixing_and_matching__fj1_0_35544.png","datePublished":"2026-04-25T15:01:49+00:00","breadcrumb":{"@id":"https:\/\/tourcruiser.com\/fr\/products\/nike-free-rn-next-nature-mixing-and-matching\/#breadcrumb"},"inLanguage":"fr-FR","potentialAction":[{"@type":"ReadAction","target":["https:\/\/tourcruiser.com\/fr\/products\/nike-free-rn-next-nature-mixing-and-matching\/"]}]},{"@type":"ImageObject","inLanguage":"fr-FR","@id":"https:\/\/tourcruiser.com\/fr\/products\/nike-free-rn-next-nature-mixing-and-matching\/#primaryimage","url":"https:\/\/images.novelship.com\/product\/nike_free_rn_next_nature__mixing_and_matching__fj1_0_35544.png","contentUrl":"https:\/\/images.novelship.com\/product\/nike_free_rn_next_nature__mixing_and_matching__fj1_0_35544.png"},{"@type":"BreadcrumbList","@id":"https:\/\/tourcruiser.com\/fr\/products\/nike-free-rn-next-nature-mixing-and-matching\/#breadcrumb","itemListElement":[{"@type":"ListItem","position":1,"name":"Home","item":"https:\/\/tourcruiser.com\/fr\/"},{"@type":"ListItem","position":2,"name":"Shop","item":"https:\/\/tourcruiser.com\/fr\/shop\/"},{"@type":"ListItem","position":3,"name":"Nike Free RN Next Nature 'Mixing and Matching'"}]},{"@type":"WebSite","@id":"\/#website","url":"\/","name":"Styloral Jewelry Shop","description":"Tourcruiser Sneaker Store \u2014 L\u2019endroit o\u00f9 l\u2019univers rencontre votre singularit\u00e9.","publisher":{"@id":"\/#organization"},"potentialAction":[{"@type":"SearchAction","target":{"@type":"EntryPoint","urlTemplate":"\/?s={search_term_string}"},"query-input":{"@type":"PropertyValueSpecification","valueRequired":true,"valueName":"search_term_string"}}],"inLanguage":"fr-FR"},{"@type":"Organization","@id":"\/#organization","name":"STYLORAL PTE. LTD","url":"\/","logo":{"@type":"ImageObject","inLanguage":"fr-FR","@id":"\/#\/schema\/logo\/image\/","url":"https:\/\/www.tourcruiser.com\/wp-content\/uploads\/2025\/12\/logo.png","contentUrl":"https:\/\/www.tourcruiser.com\/wp-content\/uploads\/2025\/12\/logo.png","width":200,"height":65,"caption":"STYLORAL PTE. LTD"},"image":{"@id":"\/#\/schema\/logo\/image\/"}}]}},"_links":{"self":[{"href":"https:\/\/tourcruiser.com\/fr\/wp-json\/wp\/v2\/product\/1009591","targetHints":{"allow":["GET"]}}],"collection":[{"href":"https:\/\/tourcruiser.com\/fr\/wp-json\/wp\/v2\/product"}],"about":[{"href":"https:\/\/tourcruiser.com\/fr\/wp-json\/wp\/v2\/types\/product"}],"replies":[{"embeddable":true,"href":"https:\/\/tourcruiser.com\/fr\/wp-json\/wp\/v2\/comments?post=1009591"}],"wp:featuredmedia":[{"embeddable":true,"href":"https:\/\/tourcruiser.com\/fr\/wp-json\/wp\/v2\/media\/1009592"}],"wp:attachment":[{"href":"https:\/\/tourcruiser.com\/fr\/wp-json\/wp\/v2\/media?parent=1009591"}],"wp:term":[{"taxonomy":"product_brand","embeddable":true,"href":"https:\/\/tourcruiser.com\/fr\/wp-json\/wp\/v2\/product_brand?post=1009591"},{"taxonomy":"product_cat","embeddable":true,"href":"https:\/\/tourcruiser.com\/fr\/wp-json\/wp\/v2\/product_cat?post=1009591"},{"taxonomy":"product_tag","embeddable":true,"href":"https:\/\/tourcruiser.com\/fr\/wp-json\/wp\/v2\/product_tag?post=1009591"}],"curies":[{"name":"wp","href":"https:\/\/api.w.org\/{rel}","templated":true}]}}