{"id":100552,"date":"2026-03-02T15:28:14","date_gmt":"2026-03-02T08:28:14","guid":{"rendered":"http:\/\/tourcruiser.com\/product\/new-balance-550-mushroom"},"modified":"2026-03-14T19:01:28","modified_gmt":"2026-03-14T12:01:28","slug":"new-balance-550-mushroom","status":"publish","type":"product","link":"https:\/\/tourcruiser.com\/fr\/products\/new-balance-550-mushroom\/","title":{"rendered":"New Balance 550 &lsquo;Mushroom&rsquo;"},"content":{"rendered":"<p>D\u00e9couvrez la New Balance 550 \u00ab\u00a0Mushroom\u00a0\u00bb, une sneaker qui allie style classique et confort moderne. Son empeigne en cuir premium, dans une subtile teinte champignon, d\u00e9gage une \u00e9l\u00e9gance intemporelle, tandis que sa semelle ext\u00e9rieure en caoutchouc r\u00e9sistant assure adh\u00e9rence et durabilit\u00e9. Le logo \u00ab\u00a0N\u00a0\u00bb embl\u00e9matique orne les c\u00f4t\u00e9s, ajoutant une touche de sophistication intemporelle. Sur le terrain comme en ville, ces sneakers rehaussent toutes vos tenues gr\u00e2ce \u00e0 leur charme ind\u00e9modable. Agrandissez votre collection de chaussures d\u00e8s aujourd&rsquo;hui avec la New Balance 550 \u00ab\u00a0Mushroom\u00a0\u00bb.<\/p>\n<ul>\n<li><strong>Coloris\u00a0:<\/strong> Champignon\/Sel marin\/Noix de macadamia<\/li>\n<li><strong>Code article\u00a0:<\/strong> BB550PHA<\/li>\n<li><strong>Tige\u00a0:<\/strong> Daim<\/li>\n<li><strong>Semelle interm\u00e9diaire\u00a0:<\/strong> EVA<\/li>\n<li><strong>Couleur\u00a0:<\/strong> Marron<\/li>\n<li><strong>Ann\u00e9e de sortie\u00a0:<\/strong> 2023<\/li>\n<\/ul>\n","protected":false},"excerpt":{"rendered":"<p>New Balance 550 \u201d\u201d Mushroom\/Sea Salt\/Macadamia Nut<\/p>\n","protected":false},"featured_media":100553,"comment_status":"open","ping_status":"closed","template":"","meta":[],"product_brand":[],"product_cat":[10771],"product_tag":[10750,10847,10753,10754,10777,10766,11580,11581,10756,10785,10786,10758],"class_list":{"0":"post-100552","1":"product","2":"type-product","3":"status-publish","4":"has-post-thumbnail","6":"product_cat-new-balance","7":"product_tag-athleisure-shoes","8":"product_tag-best-finds-under-100","9":"product_tag-gift-for-him","10":"product_tag-lifestyle-casual-shoes","11":"product_tag-lifestyle-shoes-basketball-inspired","12":"product_tag-new-balance","13":"product_tag-new-balance-basketball-shoes","14":"product_tag-new-balance-skateboarding-shoes","15":"product_tag-retro-casual-shoes","16":"product_tag-trending-deals","17":"product_tag-trending-deals-under-150","18":"product_tag-under-retail","19":"wcpa_has_options","21":"first","22":"instock","23":"taxable","24":"shipping-taxable","25":"purchasable","26":"product-type-simple"},"wcpa_form_fields":{"rules":{"pric_overide_base_price":false,"pric_overide_base_price_if_gt_zero":false,"pric_overide_base_price_fully":false,"pric_cal_option_once":false,"pric_use_as_fee":false,"bind_quantity":false,"quantity_bind_formula":false},"fields":[{"type":"color-group","required":true,"elementId":"wcpa-color-group-66c4a928225d2","label":"Taille","inline":true,"priceOptions":"different_for_all","pricingType":"fixed","className":"hassizechart product-shoes-size-eu product-shoes-size","name":"color-group-66c4a928225e2","disp_type":"square","selection_type":"tick-border","disp_size":"50","show_label_inside":true,"adjust_width":true,"cart_display_type":"text","other_text":"Other","cl_rule":"show","col":6,"values":[{"label":"35","value":"EU 35","price":"","pimage":"","pimage_id":"","pthumb":"","color":""},{"label":"36","value":"EU 36","price":"","pimage":"","pimage_id":"","pthumb":"","color":"","selected":true},{"label":"37","value":"EU 37","price":"","pimage":"","pimage_id":"","pthumb":"","color":""},{"label":"37.5","value":"EU 37.5","price":"","pimage":"","pimage_id":"","pthumb":"","color":""},{"label":"38","value":"EU 38","price":"","pimage":"","pimage_id":"","pthumb":"","color":""},{"label":"38.5","value":"EU 38.5","price":"","pimage":"","pimage_id":"","pthumb":"","color":""},{"label":"39","value":"EU 39","price":"","pimage":"","pimage_id":"","pthumb":"","color":""},{"label":"39.5","value":"EU 39.5","price":"","pimage":"","pimage_id":"","pthumb":"","color":""},{"label":"40","value":"EU 40","price":"","pimage":"","pimage_id":"","pthumb":"","color":""},{"label":"40.5","value":"EU 40.5","price":"","pimage":"","pimage_id":"","pthumb":"","color":""},{"label":" 41.5","value":"EU 41.5","price":"","pimage":"","pimage_id":"","pthumb":"","color":""},{"label":"42","value":"EU 42","price":"","pimage":"","pimage_id":"","pthumb":"","color":""},{"label":"42.5","value":"EU 42.5","price":"","pimage":"","pimage_id":"","pthumb":"","color":""},{"label":"43","value":"EU 43","price":"","pimage":"","pimage_id":"","pthumb":"","color":""},{"label":"44","value":"EU 44","price":"","pimage":"","pimage_id":"","pthumb":"","color":""},{"label":"44.5","value":"EU 44.5","price":"","pimage":"","pimage_id":"","pthumb":"","color":""},{"label":"45","value":"EU 45","price":"","pimage":"","pimage_id":"","pthumb":"","color":""},{"label":"45.5","value":"EU 45.5","price":"","pimage":"","pimage_id":"","pthumb":"","color":""},{"label":"46","value":"EU 46","price":"","pimage":"","pimage_id":"","pthumb":"","color":""}],"relations":[{"operator":false,"rules":[]}],"form_id":24803,"form_rules":{"pric_cal_option_once":false,"exclude_from_discount":false,"pric_use_as_fee":false,"fee_label":"Fee","render_after_acb":false,"disp_hide_options_price":false}}]},"yoast_head":"<!-- This site is optimized with the Yoast SEO plugin v26.5 - https:\/\/yoast.com\/wordpress\/plugins\/seo\/ -->\n<title>New Balance 550 &#039;Mushroom&#039; - TOURCRUISER PTE. LTD<\/title>\n<meta name=\"robots\" content=\"index, follow, max-snippet:-1, max-image-preview:large, max-video-preview:-1\" \/>\n<link rel=\"canonical\" href=\"https:\/\/tourcruiser.com\/fr\/products\/new-balance-550-mushroom\/\" \/>\n<meta property=\"og:locale\" content=\"fr_FR\" \/>\n<meta property=\"og:type\" content=\"article\" \/>\n<meta property=\"og:title\" content=\"New Balance 550 &#039;Mushroom&#039; - TOURCRUISER PTE. LTD\" \/>\n<meta property=\"og:description\" content=\"New Balance 550 \u201d\u201d Mushroom\/Sea Salt\/Macadamia Nut\" \/>\n<meta property=\"og:url\" content=\"https:\/\/tourcruiser.com\/fr\/products\/new-balance-550-mushroom\/\" \/>\n<meta property=\"og:site_name\" content=\"Tourcruiser Sneaker Store\" \/>\n<meta property=\"article:modified_time\" content=\"2026-03-14T12:01:28+00:00\" \/>\n<meta name=\"twitter:card\" content=\"summary_large_image\" \/>\n<meta name=\"twitter:image\" content=\"https:\/\/images.novelship.com\/product\/new_balance_550__mushroom__bb550pha_0_41212.jpeg\" \/>\n<meta name=\"twitter:label1\" content=\"Dur\u00e9e de lecture estim\u00e9e\" \/>\n\t<meta name=\"twitter:data1\" content=\"1 minute\" \/>\n<script type=\"application\/ld+json\" class=\"yoast-schema-graph\">{\"@context\":\"https:\/\/schema.org\",\"@graph\":[{\"@type\":\"WebPage\",\"@id\":\"https:\/\/tourcruiser.com\/fr\/products\/new-balance-550-mushroom\/\",\"url\":\"https:\/\/tourcruiser.com\/fr\/products\/new-balance-550-mushroom\/\",\"name\":\"New Balance 550 'Mushroom' - TOURCRUISER PTE. LTD\",\"isPartOf\":{\"@id\":\"https:\/\/tourcruiser.com\/fr\/#website\"},\"primaryImageOfPage\":{\"@id\":\"https:\/\/tourcruiser.com\/fr\/products\/new-balance-550-mushroom\/#primaryimage\"},\"image\":{\"@id\":\"https:\/\/tourcruiser.com\/fr\/products\/new-balance-550-mushroom\/#primaryimage\"},\"thumbnailUrl\":\"https:\/\/images.novelship.com\/product\/new_balance_550__mushroom__bb550pha_0_41212.jpeg\",\"datePublished\":\"2026-03-02T08:28:14+00:00\",\"dateModified\":\"2026-03-14T12:01:28+00:00\",\"breadcrumb\":{\"@id\":\"https:\/\/tourcruiser.com\/fr\/products\/new-balance-550-mushroom\/#breadcrumb\"},\"inLanguage\":\"fr-FR\",\"potentialAction\":[{\"@type\":\"ReadAction\",\"target\":[\"https:\/\/tourcruiser.com\/fr\/products\/new-balance-550-mushroom\/\"]}]},{\"@type\":\"ImageObject\",\"inLanguage\":\"fr-FR\",\"@id\":\"https:\/\/tourcruiser.com\/fr\/products\/new-balance-550-mushroom\/#primaryimage\",\"url\":\"https:\/\/images.novelship.com\/product\/new_balance_550__mushroom__bb550pha_0_41212.jpeg\",\"contentUrl\":\"https:\/\/images.novelship.com\/product\/new_balance_550__mushroom__bb550pha_0_41212.jpeg\"},{\"@type\":\"BreadcrumbList\",\"@id\":\"https:\/\/tourcruiser.com\/fr\/products\/new-balance-550-mushroom\/#breadcrumb\",\"itemListElement\":[{\"@type\":\"ListItem\",\"position\":1,\"name\":\"Home\",\"item\":\"https:\/\/tourcruiser.com\/fr\/\"},{\"@type\":\"ListItem\",\"position\":2,\"name\":\"Shop\",\"item\":\"https:\/\/tourcruiser.com\/fr\/shop\/\"},{\"@type\":\"ListItem\",\"position\":3,\"name\":\"New Balance 550 'Mushroom'\"}]},{\"@type\":\"WebSite\",\"@id\":\"https:\/\/tourcruiser.com\/fr\/#website\",\"url\":\"https:\/\/tourcruiser.com\/fr\/\",\"name\":\"Styloral Jewelry Shop\",\"description\":\"Tourcruiser Sneaker Store \u2014 L\u2019endroit o\u00f9 l\u2019univers rencontre votre singularit\u00e9.\",\"publisher\":{\"@id\":\"https:\/\/tourcruiser.com\/fr\/#organization\"},\"potentialAction\":[{\"@type\":\"SearchAction\",\"target\":{\"@type\":\"EntryPoint\",\"urlTemplate\":\"https:\/\/tourcruiser.com\/fr\/?s={search_term_string}\"},\"query-input\":{\"@type\":\"PropertyValueSpecification\",\"valueRequired\":true,\"valueName\":\"search_term_string\"}}],\"inLanguage\":\"fr-FR\"},{\"@type\":\"Organization\",\"@id\":\"https:\/\/tourcruiser.com\/fr\/#organization\",\"name\":\"STYLORAL PTE. LTD\",\"url\":\"https:\/\/tourcruiser.com\/fr\/\",\"logo\":{\"@type\":\"ImageObject\",\"inLanguage\":\"fr-FR\",\"@id\":\"https:\/\/tourcruiser.com\/fr\/#\/schema\/logo\/image\/\",\"url\":\"https:\/\/www.tourcruiser.com\/wp-content\/uploads\/2025\/12\/logo.png\",\"contentUrl\":\"https:\/\/www.tourcruiser.com\/wp-content\/uploads\/2025\/12\/logo.png\",\"width\":200,\"height\":65,\"caption\":\"STYLORAL PTE. LTD\"},\"image\":{\"@id\":\"https:\/\/tourcruiser.com\/fr\/#\/schema\/logo\/image\/\"}}]}<\/script>\n<!-- \/ Yoast SEO plugin. -->","yoast_head_json":{"title":"New Balance 550 'Mushroom' - TOURCRUISER PTE. LTD","robots":{"index":"index","follow":"follow","max-snippet":"max-snippet:-1","max-image-preview":"max-image-preview:large","max-video-preview":"max-video-preview:-1"},"canonical":"https:\/\/tourcruiser.com\/fr\/products\/new-balance-550-mushroom\/","og_locale":"fr_FR","og_type":"article","og_title":"New Balance 550 'Mushroom' - TOURCRUISER PTE. LTD","og_description":"New Balance 550 \u201d\u201d Mushroom\/Sea Salt\/Macadamia Nut","og_url":"https:\/\/tourcruiser.com\/fr\/products\/new-balance-550-mushroom\/","og_site_name":"Tourcruiser Sneaker Store","article_modified_time":"2026-03-14T12:01:28+00:00","twitter_card":"summary_large_image","twitter_image":"https:\/\/images.novelship.com\/product\/new_balance_550__mushroom__bb550pha_0_41212.jpeg","twitter_misc":{"Dur\u00e9e de lecture estim\u00e9e":"1 minute"},"schema":{"@context":"https:\/\/schema.org","@graph":[{"@type":"WebPage","@id":"https:\/\/tourcruiser.com\/fr\/products\/new-balance-550-mushroom\/","url":"https:\/\/tourcruiser.com\/fr\/products\/new-balance-550-mushroom\/","name":"New Balance 550 'Mushroom' - TOURCRUISER PTE. LTD","isPartOf":{"@id":"https:\/\/tourcruiser.com\/fr\/#website"},"primaryImageOfPage":{"@id":"https:\/\/tourcruiser.com\/fr\/products\/new-balance-550-mushroom\/#primaryimage"},"image":{"@id":"https:\/\/tourcruiser.com\/fr\/products\/new-balance-550-mushroom\/#primaryimage"},"thumbnailUrl":"https:\/\/images.novelship.com\/product\/new_balance_550__mushroom__bb550pha_0_41212.jpeg","datePublished":"2026-03-02T08:28:14+00:00","dateModified":"2026-03-14T12:01:28+00:00","breadcrumb":{"@id":"https:\/\/tourcruiser.com\/fr\/products\/new-balance-550-mushroom\/#breadcrumb"},"inLanguage":"fr-FR","potentialAction":[{"@type":"ReadAction","target":["https:\/\/tourcruiser.com\/fr\/products\/new-balance-550-mushroom\/"]}]},{"@type":"ImageObject","inLanguage":"fr-FR","@id":"https:\/\/tourcruiser.com\/fr\/products\/new-balance-550-mushroom\/#primaryimage","url":"https:\/\/images.novelship.com\/product\/new_balance_550__mushroom__bb550pha_0_41212.jpeg","contentUrl":"https:\/\/images.novelship.com\/product\/new_balance_550__mushroom__bb550pha_0_41212.jpeg"},{"@type":"BreadcrumbList","@id":"https:\/\/tourcruiser.com\/fr\/products\/new-balance-550-mushroom\/#breadcrumb","itemListElement":[{"@type":"ListItem","position":1,"name":"Home","item":"https:\/\/tourcruiser.com\/fr\/"},{"@type":"ListItem","position":2,"name":"Shop","item":"https:\/\/tourcruiser.com\/fr\/shop\/"},{"@type":"ListItem","position":3,"name":"New Balance 550 'Mushroom'"}]},{"@type":"WebSite","@id":"https:\/\/tourcruiser.com\/fr\/#website","url":"https:\/\/tourcruiser.com\/fr\/","name":"Styloral Jewelry Shop","description":"Tourcruiser Sneaker Store \u2014 L\u2019endroit o\u00f9 l\u2019univers rencontre votre singularit\u00e9.","publisher":{"@id":"https:\/\/tourcruiser.com\/fr\/#organization"},"potentialAction":[{"@type":"SearchAction","target":{"@type":"EntryPoint","urlTemplate":"https:\/\/tourcruiser.com\/fr\/?s={search_term_string}"},"query-input":{"@type":"PropertyValueSpecification","valueRequired":true,"valueName":"search_term_string"}}],"inLanguage":"fr-FR"},{"@type":"Organization","@id":"https:\/\/tourcruiser.com\/fr\/#organization","name":"STYLORAL PTE. LTD","url":"https:\/\/tourcruiser.com\/fr\/","logo":{"@type":"ImageObject","inLanguage":"fr-FR","@id":"https:\/\/tourcruiser.com\/fr\/#\/schema\/logo\/image\/","url":"https:\/\/www.tourcruiser.com\/wp-content\/uploads\/2025\/12\/logo.png","contentUrl":"https:\/\/www.tourcruiser.com\/wp-content\/uploads\/2025\/12\/logo.png","width":200,"height":65,"caption":"STYLORAL PTE. LTD"},"image":{"@id":"https:\/\/tourcruiser.com\/fr\/#\/schema\/logo\/image\/"}}]}},"_links":{"self":[{"href":"https:\/\/tourcruiser.com\/fr\/wp-json\/wp\/v2\/product\/100552","targetHints":{"allow":["GET"]}}],"collection":[{"href":"https:\/\/tourcruiser.com\/fr\/wp-json\/wp\/v2\/product"}],"about":[{"href":"https:\/\/tourcruiser.com\/fr\/wp-json\/wp\/v2\/types\/product"}],"replies":[{"embeddable":true,"href":"https:\/\/tourcruiser.com\/fr\/wp-json\/wp\/v2\/comments?post=100552"}],"wp:featuredmedia":[{"embeddable":true,"href":"https:\/\/tourcruiser.com\/fr\/wp-json\/wp\/v2\/media\/100553"}],"wp:attachment":[{"href":"https:\/\/tourcruiser.com\/fr\/wp-json\/wp\/v2\/media?parent=100552"}],"wp:term":[{"taxonomy":"product_brand","embeddable":true,"href":"https:\/\/tourcruiser.com\/fr\/wp-json\/wp\/v2\/product_brand?post=100552"},{"taxonomy":"product_cat","embeddable":true,"href":"https:\/\/tourcruiser.com\/fr\/wp-json\/wp\/v2\/product_cat?post=100552"},{"taxonomy":"product_tag","embeddable":true,"href":"https:\/\/tourcruiser.com\/fr\/wp-json\/wp\/v2\/product_tag?post=100552"}],"curies":[{"name":"wp","href":"https:\/\/api.w.org\/{rel}","templated":true}]}}