{"id":4019,"date":"2025-11-16T10:54:53","date_gmt":"2025-11-16T10:54:53","guid":{"rendered":"https:\/\/tourcruiser.com\/?page_id=4019"},"modified":"2026-03-03T19:51:20","modified_gmt":"2026-03-03T12:51:20","slug":"canceling-or-changing-order","status":"publish","type":"page","link":"https:\/\/tourcruiser.com\/fr\/canceling-or-changing-order\/","title":{"rendered":"Canceling or Changing order"},"content":{"rendered":"\t\t<div data-elementor-type=\"wp-page\" data-elementor-id=\"4019\" class=\"elementor elementor-4019\">\n\t\t\t\t\t\t<section class=\"elementor-section elementor-top-section elementor-element elementor-element-b08a46d elementor-section-boxed elementor-section-height-default elementor-section-height-default\" data-id=\"b08a46d\" data-element_type=\"section\">\n\t\t\t\t\t\t<div class=\"elementor-container elementor-column-gap-default\">\n\t\t\t\t\t<div class=\"elementor-column elementor-col-100 elementor-top-column elementor-element elementor-element-ad116de\" data-id=\"ad116de\" data-element_type=\"column\">\n\t\t\t<div class=\"elementor-widget-wrap elementor-element-populated\">\n\t\t\t\t\t\t<div class=\"elementor-element elementor-element-1184398 elementor-widget elementor-widget-text-editor\" data-id=\"1184398\" data-element_type=\"widget\" data-widget_type=\"text-editor.default\">\n\t\t\t\t\t\t\t\t\t<h2 data-start=\"107\" data-end=\"153\">Annulation ou modification de votre commande<\/h2><p data-start=\"155\" data-end=\"198\"><strong data-start=\"155\" data-end=\"198\">Derni\u00e8re mise \u00e0 jour : 11 novembre 2025<\/strong><\/p><p data-start=\"200\" data-end=\"498\">Nous comprenons que les plans peuvent changer.<br data-start=\"246\" data-end=\"249\" \/>Sur cette page, vous trouverez des informations sur la mani\u00e8re d\u2019annuler ou de modifier votre commande.<br data-start=\"352\" data-end=\"355\" \/>Veuillez lire attentivement les informations ci-dessous, car la possibilit\u00e9 d\u2019annulation ou de modification d\u00e9pend du statut de votre commande.<\/p><hr data-start=\"500\" data-end=\"503\" \/><h2 data-start=\"505\" data-end=\"539\">1. Annulation de votre commande<\/h2><p data-start=\"541\" data-end=\"706\">Vous pouvez demander l\u2019annulation de votre commande dans un d\u00e9lai de <strong data-start=\"610\" data-end=\"622\">2 heures<\/strong> apr\u00e8s l\u2019avoir pass\u00e9e, \u00e0 condition qu\u2019elle n\u2019ait pas encore \u00e9t\u00e9 trait\u00e9e ou exp\u00e9di\u00e9e.<\/p><p data-start=\"708\" data-end=\"778\">Pour annuler votre commande, veuillez nous contacter imm\u00e9diatement \u00e0 :<\/p><p data-start=\"780\" data-end=\"803\">\ud83d\udce7 <strong data-start=\"783\" data-end=\"803\">support@tourcruiser.com<\/strong><\/p><p data-start=\"805\" data-end=\"997\">Si votre commande a d\u00e9j\u00e0 \u00e9t\u00e9 trait\u00e9e ou exp\u00e9di\u00e9e, l\u2019annulation n\u2019est plus possible.<br data-start=\"888\" data-end=\"891\" \/>Dans ce cas, vous pourrez utiliser notre <strong data-start=\"932\" data-end=\"971\">Politique de retour &amp; remboursement<\/strong> apr\u00e8s r\u00e9ception du colis.<\/p><hr data-start=\"999\" data-end=\"1002\" \/><h2 data-start=\"1004\" data-end=\"1040\">2. Modification de votre commande<\/h2><p data-start=\"1042\" data-end=\"1092\">Vous pouvez demander les modifications suivantes :<\/p><ul><li data-start=\"1096\" data-end=\"1135\">Mise \u00e0 jour de l\u2019adresse de livraison<\/li><li data-start=\"1138\" data-end=\"1203\">Modification de la variante du produit (couleur, taille, style)<\/li><li data-start=\"1206\" data-end=\"1243\">Mise \u00e0 jour des informations client<\/li><li data-start=\"1246\" data-end=\"1285\">Modification de la quantit\u00e9 command\u00e9e<\/li><\/ul><p data-start=\"1287\" data-end=\"1410\">Les modifications sont possibles uniquement dans un d\u00e9lai de <strong data-start=\"1348\" data-end=\"1361\">12 heures<\/strong> apr\u00e8s la commande, avant le d\u00e9but du traitement.<\/p><p data-start=\"1412\" data-end=\"1474\">Pour demander une modification, veuillez envoyer un e-mail \u00e0 :<\/p><p data-start=\"1476\" data-end=\"1499\">\ud83d\udce7 <strong data-start=\"1479\" data-end=\"1499\">support@tourcruiser.com<\/strong><\/p><p data-start=\"1501\" data-end=\"1583\">Les modifications ne peuvent pas \u00eatre garanties si la commande a d\u00e9j\u00e0 \u00e9t\u00e9 trait\u00e9e.<\/p><hr data-start=\"1585\" data-end=\"1588\" \/><h2 data-start=\"1590\" data-end=\"1627\">3. Adresse de livraison incorrecte<\/h2><p data-start=\"1629\" data-end=\"1673\">Si vous avez fourni une adresse incorrecte :<\/p><ul><li data-start=\"1677\" data-end=\"1707\">Contactez-nous imm\u00e9diatement<\/li><li data-start=\"1710\" data-end=\"1804\">La modification d\u2019adresse est possible uniquement si la commande n\u2019a pas encore \u00e9t\u00e9 exp\u00e9di\u00e9e<\/li><\/ul><p data-start=\"1806\" data-end=\"1932\"><strong data-start=\"1806\" data-end=\"1826\">TOURCRUISER PTE. LTD<\/strong> d\u00e9cline toute responsabilit\u00e9 en cas de perte de colis due \u00e0 une adresse incorrecte fournie par le client.<\/p><hr data-start=\"1934\" data-end=\"1937\" \/><h2 data-start=\"1939\" data-end=\"1967\">4. Commande d\u00e9j\u00e0 exp\u00e9di\u00e9e<\/h2><p data-start=\"1969\" data-end=\"2008\">Si votre commande a d\u00e9j\u00e0 \u00e9t\u00e9 exp\u00e9di\u00e9e :<\/p><ul><li data-start=\"2012\" data-end=\"2065\">L\u2019annulation ou la modification n\u2019est plus possible<\/li><li data-start=\"2068\" data-end=\"2174\">Vous pouvez retourner l\u2019article apr\u00e8s r\u00e9ception conform\u00e9ment \u00e0 notre politique de retour &amp; remboursement<\/li><li data-start=\"2177\" data-end=\"2227\">Les frais de livraison ne sont pas remboursables<\/li><\/ul><hr data-start=\"2229\" data-end=\"2232\" \/><h2 data-start=\"2234\" data-end=\"2247\">5. Contact<\/h2><p data-start=\"2249\" data-end=\"2331\">Pour toute question concernant l\u2019annulation ou la modification de votre commande :<\/p><p data-start=\"2333\" data-end=\"2356\">\ud83d\udce7 <strong data-start=\"2336\" data-end=\"2356\">support@tourcruiser.com<\/strong><\/p>\t\t\t\t\t\t\t\t<\/div>\n\t\t\t\t\t<\/div>\n\t\t<\/div>\n\t\t\t\t\t<\/div>\n\t\t<\/section>\n\t\t\t\t<\/div>\n\t\t","protected":false},"excerpt":{"rendered":"<p>Annulation ou modification de votre commande Derni\u00e8re mise \u00e0 jour : 11 novembre 2025 Nous comprenons que les plans peuvent changer.Sur cette page, vous trouverez des informations sur la mani\u00e8re d\u2019annuler ou de modifier votre commande.Veuillez lire attentivement les informations ci-dessous, car la possibilit\u00e9 d\u2019annulation ou de modification d\u00e9pend du statut de votre commande. 1. [&hellip;]<\/p>\n","protected":false},"author":1,"featured_media":0,"parent":0,"menu_order":0,"comment_status":"closed","ping_status":"closed","template":"","meta":{"footnotes":""},"class_list":["post-4019","page","type-page","status-publish","hentry"],"yoast_head":"<!-- This site is optimized with the Yoast SEO plugin v26.5 - https:\/\/yoast.com\/wordpress\/plugins\/seo\/ -->\n<title>Canceling or Changing order - TOURCRUISER PTE. LTD<\/title>\n<meta name=\"robots\" content=\"index, follow, max-snippet:-1, max-image-preview:large, max-video-preview:-1\" \/>\n<link rel=\"canonical\" href=\"https:\/\/tourcruiser.com\/\" \/>\n<meta property=\"og:locale\" content=\"fr_FR\" \/>\n<meta property=\"og:type\" content=\"article\" \/>\n<meta property=\"og:title\" content=\"Canceling or Changing order - TOURCRUISER PTE. LTD\" \/>\n<meta property=\"og:description\" content=\"Annulation ou modification de votre commande Derni\u00e8re mise \u00e0 jour : 11 novembre 2025 Nous comprenons que les plans peuvent changer.Sur cette page, vous trouverez des informations sur la mani\u00e8re d\u2019annuler ou de modifier votre commande.Veuillez lire attentivement les informations ci-dessous, car la possibilit\u00e9 d\u2019annulation ou de modification d\u00e9pend du statut de votre commande. 1. [&hellip;]\" \/>\n<meta property=\"og:url\" content=\"\/\" \/>\n<meta property=\"og:site_name\" content=\"Tourcruiser Sneaker Store\" \/>\n<meta property=\"article:modified_time\" content=\"2026-03-03T12:51:20+00:00\" \/>\n<meta name=\"twitter:card\" content=\"summary_large_image\" \/>\n<meta name=\"twitter:label1\" content=\"Dur\u00e9e de lecture estim\u00e9e\" \/>\n\t<meta name=\"twitter:data1\" content=\"3 minutes\" \/>\n<script type=\"application\/ld+json\" class=\"yoast-schema-graph\">{\"@context\":\"https:\/\/schema.org\",\"@graph\":[{\"@type\":\"WebPage\",\"@id\":\"\/\",\"url\":\"https:\/\/tourcruiser.com\/\",\"name\":\"Canceling or Changing order - TOURCRUISER PTE. LTD\",\"isPartOf\":{\"@id\":\"https:\/\/tourcruiser.com\/fr\/#website\"},\"datePublished\":\"2025-11-16T10:54:53+00:00\",\"dateModified\":\"2026-03-03T12:51:20+00:00\",\"breadcrumb\":{\"@id\":\"https:\/\/tourcruiser.com\/#breadcrumb\"},\"inLanguage\":\"fr-FR\",\"potentialAction\":[{\"@type\":\"ReadAction\",\"target\":[\"https:\/\/tourcruiser.com\/\"]}]},{\"@type\":\"BreadcrumbList\",\"@id\":\"https:\/\/tourcruiser.com\/#breadcrumb\",\"itemListElement\":[{\"@type\":\"ListItem\",\"position\":1,\"name\":\"Home\",\"item\":\"https:\/\/tourcruiser.com\/fr\/\"},{\"@type\":\"ListItem\",\"position\":2,\"name\":\"Canceling or Changing order\"}]},{\"@type\":\"WebSite\",\"@id\":\"https:\/\/tourcruiser.com\/fr\/#website\",\"url\":\"https:\/\/tourcruiser.com\/fr\/\",\"name\":\"Styloral Jewelry Shop\",\"description\":\"Tourcruiser Sneaker Store \u2014 L\u2019endroit o\u00f9 l\u2019univers rencontre votre singularit\u00e9.\",\"publisher\":{\"@id\":\"https:\/\/tourcruiser.com\/fr\/#organization\"},\"potentialAction\":[{\"@type\":\"SearchAction\",\"target\":{\"@type\":\"EntryPoint\",\"urlTemplate\":\"https:\/\/tourcruiser.com\/fr\/?s={search_term_string}\"},\"query-input\":{\"@type\":\"PropertyValueSpecification\",\"valueRequired\":true,\"valueName\":\"search_term_string\"}}],\"inLanguage\":\"fr-FR\"},{\"@type\":\"Organization\",\"@id\":\"https:\/\/tourcruiser.com\/fr\/#organization\",\"name\":\"STYLORAL PTE. LTD\",\"url\":\"https:\/\/tourcruiser.com\/fr\/\",\"logo\":{\"@type\":\"ImageObject\",\"inLanguage\":\"fr-FR\",\"@id\":\"https:\/\/tourcruiser.com\/fr\/#\/schema\/logo\/image\/\",\"url\":\"https:\/\/www.tourcruiser.com\/wp-content\/uploads\/2025\/12\/logo.png\",\"contentUrl\":\"https:\/\/www.tourcruiser.com\/wp-content\/uploads\/2025\/12\/logo.png\",\"width\":200,\"height\":65,\"caption\":\"STYLORAL PTE. LTD\"},\"image\":{\"@id\":\"https:\/\/tourcruiser.com\/fr\/#\/schema\/logo\/image\/\"}}]}<\/script>\n<!-- \/ Yoast SEO plugin. -->","yoast_head_json":{"title":"Canceling or Changing order - TOURCRUISER PTE. LTD","robots":{"index":"index","follow":"follow","max-snippet":"max-snippet:-1","max-image-preview":"max-image-preview:large","max-video-preview":"max-video-preview:-1"},"canonical":"https:\/\/tourcruiser.com\/","og_locale":"fr_FR","og_type":"article","og_title":"Canceling or Changing order - TOURCRUISER PTE. LTD","og_description":"Annulation ou modification de votre commande Derni\u00e8re mise \u00e0 jour : 11 novembre 2025 Nous comprenons que les plans peuvent changer.Sur cette page, vous trouverez des informations sur la mani\u00e8re d\u2019annuler ou de modifier votre commande.Veuillez lire attentivement les informations ci-dessous, car la possibilit\u00e9 d\u2019annulation ou de modification d\u00e9pend du statut de votre commande. 1. [&hellip;]","og_url":"\/","og_site_name":"Tourcruiser Sneaker Store","article_modified_time":"2026-03-03T12:51:20+00:00","twitter_card":"summary_large_image","twitter_misc":{"Dur\u00e9e de lecture estim\u00e9e":"3 minutes"},"schema":{"@context":"https:\/\/schema.org","@graph":[{"@type":"WebPage","@id":"\/","url":"https:\/\/tourcruiser.com\/","name":"Canceling or Changing order - TOURCRUISER PTE. LTD","isPartOf":{"@id":"https:\/\/tourcruiser.com\/fr\/#website"},"datePublished":"2025-11-16T10:54:53+00:00","dateModified":"2026-03-03T12:51:20+00:00","breadcrumb":{"@id":"https:\/\/tourcruiser.com\/#breadcrumb"},"inLanguage":"fr-FR","potentialAction":[{"@type":"ReadAction","target":["https:\/\/tourcruiser.com\/"]}]},{"@type":"BreadcrumbList","@id":"https:\/\/tourcruiser.com\/#breadcrumb","itemListElement":[{"@type":"ListItem","position":1,"name":"Home","item":"https:\/\/tourcruiser.com\/fr\/"},{"@type":"ListItem","position":2,"name":"Canceling or Changing order"}]},{"@type":"WebSite","@id":"https:\/\/tourcruiser.com\/fr\/#website","url":"https:\/\/tourcruiser.com\/fr\/","name":"Styloral Jewelry Shop","description":"Tourcruiser Sneaker Store \u2014 L\u2019endroit o\u00f9 l\u2019univers rencontre votre singularit\u00e9.","publisher":{"@id":"https:\/\/tourcruiser.com\/fr\/#organization"},"potentialAction":[{"@type":"SearchAction","target":{"@type":"EntryPoint","urlTemplate":"https:\/\/tourcruiser.com\/fr\/?s={search_term_string}"},"query-input":{"@type":"PropertyValueSpecification","valueRequired":true,"valueName":"search_term_string"}}],"inLanguage":"fr-FR"},{"@type":"Organization","@id":"https:\/\/tourcruiser.com\/fr\/#organization","name":"STYLORAL PTE. LTD","url":"https:\/\/tourcruiser.com\/fr\/","logo":{"@type":"ImageObject","inLanguage":"fr-FR","@id":"https:\/\/tourcruiser.com\/fr\/#\/schema\/logo\/image\/","url":"https:\/\/www.tourcruiser.com\/wp-content\/uploads\/2025\/12\/logo.png","contentUrl":"https:\/\/www.tourcruiser.com\/wp-content\/uploads\/2025\/12\/logo.png","width":200,"height":65,"caption":"STYLORAL PTE. LTD"},"image":{"@id":"https:\/\/tourcruiser.com\/fr\/#\/schema\/logo\/image\/"}}]}},"_links":{"self":[{"href":"https:\/\/tourcruiser.com\/fr\/wp-json\/wp\/v2\/pages\/4019","targetHints":{"allow":["GET"]}}],"collection":[{"href":"https:\/\/tourcruiser.com\/fr\/wp-json\/wp\/v2\/pages"}],"about":[{"href":"https:\/\/tourcruiser.com\/fr\/wp-json\/wp\/v2\/types\/page"}],"author":[{"embeddable":true,"href":"https:\/\/tourcruiser.com\/fr\/wp-json\/wp\/v2\/users\/1"}],"replies":[{"embeddable":true,"href":"https:\/\/tourcruiser.com\/fr\/wp-json\/wp\/v2\/comments?post=4019"}],"version-history":[{"count":19,"href":"https:\/\/tourcruiser.com\/fr\/wp-json\/wp\/v2\/pages\/4019\/revisions"}],"predecessor-version":[{"id":184683,"href":"https:\/\/tourcruiser.com\/fr\/wp-json\/wp\/v2\/pages\/4019\/revisions\/184683"}],"wp:attachment":[{"href":"https:\/\/tourcruiser.com\/fr\/wp-json\/wp\/v2\/media?parent=4019"}],"curies":[{"name":"wp","href":"https:\/\/api.w.org\/{rel}","templated":true}]}}