{"id":3960,"date":"2025-11-15T16:37:48","date_gmt":"2025-11-15T16:37:48","guid":{"rendered":"https:\/\/tourcruiser.com\/?page_id=3960"},"modified":"2026-03-03T19:45:50","modified_gmt":"2026-03-03T12:45:50","slug":"shipping-policy","status":"publish","type":"page","link":"https:\/\/tourcruiser.com\/fr\/shipping-policy\/","title":{"rendered":"Versandrichtlinie"},"content":{"rendered":"\t\t<div data-elementor-type=\"wp-page\" data-elementor-id=\"3960\" class=\"elementor elementor-3960\">\n\t\t\t\t\t\t<section class=\"elementor-section elementor-top-section elementor-element elementor-element-e488232 elementor-section-boxed elementor-section-height-default elementor-section-height-default\" data-id=\"e488232\" data-element_type=\"section\">\n\t\t\t\t\t\t<div class=\"elementor-container elementor-column-gap-default\">\n\t\t\t\t\t<div class=\"elementor-column elementor-col-100 elementor-top-column elementor-element elementor-element-7d2a475\" data-id=\"7d2a475\" data-element_type=\"column\">\n\t\t\t<div class=\"elementor-widget-wrap elementor-element-populated\">\n\t\t\t\t\t\t<div class=\"elementor-element elementor-element-76fe563 elementor-widget elementor-widget-text-editor\" data-id=\"76fe563\" data-element_type=\"widget\" data-widget_type=\"text-editor.default\">\n\t\t\t\t\t\t\t\t\t<h2 data-start=\"0\" data-end=\"26\"><strong data-start=\"0\" data-end=\"26\">Politique d\u2019exp\u00e9dition<\/strong><\/h2><p data-start=\"28\" data-end=\"176\">Merci pour votre achat chez <strong data-start=\"56\" data-end=\"76\">TOURCRUISER PTE. LTD<\/strong>.<br data-start=\"77\" data-end=\"80\" \/>Cette politique d\u2019exp\u00e9dition explique comment nous traitons, exp\u00e9dions et livrons vos commandes.<\/p><hr data-start=\"178\" data-end=\"181\" \/><h3 data-start=\"183\" data-end=\"223\">1. D\u00e9lai de traitement des commandes<\/h3><p data-start=\"225\" data-end=\"463\">Toutes les commandes sont trait\u00e9es dans un d\u00e9lai de 1 \u00e0 3 jours ouvrables.<br data-start=\"299\" data-end=\"302\" \/>Aucune exp\u00e9dition ni livraison n\u2019est effectu\u00e9e les week-ends ou les jours f\u00e9ri\u00e9s.<br data-start=\"383\" data-end=\"386\" \/>D\u00e8s que votre commande est exp\u00e9di\u00e9e, vous recevrez un e-mail de confirmation.<\/p><p data-start=\"465\" data-end=\"555\">En cas de volume \u00e9lev\u00e9 de commandes, le d\u00e9lai de traitement peut \u00eatre l\u00e9g\u00e8rement prolong\u00e9.<\/p><hr data-start=\"557\" data-end=\"560\" \/><h3 data-start=\"562\" data-end=\"612\">2. M\u00e9thodes d\u2019exp\u00e9dition &amp; d\u00e9lais de livraison<\/h3><p data-start=\"614\" data-end=\"688\">Nous proposons une livraison internationale. D\u00e9lais de livraison estim\u00e9s :<\/p><p data-start=\"690\" data-end=\"908\">R\u00e9gion | D\u00e9lai de livraison estim\u00e9<br data-start=\"724\" data-end=\"727\" \/>\u00c9tats-Unis | 8 \u00e0 12 jours ouvrables<br data-start=\"762\" data-end=\"765\" \/>Allemagne | 8 \u00e0 12 jours ouvrables<br data-start=\"799\" data-end=\"802\" \/>Royaume-Uni | 8 \u00e0 12 jours ouvrables<br data-start=\"838\" data-end=\"841\" \/>Italie | 8 \u00e0 12 jours ouvrables<br data-start=\"872\" data-end=\"875\" \/>France | 8 \u00e0 12 jours ouvrables<\/p><p data-start=\"910\" data-end=\"1035\">Les d\u00e9lais de livraison peuvent varier en fonction du d\u00e9douanement, des conditions m\u00e9t\u00e9orologiques ou de retards logistiques.<\/p><hr data-start=\"1037\" data-end=\"1040\" \/><h3 data-start=\"1042\" data-end=\"1067\">3. Frais d\u2019exp\u00e9dition<\/h3><p data-start=\"1069\" data-end=\"1232\">Les frais d\u2019exp\u00e9dition sont calcul\u00e9s lors du paiement en fonction de votre localisation.<br data-start=\"1157\" data-end=\"1160\" \/>Nous proposons occasionnellement des promotions avec livraison gratuite.<\/p><hr data-start=\"1234\" data-end=\"1237\" \/><h3 data-start=\"1239\" data-end=\"1263\">4. Suivi de commande<\/h3><p data-start=\"1265\" data-end=\"1334\">Une fois votre commande exp\u00e9di\u00e9e, vous recevrez un e-mail contenant :<\/p><ul><li data-start=\"1338\" data-end=\"1355\">Num\u00e9ro de suivi<\/li><li data-start=\"1358\" data-end=\"1373\">Lien de suivi<\/li><\/ul><p data-start=\"1375\" data-end=\"1458\">Veuillez noter qu\u2019il peut falloir 24 \u00e0 48 heures pour que le suivi soit mis \u00e0 jour.<\/p><hr data-start=\"1460\" data-end=\"1463\" \/><h3 data-start=\"1465\" data-end=\"1490\">5. Adresse incorrecte<\/h3><p data-start=\"1492\" data-end=\"1579\">Les clients sont responsables de fournir une adresse de livraison correcte et compl\u00e8te.<\/p><p data-start=\"1581\" data-end=\"1610\">Si l\u2019adresse est incorrecte :<\/p><p data-start=\"1612\" data-end=\"1738\">Veuillez nous contacter imm\u00e9diatement \u00e0 : <strong data-start=\"1654\" data-end=\"1674\">support@tourcruiser.com<\/strong>.<br data-start=\"1675\" data-end=\"1678\" \/>Les commandes d\u00e9j\u00e0 exp\u00e9di\u00e9es ne peuvent plus \u00eatre modifi\u00e9es.<\/p><p data-start=\"1740\" data-end=\"1865\"><strong data-start=\"1740\" data-end=\"1760\">TOURCRUISER PTE. LTD<\/strong> ne peut \u00eatre tenu responsable des colis perdus en raison d\u2019une adresse incorrecte fournie par le client.<\/p><hr data-start=\"1867\" data-end=\"1870\" \/><h3 data-start=\"1872\" data-end=\"1910\">6. Droits de douane, taxes &amp; frais<\/h3><p data-start=\"1912\" data-end=\"1967\">Les commandes internationales peuvent \u00eatre soumises \u00e0 :<\/p><ul><li data-start=\"1971\" data-end=\"1989\">Droits de douane<\/li><li data-start=\"1992\" data-end=\"2013\">Taxes d\u2019importation<\/li><li data-start=\"2016\" data-end=\"2037\">Frais de traitement<\/li><\/ul><p data-start=\"2039\" data-end=\"2212\">Ces frais ne sont pas inclus dans le prix du produit ni dans les frais d\u2019exp\u00e9dition.<br data-start=\"2123\" data-end=\"2126\" \/>Les clients sont responsables de tous les frais suppl\u00e9mentaires impos\u00e9s par leur pays.<\/p><hr data-start=\"2214\" data-end=\"2217\" \/><h3 data-start=\"2219\" data-end=\"2250\">7. Colis perdus ou retard\u00e9s<\/h3><p data-start=\"2252\" data-end=\"2308\">Nous ne sommes pas responsables des retards caus\u00e9s par :<\/p><ul><li data-start=\"2312\" data-end=\"2329\">Le d\u00e9douanement<\/li><li data-start=\"2332\" data-end=\"2361\">Des erreurs du transporteur<\/li><li data-start=\"2364\" data-end=\"2396\">Les conditions m\u00e9t\u00e9orologiques<\/li><\/ul><p data-start=\"2398\" data-end=\"2507\">Si votre colis est consid\u00e9r\u00e9 comme perdu, veuillez nous contacter et nous vous aiderons \u00e0 effectuer le suivi.<\/p><hr data-start=\"2509\" data-end=\"2512\" \/><h3 data-start=\"2514\" data-end=\"2537\">8. Colis endommag\u00e9s<\/h3><p data-start=\"2539\" data-end=\"2574\">Si votre article arrive endommag\u00e9 :<\/p><ul><li data-start=\"2578\" data-end=\"2636\">Prenez des photos claires de l\u2019emballage et de l\u2019article<\/li><li data-start=\"2639\" data-end=\"2705\">Envoyez-nous un e-mail dans les 48 heures \u00e0 : <strong data-start=\"2685\" data-end=\"2705\">support@tourcruiser.com<\/strong><\/li><\/ul><p data-start=\"2707\" data-end=\"2774\">Selon le cas, nous proposerons un remplacement ou un remboursement.<\/p><hr data-start=\"2776\" data-end=\"2779\" \/><h3 data-start=\"2781\" data-end=\"2802\">9. Contactez-nous<\/h3><p data-start=\"2804\" data-end=\"2874\">Pour toute question concernant l\u2019exp\u00e9dition, veuillez nous contacter :<\/p><p data-start=\"2876\" data-end=\"2940\">E-mail : <strong data-start=\"2885\" data-end=\"2905\">support@tourcruiser.com<\/strong><br data-start=\"2905\" data-end=\"2908\" \/>Adresse : <strong data-start=\"2918\" data-end=\"2940\">Zone commerciale, Rue Alain Mimoun, 06200 Nice, France<\/strong><\/p>\t\t\t\t\t\t\t\t<\/div>\n\t\t\t\t\t<\/div>\n\t\t<\/div>\n\t\t\t\t\t<\/div>\n\t\t<\/section>\n\t\t\t\t<\/div>\n\t\t","protected":false},"excerpt":{"rendered":"<p>Politique d\u2019exp\u00e9dition Merci pour votre achat chez .Cette politique d\u2019exp\u00e9dition explique comment nous traitons, exp\u00e9dions et livrons vos commandes. 1. D\u00e9lai de traitement des commandes Toutes les commandes sont trait\u00e9es dans un d\u00e9lai de 1 \u00e0 3 jours ouvrables.Aucune exp\u00e9dition ni livraison n\u2019est effectu\u00e9e les week-ends ou les jours f\u00e9ri\u00e9s.D\u00e8s que votre commande est exp\u00e9di\u00e9e, [&hellip;]<\/p>\n","protected":false},"author":1,"featured_media":0,"parent":0,"menu_order":0,"comment_status":"closed","ping_status":"closed","template":"","meta":{"footnotes":""},"class_list":["post-3960","page","type-page","status-publish","hentry"],"yoast_head":"<!-- This site is optimized with the Yoast SEO plugin v26.5 - https:\/\/yoast.com\/wordpress\/plugins\/seo\/ -->\n<title>Versandrichtlinie - TOURCRUISER PTE. LTD<\/title>\n<meta name=\"robots\" content=\"index, follow, max-snippet:-1, max-image-preview:large, max-video-preview:-1\" \/>\n<link rel=\"canonical\" href=\"https:\/\/tourcruiser.com\/\" \/>\n<meta property=\"og:locale\" content=\"fr_FR\" \/>\n<meta property=\"og:type\" content=\"article\" \/>\n<meta property=\"og:title\" content=\"Versandrichtlinie - TOURCRUISER PTE. LTD\" \/>\n<meta property=\"og:description\" content=\"Politique d\u2019exp\u00e9dition Merci pour votre achat chez .Cette politique d\u2019exp\u00e9dition explique comment nous traitons, exp\u00e9dions et livrons vos commandes. 1. D\u00e9lai de traitement des commandes Toutes les commandes sont trait\u00e9es dans un d\u00e9lai de 1 \u00e0 3 jours ouvrables.Aucune exp\u00e9dition ni livraison n\u2019est effectu\u00e9e les week-ends ou les jours f\u00e9ri\u00e9s.D\u00e8s que votre commande est exp\u00e9di\u00e9e, [&hellip;]\" \/>\n<meta property=\"og:url\" content=\"\/\" \/>\n<meta property=\"og:site_name\" content=\"Tourcruiser Sneaker Store\" \/>\n<meta property=\"article:modified_time\" content=\"2026-03-03T12:45:50+00:00\" \/>\n<meta name=\"twitter:card\" content=\"summary_large_image\" \/>\n<meta name=\"twitter:label1\" content=\"Dur\u00e9e de lecture estim\u00e9e\" \/>\n\t<meta name=\"twitter:data1\" content=\"3 minutes\" \/>\n<script type=\"application\/ld+json\" class=\"yoast-schema-graph\">{\"@context\":\"https:\/\/schema.org\",\"@graph\":[{\"@type\":\"WebPage\",\"@id\":\"\/\",\"url\":\"https:\/\/tourcruiser.com\/\",\"name\":\"Versandrichtlinie - TOURCRUISER PTE. LTD\",\"isPartOf\":{\"@id\":\"https:\/\/tourcruiser.com\/fr\/#website\"},\"datePublished\":\"2025-11-15T16:37:48+00:00\",\"dateModified\":\"2026-03-03T12:45:50+00:00\",\"breadcrumb\":{\"@id\":\"https:\/\/tourcruiser.com\/#breadcrumb\"},\"inLanguage\":\"fr-FR\",\"potentialAction\":[{\"@type\":\"ReadAction\",\"target\":[\"https:\/\/tourcruiser.com\/\"]}]},{\"@type\":\"BreadcrumbList\",\"@id\":\"https:\/\/tourcruiser.com\/#breadcrumb\",\"itemListElement\":[{\"@type\":\"ListItem\",\"position\":1,\"name\":\"Home\",\"item\":\"https:\/\/tourcruiser.com\/fr\/\"},{\"@type\":\"ListItem\",\"position\":2,\"name\":\"Versandrichtlinie\"}]},{\"@type\":\"WebSite\",\"@id\":\"https:\/\/tourcruiser.com\/fr\/#website\",\"url\":\"https:\/\/tourcruiser.com\/fr\/\",\"name\":\"Styloral Jewelry Shop\",\"description\":\"Tourcruiser Sneaker Store \u2014 L\u2019endroit o\u00f9 l\u2019univers rencontre votre singularit\u00e9.\",\"publisher\":{\"@id\":\"https:\/\/tourcruiser.com\/fr\/#organization\"},\"potentialAction\":[{\"@type\":\"SearchAction\",\"target\":{\"@type\":\"EntryPoint\",\"urlTemplate\":\"https:\/\/tourcruiser.com\/fr\/?s={search_term_string}\"},\"query-input\":{\"@type\":\"PropertyValueSpecification\",\"valueRequired\":true,\"valueName\":\"search_term_string\"}}],\"inLanguage\":\"fr-FR\"},{\"@type\":\"Organization\",\"@id\":\"https:\/\/tourcruiser.com\/fr\/#organization\",\"name\":\"STYLORAL PTE. LTD\",\"url\":\"https:\/\/tourcruiser.com\/fr\/\",\"logo\":{\"@type\":\"ImageObject\",\"inLanguage\":\"fr-FR\",\"@id\":\"https:\/\/tourcruiser.com\/fr\/#\/schema\/logo\/image\/\",\"url\":\"https:\/\/www.tourcruiser.com\/wp-content\/uploads\/2025\/12\/logo.png\",\"contentUrl\":\"https:\/\/www.tourcruiser.com\/wp-content\/uploads\/2025\/12\/logo.png\",\"width\":200,\"height\":65,\"caption\":\"STYLORAL PTE. LTD\"},\"image\":{\"@id\":\"https:\/\/tourcruiser.com\/fr\/#\/schema\/logo\/image\/\"}}]}<\/script>\n<!-- \/ Yoast SEO plugin. -->","yoast_head_json":{"title":"Versandrichtlinie - TOURCRUISER PTE. LTD","robots":{"index":"index","follow":"follow","max-snippet":"max-snippet:-1","max-image-preview":"max-image-preview:large","max-video-preview":"max-video-preview:-1"},"canonical":"https:\/\/tourcruiser.com\/","og_locale":"fr_FR","og_type":"article","og_title":"Versandrichtlinie - TOURCRUISER PTE. LTD","og_description":"Politique d\u2019exp\u00e9dition Merci pour votre achat chez .Cette politique d\u2019exp\u00e9dition explique comment nous traitons, exp\u00e9dions et livrons vos commandes. 1. D\u00e9lai de traitement des commandes Toutes les commandes sont trait\u00e9es dans un d\u00e9lai de 1 \u00e0 3 jours ouvrables.Aucune exp\u00e9dition ni livraison n\u2019est effectu\u00e9e les week-ends ou les jours f\u00e9ri\u00e9s.D\u00e8s que votre commande est exp\u00e9di\u00e9e, [&hellip;]","og_url":"\/","og_site_name":"Tourcruiser Sneaker Store","article_modified_time":"2026-03-03T12:45:50+00:00","twitter_card":"summary_large_image","twitter_misc":{"Dur\u00e9e de lecture estim\u00e9e":"3 minutes"},"schema":{"@context":"https:\/\/schema.org","@graph":[{"@type":"WebPage","@id":"\/","url":"https:\/\/tourcruiser.com\/","name":"Versandrichtlinie - TOURCRUISER PTE. LTD","isPartOf":{"@id":"https:\/\/tourcruiser.com\/fr\/#website"},"datePublished":"2025-11-15T16:37:48+00:00","dateModified":"2026-03-03T12:45:50+00:00","breadcrumb":{"@id":"https:\/\/tourcruiser.com\/#breadcrumb"},"inLanguage":"fr-FR","potentialAction":[{"@type":"ReadAction","target":["https:\/\/tourcruiser.com\/"]}]},{"@type":"BreadcrumbList","@id":"https:\/\/tourcruiser.com\/#breadcrumb","itemListElement":[{"@type":"ListItem","position":1,"name":"Home","item":"https:\/\/tourcruiser.com\/fr\/"},{"@type":"ListItem","position":2,"name":"Versandrichtlinie"}]},{"@type":"WebSite","@id":"https:\/\/tourcruiser.com\/fr\/#website","url":"https:\/\/tourcruiser.com\/fr\/","name":"Styloral Jewelry Shop","description":"Tourcruiser Sneaker Store \u2014 L\u2019endroit o\u00f9 l\u2019univers rencontre votre singularit\u00e9.","publisher":{"@id":"https:\/\/tourcruiser.com\/fr\/#organization"},"potentialAction":[{"@type":"SearchAction","target":{"@type":"EntryPoint","urlTemplate":"https:\/\/tourcruiser.com\/fr\/?s={search_term_string}"},"query-input":{"@type":"PropertyValueSpecification","valueRequired":true,"valueName":"search_term_string"}}],"inLanguage":"fr-FR"},{"@type":"Organization","@id":"https:\/\/tourcruiser.com\/fr\/#organization","name":"STYLORAL PTE. LTD","url":"https:\/\/tourcruiser.com\/fr\/","logo":{"@type":"ImageObject","inLanguage":"fr-FR","@id":"https:\/\/tourcruiser.com\/fr\/#\/schema\/logo\/image\/","url":"https:\/\/www.tourcruiser.com\/wp-content\/uploads\/2025\/12\/logo.png","contentUrl":"https:\/\/www.tourcruiser.com\/wp-content\/uploads\/2025\/12\/logo.png","width":200,"height":65,"caption":"STYLORAL PTE. LTD"},"image":{"@id":"https:\/\/tourcruiser.com\/fr\/#\/schema\/logo\/image\/"}}]}},"_links":{"self":[{"href":"https:\/\/tourcruiser.com\/fr\/wp-json\/wp\/v2\/pages\/3960","targetHints":{"allow":["GET"]}}],"collection":[{"href":"https:\/\/tourcruiser.com\/fr\/wp-json\/wp\/v2\/pages"}],"about":[{"href":"https:\/\/tourcruiser.com\/fr\/wp-json\/wp\/v2\/types\/page"}],"author":[{"embeddable":true,"href":"https:\/\/tourcruiser.com\/fr\/wp-json\/wp\/v2\/users\/1"}],"replies":[{"embeddable":true,"href":"https:\/\/tourcruiser.com\/fr\/wp-json\/wp\/v2\/comments?post=3960"}],"version-history":[{"count":32,"href":"https:\/\/tourcruiser.com\/fr\/wp-json\/wp\/v2\/pages\/3960\/revisions"}],"predecessor-version":[{"id":184671,"href":"https:\/\/tourcruiser.com\/fr\/wp-json\/wp\/v2\/pages\/3960\/revisions\/184671"}],"wp:attachment":[{"href":"https:\/\/tourcruiser.com\/fr\/wp-json\/wp\/v2\/media?parent=3960"}],"curies":[{"name":"wp","href":"https:\/\/api.w.org\/{rel}","templated":true}]}}