{"id":3733,"date":"2025-11-15T09:36:05","date_gmt":"2025-11-15T09:36:05","guid":{"rendered":""},"modified":"2026-03-14T16:08:16","modified_gmt":"2026-03-14T09:08:16","slug":"elm-about-us","status":"publish","type":"page","link":"https:\/\/tourcruiser.com\/fr\/elm-about-us\/","title":{"rendered":"About Us"},"content":{"rendered":"\t\t<div data-elementor-type=\"wp-page\" data-elementor-id=\"3733\" class=\"elementor elementor-3733\">\n\t\t\t\t\t\t<section class=\"elementor-section elementor-top-section elementor-element elementor-element-a8196bb elementor-section-full_width elementor-section-height-default elementor-section-height-default\" data-id=\"a8196bb\" data-element_type=\"section\">\n\t\t\t\t\t\t<div class=\"elementor-container elementor-column-gap-default\">\n\t\t\t\t\t<div class=\"elementor-column elementor-col-50 elementor-top-column elementor-element elementor-element-dcd393f\" data-id=\"dcd393f\" data-element_type=\"column\">\n\t\t\t<div class=\"elementor-widget-wrap elementor-element-populated\">\n\t\t\t\t\t\t<div class=\"elementor-element elementor-element-688c9f7 elementor-widget elementor-widget-text-editor\" data-id=\"688c9f7\" data-element_type=\"widget\" data-widget_type=\"text-editor.default\">\n\t\t\t\t\t\t\t\t\t<h1 data-start=\"163\" data-end=\"182\">Qui sommes-nous ?<\/h1><p>Bienvenue chez TOURCRUISER PTE. LTD, une boutique en ligne sp\u00e9cialis\u00e9e dans les sneakers et chaussures modernes pour femmes et hommes. Notre mission est de proposer des mod\u00e8les tendance, confortables et de qualit\u00e9, inspir\u00e9s par la culture sneaker et les styles urbains actuels.<\/p><p>Nous s\u00e9lectionnons des sneakers qui allient design contemporain, confort au quotidien et polyvalence \u2014 parfaites pour la ville, le sport ou le style streetwear.<\/p><p>Chez TOURCRUISER PTE. LTD, nous pensons que les chaussures sont plus qu\u2019un simple accessoire : elles refl\u00e8tent votre style et votre personnalit\u00e9. C\u2019est pourquoi notre collection comprend des mod\u00e8les embl\u00e9matiques ainsi que des nouveaut\u00e9s inspir\u00e9es des tendances europ\u00e9ennes et internationales.<\/p><p>Nous mettons un point d\u2019honneur \u00e0 offrir une exp\u00e9rience d\u2019achat simple et fiable :<\/p><p>paiement s\u00e9curis\u00e9<\/p><p>service client attentif<\/p><p>livraison fiable en France et dans toute l\u2019Europe<\/p><p>Que vous recherchiez des sneakers intemporelles ou les derni\u00e8res tendances streetwear, TOURCRUISER PTE. LTD est votre destination en ligne pour trouver la paire parfaite.<\/p>\t\t\t\t\t\t\t\t<\/div>\n\t\t\t\t\t<\/div>\n\t\t<\/div>\n\t\t\t\t<div class=\"elementor-column elementor-col-50 elementor-top-column elementor-element elementor-element-9983ed9\" data-id=\"9983ed9\" data-element_type=\"column\">\n\t\t\t<div class=\"elementor-widget-wrap elementor-element-populated\">\n\t\t\t\t\t\t<div class=\"elementor-element elementor-element-09cb604 elementor-widget elementor-widget-image\" data-id=\"09cb604\" data-element_type=\"widget\" data-widget_type=\"image.default\">\n\t\t\t\t\t\t\t\t\t\t\t\t\t\t\t<img fetchpriority=\"high\" decoding=\"async\" width=\"1000\" height=\"1000\" src=\"https:\/\/tourcruiser.com\/wp-content\/uploads\/2026\/01\/shoes3.jpg\" class=\"attachment-full size-full wp-image-4911\" alt=\"\" srcset=\"https:\/\/tourcruiser.com\/fr\/wp-content\/uploads\/2026\/01\/shoes3.jpg 1000w, https:\/\/tourcruiser.com\/fr\/wp-content\/uploads\/2026\/01\/shoes3-100x100.jpg 100w, https:\/\/tourcruiser.com\/fr\/wp-content\/uploads\/2026\/01\/shoes3-300x300.jpg 300w, https:\/\/tourcruiser.com\/fr\/wp-content\/uploads\/2026\/01\/shoes3-595x595.jpg 595w, https:\/\/tourcruiser.com\/fr\/wp-content\/uploads\/2026\/01\/shoes3-150x150.jpg 150w, https:\/\/tourcruiser.com\/fr\/wp-content\/uploads\/2026\/01\/shoes3-768x768.jpg 768w, https:\/\/tourcruiser.com\/fr\/wp-content\/uploads\/2026\/01\/shoes3-380x380.jpg 380w, https:\/\/tourcruiser.com\/fr\/wp-content\/uploads\/2026\/01\/shoes3-450x450.jpg 450w, https:\/\/tourcruiser.com\/fr\/wp-content\/uploads\/2026\/01\/shoes3-350x350.jpg 350w\" sizes=\"(max-width: 1000px) 100vw, 1000px\" \/>\t\t\t\t\t\t\t\t\t\t\t\t\t\t\t<\/div>\n\t\t\t\t\t<\/div>\n\t\t<\/div>\n\t\t\t\t\t<\/div>\n\t\t<\/section>\n\t\t\t\t<section class=\"elementor-section elementor-top-section elementor-element elementor-element-c60f77f elementor-section-full_width elementor-section-height-default elementor-section-height-default\" data-id=\"c60f77f\" data-element_type=\"section\">\n\t\t\t\t\t\t<div class=\"elementor-container elementor-column-gap-default\">\n\t\t\t\t\t<div class=\"elementor-column elementor-col-50 elementor-top-column elementor-element elementor-element-fa850f3\" data-id=\"fa850f3\" data-element_type=\"column\">\n\t\t\t<div class=\"elementor-widget-wrap elementor-element-populated\">\n\t\t\t\t\t\t<div class=\"elementor-element elementor-element-27ec4ec elementor-widget elementor-widget-image\" data-id=\"27ec4ec\" data-element_type=\"widget\" data-widget_type=\"image.default\">\n\t\t\t\t\t\t\t\t\t\t\t\t\t\t\t<img decoding=\"async\" width=\"1000\" height=\"1000\" src=\"https:\/\/tourcruiser.com\/wp-content\/uploads\/2026\/01\/shoes1.jpg\" class=\"attachment-full size-full wp-image-4910\" alt=\"\" srcset=\"https:\/\/tourcruiser.com\/fr\/wp-content\/uploads\/2026\/01\/shoes1.jpg 1000w, https:\/\/tourcruiser.com\/fr\/wp-content\/uploads\/2026\/01\/shoes1-100x100.jpg 100w, https:\/\/tourcruiser.com\/fr\/wp-content\/uploads\/2026\/01\/shoes1-300x300.jpg 300w, https:\/\/tourcruiser.com\/fr\/wp-content\/uploads\/2026\/01\/shoes1-595x595.jpg 595w, https:\/\/tourcruiser.com\/fr\/wp-content\/uploads\/2026\/01\/shoes1-150x150.jpg 150w, https:\/\/tourcruiser.com\/fr\/wp-content\/uploads\/2026\/01\/shoes1-768x768.jpg 768w, https:\/\/tourcruiser.com\/fr\/wp-content\/uploads\/2026\/01\/shoes1-380x380.jpg 380w, https:\/\/tourcruiser.com\/fr\/wp-content\/uploads\/2026\/01\/shoes1-450x450.jpg 450w, https:\/\/tourcruiser.com\/fr\/wp-content\/uploads\/2026\/01\/shoes1-350x350.jpg 350w\" sizes=\"(max-width: 1000px) 100vw, 1000px\" \/>\t\t\t\t\t\t\t\t\t\t\t\t\t\t\t<\/div>\n\t\t\t\t\t<\/div>\n\t\t<\/div>\n\t\t\t\t<div class=\"elementor-column elementor-col-50 elementor-top-column elementor-element elementor-element-d8c0f15\" data-id=\"d8c0f15\" data-element_type=\"column\">\n\t\t\t<div class=\"elementor-widget-wrap elementor-element-populated\">\n\t\t\t\t\t\t<div class=\"elementor-element elementor-element-bd65eb4 elementor-widget elementor-widget-text-editor\" data-id=\"bd65eb4\" data-element_type=\"widget\" data-widget_type=\"text-editor.default\">\n\t\t\t\t\t\t\t\t\t<h1 data-start=\"148\" data-end=\"163\">Notre mission<\/h1><p data-start=\"110\" data-end=\"369\">Notre mission est de proposer des sneakers de haute qualit\u00e9, confortables et accessibles \u00e0 des prix justes. Nous souhaitons permettre \u00e0 nos clients de trouver facilement des chaussures \u00e9l\u00e9gantes en ligne, sans compromis sur le style, la qualit\u00e9 ou le confort.<\/p><p data-start=\"371\" data-end=\"659\">Chaque mod\u00e8le est soigneusement s\u00e9lectionn\u00e9 pour r\u00e9pondre aux attentes modernes en mati\u00e8re de design, de durabilit\u00e9 et de confort au quotidien. Nous croyons que la bonne paire de sneakers peut faire toute la diff\u00e9rence \u2014 que ce soit pour la ville, le sport ou un style streetwear affirm\u00e9.<\/p><p data-start=\"661\" data-end=\"816\">Notre objectif est simple : vous offrir des sneakers qui vous permettent de vous sentir \u00e0 l\u2019aise, confiant(e) et pr\u00eat(e) \u00e0 avancer avec style \u00e0 chaque pas.<\/p>\t\t\t\t\t\t\t\t<\/div>\n\t\t\t\t\t<\/div>\n\t\t<\/div>\n\t\t\t\t\t<\/div>\n\t\t<\/section>\n\t\t\t\t<section class=\"elementor-section elementor-top-section elementor-element elementor-element-57a4616 elementor-section-full_width elementor-section-height-default elementor-section-height-default\" data-id=\"57a4616\" data-element_type=\"section\">\n\t\t\t\t\t\t<div class=\"elementor-container elementor-column-gap-default\">\n\t\t\t\t\t<div class=\"elementor-column elementor-col-50 elementor-top-column elementor-element elementor-element-fbc3e9a\" data-id=\"fbc3e9a\" data-element_type=\"column\">\n\t\t\t<div class=\"elementor-widget-wrap elementor-element-populated\">\n\t\t\t\t\t\t<div class=\"elementor-element elementor-element-f10ff6b elementor-widget elementor-widget-text-editor\" data-id=\"f10ff6b\" data-element_type=\"widget\" data-widget_type=\"text-editor.default\">\n\t\t\t\t\t\t\t\t\t<h1 data-start=\"160\" data-end=\"173\">Nos valeurs<\/h1><h3 data-start=\"175\" data-end=\"198\">Qualit\u00e9 &amp; confort<\/h3><p data-start=\"199\" data-end=\"327\">Nos chaussures associent des mat\u00e9riaux r\u00e9sistants \u00e0 un design ergonomique \u2014 id\u00e9ales pour le quotidien, le bureau ou les loisirs.<\/p><h3 data-start=\"329\" data-end=\"353\">Orientation client<\/h3><p data-start=\"354\" data-end=\"485\">Traitement rapide des commandes, d\u00e9lais de livraison clairement communiqu\u00e9s et service client fiable pour nos clients en Allemagne.<\/p><h3 data-start=\"487\" data-end=\"516\">Transparence &amp; s\u00e9curit\u00e9<\/h3><p data-start=\"517\" data-end=\"635\">Achats en ligne s\u00e9curis\u00e9s, conditions de retour et d\u2019exp\u00e9dition transparentes ainsi que des prix justes et \u00e9quitables.<\/p><h3 data-start=\"637\" data-end=\"661\">Sens des tendances<\/h3><p data-start=\"662\" data-end=\"793\">Nous suivons de pr\u00e8s les tendances actuelles des sneakers en Allemagne afin de proposer des mod\u00e8les modernes pour femmes et hommes.<\/p>\t\t\t\t\t\t\t\t<\/div>\n\t\t\t\t\t<\/div>\n\t\t<\/div>\n\t\t\t\t<div class=\"elementor-column elementor-col-50 elementor-top-column elementor-element elementor-element-182bae2\" data-id=\"182bae2\" data-element_type=\"column\">\n\t\t\t<div class=\"elementor-widget-wrap elementor-element-populated\">\n\t\t\t\t\t\t<div class=\"elementor-element elementor-element-62fac71 elementor-widget elementor-widget-image\" data-id=\"62fac71\" data-element_type=\"widget\" data-widget_type=\"image.default\">\n\t\t\t\t\t\t\t\t\t\t\t\t\t\t\t<img decoding=\"async\" width=\"640\" height=\"640\" src=\"https:\/\/tourcruiser.com\/wp-content\/uploads\/2026\/01\/img9.jpg\" class=\"attachment-full size-full wp-image-4912\" alt=\"\" srcset=\"https:\/\/tourcruiser.com\/fr\/wp-content\/uploads\/2026\/01\/img9.jpg 640w, https:\/\/tourcruiser.com\/fr\/wp-content\/uploads\/2026\/01\/img9-100x100.jpg 100w, https:\/\/tourcruiser.com\/fr\/wp-content\/uploads\/2026\/01\/img9-300x300.jpg 300w, https:\/\/tourcruiser.com\/fr\/wp-content\/uploads\/2026\/01\/img9-595x595.jpg 595w, https:\/\/tourcruiser.com\/fr\/wp-content\/uploads\/2026\/01\/img9-150x150.jpg 150w, https:\/\/tourcruiser.com\/fr\/wp-content\/uploads\/2026\/01\/img9-380x380.jpg 380w, https:\/\/tourcruiser.com\/fr\/wp-content\/uploads\/2026\/01\/img9-450x450.jpg 450w, https:\/\/tourcruiser.com\/fr\/wp-content\/uploads\/2026\/01\/img9-350x350.jpg 350w\" sizes=\"(max-width: 640px) 100vw, 640px\" \/>\t\t\t\t\t\t\t\t\t\t\t\t\t\t\t<\/div>\n\t\t\t\t\t<\/div>\n\t\t<\/div>\n\t\t\t\t\t<\/div>\n\t\t<\/section>\n\t\t\t\t<section class=\"elementor-section elementor-top-section elementor-element elementor-element-316c35a elementor-section-full_width elementor-section-height-default elementor-section-height-default\" data-id=\"316c35a\" data-element_type=\"section\">\n\t\t\t\t\t\t<div class=\"elementor-container elementor-column-gap-default\">\n\t\t\t\t\t<div class=\"elementor-column elementor-col-50 elementor-top-column elementor-element elementor-element-41a9f49\" data-id=\"41a9f49\" data-element_type=\"column\">\n\t\t\t<div class=\"elementor-widget-wrap elementor-element-populated\">\n\t\t\t\t\t\t<div class=\"elementor-element elementor-element-1799d4c elementor-widget elementor-widget-image\" data-id=\"1799d4c\" data-element_type=\"widget\" data-widget_type=\"image.default\">\n\t\t\t\t\t\t\t\t\t\t\t\t\t\t\t<img loading=\"lazy\" decoding=\"async\" width=\"800\" height=\"800\" src=\"https:\/\/tourcruiser.com\/wp-content\/uploads\/2026\/01\/shoes4.jpg\" class=\"attachment-full size-full wp-image-4913\" alt=\"\" srcset=\"https:\/\/tourcruiser.com\/fr\/wp-content\/uploads\/2026\/01\/shoes4.jpg 800w, https:\/\/tourcruiser.com\/fr\/wp-content\/uploads\/2026\/01\/shoes4-100x100.jpg 100w, https:\/\/tourcruiser.com\/fr\/wp-content\/uploads\/2026\/01\/shoes4-300x300.jpg 300w, https:\/\/tourcruiser.com\/fr\/wp-content\/uploads\/2026\/01\/shoes4-595x595.jpg 595w, https:\/\/tourcruiser.com\/fr\/wp-content\/uploads\/2026\/01\/shoes4-150x150.jpg 150w, https:\/\/tourcruiser.com\/fr\/wp-content\/uploads\/2026\/01\/shoes4-768x768.jpg 768w, https:\/\/tourcruiser.com\/fr\/wp-content\/uploads\/2026\/01\/shoes4-380x380.jpg 380w, https:\/\/tourcruiser.com\/fr\/wp-content\/uploads\/2026\/01\/shoes4-450x450.jpg 450w, https:\/\/tourcruiser.com\/fr\/wp-content\/uploads\/2026\/01\/shoes4-350x350.jpg 350w\" sizes=\"(max-width: 800px) 100vw, 800px\" \/>\t\t\t\t\t\t\t\t\t\t\t\t\t\t\t<\/div>\n\t\t\t\t\t<\/div>\n\t\t<\/div>\n\t\t\t\t<div class=\"elementor-column elementor-col-50 elementor-top-column elementor-element elementor-element-600e546\" data-id=\"600e546\" data-element_type=\"column\">\n\t\t\t<div class=\"elementor-widget-wrap elementor-element-populated\">\n\t\t\t\t\t\t<div class=\"elementor-element elementor-element-fc299f1 elementor-widget elementor-widget-text-editor\" data-id=\"fc299f1\" data-element_type=\"widget\" data-widget_type=\"text-editor.default\">\n\t\t\t\t\t\t\t\t\t<h1 data-start=\"153\" data-end=\"190\">Pourquoi choisir TOURCRUISER PTE. LTD ?<\/h1><p data-start=\"192\" data-end=\"501\">\u2714 Achetez vos sneakers en ligne \u2014 simplement et en toute s\u00e9curit\u00e9<br data-start=\"257\" data-end=\"260\" \/>\u2714 Sneakers tendance pour femmes et hommes<br data-start=\"301\" data-end=\"304\" \/>\u2714 Chaussures confortables pour le quotidien et les loisirs<br data-start=\"362\" data-end=\"365\" \/>\u2714 Des prix attractifs pour une qualit\u00e9 sup\u00e9rieure<br data-start=\"414\" data-end=\"417\" \/>\u2714 Livraison fiable vers l\u2019Allemagne<br data-start=\"452\" data-end=\"455\" \/>\u2714 Service client professionnel et \u00e0 l\u2019\u00e9coute<\/p><p data-start=\"503\" data-end=\"639\">TOURCRUISER PTE. LTD est votre boutique en ligne de confiance si vous souhaitez acheter des sneakers \u00e9l\u00e9gantes et confortables en Allemagne.<\/p>\t\t\t\t\t\t\t\t<\/div>\n\t\t\t\t\t<\/div>\n\t\t<\/div>\n\t\t\t\t\t<\/div>\n\t\t<\/section>\n\t\t\t\t<\/div>\n\t\t","protected":false},"excerpt":{"rendered":"<p>Qui sommes-nous ? Bienvenue chez , une boutique en ligne sp\u00e9cialis\u00e9e dans les sneakers et chaussures modernes pour femmes et hommes. Notre mission est de proposer des mod\u00e8les tendance, confortables et de qualit\u00e9, inspir\u00e9s par la culture sneaker et les styles urbains actuels. Nous s\u00e9lectionnons des sneakers qui allient design contemporain, confort au quotidien et [&hellip;]<\/p>\n","protected":false},"author":1,"featured_media":0,"parent":0,"menu_order":0,"comment_status":"closed","ping_status":"closed","template":"","meta":{"footnotes":""},"class_list":["post-3733","page","type-page","status-publish","hentry"],"yoast_head":"<!-- This site is optimized with the Yoast SEO plugin v26.5 - https:\/\/yoast.com\/wordpress\/plugins\/seo\/ -->\n<title>About Us - TOURCRUISER PTE. LTD<\/title>\n<meta name=\"robots\" content=\"index, follow, max-snippet:-1, max-image-preview:large, max-video-preview:-1\" \/>\n<link rel=\"canonical\" href=\"https:\/\/tourcruiser.com\/fr\/elm-about-us\/\" \/>\n<meta property=\"og:locale\" content=\"fr_FR\" \/>\n<meta property=\"og:type\" content=\"article\" \/>\n<meta property=\"og:title\" content=\"About Us - TOURCRUISER PTE. LTD\" \/>\n<meta property=\"og:description\" content=\"Qui sommes-nous ? Bienvenue chez , une boutique en ligne sp\u00e9cialis\u00e9e dans les sneakers et chaussures modernes pour femmes et hommes. Notre mission est de proposer des mod\u00e8les tendance, confortables et de qualit\u00e9, inspir\u00e9s par la culture sneaker et les styles urbains actuels. Nous s\u00e9lectionnons des sneakers qui allient design contemporain, confort au quotidien et [&hellip;]\" \/>\n<meta property=\"og:url\" content=\"https:\/\/tourcruiser.com\/fr\/elm-about-us\/\" \/>\n<meta property=\"og:site_name\" content=\"Tourcruiser Sneaker Store\" \/>\n<meta property=\"article:modified_time\" content=\"2026-03-14T09:08:16+00:00\" \/>\n<meta property=\"og:image\" content=\"https:\/\/tourcruiser.com\/wp-content\/uploads\/2026\/01\/shoes3.jpg\" \/>\n<meta name=\"twitter:card\" content=\"summary_large_image\" \/>\n<meta name=\"twitter:label1\" content=\"Dur\u00e9e de lecture estim\u00e9e\" \/>\n\t<meta name=\"twitter:data1\" content=\"4 minutes\" \/>\n<script type=\"application\/ld+json\" class=\"yoast-schema-graph\">{\"@context\":\"https:\/\/schema.org\",\"@graph\":[{\"@type\":\"WebPage\",\"@id\":\"https:\/\/tourcruiser.com\/fr\/elm-about-us\/\",\"url\":\"https:\/\/tourcruiser.com\/fr\/elm-about-us\/\",\"name\":\"About Us - TOURCRUISER PTE. LTD\",\"isPartOf\":{\"@id\":\"https:\/\/tourcruiser.com\/fr\/#website\"},\"primaryImageOfPage\":{\"@id\":\"https:\/\/tourcruiser.com\/fr\/elm-about-us\/#primaryimage\"},\"image\":{\"@id\":\"https:\/\/tourcruiser.com\/fr\/elm-about-us\/#primaryimage\"},\"thumbnailUrl\":\"https:\/\/tourcruiser.com\/wp-content\/uploads\/2026\/01\/shoes3.jpg\",\"datePublished\":\"2025-11-15T09:36:05+00:00\",\"dateModified\":\"2026-03-14T09:08:16+00:00\",\"breadcrumb\":{\"@id\":\"https:\/\/tourcruiser.com\/fr\/elm-about-us\/#breadcrumb\"},\"inLanguage\":\"fr-FR\",\"potentialAction\":[{\"@type\":\"ReadAction\",\"target\":[\"https:\/\/tourcruiser.com\/fr\/elm-about-us\/\"]}]},{\"@type\":\"ImageObject\",\"inLanguage\":\"fr-FR\",\"@id\":\"https:\/\/tourcruiser.com\/fr\/elm-about-us\/#primaryimage\",\"url\":\"https:\/\/tourcruiser.com\/wp-content\/uploads\/2026\/01\/shoes3.jpg\",\"contentUrl\":\"https:\/\/tourcruiser.com\/wp-content\/uploads\/2026\/01\/shoes3.jpg\"},{\"@type\":\"BreadcrumbList\",\"@id\":\"https:\/\/tourcruiser.com\/fr\/elm-about-us\/#breadcrumb\",\"itemListElement\":[{\"@type\":\"ListItem\",\"position\":1,\"name\":\"Home\",\"item\":\"https:\/\/tourcruiser.com\/fr\/\"},{\"@type\":\"ListItem\",\"position\":2,\"name\":\"About Us\"}]},{\"@type\":\"WebSite\",\"@id\":\"https:\/\/tourcruiser.com\/fr\/#website\",\"url\":\"https:\/\/tourcruiser.com\/fr\/\",\"name\":\"Styloral Jewelry Shop\",\"description\":\"Tourcruiser Sneaker Store \u2014 L\u2019endroit o\u00f9 l\u2019univers rencontre votre singularit\u00e9.\",\"publisher\":{\"@id\":\"https:\/\/tourcruiser.com\/fr\/#organization\"},\"potentialAction\":[{\"@type\":\"SearchAction\",\"target\":{\"@type\":\"EntryPoint\",\"urlTemplate\":\"https:\/\/tourcruiser.com\/fr\/?s={search_term_string}\"},\"query-input\":{\"@type\":\"PropertyValueSpecification\",\"valueRequired\":true,\"valueName\":\"search_term_string\"}}],\"inLanguage\":\"fr-FR\"},{\"@type\":\"Organization\",\"@id\":\"https:\/\/tourcruiser.com\/fr\/#organization\",\"name\":\"STYLORAL PTE. LTD\",\"url\":\"https:\/\/tourcruiser.com\/fr\/\",\"logo\":{\"@type\":\"ImageObject\",\"inLanguage\":\"fr-FR\",\"@id\":\"https:\/\/tourcruiser.com\/fr\/#\/schema\/logo\/image\/\",\"url\":\"https:\/\/www.tourcruiser.com\/wp-content\/uploads\/2025\/12\/logo.png\",\"contentUrl\":\"https:\/\/www.tourcruiser.com\/wp-content\/uploads\/2025\/12\/logo.png\",\"width\":200,\"height\":65,\"caption\":\"STYLORAL PTE. LTD\"},\"image\":{\"@id\":\"https:\/\/tourcruiser.com\/fr\/#\/schema\/logo\/image\/\"}}]}<\/script>\n<!-- \/ Yoast SEO plugin. -->","yoast_head_json":{"title":"About Us - TOURCRUISER PTE. LTD","robots":{"index":"index","follow":"follow","max-snippet":"max-snippet:-1","max-image-preview":"max-image-preview:large","max-video-preview":"max-video-preview:-1"},"canonical":"https:\/\/tourcruiser.com\/fr\/elm-about-us\/","og_locale":"fr_FR","og_type":"article","og_title":"About Us - TOURCRUISER PTE. LTD","og_description":"Qui sommes-nous ? Bienvenue chez , une boutique en ligne sp\u00e9cialis\u00e9e dans les sneakers et chaussures modernes pour femmes et hommes. Notre mission est de proposer des mod\u00e8les tendance, confortables et de qualit\u00e9, inspir\u00e9s par la culture sneaker et les styles urbains actuels. Nous s\u00e9lectionnons des sneakers qui allient design contemporain, confort au quotidien et [&hellip;]","og_url":"https:\/\/tourcruiser.com\/fr\/elm-about-us\/","og_site_name":"Tourcruiser Sneaker Store","article_modified_time":"2026-03-14T09:08:16+00:00","og_image":[{"url":"https:\/\/tourcruiser.com\/wp-content\/uploads\/2026\/01\/shoes3.jpg","type":"","width":"","height":""}],"twitter_card":"summary_large_image","twitter_misc":{"Dur\u00e9e de lecture estim\u00e9e":"4 minutes"},"schema":{"@context":"https:\/\/schema.org","@graph":[{"@type":"WebPage","@id":"https:\/\/tourcruiser.com\/fr\/elm-about-us\/","url":"https:\/\/tourcruiser.com\/fr\/elm-about-us\/","name":"About Us - TOURCRUISER PTE. LTD","isPartOf":{"@id":"https:\/\/tourcruiser.com\/fr\/#website"},"primaryImageOfPage":{"@id":"https:\/\/tourcruiser.com\/fr\/elm-about-us\/#primaryimage"},"image":{"@id":"https:\/\/tourcruiser.com\/fr\/elm-about-us\/#primaryimage"},"thumbnailUrl":"https:\/\/tourcruiser.com\/wp-content\/uploads\/2026\/01\/shoes3.jpg","datePublished":"2025-11-15T09:36:05+00:00","dateModified":"2026-03-14T09:08:16+00:00","breadcrumb":{"@id":"https:\/\/tourcruiser.com\/fr\/elm-about-us\/#breadcrumb"},"inLanguage":"fr-FR","potentialAction":[{"@type":"ReadAction","target":["https:\/\/tourcruiser.com\/fr\/elm-about-us\/"]}]},{"@type":"ImageObject","inLanguage":"fr-FR","@id":"https:\/\/tourcruiser.com\/fr\/elm-about-us\/#primaryimage","url":"https:\/\/tourcruiser.com\/wp-content\/uploads\/2026\/01\/shoes3.jpg","contentUrl":"https:\/\/tourcruiser.com\/wp-content\/uploads\/2026\/01\/shoes3.jpg"},{"@type":"BreadcrumbList","@id":"https:\/\/tourcruiser.com\/fr\/elm-about-us\/#breadcrumb","itemListElement":[{"@type":"ListItem","position":1,"name":"Home","item":"https:\/\/tourcruiser.com\/fr\/"},{"@type":"ListItem","position":2,"name":"About Us"}]},{"@type":"WebSite","@id":"https:\/\/tourcruiser.com\/fr\/#website","url":"https:\/\/tourcruiser.com\/fr\/","name":"Styloral Jewelry Shop","description":"Tourcruiser Sneaker Store \u2014 L\u2019endroit o\u00f9 l\u2019univers rencontre votre singularit\u00e9.","publisher":{"@id":"https:\/\/tourcruiser.com\/fr\/#organization"},"potentialAction":[{"@type":"SearchAction","target":{"@type":"EntryPoint","urlTemplate":"https:\/\/tourcruiser.com\/fr\/?s={search_term_string}"},"query-input":{"@type":"PropertyValueSpecification","valueRequired":true,"valueName":"search_term_string"}}],"inLanguage":"fr-FR"},{"@type":"Organization","@id":"https:\/\/tourcruiser.com\/fr\/#organization","name":"STYLORAL PTE. LTD","url":"https:\/\/tourcruiser.com\/fr\/","logo":{"@type":"ImageObject","inLanguage":"fr-FR","@id":"https:\/\/tourcruiser.com\/fr\/#\/schema\/logo\/image\/","url":"https:\/\/www.tourcruiser.com\/wp-content\/uploads\/2025\/12\/logo.png","contentUrl":"https:\/\/www.tourcruiser.com\/wp-content\/uploads\/2025\/12\/logo.png","width":200,"height":65,"caption":"STYLORAL PTE. LTD"},"image":{"@id":"https:\/\/tourcruiser.com\/fr\/#\/schema\/logo\/image\/"}}]}},"_links":{"self":[{"href":"https:\/\/tourcruiser.com\/fr\/wp-json\/wp\/v2\/pages\/3733","targetHints":{"allow":["GET"]}}],"collection":[{"href":"https:\/\/tourcruiser.com\/fr\/wp-json\/wp\/v2\/pages"}],"about":[{"href":"https:\/\/tourcruiser.com\/fr\/wp-json\/wp\/v2\/types\/page"}],"author":[{"embeddable":true,"href":"https:\/\/tourcruiser.com\/fr\/wp-json\/wp\/v2\/users\/1"}],"replies":[{"embeddable":true,"href":"https:\/\/tourcruiser.com\/fr\/wp-json\/wp\/v2\/comments?post=3733"}],"version-history":[{"count":30,"href":"https:\/\/tourcruiser.com\/fr\/wp-json\/wp\/v2\/pages\/3733\/revisions"}],"predecessor-version":[{"id":621741,"href":"https:\/\/tourcruiser.com\/fr\/wp-json\/wp\/v2\/pages\/3733\/revisions\/621741"}],"wp:attachment":[{"href":"https:\/\/tourcruiser.com\/fr\/wp-json\/wp\/v2\/media?parent=3733"}],"curies":[{"name":"wp","href":"https:\/\/api.w.org\/{rel}","templated":true}]}}