{"id":12,"date":"2025-11-16T10:46:08","date_gmt":"2025-11-16T10:46:08","guid":{"rendered":"https:\/\/tourcruiser.com\/?page_id=12"},"modified":"2026-03-03T19:49:59","modified_gmt":"2026-03-03T12:49:59","slug":"refund_returns","status":"publish","type":"page","link":"https:\/\/tourcruiser.com\/fr\/refund_returns\/","title":{"rendered":"Refund &amp; Returns Policy"},"content":{"rendered":"\t\t<div data-elementor-type=\"wp-page\" data-elementor-id=\"12\" class=\"elementor elementor-12\">\n\t\t\t\t\t\t<section class=\"elementor-section elementor-top-section elementor-element elementor-element-74b8fb93 elementor-section-boxed elementor-section-height-default elementor-section-height-default\" data-id=\"74b8fb93\" data-element_type=\"section\">\n\t\t\t\t\t\t<div class=\"elementor-container elementor-column-gap-default\">\n\t\t\t\t\t<div class=\"elementor-column elementor-col-100 elementor-top-column elementor-element elementor-element-ba89042\" data-id=\"ba89042\" data-element_type=\"column\">\n\t\t\t<div class=\"elementor-widget-wrap elementor-element-populated\">\n\t\t\t\t\t\t<div class=\"elementor-element elementor-element-5e653a4f elementor-widget elementor-widget-text-editor\" data-id=\"5e653a4f\" data-element_type=\"widget\" data-widget_type=\"text-editor.default\">\n\t\t\t\t\t\t\t\t\t<h2 data-start=\"107\" data-end=\"147\">Politique de remboursement &amp; de retour<\/h2><p data-start=\"149\" data-end=\"192\"><strong data-start=\"149\" data-end=\"192\">Derni\u00e8re mise \u00e0 jour : 11 novembre 2025<\/strong><\/p><p data-start=\"194\" data-end=\"394\">Merci pour votre achat chez <strong data-start=\"222\" data-end=\"242\">TOURCRUISER PTE. LTD<\/strong>.<br data-start=\"243\" data-end=\"246\" \/>Nous souhaitons que vous soyez enti\u00e8rement satisfait(e) de votre achat.<br data-start=\"317\" data-end=\"320\" \/>Veuillez lire attentivement notre politique de remboursement et de retour.<\/p><hr data-start=\"396\" data-end=\"399\" \/><h2 data-start=\"401\" data-end=\"441\">1. Conditions d\u2019\u00e9ligibilit\u00e9 au retour<\/h2><p data-start=\"443\" data-end=\"475\">Pour \u00eatre \u00e9ligible \u00e0 un retour :<\/p><ul><li data-start=\"479\" data-end=\"550\">Les articles doivent \u00eatre non utilis\u00e9s, non port\u00e9s et non endommag\u00e9s.<\/li><li data-start=\"553\" data-end=\"611\">Les articles doivent \u00eatre dans leur emballage d\u2019origine.<\/li><li data-start=\"614\" data-end=\"690\">Le retour doit \u00eatre effectu\u00e9 dans un d\u00e9lai de 15 jours apr\u00e8s la livraison.<\/li><\/ul><hr data-start=\"692\" data-end=\"695\" \/><h2 data-start=\"697\" data-end=\"728\">2. Articles non retournables<\/h2><p data-start=\"730\" data-end=\"769\">Les retours ne sont pas accept\u00e9s pour :<\/p><ul><li data-start=\"773\" data-end=\"825\">Les articles personnalis\u00e9s ou fabriqu\u00e9s sur mesure<\/li><li data-start=\"828\" data-end=\"871\">Les articles en vente finale (Final Sale)<\/li><li data-start=\"874\" data-end=\"894\">Les cartes-cadeaux<\/li><\/ul><hr data-start=\"896\" data-end=\"899\" \/><h2 data-start=\"901\" data-end=\"926\">3. Proc\u00e9dure de retour<\/h2><p data-start=\"928\" data-end=\"952\">Pour initier un retour :<\/p><ol><li data-start=\"957\" data-end=\"1030\">Envoyez un e-mail \u00e0 <strong data-start=\"977\" data-end=\"997\">support@tourcruiser.com<\/strong> avec votre num\u00e9ro de commande.<\/li><li data-start=\"1034\" data-end=\"1106\">Attendez l\u2019approbation du retour ainsi que les instructions de renvoi.<\/li><li data-start=\"1110\" data-end=\"1166\">Renvoyez l\u2019article \u00e0 l\u2019adresse indiqu\u00e9e par nos soins.<\/li><\/ol><p data-start=\"1168\" data-end=\"1183\"><strong data-start=\"1168\" data-end=\"1183\">Important :<\/strong><\/p><ul><li data-start=\"1187\" data-end=\"1252\">Les retours sans autorisation pr\u00e9alable ne seront pas accept\u00e9s.<\/li><li data-start=\"1255\" data-end=\"1351\">Les frais de retour sont \u00e0 la charge du client, sauf si l\u2019article est d\u00e9fectueux ou endommag\u00e9.<\/li><\/ul><hr data-start=\"1353\" data-end=\"1356\" \/><h2 data-start=\"1358\" data-end=\"1397\">4. Articles endommag\u00e9s ou d\u00e9fectueux<\/h2><p data-start=\"1399\" data-end=\"1448\">Si votre article arrive endommag\u00e9 ou d\u00e9fectueux :<\/p><ul><li data-start=\"1452\" data-end=\"1503\">Prenez des photos de l\u2019article et de l\u2019emballage.<\/li><li data-start=\"1506\" data-end=\"1563\">Contactez-nous dans les 48 heures suivant la livraison.<\/li><\/ul><p data-start=\"1565\" data-end=\"1714\">Nous vous enverrons un article de remplacement ou proc\u00e9derons au remboursement.<br data-start=\"1644\" data-end=\"1647\" \/>Aucun frais ne sera factur\u00e9 pour le retour d\u2019un article d\u00e9fectueux.<\/p><hr data-start=\"1716\" data-end=\"1719\" \/><h2 data-start=\"1721\" data-end=\"1741\">5. Remboursements<\/h2><p data-start=\"1743\" data-end=\"1783\">Une fois votre retour re\u00e7u et inspect\u00e9 :<\/p><ul><li data-start=\"1787\" data-end=\"1868\">Nous vous informerons par e-mail de l\u2019approbation ou du refus du remboursement.<\/li><li data-start=\"1871\" data-end=\"1997\">En cas d\u2019approbation, le remboursement sera effectu\u00e9 dans un d\u00e9lai de 3 \u00e0 7 jours ouvrables via le mode de paiement initial.<\/li><\/ul><p data-start=\"1999\" data-end=\"2084\">Les frais d\u2019exp\u00e9dition ne sont pas remboursables, sauf en cas d\u2019erreur de notre part.<\/p><hr data-start=\"2086\" data-end=\"2089\" \/><h2 data-start=\"2091\" data-end=\"2105\">6. \u00c9changes<\/h2><p data-start=\"2107\" data-end=\"2172\">Nous rempla\u00e7ons uniquement les articles d\u00e9fectueux ou endommag\u00e9s.<\/p><hr data-start=\"2174\" data-end=\"2177\" \/><h2 data-start=\"2179\" data-end=\"2221\">7. Remboursements retard\u00e9s ou manquants<\/h2><p data-start=\"2223\" data-end=\"2275\">Si vous n\u2019avez pas encore re\u00e7u votre remboursement :<\/p><ul><li data-start=\"2279\" data-end=\"2349\">V\u00e9rifiez votre compte bancaire ou contactez votre \u00e9metteur de carte.<\/li><li data-start=\"2352\" data-end=\"2394\">Contactez votre prestataire de paiement.<\/li><li data-start=\"2397\" data-end=\"2469\">Si le probl\u00e8me persiste, envoyez-nous un e-mail \u00e0 <strong data-start=\"2447\" data-end=\"2467\">support@tourcruiser.com<\/strong><\/li><\/ul><hr data-start=\"2471\" data-end=\"2474\" \/><h2 data-start=\"2476\" data-end=\"2504\">8. Annulation de commande<\/h2><p data-start=\"2506\" data-end=\"2636\">Vous pouvez annuler votre commande dans les 2 heures suivant l\u2019achat.<br data-start=\"2575\" data-end=\"2578\" \/>Les commandes d\u00e9j\u00e0 exp\u00e9di\u00e9es ne peuvent pas \u00eatre annul\u00e9es.<\/p><hr data-start=\"2638\" data-end=\"2641\" \/><h2 data-start=\"2643\" data-end=\"2656\">9. Contact<\/h2><p data-start=\"2658\" data-end=\"2720\">Pour toute question concernant les retours ou remboursements :<\/p><p data-start=\"2722\" data-end=\"2796\">E-mail : <strong data-start=\"2731\" data-end=\"2751\">support@tourcruiser.com<\/strong><br data-start=\"2751\" data-end=\"2754\" \/>Adresse du bureau : <strong data-start=\"2774\" data-end=\"2796\">Zone commerciale, Rue Alain Mimoun, 06200 Nice, France<\/strong><\/p>\t\t\t\t\t\t\t\t<\/div>\n\t\t\t\t\t<\/div>\n\t\t<\/div>\n\t\t\t\t\t<\/div>\n\t\t<\/section>\n\t\t\t\t<\/div>\n\t\t","protected":false},"excerpt":{"rendered":"<p>Politique de remboursement &amp; de retour Derni\u00e8re mise \u00e0 jour : 11 novembre 2025 Merci pour votre achat chez .Nous souhaitons que vous soyez enti\u00e8rement satisfait(e) de votre achat.Veuillez lire attentivement notre politique de remboursement et de retour. 1. Conditions d\u2019\u00e9ligibilit\u00e9 au retour Pour \u00eatre \u00e9ligible \u00e0 un retour : Les articles doivent \u00eatre non [&hellip;]<\/p>\n","protected":false},"author":1,"featured_media":0,"parent":0,"menu_order":0,"comment_status":"closed","ping_status":"closed","template":"","meta":{"footnotes":""},"class_list":["post-12","page","type-page","status-publish","hentry"],"yoast_head":"<!-- This site is optimized with the Yoast SEO plugin v26.5 - https:\/\/yoast.com\/wordpress\/plugins\/seo\/ -->\n<title>Refund &amp; Returns Policy - TOURCRUISER PTE. LTD<\/title>\n<meta name=\"robots\" content=\"index, follow, max-snippet:-1, max-image-preview:large, max-video-preview:-1\" \/>\n<link rel=\"canonical\" href=\"https:\/\/tourcruiser.com\/\" \/>\n<meta property=\"og:locale\" content=\"fr_FR\" \/>\n<meta property=\"og:type\" content=\"article\" \/>\n<meta property=\"og:title\" content=\"Refund &amp; Returns Policy - TOURCRUISER PTE. LTD\" \/>\n<meta property=\"og:description\" content=\"Politique de remboursement &amp; de retour Derni\u00e8re mise \u00e0 jour : 11 novembre 2025 Merci pour votre achat chez .Nous souhaitons que vous soyez enti\u00e8rement satisfait(e) de votre achat.Veuillez lire attentivement notre politique de remboursement et de retour. 1. Conditions d\u2019\u00e9ligibilit\u00e9 au retour Pour \u00eatre \u00e9ligible \u00e0 un retour : Les articles doivent \u00eatre non [&hellip;]\" \/>\n<meta property=\"og:url\" content=\"\/\" \/>\n<meta property=\"og:site_name\" content=\"Tourcruiser Sneaker Store\" \/>\n<meta property=\"article:modified_time\" content=\"2026-03-03T12:49:59+00:00\" \/>\n<meta name=\"twitter:card\" content=\"summary_large_image\" \/>\n<meta name=\"twitter:label1\" content=\"Dur\u00e9e de lecture estim\u00e9e\" \/>\n\t<meta name=\"twitter:data1\" content=\"2 minutes\" \/>\n<script type=\"application\/ld+json\" class=\"yoast-schema-graph\">{\"@context\":\"https:\/\/schema.org\",\"@graph\":[{\"@type\":\"WebPage\",\"@id\":\"\/\",\"url\":\"https:\/\/tourcruiser.com\/\",\"name\":\"Refund &amp; Returns Policy - TOURCRUISER PTE. LTD\",\"isPartOf\":{\"@id\":\"https:\/\/tourcruiser.com\/fr\/#website\"},\"datePublished\":\"2025-11-16T10:46:08+00:00\",\"dateModified\":\"2026-03-03T12:49:59+00:00\",\"breadcrumb\":{\"@id\":\"https:\/\/tourcruiser.com\/#breadcrumb\"},\"inLanguage\":\"fr-FR\",\"potentialAction\":[{\"@type\":\"ReadAction\",\"target\":[\"https:\/\/tourcruiser.com\/\"]}]},{\"@type\":\"BreadcrumbList\",\"@id\":\"https:\/\/tourcruiser.com\/#breadcrumb\",\"itemListElement\":[{\"@type\":\"ListItem\",\"position\":1,\"name\":\"Home\",\"item\":\"https:\/\/tourcruiser.com\/fr\/\"},{\"@type\":\"ListItem\",\"position\":2,\"name\":\"Refund &amp; Returns Policy\"}]},{\"@type\":\"WebSite\",\"@id\":\"https:\/\/tourcruiser.com\/fr\/#website\",\"url\":\"https:\/\/tourcruiser.com\/fr\/\",\"name\":\"Styloral Jewelry Shop\",\"description\":\"Tourcruiser Sneaker Store \u2014 L\u2019endroit o\u00f9 l\u2019univers rencontre votre singularit\u00e9.\",\"publisher\":{\"@id\":\"https:\/\/tourcruiser.com\/fr\/#organization\"},\"potentialAction\":[{\"@type\":\"SearchAction\",\"target\":{\"@type\":\"EntryPoint\",\"urlTemplate\":\"https:\/\/tourcruiser.com\/fr\/?s={search_term_string}\"},\"query-input\":{\"@type\":\"PropertyValueSpecification\",\"valueRequired\":true,\"valueName\":\"search_term_string\"}}],\"inLanguage\":\"fr-FR\"},{\"@type\":\"Organization\",\"@id\":\"https:\/\/tourcruiser.com\/fr\/#organization\",\"name\":\"STYLORAL PTE. LTD\",\"url\":\"https:\/\/tourcruiser.com\/fr\/\",\"logo\":{\"@type\":\"ImageObject\",\"inLanguage\":\"fr-FR\",\"@id\":\"https:\/\/tourcruiser.com\/fr\/#\/schema\/logo\/image\/\",\"url\":\"https:\/\/www.tourcruiser.com\/wp-content\/uploads\/2025\/12\/logo.png\",\"contentUrl\":\"https:\/\/www.tourcruiser.com\/wp-content\/uploads\/2025\/12\/logo.png\",\"width\":200,\"height\":65,\"caption\":\"STYLORAL PTE. LTD\"},\"image\":{\"@id\":\"https:\/\/tourcruiser.com\/fr\/#\/schema\/logo\/image\/\"}}]}<\/script>\n<!-- \/ Yoast SEO plugin. -->","yoast_head_json":{"title":"Refund &amp; Returns Policy - TOURCRUISER PTE. LTD","robots":{"index":"index","follow":"follow","max-snippet":"max-snippet:-1","max-image-preview":"max-image-preview:large","max-video-preview":"max-video-preview:-1"},"canonical":"https:\/\/tourcruiser.com\/","og_locale":"fr_FR","og_type":"article","og_title":"Refund &amp; Returns Policy - TOURCRUISER PTE. LTD","og_description":"Politique de remboursement &amp; de retour Derni\u00e8re mise \u00e0 jour : 11 novembre 2025 Merci pour votre achat chez .Nous souhaitons que vous soyez enti\u00e8rement satisfait(e) de votre achat.Veuillez lire attentivement notre politique de remboursement et de retour. 1. Conditions d\u2019\u00e9ligibilit\u00e9 au retour Pour \u00eatre \u00e9ligible \u00e0 un retour : Les articles doivent \u00eatre non [&hellip;]","og_url":"\/","og_site_name":"Tourcruiser Sneaker Store","article_modified_time":"2026-03-03T12:49:59+00:00","twitter_card":"summary_large_image","twitter_misc":{"Dur\u00e9e de lecture estim\u00e9e":"2 minutes"},"schema":{"@context":"https:\/\/schema.org","@graph":[{"@type":"WebPage","@id":"\/","url":"https:\/\/tourcruiser.com\/","name":"Refund &amp; Returns Policy - TOURCRUISER PTE. LTD","isPartOf":{"@id":"https:\/\/tourcruiser.com\/fr\/#website"},"datePublished":"2025-11-16T10:46:08+00:00","dateModified":"2026-03-03T12:49:59+00:00","breadcrumb":{"@id":"https:\/\/tourcruiser.com\/#breadcrumb"},"inLanguage":"fr-FR","potentialAction":[{"@type":"ReadAction","target":["https:\/\/tourcruiser.com\/"]}]},{"@type":"BreadcrumbList","@id":"https:\/\/tourcruiser.com\/#breadcrumb","itemListElement":[{"@type":"ListItem","position":1,"name":"Home","item":"https:\/\/tourcruiser.com\/fr\/"},{"@type":"ListItem","position":2,"name":"Refund &amp; Returns Policy"}]},{"@type":"WebSite","@id":"https:\/\/tourcruiser.com\/fr\/#website","url":"https:\/\/tourcruiser.com\/fr\/","name":"Styloral Jewelry Shop","description":"Tourcruiser Sneaker Store \u2014 L\u2019endroit o\u00f9 l\u2019univers rencontre votre singularit\u00e9.","publisher":{"@id":"https:\/\/tourcruiser.com\/fr\/#organization"},"potentialAction":[{"@type":"SearchAction","target":{"@type":"EntryPoint","urlTemplate":"https:\/\/tourcruiser.com\/fr\/?s={search_term_string}"},"query-input":{"@type":"PropertyValueSpecification","valueRequired":true,"valueName":"search_term_string"}}],"inLanguage":"fr-FR"},{"@type":"Organization","@id":"https:\/\/tourcruiser.com\/fr\/#organization","name":"STYLORAL PTE. LTD","url":"https:\/\/tourcruiser.com\/fr\/","logo":{"@type":"ImageObject","inLanguage":"fr-FR","@id":"https:\/\/tourcruiser.com\/fr\/#\/schema\/logo\/image\/","url":"https:\/\/www.tourcruiser.com\/wp-content\/uploads\/2025\/12\/logo.png","contentUrl":"https:\/\/www.tourcruiser.com\/wp-content\/uploads\/2025\/12\/logo.png","width":200,"height":65,"caption":"STYLORAL PTE. LTD"},"image":{"@id":"https:\/\/tourcruiser.com\/fr\/#\/schema\/logo\/image\/"}}]}},"_links":{"self":[{"href":"https:\/\/tourcruiser.com\/fr\/wp-json\/wp\/v2\/pages\/12","targetHints":{"allow":["GET"]}}],"collection":[{"href":"https:\/\/tourcruiser.com\/fr\/wp-json\/wp\/v2\/pages"}],"about":[{"href":"https:\/\/tourcruiser.com\/fr\/wp-json\/wp\/v2\/types\/page"}],"author":[{"embeddable":true,"href":"https:\/\/tourcruiser.com\/fr\/wp-json\/wp\/v2\/users\/1"}],"replies":[{"embeddable":true,"href":"https:\/\/tourcruiser.com\/fr\/wp-json\/wp\/v2\/comments?post=12"}],"version-history":[{"count":22,"href":"https:\/\/tourcruiser.com\/fr\/wp-json\/wp\/v2\/pages\/12\/revisions"}],"predecessor-version":[{"id":184680,"href":"https:\/\/tourcruiser.com\/fr\/wp-json\/wp\/v2\/pages\/12\/revisions\/184680"}],"wp:attachment":[{"href":"https:\/\/tourcruiser.com\/fr\/wp-json\/wp\/v2\/media?parent=12"}],"curies":[{"name":"wp","href":"https:\/\/api.w.org\/{rel}","templated":true}]}}