{"id":98836,"date":"2026-03-02T15:27:52","date_gmt":"2026-03-02T08:27:52","guid":{"rendered":"http:\/\/tourcruiser.com\/product\/asics-metarise-2-paris-safety-yellow-black"},"modified":"2026-03-02T15:27:52","modified_gmt":"2026-03-02T08:27:52","slug":"asics-metarise-2-paris-safety-yellow-black","status":"publish","type":"product","link":"https:\/\/tourcruiser.com\/de\/products\/asics-metarise-2-paris-safety-yellow-black\/","title":{"rendered":"ASICS Metarise 2 Paris &#8218;Safety Yellow Black&#8216;"},"content":{"rendered":"<p>Verbessere deine Volleyballleistung mit dem ASICS Metarise 2 Paris &#8218;Safety Yellow Black&#8216; 1051A078-750 \u201d\u201c entwickelt f\u00fcr Agilit\u00e4t, Schnelligkeit und maximale Stabilit\u00e4t. Dieser Premium-Volleyballschuh vereint innovative Technologie mit einem auff\u00e4lligen Design in leuchtendem Sicherheitsgelb und Schwarz, damit du auf dem Spielfeld auff\u00e4llst. Die FlyteFoam Propel-Technologie in der Mittelsohle sorgt f\u00fcr dynamische D\u00e4mpfung und explosive Energier\u00fcckgabe bei entscheidenden Spr\u00fcngen und schnellen Bewegungen. Die spezielle Au\u00dfensohle bietet multidirektionale Traktion, w\u00e4hrend die externe Fersenkappe f\u00fcr sicheren Halt sorgt. Die leichte Konstruktion verbessert die Bewegungsfreiheit, ohne die Haltbarkeit zu beeintr\u00e4chtigen. Egal ob Block am Netz oder Rettungsaktion \u201d\u201c mit dem ASICS Metarise 2 bleibst du in Topform und zeigst gleichzeitig deinen modernen Sport-Style. Perfekt f\u00fcr Profisportler und ambitionierte Spieler, die ihr Spiel verbessern m\u00f6chten.<\/p>\n<ul>\n<li><strong>Farbgebung:<\/strong> Sicherheitsgelb\/Schwarz<\/li>\n<li><strong>Artikelnummer:<\/strong> 1051A078-750<\/li>\n<li><strong>Obermaterial:<\/strong> Mono-Sock<\/li>\n<li><strong>Zwischensohle:<\/strong> FlyteFoam Blast+<\/li>\n<li><strong>Farbe:<\/strong> Gelb<\/li>\n<\/ul>\n","protected":false},"excerpt":{"rendered":"<p>ASICS Metarise 2 Paris \u201d\u201d Safety Yellow\/Black<\/p>\n","protected":false},"featured_media":98837,"comment_status":"open","ping_status":"closed","template":"","meta":[],"product_brand":[],"product_cat":[10792],"product_tag":[10791,10753,10911,10802,10785,10912],"class_list":{"0":"post-98836","1":"product","2":"type-product","3":"status-publish","4":"has-post-thumbnail","6":"product_cat-asics","7":"product_tag-asics","8":"product_tag-gift-for-him","9":"product_tag-indoor-court-shoes","10":"product_tag-performance-sport-shoes","11":"product_tag-trending-deals","12":"product_tag-volleyball-shoes","13":"wcpa_has_options","15":"first","16":"instock","17":"taxable","18":"shipping-taxable","19":"purchasable","20":"product-type-simple"},"wcpa_form_fields":{"rules":{"pric_overide_base_price":false,"pric_overide_base_price_if_gt_zero":false,"pric_overide_base_price_fully":false,"pric_cal_option_once":false,"pric_use_as_fee":false,"bind_quantity":false,"quantity_bind_formula":false},"fields":[{"type":"color-group","required":true,"elementId":"wcpa-color-group-69a5ab08ee12d","label":"Gr\u00f6\u00dfe","inline":true,"priceOptions":"different_for_all","pricingType":"fixed","className":"hassizechart product-shoes-size-eu product-shoes-size","name":"color-group-69a5ab08ee136","disp_type":"square","selection_type":"tick-border","disp_size":"50","show_label_inside":true,"adjust_width":true,"cart_display_type":"text","other_text":"Other","cl_rule":"show","col":6,"values":[{"label":"36","value":"EU 36","price":"","pimage":"","pimage_id":"","pthumb":"","color":"","selected":true},{"label":"37","value":"EU 37","price":"","pimage":"","pimage_id":"","pthumb":"","color":""},{"label":"37.5","value":"EU 37.5","price":"","pimage":"","pimage_id":"","pthumb":"","color":""},{"label":"38","value":"EU 38","price":"","pimage":"","pimage_id":"","pthumb":"","color":""},{"label":"38.5","value":"EU 38.5","price":"","pimage":"","pimage_id":"","pthumb":"","color":""},{"label":"39","value":"EU 39","price":"","pimage":"","pimage_id":"","pthumb":"","color":""},{"label":"39.5","value":"EU 39.5","price":"","pimage":"","pimage_id":"","pthumb":"","color":""},{"label":"40","value":"EU 40","price":"","pimage":"","pimage_id":"","pthumb":"","color":""},{"label":"40.5","value":"EU 40.5","price":"","pimage":"","pimage_id":"","pthumb":"","color":""},{"label":" 41.5","value":"EU 41.5","price":"","pimage":"","pimage_id":"","pthumb":"","color":""},{"label":"42","value":"EU 42","price":"","pimage":"","pimage_id":"","pthumb":"","color":""},{"label":"42.5","value":"EU 42.5","price":"","pimage":"","pimage_id":"","pthumb":"","color":""},{"label":"43.5","value":"EU 43.5","price":"","pimage":"","pimage_id":"","pthumb":"","color":""},{"label":"44","value":"EU 44","price":"","pimage":"","pimage_id":"","pthumb":"","color":""},{"label":"44.5","value":"EU 44.5","price":"","pimage":"","pimage_id":"","pthumb":"","color":""},{"label":"45","value":"EU 45","price":"","pimage":"","pimage_id":"","pthumb":"","color":""}],"relations":[{"operator":false,"rules":[]}],"form_id":184311,"form_rules":{"pric_cal_option_once":false,"exclude_from_discount":false,"pric_use_as_fee":false,"fee_label":"Fee","render_after_acb":false,"disp_hide_options_price":false}}]},"yoast_head":"<!-- This site is optimized with the Yoast SEO plugin v26.5 - https:\/\/yoast.com\/wordpress\/plugins\/seo\/ -->\n<title>ASICS Metarise 2 Paris &#039;Safety Yellow Black&#039;  - Tourcruiser PTE. LTD<\/title>\n<meta name=\"robots\" content=\"index, follow, max-snippet:-1, max-image-preview:large, max-video-preview:-1\" \/>\n<link rel=\"canonical\" href=\"https:\/\/tourcruiser.com\/de\/products\/asics-metarise-2-paris-safety-yellow-black\/\" \/>\n<meta property=\"og:locale\" content=\"de_DE\" \/>\n<meta property=\"og:type\" content=\"article\" \/>\n<meta property=\"og:title\" content=\"ASICS Metarise 2 Paris &#039;Safety Yellow Black&#039;  - Tourcruiser PTE. LTD\" \/>\n<meta property=\"og:description\" content=\"ASICS Metarise 2 Paris \u201d\u201d Safety Yellow\/Black\" \/>\n<meta property=\"og:url\" content=\"https:\/\/tourcruiser.com\/de\/products\/asics-metarise-2-paris-safety-yellow-black\/\" \/>\n<meta property=\"og:site_name\" content=\"Tourcruiser Sneaker Store\" \/>\n<meta name=\"twitter:card\" content=\"summary_large_image\" \/>\n<meta name=\"twitter:image\" content=\"https:\/\/images.novelship.com\/product\/asics_metarise_2_paris__safety_yellow_black__1051a_0_78646.jpeg\" \/>\n<meta name=\"twitter:label1\" content=\"Gesch\u00e4tzte Lesezeit\" \/>\n\t<meta name=\"twitter:data1\" content=\"1\u00a0Minute\" \/>\n<script type=\"application\/ld+json\" class=\"yoast-schema-graph\">{\"@context\":\"https:\/\/schema.org\",\"@graph\":[{\"@type\":\"WebPage\",\"@id\":\"https:\/\/tourcruiser.com\/de\/products\/asics-metarise-2-paris-safety-yellow-black\/\",\"url\":\"https:\/\/tourcruiser.com\/de\/products\/asics-metarise-2-paris-safety-yellow-black\/\",\"name\":\"ASICS Metarise 2 Paris 'Safety Yellow Black' - Tourcruiser PTE. LTD\",\"isPartOf\":{\"@id\":\"https:\/\/tourcruiser.com\/de\/#website\"},\"primaryImageOfPage\":{\"@id\":\"https:\/\/tourcruiser.com\/de\/products\/asics-metarise-2-paris-safety-yellow-black\/#primaryimage\"},\"image\":{\"@id\":\"https:\/\/tourcruiser.com\/de\/products\/asics-metarise-2-paris-safety-yellow-black\/#primaryimage\"},\"thumbnailUrl\":\"https:\/\/images.novelship.com\/product\/asics_metarise_2_paris__safety_yellow_black__1051a_0_78646.jpeg\",\"datePublished\":\"2026-03-02T08:27:52+00:00\",\"breadcrumb\":{\"@id\":\"https:\/\/tourcruiser.com\/de\/products\/asics-metarise-2-paris-safety-yellow-black\/#breadcrumb\"},\"inLanguage\":\"de\",\"potentialAction\":[{\"@type\":\"ReadAction\",\"target\":[\"https:\/\/tourcruiser.com\/de\/products\/asics-metarise-2-paris-safety-yellow-black\/\"]}]},{\"@type\":\"ImageObject\",\"inLanguage\":\"de\",\"@id\":\"https:\/\/tourcruiser.com\/de\/products\/asics-metarise-2-paris-safety-yellow-black\/#primaryimage\",\"url\":\"https:\/\/images.novelship.com\/product\/asics_metarise_2_paris__safety_yellow_black__1051a_0_78646.jpeg\",\"contentUrl\":\"https:\/\/images.novelship.com\/product\/asics_metarise_2_paris__safety_yellow_black__1051a_0_78646.jpeg\"},{\"@type\":\"BreadcrumbList\",\"@id\":\"https:\/\/tourcruiser.com\/de\/products\/asics-metarise-2-paris-safety-yellow-black\/#breadcrumb\",\"itemListElement\":[{\"@type\":\"ListItem\",\"position\":1,\"name\":\"Home\",\"item\":\"https:\/\/tourcruiser.com\/de\/\"},{\"@type\":\"ListItem\",\"position\":2,\"name\":\"Shop\",\"item\":\"https:\/\/tourcruiser.com\/de\/shop\/\"},{\"@type\":\"ListItem\",\"position\":3,\"name\":\"ASICS Metarise 2 Paris 'Safety Yellow Black'\"}]},{\"@type\":\"WebSite\",\"@id\":\"https:\/\/tourcruiser.com\/de\/#website\",\"url\":\"https:\/\/tourcruiser.com\/de\/\",\"name\":\"Styloral Jewelry Shop\",\"description\":\"Tourcruiser Sneaker Store \u2014 der Ort, an dem das Universum deine Einzigartigkeit trifft.\",\"publisher\":{\"@id\":\"https:\/\/tourcruiser.com\/de\/#organization\"},\"potentialAction\":[{\"@type\":\"SearchAction\",\"target\":{\"@type\":\"EntryPoint\",\"urlTemplate\":\"https:\/\/tourcruiser.com\/de\/?s={search_term_string}\"},\"query-input\":{\"@type\":\"PropertyValueSpecification\",\"valueRequired\":true,\"valueName\":\"search_term_string\"}}],\"inLanguage\":\"de\"},{\"@type\":\"Organization\",\"@id\":\"https:\/\/tourcruiser.com\/de\/#organization\",\"name\":\"STYLORAL PTE. LTD\",\"url\":\"https:\/\/tourcruiser.com\/de\/\",\"logo\":{\"@type\":\"ImageObject\",\"inLanguage\":\"de\",\"@id\":\"https:\/\/tourcruiser.com\/de\/#\/schema\/logo\/image\/\",\"url\":\"https:\/\/www.tourcruiser.com\/wp-content\/uploads\/2025\/12\/logo.png\",\"contentUrl\":\"https:\/\/www.tourcruiser.com\/wp-content\/uploads\/2025\/12\/logo.png\",\"width\":200,\"height\":65,\"caption\":\"STYLORAL PTE. LTD\"},\"image\":{\"@id\":\"https:\/\/tourcruiser.com\/de\/#\/schema\/logo\/image\/\"}}]}<\/script>\n<!-- \/ Yoast SEO plugin. -->","yoast_head_json":{"title":"ASICS Metarise 2 Paris 'Safety Yellow Black'  - Tourcruiser PTE. LTD","robots":{"index":"index","follow":"follow","max-snippet":"max-snippet:-1","max-image-preview":"max-image-preview:large","max-video-preview":"max-video-preview:-1"},"canonical":"https:\/\/tourcruiser.com\/de\/products\/asics-metarise-2-paris-safety-yellow-black\/","og_locale":"de_DE","og_type":"article","og_title":"ASICS Metarise 2 Paris 'Safety Yellow Black'  - Tourcruiser PTE. LTD","og_description":"ASICS Metarise 2 Paris \u201d\u201d Safety Yellow\/Black","og_url":"https:\/\/tourcruiser.com\/de\/products\/asics-metarise-2-paris-safety-yellow-black\/","og_site_name":"Tourcruiser Sneaker Store","twitter_card":"summary_large_image","twitter_image":"https:\/\/images.novelship.com\/product\/asics_metarise_2_paris__safety_yellow_black__1051a_0_78646.jpeg","twitter_misc":{"Gesch\u00e4tzte Lesezeit":"1\u00a0Minute"},"schema":{"@context":"https:\/\/schema.org","@graph":[{"@type":"WebPage","@id":"https:\/\/tourcruiser.com\/de\/products\/asics-metarise-2-paris-safety-yellow-black\/","url":"https:\/\/tourcruiser.com\/de\/products\/asics-metarise-2-paris-safety-yellow-black\/","name":"ASICS Metarise 2 Paris 'Safety Yellow Black' - Tourcruiser PTE. LTD","isPartOf":{"@id":"https:\/\/tourcruiser.com\/de\/#website"},"primaryImageOfPage":{"@id":"https:\/\/tourcruiser.com\/de\/products\/asics-metarise-2-paris-safety-yellow-black\/#primaryimage"},"image":{"@id":"https:\/\/tourcruiser.com\/de\/products\/asics-metarise-2-paris-safety-yellow-black\/#primaryimage"},"thumbnailUrl":"https:\/\/images.novelship.com\/product\/asics_metarise_2_paris__safety_yellow_black__1051a_0_78646.jpeg","datePublished":"2026-03-02T08:27:52+00:00","breadcrumb":{"@id":"https:\/\/tourcruiser.com\/de\/products\/asics-metarise-2-paris-safety-yellow-black\/#breadcrumb"},"inLanguage":"de","potentialAction":[{"@type":"ReadAction","target":["https:\/\/tourcruiser.com\/de\/products\/asics-metarise-2-paris-safety-yellow-black\/"]}]},{"@type":"ImageObject","inLanguage":"de","@id":"https:\/\/tourcruiser.com\/de\/products\/asics-metarise-2-paris-safety-yellow-black\/#primaryimage","url":"https:\/\/images.novelship.com\/product\/asics_metarise_2_paris__safety_yellow_black__1051a_0_78646.jpeg","contentUrl":"https:\/\/images.novelship.com\/product\/asics_metarise_2_paris__safety_yellow_black__1051a_0_78646.jpeg"},{"@type":"BreadcrumbList","@id":"https:\/\/tourcruiser.com\/de\/products\/asics-metarise-2-paris-safety-yellow-black\/#breadcrumb","itemListElement":[{"@type":"ListItem","position":1,"name":"Home","item":"https:\/\/tourcruiser.com\/de\/"},{"@type":"ListItem","position":2,"name":"Shop","item":"https:\/\/tourcruiser.com\/de\/shop\/"},{"@type":"ListItem","position":3,"name":"ASICS Metarise 2 Paris 'Safety Yellow Black'"}]},{"@type":"WebSite","@id":"https:\/\/tourcruiser.com\/de\/#website","url":"https:\/\/tourcruiser.com\/de\/","name":"Styloral Jewelry Shop","description":"Tourcruiser Sneaker Store \u2014 der Ort, an dem das Universum deine Einzigartigkeit trifft.","publisher":{"@id":"https:\/\/tourcruiser.com\/de\/#organization"},"potentialAction":[{"@type":"SearchAction","target":{"@type":"EntryPoint","urlTemplate":"https:\/\/tourcruiser.com\/de\/?s={search_term_string}"},"query-input":{"@type":"PropertyValueSpecification","valueRequired":true,"valueName":"search_term_string"}}],"inLanguage":"de"},{"@type":"Organization","@id":"https:\/\/tourcruiser.com\/de\/#organization","name":"STYLORAL PTE. LTD","url":"https:\/\/tourcruiser.com\/de\/","logo":{"@type":"ImageObject","inLanguage":"de","@id":"https:\/\/tourcruiser.com\/de\/#\/schema\/logo\/image\/","url":"https:\/\/www.tourcruiser.com\/wp-content\/uploads\/2025\/12\/logo.png","contentUrl":"https:\/\/www.tourcruiser.com\/wp-content\/uploads\/2025\/12\/logo.png","width":200,"height":65,"caption":"STYLORAL PTE. LTD"},"image":{"@id":"https:\/\/tourcruiser.com\/de\/#\/schema\/logo\/image\/"}}]}},"_links":{"self":[{"href":"https:\/\/tourcruiser.com\/de\/wp-json\/wp\/v2\/product\/98836","targetHints":{"allow":["GET"]}}],"collection":[{"href":"https:\/\/tourcruiser.com\/de\/wp-json\/wp\/v2\/product"}],"about":[{"href":"https:\/\/tourcruiser.com\/de\/wp-json\/wp\/v2\/types\/product"}],"replies":[{"embeddable":true,"href":"https:\/\/tourcruiser.com\/de\/wp-json\/wp\/v2\/comments?post=98836"}],"wp:featuredmedia":[{"embeddable":true,"href":"https:\/\/tourcruiser.com\/de\/wp-json\/wp\/v2\/media\/98837"}],"wp:attachment":[{"href":"https:\/\/tourcruiser.com\/de\/wp-json\/wp\/v2\/media?parent=98836"}],"wp:term":[{"taxonomy":"product_brand","embeddable":true,"href":"https:\/\/tourcruiser.com\/de\/wp-json\/wp\/v2\/product_brand?post=98836"},{"taxonomy":"product_cat","embeddable":true,"href":"https:\/\/tourcruiser.com\/de\/wp-json\/wp\/v2\/product_cat?post=98836"},{"taxonomy":"product_tag","embeddable":true,"href":"https:\/\/tourcruiser.com\/de\/wp-json\/wp\/v2\/product_tag?post=98836"}],"curies":[{"name":"wp","href":"https:\/\/api.w.org\/{rel}","templated":true}]}}