{"id":97138,"date":"2026-03-02T15:27:31","date_gmt":"2026-03-02T08:27:31","guid":{"rendered":"http:\/\/tourcruiser.com\/product\/nike-waffle-nav-midnight-navy"},"modified":"2026-03-28T01:08:29","modified_gmt":"2026-03-27T18:08:29","slug":"nike-waffle-nav-midnight-navy","status":"publish","type":"product","link":"https:\/\/tourcruiser.com\/de\/products\/nike-waffle-nav-midnight-navy\/","title":{"rendered":"Nike Waffle Nav &#8218;Midnight Navy&#8216;"},"content":{"rendered":"<p>Mit dem Nike Waffle One Nav FJ4195-400 hebst du deinen Sneaker-Style auf \u201d\u201c die perfekte Kombination aus modernem Komfort und Retro-Style. Das Obermaterial aus Mesh und Wildleder sorgt f\u00fcr Atmungsaktivit\u00e4t und Strapazierf\u00e4higkeit, w\u00e4hrend die legend\u00e4re Waffelsohle optimale Traktion bietet. Die leichte Zwischensohle bietet angenehme D\u00e4mpfung f\u00fcr ganzt\u00e4gigen Tragekomfort. Die markante marineblaue Farbgebung verleiht dem Schuh einen Hauch von Eleganz und wird durch den charakteristischen Nike-Swoosh f\u00fcr einen zeitlosen Look abgerundet. Ob in der Freizeit oder bei leichten sportlichen Aktivit\u00e4ten \u201d\u201c diese Sneaker vereinen Funktionalit\u00e4t und trendiges Design. Egal ob du die Stra\u00dfen unsicher machst oder einen entspannten Tag verbringst, mit dem Nike Waffle One Nav bist du immer stylisch und bequem unterwegs.<\/p>\n<ul>\n<li><strong>Farbgebung:<\/strong> Midnight Navy\/Obsidian\/Thunder Blue\/Wei\u00df<\/li>\n<li><strong>Style-Code:<\/strong> FJ4195-400<\/li>\n<li><strong>Obermaterial:<\/strong> Nylon<\/li>\n<li><strong>Farbe:<\/strong> Blau<\/li>\n<\/ul>\n","protected":false},"excerpt":{"rendered":"<p>Nike Waffle One \u201d\u201d Midnight Navy\/Obsidian\/Thunder Blue\/White<\/p>\n","protected":false},"featured_media":97139,"comment_status":"open","ping_status":"closed","template":"","meta":[],"product_brand":[],"product_cat":[10803],"product_tag":[10750,10754,10765,10801,10768,10758],"class_list":{"0":"post-97138","1":"product","2":"type-product","3":"status-publish","4":"has-post-thumbnail","6":"product_cat-nike","7":"product_tag-athleisure-shoes","8":"product_tag-lifestyle-casual-shoes","9":"product_tag-lifestyle-shoes-running-inspired","10":"product_tag-nike","11":"product_tag-retro-running-shoes","12":"product_tag-under-retail","13":"wcpa_has_options","15":"first","16":"outofstock","17":"taxable","18":"shipping-taxable","19":"purchasable","20":"product-type-simple"},"wcpa_form_fields":{"rules":{"pric_overide_base_price":false,"pric_overide_base_price_if_gt_zero":false,"pric_overide_base_price_fully":false,"pric_cal_option_once":false,"pric_use_as_fee":false,"bind_quantity":false,"quantity_bind_formula":false},"fields":[{"type":"color-group","required":true,"elementId":"wcpa-color-group-66c4a75505e74","label":"Gr\u00f6\u00dfe - EU Gr\u00f6\u00dfe","inline":true,"priceOptions":"different_for_all","pricingType":"fixed","className":"hassizechart product-shoes-size-eu product-shoes-size","name":"color-group-66c4a75505e89","disp_type":"square","selection_type":"tick-border","disp_size":"44","show_label_inside":true,"adjust_width":true,"cart_display_type":"text","other_text":"Other","cl_rule":"show","col":6,"values":[{"label":"35.5","value":"EU 35.5","price":"","pimage":"","pimage_id":"","pthumb":"","color":""},{"label":"36","value":"EU 36","price":"","pimage":"","pimage_id":"","pthumb":"","color":"","selected":true},{"label":"36.5","value":"EU 36.5","price":"","pimage":"","pimage_id":"","pthumb":"","color":""},{"label":"37.5","value":"EU 37.5","price":"","pimage":"","pimage_id":"","pthumb":"","color":""},{"label":"38","value":"EU 38","price":"","pimage":"","pimage_id":"","pthumb":"","color":""},{"label":"38.5","value":"EU 38.5","price":"","pimage":"","pimage_id":"","pthumb":"","color":""},{"label":"39","value":"EU 39","price":"","pimage":"","pimage_id":"","pthumb":"","color":""},{"label":"40","value":"EU 40","price":"","pimage":"","pimage_id":"","pthumb":"","color":""},{"label":"40.5","value":"EU 40.5","price":"","pimage":"","pimage_id":"","pthumb":"","color":""},{"label":"41","value":"EU 41","price":"","pimage":"","pimage_id":"","pthumb":"","color":""},{"label":"42","value":"EU 42","price":"","pimage":"","pimage_id":"","pthumb":"","color":""},{"label":"42.5","value":"EU 42.5","price":"","pimage":"","pimage_id":"","pthumb":"","color":""},{"label":"43","value":"EU 43","price":"","pimage":"","pimage_id":"","pthumb":"","color":""},{"label":"44","value":"EU 44","price":"","pimage":"","pimage_id":"","pthumb":"","color":""},{"label":"44.5","value":"EU 44.5","price":"","pimage":"","pimage_id":"","pthumb":"","color":""},{"label":"45","value":"EU 45","price":"","pimage":"","pimage_id":"","pthumb":"","color":""},{"label":"45.5","value":"EU 45.5","price":"","pimage":"","pimage_id":"","pthumb":"","color":""},{"label":"46","value":"EU 46","price":"","pimage":"","pimage_id":"","pthumb":"","color":""},{"label":"47","value":"EU 47","price":"","pimage":"","pimage_id":"","pthumb":"","color":""},{"label":"47.5","value":"EU 47.5","price":"","pimage":"","pimage_id":"","pthumb":"","color":""},{"label":"48","value":"EU 48","price":"","pimage":"","pimage_id":"","pthumb":"","color":""}],"relations":[{"operator":false,"rules":[]}],"form_id":18106,"form_rules":{"pric_cal_option_once":false,"exclude_from_discount":false,"pric_use_as_fee":false,"fee_label":"Fee","render_after_acb":false,"disp_hide_options_price":false}}]},"yoast_head":"<!-- This site is optimized with the Yoast SEO plugin v26.5 - https:\/\/yoast.com\/wordpress\/plugins\/seo\/ -->\n<title>Nike Waffle Nav &#039;Midnight Navy&#039;  - Tourcruiser PTE. LTD<\/title>\n<meta name=\"robots\" content=\"index, follow, max-snippet:-1, max-image-preview:large, max-video-preview:-1\" \/>\n<link rel=\"canonical\" href=\"https:\/\/tourcruiser.com\/\" \/>\n<meta property=\"og:locale\" content=\"de_DE\" \/>\n<meta property=\"og:type\" content=\"article\" \/>\n<meta property=\"og:title\" content=\"Nike Waffle Nav &#039;Midnight Navy&#039;  - Tourcruiser PTE. LTD\" \/>\n<meta property=\"og:description\" content=\"Nike Waffle One \u201d\u201d Midnight Navy\/Obsidian\/Thunder Blue\/White\" \/>\n<meta property=\"og:url\" content=\"\/\" \/>\n<meta property=\"og:site_name\" content=\"Tourcruiser Sneaker Store\" \/>\n<meta property=\"article:modified_time\" content=\"2026-03-27T18:08:29+00:00\" \/>\n<meta name=\"twitter:card\" content=\"summary_large_image\" \/>\n<meta name=\"twitter:image\" content=\"https:\/\/images.novelship.com\/product\/nike_waffle_one_nav_fj4195-400_0_68114.png;https:\/\/images.novelship.com\/product\/nike_waffle_one_nav_fj4195-400_1_68114.png;https:\/\/images.novelship.com\/product\/nike_waffle_one_nav_fj4195-400_2_68114.png;https:\/\/images.novelship.com\/product\/nike_waffle_one_nav_fj4195-400_3_68114.png;https:\/\/images.novelship.com\/product\/nike_waffle_one_nav_fj4195-400_4_68114.png;https:\/\/images.novelship.com\/product\/nike_waffle_one_nav_fj4195-400_5_68114.png;https:\/\/images.novelship.com\/product\/nike_waffle_one_nav_fj4195-400_6_68114.png;https:\/\/images.novelship.com\/product\/nike_waffle_one_nav_fj4195-400_7_68114.png\" \/>\n<meta name=\"twitter:label1\" content=\"Gesch\u00e4tzte Lesezeit\" \/>\n\t<meta name=\"twitter:data1\" content=\"1\u00a0Minute\" \/>\n<script type=\"application\/ld+json\" class=\"yoast-schema-graph\">{\"@context\":\"https:\/\/schema.org\",\"@graph\":[{\"@type\":\"WebPage\",\"@id\":\"\/\",\"url\":\"https:\/\/tourcruiser.com\/\",\"name\":\"Nike Waffle Nav 'Midnight Navy' - Tourcruiser PTE. LTD\",\"isPartOf\":{\"@id\":\"https:\/\/tourcruiser.com\/de\/#website\"},\"primaryImageOfPage\":{\"@id\":\"https:\/\/tourcruiser.com\/#primaryimage\"},\"image\":{\"@id\":\"https:\/\/tourcruiser.com\/#primaryimage\"},\"thumbnailUrl\":\"https:\/\/images.novelship.com\/product\/nike_waffle_one_nav_fj4195-400_0_68114.png;https:\/\/images.novelship.com\/product\/nike_waffle_one_nav_fj4195-400_1_68114.png;https:\/\/images.novelship.com\/product\/nike_waffle_one_nav_fj4195-400_2_68114.png;https:\/\/images.novelship.com\/product\/nike_waffle_one_nav_fj4195-400_3_68114.png;https:\/\/images.novelship.com\/product\/nike_waffle_one_nav_fj4195-400_4_68114.png;https:\/\/images.novelship.com\/product\/nike_waffle_one_nav_fj4195-400_5_68114.png;https:\/\/images.novelship.com\/product\/nike_waffle_one_nav_fj4195-400_6_68114.png;https:\/\/images.novelship.com\/product\/nike_waffle_one_nav_fj4195-400_7_68114.png\",\"datePublished\":\"2026-03-02T08:27:31+00:00\",\"dateModified\":\"2026-03-27T18:08:29+00:00\",\"breadcrumb\":{\"@id\":\"https:\/\/tourcruiser.com\/#breadcrumb\"},\"inLanguage\":\"de\",\"potentialAction\":[{\"@type\":\"ReadAction\",\"target\":[\"https:\/\/tourcruiser.com\/\"]}]},{\"@type\":\"ImageObject\",\"inLanguage\":\"de\",\"@id\":\"https:\/\/tourcruiser.com\/#primaryimage\",\"url\":\"https:\/\/images.novelship.com\/product\/nike_waffle_one_nav_fj4195-400_0_68114.png;https:\/\/images.novelship.com\/product\/nike_waffle_one_nav_fj4195-400_1_68114.png;https:\/\/images.novelship.com\/product\/nike_waffle_one_nav_fj4195-400_2_68114.png;https:\/\/images.novelship.com\/product\/nike_waffle_one_nav_fj4195-400_3_68114.png;https:\/\/images.novelship.com\/product\/nike_waffle_one_nav_fj4195-400_4_68114.png;https:\/\/images.novelship.com\/product\/nike_waffle_one_nav_fj4195-400_5_68114.png;https:\/\/images.novelship.com\/product\/nike_waffle_one_nav_fj4195-400_6_68114.png;https:\/\/images.novelship.com\/product\/nike_waffle_one_nav_fj4195-400_7_68114.png\",\"contentUrl\":\"https:\/\/images.novelship.com\/product\/nike_waffle_one_nav_fj4195-400_0_68114.png;https:\/\/images.novelship.com\/product\/nike_waffle_one_nav_fj4195-400_1_68114.png;https:\/\/images.novelship.com\/product\/nike_waffle_one_nav_fj4195-400_2_68114.png;https:\/\/images.novelship.com\/product\/nike_waffle_one_nav_fj4195-400_3_68114.png;https:\/\/images.novelship.com\/product\/nike_waffle_one_nav_fj4195-400_4_68114.png;https:\/\/images.novelship.com\/product\/nike_waffle_one_nav_fj4195-400_5_68114.png;https:\/\/images.novelship.com\/product\/nike_waffle_one_nav_fj4195-400_6_68114.png;https:\/\/images.novelship.com\/product\/nike_waffle_one_nav_fj4195-400_7_68114.png\"},{\"@type\":\"BreadcrumbList\",\"@id\":\"https:\/\/tourcruiser.com\/#breadcrumb\",\"itemListElement\":[{\"@type\":\"ListItem\",\"position\":1,\"name\":\"Home\",\"item\":\"https:\/\/tourcruiser.com\/de\/\"},{\"@type\":\"ListItem\",\"position\":2,\"name\":\"Shop\",\"item\":\"https:\/\/tourcruiser.com\/de\/shop\/\"},{\"@type\":\"ListItem\",\"position\":3,\"name\":\"Nike Waffle Nav &#8218;Midnight Navy&#8216;\"}]},{\"@type\":\"WebSite\",\"@id\":\"https:\/\/tourcruiser.com\/de\/#website\",\"url\":\"https:\/\/tourcruiser.com\/de\/\",\"name\":\"Styloral Jewelry Shop\",\"description\":\"Tourcruiser Sneaker Store \u2014 der Ort, an dem das Universum deine Einzigartigkeit trifft.\",\"publisher\":{\"@id\":\"https:\/\/tourcruiser.com\/de\/#organization\"},\"potentialAction\":[{\"@type\":\"SearchAction\",\"target\":{\"@type\":\"EntryPoint\",\"urlTemplate\":\"https:\/\/tourcruiser.com\/de\/?s={search_term_string}\"},\"query-input\":{\"@type\":\"PropertyValueSpecification\",\"valueRequired\":true,\"valueName\":\"search_term_string\"}}],\"inLanguage\":\"de\"},{\"@type\":\"Organization\",\"@id\":\"https:\/\/tourcruiser.com\/de\/#organization\",\"name\":\"STYLORAL PTE. LTD\",\"url\":\"https:\/\/tourcruiser.com\/de\/\",\"logo\":{\"@type\":\"ImageObject\",\"inLanguage\":\"de\",\"@id\":\"https:\/\/tourcruiser.com\/de\/#\/schema\/logo\/image\/\",\"url\":\"https:\/\/www.tourcruiser.com\/wp-content\/uploads\/2025\/12\/logo.png\",\"contentUrl\":\"https:\/\/www.tourcruiser.com\/wp-content\/uploads\/2025\/12\/logo.png\",\"width\":200,\"height\":65,\"caption\":\"STYLORAL PTE. LTD\"},\"image\":{\"@id\":\"https:\/\/tourcruiser.com\/de\/#\/schema\/logo\/image\/\"}}]}<\/script>\n<!-- \/ Yoast SEO plugin. -->","yoast_head_json":{"title":"Nike Waffle Nav 'Midnight Navy'  - Tourcruiser PTE. LTD","robots":{"index":"index","follow":"follow","max-snippet":"max-snippet:-1","max-image-preview":"max-image-preview:large","max-video-preview":"max-video-preview:-1"},"canonical":"https:\/\/tourcruiser.com\/","og_locale":"de_DE","og_type":"article","og_title":"Nike Waffle Nav 'Midnight Navy'  - Tourcruiser PTE. LTD","og_description":"Nike Waffle One \u201d\u201d Midnight Navy\/Obsidian\/Thunder Blue\/White","og_url":"\/","og_site_name":"Tourcruiser Sneaker Store","article_modified_time":"2026-03-27T18:08:29+00:00","twitter_card":"summary_large_image","twitter_image":"https:\/\/images.novelship.com\/product\/nike_waffle_one_nav_fj4195-400_0_68114.png;https:\/\/images.novelship.com\/product\/nike_waffle_one_nav_fj4195-400_1_68114.png;https:\/\/images.novelship.com\/product\/nike_waffle_one_nav_fj4195-400_2_68114.png;https:\/\/images.novelship.com\/product\/nike_waffle_one_nav_fj4195-400_3_68114.png;https:\/\/images.novelship.com\/product\/nike_waffle_one_nav_fj4195-400_4_68114.png;https:\/\/images.novelship.com\/product\/nike_waffle_one_nav_fj4195-400_5_68114.png;https:\/\/images.novelship.com\/product\/nike_waffle_one_nav_fj4195-400_6_68114.png;https:\/\/images.novelship.com\/product\/nike_waffle_one_nav_fj4195-400_7_68114.png","twitter_misc":{"Gesch\u00e4tzte Lesezeit":"1\u00a0Minute"},"schema":{"@context":"https:\/\/schema.org","@graph":[{"@type":"WebPage","@id":"\/","url":"https:\/\/tourcruiser.com\/","name":"Nike Waffle Nav 'Midnight Navy' - Tourcruiser PTE. LTD","isPartOf":{"@id":"https:\/\/tourcruiser.com\/de\/#website"},"primaryImageOfPage":{"@id":"https:\/\/tourcruiser.com\/#primaryimage"},"image":{"@id":"https:\/\/tourcruiser.com\/#primaryimage"},"thumbnailUrl":"https:\/\/images.novelship.com\/product\/nike_waffle_one_nav_fj4195-400_0_68114.png;https:\/\/images.novelship.com\/product\/nike_waffle_one_nav_fj4195-400_1_68114.png;https:\/\/images.novelship.com\/product\/nike_waffle_one_nav_fj4195-400_2_68114.png;https:\/\/images.novelship.com\/product\/nike_waffle_one_nav_fj4195-400_3_68114.png;https:\/\/images.novelship.com\/product\/nike_waffle_one_nav_fj4195-400_4_68114.png;https:\/\/images.novelship.com\/product\/nike_waffle_one_nav_fj4195-400_5_68114.png;https:\/\/images.novelship.com\/product\/nike_waffle_one_nav_fj4195-400_6_68114.png;https:\/\/images.novelship.com\/product\/nike_waffle_one_nav_fj4195-400_7_68114.png","datePublished":"2026-03-02T08:27:31+00:00","dateModified":"2026-03-27T18:08:29+00:00","breadcrumb":{"@id":"https:\/\/tourcruiser.com\/#breadcrumb"},"inLanguage":"de","potentialAction":[{"@type":"ReadAction","target":["https:\/\/tourcruiser.com\/"]}]},{"@type":"ImageObject","inLanguage":"de","@id":"https:\/\/tourcruiser.com\/#primaryimage","url":"https:\/\/images.novelship.com\/product\/nike_waffle_one_nav_fj4195-400_0_68114.png;https:\/\/images.novelship.com\/product\/nike_waffle_one_nav_fj4195-400_1_68114.png;https:\/\/images.novelship.com\/product\/nike_waffle_one_nav_fj4195-400_2_68114.png;https:\/\/images.novelship.com\/product\/nike_waffle_one_nav_fj4195-400_3_68114.png;https:\/\/images.novelship.com\/product\/nike_waffle_one_nav_fj4195-400_4_68114.png;https:\/\/images.novelship.com\/product\/nike_waffle_one_nav_fj4195-400_5_68114.png;https:\/\/images.novelship.com\/product\/nike_waffle_one_nav_fj4195-400_6_68114.png;https:\/\/images.novelship.com\/product\/nike_waffle_one_nav_fj4195-400_7_68114.png","contentUrl":"https:\/\/images.novelship.com\/product\/nike_waffle_one_nav_fj4195-400_0_68114.png;https:\/\/images.novelship.com\/product\/nike_waffle_one_nav_fj4195-400_1_68114.png;https:\/\/images.novelship.com\/product\/nike_waffle_one_nav_fj4195-400_2_68114.png;https:\/\/images.novelship.com\/product\/nike_waffle_one_nav_fj4195-400_3_68114.png;https:\/\/images.novelship.com\/product\/nike_waffle_one_nav_fj4195-400_4_68114.png;https:\/\/images.novelship.com\/product\/nike_waffle_one_nav_fj4195-400_5_68114.png;https:\/\/images.novelship.com\/product\/nike_waffle_one_nav_fj4195-400_6_68114.png;https:\/\/images.novelship.com\/product\/nike_waffle_one_nav_fj4195-400_7_68114.png"},{"@type":"BreadcrumbList","@id":"https:\/\/tourcruiser.com\/#breadcrumb","itemListElement":[{"@type":"ListItem","position":1,"name":"Home","item":"https:\/\/tourcruiser.com\/de\/"},{"@type":"ListItem","position":2,"name":"Shop","item":"https:\/\/tourcruiser.com\/de\/shop\/"},{"@type":"ListItem","position":3,"name":"Nike Waffle Nav &#8218;Midnight Navy&#8216;"}]},{"@type":"WebSite","@id":"https:\/\/tourcruiser.com\/de\/#website","url":"https:\/\/tourcruiser.com\/de\/","name":"Styloral Jewelry Shop","description":"Tourcruiser Sneaker Store \u2014 der Ort, an dem das Universum deine Einzigartigkeit trifft.","publisher":{"@id":"https:\/\/tourcruiser.com\/de\/#organization"},"potentialAction":[{"@type":"SearchAction","target":{"@type":"EntryPoint","urlTemplate":"https:\/\/tourcruiser.com\/de\/?s={search_term_string}"},"query-input":{"@type":"PropertyValueSpecification","valueRequired":true,"valueName":"search_term_string"}}],"inLanguage":"de"},{"@type":"Organization","@id":"https:\/\/tourcruiser.com\/de\/#organization","name":"STYLORAL PTE. LTD","url":"https:\/\/tourcruiser.com\/de\/","logo":{"@type":"ImageObject","inLanguage":"de","@id":"https:\/\/tourcruiser.com\/de\/#\/schema\/logo\/image\/","url":"https:\/\/www.tourcruiser.com\/wp-content\/uploads\/2025\/12\/logo.png","contentUrl":"https:\/\/www.tourcruiser.com\/wp-content\/uploads\/2025\/12\/logo.png","width":200,"height":65,"caption":"STYLORAL PTE. LTD"},"image":{"@id":"https:\/\/tourcruiser.com\/de\/#\/schema\/logo\/image\/"}}]}},"_links":{"self":[{"href":"https:\/\/tourcruiser.com\/de\/wp-json\/wp\/v2\/product\/97138","targetHints":{"allow":["GET"]}}],"collection":[{"href":"https:\/\/tourcruiser.com\/de\/wp-json\/wp\/v2\/product"}],"about":[{"href":"https:\/\/tourcruiser.com\/de\/wp-json\/wp\/v2\/types\/product"}],"replies":[{"embeddable":true,"href":"https:\/\/tourcruiser.com\/de\/wp-json\/wp\/v2\/comments?post=97138"}],"wp:featuredmedia":[{"embeddable":true,"href":"https:\/\/tourcruiser.com\/de\/wp-json\/wp\/v2\/media\/97139"}],"wp:attachment":[{"href":"https:\/\/tourcruiser.com\/de\/wp-json\/wp\/v2\/media?parent=97138"}],"wp:term":[{"taxonomy":"product_brand","embeddable":true,"href":"https:\/\/tourcruiser.com\/de\/wp-json\/wp\/v2\/product_brand?post=97138"},{"taxonomy":"product_cat","embeddable":true,"href":"https:\/\/tourcruiser.com\/de\/wp-json\/wp\/v2\/product_cat?post=97138"},{"taxonomy":"product_tag","embeddable":true,"href":"https:\/\/tourcruiser.com\/de\/wp-json\/wp\/v2\/product_tag?post=97138"}],"curies":[{"name":"wp","href":"https:\/\/api.w.org\/{rel}","templated":true}]}}