{"id":96552,"date":"2026-03-02T15:27:24","date_gmt":"2026-03-02T08:27:24","guid":{"rendered":"http:\/\/tourcruiser.com\/product\/nike-book-1-blue-blood-ep"},"modified":"2026-03-28T01:08:26","modified_gmt":"2026-03-27T18:08:26","slug":"nike-book-1-blue-blood-ep","status":"publish","type":"product","link":"https:\/\/tourcruiser.com\/de\/products\/nike-book-1-blue-blood-ep\/","title":{"rendered":"Nike Book 1 &#8222;Blue Blood&#8220; EP"},"content":{"rendered":"<p>Erlebe die perfekte Verschmelzung von Style und Performance mit dem Nike Book 1 \u201eBlue Blood\u201c EP IH0888-900 \u201d\u201c einem Statement-Sneaker, der f\u00fcr k\u00fchne \u00c4sthetik und unvergleichlichen Komfort steht. Das markante, blau dominierte Farbschema ist eine Hommage an die klassische und moderne Sneaker-Kultur und vereint herausragende Optik mit erstklassiger Funktionalit\u00e4t. Das Obermaterial besteht aus einer Kombination leichter und strapazierf\u00e4higer Materialien und garantiert Atmungsaktivit\u00e4t und Langlebigkeit \u201d\u201c ideal f\u00fcr Alltag und Sport. Die reaktionsfreudige D\u00e4mpfung bietet optimale Unterst\u00fctzung und macht den Schuh perfekt f\u00fcr intensive Aktivit\u00e4ten und entspannte Freizeit. Die Au\u00dfensohle sorgt f\u00fcr exzellente Traktion und gibt dir Sicherheit auf unterschiedlichem Terrain. Mit seiner eleganten Silhouette und der Liebe zum Detail wertet der Nike Book 1 \u201eBlue Blood\u201c deine Sneaker-Sammlung m\u00fchelos auf und verleiht dir einen coolen Look, der sich nahtlos vom Streetwear- zum Sportoutfit kombinieren l\u00e4sst. Ob Sammler, Sportler oder einfach nur Style-Fan \u201d\u201c dieses Paar ist die perfekte Wahl f\u00fcr alle, die auffallen und gleichzeitig Wert auf Komfort und Qualit\u00e4t legen. Mit diesem legend\u00e4ren Nike-Schuh, der f\u00fcr h\u00f6chste Anspr\u00fcche entwickelt wurde, hinterlassen Sie \u00fcberall einen bleibenden Eindruck und lassen Ihre Schuhe B\u00e4nde sprechen.<\/p>\n<ul>\n<li><strong>Farbgebung:<\/strong> Multicolor\/Sail\/Game Royal\/Multicolor<\/li>\n<li><strong>Style-Code:<\/strong> IH0888-900<\/li>\n<li><strong>Obermaterial:<\/strong> Denim<\/li>\n<li><strong>Mittelsohle:<\/strong> Zoom Air<\/li>\n<li><strong>Farbe:<\/strong> Blau<\/li>\n<li><strong>Designer:<\/strong> Benjamin Nethongkome<\/li>\n<\/ul>\n","protected":false},"excerpt":{"rendered":"<p>Nike Book 1 \u201d\u201d Multicolor\/Sail\/Game Royal\/Multicolor<\/p>\n","protected":false},"featured_media":96553,"comment_status":"open","ping_status":"closed","template":"","meta":[],"product_brand":[],"product_cat":[10803],"product_tag":[10800,10754,10777,10801,10802,10758],"class_list":{"0":"post-96552","1":"product","2":"type-product","3":"status-publish","4":"has-post-thumbnail","6":"product_cat-nike","7":"product_tag-basketball-shoes","8":"product_tag-lifestyle-casual-shoes","9":"product_tag-lifestyle-shoes-basketball-inspired","10":"product_tag-nike","11":"product_tag-performance-sport-shoes","12":"product_tag-under-retail","13":"wcpa_has_options","15":"first","16":"outofstock","17":"taxable","18":"shipping-taxable","19":"purchasable","20":"product-type-simple"},"wcpa_form_fields":{"rules":{"pric_overide_base_price":false,"pric_overide_base_price_if_gt_zero":false,"pric_overide_base_price_fully":false,"pric_cal_option_once":false,"pric_use_as_fee":false,"bind_quantity":false,"quantity_bind_formula":false},"fields":[{"type":"color-group","required":true,"elementId":"wcpa-color-group-66c4a75505e74","label":"Gr\u00f6\u00dfe - EU Gr\u00f6\u00dfe","inline":true,"priceOptions":"different_for_all","pricingType":"fixed","className":"hassizechart product-shoes-size-eu product-shoes-size","name":"color-group-66c4a75505e89","disp_type":"square","selection_type":"tick-border","disp_size":"44","show_label_inside":true,"adjust_width":true,"cart_display_type":"text","other_text":"Other","cl_rule":"show","col":6,"values":[{"label":"35.5","value":"EU 35.5","price":"","pimage":"","pimage_id":"","pthumb":"","color":""},{"label":"36","value":"EU 36","price":"","pimage":"","pimage_id":"","pthumb":"","color":"","selected":true},{"label":"36.5","value":"EU 36.5","price":"","pimage":"","pimage_id":"","pthumb":"","color":""},{"label":"37.5","value":"EU 37.5","price":"","pimage":"","pimage_id":"","pthumb":"","color":""},{"label":"38","value":"EU 38","price":"","pimage":"","pimage_id":"","pthumb":"","color":""},{"label":"38.5","value":"EU 38.5","price":"","pimage":"","pimage_id":"","pthumb":"","color":""},{"label":"39","value":"EU 39","price":"","pimage":"","pimage_id":"","pthumb":"","color":""},{"label":"40","value":"EU 40","price":"","pimage":"","pimage_id":"","pthumb":"","color":""},{"label":"40.5","value":"EU 40.5","price":"","pimage":"","pimage_id":"","pthumb":"","color":""},{"label":"41","value":"EU 41","price":"","pimage":"","pimage_id":"","pthumb":"","color":""},{"label":"42","value":"EU 42","price":"","pimage":"","pimage_id":"","pthumb":"","color":""},{"label":"42.5","value":"EU 42.5","price":"","pimage":"","pimage_id":"","pthumb":"","color":""},{"label":"43","value":"EU 43","price":"","pimage":"","pimage_id":"","pthumb":"","color":""},{"label":"44","value":"EU 44","price":"","pimage":"","pimage_id":"","pthumb":"","color":""},{"label":"44.5","value":"EU 44.5","price":"","pimage":"","pimage_id":"","pthumb":"","color":""},{"label":"45","value":"EU 45","price":"","pimage":"","pimage_id":"","pthumb":"","color":""},{"label":"45.5","value":"EU 45.5","price":"","pimage":"","pimage_id":"","pthumb":"","color":""},{"label":"46","value":"EU 46","price":"","pimage":"","pimage_id":"","pthumb":"","color":""},{"label":"47","value":"EU 47","price":"","pimage":"","pimage_id":"","pthumb":"","color":""},{"label":"47.5","value":"EU 47.5","price":"","pimage":"","pimage_id":"","pthumb":"","color":""},{"label":"48","value":"EU 48","price":"","pimage":"","pimage_id":"","pthumb":"","color":""}],"relations":[{"operator":false,"rules":[]}],"form_id":18106,"form_rules":{"pric_cal_option_once":false,"exclude_from_discount":false,"pric_use_as_fee":false,"fee_label":"Fee","render_after_acb":false,"disp_hide_options_price":false}}]},"yoast_head":"<!-- This site is optimized with the Yoast SEO plugin v26.5 - https:\/\/yoast.com\/wordpress\/plugins\/seo\/ -->\n<title>Nike Book 1 &quot;Blue Blood&quot; EP  - Tourcruiser PTE. LTD<\/title>\n<meta name=\"robots\" content=\"index, follow, max-snippet:-1, max-image-preview:large, max-video-preview:-1\" \/>\n<link rel=\"canonical\" href=\"https:\/\/tourcruiser.com\/de\/products\/nike-book-1-blue-blood-ep\/\" \/>\n<meta property=\"og:locale\" content=\"de_DE\" \/>\n<meta property=\"og:type\" content=\"article\" \/>\n<meta property=\"og:title\" content=\"Nike Book 1 &quot;Blue Blood&quot; EP  - Tourcruiser PTE. LTD\" \/>\n<meta property=\"og:description\" content=\"Nike Book 1 \u201d\u201d Multicolor\/Sail\/Game Royal\/Multicolor\" \/>\n<meta property=\"og:url\" content=\"https:\/\/tourcruiser.com\/de\/products\/nike-book-1-blue-blood-ep\/\" \/>\n<meta property=\"og:site_name\" content=\"Tourcruiser Sneaker Store\" \/>\n<meta property=\"article:modified_time\" content=\"2026-03-27T18:08:26+00:00\" \/>\n<meta name=\"twitter:card\" content=\"summary_large_image\" \/>\n<meta name=\"twitter:image\" content=\"https:\/\/images.novelship.com\/product\/nike_book_1__blue_blood__ep_ih0888-900_0_76964.png;https:\/\/images.novelship.com\/product\/nike_book_1__blue_blood__ep_ih0888-900_1_76964.png;https:\/\/images.novelship.com\/product\/nike_book_1__blue_blood__ep_ih0888-900_2_76964.png;https:\/\/images.novelship.com\/product\/nike_book_1__blue_blood__ep_ih0888-900_3_76964.png;https:\/\/images.novelship.com\/product\/nike_book_1__blue_blood__ep_ih0888-900_4_76964.png;https:\/\/images.novelship.com\/product\/nike_book_1__blue_blood__ep_ih0888-900_5_76964.png;https:\/\/images.novelship.com\/product\/nike_book_1__blue_blood__ep_ih0888-900_6_76964.png;https:\/\/images.novelship.com\/product\/nike_book_1__blue_blood__ep_ih0888-900_7_76964.png;https:\/\/images.novelship.com\/product\/nike_book_1__blue_blood__ep_ih0888-900_8_76964.png\" \/>\n<meta name=\"twitter:label1\" content=\"Gesch\u00e4tzte Lesezeit\" \/>\n\t<meta name=\"twitter:data1\" content=\"1\u00a0Minute\" \/>\n<script type=\"application\/ld+json\" class=\"yoast-schema-graph\">{\"@context\":\"https:\/\/schema.org\",\"@graph\":[{\"@type\":\"WebPage\",\"@id\":\"https:\/\/tourcruiser.com\/de\/products\/nike-book-1-blue-blood-ep\/\",\"url\":\"https:\/\/tourcruiser.com\/de\/products\/nike-book-1-blue-blood-ep\/\",\"name\":\"Nike Book 1 \\\"Blue Blood\\\" EP - Tourcruiser PTE. LTD\",\"isPartOf\":{\"@id\":\"https:\/\/tourcruiser.com\/de\/#website\"},\"primaryImageOfPage\":{\"@id\":\"https:\/\/tourcruiser.com\/de\/products\/nike-book-1-blue-blood-ep\/#primaryimage\"},\"image\":{\"@id\":\"https:\/\/tourcruiser.com\/de\/products\/nike-book-1-blue-blood-ep\/#primaryimage\"},\"thumbnailUrl\":\"https:\/\/images.novelship.com\/product\/nike_book_1__blue_blood__ep_ih0888-900_0_76964.png;https:\/\/images.novelship.com\/product\/nike_book_1__blue_blood__ep_ih0888-900_1_76964.png;https:\/\/images.novelship.com\/product\/nike_book_1__blue_blood__ep_ih0888-900_2_76964.png;https:\/\/images.novelship.com\/product\/nike_book_1__blue_blood__ep_ih0888-900_3_76964.png;https:\/\/images.novelship.com\/product\/nike_book_1__blue_blood__ep_ih0888-900_4_76964.png;https:\/\/images.novelship.com\/product\/nike_book_1__blue_blood__ep_ih0888-900_5_76964.png;https:\/\/images.novelship.com\/product\/nike_book_1__blue_blood__ep_ih0888-900_6_76964.png;https:\/\/images.novelship.com\/product\/nike_book_1__blue_blood__ep_ih0888-900_7_76964.png;https:\/\/images.novelship.com\/product\/nike_book_1__blue_blood__ep_ih0888-900_8_76964.png\",\"datePublished\":\"2026-03-02T08:27:24+00:00\",\"dateModified\":\"2026-03-27T18:08:26+00:00\",\"breadcrumb\":{\"@id\":\"https:\/\/tourcruiser.com\/de\/products\/nike-book-1-blue-blood-ep\/#breadcrumb\"},\"inLanguage\":\"de\",\"potentialAction\":[{\"@type\":\"ReadAction\",\"target\":[\"https:\/\/tourcruiser.com\/de\/products\/nike-book-1-blue-blood-ep\/\"]}]},{\"@type\":\"ImageObject\",\"inLanguage\":\"de\",\"@id\":\"https:\/\/tourcruiser.com\/de\/products\/nike-book-1-blue-blood-ep\/#primaryimage\",\"url\":\"https:\/\/images.novelship.com\/product\/nike_book_1__blue_blood__ep_ih0888-900_0_76964.png;https:\/\/images.novelship.com\/product\/nike_book_1__blue_blood__ep_ih0888-900_1_76964.png;https:\/\/images.novelship.com\/product\/nike_book_1__blue_blood__ep_ih0888-900_2_76964.png;https:\/\/images.novelship.com\/product\/nike_book_1__blue_blood__ep_ih0888-900_3_76964.png;https:\/\/images.novelship.com\/product\/nike_book_1__blue_blood__ep_ih0888-900_4_76964.png;https:\/\/images.novelship.com\/product\/nike_book_1__blue_blood__ep_ih0888-900_5_76964.png;https:\/\/images.novelship.com\/product\/nike_book_1__blue_blood__ep_ih0888-900_6_76964.png;https:\/\/images.novelship.com\/product\/nike_book_1__blue_blood__ep_ih0888-900_7_76964.png;https:\/\/images.novelship.com\/product\/nike_book_1__blue_blood__ep_ih0888-900_8_76964.png\",\"contentUrl\":\"https:\/\/images.novelship.com\/product\/nike_book_1__blue_blood__ep_ih0888-900_0_76964.png;https:\/\/images.novelship.com\/product\/nike_book_1__blue_blood__ep_ih0888-900_1_76964.png;https:\/\/images.novelship.com\/product\/nike_book_1__blue_blood__ep_ih0888-900_2_76964.png;https:\/\/images.novelship.com\/product\/nike_book_1__blue_blood__ep_ih0888-900_3_76964.png;https:\/\/images.novelship.com\/product\/nike_book_1__blue_blood__ep_ih0888-900_4_76964.png;https:\/\/images.novelship.com\/product\/nike_book_1__blue_blood__ep_ih0888-900_5_76964.png;https:\/\/images.novelship.com\/product\/nike_book_1__blue_blood__ep_ih0888-900_6_76964.png;https:\/\/images.novelship.com\/product\/nike_book_1__blue_blood__ep_ih0888-900_7_76964.png;https:\/\/images.novelship.com\/product\/nike_book_1__blue_blood__ep_ih0888-900_8_76964.png\"},{\"@type\":\"BreadcrumbList\",\"@id\":\"https:\/\/tourcruiser.com\/de\/products\/nike-book-1-blue-blood-ep\/#breadcrumb\",\"itemListElement\":[{\"@type\":\"ListItem\",\"position\":1,\"name\":\"Home\",\"item\":\"https:\/\/tourcruiser.com\/de\/\"},{\"@type\":\"ListItem\",\"position\":2,\"name\":\"Shop\",\"item\":\"https:\/\/tourcruiser.com\/de\/shop\/\"},{\"@type\":\"ListItem\",\"position\":3,\"name\":\"Nike Book 1 \\\"Blue Blood\\\" EP\"}]},{\"@type\":\"WebSite\",\"@id\":\"https:\/\/tourcruiser.com\/de\/#website\",\"url\":\"https:\/\/tourcruiser.com\/de\/\",\"name\":\"Styloral Jewelry Shop\",\"description\":\"Tourcruiser Sneaker Store \u2014 der Ort, an dem das Universum deine Einzigartigkeit trifft.\",\"publisher\":{\"@id\":\"https:\/\/tourcruiser.com\/de\/#organization\"},\"potentialAction\":[{\"@type\":\"SearchAction\",\"target\":{\"@type\":\"EntryPoint\",\"urlTemplate\":\"https:\/\/tourcruiser.com\/de\/?s={search_term_string}\"},\"query-input\":{\"@type\":\"PropertyValueSpecification\",\"valueRequired\":true,\"valueName\":\"search_term_string\"}}],\"inLanguage\":\"de\"},{\"@type\":\"Organization\",\"@id\":\"https:\/\/tourcruiser.com\/de\/#organization\",\"name\":\"STYLORAL PTE. LTD\",\"url\":\"https:\/\/tourcruiser.com\/de\/\",\"logo\":{\"@type\":\"ImageObject\",\"inLanguage\":\"de\",\"@id\":\"https:\/\/tourcruiser.com\/de\/#\/schema\/logo\/image\/\",\"url\":\"https:\/\/www.tourcruiser.com\/wp-content\/uploads\/2025\/12\/logo.png\",\"contentUrl\":\"https:\/\/www.tourcruiser.com\/wp-content\/uploads\/2025\/12\/logo.png\",\"width\":200,\"height\":65,\"caption\":\"STYLORAL PTE. LTD\"},\"image\":{\"@id\":\"https:\/\/tourcruiser.com\/de\/#\/schema\/logo\/image\/\"}}]}<\/script>\n<!-- \/ Yoast SEO plugin. -->","yoast_head_json":{"title":"Nike Book 1 \"Blue Blood\" EP  - Tourcruiser PTE. LTD","robots":{"index":"index","follow":"follow","max-snippet":"max-snippet:-1","max-image-preview":"max-image-preview:large","max-video-preview":"max-video-preview:-1"},"canonical":"https:\/\/tourcruiser.com\/de\/products\/nike-book-1-blue-blood-ep\/","og_locale":"de_DE","og_type":"article","og_title":"Nike Book 1 \"Blue Blood\" EP  - Tourcruiser PTE. LTD","og_description":"Nike Book 1 \u201d\u201d Multicolor\/Sail\/Game Royal\/Multicolor","og_url":"https:\/\/tourcruiser.com\/de\/products\/nike-book-1-blue-blood-ep\/","og_site_name":"Tourcruiser Sneaker Store","article_modified_time":"2026-03-27T18:08:26+00:00","twitter_card":"summary_large_image","twitter_image":"https:\/\/images.novelship.com\/product\/nike_book_1__blue_blood__ep_ih0888-900_0_76964.png;https:\/\/images.novelship.com\/product\/nike_book_1__blue_blood__ep_ih0888-900_1_76964.png;https:\/\/images.novelship.com\/product\/nike_book_1__blue_blood__ep_ih0888-900_2_76964.png;https:\/\/images.novelship.com\/product\/nike_book_1__blue_blood__ep_ih0888-900_3_76964.png;https:\/\/images.novelship.com\/product\/nike_book_1__blue_blood__ep_ih0888-900_4_76964.png;https:\/\/images.novelship.com\/product\/nike_book_1__blue_blood__ep_ih0888-900_5_76964.png;https:\/\/images.novelship.com\/product\/nike_book_1__blue_blood__ep_ih0888-900_6_76964.png;https:\/\/images.novelship.com\/product\/nike_book_1__blue_blood__ep_ih0888-900_7_76964.png;https:\/\/images.novelship.com\/product\/nike_book_1__blue_blood__ep_ih0888-900_8_76964.png","twitter_misc":{"Gesch\u00e4tzte Lesezeit":"1\u00a0Minute"},"schema":{"@context":"https:\/\/schema.org","@graph":[{"@type":"WebPage","@id":"https:\/\/tourcruiser.com\/de\/products\/nike-book-1-blue-blood-ep\/","url":"https:\/\/tourcruiser.com\/de\/products\/nike-book-1-blue-blood-ep\/","name":"Nike Book 1 \"Blue Blood\" EP - Tourcruiser PTE. LTD","isPartOf":{"@id":"https:\/\/tourcruiser.com\/de\/#website"},"primaryImageOfPage":{"@id":"https:\/\/tourcruiser.com\/de\/products\/nike-book-1-blue-blood-ep\/#primaryimage"},"image":{"@id":"https:\/\/tourcruiser.com\/de\/products\/nike-book-1-blue-blood-ep\/#primaryimage"},"thumbnailUrl":"https:\/\/images.novelship.com\/product\/nike_book_1__blue_blood__ep_ih0888-900_0_76964.png;https:\/\/images.novelship.com\/product\/nike_book_1__blue_blood__ep_ih0888-900_1_76964.png;https:\/\/images.novelship.com\/product\/nike_book_1__blue_blood__ep_ih0888-900_2_76964.png;https:\/\/images.novelship.com\/product\/nike_book_1__blue_blood__ep_ih0888-900_3_76964.png;https:\/\/images.novelship.com\/product\/nike_book_1__blue_blood__ep_ih0888-900_4_76964.png;https:\/\/images.novelship.com\/product\/nike_book_1__blue_blood__ep_ih0888-900_5_76964.png;https:\/\/images.novelship.com\/product\/nike_book_1__blue_blood__ep_ih0888-900_6_76964.png;https:\/\/images.novelship.com\/product\/nike_book_1__blue_blood__ep_ih0888-900_7_76964.png;https:\/\/images.novelship.com\/product\/nike_book_1__blue_blood__ep_ih0888-900_8_76964.png","datePublished":"2026-03-02T08:27:24+00:00","dateModified":"2026-03-27T18:08:26+00:00","breadcrumb":{"@id":"https:\/\/tourcruiser.com\/de\/products\/nike-book-1-blue-blood-ep\/#breadcrumb"},"inLanguage":"de","potentialAction":[{"@type":"ReadAction","target":["https:\/\/tourcruiser.com\/de\/products\/nike-book-1-blue-blood-ep\/"]}]},{"@type":"ImageObject","inLanguage":"de","@id":"https:\/\/tourcruiser.com\/de\/products\/nike-book-1-blue-blood-ep\/#primaryimage","url":"https:\/\/images.novelship.com\/product\/nike_book_1__blue_blood__ep_ih0888-900_0_76964.png;https:\/\/images.novelship.com\/product\/nike_book_1__blue_blood__ep_ih0888-900_1_76964.png;https:\/\/images.novelship.com\/product\/nike_book_1__blue_blood__ep_ih0888-900_2_76964.png;https:\/\/images.novelship.com\/product\/nike_book_1__blue_blood__ep_ih0888-900_3_76964.png;https:\/\/images.novelship.com\/product\/nike_book_1__blue_blood__ep_ih0888-900_4_76964.png;https:\/\/images.novelship.com\/product\/nike_book_1__blue_blood__ep_ih0888-900_5_76964.png;https:\/\/images.novelship.com\/product\/nike_book_1__blue_blood__ep_ih0888-900_6_76964.png;https:\/\/images.novelship.com\/product\/nike_book_1__blue_blood__ep_ih0888-900_7_76964.png;https:\/\/images.novelship.com\/product\/nike_book_1__blue_blood__ep_ih0888-900_8_76964.png","contentUrl":"https:\/\/images.novelship.com\/product\/nike_book_1__blue_blood__ep_ih0888-900_0_76964.png;https:\/\/images.novelship.com\/product\/nike_book_1__blue_blood__ep_ih0888-900_1_76964.png;https:\/\/images.novelship.com\/product\/nike_book_1__blue_blood__ep_ih0888-900_2_76964.png;https:\/\/images.novelship.com\/product\/nike_book_1__blue_blood__ep_ih0888-900_3_76964.png;https:\/\/images.novelship.com\/product\/nike_book_1__blue_blood__ep_ih0888-900_4_76964.png;https:\/\/images.novelship.com\/product\/nike_book_1__blue_blood__ep_ih0888-900_5_76964.png;https:\/\/images.novelship.com\/product\/nike_book_1__blue_blood__ep_ih0888-900_6_76964.png;https:\/\/images.novelship.com\/product\/nike_book_1__blue_blood__ep_ih0888-900_7_76964.png;https:\/\/images.novelship.com\/product\/nike_book_1__blue_blood__ep_ih0888-900_8_76964.png"},{"@type":"BreadcrumbList","@id":"https:\/\/tourcruiser.com\/de\/products\/nike-book-1-blue-blood-ep\/#breadcrumb","itemListElement":[{"@type":"ListItem","position":1,"name":"Home","item":"https:\/\/tourcruiser.com\/de\/"},{"@type":"ListItem","position":2,"name":"Shop","item":"https:\/\/tourcruiser.com\/de\/shop\/"},{"@type":"ListItem","position":3,"name":"Nike Book 1 \"Blue Blood\" EP"}]},{"@type":"WebSite","@id":"https:\/\/tourcruiser.com\/de\/#website","url":"https:\/\/tourcruiser.com\/de\/","name":"Styloral Jewelry Shop","description":"Tourcruiser Sneaker Store \u2014 der Ort, an dem das Universum deine Einzigartigkeit trifft.","publisher":{"@id":"https:\/\/tourcruiser.com\/de\/#organization"},"potentialAction":[{"@type":"SearchAction","target":{"@type":"EntryPoint","urlTemplate":"https:\/\/tourcruiser.com\/de\/?s={search_term_string}"},"query-input":{"@type":"PropertyValueSpecification","valueRequired":true,"valueName":"search_term_string"}}],"inLanguage":"de"},{"@type":"Organization","@id":"https:\/\/tourcruiser.com\/de\/#organization","name":"STYLORAL PTE. LTD","url":"https:\/\/tourcruiser.com\/de\/","logo":{"@type":"ImageObject","inLanguage":"de","@id":"https:\/\/tourcruiser.com\/de\/#\/schema\/logo\/image\/","url":"https:\/\/www.tourcruiser.com\/wp-content\/uploads\/2025\/12\/logo.png","contentUrl":"https:\/\/www.tourcruiser.com\/wp-content\/uploads\/2025\/12\/logo.png","width":200,"height":65,"caption":"STYLORAL PTE. LTD"},"image":{"@id":"https:\/\/tourcruiser.com\/de\/#\/schema\/logo\/image\/"}}]}},"_links":{"self":[{"href":"https:\/\/tourcruiser.com\/de\/wp-json\/wp\/v2\/product\/96552","targetHints":{"allow":["GET"]}}],"collection":[{"href":"https:\/\/tourcruiser.com\/de\/wp-json\/wp\/v2\/product"}],"about":[{"href":"https:\/\/tourcruiser.com\/de\/wp-json\/wp\/v2\/types\/product"}],"replies":[{"embeddable":true,"href":"https:\/\/tourcruiser.com\/de\/wp-json\/wp\/v2\/comments?post=96552"}],"wp:featuredmedia":[{"embeddable":true,"href":"https:\/\/tourcruiser.com\/de\/wp-json\/wp\/v2\/media\/96553"}],"wp:attachment":[{"href":"https:\/\/tourcruiser.com\/de\/wp-json\/wp\/v2\/media?parent=96552"}],"wp:term":[{"taxonomy":"product_brand","embeddable":true,"href":"https:\/\/tourcruiser.com\/de\/wp-json\/wp\/v2\/product_brand?post=96552"},{"taxonomy":"product_cat","embeddable":true,"href":"https:\/\/tourcruiser.com\/de\/wp-json\/wp\/v2\/product_cat?post=96552"},{"taxonomy":"product_tag","embeddable":true,"href":"https:\/\/tourcruiser.com\/de\/wp-json\/wp\/v2\/product_tag?post=96552"}],"curies":[{"name":"wp","href":"https:\/\/api.w.org\/{rel}","templated":true}]}}