{"id":90009,"date":"2026-03-02T15:25:58","date_gmt":"2026-03-02T08:25:58","guid":{"rendered":"http:\/\/tourcruiser.com\/product\/adidas-sl-72-rs-grey-grey"},"modified":"2026-03-28T01:07:46","modified_gmt":"2026-03-27T18:07:46","slug":"adidas-sl-72-rs-grey-grey","status":"publish","type":"product","link":"https:\/\/tourcruiser.com\/de\/products\/adidas-sl-72-rs-grey-grey\/","title":{"rendered":"adidas SL 72 RS &#8218;Grey Grey&#8216;"},"content":{"rendered":"<p>Der adidas SL 72 RS \u201eGrey Grey\u201c IH8018 vereint nahtlos Retro-\u00c4sthetik mit moderner Funktionalit\u00e4t und bietet so eine stylische und bequeme Option f\u00fcr jeden Tag. Die elegante Silhouette besticht durch ein strapazierf\u00e4higes Obermaterial aus Textil und Veloursleder in vielseitigen Graut\u00f6nen, das dezente Raffinesse und zeitlosen Charme ausstrahlt. Der leichte und atmungsaktive Schuh ist f\u00fcr ganzt\u00e4gigen Tragekomfort konzipiert und eignet sich ideal f\u00fcr Freizeit und einen aktiven Lebensstil.<\/p>\n<p>Die EVA-Zwischensohle sorgt f\u00fcr hervorragende D\u00e4mpfung und Sto\u00dfabsorption, w\u00e4hrend die ikonischen, gezackten 3-Streifen an der Seite an die traditionsreiche Geschichte von adidas erinnern. Die griffige Gummiau\u00dfensohle bietet exzellente Traktion und macht den Schuh zu einer zuverl\u00e4ssigen Wahl auf unterschiedlichen Untergr\u00fcnden. Mit viel Liebe zum Detail gefertigt, ist dieser Sneaker perfekt f\u00fcr alle, die Vintage-Flair in Kombination mit moderner Performance sch\u00e4tzen. Ob du die Stra\u00dfen der Stadt erkundest oder einen l\u00e4ssigen Look kreierst, der adidas SL 72 RS &#8218;Grey Grey&#8216; ist eine vielseitige Erg\u00e4nzung f\u00fcr deine Schuhsammlung.<\/p>\n<ul>\n<li><strong>Farbgebung:<\/strong> Grau\/Grey Six\/Grey Three<\/li>\n<li><strong>Style-Code:<\/strong> IH8018<\/li>\n<li><strong>Obermaterial:<\/strong> Nylon<\/li>\n<li><strong>Zwischensohle:<\/strong> EVA<\/li>\n<li><strong>Farbe:<\/strong> Grau<\/li>\n<\/ul>\n","protected":false},"excerpt":{"rendered":"<p>adidas SL 72 RS \u201d\u201d Grey\/Grey Six\/Grey Three<\/p>\n","protected":false},"featured_media":90010,"comment_status":"open","ping_status":"closed","template":"","meta":[],"product_brand":[],"product_cat":[10760],"product_tag":[10759,10750,10753,10754,10765,10768,10758],"class_list":{"0":"post-90009","1":"product","2":"type-product","3":"status-publish","4":"has-post-thumbnail","6":"product_cat-adidas","7":"product_tag-adidas","8":"product_tag-athleisure-shoes","9":"product_tag-gift-for-him","10":"product_tag-lifestyle-casual-shoes","11":"product_tag-lifestyle-shoes-running-inspired","12":"product_tag-retro-running-shoes","13":"product_tag-under-retail","14":"wcpa_has_options","16":"first","17":"outofstock","18":"taxable","19":"shipping-taxable","20":"purchasable","21":"product-type-simple"},"wcpa_form_fields":{"rules":{"pric_overide_base_price":false,"pric_overide_base_price_if_gt_zero":false,"pric_overide_base_price_fully":false,"pric_cal_option_once":false,"pric_use_as_fee":false,"bind_quantity":false,"quantity_bind_formula":false},"fields":[{"type":"color-group","required":true,"elementId":"wcpa-color-group-66c4a7f817afe","label":"Gr\u00f6\u00dfe","inline":true,"priceOptions":"different_for_all","pricingType":"fixed","className":"hassizechart product-shoes-size-eu product-shoes-size","name":"color-group-66c4a7f817b18","disp_type":"square","selection_type":"tick-border","disp_size":"50","show_label_inside":true,"adjust_width":true,"cart_display_type":"text","other_text":"Other","cl_rule":"show","col":6,"values":[{"label":"35","value":"EU 35","price":"","pimage":"","pimage_id":"","pthumb":"","color":""},{"label":"35.5","value":"EU 35.5","price":"","pimage":"","pimage_id":"","pthumb":"","color":""},{"label":"36","value":"EU 36","price":"","pimage":"","pimage_id":"","pthumb":"","color":"","selected":true},{"label":"36 2\/3","value":"EU 36 2\/3","price":"","pimage":"","pimage_id":"","pthumb":"","color":""},{"label":"37 1\/3","value":"EU 37 1\/3","price":"","pimage":"","pimage_id":"","pthumb":"","color":""},{"label":"38","value":"EU 38","price":"","pimage":"","pimage_id":"","pthumb":"","color":""},{"label":"38 2\/3","value":"EU 38 2\/3","price":"","pimage":"","pimage_id":"","pthumb":"","color":""},{"label":"39 1\/3","value":"EU 39 1\/3","price":"","pimage":"","pimage_id":"","pthumb":"","color":""},{"label":"40","value":"EU 40","price":"","pimage":"","pimage_id":"","pthumb":"","color":""},{"label":"40 2\/3","value":"EU 40 2\/3","price":"","pimage":"","pimage_id":"","pthumb":"","color":""},{"label":"41 1\/3","value":"EU 41 1\/3","price":"","pimage":"","pimage_id":"","pthumb":"","color":""},{"label":"42","value":"EU 42","price":"","pimage":"","pimage_id":"","pthumb":"","color":""},{"label":"42 2\/3","value":"EU 42 2\/3","price":"","pimage":"","pimage_id":"","pthumb":"","color":""},{"label":"43 1\/3","value":"EU 43 1\/3","price":"","pimage":"","pimage_id":"","pthumb":"","color":""},{"label":"44","value":"EU 44","price":"","pimage":"","pimage_id":"","pthumb":"","color":""},{"label":"44 2\/3","value":"EU 44 2\/3","price":"","pimage":"","pimage_id":"","pthumb":"","color":""},{"label":"45 1\/3","value":"EU 45 1\/3","price":"","pimage":"","pimage_id":"","pthumb":"","color":""},{"label":"46","value":"EU 46","price":"","pimage":"","pimage_id":"","pthumb":"","color":""},{"label":"46 2\/3","value":"EU 46 2\/3","price":"","pimage":"","pimage_id":"","pthumb":"","color":""},{"label":"47 1\/3","value":"EU 47 1\/3","price":"","pimage":"","pimage_id":"","pthumb":"","color":""}],"relations":[{"operator":false,"rules":[]}],"form_id":24802,"form_rules":{"pric_cal_option_once":false,"exclude_from_discount":false,"pric_use_as_fee":false,"fee_label":"Fee","render_after_acb":false,"disp_hide_options_price":false}}]},"yoast_head":"<!-- This site is optimized with the Yoast SEO plugin v26.5 - https:\/\/yoast.com\/wordpress\/plugins\/seo\/ -->\n<title>adidas SL 72 RS &#039;Grey Grey&#039;  - Tourcruiser PTE. LTD<\/title>\n<meta name=\"robots\" content=\"index, follow, max-snippet:-1, max-image-preview:large, max-video-preview:-1\" \/>\n<link rel=\"canonical\" href=\"https:\/\/tourcruiser.com\/de\/products\/adidas-sl-72-rs-grey-grey\/\" \/>\n<meta property=\"og:locale\" content=\"de_DE\" \/>\n<meta property=\"og:type\" content=\"article\" \/>\n<meta property=\"og:title\" content=\"adidas SL 72 RS &#039;Grey Grey&#039;  - Tourcruiser PTE. LTD\" \/>\n<meta property=\"og:description\" content=\"adidas SL 72 RS \u201d\u201d Grey\/Grey Six\/Grey Three\" \/>\n<meta property=\"og:url\" content=\"https:\/\/tourcruiser.com\/de\/products\/adidas-sl-72-rs-grey-grey\/\" \/>\n<meta property=\"og:site_name\" content=\"Tourcruiser Sneaker Store\" \/>\n<meta property=\"article:modified_time\" content=\"2026-03-27T18:07:46+00:00\" \/>\n<meta name=\"twitter:card\" content=\"summary_large_image\" \/>\n<meta name=\"twitter:image\" content=\"https:\/\/images.novelship.com\/product\/adidas_sl_72_rs__grey_grey__ih8018_0_80971.jpeg;https:\/\/images.novelship.com\/product\/adidas_sl_72_rs__grey_grey__ih8018_1_80971.jpeg;https:\/\/images.novelship.com\/product\/adidas_sl_72_rs__grey_grey__ih8018_2_80971.jpeg;https:\/\/images.novelship.com\/product\/adidas_sl_72_rs__grey_grey__ih8018_3_80971.jpeg;https:\/\/images.novelship.com\/product\/adidas_sl_72_rs__grey_grey__ih8018_4_80971.jpeg;https:\/\/images.novelship.com\/product\/adidas_sl_72_rs__grey_grey__ih8018_5_80971.jpeg;https:\/\/images.novelship.com\/product\/adidas_sl_72_rs__grey_grey__ih8018_6_80971.jpeg;https:\/\/images.novelship.com\/product\/adidas_sl_72_rs__grey_grey__ih8018_7_80971.jpeg;https:\/\/images.novelship.com\/product\/adidas_sl_72_rs__grey_grey__ih8018_8_80971.jpeg;https:\/\/images.novelship.com\/product\/adidas_sl_72_rs__grey_grey__ih8018_9_80971.jpeg\" \/>\n<meta name=\"twitter:label1\" content=\"Gesch\u00e4tzte Lesezeit\" \/>\n\t<meta name=\"twitter:data1\" content=\"1\u00a0Minute\" \/>\n<script type=\"application\/ld+json\" class=\"yoast-schema-graph\">{\"@context\":\"https:\/\/schema.org\",\"@graph\":[{\"@type\":\"WebPage\",\"@id\":\"https:\/\/tourcruiser.com\/de\/products\/adidas-sl-72-rs-grey-grey\/\",\"url\":\"https:\/\/tourcruiser.com\/de\/products\/adidas-sl-72-rs-grey-grey\/\",\"name\":\"adidas SL 72 RS 'Grey Grey' - Tourcruiser PTE. LTD\",\"isPartOf\":{\"@id\":\"https:\/\/tourcruiser.com\/de\/#website\"},\"primaryImageOfPage\":{\"@id\":\"https:\/\/tourcruiser.com\/de\/products\/adidas-sl-72-rs-grey-grey\/#primaryimage\"},\"image\":{\"@id\":\"https:\/\/tourcruiser.com\/de\/products\/adidas-sl-72-rs-grey-grey\/#primaryimage\"},\"thumbnailUrl\":\"https:\/\/images.novelship.com\/product\/adidas_sl_72_rs__grey_grey__ih8018_0_80971.jpeg;https:\/\/images.novelship.com\/product\/adidas_sl_72_rs__grey_grey__ih8018_1_80971.jpeg;https:\/\/images.novelship.com\/product\/adidas_sl_72_rs__grey_grey__ih8018_2_80971.jpeg;https:\/\/images.novelship.com\/product\/adidas_sl_72_rs__grey_grey__ih8018_3_80971.jpeg;https:\/\/images.novelship.com\/product\/adidas_sl_72_rs__grey_grey__ih8018_4_80971.jpeg;https:\/\/images.novelship.com\/product\/adidas_sl_72_rs__grey_grey__ih8018_5_80971.jpeg;https:\/\/images.novelship.com\/product\/adidas_sl_72_rs__grey_grey__ih8018_6_80971.jpeg;https:\/\/images.novelship.com\/product\/adidas_sl_72_rs__grey_grey__ih8018_7_80971.jpeg;https:\/\/images.novelship.com\/product\/adidas_sl_72_rs__grey_grey__ih8018_8_80971.jpeg;https:\/\/images.novelship.com\/product\/adidas_sl_72_rs__grey_grey__ih8018_9_80971.jpeg\",\"datePublished\":\"2026-03-02T08:25:58+00:00\",\"dateModified\":\"2026-03-27T18:07:46+00:00\",\"breadcrumb\":{\"@id\":\"https:\/\/tourcruiser.com\/de\/products\/adidas-sl-72-rs-grey-grey\/#breadcrumb\"},\"inLanguage\":\"de\",\"potentialAction\":[{\"@type\":\"ReadAction\",\"target\":[\"https:\/\/tourcruiser.com\/de\/products\/adidas-sl-72-rs-grey-grey\/\"]}]},{\"@type\":\"ImageObject\",\"inLanguage\":\"de\",\"@id\":\"https:\/\/tourcruiser.com\/de\/products\/adidas-sl-72-rs-grey-grey\/#primaryimage\",\"url\":\"https:\/\/images.novelship.com\/product\/adidas_sl_72_rs__grey_grey__ih8018_0_80971.jpeg;https:\/\/images.novelship.com\/product\/adidas_sl_72_rs__grey_grey__ih8018_1_80971.jpeg;https:\/\/images.novelship.com\/product\/adidas_sl_72_rs__grey_grey__ih8018_2_80971.jpeg;https:\/\/images.novelship.com\/product\/adidas_sl_72_rs__grey_grey__ih8018_3_80971.jpeg;https:\/\/images.novelship.com\/product\/adidas_sl_72_rs__grey_grey__ih8018_4_80971.jpeg;https:\/\/images.novelship.com\/product\/adidas_sl_72_rs__grey_grey__ih8018_5_80971.jpeg;https:\/\/images.novelship.com\/product\/adidas_sl_72_rs__grey_grey__ih8018_6_80971.jpeg;https:\/\/images.novelship.com\/product\/adidas_sl_72_rs__grey_grey__ih8018_7_80971.jpeg;https:\/\/images.novelship.com\/product\/adidas_sl_72_rs__grey_grey__ih8018_8_80971.jpeg;https:\/\/images.novelship.com\/product\/adidas_sl_72_rs__grey_grey__ih8018_9_80971.jpeg\",\"contentUrl\":\"https:\/\/images.novelship.com\/product\/adidas_sl_72_rs__grey_grey__ih8018_0_80971.jpeg;https:\/\/images.novelship.com\/product\/adidas_sl_72_rs__grey_grey__ih8018_1_80971.jpeg;https:\/\/images.novelship.com\/product\/adidas_sl_72_rs__grey_grey__ih8018_2_80971.jpeg;https:\/\/images.novelship.com\/product\/adidas_sl_72_rs__grey_grey__ih8018_3_80971.jpeg;https:\/\/images.novelship.com\/product\/adidas_sl_72_rs__grey_grey__ih8018_4_80971.jpeg;https:\/\/images.novelship.com\/product\/adidas_sl_72_rs__grey_grey__ih8018_5_80971.jpeg;https:\/\/images.novelship.com\/product\/adidas_sl_72_rs__grey_grey__ih8018_6_80971.jpeg;https:\/\/images.novelship.com\/product\/adidas_sl_72_rs__grey_grey__ih8018_7_80971.jpeg;https:\/\/images.novelship.com\/product\/adidas_sl_72_rs__grey_grey__ih8018_8_80971.jpeg;https:\/\/images.novelship.com\/product\/adidas_sl_72_rs__grey_grey__ih8018_9_80971.jpeg\"},{\"@type\":\"BreadcrumbList\",\"@id\":\"https:\/\/tourcruiser.com\/de\/products\/adidas-sl-72-rs-grey-grey\/#breadcrumb\",\"itemListElement\":[{\"@type\":\"ListItem\",\"position\":1,\"name\":\"Home\",\"item\":\"https:\/\/tourcruiser.com\/de\/\"},{\"@type\":\"ListItem\",\"position\":2,\"name\":\"Shop\",\"item\":\"https:\/\/tourcruiser.com\/de\/shop\/\"},{\"@type\":\"ListItem\",\"position\":3,\"name\":\"adidas SL 72 RS 'Grey Grey'\"}]},{\"@type\":\"WebSite\",\"@id\":\"https:\/\/tourcruiser.com\/de\/#website\",\"url\":\"https:\/\/tourcruiser.com\/de\/\",\"name\":\"Styloral Jewelry Shop\",\"description\":\"Tourcruiser Sneaker Store \u2014 der Ort, an dem das Universum deine Einzigartigkeit trifft.\",\"publisher\":{\"@id\":\"https:\/\/tourcruiser.com\/de\/#organization\"},\"potentialAction\":[{\"@type\":\"SearchAction\",\"target\":{\"@type\":\"EntryPoint\",\"urlTemplate\":\"https:\/\/tourcruiser.com\/de\/?s={search_term_string}\"},\"query-input\":{\"@type\":\"PropertyValueSpecification\",\"valueRequired\":true,\"valueName\":\"search_term_string\"}}],\"inLanguage\":\"de\"},{\"@type\":\"Organization\",\"@id\":\"https:\/\/tourcruiser.com\/de\/#organization\",\"name\":\"STYLORAL PTE. LTD\",\"url\":\"https:\/\/tourcruiser.com\/de\/\",\"logo\":{\"@type\":\"ImageObject\",\"inLanguage\":\"de\",\"@id\":\"https:\/\/tourcruiser.com\/de\/#\/schema\/logo\/image\/\",\"url\":\"https:\/\/www.tourcruiser.com\/wp-content\/uploads\/2025\/12\/logo.png\",\"contentUrl\":\"https:\/\/www.tourcruiser.com\/wp-content\/uploads\/2025\/12\/logo.png\",\"width\":200,\"height\":65,\"caption\":\"STYLORAL PTE. LTD\"},\"image\":{\"@id\":\"https:\/\/tourcruiser.com\/de\/#\/schema\/logo\/image\/\"}}]}<\/script>\n<!-- \/ Yoast SEO plugin. -->","yoast_head_json":{"title":"adidas SL 72 RS 'Grey Grey'  - Tourcruiser PTE. LTD","robots":{"index":"index","follow":"follow","max-snippet":"max-snippet:-1","max-image-preview":"max-image-preview:large","max-video-preview":"max-video-preview:-1"},"canonical":"https:\/\/tourcruiser.com\/de\/products\/adidas-sl-72-rs-grey-grey\/","og_locale":"de_DE","og_type":"article","og_title":"adidas SL 72 RS 'Grey Grey'  - Tourcruiser PTE. LTD","og_description":"adidas SL 72 RS \u201d\u201d Grey\/Grey Six\/Grey Three","og_url":"https:\/\/tourcruiser.com\/de\/products\/adidas-sl-72-rs-grey-grey\/","og_site_name":"Tourcruiser Sneaker Store","article_modified_time":"2026-03-27T18:07:46+00:00","twitter_card":"summary_large_image","twitter_image":"https:\/\/images.novelship.com\/product\/adidas_sl_72_rs__grey_grey__ih8018_0_80971.jpeg;https:\/\/images.novelship.com\/product\/adidas_sl_72_rs__grey_grey__ih8018_1_80971.jpeg;https:\/\/images.novelship.com\/product\/adidas_sl_72_rs__grey_grey__ih8018_2_80971.jpeg;https:\/\/images.novelship.com\/product\/adidas_sl_72_rs__grey_grey__ih8018_3_80971.jpeg;https:\/\/images.novelship.com\/product\/adidas_sl_72_rs__grey_grey__ih8018_4_80971.jpeg;https:\/\/images.novelship.com\/product\/adidas_sl_72_rs__grey_grey__ih8018_5_80971.jpeg;https:\/\/images.novelship.com\/product\/adidas_sl_72_rs__grey_grey__ih8018_6_80971.jpeg;https:\/\/images.novelship.com\/product\/adidas_sl_72_rs__grey_grey__ih8018_7_80971.jpeg;https:\/\/images.novelship.com\/product\/adidas_sl_72_rs__grey_grey__ih8018_8_80971.jpeg;https:\/\/images.novelship.com\/product\/adidas_sl_72_rs__grey_grey__ih8018_9_80971.jpeg","twitter_misc":{"Gesch\u00e4tzte Lesezeit":"1\u00a0Minute"},"schema":{"@context":"https:\/\/schema.org","@graph":[{"@type":"WebPage","@id":"https:\/\/tourcruiser.com\/de\/products\/adidas-sl-72-rs-grey-grey\/","url":"https:\/\/tourcruiser.com\/de\/products\/adidas-sl-72-rs-grey-grey\/","name":"adidas SL 72 RS 'Grey Grey' - Tourcruiser PTE. LTD","isPartOf":{"@id":"https:\/\/tourcruiser.com\/de\/#website"},"primaryImageOfPage":{"@id":"https:\/\/tourcruiser.com\/de\/products\/adidas-sl-72-rs-grey-grey\/#primaryimage"},"image":{"@id":"https:\/\/tourcruiser.com\/de\/products\/adidas-sl-72-rs-grey-grey\/#primaryimage"},"thumbnailUrl":"https:\/\/images.novelship.com\/product\/adidas_sl_72_rs__grey_grey__ih8018_0_80971.jpeg;https:\/\/images.novelship.com\/product\/adidas_sl_72_rs__grey_grey__ih8018_1_80971.jpeg;https:\/\/images.novelship.com\/product\/adidas_sl_72_rs__grey_grey__ih8018_2_80971.jpeg;https:\/\/images.novelship.com\/product\/adidas_sl_72_rs__grey_grey__ih8018_3_80971.jpeg;https:\/\/images.novelship.com\/product\/adidas_sl_72_rs__grey_grey__ih8018_4_80971.jpeg;https:\/\/images.novelship.com\/product\/adidas_sl_72_rs__grey_grey__ih8018_5_80971.jpeg;https:\/\/images.novelship.com\/product\/adidas_sl_72_rs__grey_grey__ih8018_6_80971.jpeg;https:\/\/images.novelship.com\/product\/adidas_sl_72_rs__grey_grey__ih8018_7_80971.jpeg;https:\/\/images.novelship.com\/product\/adidas_sl_72_rs__grey_grey__ih8018_8_80971.jpeg;https:\/\/images.novelship.com\/product\/adidas_sl_72_rs__grey_grey__ih8018_9_80971.jpeg","datePublished":"2026-03-02T08:25:58+00:00","dateModified":"2026-03-27T18:07:46+00:00","breadcrumb":{"@id":"https:\/\/tourcruiser.com\/de\/products\/adidas-sl-72-rs-grey-grey\/#breadcrumb"},"inLanguage":"de","potentialAction":[{"@type":"ReadAction","target":["https:\/\/tourcruiser.com\/de\/products\/adidas-sl-72-rs-grey-grey\/"]}]},{"@type":"ImageObject","inLanguage":"de","@id":"https:\/\/tourcruiser.com\/de\/products\/adidas-sl-72-rs-grey-grey\/#primaryimage","url":"https:\/\/images.novelship.com\/product\/adidas_sl_72_rs__grey_grey__ih8018_0_80971.jpeg;https:\/\/images.novelship.com\/product\/adidas_sl_72_rs__grey_grey__ih8018_1_80971.jpeg;https:\/\/images.novelship.com\/product\/adidas_sl_72_rs__grey_grey__ih8018_2_80971.jpeg;https:\/\/images.novelship.com\/product\/adidas_sl_72_rs__grey_grey__ih8018_3_80971.jpeg;https:\/\/images.novelship.com\/product\/adidas_sl_72_rs__grey_grey__ih8018_4_80971.jpeg;https:\/\/images.novelship.com\/product\/adidas_sl_72_rs__grey_grey__ih8018_5_80971.jpeg;https:\/\/images.novelship.com\/product\/adidas_sl_72_rs__grey_grey__ih8018_6_80971.jpeg;https:\/\/images.novelship.com\/product\/adidas_sl_72_rs__grey_grey__ih8018_7_80971.jpeg;https:\/\/images.novelship.com\/product\/adidas_sl_72_rs__grey_grey__ih8018_8_80971.jpeg;https:\/\/images.novelship.com\/product\/adidas_sl_72_rs__grey_grey__ih8018_9_80971.jpeg","contentUrl":"https:\/\/images.novelship.com\/product\/adidas_sl_72_rs__grey_grey__ih8018_0_80971.jpeg;https:\/\/images.novelship.com\/product\/adidas_sl_72_rs__grey_grey__ih8018_1_80971.jpeg;https:\/\/images.novelship.com\/product\/adidas_sl_72_rs__grey_grey__ih8018_2_80971.jpeg;https:\/\/images.novelship.com\/product\/adidas_sl_72_rs__grey_grey__ih8018_3_80971.jpeg;https:\/\/images.novelship.com\/product\/adidas_sl_72_rs__grey_grey__ih8018_4_80971.jpeg;https:\/\/images.novelship.com\/product\/adidas_sl_72_rs__grey_grey__ih8018_5_80971.jpeg;https:\/\/images.novelship.com\/product\/adidas_sl_72_rs__grey_grey__ih8018_6_80971.jpeg;https:\/\/images.novelship.com\/product\/adidas_sl_72_rs__grey_grey__ih8018_7_80971.jpeg;https:\/\/images.novelship.com\/product\/adidas_sl_72_rs__grey_grey__ih8018_8_80971.jpeg;https:\/\/images.novelship.com\/product\/adidas_sl_72_rs__grey_grey__ih8018_9_80971.jpeg"},{"@type":"BreadcrumbList","@id":"https:\/\/tourcruiser.com\/de\/products\/adidas-sl-72-rs-grey-grey\/#breadcrumb","itemListElement":[{"@type":"ListItem","position":1,"name":"Home","item":"https:\/\/tourcruiser.com\/de\/"},{"@type":"ListItem","position":2,"name":"Shop","item":"https:\/\/tourcruiser.com\/de\/shop\/"},{"@type":"ListItem","position":3,"name":"adidas SL 72 RS 'Grey Grey'"}]},{"@type":"WebSite","@id":"https:\/\/tourcruiser.com\/de\/#website","url":"https:\/\/tourcruiser.com\/de\/","name":"Styloral Jewelry Shop","description":"Tourcruiser Sneaker Store \u2014 der Ort, an dem das Universum deine Einzigartigkeit trifft.","publisher":{"@id":"https:\/\/tourcruiser.com\/de\/#organization"},"potentialAction":[{"@type":"SearchAction","target":{"@type":"EntryPoint","urlTemplate":"https:\/\/tourcruiser.com\/de\/?s={search_term_string}"},"query-input":{"@type":"PropertyValueSpecification","valueRequired":true,"valueName":"search_term_string"}}],"inLanguage":"de"},{"@type":"Organization","@id":"https:\/\/tourcruiser.com\/de\/#organization","name":"STYLORAL PTE. LTD","url":"https:\/\/tourcruiser.com\/de\/","logo":{"@type":"ImageObject","inLanguage":"de","@id":"https:\/\/tourcruiser.com\/de\/#\/schema\/logo\/image\/","url":"https:\/\/www.tourcruiser.com\/wp-content\/uploads\/2025\/12\/logo.png","contentUrl":"https:\/\/www.tourcruiser.com\/wp-content\/uploads\/2025\/12\/logo.png","width":200,"height":65,"caption":"STYLORAL PTE. LTD"},"image":{"@id":"https:\/\/tourcruiser.com\/de\/#\/schema\/logo\/image\/"}}]}},"_links":{"self":[{"href":"https:\/\/tourcruiser.com\/de\/wp-json\/wp\/v2\/product\/90009","targetHints":{"allow":["GET"]}}],"collection":[{"href":"https:\/\/tourcruiser.com\/de\/wp-json\/wp\/v2\/product"}],"about":[{"href":"https:\/\/tourcruiser.com\/de\/wp-json\/wp\/v2\/types\/product"}],"replies":[{"embeddable":true,"href":"https:\/\/tourcruiser.com\/de\/wp-json\/wp\/v2\/comments?post=90009"}],"wp:featuredmedia":[{"embeddable":true,"href":"https:\/\/tourcruiser.com\/de\/wp-json\/wp\/v2\/media\/90010"}],"wp:attachment":[{"href":"https:\/\/tourcruiser.com\/de\/wp-json\/wp\/v2\/media?parent=90009"}],"wp:term":[{"taxonomy":"product_brand","embeddable":true,"href":"https:\/\/tourcruiser.com\/de\/wp-json\/wp\/v2\/product_brand?post=90009"},{"taxonomy":"product_cat","embeddable":true,"href":"https:\/\/tourcruiser.com\/de\/wp-json\/wp\/v2\/product_cat?post=90009"},{"taxonomy":"product_tag","embeddable":true,"href":"https:\/\/tourcruiser.com\/de\/wp-json\/wp\/v2\/product_tag?post=90009"}],"curies":[{"name":"wp","href":"https:\/\/api.w.org\/{rel}","templated":true}]}}