{"id":88883,"date":"2026-03-02T15:25:44","date_gmt":"2026-03-02T08:25:44","guid":{"rendered":"http:\/\/tourcruiser.com\/product\/nike-zegama-2-phantom-khaki-denim"},"modified":"2026-03-28T01:07:38","modified_gmt":"2026-03-27T18:07:38","slug":"nike-zegama-2-phantom-khaki-denim","status":"publish","type":"product","link":"https:\/\/tourcruiser.com\/de\/products\/nike-zegama-2-phantom-khaki-denim\/","title":{"rendered":"Nike Zegama 2 &#8218;Phantom Khaki Denim&#8216;"},"content":{"rendered":"<p>Der Nike Zegama 2 \u201ePhantom Khaki Denim\u201c FD5190-005 vereint hohe Performance, robuste Strapazierf\u00e4higkeit und modernen Style f\u00fcr Trailrunning und Outdoor-Abenteuer. Das atmungsaktive, leichte Obermaterial in hochwertigen Khaki- und Denim-T\u00f6nen verleiht dem Schuh eine elegante und zugleich nat\u00fcrliche Optik und macht ihn vielseitig kombinierbar. Die innovative Mittelsohle sorgt f\u00fcr hervorragende D\u00e4mpfung und Energier\u00fcckgabe und garantiert so anhaltenden Komfort und Halt auf unebenem Terrain. Dank der robusten Au\u00dfensohle bietet der Zegama 2 au\u00dfergew\u00f6hnliche Traktion und Stabilit\u00e4t und ist somit ideal f\u00fcr sicheres Laufen auf nassen und trockenen Oberfl\u00e4chen. Ein sicheres Schn\u00fcrsystem und verst\u00e4rkte Overlays verbessern die Strapazierf\u00e4higkeit und eine pr\u00e4zise Passform. Ob du anspruchsvolle Trails bezwingst oder deinen sportlichen Freizeitlook aufwertest \u201d\u201c dieser Schuh vereint Outdoor-Funktionalit\u00e4t mit dem unverkennbaren Nike-Design f\u00fcr un\u00fcbertroffene Vielseitigkeit.<\/p>\n<ul>\n<li><strong>Farbgebung:<\/strong> Phantom\/Khaki\/Denim Turquoise\/Midnight Navy<\/li>\n<li><strong>Artikelnummer:<\/strong> FD5190-005<\/li>\n<li><strong>Obermaterial:<\/strong> Mesh<\/li>\n<li><strong>Zwischensohle:<\/strong> Zoom X<\/li>\n<li><strong>Farbe:<\/strong> Beige<\/li>\n<\/ul>\n","protected":false},"excerpt":{"rendered":"<p>Nike Zegama 2 \u201d\u201d Phantom\/Khaki\/Denim Turquoise\/Midnight Navy<\/p>\n","protected":false},"featured_media":88884,"comment_status":"open","ping_status":"closed","template":"","meta":[],"product_brand":[],"product_cat":[10803],"product_tag":[10753,10801,10802,11006,10785,10786,10758,11116],"class_list":{"0":"post-88883","1":"product","2":"type-product","3":"status-publish","4":"has-post-thumbnail","6":"product_cat-nike","7":"product_tag-gift-for-him","8":"product_tag-nike","9":"product_tag-performance-sport-shoes","10":"product_tag-trail-running-shoes","11":"product_tag-trending-deals","12":"product_tag-trending-deals-under-150","13":"product_tag-under-retail","14":"product_tag-waterproof-hiking-shoes","15":"wcpa_has_options","17":"first","18":"outofstock","19":"sale","20":"taxable","21":"shipping-taxable","22":"purchasable","23":"product-type-simple"},"wcpa_form_fields":{"rules":{"pric_overide_base_price":false,"pric_overide_base_price_if_gt_zero":false,"pric_overide_base_price_fully":false,"pric_cal_option_once":false,"pric_use_as_fee":false,"bind_quantity":false,"quantity_bind_formula":false},"fields":[{"type":"color-group","required":true,"elementId":"wcpa-color-group-66c4a75505e74","label":"Gr\u00f6\u00dfe - EU Gr\u00f6\u00dfe","inline":true,"priceOptions":"different_for_all","pricingType":"fixed","className":"hassizechart product-shoes-size-eu product-shoes-size","name":"color-group-66c4a75505e89","disp_type":"square","selection_type":"tick-border","disp_size":"44","show_label_inside":true,"adjust_width":true,"cart_display_type":"text","other_text":"Other","cl_rule":"show","col":6,"values":[{"label":"35.5","value":"EU 35.5","price":"","pimage":"","pimage_id":"","pthumb":"","color":""},{"label":"36","value":"EU 36","price":"","pimage":"","pimage_id":"","pthumb":"","color":"","selected":true},{"label":"36.5","value":"EU 36.5","price":"","pimage":"","pimage_id":"","pthumb":"","color":""},{"label":"37.5","value":"EU 37.5","price":"","pimage":"","pimage_id":"","pthumb":"","color":""},{"label":"38","value":"EU 38","price":"","pimage":"","pimage_id":"","pthumb":"","color":""},{"label":"38.5","value":"EU 38.5","price":"","pimage":"","pimage_id":"","pthumb":"","color":""},{"label":"39","value":"EU 39","price":"","pimage":"","pimage_id":"","pthumb":"","color":""},{"label":"40","value":"EU 40","price":"","pimage":"","pimage_id":"","pthumb":"","color":""},{"label":"40.5","value":"EU 40.5","price":"","pimage":"","pimage_id":"","pthumb":"","color":""},{"label":"41","value":"EU 41","price":"","pimage":"","pimage_id":"","pthumb":"","color":""},{"label":"42","value":"EU 42","price":"","pimage":"","pimage_id":"","pthumb":"","color":""},{"label":"42.5","value":"EU 42.5","price":"","pimage":"","pimage_id":"","pthumb":"","color":""},{"label":"43","value":"EU 43","price":"","pimage":"","pimage_id":"","pthumb":"","color":""},{"label":"44","value":"EU 44","price":"","pimage":"","pimage_id":"","pthumb":"","color":""},{"label":"44.5","value":"EU 44.5","price":"","pimage":"","pimage_id":"","pthumb":"","color":""},{"label":"45","value":"EU 45","price":"","pimage":"","pimage_id":"","pthumb":"","color":""},{"label":"45.5","value":"EU 45.5","price":"","pimage":"","pimage_id":"","pthumb":"","color":""},{"label":"46","value":"EU 46","price":"","pimage":"","pimage_id":"","pthumb":"","color":""},{"label":"47","value":"EU 47","price":"","pimage":"","pimage_id":"","pthumb":"","color":""},{"label":"47.5","value":"EU 47.5","price":"","pimage":"","pimage_id":"","pthumb":"","color":""},{"label":"48","value":"EU 48","price":"","pimage":"","pimage_id":"","pthumb":"","color":""}],"relations":[{"operator":false,"rules":[]}],"form_id":18106,"form_rules":{"pric_cal_option_once":false,"exclude_from_discount":false,"pric_use_as_fee":false,"fee_label":"Fee","render_after_acb":false,"disp_hide_options_price":false}}]},"yoast_head":"<!-- This site is optimized with the Yoast SEO plugin v26.5 - https:\/\/yoast.com\/wordpress\/plugins\/seo\/ -->\n<title>Nike Zegama 2 &#039;Phantom Khaki Denim&#039;  - Tourcruiser PTE. LTD<\/title>\n<meta name=\"robots\" content=\"index, follow, max-snippet:-1, max-image-preview:large, max-video-preview:-1\" \/>\n<link rel=\"canonical\" href=\"https:\/\/tourcruiser.com\/\" \/>\n<meta property=\"og:locale\" content=\"de_DE\" \/>\n<meta property=\"og:type\" content=\"article\" \/>\n<meta property=\"og:title\" content=\"Nike Zegama 2 &#039;Phantom Khaki Denim&#039;  - Tourcruiser PTE. LTD\" \/>\n<meta property=\"og:description\" content=\"Nike Zegama 2 \u201d\u201d Phantom\/Khaki\/Denim Turquoise\/Midnight Navy\" \/>\n<meta property=\"og:url\" content=\"\/\" \/>\n<meta property=\"og:site_name\" content=\"Tourcruiser Sneaker Store\" \/>\n<meta property=\"article:modified_time\" content=\"2026-03-27T18:07:38+00:00\" \/>\n<meta name=\"twitter:card\" content=\"summary_large_image\" \/>\n<meta name=\"twitter:image\" content=\"https:\/\/images.novelship.com\/product\/nike_zegama_2__phantom_khaki_denim__fd5190-005_0_18048.jpeg;https:\/\/images.novelship.com\/product\/nike_zegama_2__phantom_khaki_denim__fd5190-005_1_18049.jpeg;https:\/\/images.novelship.com\/product\/nike_zegama_2__phantom_khaki_denim__fd5190-005_2_18049.jpeg;https:\/\/images.novelship.com\/product\/nike_zegama_2__phantom_khaki_denim__fd5190-005_3_18049.jpeg;https:\/\/images.novelship.com\/product\/nike_zegama_2__phantom_khaki_denim__fd5190-005_4_18049.jpeg;https:\/\/images.novelship.com\/product\/nike_zegama_2__phantom_khaki_denim__fd5190-005_5_18049.jpeg;https:\/\/images.novelship.com\/product\/nike_zegama_2__phantom_khaki_denim__fd5190-005_6_18049.jpeg;https:\/\/images.novelship.com\/product\/nike_zegama_2__phantom_khaki_denim__fd5190-005_7_18049.jpeg;https:\/\/images.novelship.com\/product\/nike_zegama_2__phantom_khaki_denim__fd5190-005_8_18049.jpeg\" \/>\n<meta name=\"twitter:label1\" content=\"Gesch\u00e4tzte Lesezeit\" \/>\n\t<meta name=\"twitter:data1\" content=\"1\u00a0Minute\" \/>\n<script type=\"application\/ld+json\" class=\"yoast-schema-graph\">{\"@context\":\"https:\/\/schema.org\",\"@graph\":[{\"@type\":\"WebPage\",\"@id\":\"\/\",\"url\":\"https:\/\/tourcruiser.com\/\",\"name\":\"Nike Zegama 2 'Phantom Khaki Denim' - Tourcruiser PTE. LTD\",\"isPartOf\":{\"@id\":\"https:\/\/tourcruiser.com\/de\/#website\"},\"primaryImageOfPage\":{\"@id\":\"https:\/\/tourcruiser.com\/#primaryimage\"},\"image\":{\"@id\":\"https:\/\/tourcruiser.com\/#primaryimage\"},\"thumbnailUrl\":\"https:\/\/images.novelship.com\/product\/nike_zegama_2__phantom_khaki_denim__fd5190-005_0_18048.jpeg;https:\/\/images.novelship.com\/product\/nike_zegama_2__phantom_khaki_denim__fd5190-005_1_18049.jpeg;https:\/\/images.novelship.com\/product\/nike_zegama_2__phantom_khaki_denim__fd5190-005_2_18049.jpeg;https:\/\/images.novelship.com\/product\/nike_zegama_2__phantom_khaki_denim__fd5190-005_3_18049.jpeg;https:\/\/images.novelship.com\/product\/nike_zegama_2__phantom_khaki_denim__fd5190-005_4_18049.jpeg;https:\/\/images.novelship.com\/product\/nike_zegama_2__phantom_khaki_denim__fd5190-005_5_18049.jpeg;https:\/\/images.novelship.com\/product\/nike_zegama_2__phantom_khaki_denim__fd5190-005_6_18049.jpeg;https:\/\/images.novelship.com\/product\/nike_zegama_2__phantom_khaki_denim__fd5190-005_7_18049.jpeg;https:\/\/images.novelship.com\/product\/nike_zegama_2__phantom_khaki_denim__fd5190-005_8_18049.jpeg\",\"datePublished\":\"2026-03-02T08:25:44+00:00\",\"dateModified\":\"2026-03-27T18:07:38+00:00\",\"breadcrumb\":{\"@id\":\"https:\/\/tourcruiser.com\/#breadcrumb\"},\"inLanguage\":\"de\",\"potentialAction\":[{\"@type\":\"ReadAction\",\"target\":[\"https:\/\/tourcruiser.com\/\"]}]},{\"@type\":\"ImageObject\",\"inLanguage\":\"de\",\"@id\":\"https:\/\/tourcruiser.com\/#primaryimage\",\"url\":\"https:\/\/images.novelship.com\/product\/nike_zegama_2__phantom_khaki_denim__fd5190-005_0_18048.jpeg;https:\/\/images.novelship.com\/product\/nike_zegama_2__phantom_khaki_denim__fd5190-005_1_18049.jpeg;https:\/\/images.novelship.com\/product\/nike_zegama_2__phantom_khaki_denim__fd5190-005_2_18049.jpeg;https:\/\/images.novelship.com\/product\/nike_zegama_2__phantom_khaki_denim__fd5190-005_3_18049.jpeg;https:\/\/images.novelship.com\/product\/nike_zegama_2__phantom_khaki_denim__fd5190-005_4_18049.jpeg;https:\/\/images.novelship.com\/product\/nike_zegama_2__phantom_khaki_denim__fd5190-005_5_18049.jpeg;https:\/\/images.novelship.com\/product\/nike_zegama_2__phantom_khaki_denim__fd5190-005_6_18049.jpeg;https:\/\/images.novelship.com\/product\/nike_zegama_2__phantom_khaki_denim__fd5190-005_7_18049.jpeg;https:\/\/images.novelship.com\/product\/nike_zegama_2__phantom_khaki_denim__fd5190-005_8_18049.jpeg\",\"contentUrl\":\"https:\/\/images.novelship.com\/product\/nike_zegama_2__phantom_khaki_denim__fd5190-005_0_18048.jpeg;https:\/\/images.novelship.com\/product\/nike_zegama_2__phantom_khaki_denim__fd5190-005_1_18049.jpeg;https:\/\/images.novelship.com\/product\/nike_zegama_2__phantom_khaki_denim__fd5190-005_2_18049.jpeg;https:\/\/images.novelship.com\/product\/nike_zegama_2__phantom_khaki_denim__fd5190-005_3_18049.jpeg;https:\/\/images.novelship.com\/product\/nike_zegama_2__phantom_khaki_denim__fd5190-005_4_18049.jpeg;https:\/\/images.novelship.com\/product\/nike_zegama_2__phantom_khaki_denim__fd5190-005_5_18049.jpeg;https:\/\/images.novelship.com\/product\/nike_zegama_2__phantom_khaki_denim__fd5190-005_6_18049.jpeg;https:\/\/images.novelship.com\/product\/nike_zegama_2__phantom_khaki_denim__fd5190-005_7_18049.jpeg;https:\/\/images.novelship.com\/product\/nike_zegama_2__phantom_khaki_denim__fd5190-005_8_18049.jpeg\"},{\"@type\":\"BreadcrumbList\",\"@id\":\"https:\/\/tourcruiser.com\/#breadcrumb\",\"itemListElement\":[{\"@type\":\"ListItem\",\"position\":1,\"name\":\"Home\",\"item\":\"https:\/\/tourcruiser.com\/de\/\"},{\"@type\":\"ListItem\",\"position\":2,\"name\":\"Shop\",\"item\":\"https:\/\/tourcruiser.com\/de\/shop\/\"},{\"@type\":\"ListItem\",\"position\":3,\"name\":\"Nike Zegama 2 &#8218;Phantom Khaki Denim&#8216;\"}]},{\"@type\":\"WebSite\",\"@id\":\"https:\/\/tourcruiser.com\/de\/#website\",\"url\":\"https:\/\/tourcruiser.com\/de\/\",\"name\":\"Styloral Jewelry Shop\",\"description\":\"Tourcruiser Sneaker Store \u2014 der Ort, an dem das Universum deine Einzigartigkeit trifft.\",\"publisher\":{\"@id\":\"https:\/\/tourcruiser.com\/de\/#organization\"},\"potentialAction\":[{\"@type\":\"SearchAction\",\"target\":{\"@type\":\"EntryPoint\",\"urlTemplate\":\"https:\/\/tourcruiser.com\/de\/?s={search_term_string}\"},\"query-input\":{\"@type\":\"PropertyValueSpecification\",\"valueRequired\":true,\"valueName\":\"search_term_string\"}}],\"inLanguage\":\"de\"},{\"@type\":\"Organization\",\"@id\":\"https:\/\/tourcruiser.com\/de\/#organization\",\"name\":\"STYLORAL PTE. LTD\",\"url\":\"https:\/\/tourcruiser.com\/de\/\",\"logo\":{\"@type\":\"ImageObject\",\"inLanguage\":\"de\",\"@id\":\"https:\/\/tourcruiser.com\/de\/#\/schema\/logo\/image\/\",\"url\":\"https:\/\/www.tourcruiser.com\/wp-content\/uploads\/2025\/12\/logo.png\",\"contentUrl\":\"https:\/\/www.tourcruiser.com\/wp-content\/uploads\/2025\/12\/logo.png\",\"width\":200,\"height\":65,\"caption\":\"STYLORAL PTE. LTD\"},\"image\":{\"@id\":\"https:\/\/tourcruiser.com\/de\/#\/schema\/logo\/image\/\"}}]}<\/script>\n<!-- \/ Yoast SEO plugin. -->","yoast_head_json":{"title":"Nike Zegama 2 'Phantom Khaki Denim'  - Tourcruiser PTE. LTD","robots":{"index":"index","follow":"follow","max-snippet":"max-snippet:-1","max-image-preview":"max-image-preview:large","max-video-preview":"max-video-preview:-1"},"canonical":"https:\/\/tourcruiser.com\/","og_locale":"de_DE","og_type":"article","og_title":"Nike Zegama 2 'Phantom Khaki Denim'  - Tourcruiser PTE. LTD","og_description":"Nike Zegama 2 \u201d\u201d Phantom\/Khaki\/Denim Turquoise\/Midnight Navy","og_url":"\/","og_site_name":"Tourcruiser Sneaker Store","article_modified_time":"2026-03-27T18:07:38+00:00","twitter_card":"summary_large_image","twitter_image":"https:\/\/images.novelship.com\/product\/nike_zegama_2__phantom_khaki_denim__fd5190-005_0_18048.jpeg;https:\/\/images.novelship.com\/product\/nike_zegama_2__phantom_khaki_denim__fd5190-005_1_18049.jpeg;https:\/\/images.novelship.com\/product\/nike_zegama_2__phantom_khaki_denim__fd5190-005_2_18049.jpeg;https:\/\/images.novelship.com\/product\/nike_zegama_2__phantom_khaki_denim__fd5190-005_3_18049.jpeg;https:\/\/images.novelship.com\/product\/nike_zegama_2__phantom_khaki_denim__fd5190-005_4_18049.jpeg;https:\/\/images.novelship.com\/product\/nike_zegama_2__phantom_khaki_denim__fd5190-005_5_18049.jpeg;https:\/\/images.novelship.com\/product\/nike_zegama_2__phantom_khaki_denim__fd5190-005_6_18049.jpeg;https:\/\/images.novelship.com\/product\/nike_zegama_2__phantom_khaki_denim__fd5190-005_7_18049.jpeg;https:\/\/images.novelship.com\/product\/nike_zegama_2__phantom_khaki_denim__fd5190-005_8_18049.jpeg","twitter_misc":{"Gesch\u00e4tzte Lesezeit":"1\u00a0Minute"},"schema":{"@context":"https:\/\/schema.org","@graph":[{"@type":"WebPage","@id":"\/","url":"https:\/\/tourcruiser.com\/","name":"Nike Zegama 2 'Phantom Khaki Denim' - Tourcruiser PTE. LTD","isPartOf":{"@id":"https:\/\/tourcruiser.com\/de\/#website"},"primaryImageOfPage":{"@id":"https:\/\/tourcruiser.com\/#primaryimage"},"image":{"@id":"https:\/\/tourcruiser.com\/#primaryimage"},"thumbnailUrl":"https:\/\/images.novelship.com\/product\/nike_zegama_2__phantom_khaki_denim__fd5190-005_0_18048.jpeg;https:\/\/images.novelship.com\/product\/nike_zegama_2__phantom_khaki_denim__fd5190-005_1_18049.jpeg;https:\/\/images.novelship.com\/product\/nike_zegama_2__phantom_khaki_denim__fd5190-005_2_18049.jpeg;https:\/\/images.novelship.com\/product\/nike_zegama_2__phantom_khaki_denim__fd5190-005_3_18049.jpeg;https:\/\/images.novelship.com\/product\/nike_zegama_2__phantom_khaki_denim__fd5190-005_4_18049.jpeg;https:\/\/images.novelship.com\/product\/nike_zegama_2__phantom_khaki_denim__fd5190-005_5_18049.jpeg;https:\/\/images.novelship.com\/product\/nike_zegama_2__phantom_khaki_denim__fd5190-005_6_18049.jpeg;https:\/\/images.novelship.com\/product\/nike_zegama_2__phantom_khaki_denim__fd5190-005_7_18049.jpeg;https:\/\/images.novelship.com\/product\/nike_zegama_2__phantom_khaki_denim__fd5190-005_8_18049.jpeg","datePublished":"2026-03-02T08:25:44+00:00","dateModified":"2026-03-27T18:07:38+00:00","breadcrumb":{"@id":"https:\/\/tourcruiser.com\/#breadcrumb"},"inLanguage":"de","potentialAction":[{"@type":"ReadAction","target":["https:\/\/tourcruiser.com\/"]}]},{"@type":"ImageObject","inLanguage":"de","@id":"https:\/\/tourcruiser.com\/#primaryimage","url":"https:\/\/images.novelship.com\/product\/nike_zegama_2__phantom_khaki_denim__fd5190-005_0_18048.jpeg;https:\/\/images.novelship.com\/product\/nike_zegama_2__phantom_khaki_denim__fd5190-005_1_18049.jpeg;https:\/\/images.novelship.com\/product\/nike_zegama_2__phantom_khaki_denim__fd5190-005_2_18049.jpeg;https:\/\/images.novelship.com\/product\/nike_zegama_2__phantom_khaki_denim__fd5190-005_3_18049.jpeg;https:\/\/images.novelship.com\/product\/nike_zegama_2__phantom_khaki_denim__fd5190-005_4_18049.jpeg;https:\/\/images.novelship.com\/product\/nike_zegama_2__phantom_khaki_denim__fd5190-005_5_18049.jpeg;https:\/\/images.novelship.com\/product\/nike_zegama_2__phantom_khaki_denim__fd5190-005_6_18049.jpeg;https:\/\/images.novelship.com\/product\/nike_zegama_2__phantom_khaki_denim__fd5190-005_7_18049.jpeg;https:\/\/images.novelship.com\/product\/nike_zegama_2__phantom_khaki_denim__fd5190-005_8_18049.jpeg","contentUrl":"https:\/\/images.novelship.com\/product\/nike_zegama_2__phantom_khaki_denim__fd5190-005_0_18048.jpeg;https:\/\/images.novelship.com\/product\/nike_zegama_2__phantom_khaki_denim__fd5190-005_1_18049.jpeg;https:\/\/images.novelship.com\/product\/nike_zegama_2__phantom_khaki_denim__fd5190-005_2_18049.jpeg;https:\/\/images.novelship.com\/product\/nike_zegama_2__phantom_khaki_denim__fd5190-005_3_18049.jpeg;https:\/\/images.novelship.com\/product\/nike_zegama_2__phantom_khaki_denim__fd5190-005_4_18049.jpeg;https:\/\/images.novelship.com\/product\/nike_zegama_2__phantom_khaki_denim__fd5190-005_5_18049.jpeg;https:\/\/images.novelship.com\/product\/nike_zegama_2__phantom_khaki_denim__fd5190-005_6_18049.jpeg;https:\/\/images.novelship.com\/product\/nike_zegama_2__phantom_khaki_denim__fd5190-005_7_18049.jpeg;https:\/\/images.novelship.com\/product\/nike_zegama_2__phantom_khaki_denim__fd5190-005_8_18049.jpeg"},{"@type":"BreadcrumbList","@id":"https:\/\/tourcruiser.com\/#breadcrumb","itemListElement":[{"@type":"ListItem","position":1,"name":"Home","item":"https:\/\/tourcruiser.com\/de\/"},{"@type":"ListItem","position":2,"name":"Shop","item":"https:\/\/tourcruiser.com\/de\/shop\/"},{"@type":"ListItem","position":3,"name":"Nike Zegama 2 &#8218;Phantom Khaki Denim&#8216;"}]},{"@type":"WebSite","@id":"https:\/\/tourcruiser.com\/de\/#website","url":"https:\/\/tourcruiser.com\/de\/","name":"Styloral Jewelry Shop","description":"Tourcruiser Sneaker Store \u2014 der Ort, an dem das Universum deine Einzigartigkeit trifft.","publisher":{"@id":"https:\/\/tourcruiser.com\/de\/#organization"},"potentialAction":[{"@type":"SearchAction","target":{"@type":"EntryPoint","urlTemplate":"https:\/\/tourcruiser.com\/de\/?s={search_term_string}"},"query-input":{"@type":"PropertyValueSpecification","valueRequired":true,"valueName":"search_term_string"}}],"inLanguage":"de"},{"@type":"Organization","@id":"https:\/\/tourcruiser.com\/de\/#organization","name":"STYLORAL PTE. LTD","url":"https:\/\/tourcruiser.com\/de\/","logo":{"@type":"ImageObject","inLanguage":"de","@id":"https:\/\/tourcruiser.com\/de\/#\/schema\/logo\/image\/","url":"https:\/\/www.tourcruiser.com\/wp-content\/uploads\/2025\/12\/logo.png","contentUrl":"https:\/\/www.tourcruiser.com\/wp-content\/uploads\/2025\/12\/logo.png","width":200,"height":65,"caption":"STYLORAL PTE. LTD"},"image":{"@id":"https:\/\/tourcruiser.com\/de\/#\/schema\/logo\/image\/"}}]}},"_links":{"self":[{"href":"https:\/\/tourcruiser.com\/de\/wp-json\/wp\/v2\/product\/88883","targetHints":{"allow":["GET"]}}],"collection":[{"href":"https:\/\/tourcruiser.com\/de\/wp-json\/wp\/v2\/product"}],"about":[{"href":"https:\/\/tourcruiser.com\/de\/wp-json\/wp\/v2\/types\/product"}],"replies":[{"embeddable":true,"href":"https:\/\/tourcruiser.com\/de\/wp-json\/wp\/v2\/comments?post=88883"}],"wp:featuredmedia":[{"embeddable":true,"href":"https:\/\/tourcruiser.com\/de\/wp-json\/wp\/v2\/media\/88884"}],"wp:attachment":[{"href":"https:\/\/tourcruiser.com\/de\/wp-json\/wp\/v2\/media?parent=88883"}],"wp:term":[{"taxonomy":"product_brand","embeddable":true,"href":"https:\/\/tourcruiser.com\/de\/wp-json\/wp\/v2\/product_brand?post=88883"},{"taxonomy":"product_cat","embeddable":true,"href":"https:\/\/tourcruiser.com\/de\/wp-json\/wp\/v2\/product_cat?post=88883"},{"taxonomy":"product_tag","embeddable":true,"href":"https:\/\/tourcruiser.com\/de\/wp-json\/wp\/v2\/product_tag?post=88883"}],"curies":[{"name":"wp","href":"https:\/\/api.w.org\/{rel}","templated":true}]}}