{"id":88324,"date":"2026-03-02T15:25:37","date_gmt":"2026-03-02T08:25:37","guid":{"rendered":"http:\/\/tourcruiser.com\/product\/women-nike-air-max-90-lv8-off-noir-dark-smoke-grey"},"modified":"2026-03-28T01:07:35","modified_gmt":"2026-03-27T18:07:35","slug":"women-nike-air-max-90-lv8-off-noir-dark-smoke-grey","status":"publish","type":"product","link":"https:\/\/tourcruiser.com\/de\/products\/women-nike-air-max-90-lv8-off-noir-dark-smoke-grey\/","title":{"rendered":"(Women) Nike Air Max 90 LV8 &#8218;Off Noir Dark Smoke Grey&#8216;"},"content":{"rendered":"<p>Mit dem Nike Air Max 90 LV8 Triple Black HF9415-001, einer modernen Ikone f\u00fcr Frauen, die zeitlose Eleganz und unvergleichlichen Tragekomfort sch\u00e4tzen, verleihst du deinem Alltagslook das gewisse Etwas. Der Sneaker besticht durch sein schlichtes, komplett schwarzes Design und kombiniert ein hochwertiges Leder-Obermaterial mit Mesh-Eins\u00e4tzen f\u00fcr Strapazierf\u00e4higkeit und Atmungsaktivit\u00e4t. Die charakteristische Nike Air-D\u00e4mpfung in der Mittelsohle sorgt f\u00fcr hervorragende Sto\u00dfd\u00e4mpfung und ganzt\u00e4gigen Tragekomfort \u201d\u201c egal ob unterwegs oder beim Sport. Die flache Silhouette bietet eine schlanke Passform, w\u00e4hrend die Waffelsohle zuverl\u00e4ssige Traktion auf verschiedenen Untergr\u00fcnden gew\u00e4hrleistet. Dieser vielseitige Schuh passt perfekt zu l\u00e4ssigen Outfits und sportlichen Looks und verleiht deiner Garderobe eine markante und gleichzeitig minimalistische Note. Der Nike Air Max 90 LV8 Triple Black vereint Style und Performance und verleiht klassischen Schuhen mit einem raffinierten, modernen Touch eine neue Bedeutung.<\/p>\n<ul>\n<li><strong>Farbgebung:<\/strong> Off Noir\/Dark Smoke Grey\/Anthracite\/Black<\/li>\n<li><strong>Style-Code:<\/strong> HF9415-001<\/li>\n<li><strong>Obermaterial:<\/strong> Leder<\/li>\n<li><strong>Mittelsohle:<\/strong> Air<\/li>\n<li><strong>Farbe:<\/strong> Schwarz<\/li>\n<li><strong>Designer:<\/strong> Tinker Hatfield<\/li>\n<\/ul>\n","protected":false},"excerpt":{"rendered":"<p>Nike Air Max 90 LV8 \u201d\u201d Off Noir\/Dark Smoke Grey\/Anthracite\/Black<\/p>\n","protected":false},"featured_media":88325,"comment_status":"open","ping_status":"closed","template":"","meta":[],"product_brand":[],"product_cat":[10809],"product_tag":[10926,10754,10765,10801,10768],"class_list":{"0":"post-88324","1":"product","2":"type-product","3":"status-publish","4":"has-post-thumbnail","6":"product_cat-nike-women","7":"product_tag-gift-for-her","8":"product_tag-lifestyle-casual-shoes","9":"product_tag-lifestyle-shoes-running-inspired","10":"product_tag-nike","11":"product_tag-retro-running-shoes","12":"wcpa_has_options","14":"first","15":"outofstock","16":"taxable","17":"shipping-taxable","18":"purchasable","19":"product-type-simple"},"wcpa_form_fields":{"rules":{"pric_overide_base_price":false,"pric_overide_base_price_if_gt_zero":false,"pric_overide_base_price_fully":false,"pric_cal_option_once":false,"pric_use_as_fee":false,"bind_quantity":false,"quantity_bind_formula":false},"fields":[{"type":"color-group","required":true,"elementId":"wcpa-color-group-66c4a75505e74","label":"Gr\u00f6\u00dfe - EU Gr\u00f6\u00dfe","inline":true,"priceOptions":"different_for_all","pricingType":"fixed","className":"hassizechart product-shoes-size-eu product-shoes-size","name":"color-group-66c4a75505e89","disp_type":"square","selection_type":"tick-border","disp_size":"44","show_label_inside":true,"adjust_width":true,"cart_display_type":"text","other_text":"Other","cl_rule":"show","col":6,"values":[{"label":"35.5","value":"EU 35.5","price":"","pimage":"","pimage_id":"","pthumb":"","color":""},{"label":"36","value":"EU 36","price":"","pimage":"","pimage_id":"","pthumb":"","color":"","selected":true},{"label":"36.5","value":"EU 36.5","price":"","pimage":"","pimage_id":"","pthumb":"","color":""},{"label":"37.5","value":"EU 37.5","price":"","pimage":"","pimage_id":"","pthumb":"","color":""},{"label":"38","value":"EU 38","price":"","pimage":"","pimage_id":"","pthumb":"","color":""},{"label":"38.5","value":"EU 38.5","price":"","pimage":"","pimage_id":"","pthumb":"","color":""},{"label":"39","value":"EU 39","price":"","pimage":"","pimage_id":"","pthumb":"","color":""},{"label":"40","value":"EU 40","price":"","pimage":"","pimage_id":"","pthumb":"","color":""},{"label":"40.5","value":"EU 40.5","price":"","pimage":"","pimage_id":"","pthumb":"","color":""},{"label":"41","value":"EU 41","price":"","pimage":"","pimage_id":"","pthumb":"","color":""},{"label":"42","value":"EU 42","price":"","pimage":"","pimage_id":"","pthumb":"","color":""},{"label":"42.5","value":"EU 42.5","price":"","pimage":"","pimage_id":"","pthumb":"","color":""},{"label":"43","value":"EU 43","price":"","pimage":"","pimage_id":"","pthumb":"","color":""},{"label":"44","value":"EU 44","price":"","pimage":"","pimage_id":"","pthumb":"","color":""},{"label":"44.5","value":"EU 44.5","price":"","pimage":"","pimage_id":"","pthumb":"","color":""},{"label":"45","value":"EU 45","price":"","pimage":"","pimage_id":"","pthumb":"","color":""},{"label":"45.5","value":"EU 45.5","price":"","pimage":"","pimage_id":"","pthumb":"","color":""},{"label":"46","value":"EU 46","price":"","pimage":"","pimage_id":"","pthumb":"","color":""},{"label":"47","value":"EU 47","price":"","pimage":"","pimage_id":"","pthumb":"","color":""},{"label":"47.5","value":"EU 47.5","price":"","pimage":"","pimage_id":"","pthumb":"","color":""},{"label":"48","value":"EU 48","price":"","pimage":"","pimage_id":"","pthumb":"","color":""}],"relations":[{"operator":false,"rules":[]}],"form_id":18106,"form_rules":{"pric_cal_option_once":false,"exclude_from_discount":false,"pric_use_as_fee":false,"fee_label":"Fee","render_after_acb":false,"disp_hide_options_price":false}}]},"yoast_head":"<!-- This site is optimized with the Yoast SEO plugin v26.5 - https:\/\/yoast.com\/wordpress\/plugins\/seo\/ -->\n<title>(Women) Nike Air Max 90 LV8 &#039;Off Noir Dark Smoke Grey&#039;  - Tourcruiser PTE. LTD<\/title>\n<meta name=\"robots\" content=\"index, follow, max-snippet:-1, max-image-preview:large, max-video-preview:-1\" \/>\n<link rel=\"canonical\" href=\"https:\/\/tourcruiser.com\/de\/products\/women-nike-air-max-90-lv8-off-noir-dark-smoke-grey\/\" \/>\n<meta property=\"og:locale\" content=\"de_DE\" \/>\n<meta property=\"og:type\" content=\"article\" \/>\n<meta property=\"og:title\" content=\"(Women) Nike Air Max 90 LV8 &#039;Off Noir Dark Smoke Grey&#039;  - Tourcruiser PTE. LTD\" \/>\n<meta property=\"og:description\" content=\"Nike Air Max 90 LV8 \u201d\u201d Off Noir\/Dark Smoke Grey\/Anthracite\/Black\" \/>\n<meta property=\"og:url\" content=\"https:\/\/tourcruiser.com\/de\/products\/women-nike-air-max-90-lv8-off-noir-dark-smoke-grey\/\" \/>\n<meta property=\"og:site_name\" content=\"Tourcruiser Sneaker Store\" \/>\n<meta property=\"article:modified_time\" content=\"2026-03-27T18:07:35+00:00\" \/>\n<meta name=\"twitter:card\" content=\"summary_large_image\" \/>\n<meta name=\"twitter:image\" content=\"https:\/\/images.novelship.com\/product\/_women__nike_air_max_90_lv8_triple_black_hf9415-00_0_95510.jpeg;https:\/\/images.novelship.com\/product\/_women__nike_air_max_90_lv8_triple_black_hf9415-00_1_95510.jpeg;https:\/\/images.novelship.com\/product\/_women__nike_air_max_90_lv8_triple_black_hf9415-00_2_95510.jpeg;https:\/\/images.novelship.com\/product\/_women__nike_air_max_90_lv8_triple_black_hf9415-00_3_95510.jpeg;https:\/\/images.novelship.com\/product\/_women__nike_air_max_90_lv8_triple_black_hf9415-00_4_95510.jpeg;https:\/\/images.novelship.com\/product\/_women__nike_air_max_90_lv8_triple_black_hf9415-00_5_95510.jpeg\" \/>\n<meta name=\"twitter:label1\" content=\"Gesch\u00e4tzte Lesezeit\" \/>\n\t<meta name=\"twitter:data1\" content=\"1\u00a0Minute\" \/>\n<script type=\"application\/ld+json\" class=\"yoast-schema-graph\">{\"@context\":\"https:\/\/schema.org\",\"@graph\":[{\"@type\":\"WebPage\",\"@id\":\"https:\/\/tourcruiser.com\/de\/products\/women-nike-air-max-90-lv8-off-noir-dark-smoke-grey\/\",\"url\":\"https:\/\/tourcruiser.com\/de\/products\/women-nike-air-max-90-lv8-off-noir-dark-smoke-grey\/\",\"name\":\"(Women) Nike Air Max 90 LV8 'Off Noir Dark Smoke Grey' - Tourcruiser PTE. LTD\",\"isPartOf\":{\"@id\":\"https:\/\/tourcruiser.com\/de\/#website\"},\"primaryImageOfPage\":{\"@id\":\"https:\/\/tourcruiser.com\/de\/products\/women-nike-air-max-90-lv8-off-noir-dark-smoke-grey\/#primaryimage\"},\"image\":{\"@id\":\"https:\/\/tourcruiser.com\/de\/products\/women-nike-air-max-90-lv8-off-noir-dark-smoke-grey\/#primaryimage\"},\"thumbnailUrl\":\"https:\/\/images.novelship.com\/product\/_women__nike_air_max_90_lv8_triple_black_hf9415-00_0_95510.jpeg;https:\/\/images.novelship.com\/product\/_women__nike_air_max_90_lv8_triple_black_hf9415-00_1_95510.jpeg;https:\/\/images.novelship.com\/product\/_women__nike_air_max_90_lv8_triple_black_hf9415-00_2_95510.jpeg;https:\/\/images.novelship.com\/product\/_women__nike_air_max_90_lv8_triple_black_hf9415-00_3_95510.jpeg;https:\/\/images.novelship.com\/product\/_women__nike_air_max_90_lv8_triple_black_hf9415-00_4_95510.jpeg;https:\/\/images.novelship.com\/product\/_women__nike_air_max_90_lv8_triple_black_hf9415-00_5_95510.jpeg\",\"datePublished\":\"2026-03-02T08:25:37+00:00\",\"dateModified\":\"2026-03-27T18:07:35+00:00\",\"breadcrumb\":{\"@id\":\"https:\/\/tourcruiser.com\/de\/products\/women-nike-air-max-90-lv8-off-noir-dark-smoke-grey\/#breadcrumb\"},\"inLanguage\":\"de\",\"potentialAction\":[{\"@type\":\"ReadAction\",\"target\":[\"https:\/\/tourcruiser.com\/de\/products\/women-nike-air-max-90-lv8-off-noir-dark-smoke-grey\/\"]}]},{\"@type\":\"ImageObject\",\"inLanguage\":\"de\",\"@id\":\"https:\/\/tourcruiser.com\/de\/products\/women-nike-air-max-90-lv8-off-noir-dark-smoke-grey\/#primaryimage\",\"url\":\"https:\/\/images.novelship.com\/product\/_women__nike_air_max_90_lv8_triple_black_hf9415-00_0_95510.jpeg;https:\/\/images.novelship.com\/product\/_women__nike_air_max_90_lv8_triple_black_hf9415-00_1_95510.jpeg;https:\/\/images.novelship.com\/product\/_women__nike_air_max_90_lv8_triple_black_hf9415-00_2_95510.jpeg;https:\/\/images.novelship.com\/product\/_women__nike_air_max_90_lv8_triple_black_hf9415-00_3_95510.jpeg;https:\/\/images.novelship.com\/product\/_women__nike_air_max_90_lv8_triple_black_hf9415-00_4_95510.jpeg;https:\/\/images.novelship.com\/product\/_women__nike_air_max_90_lv8_triple_black_hf9415-00_5_95510.jpeg\",\"contentUrl\":\"https:\/\/images.novelship.com\/product\/_women__nike_air_max_90_lv8_triple_black_hf9415-00_0_95510.jpeg;https:\/\/images.novelship.com\/product\/_women__nike_air_max_90_lv8_triple_black_hf9415-00_1_95510.jpeg;https:\/\/images.novelship.com\/product\/_women__nike_air_max_90_lv8_triple_black_hf9415-00_2_95510.jpeg;https:\/\/images.novelship.com\/product\/_women__nike_air_max_90_lv8_triple_black_hf9415-00_3_95510.jpeg;https:\/\/images.novelship.com\/product\/_women__nike_air_max_90_lv8_triple_black_hf9415-00_4_95510.jpeg;https:\/\/images.novelship.com\/product\/_women__nike_air_max_90_lv8_triple_black_hf9415-00_5_95510.jpeg\"},{\"@type\":\"BreadcrumbList\",\"@id\":\"https:\/\/tourcruiser.com\/de\/products\/women-nike-air-max-90-lv8-off-noir-dark-smoke-grey\/#breadcrumb\",\"itemListElement\":[{\"@type\":\"ListItem\",\"position\":1,\"name\":\"Home\",\"item\":\"https:\/\/tourcruiser.com\/de\/\"},{\"@type\":\"ListItem\",\"position\":2,\"name\":\"Shop\",\"item\":\"https:\/\/tourcruiser.com\/de\/shop\/\"},{\"@type\":\"ListItem\",\"position\":3,\"name\":\"(Women) Nike Air Max 90 LV8 'Off Noir Dark Smoke Grey'\"}]},{\"@type\":\"WebSite\",\"@id\":\"https:\/\/tourcruiser.com\/de\/#website\",\"url\":\"https:\/\/tourcruiser.com\/de\/\",\"name\":\"Styloral Jewelry Shop\",\"description\":\"Tourcruiser Sneaker Store \u2014 der Ort, an dem das Universum deine Einzigartigkeit trifft.\",\"publisher\":{\"@id\":\"https:\/\/tourcruiser.com\/de\/#organization\"},\"potentialAction\":[{\"@type\":\"SearchAction\",\"target\":{\"@type\":\"EntryPoint\",\"urlTemplate\":\"https:\/\/tourcruiser.com\/de\/?s={search_term_string}\"},\"query-input\":{\"@type\":\"PropertyValueSpecification\",\"valueRequired\":true,\"valueName\":\"search_term_string\"}}],\"inLanguage\":\"de\"},{\"@type\":\"Organization\",\"@id\":\"https:\/\/tourcruiser.com\/de\/#organization\",\"name\":\"STYLORAL PTE. LTD\",\"url\":\"https:\/\/tourcruiser.com\/de\/\",\"logo\":{\"@type\":\"ImageObject\",\"inLanguage\":\"de\",\"@id\":\"https:\/\/tourcruiser.com\/de\/#\/schema\/logo\/image\/\",\"url\":\"https:\/\/www.tourcruiser.com\/wp-content\/uploads\/2025\/12\/logo.png\",\"contentUrl\":\"https:\/\/www.tourcruiser.com\/wp-content\/uploads\/2025\/12\/logo.png\",\"width\":200,\"height\":65,\"caption\":\"STYLORAL PTE. LTD\"},\"image\":{\"@id\":\"https:\/\/tourcruiser.com\/de\/#\/schema\/logo\/image\/\"}}]}<\/script>\n<!-- \/ Yoast SEO plugin. -->","yoast_head_json":{"title":"(Women) Nike Air Max 90 LV8 'Off Noir Dark Smoke Grey'  - Tourcruiser PTE. LTD","robots":{"index":"index","follow":"follow","max-snippet":"max-snippet:-1","max-image-preview":"max-image-preview:large","max-video-preview":"max-video-preview:-1"},"canonical":"https:\/\/tourcruiser.com\/de\/products\/women-nike-air-max-90-lv8-off-noir-dark-smoke-grey\/","og_locale":"de_DE","og_type":"article","og_title":"(Women) Nike Air Max 90 LV8 'Off Noir Dark Smoke Grey'  - Tourcruiser PTE. LTD","og_description":"Nike Air Max 90 LV8 \u201d\u201d Off Noir\/Dark Smoke Grey\/Anthracite\/Black","og_url":"https:\/\/tourcruiser.com\/de\/products\/women-nike-air-max-90-lv8-off-noir-dark-smoke-grey\/","og_site_name":"Tourcruiser Sneaker Store","article_modified_time":"2026-03-27T18:07:35+00:00","twitter_card":"summary_large_image","twitter_image":"https:\/\/images.novelship.com\/product\/_women__nike_air_max_90_lv8_triple_black_hf9415-00_0_95510.jpeg;https:\/\/images.novelship.com\/product\/_women__nike_air_max_90_lv8_triple_black_hf9415-00_1_95510.jpeg;https:\/\/images.novelship.com\/product\/_women__nike_air_max_90_lv8_triple_black_hf9415-00_2_95510.jpeg;https:\/\/images.novelship.com\/product\/_women__nike_air_max_90_lv8_triple_black_hf9415-00_3_95510.jpeg;https:\/\/images.novelship.com\/product\/_women__nike_air_max_90_lv8_triple_black_hf9415-00_4_95510.jpeg;https:\/\/images.novelship.com\/product\/_women__nike_air_max_90_lv8_triple_black_hf9415-00_5_95510.jpeg","twitter_misc":{"Gesch\u00e4tzte Lesezeit":"1\u00a0Minute"},"schema":{"@context":"https:\/\/schema.org","@graph":[{"@type":"WebPage","@id":"https:\/\/tourcruiser.com\/de\/products\/women-nike-air-max-90-lv8-off-noir-dark-smoke-grey\/","url":"https:\/\/tourcruiser.com\/de\/products\/women-nike-air-max-90-lv8-off-noir-dark-smoke-grey\/","name":"(Women) Nike Air Max 90 LV8 'Off Noir Dark Smoke Grey' - Tourcruiser PTE. LTD","isPartOf":{"@id":"https:\/\/tourcruiser.com\/de\/#website"},"primaryImageOfPage":{"@id":"https:\/\/tourcruiser.com\/de\/products\/women-nike-air-max-90-lv8-off-noir-dark-smoke-grey\/#primaryimage"},"image":{"@id":"https:\/\/tourcruiser.com\/de\/products\/women-nike-air-max-90-lv8-off-noir-dark-smoke-grey\/#primaryimage"},"thumbnailUrl":"https:\/\/images.novelship.com\/product\/_women__nike_air_max_90_lv8_triple_black_hf9415-00_0_95510.jpeg;https:\/\/images.novelship.com\/product\/_women__nike_air_max_90_lv8_triple_black_hf9415-00_1_95510.jpeg;https:\/\/images.novelship.com\/product\/_women__nike_air_max_90_lv8_triple_black_hf9415-00_2_95510.jpeg;https:\/\/images.novelship.com\/product\/_women__nike_air_max_90_lv8_triple_black_hf9415-00_3_95510.jpeg;https:\/\/images.novelship.com\/product\/_women__nike_air_max_90_lv8_triple_black_hf9415-00_4_95510.jpeg;https:\/\/images.novelship.com\/product\/_women__nike_air_max_90_lv8_triple_black_hf9415-00_5_95510.jpeg","datePublished":"2026-03-02T08:25:37+00:00","dateModified":"2026-03-27T18:07:35+00:00","breadcrumb":{"@id":"https:\/\/tourcruiser.com\/de\/products\/women-nike-air-max-90-lv8-off-noir-dark-smoke-grey\/#breadcrumb"},"inLanguage":"de","potentialAction":[{"@type":"ReadAction","target":["https:\/\/tourcruiser.com\/de\/products\/women-nike-air-max-90-lv8-off-noir-dark-smoke-grey\/"]}]},{"@type":"ImageObject","inLanguage":"de","@id":"https:\/\/tourcruiser.com\/de\/products\/women-nike-air-max-90-lv8-off-noir-dark-smoke-grey\/#primaryimage","url":"https:\/\/images.novelship.com\/product\/_women__nike_air_max_90_lv8_triple_black_hf9415-00_0_95510.jpeg;https:\/\/images.novelship.com\/product\/_women__nike_air_max_90_lv8_triple_black_hf9415-00_1_95510.jpeg;https:\/\/images.novelship.com\/product\/_women__nike_air_max_90_lv8_triple_black_hf9415-00_2_95510.jpeg;https:\/\/images.novelship.com\/product\/_women__nike_air_max_90_lv8_triple_black_hf9415-00_3_95510.jpeg;https:\/\/images.novelship.com\/product\/_women__nike_air_max_90_lv8_triple_black_hf9415-00_4_95510.jpeg;https:\/\/images.novelship.com\/product\/_women__nike_air_max_90_lv8_triple_black_hf9415-00_5_95510.jpeg","contentUrl":"https:\/\/images.novelship.com\/product\/_women__nike_air_max_90_lv8_triple_black_hf9415-00_0_95510.jpeg;https:\/\/images.novelship.com\/product\/_women__nike_air_max_90_lv8_triple_black_hf9415-00_1_95510.jpeg;https:\/\/images.novelship.com\/product\/_women__nike_air_max_90_lv8_triple_black_hf9415-00_2_95510.jpeg;https:\/\/images.novelship.com\/product\/_women__nike_air_max_90_lv8_triple_black_hf9415-00_3_95510.jpeg;https:\/\/images.novelship.com\/product\/_women__nike_air_max_90_lv8_triple_black_hf9415-00_4_95510.jpeg;https:\/\/images.novelship.com\/product\/_women__nike_air_max_90_lv8_triple_black_hf9415-00_5_95510.jpeg"},{"@type":"BreadcrumbList","@id":"https:\/\/tourcruiser.com\/de\/products\/women-nike-air-max-90-lv8-off-noir-dark-smoke-grey\/#breadcrumb","itemListElement":[{"@type":"ListItem","position":1,"name":"Home","item":"https:\/\/tourcruiser.com\/de\/"},{"@type":"ListItem","position":2,"name":"Shop","item":"https:\/\/tourcruiser.com\/de\/shop\/"},{"@type":"ListItem","position":3,"name":"(Women) Nike Air Max 90 LV8 'Off Noir Dark Smoke Grey'"}]},{"@type":"WebSite","@id":"https:\/\/tourcruiser.com\/de\/#website","url":"https:\/\/tourcruiser.com\/de\/","name":"Styloral Jewelry Shop","description":"Tourcruiser Sneaker Store \u2014 der Ort, an dem das Universum deine Einzigartigkeit trifft.","publisher":{"@id":"https:\/\/tourcruiser.com\/de\/#organization"},"potentialAction":[{"@type":"SearchAction","target":{"@type":"EntryPoint","urlTemplate":"https:\/\/tourcruiser.com\/de\/?s={search_term_string}"},"query-input":{"@type":"PropertyValueSpecification","valueRequired":true,"valueName":"search_term_string"}}],"inLanguage":"de"},{"@type":"Organization","@id":"https:\/\/tourcruiser.com\/de\/#organization","name":"STYLORAL PTE. LTD","url":"https:\/\/tourcruiser.com\/de\/","logo":{"@type":"ImageObject","inLanguage":"de","@id":"https:\/\/tourcruiser.com\/de\/#\/schema\/logo\/image\/","url":"https:\/\/www.tourcruiser.com\/wp-content\/uploads\/2025\/12\/logo.png","contentUrl":"https:\/\/www.tourcruiser.com\/wp-content\/uploads\/2025\/12\/logo.png","width":200,"height":65,"caption":"STYLORAL PTE. LTD"},"image":{"@id":"https:\/\/tourcruiser.com\/de\/#\/schema\/logo\/image\/"}}]}},"_links":{"self":[{"href":"https:\/\/tourcruiser.com\/de\/wp-json\/wp\/v2\/product\/88324","targetHints":{"allow":["GET"]}}],"collection":[{"href":"https:\/\/tourcruiser.com\/de\/wp-json\/wp\/v2\/product"}],"about":[{"href":"https:\/\/tourcruiser.com\/de\/wp-json\/wp\/v2\/types\/product"}],"replies":[{"embeddable":true,"href":"https:\/\/tourcruiser.com\/de\/wp-json\/wp\/v2\/comments?post=88324"}],"wp:featuredmedia":[{"embeddable":true,"href":"https:\/\/tourcruiser.com\/de\/wp-json\/wp\/v2\/media\/88325"}],"wp:attachment":[{"href":"https:\/\/tourcruiser.com\/de\/wp-json\/wp\/v2\/media?parent=88324"}],"wp:term":[{"taxonomy":"product_brand","embeddable":true,"href":"https:\/\/tourcruiser.com\/de\/wp-json\/wp\/v2\/product_brand?post=88324"},{"taxonomy":"product_cat","embeddable":true,"href":"https:\/\/tourcruiser.com\/de\/wp-json\/wp\/v2\/product_cat?post=88324"},{"taxonomy":"product_tag","embeddable":true,"href":"https:\/\/tourcruiser.com\/de\/wp-json\/wp\/v2\/product_tag?post=88324"}],"curies":[{"name":"wp","href":"https:\/\/api.w.org\/{rel}","templated":true}]}}