{"id":87541,"date":"2026-03-02T15:25:28","date_gmt":"2026-03-02T08:25:28","guid":{"rendered":"http:\/\/tourcruiser.com\/product\/nike-calm-mule-navy-gum"},"modified":"2026-03-28T01:07:29","modified_gmt":"2026-03-27T18:07:29","slug":"nike-calm-mule-navy-gum","status":"publish","type":"product","link":"https:\/\/tourcruiser.com\/de\/products\/nike-calm-mule-navy-gum\/","title":{"rendered":"Nike Calm Mule &#8218;Navy Gum&#8216;"},"content":{"rendered":"<p>Der Nike Calm Mule &#8218;Navy Gum&#8216; FD5131-400 vereint minimalistisches Design mit h\u00f6chstem Tragekomfort und bietet m\u00fchelosen Style f\u00fcr jeden Tag. Dieser moderne Slipper besticht durch sein elegantes, marineblaues Obermaterial aus strapazierf\u00e4higen, weichen Materialien. Er bietet eine bequeme und gleichzeitig atmungsaktive Passform und ist somit der perfekte Begleiter f\u00fcr entspannte Stunden zu Hause und Erledigungen im Freien.<\/p>\n<p>Die innovative, einteilige Silhouette wird durch eine strukturierte Gummisohle erg\u00e4nzt, die einen einzigartigen Kontrast bildet und gleichzeitig hervorragenden Grip und Strapazierf\u00e4higkeit auf verschiedenen Untergr\u00fcnden gew\u00e4hrleistet. Dank der st\u00fctzenden Schaumstoff-Mittelsohle bietet der Calm Mule leichte D\u00e4mpfung und sorgt so f\u00fcr ein angenehmes Tragegef\u00fchl den ganzen Tag. Das Slip-on-Design erm\u00f6glicht schnelles und unkompliziertes An- und Ausziehen, ohne Kompromisse bei Stabilit\u00e4t oder Style einzugehen.<\/p>\n<p>Dieser moderne Slipper ist die perfekte Erg\u00e4nzung f\u00fcr alle, die ihre Schuhsammlung vielseitig erweitern m\u00f6chten. Er vereint Nikes charakteristische Performance-Eigenschaften mit einem l\u00e4ssigen Look. Ob zu Jeans, Jogginghosen oder Shorts \u201d\u201c die Navy Gum Edition setzt ein dezentes und dennoch raffiniertes Statement und ist ideal f\u00fcr Trendsetter. Der Nike Calm Mule &#8218;Navy Gum&#8216; FD5131-400 definiert l\u00e4ssige Schuhe neu \u201d\u201c der perfekte Begleiter f\u00fcr alle, die Komfort, Schlichtheit und zeitloses Design vereinen wollen.<\/p>\n<ul>\n<li><strong>Farbgebung:<\/strong> Navy\/Gum Medium Brown<\/li>\n<li><strong>Style-Code:<\/strong> FD5131-400<\/li>\n<li><strong>Obermaterial:<\/strong> EVA<\/li>\n<li><strong>Zwischensohle:<\/strong> EVA<\/li>\n<li><strong>Farbe:<\/strong> Blau<\/li>\n<li><strong>Erscheinungsjahr:<\/strong> 2024<\/li>\n<\/ul>\n","protected":false},"excerpt":{"rendered":"<p>Nike Calm Mule \u201d\u201d Navy\/Gum Medium Brown<\/p>\n","protected":false},"featured_media":87542,"comment_status":"open","ping_status":"closed","template":"","meta":[],"product_brand":[],"product_cat":[10803],"product_tag":[10917],"class_list":{"0":"post-87541","1":"product","2":"type-product","3":"status-publish","4":"has-post-thumbnail","6":"product_cat-nike","7":"product_tag-small-130-usd","8":"wcpa_has_options","10":"first","11":"outofstock","12":"taxable","13":"shipping-taxable","14":"purchasable","15":"product-type-simple"},"wcpa_form_fields":{"rules":{"pric_overide_base_price":false,"pric_overide_base_price_if_gt_zero":false,"pric_overide_base_price_fully":false,"pric_cal_option_once":false,"pric_use_as_fee":false,"bind_quantity":false,"quantity_bind_formula":false},"fields":[{"type":"color-group","required":true,"elementId":"wcpa-color-group-66c4a75505e74","label":"Gr\u00f6\u00dfe - EU Gr\u00f6\u00dfe","inline":true,"priceOptions":"different_for_all","pricingType":"fixed","className":"hassizechart product-shoes-size-eu product-shoes-size","name":"color-group-66c4a75505e89","disp_type":"square","selection_type":"tick-border","disp_size":"44","show_label_inside":true,"adjust_width":true,"cart_display_type":"text","other_text":"Other","cl_rule":"show","col":6,"values":[{"label":"35.5","value":"EU 35.5","price":"","pimage":"","pimage_id":"","pthumb":"","color":""},{"label":"36","value":"EU 36","price":"","pimage":"","pimage_id":"","pthumb":"","color":"","selected":true},{"label":"36.5","value":"EU 36.5","price":"","pimage":"","pimage_id":"","pthumb":"","color":""},{"label":"37.5","value":"EU 37.5","price":"","pimage":"","pimage_id":"","pthumb":"","color":""},{"label":"38","value":"EU 38","price":"","pimage":"","pimage_id":"","pthumb":"","color":""},{"label":"38.5","value":"EU 38.5","price":"","pimage":"","pimage_id":"","pthumb":"","color":""},{"label":"39","value":"EU 39","price":"","pimage":"","pimage_id":"","pthumb":"","color":""},{"label":"40","value":"EU 40","price":"","pimage":"","pimage_id":"","pthumb":"","color":""},{"label":"40.5","value":"EU 40.5","price":"","pimage":"","pimage_id":"","pthumb":"","color":""},{"label":"41","value":"EU 41","price":"","pimage":"","pimage_id":"","pthumb":"","color":""},{"label":"42","value":"EU 42","price":"","pimage":"","pimage_id":"","pthumb":"","color":""},{"label":"42.5","value":"EU 42.5","price":"","pimage":"","pimage_id":"","pthumb":"","color":""},{"label":"43","value":"EU 43","price":"","pimage":"","pimage_id":"","pthumb":"","color":""},{"label":"44","value":"EU 44","price":"","pimage":"","pimage_id":"","pthumb":"","color":""},{"label":"44.5","value":"EU 44.5","price":"","pimage":"","pimage_id":"","pthumb":"","color":""},{"label":"45","value":"EU 45","price":"","pimage":"","pimage_id":"","pthumb":"","color":""},{"label":"45.5","value":"EU 45.5","price":"","pimage":"","pimage_id":"","pthumb":"","color":""},{"label":"46","value":"EU 46","price":"","pimage":"","pimage_id":"","pthumb":"","color":""},{"label":"47","value":"EU 47","price":"","pimage":"","pimage_id":"","pthumb":"","color":""},{"label":"47.5","value":"EU 47.5","price":"","pimage":"","pimage_id":"","pthumb":"","color":""},{"label":"48","value":"EU 48","price":"","pimage":"","pimage_id":"","pthumb":"","color":""}],"relations":[{"operator":false,"rules":[]}],"form_id":18106,"form_rules":{"pric_cal_option_once":false,"exclude_from_discount":false,"pric_use_as_fee":false,"fee_label":"Fee","render_after_acb":false,"disp_hide_options_price":false}}]},"yoast_head":"<!-- This site is optimized with the Yoast SEO plugin v26.5 - https:\/\/yoast.com\/wordpress\/plugins\/seo\/ -->\n<title>Nike Calm Mule &#039;Navy Gum&#039;  - Tourcruiser PTE. LTD<\/title>\n<meta name=\"robots\" content=\"index, follow, max-snippet:-1, max-image-preview:large, max-video-preview:-1\" \/>\n<link rel=\"canonical\" href=\"https:\/\/tourcruiser.com\/\" \/>\n<meta property=\"og:locale\" content=\"de_DE\" \/>\n<meta property=\"og:type\" content=\"article\" \/>\n<meta property=\"og:title\" content=\"Nike Calm Mule &#039;Navy Gum&#039;  - Tourcruiser PTE. LTD\" \/>\n<meta property=\"og:description\" content=\"Nike Calm Mule \u201d\u201d Navy\/Gum Medium Brown\" \/>\n<meta property=\"og:url\" content=\"\/\" \/>\n<meta property=\"og:site_name\" content=\"Tourcruiser Sneaker Store\" \/>\n<meta property=\"article:modified_time\" content=\"2026-03-27T18:07:29+00:00\" \/>\n<meta name=\"twitter:card\" content=\"summary_large_image\" \/>\n<meta name=\"twitter:image\" content=\"https:\/\/images.novelship.com\/product\/nike_calm_mule__navy_gum__fd5131-400_0_9480.jpeg;https:\/\/images.novelship.com\/product\/nike_calm_mule__navy_gum__fd5131-400_1_9480.jpeg;https:\/\/images.novelship.com\/product\/nike_calm_mule__navy_gum__fd5131-400_2_9480.jpeg;https:\/\/images.novelship.com\/product\/nike_calm_mule__navy_gum__fd5131-400_3_9480.jpeg\" \/>\n<meta name=\"twitter:label1\" content=\"Gesch\u00e4tzte Lesezeit\" \/>\n\t<meta name=\"twitter:data1\" content=\"1\u00a0Minute\" \/>\n<script type=\"application\/ld+json\" class=\"yoast-schema-graph\">{\"@context\":\"https:\/\/schema.org\",\"@graph\":[{\"@type\":\"WebPage\",\"@id\":\"\/\",\"url\":\"https:\/\/tourcruiser.com\/\",\"name\":\"Nike Calm Mule 'Navy Gum' - Tourcruiser PTE. LTD\",\"isPartOf\":{\"@id\":\"https:\/\/tourcruiser.com\/de\/#website\"},\"primaryImageOfPage\":{\"@id\":\"https:\/\/tourcruiser.com\/#primaryimage\"},\"image\":{\"@id\":\"https:\/\/tourcruiser.com\/#primaryimage\"},\"thumbnailUrl\":\"https:\/\/images.novelship.com\/product\/nike_calm_mule__navy_gum__fd5131-400_0_9480.jpeg;https:\/\/images.novelship.com\/product\/nike_calm_mule__navy_gum__fd5131-400_1_9480.jpeg;https:\/\/images.novelship.com\/product\/nike_calm_mule__navy_gum__fd5131-400_2_9480.jpeg;https:\/\/images.novelship.com\/product\/nike_calm_mule__navy_gum__fd5131-400_3_9480.jpeg\",\"datePublished\":\"2026-03-02T08:25:28+00:00\",\"dateModified\":\"2026-03-27T18:07:29+00:00\",\"breadcrumb\":{\"@id\":\"https:\/\/tourcruiser.com\/#breadcrumb\"},\"inLanguage\":\"de\",\"potentialAction\":[{\"@type\":\"ReadAction\",\"target\":[\"https:\/\/tourcruiser.com\/\"]}]},{\"@type\":\"ImageObject\",\"inLanguage\":\"de\",\"@id\":\"https:\/\/tourcruiser.com\/#primaryimage\",\"url\":\"https:\/\/images.novelship.com\/product\/nike_calm_mule__navy_gum__fd5131-400_0_9480.jpeg;https:\/\/images.novelship.com\/product\/nike_calm_mule__navy_gum__fd5131-400_1_9480.jpeg;https:\/\/images.novelship.com\/product\/nike_calm_mule__navy_gum__fd5131-400_2_9480.jpeg;https:\/\/images.novelship.com\/product\/nike_calm_mule__navy_gum__fd5131-400_3_9480.jpeg\",\"contentUrl\":\"https:\/\/images.novelship.com\/product\/nike_calm_mule__navy_gum__fd5131-400_0_9480.jpeg;https:\/\/images.novelship.com\/product\/nike_calm_mule__navy_gum__fd5131-400_1_9480.jpeg;https:\/\/images.novelship.com\/product\/nike_calm_mule__navy_gum__fd5131-400_2_9480.jpeg;https:\/\/images.novelship.com\/product\/nike_calm_mule__navy_gum__fd5131-400_3_9480.jpeg\"},{\"@type\":\"BreadcrumbList\",\"@id\":\"https:\/\/tourcruiser.com\/#breadcrumb\",\"itemListElement\":[{\"@type\":\"ListItem\",\"position\":1,\"name\":\"Home\",\"item\":\"https:\/\/tourcruiser.com\/de\/\"},{\"@type\":\"ListItem\",\"position\":2,\"name\":\"Shop\",\"item\":\"https:\/\/tourcruiser.com\/de\/shop\/\"},{\"@type\":\"ListItem\",\"position\":3,\"name\":\"Nike Calm Mule &#8218;Navy Gum&#8216;\"}]},{\"@type\":\"WebSite\",\"@id\":\"https:\/\/tourcruiser.com\/de\/#website\",\"url\":\"https:\/\/tourcruiser.com\/de\/\",\"name\":\"Styloral Jewelry Shop\",\"description\":\"Tourcruiser Sneaker Store \u2014 der Ort, an dem das Universum deine Einzigartigkeit trifft.\",\"publisher\":{\"@id\":\"https:\/\/tourcruiser.com\/de\/#organization\"},\"potentialAction\":[{\"@type\":\"SearchAction\",\"target\":{\"@type\":\"EntryPoint\",\"urlTemplate\":\"https:\/\/tourcruiser.com\/de\/?s={search_term_string}\"},\"query-input\":{\"@type\":\"PropertyValueSpecification\",\"valueRequired\":true,\"valueName\":\"search_term_string\"}}],\"inLanguage\":\"de\"},{\"@type\":\"Organization\",\"@id\":\"https:\/\/tourcruiser.com\/de\/#organization\",\"name\":\"STYLORAL PTE. LTD\",\"url\":\"https:\/\/tourcruiser.com\/de\/\",\"logo\":{\"@type\":\"ImageObject\",\"inLanguage\":\"de\",\"@id\":\"https:\/\/tourcruiser.com\/de\/#\/schema\/logo\/image\/\",\"url\":\"https:\/\/www.tourcruiser.com\/wp-content\/uploads\/2025\/12\/logo.png\",\"contentUrl\":\"https:\/\/www.tourcruiser.com\/wp-content\/uploads\/2025\/12\/logo.png\",\"width\":200,\"height\":65,\"caption\":\"STYLORAL PTE. LTD\"},\"image\":{\"@id\":\"https:\/\/tourcruiser.com\/de\/#\/schema\/logo\/image\/\"}}]}<\/script>\n<!-- \/ Yoast SEO plugin. -->","yoast_head_json":{"title":"Nike Calm Mule 'Navy Gum'  - Tourcruiser PTE. LTD","robots":{"index":"index","follow":"follow","max-snippet":"max-snippet:-1","max-image-preview":"max-image-preview:large","max-video-preview":"max-video-preview:-1"},"canonical":"https:\/\/tourcruiser.com\/","og_locale":"de_DE","og_type":"article","og_title":"Nike Calm Mule 'Navy Gum'  - Tourcruiser PTE. LTD","og_description":"Nike Calm Mule \u201d\u201d Navy\/Gum Medium Brown","og_url":"\/","og_site_name":"Tourcruiser Sneaker Store","article_modified_time":"2026-03-27T18:07:29+00:00","twitter_card":"summary_large_image","twitter_image":"https:\/\/images.novelship.com\/product\/nike_calm_mule__navy_gum__fd5131-400_0_9480.jpeg;https:\/\/images.novelship.com\/product\/nike_calm_mule__navy_gum__fd5131-400_1_9480.jpeg;https:\/\/images.novelship.com\/product\/nike_calm_mule__navy_gum__fd5131-400_2_9480.jpeg;https:\/\/images.novelship.com\/product\/nike_calm_mule__navy_gum__fd5131-400_3_9480.jpeg","twitter_misc":{"Gesch\u00e4tzte Lesezeit":"1\u00a0Minute"},"schema":{"@context":"https:\/\/schema.org","@graph":[{"@type":"WebPage","@id":"\/","url":"https:\/\/tourcruiser.com\/","name":"Nike Calm Mule 'Navy Gum' - Tourcruiser PTE. LTD","isPartOf":{"@id":"https:\/\/tourcruiser.com\/de\/#website"},"primaryImageOfPage":{"@id":"https:\/\/tourcruiser.com\/#primaryimage"},"image":{"@id":"https:\/\/tourcruiser.com\/#primaryimage"},"thumbnailUrl":"https:\/\/images.novelship.com\/product\/nike_calm_mule__navy_gum__fd5131-400_0_9480.jpeg;https:\/\/images.novelship.com\/product\/nike_calm_mule__navy_gum__fd5131-400_1_9480.jpeg;https:\/\/images.novelship.com\/product\/nike_calm_mule__navy_gum__fd5131-400_2_9480.jpeg;https:\/\/images.novelship.com\/product\/nike_calm_mule__navy_gum__fd5131-400_3_9480.jpeg","datePublished":"2026-03-02T08:25:28+00:00","dateModified":"2026-03-27T18:07:29+00:00","breadcrumb":{"@id":"https:\/\/tourcruiser.com\/#breadcrumb"},"inLanguage":"de","potentialAction":[{"@type":"ReadAction","target":["https:\/\/tourcruiser.com\/"]}]},{"@type":"ImageObject","inLanguage":"de","@id":"https:\/\/tourcruiser.com\/#primaryimage","url":"https:\/\/images.novelship.com\/product\/nike_calm_mule__navy_gum__fd5131-400_0_9480.jpeg;https:\/\/images.novelship.com\/product\/nike_calm_mule__navy_gum__fd5131-400_1_9480.jpeg;https:\/\/images.novelship.com\/product\/nike_calm_mule__navy_gum__fd5131-400_2_9480.jpeg;https:\/\/images.novelship.com\/product\/nike_calm_mule__navy_gum__fd5131-400_3_9480.jpeg","contentUrl":"https:\/\/images.novelship.com\/product\/nike_calm_mule__navy_gum__fd5131-400_0_9480.jpeg;https:\/\/images.novelship.com\/product\/nike_calm_mule__navy_gum__fd5131-400_1_9480.jpeg;https:\/\/images.novelship.com\/product\/nike_calm_mule__navy_gum__fd5131-400_2_9480.jpeg;https:\/\/images.novelship.com\/product\/nike_calm_mule__navy_gum__fd5131-400_3_9480.jpeg"},{"@type":"BreadcrumbList","@id":"https:\/\/tourcruiser.com\/#breadcrumb","itemListElement":[{"@type":"ListItem","position":1,"name":"Home","item":"https:\/\/tourcruiser.com\/de\/"},{"@type":"ListItem","position":2,"name":"Shop","item":"https:\/\/tourcruiser.com\/de\/shop\/"},{"@type":"ListItem","position":3,"name":"Nike Calm Mule &#8218;Navy Gum&#8216;"}]},{"@type":"WebSite","@id":"https:\/\/tourcruiser.com\/de\/#website","url":"https:\/\/tourcruiser.com\/de\/","name":"Styloral Jewelry Shop","description":"Tourcruiser Sneaker Store \u2014 der Ort, an dem das Universum deine Einzigartigkeit trifft.","publisher":{"@id":"https:\/\/tourcruiser.com\/de\/#organization"},"potentialAction":[{"@type":"SearchAction","target":{"@type":"EntryPoint","urlTemplate":"https:\/\/tourcruiser.com\/de\/?s={search_term_string}"},"query-input":{"@type":"PropertyValueSpecification","valueRequired":true,"valueName":"search_term_string"}}],"inLanguage":"de"},{"@type":"Organization","@id":"https:\/\/tourcruiser.com\/de\/#organization","name":"STYLORAL PTE. LTD","url":"https:\/\/tourcruiser.com\/de\/","logo":{"@type":"ImageObject","inLanguage":"de","@id":"https:\/\/tourcruiser.com\/de\/#\/schema\/logo\/image\/","url":"https:\/\/www.tourcruiser.com\/wp-content\/uploads\/2025\/12\/logo.png","contentUrl":"https:\/\/www.tourcruiser.com\/wp-content\/uploads\/2025\/12\/logo.png","width":200,"height":65,"caption":"STYLORAL PTE. LTD"},"image":{"@id":"https:\/\/tourcruiser.com\/de\/#\/schema\/logo\/image\/"}}]}},"_links":{"self":[{"href":"https:\/\/tourcruiser.com\/de\/wp-json\/wp\/v2\/product\/87541","targetHints":{"allow":["GET"]}}],"collection":[{"href":"https:\/\/tourcruiser.com\/de\/wp-json\/wp\/v2\/product"}],"about":[{"href":"https:\/\/tourcruiser.com\/de\/wp-json\/wp\/v2\/types\/product"}],"replies":[{"embeddable":true,"href":"https:\/\/tourcruiser.com\/de\/wp-json\/wp\/v2\/comments?post=87541"}],"wp:featuredmedia":[{"embeddable":true,"href":"https:\/\/tourcruiser.com\/de\/wp-json\/wp\/v2\/media\/87542"}],"wp:attachment":[{"href":"https:\/\/tourcruiser.com\/de\/wp-json\/wp\/v2\/media?parent=87541"}],"wp:term":[{"taxonomy":"product_brand","embeddable":true,"href":"https:\/\/tourcruiser.com\/de\/wp-json\/wp\/v2\/product_brand?post=87541"},{"taxonomy":"product_cat","embeddable":true,"href":"https:\/\/tourcruiser.com\/de\/wp-json\/wp\/v2\/product_cat?post=87541"},{"taxonomy":"product_tag","embeddable":true,"href":"https:\/\/tourcruiser.com\/de\/wp-json\/wp\/v2\/product_tag?post=87541"}],"curies":[{"name":"wp","href":"https:\/\/api.w.org\/{rel}","templated":true}]}}