{"id":8713,"date":"2026-02-20T14:38:30","date_gmt":"2026-02-20T07:38:30","guid":{"rendered":"http:\/\/tourcruiser.com\/product\/a-ma-maniere-x-wmns-air-jordan-5-retro-photon-dust-fz5758-004"},"modified":"2026-03-02T15:22:36","modified_gmt":"2026-03-02T08:22:36","slug":"a-ma-maniere-x-wmns-air-jordan-5-retro-photon-dust-fz5758-004","status":"publish","type":"product","link":"https:\/\/tourcruiser.com\/de\/products\/a-ma-maniere-x-wmns-air-jordan-5-retro-photon-dust-fz5758-004\/","title":{"rendered":"A Ma Mani\u00c3\u00a9re x Wmns Jordan 5 Retro &#8218;Dawn&#8216;"},"content":{"rendered":"<p>Verleihe deinem Style mit dem faszinierenden A Ma Mani\u00e9re x Jordan x Air Jordan 5 Retro \u201ePhoton Dust\u201c f\u00fcr Damen ein Upgrade. Diese Sneaker vereinen legend\u00e4res Jordan-Erbe mit der unverkennbaren \u00c4sthetik von A Ma Mani\u00e9re und bestechen durch ein elegantes Obermaterial in \u201ePhoton Dust\u201c. Die transparenten Seitenteile geben einen dezenten Einblick in das raffinierte Design des Schuhs, w\u00e4hrend die leuchtend roten Akzente f\u00fcr einen Hauch von Extravaganz sorgen. Egal ob auf dem Court oder auf der Stra\u00dfe \u2013 diese Sneaker sind ein Must-have f\u00fcr jeden Sneaker-Fan.<\/p>\n<ul>\n<li><strong>Farbgebung:<\/strong> Photon Dust\/Schwarz\/Diffused Blue\/Pale Ivory<\/li>\n<li><strong>Style-Code:<\/strong> FZ5758-004<\/li>\n<li><strong>Obermaterial:<\/strong> Wildleder<\/li>\n<li><strong>Zwischensohle:<\/strong> Air<\/li>\n<li><strong>Farbe:<\/strong> Wei\u00df<\/li>\n<li><strong>Designer:<\/strong> Tinker Hatfield<\/li>\n<\/ul>\n","protected":false},"excerpt":{"rendered":"<p>Jordan Jordan 5 Retro A Ma Mani\u00e9re \u2014 Photon Dust\/Black\/Diffused Blue\/Pale Ivory<\/p>\n","protected":false},"featured_media":8714,"comment_status":"open","ping_status":"closed","template":"","meta":[],"product_brand":[],"product_cat":[218],"product_tag":[],"class_list":{"0":"post-8713","1":"product","2":"type-product","3":"status-publish","4":"has-post-thumbnail","6":"product_cat-air-jordan-2026","7":"wcpa_has_options","9":"first","10":"instock","11":"taxable","12":"shipping-taxable","13":"purchasable","14":"product-type-simple"},"wcpa_form_fields":{"rules":{"pric_overide_base_price":false,"pric_overide_base_price_if_gt_zero":false,"pric_overide_base_price_fully":false,"pric_cal_option_once":false,"pric_use_as_fee":false,"bind_quantity":false,"quantity_bind_formula":false},"fields":[{"type":"color-group","required":true,"elementId":"wcpa-color-group-66c4a75505e74","label":"Gr\u00f6\u00dfe - EU Gr\u00f6\u00dfe","inline":true,"priceOptions":"different_for_all","pricingType":"fixed","className":"hassizechart product-shoes-size-eu product-shoes-size","name":"color-group-66c4a75505e89","disp_type":"square","selection_type":"tick-border","disp_size":"44","show_label_inside":true,"adjust_width":true,"cart_display_type":"text","other_text":"Other","cl_rule":"show","col":6,"values":[{"label":"35.5","value":"EU 35.5","price":"","pimage":"","pimage_id":"","pthumb":"","color":""},{"label":"36","value":"EU 36","price":"","pimage":"","pimage_id":"","pthumb":"","color":"","selected":true},{"label":"36.5","value":"EU 36.5","price":"","pimage":"","pimage_id":"","pthumb":"","color":""},{"label":"37.5","value":"EU 37.5","price":"","pimage":"","pimage_id":"","pthumb":"","color":""},{"label":"38","value":"EU 38","price":"","pimage":"","pimage_id":"","pthumb":"","color":""},{"label":"38.5","value":"EU 38.5","price":"","pimage":"","pimage_id":"","pthumb":"","color":""},{"label":"39","value":"EU 39","price":"","pimage":"","pimage_id":"","pthumb":"","color":""},{"label":"40","value":"EU 40","price":"","pimage":"","pimage_id":"","pthumb":"","color":""},{"label":"40.5","value":"EU 40.5","price":"","pimage":"","pimage_id":"","pthumb":"","color":""},{"label":"41","value":"EU 41","price":"","pimage":"","pimage_id":"","pthumb":"","color":""},{"label":"42","value":"EU 42","price":"","pimage":"","pimage_id":"","pthumb":"","color":""},{"label":"42.5","value":"EU 42.5","price":"","pimage":"","pimage_id":"","pthumb":"","color":""},{"label":"43","value":"EU 43","price":"","pimage":"","pimage_id":"","pthumb":"","color":""},{"label":"44","value":"EU 44","price":"","pimage":"","pimage_id":"","pthumb":"","color":""},{"label":"44.5","value":"EU 44.5","price":"","pimage":"","pimage_id":"","pthumb":"","color":""},{"label":"45","value":"EU 45","price":"","pimage":"","pimage_id":"","pthumb":"","color":""},{"label":"45.5","value":"EU 45.5","price":"","pimage":"","pimage_id":"","pthumb":"","color":""},{"label":"46","value":"EU 46","price":"","pimage":"","pimage_id":"","pthumb":"","color":""},{"label":"47","value":"EU 47","price":"","pimage":"","pimage_id":"","pthumb":"","color":""},{"label":"47.5","value":"EU 47.5","price":"","pimage":"","pimage_id":"","pthumb":"","color":""},{"label":"48","value":"EU 48","price":"","pimage":"","pimage_id":"","pthumb":"","color":""}],"relations":[{"operator":false,"rules":[]}],"form_id":18106,"form_rules":{"pric_cal_option_once":false,"exclude_from_discount":false,"pric_use_as_fee":false,"fee_label":"Fee","render_after_acb":false,"disp_hide_options_price":false}}]},"yoast_head":"<!-- This site is optimized with the Yoast SEO plugin v26.5 - https:\/\/yoast.com\/wordpress\/plugins\/seo\/ -->\n<title>A Ma Mani\u00c3\u00a9re x Wmns Jordan 5 Retro &#039;Dawn&#039; - Tourcruiser PTE. LTD<\/title>\n<meta name=\"robots\" content=\"index, follow, max-snippet:-1, max-image-preview:large, max-video-preview:-1\" \/>\n<link rel=\"canonical\" href=\"https:\/\/tourcruiser.com\/de\/products\/a-ma-maniere-x-wmns-air-jordan-5-retro-photon-dust-fz5758-004\/\" \/>\n<meta property=\"og:locale\" content=\"de_DE\" \/>\n<meta property=\"og:type\" content=\"article\" \/>\n<meta property=\"og:title\" content=\"A Ma Mani\u00c3\u00a9re x Wmns Jordan 5 Retro &#039;Dawn&#039; - Tourcruiser PTE. LTD\" \/>\n<meta property=\"og:description\" content=\"Jordan Jordan 5 Retro A Ma Mani\u00e9re \u2014 Photon Dust\/Black\/Diffused Blue\/Pale Ivory\" \/>\n<meta property=\"og:url\" content=\"https:\/\/tourcruiser.com\/de\/products\/a-ma-maniere-x-wmns-air-jordan-5-retro-photon-dust-fz5758-004\/\" \/>\n<meta property=\"og:site_name\" content=\"Tourcruiser Sneaker Store\" \/>\n<meta property=\"article:modified_time\" content=\"2026-03-02T08:22:36+00:00\" \/>\n<meta name=\"twitter:card\" content=\"summary_large_image\" \/>\n<meta name=\"twitter:image\" content=\"https:\/\/images.novelship.com\/product\/_women__a_ma_mani_re_x_jordan_x_air_jordan_5_retro_0_97438.jpeg\" \/>\n<meta name=\"twitter:label1\" content=\"Gesch\u00e4tzte Lesezeit\" \/>\n\t<meta name=\"twitter:data1\" content=\"1\u00a0Minute\" \/>\n<script type=\"application\/ld+json\" class=\"yoast-schema-graph\">{\"@context\":\"https:\/\/schema.org\",\"@graph\":[{\"@type\":\"WebPage\",\"@id\":\"https:\/\/tourcruiser.com\/de\/products\/a-ma-maniere-x-wmns-air-jordan-5-retro-photon-dust-fz5758-004\/\",\"url\":\"https:\/\/tourcruiser.com\/de\/products\/a-ma-maniere-x-wmns-air-jordan-5-retro-photon-dust-fz5758-004\/\",\"name\":\"A Ma Mani\u00c3\u00a9re x Wmns Jordan 5 Retro 'Dawn' - Tourcruiser PTE. LTD\",\"isPartOf\":{\"@id\":\"https:\/\/tourcruiser.com\/de\/#website\"},\"primaryImageOfPage\":{\"@id\":\"https:\/\/tourcruiser.com\/de\/products\/a-ma-maniere-x-wmns-air-jordan-5-retro-photon-dust-fz5758-004\/#primaryimage\"},\"image\":{\"@id\":\"https:\/\/tourcruiser.com\/de\/products\/a-ma-maniere-x-wmns-air-jordan-5-retro-photon-dust-fz5758-004\/#primaryimage\"},\"thumbnailUrl\":\"https:\/\/images.novelship.com\/product\/_women__a_ma_mani_re_x_jordan_x_air_jordan_5_retro_0_97438.jpeg\",\"datePublished\":\"2026-02-20T07:38:30+00:00\",\"dateModified\":\"2026-03-02T08:22:36+00:00\",\"breadcrumb\":{\"@id\":\"https:\/\/tourcruiser.com\/de\/products\/a-ma-maniere-x-wmns-air-jordan-5-retro-photon-dust-fz5758-004\/#breadcrumb\"},\"inLanguage\":\"de\",\"potentialAction\":[{\"@type\":\"ReadAction\",\"target\":[\"https:\/\/tourcruiser.com\/de\/products\/a-ma-maniere-x-wmns-air-jordan-5-retro-photon-dust-fz5758-004\/\"]}]},{\"@type\":\"ImageObject\",\"inLanguage\":\"de\",\"@id\":\"https:\/\/tourcruiser.com\/de\/products\/a-ma-maniere-x-wmns-air-jordan-5-retro-photon-dust-fz5758-004\/#primaryimage\",\"url\":\"https:\/\/images.novelship.com\/product\/_women__a_ma_mani_re_x_jordan_x_air_jordan_5_retro_0_97438.jpeg\",\"contentUrl\":\"https:\/\/images.novelship.com\/product\/_women__a_ma_mani_re_x_jordan_x_air_jordan_5_retro_0_97438.jpeg\"},{\"@type\":\"BreadcrumbList\",\"@id\":\"https:\/\/tourcruiser.com\/de\/products\/a-ma-maniere-x-wmns-air-jordan-5-retro-photon-dust-fz5758-004\/#breadcrumb\",\"itemListElement\":[{\"@type\":\"ListItem\",\"position\":1,\"name\":\"Home\",\"item\":\"https:\/\/tourcruiser.com\/de\/\"},{\"@type\":\"ListItem\",\"position\":2,\"name\":\"Shop\",\"item\":\"https:\/\/tourcruiser.com\/de\/shop\/\"},{\"@type\":\"ListItem\",\"position\":3,\"name\":\"A Ma Mani\u00c3\u00a9re x Wmns Jordan 5 Retro 'Dawn'\"}]},{\"@type\":\"WebSite\",\"@id\":\"https:\/\/tourcruiser.com\/de\/#website\",\"url\":\"https:\/\/tourcruiser.com\/de\/\",\"name\":\"Styloral Jewelry Shop\",\"description\":\"Tourcruiser Sneaker Store \u2014 der Ort, an dem das Universum deine Einzigartigkeit trifft.\",\"publisher\":{\"@id\":\"https:\/\/tourcruiser.com\/de\/#organization\"},\"potentialAction\":[{\"@type\":\"SearchAction\",\"target\":{\"@type\":\"EntryPoint\",\"urlTemplate\":\"https:\/\/tourcruiser.com\/de\/?s={search_term_string}\"},\"query-input\":{\"@type\":\"PropertyValueSpecification\",\"valueRequired\":true,\"valueName\":\"search_term_string\"}}],\"inLanguage\":\"de\"},{\"@type\":\"Organization\",\"@id\":\"https:\/\/tourcruiser.com\/de\/#organization\",\"name\":\"STYLORAL PTE. LTD\",\"url\":\"https:\/\/tourcruiser.com\/de\/\",\"logo\":{\"@type\":\"ImageObject\",\"inLanguage\":\"de\",\"@id\":\"https:\/\/tourcruiser.com\/de\/#\/schema\/logo\/image\/\",\"url\":\"https:\/\/www.tourcruiser.com\/wp-content\/uploads\/2025\/12\/logo.png\",\"contentUrl\":\"https:\/\/www.tourcruiser.com\/wp-content\/uploads\/2025\/12\/logo.png\",\"width\":200,\"height\":65,\"caption\":\"STYLORAL PTE. LTD\"},\"image\":{\"@id\":\"https:\/\/tourcruiser.com\/de\/#\/schema\/logo\/image\/\"}}]}<\/script>\n<!-- \/ Yoast SEO plugin. -->","yoast_head_json":{"title":"A Ma Mani\u00c3\u00a9re x Wmns Jordan 5 Retro 'Dawn' - Tourcruiser PTE. LTD","robots":{"index":"index","follow":"follow","max-snippet":"max-snippet:-1","max-image-preview":"max-image-preview:large","max-video-preview":"max-video-preview:-1"},"canonical":"https:\/\/tourcruiser.com\/de\/products\/a-ma-maniere-x-wmns-air-jordan-5-retro-photon-dust-fz5758-004\/","og_locale":"de_DE","og_type":"article","og_title":"A Ma Mani\u00c3\u00a9re x Wmns Jordan 5 Retro 'Dawn' - Tourcruiser PTE. LTD","og_description":"Jordan Jordan 5 Retro A Ma Mani\u00e9re \u2014 Photon Dust\/Black\/Diffused Blue\/Pale Ivory","og_url":"https:\/\/tourcruiser.com\/de\/products\/a-ma-maniere-x-wmns-air-jordan-5-retro-photon-dust-fz5758-004\/","og_site_name":"Tourcruiser Sneaker Store","article_modified_time":"2026-03-02T08:22:36+00:00","twitter_card":"summary_large_image","twitter_image":"https:\/\/images.novelship.com\/product\/_women__a_ma_mani_re_x_jordan_x_air_jordan_5_retro_0_97438.jpeg","twitter_misc":{"Gesch\u00e4tzte Lesezeit":"1\u00a0Minute"},"schema":{"@context":"https:\/\/schema.org","@graph":[{"@type":"WebPage","@id":"https:\/\/tourcruiser.com\/de\/products\/a-ma-maniere-x-wmns-air-jordan-5-retro-photon-dust-fz5758-004\/","url":"https:\/\/tourcruiser.com\/de\/products\/a-ma-maniere-x-wmns-air-jordan-5-retro-photon-dust-fz5758-004\/","name":"A Ma Mani\u00c3\u00a9re x Wmns Jordan 5 Retro 'Dawn' - Tourcruiser PTE. LTD","isPartOf":{"@id":"https:\/\/tourcruiser.com\/de\/#website"},"primaryImageOfPage":{"@id":"https:\/\/tourcruiser.com\/de\/products\/a-ma-maniere-x-wmns-air-jordan-5-retro-photon-dust-fz5758-004\/#primaryimage"},"image":{"@id":"https:\/\/tourcruiser.com\/de\/products\/a-ma-maniere-x-wmns-air-jordan-5-retro-photon-dust-fz5758-004\/#primaryimage"},"thumbnailUrl":"https:\/\/images.novelship.com\/product\/_women__a_ma_mani_re_x_jordan_x_air_jordan_5_retro_0_97438.jpeg","datePublished":"2026-02-20T07:38:30+00:00","dateModified":"2026-03-02T08:22:36+00:00","breadcrumb":{"@id":"https:\/\/tourcruiser.com\/de\/products\/a-ma-maniere-x-wmns-air-jordan-5-retro-photon-dust-fz5758-004\/#breadcrumb"},"inLanguage":"de","potentialAction":[{"@type":"ReadAction","target":["https:\/\/tourcruiser.com\/de\/products\/a-ma-maniere-x-wmns-air-jordan-5-retro-photon-dust-fz5758-004\/"]}]},{"@type":"ImageObject","inLanguage":"de","@id":"https:\/\/tourcruiser.com\/de\/products\/a-ma-maniere-x-wmns-air-jordan-5-retro-photon-dust-fz5758-004\/#primaryimage","url":"https:\/\/images.novelship.com\/product\/_women__a_ma_mani_re_x_jordan_x_air_jordan_5_retro_0_97438.jpeg","contentUrl":"https:\/\/images.novelship.com\/product\/_women__a_ma_mani_re_x_jordan_x_air_jordan_5_retro_0_97438.jpeg"},{"@type":"BreadcrumbList","@id":"https:\/\/tourcruiser.com\/de\/products\/a-ma-maniere-x-wmns-air-jordan-5-retro-photon-dust-fz5758-004\/#breadcrumb","itemListElement":[{"@type":"ListItem","position":1,"name":"Home","item":"https:\/\/tourcruiser.com\/de\/"},{"@type":"ListItem","position":2,"name":"Shop","item":"https:\/\/tourcruiser.com\/de\/shop\/"},{"@type":"ListItem","position":3,"name":"A Ma Mani\u00c3\u00a9re x Wmns Jordan 5 Retro 'Dawn'"}]},{"@type":"WebSite","@id":"https:\/\/tourcruiser.com\/de\/#website","url":"https:\/\/tourcruiser.com\/de\/","name":"Styloral Jewelry Shop","description":"Tourcruiser Sneaker Store \u2014 der Ort, an dem das Universum deine Einzigartigkeit trifft.","publisher":{"@id":"https:\/\/tourcruiser.com\/de\/#organization"},"potentialAction":[{"@type":"SearchAction","target":{"@type":"EntryPoint","urlTemplate":"https:\/\/tourcruiser.com\/de\/?s={search_term_string}"},"query-input":{"@type":"PropertyValueSpecification","valueRequired":true,"valueName":"search_term_string"}}],"inLanguage":"de"},{"@type":"Organization","@id":"https:\/\/tourcruiser.com\/de\/#organization","name":"STYLORAL PTE. LTD","url":"https:\/\/tourcruiser.com\/de\/","logo":{"@type":"ImageObject","inLanguage":"de","@id":"https:\/\/tourcruiser.com\/de\/#\/schema\/logo\/image\/","url":"https:\/\/www.tourcruiser.com\/wp-content\/uploads\/2025\/12\/logo.png","contentUrl":"https:\/\/www.tourcruiser.com\/wp-content\/uploads\/2025\/12\/logo.png","width":200,"height":65,"caption":"STYLORAL PTE. LTD"},"image":{"@id":"https:\/\/tourcruiser.com\/de\/#\/schema\/logo\/image\/"}}]}},"_links":{"self":[{"href":"https:\/\/tourcruiser.com\/de\/wp-json\/wp\/v2\/product\/8713","targetHints":{"allow":["GET"]}}],"collection":[{"href":"https:\/\/tourcruiser.com\/de\/wp-json\/wp\/v2\/product"}],"about":[{"href":"https:\/\/tourcruiser.com\/de\/wp-json\/wp\/v2\/types\/product"}],"replies":[{"embeddable":true,"href":"https:\/\/tourcruiser.com\/de\/wp-json\/wp\/v2\/comments?post=8713"}],"wp:featuredmedia":[{"embeddable":true,"href":"https:\/\/tourcruiser.com\/de\/wp-json\/wp\/v2\/media\/8714"}],"wp:attachment":[{"href":"https:\/\/tourcruiser.com\/de\/wp-json\/wp\/v2\/media?parent=8713"}],"wp:term":[{"taxonomy":"product_brand","embeddable":true,"href":"https:\/\/tourcruiser.com\/de\/wp-json\/wp\/v2\/product_brand?post=8713"},{"taxonomy":"product_cat","embeddable":true,"href":"https:\/\/tourcruiser.com\/de\/wp-json\/wp\/v2\/product_cat?post=8713"},{"taxonomy":"product_tag","embeddable":true,"href":"https:\/\/tourcruiser.com\/de\/wp-json\/wp\/v2\/product_tag?post=8713"}],"curies":[{"name":"wp","href":"https:\/\/api.w.org\/{rel}","templated":true}]}}